{"id":27,"date":"2019-11-07T18:23:45","date_gmt":"2019-11-07T17:23:45","guid":{"rendered":"https:\/\/adria.riot.hr\/affiliate-home\/affiliate-register\/"},"modified":"2020-07-28T20:58:42","modified_gmt":"2020-07-28T18:58:42","slug":"affiliate-register","status":"publish","type":"page","link":"https:\/\/adria-klik.com\/en\/affiliate-home\/affiliate-register\/","title":{"rendered":"Affiliate \u2013 Register"},"content":{"rendered":"\t<div id=\"wpam_form_error_panel\" class=\"wpam_form_errors\">\n\t\t<ul>\n\n\t\t<\/ul>\n\t<\/div><div id=\"wpam-reg-form\">\n<form action=\"\" method=\"post\" id=\"mainForm\" class=\"pure-form pure-form-stacked\">\n    <input type=\"hidden\" id=\"_wpnonce\" name=\"_wpnonce\" value=\"2a08b3827f\" \/><input type=\"hidden\" name=\"_wp_http_referer\" value=\"\/en\/wp-json\/wp\/v2\/pages\/27\" \/>\t\t* Required fields<br \/><br \/>\n\t\t<fieldset>\n\t\t\t\t\t\t\t\t<label for=\"_firstName\">First Name&nbsp;*<\/label>\n\t\t\t\t\t\n\t\t\t\t\t\t\t\t\t\t\t\t\t<input type=\"text\" id=\"_firstName\" name=\"_firstName\" value=\"\" required \/>\n\t\t\t\t\t\t\t\t\t\t\t\t\t\t\t<label for=\"_lastName\">Last Name&nbsp;*<\/label>\n\t\t\t\t\t\n\t\t\t\t\t\t\t\t\t\t\t\t\t<input type=\"text\" id=\"_lastName\" name=\"_lastName\" value=\"\" required \/>\n\t\t\t\t\t\t\t\t\t\t\t\t\t\t\t<label for=\"_phoneNumber\">Phone Number&nbsp;*<\/label>\n\t\t\t\t\t\n\t\t\t\t\t\t\t\t\t\t\t\t\t<input type=\"text\" id=\"_phoneNumber\" name=\"_phoneNumber\" value=\"\" required \/>\n\t\t\t\t\t\t\t\t\t\t\t\t\t\t\t<label for=\"_email\">E-Mail Address&nbsp;*<\/label>\n\t\t\t\t\t\n\t\t\t\t\t\t                                                            <input type=\"text\" id=\"_email\" name=\"_email\" value=\"\" required \/>\n                                                            \t\t\t    \n                            <label for=\"chkAgreeTerms\" id=\"agreeTermsLabel\" class=\"pure-checkbox\"><input type=\"checkbox\" id=\"chkAgreeTerms\" name=\"chkAgreeTerms\"  required \/>&nbsp;I have read and agree to the <a target=\"_blank\" href=\"https:\/\/adriasupply.com\/partneri\/affiliate-terms\/\">Terms and Conditions<\/a><\/label>\n                            <div id=\"termsAgreeWarning\" style=\"color: red; display: none\">You must agree to the terms.<\/div>\n\t\t\t    \n                <!--<div class=\"wpam-registration-form\">-->\n                <input type=\"hidden\" name=\"wpam_reg_submit\" value=\"1\" \/>\n                <input type=\"submit\" name=\"submit\" value=\"Submit Application\" class=\"wpam-registration-form-submit pure-button pure-button-active\" \/>\n                <!--<\/div>-->  \n                <\/fieldset>\n<\/form>\n<\/div>\n<div id=\"tncDialog\" style=\"display: none\">\n\t<div id=\"termsBox\" style=\"padding: 20px; width: auto; height: 380px; overflow: scroll; background-color: white; color: black; border: 1px solid black; white-space: pre-wrap;\">[AffiliatesRegister]<\/div>\n<\/div>\n\n","protected":false},"excerpt":{"rendered":"* Required fields First Name&nbsp;* Last Name&nbsp;* Phone Number&nbsp;* E-Mail Address&nbsp;* &nbsp;I have read and agree to the Terms and Conditions You must agree to the terms. [AffiliatesRegister]","protected":false},"author":2,"featured_media":0,"parent":26,"menu_order":0,"comment_status":"closed","ping_status":"closed","template":"","meta":{"_acf_changed":false,"footnotes":""},"class_list":["post-27","page","type-page","status-publish","hentry"],"acf":[],"yoast_head":"<!-- This site is optimized with the Yoast SEO plugin v26.9 - https:\/\/yoast.com\/product\/yoast-seo-wordpress\/ -->\n<title>Affiliate \u2013 Register - Adria-Klik.com<\/title>\n<meta name=\"description\" content=\"Poklon paketi | Poslovni pokoni | Poklon za ro\u0111endan | Unikatni autohtoni poklon paketi | Gift Box | Gift basket | Adria-Klik Supply webshop trgovina dostava namirnica, vina, craft piva i delicija Superbrza dostava Zagreb Wolt Glovo Hrvatska i EU DPD GLS - profesionalna vinska logistika #kupujmohrvatsko Naruci online, sigurna kupovina i brza dostava Croatia Unique Craft Beer Gift box \/ basket - Premium Craft beer gift box Nova runda brewery | Croatia autochthonous variety of wine Gift box unique - Autohtona sorta vina Poklon paket - Poslovni pokloni | Pokloni za ro\u0111endan i sve ostale prigode Plavac mali Dinga\u010d i Postup |Po\u0161ip | Grk | Malvazija | \u0160krlet | Pjenu\u0161ci |\" \/>\n<meta name=\"robots\" content=\"index, follow, max-snippet:-1, max-image-preview:large, max-video-preview:-1\" \/>\n<link rel=\"canonical\" href=\"https:\/\/adria-klik.com\/partneri\/affiliate-registracija\/\" \/>\n<meta property=\"og:locale\" content=\"en_US\" \/>\n<meta property=\"og:type\" content=\"article\" \/>\n<meta property=\"og:title\" content=\"Affiliate \u2013 Register - Adria-Klik.com\" \/>\n<meta property=\"og:description\" content=\"Poklon paketi | Poslovni pokoni | Poklon za ro\u0111endan | Unikatni autohtoni poklon paketi | Gift Box | Gift basket | Adria-Klik Supply webshop trgovina dostava namirnica, vina, craft piva i delicija Superbrza dostava Zagreb Wolt Glovo Hrvatska i EU DPD GLS - profesionalna vinska logistika #kupujmohrvatsko Naruci online, sigurna kupovina i brza dostava Croatia Unique Craft Beer Gift box \/ basket - Premium Craft beer gift box Nova runda brewery | Croatia autochthonous variety of wine Gift box unique - Autohtona sorta vina Poklon paket - Poslovni pokloni | Pokloni za ro\u0111endan i sve ostale prigode Plavac mali Dinga\u010d i Postup |Po\u0161ip | Grk | Malvazija | \u0160krlet | Pjenu\u0161ci |\" \/>\n<meta property=\"og:url\" content=\"https:\/\/adria-klik.com\/partneri\/affiliate-registracija\/\" \/>\n<meta property=\"og:site_name\" content=\"Adria-Klik.com\" \/>\n<meta property=\"article:publisher\" content=\"https:\/\/www.facebook.com\/profile.php?id=100064209425136\" \/>\n<meta property=\"article:modified_time\" content=\"2020-07-28T18:58:42+00:00\" \/>\n<meta property=\"og:image\" content=\"https:\/\/adria-klik.com\/wp-content\/uploads\/2025\/12\/NIGHTRIDER-Led-Lampice-Nova-runda-APAPaska-sirana-Craft-Beer-gift-box-Unique-poslovni-poklon-paket-Bozicno-Christmas-Limited-edition-EU-DPD.jpg\" \/>\n\t<meta property=\"og:image:width\" content=\"1500\" \/>\n\t<meta property=\"og:image:height\" content=\"1500\" \/>\n\t<meta property=\"og:image:type\" content=\"image\/jpeg\" \/>\n<meta name=\"twitter:card\" content=\"summary_large_image\" \/>\n<script type=\"application\/ld+json\" class=\"yoast-schema-graph\">{\"@context\":\"https:\/\/schema.org\",\"@graph\":[{\"@type\":\"WebPage\",\"@id\":\"https:\/\/adria-klik.com\/partneri\/affiliate-registracija\/\",\"url\":\"https:\/\/adria-klik.com\/partneri\/affiliate-registracija\/\",\"name\":\"Affiliate \u2013 Register - Adria-Klik.com\",\"isPartOf\":{\"@id\":\"https:\/\/adria-klik.com\/#website\"},\"datePublished\":\"2019-11-07T17:23:45+00:00\",\"dateModified\":\"2020-07-28T18:58:42+00:00\",\"description\":\"Poklon paketi | Poslovni pokoni | Poklon za ro\u0111endan | Unikatni autohtoni poklon paketi | Gift Box | Gift basket | Adria-Klik Supply webshop trgovina dostava namirnica, vina, craft piva i delicija Superbrza dostava Zagreb Wolt Glovo Hrvatska i EU DPD GLS - profesionalna vinska logistika #kupujmohrvatsko Naruci online, sigurna kupovina i brza dostava Croatia Unique Craft Beer Gift box \/ basket - Premium Craft beer gift box Nova runda brewery | Croatia autochthonous variety of wine Gift box unique - Autohtona sorta vina Poklon paket - Poslovni pokloni | Pokloni za ro\u0111endan i sve ostale prigode Plavac mali Dinga\u010d i Postup |Po\u0161ip | Grk | Malvazija | \u0160krlet | Pjenu\u0161ci |\",\"breadcrumb\":{\"@id\":\"https:\/\/adria-klik.com\/partneri\/affiliate-registracija\/#breadcrumb\"},\"inLanguage\":\"en-US\",\"potentialAction\":[{\"@type\":\"ReadAction\",\"target\":[\"https:\/\/adria-klik.com\/partneri\/affiliate-registracija\/\"]}]},{\"@type\":\"BreadcrumbList\",\"@id\":\"https:\/\/adria-klik.com\/partneri\/affiliate-registracija\/#breadcrumb\",\"itemListElement\":[{\"@type\":\"ListItem\",\"position\":1,\"name\":\"Po\u010detna stranica\",\"item\":\"https:\/\/adria-klik.com\/en\/\"},{\"@type\":\"ListItem\",\"position\":2,\"name\":\"Affiliate\",\"item\":\"https:\/\/adria-klik.com\/partneri\/\"},{\"@type\":\"ListItem\",\"position\":3,\"name\":\"Affiliate \u2013 Register\"}]},{\"@type\":\"WebSite\",\"@id\":\"https:\/\/adria-klik.com\/#website\",\"url\":\"https:\/\/adria-klik.com\/\",\"name\":\"Adria-Klik.com\",\"description\":\"Unikatni poklon paketi, Vina, Craft pivo &amp; Delicije - webshop\",\"publisher\":{\"@id\":\"https:\/\/adria-klik.com\/#organization\"},\"potentialAction\":[{\"@type\":\"SearchAction\",\"target\":{\"@type\":\"EntryPoint\",\"urlTemplate\":\"https:\/\/adria-klik.com\/?s={search_term_string}\"},\"query-input\":{\"@type\":\"PropertyValueSpecification\",\"valueRequired\":true,\"valueName\":\"search_term_string\"}}],\"inLanguage\":\"en-US\"},{\"@type\":\"Organization\",\"@id\":\"https:\/\/adria-klik.com\/#organization\",\"name\":\"Adria-Klik.com\",\"alternateName\":\"AK\",\"url\":\"https:\/\/adria-klik.com\/\",\"logo\":{\"@type\":\"ImageObject\",\"inLanguage\":\"en-US\",\"@id\":\"https:\/\/adria-klik.com\/#\/schema\/logo\/image\/\",\"url\":\"https:\/\/adria-klik.com\/wp-content\/uploads\/2025\/12\/Adria-Klik_com-logo-namirnice-vina-craft-pivo-delikatese-delicije-artisan-cokolada.jpg\",\"contentUrl\":\"https:\/\/adria-klik.com\/wp-content\/uploads\/2025\/12\/Adria-Klik_com-logo-namirnice-vina-craft-pivo-delikatese-delicije-artisan-cokolada.jpg\",\"width\":500,\"height\":500,\"caption\":\"Adria-Klik.com\"},\"image\":{\"@id\":\"https:\/\/adria-klik.com\/#\/schema\/logo\/image\/\"},\"sameAs\":[\"https:\/\/www.facebook.com\/profile.php?id=100064209425136\",\"https:\/\/www.instagram.com\/adriaklik\/\",\"https:\/\/www.youtube.com\/user\/PlavacmaliZagreb\"]}]}<\/script>\n<!-- \/ Yoast SEO plugin. -->","yoast_head_json":{"title":"Affiliate \u2013 Register - Adria-Klik.com","description":"Poklon paketi | Poslovni pokoni | Poklon za ro\u0111endan | Unikatni autohtoni poklon paketi | Gift Box | Gift basket | Adria-Klik Supply webshop trgovina dostava namirnica, vina, craft piva i delicija Superbrza dostava Zagreb Wolt Glovo Hrvatska i EU DPD GLS - profesionalna vinska logistika #kupujmohrvatsko Naruci online, sigurna kupovina i brza dostava Croatia Unique Craft Beer Gift box \/ basket - Premium Craft beer gift box Nova runda brewery | Croatia autochthonous variety of wine Gift box unique - Autohtona sorta vina Poklon paket - Poslovni pokloni | Pokloni za ro\u0111endan i sve ostale prigode Plavac mali Dinga\u010d i Postup |Po\u0161ip | Grk | Malvazija | \u0160krlet | Pjenu\u0161ci |","robots":{"index":"index","follow":"follow","max-snippet":"max-snippet:-1","max-image-preview":"max-image-preview:large","max-video-preview":"max-video-preview:-1"},"canonical":"https:\/\/adria-klik.com\/partneri\/affiliate-registracija\/","og_locale":"en_US","og_type":"article","og_title":"Affiliate \u2013 Register - Adria-Klik.com","og_description":"Poklon paketi | Poslovni pokoni | Poklon za ro\u0111endan | Unikatni autohtoni poklon paketi | Gift Box | Gift basket | Adria-Klik Supply webshop trgovina dostava namirnica, vina, craft piva i delicija Superbrza dostava Zagreb Wolt Glovo Hrvatska i EU DPD GLS - profesionalna vinska logistika #kupujmohrvatsko Naruci online, sigurna kupovina i brza dostava Croatia Unique Craft Beer Gift box \/ basket - Premium Craft beer gift box Nova runda brewery | Croatia autochthonous variety of wine Gift box unique - Autohtona sorta vina Poklon paket - Poslovni pokloni | Pokloni za ro\u0111endan i sve ostale prigode Plavac mali Dinga\u010d i Postup |Po\u0161ip | Grk | Malvazija | \u0160krlet | Pjenu\u0161ci |","og_url":"https:\/\/adria-klik.com\/partneri\/affiliate-registracija\/","og_site_name":"Adria-Klik.com","article_publisher":"https:\/\/www.facebook.com\/profile.php?id=100064209425136","article_modified_time":"2020-07-28T18:58:42+00:00","og_image":[{"width":1500,"height":1500,"url":"https:\/\/adria-klik.com\/wp-content\/uploads\/2025\/12\/NIGHTRIDER-Led-Lampice-Nova-runda-APAPaska-sirana-Craft-Beer-gift-box-Unique-poslovni-poklon-paket-Bozicno-Christmas-Limited-edition-EU-DPD.jpg","type":"image\/jpeg"}],"twitter_card":"summary_large_image","schema":{"@context":"https:\/\/schema.org","@graph":[{"@type":"WebPage","@id":"https:\/\/adria-klik.com\/partneri\/affiliate-registracija\/","url":"https:\/\/adria-klik.com\/partneri\/affiliate-registracija\/","name":"Affiliate \u2013 Register - Adria-Klik.com","isPartOf":{"@id":"https:\/\/adria-klik.com\/#website"},"datePublished":"2019-11-07T17:23:45+00:00","dateModified":"2020-07-28T18:58:42+00:00","description":"Poklon paketi | Poslovni pokoni | Poklon za ro\u0111endan | Unikatni autohtoni poklon paketi | Gift Box | Gift basket | Adria-Klik Supply webshop trgovina dostava namirnica, vina, craft piva i delicija Superbrza dostava Zagreb Wolt Glovo Hrvatska i EU DPD GLS - profesionalna vinska logistika #kupujmohrvatsko Naruci online, sigurna kupovina i brza dostava Croatia Unique Craft Beer Gift box \/ basket - Premium Craft beer gift box Nova runda brewery | Croatia autochthonous variety of wine Gift box unique - Autohtona sorta vina Poklon paket - Poslovni pokloni | Pokloni za ro\u0111endan i sve ostale prigode Plavac mali Dinga\u010d i Postup |Po\u0161ip | Grk | Malvazija | \u0160krlet | Pjenu\u0161ci |","breadcrumb":{"@id":"https:\/\/adria-klik.com\/partneri\/affiliate-registracija\/#breadcrumb"},"inLanguage":"en-US","potentialAction":[{"@type":"ReadAction","target":["https:\/\/adria-klik.com\/partneri\/affiliate-registracija\/"]}]},{"@type":"BreadcrumbList","@id":"https:\/\/adria-klik.com\/partneri\/affiliate-registracija\/#breadcrumb","itemListElement":[{"@type":"ListItem","position":1,"name":"Po\u010detna stranica","item":"https:\/\/adria-klik.com\/en\/"},{"@type":"ListItem","position":2,"name":"Affiliate","item":"https:\/\/adria-klik.com\/partneri\/"},{"@type":"ListItem","position":3,"name":"Affiliate \u2013 Register"}]},{"@type":"WebSite","@id":"https:\/\/adria-klik.com\/#website","url":"https:\/\/adria-klik.com\/","name":"Adria-Klik.com","description":"Unikatni poklon paketi, Vina, Craft pivo &amp; Delicije - webshop","publisher":{"@id":"https:\/\/adria-klik.com\/#organization"},"potentialAction":[{"@type":"SearchAction","target":{"@type":"EntryPoint","urlTemplate":"https:\/\/adria-klik.com\/?s={search_term_string}"},"query-input":{"@type":"PropertyValueSpecification","valueRequired":true,"valueName":"search_term_string"}}],"inLanguage":"en-US"},{"@type":"Organization","@id":"https:\/\/adria-klik.com\/#organization","name":"Adria-Klik.com","alternateName":"AK","url":"https:\/\/adria-klik.com\/","logo":{"@type":"ImageObject","inLanguage":"en-US","@id":"https:\/\/adria-klik.com\/#\/schema\/logo\/image\/","url":"https:\/\/adria-klik.com\/wp-content\/uploads\/2025\/12\/Adria-Klik_com-logo-namirnice-vina-craft-pivo-delikatese-delicije-artisan-cokolada.jpg","contentUrl":"https:\/\/adria-klik.com\/wp-content\/uploads\/2025\/12\/Adria-Klik_com-logo-namirnice-vina-craft-pivo-delikatese-delicije-artisan-cokolada.jpg","width":500,"height":500,"caption":"Adria-Klik.com"},"image":{"@id":"https:\/\/adria-klik.com\/#\/schema\/logo\/image\/"},"sameAs":["https:\/\/www.facebook.com\/profile.php?id=100064209425136","https:\/\/www.instagram.com\/adriaklik\/","https:\/\/www.youtube.com\/user\/PlavacmaliZagreb"]}]}},"jetpack_sharing_enabled":true,"jetpack-related-posts":[],"jetpack_shortlink":"https:\/\/wp.me\/PeSlFX-r","_links":{"self":[{"href":"https:\/\/adria-klik.com\/en\/wp-json\/wp\/v2\/pages\/27","targetHints":{"allow":["GET"]}}],"collection":[{"href":"https:\/\/adria-klik.com\/en\/wp-json\/wp\/v2\/pages"}],"about":[{"href":"https:\/\/adria-klik.com\/en\/wp-json\/wp\/v2\/types\/page"}],"author":[{"embeddable":true,"href":"https:\/\/adria-klik.com\/en\/wp-json\/wp\/v2\/users\/2"}],"replies":[{"embeddable":true,"href":"https:\/\/adria-klik.com\/en\/wp-json\/wp\/v2\/comments?post=27"}],"version-history":[{"count":0,"href":"https:\/\/adria-klik.com\/en\/wp-json\/wp\/v2\/pages\/27\/revisions"}],"up":[{"embeddable":true,"href":"https:\/\/adria-klik.com\/en\/wp-json\/wp\/v2\/pages\/26"}],"wp:attachment":[{"href":"https:\/\/adria-klik.com\/en\/wp-json\/wp\/v2\/media?parent=27"}],"curies":[{"name":"wp","href":"https:\/\/api.w.org\/{rel}","templated":true}]}}