{"id":12543,"date":"2020-07-13T23:58:57","date_gmt":"2020-07-13T21:58:57","guid":{"rendered":"https:\/\/adria.riot.hr\/?post_type=product&#038;p=12543"},"modified":"2021-12-15T22:46:22","modified_gmt":"2021-12-15T21:46:22","slug":"rose-opolo-plavac-mali-peljesac-075l-grgurevic","status":"publish","type":"product","link":"https:\/\/adria-klik.com\/en\/proizvod\/rose-opolo-plavac-mali-peljesac-075l-grgurevic\/","title":{"rendered":"New Vintage 2021! Rose Opolo Plavac Mali Peljesac 0,75l Grgurevic"},"content":{"rendered":"<div data-mce-tabindex=\"0\">New Fresh Vintage 2021 harvest!<\/div>\n<div data-mce-tabindex=\"0\">Be quick before it is sold out!&nbsp;<\/div>\n<div class=\"result-shield-container tlid-copy-target\" data-mce-tabindex=\"0\"><span class=\"tlid-translation translation\" lang=\"en\"><span class=\"tlid-translation translation\" lang=\"en\"><span title=\"\">Rose Opolo Grgurevi\u0107 is a quality rose wine produced from Plavac Mali grapes.<\/span><br \/><span title=\"\">Opolo is a cheerful red to pink color with beautiful various shades that vary from year to year, ie from specific climatological conditions.<\/span><br \/><span title=\"\">Opolo is dominated by the specific aroma of Plavac mali, which we recognize as fresh fruit, such as cherries, cherries, forest berries and, of course, the specialty of indigenous yeasts that give this wine the recognizability of the local terroir.<\/span><br \/><span class=\"\" title=\"\">The taste of the wine shows exceptional freshness and youthful playfulness, an extremely mild percentage of alcohol perfectly fits into this whole, making Grgurevi\u0107 Opolo extremely attractive, mostly a refreshing summer wine that must be drunk chilled.<\/span><\/span><\/span><span title=\"\">Harvest: mid-September<\/span><br \/><span title=\"\">Vinification: short maceration 18 to 36 hours of fermentation in stainless steel barrels<\/span><br \/><span title=\"\">Maturation: 6 months in stainless steel barrel 1 month in bottle<\/span><br \/><span title=\"\">Aging potential: 2-3 years<\/span><br \/><span title=\"\">Serving: 14 \u00b0 C<\/span><br \/><span title=\"\">Composition: Plavac mali 100%<\/span><\/div>\n","protected":false},"excerpt":{"rendered":"<p>New Fresh Vintage 2021 harvest!&nbsp;<\/p>\n<p>Be quick before it is sold out!&nbsp;<\/p>\n<p><span class=\"tlid-translation translation\" lang=\"en\"><span title=\"\">Rose Opolo Grgurevi\u0107 is a quality rose wine produced from Plavac Mali grapes<\/span><\/span><\/p>\n<p>indigenous grape variety<br \/>Rose Opolo Grgurevi\u0107 is a quality rose wine produced from Plavac Mali grapes.<br \/>Opolo is a cheerful red to pink color with beautiful various shades that vary from year to year, ie from specific climatological conditions.<br \/>Unisex<br \/>Order delivery Plavac mali wine Peljesac<\/p>\n","protected":false},"featured_media":15786,"comment_status":"open","ping_status":"closed","template":"","meta":{"_acf_changed":false},"product_brand":[],"product_cat":[1379,427,382],"product_tag":[1508,1509],"berocket_brand":[],"class_list":{"0":"post-12543","1":"product","2":"type-product","3":"status-publish","4":"has-post-thumbnail","6":"product_cat-okusi-adriu","7":"product_cat-rose","8":"product_cat-wine","9":"product_tag-order-plavac-mali-child-of-zinfandel-primitivo-crljenak-croatian-premium-wine-webshop-delivery-en","10":"product_tag-order-plavac-mali-child-of-zinfandel-primitivo-crljenak-croatian-premium-wine-webshop-delivery-en-2","12":"first","13":"instock","14":"featured","15":"shipping-taxable","16":"purchasable","17":"product-type-simple"},"acf":[],"yoast_head":"<!-- This site is optimized with the Yoast SEO plugin v26.9 - https:\/\/yoast.com\/product\/yoast-seo-wordpress\/ -->\n<title>New Vintage 2021! Rose Opolo Plavac Mali Peljesac 0,75l Grgurevic - Adria-Klik.com<\/title>\n<meta name=\"description\" content=\"Rose Opolo Grgurevi\u0107 is a quality rose wine produced from Plavac Mali grapes.Opolo is a cheerful red to pink color with beautiful various shades that vary from year to year, ie from specific climatological conditions.Opolo is dominated by the specific aroma of Plavac mali, which we recognize as fresh fruit, such as cherries, cherries, forest berries and, of course, the specialty of indigenous yeasts that give this wine the recognizability of the local terroir.The taste of the wine shows exceptional freshness and youthful playfulness, an extremely mild percentage of alcohol perfectly fits into this whole, making Grgurevi\u0107 Opolo extremely attractive, mostly a refreshing summer wine that must be drunk chilled.Harvest: mid-SeptemberVinification: short maceration 18 to 36 hours of fermentation in stainless steel barrelsMaturation: 6 months in stainless steel barrel 1 month in bottleAging potential: 2-3 yearsServing: 14 \u00b0 C\" \/>\n<meta name=\"robots\" content=\"index, follow, max-snippet:-1, max-image-preview:large, max-video-preview:-1\" \/>\n<link rel=\"canonical\" href=\"https:\/\/adria-klik.com\/proizvod\/rose-opolo-plavac-mali-peljesac-075l-grgurevic\/\" \/>\n<meta property=\"og:locale\" content=\"en_US\" \/>\n<meta property=\"og:type\" content=\"article\" \/>\n<meta property=\"og:title\" content=\"New Vintage 2021! Rose Opolo Plavac Mali Peljesac 0,75l Grgurevic - Adria-Klik.com\" \/>\n<meta property=\"og:description\" content=\"Rose Opolo Grgurevi\u0107 is a quality rose wine produced from Plavac Mali grapes.Opolo is a cheerful red to pink color with beautiful various shades that vary from year to year, ie from specific climatological conditions.Opolo is dominated by the specific aroma of Plavac mali, which we recognize as fresh fruit, such as cherries, cherries, forest berries and, of course, the specialty of indigenous yeasts that give this wine the recognizability of the local terroir.The taste of the wine shows exceptional freshness and youthful playfulness, an extremely mild percentage of alcohol perfectly fits into this whole, making Grgurevi\u0107 Opolo extremely attractive, mostly a refreshing summer wine that must be drunk chilled.Harvest: mid-SeptemberVinification: short maceration 18 to 36 hours of fermentation in stainless steel barrelsMaturation: 6 months in stainless steel barrel 1 month in bottleAging potential: 2-3 yearsServing: 14 \u00b0 C\" \/>\n<meta property=\"og:url\" content=\"https:\/\/adria-klik.com\/proizvod\/rose-opolo-plavac-mali-peljesac-075l-grgurevic\/\" \/>\n<meta property=\"og:site_name\" content=\"Adria-Klik.com\" \/>\n<meta property=\"article:publisher\" content=\"https:\/\/www.facebook.com\/profile.php?id=100064209425136\" \/>\n<meta property=\"article:modified_time\" content=\"2021-12-15T21:46:22+00:00\" \/>\n<meta property=\"og:image\" content=\"https:\/\/adria-klik.com\/wp-content\/uploads\/2020\/07\/Rose-Opol-Plavac-mali-075l-family-Obitelj-Grgurevic-6-pack-pakiranje-6kom-Tradition-075l-Peljesac-Premium-100-natural-Adria-Klik_Webshop-ducan-eko-croatia-prozvod-dostava-vina-hrvatska-eu.jpg\" \/>\n\t<meta property=\"og:image:width\" content=\"1500\" \/>\n\t<meta property=\"og:image:height\" content=\"1500\" \/>\n\t<meta property=\"og:image:type\" content=\"image\/jpeg\" \/>\n<meta name=\"twitter:card\" content=\"summary_large_image\" \/>\n<meta name=\"twitter:label1\" content=\"Est. reading time\" \/>\n\t<meta name=\"twitter:data1\" content=\"1 minute\" \/>\n<script type=\"application\/ld+json\" class=\"yoast-schema-graph\">{\"@context\":\"https:\/\/schema.org\",\"@graph\":[{\"@type\":\"WebPage\",\"@id\":\"https:\/\/adria-klik.com\/proizvod\/rose-opolo-plavac-mali-peljesac-075l-grgurevic\/\",\"url\":\"https:\/\/adria-klik.com\/proizvod\/rose-opolo-plavac-mali-peljesac-075l-grgurevic\/\",\"name\":\"New Vintage 2021! Rose Opolo Plavac Mali Peljesac 0,75l Grgurevic - Adria-Klik.com\",\"isPartOf\":{\"@id\":\"https:\/\/adria-klik.com\/#website\"},\"primaryImageOfPage\":{\"@id\":\"https:\/\/adria-klik.com\/proizvod\/rose-opolo-plavac-mali-peljesac-075l-grgurevic\/#primaryimage\"},\"image\":{\"@id\":\"https:\/\/adria-klik.com\/proizvod\/rose-opolo-plavac-mali-peljesac-075l-grgurevic\/#primaryimage\"},\"thumbnailUrl\":\"https:\/\/adria-klik.com\/wp-content\/uploads\/2020\/07\/Rose-Opol-Plavac-mali-075l-family-Obitelj-Grgurevic-6-pack-pakiranje-6kom-Tradition-075l-Peljesac-Premium-100-natural-Adria-Klik_Webshop-ducan-eko-croatia-prozvod-dostava-vina-hrvatska-eu.jpg\",\"datePublished\":\"2020-07-13T21:58:57+00:00\",\"dateModified\":\"2021-12-15T21:46:22+00:00\",\"description\":\"Rose Opolo Grgurevi\u0107 is a quality rose wine produced from Plavac Mali grapes.Opolo is a cheerful red to pink color with beautiful various shades that vary from year to year, ie from specific climatological conditions.Opolo is dominated by the specific aroma of Plavac mali, which we recognize as fresh fruit, such as cherries, cherries, forest berries and, of course, the specialty of indigenous yeasts that give this wine the recognizability of the local terroir.The taste of the wine shows exceptional freshness and youthful playfulness, an extremely mild percentage of alcohol perfectly fits into this whole, making Grgurevi\u0107 Opolo extremely attractive, mostly a refreshing summer wine that must be drunk chilled.Harvest: mid-SeptemberVinification: short maceration 18 to 36 hours of fermentation in stainless steel barrelsMaturation: 6 months in stainless steel barrel 1 month in bottleAging potential: 2-3 yearsServing: 14 \u00b0 C\",\"breadcrumb\":{\"@id\":\"https:\/\/adria-klik.com\/proizvod\/rose-opolo-plavac-mali-peljesac-075l-grgurevic\/#breadcrumb\"},\"inLanguage\":\"en-US\",\"potentialAction\":[{\"@type\":\"ReadAction\",\"target\":[\"https:\/\/adria-klik.com\/proizvod\/rose-opolo-plavac-mali-peljesac-075l-grgurevic\/\"]}]},{\"@type\":\"ImageObject\",\"inLanguage\":\"en-US\",\"@id\":\"https:\/\/adria-klik.com\/proizvod\/rose-opolo-plavac-mali-peljesac-075l-grgurevic\/#primaryimage\",\"url\":\"https:\/\/adria-klik.com\/wp-content\/uploads\/2020\/07\/Rose-Opol-Plavac-mali-075l-family-Obitelj-Grgurevic-6-pack-pakiranje-6kom-Tradition-075l-Peljesac-Premium-100-natural-Adria-Klik_Webshop-ducan-eko-croatia-prozvod-dostava-vina-hrvatska-eu.jpg\",\"contentUrl\":\"https:\/\/adria-klik.com\/wp-content\/uploads\/2020\/07\/Rose-Opol-Plavac-mali-075l-family-Obitelj-Grgurevic-6-pack-pakiranje-6kom-Tradition-075l-Peljesac-Premium-100-natural-Adria-Klik_Webshop-ducan-eko-croatia-prozvod-dostava-vina-hrvatska-eu.jpg\",\"width\":1500,\"height\":1500,\"caption\":\"Rose Opolo Grgurevi\u0107 je kvalitetno rose vino proizvedeno od gro\u017e\u0111a sorte Plavac Mali.Opolo je vesele crvene do ru\u017ei\u010daste boje\"},{\"@type\":\"BreadcrumbList\",\"@id\":\"https:\/\/adria-klik.com\/proizvod\/rose-opolo-plavac-mali-peljesac-075l-grgurevic\/#breadcrumb\",\"itemListElement\":[{\"@type\":\"ListItem\",\"position\":1,\"name\":\"Po\u010detna stranica\",\"item\":\"https:\/\/adria-klik.com\/en\/\"},{\"@type\":\"ListItem\",\"position\":2,\"name\":\"Shop\",\"item\":\"https:\/\/adria-klik.com\/shop\/\"},{\"@type\":\"ListItem\",\"position\":3,\"name\":\"New Vintage 2021! Rose Opolo Plavac Mali Peljesac 0,75l Grgurevic\"}]},{\"@type\":\"WebSite\",\"@id\":\"https:\/\/adria-klik.com\/#website\",\"url\":\"https:\/\/adria-klik.com\/\",\"name\":\"Adria-Klik.com\",\"description\":\"Unikatni poklon paketi, Vina, Craft pivo &amp; Delicije - webshop\",\"publisher\":{\"@id\":\"https:\/\/adria-klik.com\/#organization\"},\"potentialAction\":[{\"@type\":\"SearchAction\",\"target\":{\"@type\":\"EntryPoint\",\"urlTemplate\":\"https:\/\/adria-klik.com\/?s={search_term_string}\"},\"query-input\":{\"@type\":\"PropertyValueSpecification\",\"valueRequired\":true,\"valueName\":\"search_term_string\"}}],\"inLanguage\":\"en-US\"},{\"@type\":\"Organization\",\"@id\":\"https:\/\/adria-klik.com\/#organization\",\"name\":\"Adria-Klik.com\",\"alternateName\":\"AK\",\"url\":\"https:\/\/adria-klik.com\/\",\"logo\":{\"@type\":\"ImageObject\",\"inLanguage\":\"en-US\",\"@id\":\"https:\/\/adria-klik.com\/#\/schema\/logo\/image\/\",\"url\":\"https:\/\/adria-klik.com\/wp-content\/uploads\/2025\/12\/Adria-Klik_com-logo-namirnice-vina-craft-pivo-delikatese-delicije-artisan-cokolada.jpg\",\"contentUrl\":\"https:\/\/adria-klik.com\/wp-content\/uploads\/2025\/12\/Adria-Klik_com-logo-namirnice-vina-craft-pivo-delikatese-delicije-artisan-cokolada.jpg\",\"width\":500,\"height\":500,\"caption\":\"Adria-Klik.com\"},\"image\":{\"@id\":\"https:\/\/adria-klik.com\/#\/schema\/logo\/image\/\"},\"sameAs\":[\"https:\/\/www.facebook.com\/profile.php?id=100064209425136\",\"https:\/\/www.instagram.com\/adriaklik\/\",\"https:\/\/www.youtube.com\/user\/PlavacmaliZagreb\"]}]}<\/script>\n<!-- \/ Yoast SEO plugin. -->","yoast_head_json":{"title":"New Vintage 2021! Rose Opolo Plavac Mali Peljesac 0,75l Grgurevic - Adria-Klik.com","description":"Rose Opolo Grgurevi\u0107 is a quality rose wine produced from Plavac Mali grapes.Opolo is a cheerful red to pink color with beautiful various shades that vary from year to year, ie from specific climatological conditions.Opolo is dominated by the specific aroma of Plavac mali, which we recognize as fresh fruit, such as cherries, cherries, forest berries and, of course, the specialty of indigenous yeasts that give this wine the recognizability of the local terroir.The taste of the wine shows exceptional freshness and youthful playfulness, an extremely mild percentage of alcohol perfectly fits into this whole, making Grgurevi\u0107 Opolo extremely attractive, mostly a refreshing summer wine that must be drunk chilled.Harvest: mid-SeptemberVinification: short maceration 18 to 36 hours of fermentation in stainless steel barrelsMaturation: 6 months in stainless steel barrel 1 month in bottleAging potential: 2-3 yearsServing: 14 \u00b0 C","robots":{"index":"index","follow":"follow","max-snippet":"max-snippet:-1","max-image-preview":"max-image-preview:large","max-video-preview":"max-video-preview:-1"},"canonical":"https:\/\/adria-klik.com\/proizvod\/rose-opolo-plavac-mali-peljesac-075l-grgurevic\/","og_locale":"en_US","og_type":"article","og_title":"New Vintage 2021! Rose Opolo Plavac Mali Peljesac 0,75l Grgurevic - Adria-Klik.com","og_description":"Rose Opolo Grgurevi\u0107 is a quality rose wine produced from Plavac Mali grapes.Opolo is a cheerful red to pink color with beautiful various shades that vary from year to year, ie from specific climatological conditions.Opolo is dominated by the specific aroma of Plavac mali, which we recognize as fresh fruit, such as cherries, cherries, forest berries and, of course, the specialty of indigenous yeasts that give this wine the recognizability of the local terroir.The taste of the wine shows exceptional freshness and youthful playfulness, an extremely mild percentage of alcohol perfectly fits into this whole, making Grgurevi\u0107 Opolo extremely attractive, mostly a refreshing summer wine that must be drunk chilled.Harvest: mid-SeptemberVinification: short maceration 18 to 36 hours of fermentation in stainless steel barrelsMaturation: 6 months in stainless steel barrel 1 month in bottleAging potential: 2-3 yearsServing: 14 \u00b0 C","og_url":"https:\/\/adria-klik.com\/proizvod\/rose-opolo-plavac-mali-peljesac-075l-grgurevic\/","og_site_name":"Adria-Klik.com","article_publisher":"https:\/\/www.facebook.com\/profile.php?id=100064209425136","article_modified_time":"2021-12-15T21:46:22+00:00","og_image":[{"width":1500,"height":1500,"url":"https:\/\/adria-klik.com\/wp-content\/uploads\/2020\/07\/Rose-Opol-Plavac-mali-075l-family-Obitelj-Grgurevic-6-pack-pakiranje-6kom-Tradition-075l-Peljesac-Premium-100-natural-Adria-Klik_Webshop-ducan-eko-croatia-prozvod-dostava-vina-hrvatska-eu.jpg","type":"image\/jpeg"}],"twitter_card":"summary_large_image","twitter_misc":{"Est. reading time":"1 minute"},"schema":{"@context":"https:\/\/schema.org","@graph":[{"@type":"WebPage","@id":"https:\/\/adria-klik.com\/proizvod\/rose-opolo-plavac-mali-peljesac-075l-grgurevic\/","url":"https:\/\/adria-klik.com\/proizvod\/rose-opolo-plavac-mali-peljesac-075l-grgurevic\/","name":"New Vintage 2021! Rose Opolo Plavac Mali Peljesac 0,75l Grgurevic - Adria-Klik.com","isPartOf":{"@id":"https:\/\/adria-klik.com\/#website"},"primaryImageOfPage":{"@id":"https:\/\/adria-klik.com\/proizvod\/rose-opolo-plavac-mali-peljesac-075l-grgurevic\/#primaryimage"},"image":{"@id":"https:\/\/adria-klik.com\/proizvod\/rose-opolo-plavac-mali-peljesac-075l-grgurevic\/#primaryimage"},"thumbnailUrl":"https:\/\/adria-klik.com\/wp-content\/uploads\/2020\/07\/Rose-Opol-Plavac-mali-075l-family-Obitelj-Grgurevic-6-pack-pakiranje-6kom-Tradition-075l-Peljesac-Premium-100-natural-Adria-Klik_Webshop-ducan-eko-croatia-prozvod-dostava-vina-hrvatska-eu.jpg","datePublished":"2020-07-13T21:58:57+00:00","dateModified":"2021-12-15T21:46:22+00:00","description":"Rose Opolo Grgurevi\u0107 is a quality rose wine produced from Plavac Mali grapes.Opolo is a cheerful red to pink color with beautiful various shades that vary from year to year, ie from specific climatological conditions.Opolo is dominated by the specific aroma of Plavac mali, which we recognize as fresh fruit, such as cherries, cherries, forest berries and, of course, the specialty of indigenous yeasts that give this wine the recognizability of the local terroir.The taste of the wine shows exceptional freshness and youthful playfulness, an extremely mild percentage of alcohol perfectly fits into this whole, making Grgurevi\u0107 Opolo extremely attractive, mostly a refreshing summer wine that must be drunk chilled.Harvest: mid-SeptemberVinification: short maceration 18 to 36 hours of fermentation in stainless steel barrelsMaturation: 6 months in stainless steel barrel 1 month in bottleAging potential: 2-3 yearsServing: 14 \u00b0 C","breadcrumb":{"@id":"https:\/\/adria-klik.com\/proizvod\/rose-opolo-plavac-mali-peljesac-075l-grgurevic\/#breadcrumb"},"inLanguage":"en-US","potentialAction":[{"@type":"ReadAction","target":["https:\/\/adria-klik.com\/proizvod\/rose-opolo-plavac-mali-peljesac-075l-grgurevic\/"]}]},{"@type":"ImageObject","inLanguage":"en-US","@id":"https:\/\/adria-klik.com\/proizvod\/rose-opolo-plavac-mali-peljesac-075l-grgurevic\/#primaryimage","url":"https:\/\/adria-klik.com\/wp-content\/uploads\/2020\/07\/Rose-Opol-Plavac-mali-075l-family-Obitelj-Grgurevic-6-pack-pakiranje-6kom-Tradition-075l-Peljesac-Premium-100-natural-Adria-Klik_Webshop-ducan-eko-croatia-prozvod-dostava-vina-hrvatska-eu.jpg","contentUrl":"https:\/\/adria-klik.com\/wp-content\/uploads\/2020\/07\/Rose-Opol-Plavac-mali-075l-family-Obitelj-Grgurevic-6-pack-pakiranje-6kom-Tradition-075l-Peljesac-Premium-100-natural-Adria-Klik_Webshop-ducan-eko-croatia-prozvod-dostava-vina-hrvatska-eu.jpg","width":1500,"height":1500,"caption":"Rose Opolo Grgurevi\u0107 je kvalitetno rose vino proizvedeno od gro\u017e\u0111a sorte Plavac Mali.Opolo je vesele crvene do ru\u017ei\u010daste boje"},{"@type":"BreadcrumbList","@id":"https:\/\/adria-klik.com\/proizvod\/rose-opolo-plavac-mali-peljesac-075l-grgurevic\/#breadcrumb","itemListElement":[{"@type":"ListItem","position":1,"name":"Po\u010detna stranica","item":"https:\/\/adria-klik.com\/en\/"},{"@type":"ListItem","position":2,"name":"Shop","item":"https:\/\/adria-klik.com\/shop\/"},{"@type":"ListItem","position":3,"name":"New Vintage 2021! Rose Opolo Plavac Mali Peljesac 0,75l Grgurevic"}]},{"@type":"WebSite","@id":"https:\/\/adria-klik.com\/#website","url":"https:\/\/adria-klik.com\/","name":"Adria-Klik.com","description":"Unikatni poklon paketi, Vina, Craft pivo &amp; Delicije - webshop","publisher":{"@id":"https:\/\/adria-klik.com\/#organization"},"potentialAction":[{"@type":"SearchAction","target":{"@type":"EntryPoint","urlTemplate":"https:\/\/adria-klik.com\/?s={search_term_string}"},"query-input":{"@type":"PropertyValueSpecification","valueRequired":true,"valueName":"search_term_string"}}],"inLanguage":"en-US"},{"@type":"Organization","@id":"https:\/\/adria-klik.com\/#organization","name":"Adria-Klik.com","alternateName":"AK","url":"https:\/\/adria-klik.com\/","logo":{"@type":"ImageObject","inLanguage":"en-US","@id":"https:\/\/adria-klik.com\/#\/schema\/logo\/image\/","url":"https:\/\/adria-klik.com\/wp-content\/uploads\/2025\/12\/Adria-Klik_com-logo-namirnice-vina-craft-pivo-delikatese-delicije-artisan-cokolada.jpg","contentUrl":"https:\/\/adria-klik.com\/wp-content\/uploads\/2025\/12\/Adria-Klik_com-logo-namirnice-vina-craft-pivo-delikatese-delicije-artisan-cokolada.jpg","width":500,"height":500,"caption":"Adria-Klik.com"},"image":{"@id":"https:\/\/adria-klik.com\/#\/schema\/logo\/image\/"},"sameAs":["https:\/\/www.facebook.com\/profile.php?id=100064209425136","https:\/\/www.instagram.com\/adriaklik\/","https:\/\/www.youtube.com\/user\/PlavacmaliZagreb"]}]}},"jetpack_sharing_enabled":true,"jetpack-related-posts":[],"_links":{"self":[{"href":"https:\/\/adria-klik.com\/en\/wp-json\/wp\/v2\/product\/12543","targetHints":{"allow":["GET"]}}],"collection":[{"href":"https:\/\/adria-klik.com\/en\/wp-json\/wp\/v2\/product"}],"about":[{"href":"https:\/\/adria-klik.com\/en\/wp-json\/wp\/v2\/types\/product"}],"replies":[{"embeddable":true,"href":"https:\/\/adria-klik.com\/en\/wp-json\/wp\/v2\/comments?post=12543"}],"wp:featuredmedia":[{"embeddable":true,"href":"https:\/\/adria-klik.com\/en\/wp-json\/wp\/v2\/media\/15786"}],"wp:attachment":[{"href":"https:\/\/adria-klik.com\/en\/wp-json\/wp\/v2\/media?parent=12543"}],"wp:term":[{"taxonomy":"product_brand","embeddable":true,"href":"https:\/\/adria-klik.com\/en\/wp-json\/wp\/v2\/product_brand?post=12543"},{"taxonomy":"product_cat","embeddable":true,"href":"https:\/\/adria-klik.com\/en\/wp-json\/wp\/v2\/product_cat?post=12543"},{"taxonomy":"product_tag","embeddable":true,"href":"https:\/\/adria-klik.com\/en\/wp-json\/wp\/v2\/product_tag?post=12543"},{"taxonomy":"berocket_brand","embeddable":true,"href":"https:\/\/adria-klik.com\/en\/wp-json\/wp\/v2\/berocket_brand?post=12543"}],"curies":[{"name":"wp","href":"https:\/\/api.w.org\/{rel}","templated":true}]}}