{"id":12549,"date":"2020-07-15T00:59:47","date_gmt":"2020-07-14T22:59:47","guid":{"rendered":"https:\/\/adria.riot.hr\/?post_type=product&#038;p=12549"},"modified":"2023-04-24T01:12:53","modified_gmt":"2023-04-23T23:12:53","slug":"handy-gel-hand-disinfection-kills-99-9-bacteria-50-ml-elda-croatia","status":"publish","type":"product","link":"https:\/\/adria-klik.com\/en\/proizvod\/handy-gel-hand-disinfection-kills-99-9-bacteria-50-ml-elda-croatia\/","title":{"rendered":"&#8220;Handy&#8221; Gel Hand Disinfection Kills 99.9% Bacteria 50 ml &#8211; Elda Croatia"},"content":{"rendered":"<ul>\n<li>Approved by the Croatia Ministry of Health<\/li>\n<li>Manufactured in the Croatian laboratory accredited according to the requirements of the HRN<\/li>\n<li>EN ISO \/ IEC 17025: 2017 standard<\/li>\n<li>Gentle for the skin and with a hydrating effect<\/li>\n<li>Based on 70% alcohol<\/li>\n<li>Effectively created formula that kills more than 99.9% of bacteria<\/li>\n<li>Provides long-lasting protection<\/li>\n<li>Hand disinfection<br \/>\nDrop a few drops on your hand.<br \/>\nHands should be rubbed thoroughly for a minimum of 30 seconds.<\/li>\n<\/ul>\n","protected":false},"excerpt":{"rendered":"<ul>\n<li>Approved by the Croatia Ministry of Health<\/li>\n<li>Manufactured in the Croatian laboratory accredited according to the requirements of the HRN<\/li>\n<li>EN ISO \/ IEC 17025: 2017 standard<\/li>\n<li>Gentle for the skin and with a hydrating effect<\/li>\n<li>Based on 70% alcohol<\/li>\n<\/ul>\n","protected":false},"featured_media":12550,"comment_status":"open","ping_status":"closed","template":"","meta":{"_acf_changed":false},"product_brand":[],"product_cat":[452,450,454,453,455,380,451],"product_tag":[],"berocket_brand":[],"class_list":{"0":"post-12549","1":"product","2":"type-product","3":"status-publish","4":"has-post-thumbnail","6":"product_cat-baby-child-care","7":"product_cat-face-body-care","8":"product_cat-household-cleaning-necessities","9":"product_cat-mens-corner","10":"product_cat-other","11":"product_cat-personal-hygene-household","12":"product_cat-sun-protection","14":"first","15":"instock","16":"shipping-taxable","17":"purchasable","18":"product-type-simple"},"acf":[],"yoast_head":"<!-- This site is optimized with the Yoast SEO plugin v26.9 - https:\/\/yoast.com\/product\/yoast-seo-wordpress\/ -->\n<title>&quot;Handy&quot; Gel Hand Disinfection Kills 99.9% Bacteria 50 ml - Elda Croatia - Adria-Klik.com<\/title>\n<meta name=\"description\" content=\"Poklon paketi | Poslovni pokoni | Poklon za ro\u0111endan | Unikatni autohtoni poklon paketi | Gift Box | Gift basket | Adria-Klik Supply webshop trgovina dostava namirnica, vina, craft piva i delicija Superbrza dostava Zagreb Wolt Glovo Hrvatska i EU DPD GLS - profesionalna vinska logistika #kupujmohrvatsko Naruci online, sigurna kupovina i brza dostava Croatia Unique Craft Beer Gift box \/ basket - Premium Craft beer gift box Nova runda brewery | Croatia autochthonous variety of wine Gift box unique - Autohtona sorta vina Poklon paket - Poslovni pokloni | Pokloni za ro\u0111endan i sve ostale prigode Plavac mali Dinga\u010d i Postup |Po\u0161ip | Grk | Malvazija | \u0160krlet | Pjenu\u0161ci |\" \/>\n<meta name=\"robots\" content=\"index, follow, max-snippet:-1, max-image-preview:large, max-video-preview:-1\" \/>\n<link rel=\"canonical\" href=\"https:\/\/adria-klik.com\/proizvod\/putni-gel-za-dezinfekciju-ruku-ubija-99-9-bakterija-50-ml-elda-croatia\/\" \/>\n<meta property=\"og:locale\" content=\"en_US\" \/>\n<meta property=\"og:type\" content=\"article\" \/>\n<meta property=\"og:title\" content=\"&quot;Handy&quot; Gel Hand Disinfection Kills 99.9% Bacteria 50 ml - Elda Croatia - Adria-Klik.com\" \/>\n<meta property=\"og:description\" content=\"Poklon paketi | Poslovni pokoni | Poklon za ro\u0111endan | Unikatni autohtoni poklon paketi | Gift Box | Gift basket | Adria-Klik Supply webshop trgovina dostava namirnica, vina, craft piva i delicija Superbrza dostava Zagreb Wolt Glovo Hrvatska i EU DPD GLS - profesionalna vinska logistika #kupujmohrvatsko Naruci online, sigurna kupovina i brza dostava Croatia Unique Craft Beer Gift box \/ basket - Premium Craft beer gift box Nova runda brewery | Croatia autochthonous variety of wine Gift box unique - Autohtona sorta vina Poklon paket - Poslovni pokloni | Pokloni za ro\u0111endan i sve ostale prigode Plavac mali Dinga\u010d i Postup |Po\u0161ip | Grk | Malvazija | \u0160krlet | Pjenu\u0161ci |\" \/>\n<meta property=\"og:url\" content=\"https:\/\/adria-klik.com\/proizvod\/putni-gel-za-dezinfekciju-ruku-ubija-99-9-bakterija-50-ml-elda-croatia\/\" \/>\n<meta property=\"og:site_name\" content=\"Adria-Klik.com\" \/>\n<meta property=\"article:publisher\" content=\"https:\/\/www.facebook.com\/profile.php?id=100064209425136\" \/>\n<meta property=\"article:modified_time\" content=\"2023-04-23T23:12:53+00:00\" \/>\n<meta property=\"og:image\" content=\"https:\/\/adria-klik.com\/wp-content\/uploads\/2020\/07\/50ml_antiseptik_gel_99_9bakterija_hrvatski_proizvod_Adria_supply_delivery_dostava.jpg\" \/>\n\t<meta property=\"og:image:width\" content=\"327\" \/>\n\t<meta property=\"og:image:height\" content=\"327\" \/>\n\t<meta property=\"og:image:type\" content=\"image\/jpeg\" \/>\n<meta name=\"twitter:card\" content=\"summary_large_image\" \/>\n<script type=\"application\/ld+json\" class=\"yoast-schema-graph\">{\"@context\":\"https:\/\/schema.org\",\"@graph\":[{\"@type\":\"WebPage\",\"@id\":\"https:\/\/adria-klik.com\/proizvod\/putni-gel-za-dezinfekciju-ruku-ubija-99-9-bakterija-50-ml-elda-croatia\/\",\"url\":\"https:\/\/adria-klik.com\/proizvod\/putni-gel-za-dezinfekciju-ruku-ubija-99-9-bakterija-50-ml-elda-croatia\/\",\"name\":\"\\\"Handy\\\" Gel Hand Disinfection Kills 99.9% Bacteria 50 ml - Elda Croatia - Adria-Klik.com\",\"isPartOf\":{\"@id\":\"https:\/\/adria-klik.com\/#website\"},\"primaryImageOfPage\":{\"@id\":\"https:\/\/adria-klik.com\/proizvod\/putni-gel-za-dezinfekciju-ruku-ubija-99-9-bakterija-50-ml-elda-croatia\/#primaryimage\"},\"image\":{\"@id\":\"https:\/\/adria-klik.com\/proizvod\/putni-gel-za-dezinfekciju-ruku-ubija-99-9-bakterija-50-ml-elda-croatia\/#primaryimage\"},\"thumbnailUrl\":\"https:\/\/adria-klik.com\/wp-content\/uploads\/2020\/07\/50ml_antiseptik_gel_99_9bakterija_hrvatski_proizvod_Adria_supply_delivery_dostava.jpg\",\"datePublished\":\"2020-07-14T22:59:47+00:00\",\"dateModified\":\"2023-04-23T23:12:53+00:00\",\"description\":\"Poklon paketi | Poslovni pokoni | Poklon za ro\u0111endan | Unikatni autohtoni poklon paketi | Gift Box | Gift basket | Adria-Klik Supply webshop trgovina dostava namirnica, vina, craft piva i delicija Superbrza dostava Zagreb Wolt Glovo Hrvatska i EU DPD GLS - profesionalna vinska logistika #kupujmohrvatsko Naruci online, sigurna kupovina i brza dostava Croatia Unique Craft Beer Gift box \/ basket - Premium Craft beer gift box Nova runda brewery | Croatia autochthonous variety of wine Gift box unique - Autohtona sorta vina Poklon paket - Poslovni pokloni | Pokloni za ro\u0111endan i sve ostale prigode Plavac mali Dinga\u010d i Postup |Po\u0161ip | Grk | Malvazija | \u0160krlet | Pjenu\u0161ci |\",\"breadcrumb\":{\"@id\":\"https:\/\/adria-klik.com\/proizvod\/putni-gel-za-dezinfekciju-ruku-ubija-99-9-bakterija-50-ml-elda-croatia\/#breadcrumb\"},\"inLanguage\":\"en-US\",\"potentialAction\":[{\"@type\":\"ReadAction\",\"target\":[\"https:\/\/adria-klik.com\/proizvod\/putni-gel-za-dezinfekciju-ruku-ubija-99-9-bakterija-50-ml-elda-croatia\/\"]}]},{\"@type\":\"ImageObject\",\"inLanguage\":\"en-US\",\"@id\":\"https:\/\/adria-klik.com\/proizvod\/putni-gel-za-dezinfekciju-ruku-ubija-99-9-bakterija-50-ml-elda-croatia\/#primaryimage\",\"url\":\"https:\/\/adria-klik.com\/wp-content\/uploads\/2020\/07\/50ml_antiseptik_gel_99_9bakterija_hrvatski_proizvod_Adria_supply_delivery_dostava.jpg\",\"contentUrl\":\"https:\/\/adria-klik.com\/wp-content\/uploads\/2020\/07\/50ml_antiseptik_gel_99_9bakterija_hrvatski_proizvod_Adria_supply_delivery_dostava.jpg\",\"width\":327,\"height\":327,\"caption\":\"Approved by the Croatia Ministry of Health Manufactured in the Croatian laboratory accredited according to the requirements of the HRN EN ISO \/ IEC 17025: 2017 standard Gentle for the skin and with a hydrating effect Based on 70% alcohol\"},{\"@type\":\"BreadcrumbList\",\"@id\":\"https:\/\/adria-klik.com\/proizvod\/putni-gel-za-dezinfekciju-ruku-ubija-99-9-bakterija-50-ml-elda-croatia\/#breadcrumb\",\"itemListElement\":[{\"@type\":\"ListItem\",\"position\":1,\"name\":\"Po\u010detna stranica\",\"item\":\"https:\/\/adria-klik.com\/en\/\"},{\"@type\":\"ListItem\",\"position\":2,\"name\":\"Shop\",\"item\":\"https:\/\/adria-klik.com\/shop\/\"},{\"@type\":\"ListItem\",\"position\":3,\"name\":\"&#8220;Handy&#8221; Gel Hand Disinfection Kills 99.9% Bacteria 50 ml &#8211; Elda Croatia\"}]},{\"@type\":\"WebSite\",\"@id\":\"https:\/\/adria-klik.com\/#website\",\"url\":\"https:\/\/adria-klik.com\/\",\"name\":\"Adria-Klik.com\",\"description\":\"Unikatni poklon paketi, Vina, Craft pivo &amp; Delicije - webshop\",\"publisher\":{\"@id\":\"https:\/\/adria-klik.com\/#organization\"},\"potentialAction\":[{\"@type\":\"SearchAction\",\"target\":{\"@type\":\"EntryPoint\",\"urlTemplate\":\"https:\/\/adria-klik.com\/?s={search_term_string}\"},\"query-input\":{\"@type\":\"PropertyValueSpecification\",\"valueRequired\":true,\"valueName\":\"search_term_string\"}}],\"inLanguage\":\"en-US\"},{\"@type\":\"Organization\",\"@id\":\"https:\/\/adria-klik.com\/#organization\",\"name\":\"Adria-Klik.com\",\"alternateName\":\"AK\",\"url\":\"https:\/\/adria-klik.com\/\",\"logo\":{\"@type\":\"ImageObject\",\"inLanguage\":\"en-US\",\"@id\":\"https:\/\/adria-klik.com\/#\/schema\/logo\/image\/\",\"url\":\"https:\/\/adria-klik.com\/wp-content\/uploads\/2025\/12\/Adria-Klik_com-logo-namirnice-vina-craft-pivo-delikatese-delicije-artisan-cokolada.jpg\",\"contentUrl\":\"https:\/\/adria-klik.com\/wp-content\/uploads\/2025\/12\/Adria-Klik_com-logo-namirnice-vina-craft-pivo-delikatese-delicije-artisan-cokolada.jpg\",\"width\":500,\"height\":500,\"caption\":\"Adria-Klik.com\"},\"image\":{\"@id\":\"https:\/\/adria-klik.com\/#\/schema\/logo\/image\/\"},\"sameAs\":[\"https:\/\/www.facebook.com\/profile.php?id=100064209425136\",\"https:\/\/www.instagram.com\/adriaklik\/\",\"https:\/\/www.youtube.com\/user\/PlavacmaliZagreb\"]}]}<\/script>\n<!-- \/ Yoast SEO plugin. -->","yoast_head_json":{"title":"\"Handy\" Gel Hand Disinfection Kills 99.9% Bacteria 50 ml - Elda Croatia - Adria-Klik.com","description":"Poklon paketi | Poslovni pokoni | Poklon za ro\u0111endan | Unikatni autohtoni poklon paketi | Gift Box | Gift basket | Adria-Klik Supply webshop trgovina dostava namirnica, vina, craft piva i delicija Superbrza dostava Zagreb Wolt Glovo Hrvatska i EU DPD GLS - profesionalna vinska logistika #kupujmohrvatsko Naruci online, sigurna kupovina i brza dostava Croatia Unique Craft Beer Gift box \/ basket - Premium Craft beer gift box Nova runda brewery | Croatia autochthonous variety of wine Gift box unique - Autohtona sorta vina Poklon paket - Poslovni pokloni | Pokloni za ro\u0111endan i sve ostale prigode Plavac mali Dinga\u010d i Postup |Po\u0161ip | Grk | Malvazija | \u0160krlet | Pjenu\u0161ci |","robots":{"index":"index","follow":"follow","max-snippet":"max-snippet:-1","max-image-preview":"max-image-preview:large","max-video-preview":"max-video-preview:-1"},"canonical":"https:\/\/adria-klik.com\/proizvod\/putni-gel-za-dezinfekciju-ruku-ubija-99-9-bakterija-50-ml-elda-croatia\/","og_locale":"en_US","og_type":"article","og_title":"\"Handy\" Gel Hand Disinfection Kills 99.9% Bacteria 50 ml - Elda Croatia - Adria-Klik.com","og_description":"Poklon paketi | Poslovni pokoni | Poklon za ro\u0111endan | Unikatni autohtoni poklon paketi | Gift Box | Gift basket | Adria-Klik Supply webshop trgovina dostava namirnica, vina, craft piva i delicija Superbrza dostava Zagreb Wolt Glovo Hrvatska i EU DPD GLS - profesionalna vinska logistika #kupujmohrvatsko Naruci online, sigurna kupovina i brza dostava Croatia Unique Craft Beer Gift box \/ basket - Premium Craft beer gift box Nova runda brewery | Croatia autochthonous variety of wine Gift box unique - Autohtona sorta vina Poklon paket - Poslovni pokloni | Pokloni za ro\u0111endan i sve ostale prigode Plavac mali Dinga\u010d i Postup |Po\u0161ip | Grk | Malvazija | \u0160krlet | Pjenu\u0161ci |","og_url":"https:\/\/adria-klik.com\/proizvod\/putni-gel-za-dezinfekciju-ruku-ubija-99-9-bakterija-50-ml-elda-croatia\/","og_site_name":"Adria-Klik.com","article_publisher":"https:\/\/www.facebook.com\/profile.php?id=100064209425136","article_modified_time":"2023-04-23T23:12:53+00:00","og_image":[{"width":327,"height":327,"url":"https:\/\/adria-klik.com\/wp-content\/uploads\/2020\/07\/50ml_antiseptik_gel_99_9bakterija_hrvatski_proizvod_Adria_supply_delivery_dostava.jpg","type":"image\/jpeg"}],"twitter_card":"summary_large_image","schema":{"@context":"https:\/\/schema.org","@graph":[{"@type":"WebPage","@id":"https:\/\/adria-klik.com\/proizvod\/putni-gel-za-dezinfekciju-ruku-ubija-99-9-bakterija-50-ml-elda-croatia\/","url":"https:\/\/adria-klik.com\/proizvod\/putni-gel-za-dezinfekciju-ruku-ubija-99-9-bakterija-50-ml-elda-croatia\/","name":"\"Handy\" Gel Hand Disinfection Kills 99.9% Bacteria 50 ml - Elda Croatia - Adria-Klik.com","isPartOf":{"@id":"https:\/\/adria-klik.com\/#website"},"primaryImageOfPage":{"@id":"https:\/\/adria-klik.com\/proizvod\/putni-gel-za-dezinfekciju-ruku-ubija-99-9-bakterija-50-ml-elda-croatia\/#primaryimage"},"image":{"@id":"https:\/\/adria-klik.com\/proizvod\/putni-gel-za-dezinfekciju-ruku-ubija-99-9-bakterija-50-ml-elda-croatia\/#primaryimage"},"thumbnailUrl":"https:\/\/adria-klik.com\/wp-content\/uploads\/2020\/07\/50ml_antiseptik_gel_99_9bakterija_hrvatski_proizvod_Adria_supply_delivery_dostava.jpg","datePublished":"2020-07-14T22:59:47+00:00","dateModified":"2023-04-23T23:12:53+00:00","description":"Poklon paketi | Poslovni pokoni | Poklon za ro\u0111endan | Unikatni autohtoni poklon paketi | Gift Box | Gift basket | Adria-Klik Supply webshop trgovina dostava namirnica, vina, craft piva i delicija Superbrza dostava Zagreb Wolt Glovo Hrvatska i EU DPD GLS - profesionalna vinska logistika #kupujmohrvatsko Naruci online, sigurna kupovina i brza dostava Croatia Unique Craft Beer Gift box \/ basket - Premium Craft beer gift box Nova runda brewery | Croatia autochthonous variety of wine Gift box unique - Autohtona sorta vina Poklon paket - Poslovni pokloni | Pokloni za ro\u0111endan i sve ostale prigode Plavac mali Dinga\u010d i Postup |Po\u0161ip | Grk | Malvazija | \u0160krlet | Pjenu\u0161ci |","breadcrumb":{"@id":"https:\/\/adria-klik.com\/proizvod\/putni-gel-za-dezinfekciju-ruku-ubija-99-9-bakterija-50-ml-elda-croatia\/#breadcrumb"},"inLanguage":"en-US","potentialAction":[{"@type":"ReadAction","target":["https:\/\/adria-klik.com\/proizvod\/putni-gel-za-dezinfekciju-ruku-ubija-99-9-bakterija-50-ml-elda-croatia\/"]}]},{"@type":"ImageObject","inLanguage":"en-US","@id":"https:\/\/adria-klik.com\/proizvod\/putni-gel-za-dezinfekciju-ruku-ubija-99-9-bakterija-50-ml-elda-croatia\/#primaryimage","url":"https:\/\/adria-klik.com\/wp-content\/uploads\/2020\/07\/50ml_antiseptik_gel_99_9bakterija_hrvatski_proizvod_Adria_supply_delivery_dostava.jpg","contentUrl":"https:\/\/adria-klik.com\/wp-content\/uploads\/2020\/07\/50ml_antiseptik_gel_99_9bakterija_hrvatski_proizvod_Adria_supply_delivery_dostava.jpg","width":327,"height":327,"caption":"Approved by the Croatia Ministry of Health Manufactured in the Croatian laboratory accredited according to the requirements of the HRN EN ISO \/ IEC 17025: 2017 standard Gentle for the skin and with a hydrating effect Based on 70% alcohol"},{"@type":"BreadcrumbList","@id":"https:\/\/adria-klik.com\/proizvod\/putni-gel-za-dezinfekciju-ruku-ubija-99-9-bakterija-50-ml-elda-croatia\/#breadcrumb","itemListElement":[{"@type":"ListItem","position":1,"name":"Po\u010detna stranica","item":"https:\/\/adria-klik.com\/en\/"},{"@type":"ListItem","position":2,"name":"Shop","item":"https:\/\/adria-klik.com\/shop\/"},{"@type":"ListItem","position":3,"name":"&#8220;Handy&#8221; Gel Hand Disinfection Kills 99.9% Bacteria 50 ml &#8211; Elda Croatia"}]},{"@type":"WebSite","@id":"https:\/\/adria-klik.com\/#website","url":"https:\/\/adria-klik.com\/","name":"Adria-Klik.com","description":"Unikatni poklon paketi, Vina, Craft pivo &amp; Delicije - webshop","publisher":{"@id":"https:\/\/adria-klik.com\/#organization"},"potentialAction":[{"@type":"SearchAction","target":{"@type":"EntryPoint","urlTemplate":"https:\/\/adria-klik.com\/?s={search_term_string}"},"query-input":{"@type":"PropertyValueSpecification","valueRequired":true,"valueName":"search_term_string"}}],"inLanguage":"en-US"},{"@type":"Organization","@id":"https:\/\/adria-klik.com\/#organization","name":"Adria-Klik.com","alternateName":"AK","url":"https:\/\/adria-klik.com\/","logo":{"@type":"ImageObject","inLanguage":"en-US","@id":"https:\/\/adria-klik.com\/#\/schema\/logo\/image\/","url":"https:\/\/adria-klik.com\/wp-content\/uploads\/2025\/12\/Adria-Klik_com-logo-namirnice-vina-craft-pivo-delikatese-delicije-artisan-cokolada.jpg","contentUrl":"https:\/\/adria-klik.com\/wp-content\/uploads\/2025\/12\/Adria-Klik_com-logo-namirnice-vina-craft-pivo-delikatese-delicije-artisan-cokolada.jpg","width":500,"height":500,"caption":"Adria-Klik.com"},"image":{"@id":"https:\/\/adria-klik.com\/#\/schema\/logo\/image\/"},"sameAs":["https:\/\/www.facebook.com\/profile.php?id=100064209425136","https:\/\/www.instagram.com\/adriaklik\/","https:\/\/www.youtube.com\/user\/PlavacmaliZagreb"]}]}},"jetpack_sharing_enabled":true,"jetpack-related-posts":[],"_links":{"self":[{"href":"https:\/\/adria-klik.com\/en\/wp-json\/wp\/v2\/product\/12549","targetHints":{"allow":["GET"]}}],"collection":[{"href":"https:\/\/adria-klik.com\/en\/wp-json\/wp\/v2\/product"}],"about":[{"href":"https:\/\/adria-klik.com\/en\/wp-json\/wp\/v2\/types\/product"}],"replies":[{"embeddable":true,"href":"https:\/\/adria-klik.com\/en\/wp-json\/wp\/v2\/comments?post=12549"}],"wp:featuredmedia":[{"embeddable":true,"href":"https:\/\/adria-klik.com\/en\/wp-json\/wp\/v2\/media\/12550"}],"wp:attachment":[{"href":"https:\/\/adria-klik.com\/en\/wp-json\/wp\/v2\/media?parent=12549"}],"wp:term":[{"taxonomy":"product_brand","embeddable":true,"href":"https:\/\/adria-klik.com\/en\/wp-json\/wp\/v2\/product_brand?post=12549"},{"taxonomy":"product_cat","embeddable":true,"href":"https:\/\/adria-klik.com\/en\/wp-json\/wp\/v2\/product_cat?post=12549"},{"taxonomy":"product_tag","embeddable":true,"href":"https:\/\/adria-klik.com\/en\/wp-json\/wp\/v2\/product_tag?post=12549"},{"taxonomy":"berocket_brand","embeddable":true,"href":"https:\/\/adria-klik.com\/en\/wp-json\/wp\/v2\/berocket_brand?post=12549"}],"curies":[{"name":"wp","href":"https:\/\/api.w.org\/{rel}","templated":true}]}}