{"id":12556,"date":"2019-05-18T07:04:17","date_gmt":"2019-05-18T05:04:17","guid":{"rendered":"https:\/\/adria.riot.hr\/?post_type=product&#038;p=12556"},"modified":"2021-04-13T00:04:12","modified_gmt":"2021-04-12T22:04:12","slug":"grasevina-kutjevo-1l-2","status":"publish","type":"product","link":"https:\/\/adria-klik.com\/en\/proizvod\/grasevina-kutjevo-1l-2\/","title":{"rendered":"Gra\u0161evina Kutjevo 1l Akcija!"},"content":{"rendered":"<ul>\n<li><strong>Gra\u0161evina<\/strong> is a famous Croatian wine brand that exists for over a century<\/li>\n<li>It is the most drinkable wine in\u00a0<strong>Croatia<\/strong> and wider region. Gra\u0161evina Kutjevo<\/li>\n<li>It represents a crystal clear yellow-green wine. Its taste is fresh and balanced, with a mildly bitter retro taste, which is a feature of the <strong>Gra\u0161evina<\/strong>\u00a0variety.<\/li>\n<li>We recommend serving\u00a0<strong>Gra\u0161evina<\/strong>\u00a0cooled to 10-12 \u00b0C, with\u00a0<strong>pasta<\/strong>,\u00a0<strong>white meat<\/strong>, and\u00a0<strong>white fish<\/strong>\u00a0dishes, as well as in combination with various dried meat delicacies.<\/li>\n<\/ul>\n","protected":false},"excerpt":{"rendered":"<ul>\n<li><strong>Gra\u0161evina<\/strong> is a famous Croatian wine brand that exists for over a century<\/li>\n<li>It is the most drinkable wine in\u00a0<strong>Croatia<\/strong> and wider region.<\/li>\n<\/ul>\n","protected":false},"featured_media":15225,"comment_status":"open","ping_status":"closed","template":"","meta":{"_acf_changed":false},"product_brand":[],"product_cat":[426,382],"product_tag":[1507],"berocket_brand":[],"class_list":{"0":"post-12556","1":"product","2":"type-product","3":"status-publish","4":"has-post-thumbnail","6":"product_cat-white","7":"product_cat-wine","8":"product_tag-order-plavac-mali-child-of-zinfandel-primitivo-crljenak-croatian-premium-wine-webshop-delivery","10":"first","11":"outofstock","12":"featured","13":"shipping-taxable","14":"purchasable","15":"product-type-simple"},"acf":[],"yoast_head":"<!-- This site is optimized with the Yoast SEO plugin v26.9 - https:\/\/yoast.com\/product\/yoast-seo-wordpress\/ -->\n<title>Gra\u0161evina Kutjevo 1l Akcija! - Adria-Klik.com<\/title>\n<meta name=\"description\" content=\"Kutjevo Gra\u0161evina 1l | Adria-Klik Superbrza dostava Kutjevo Vina. Naru\u010di namirnice, vina, delicije, craft pive, doma\u0107e darvone pakete eko bio\" \/>\n<meta name=\"robots\" content=\"index, follow, max-snippet:-1, max-image-preview:large, max-video-preview:-1\" \/>\n<link rel=\"canonical\" href=\"https:\/\/adria-klik.com\/proizvod\/kutjevo-grasevina-1l-adria-klik-superbrza-dostava-kutjevo-vina-naruci-namirnice-vina-delicije-craft-pive-domace-darvone-pakete-eko-bio\/\" \/>\n<meta property=\"og:locale\" content=\"en_US\" \/>\n<meta property=\"og:type\" content=\"article\" \/>\n<meta property=\"og:title\" content=\"Kutjevo Gra\u0161evina 1l | Adria-Klik Superbrza dostava Kutjevo Vina. Naru\u010di namirnice, vina, delicije, craft pive, doma\u0107e darvone pakete eko bio\" \/>\n<meta property=\"og:description\" content=\"Kutjevo Gra\u0161evina 1l | Adria-Klik Superbrza dostava Kutjevo Vina. Naru\u010di namirnice, vina, delicije, craft pive, doma\u0107e darvone pakete eko bio\" \/>\n<meta property=\"og:url\" content=\"https:\/\/adria-klik.com\/proizvod\/kutjevo-grasevina-1l-adria-klik-superbrza-dostava-kutjevo-vina-naruci-namirnice-vina-delicije-craft-pive-domace-darvone-pakete-eko-bio\/\" \/>\n<meta property=\"og:site_name\" content=\"Adria-Klik.com\" \/>\n<meta property=\"article:publisher\" content=\"https:\/\/www.facebook.com\/profile.php?id=100064209425136\" \/>\n<meta property=\"article:modified_time\" content=\"2021-04-12T22:04:12+00:00\" \/>\n<meta property=\"og:image\" content=\"https:\/\/adria-klik.com\/wp-content\/uploads\/2019\/05\/kutjevo_grasevina_1l_Adria-Klik-_Supply_Kupipovoljno_brza_dostava_hladno_pice_ducan_webshop_Croatia.jpg\" \/>\n\t<meta property=\"og:image:width\" content=\"1024\" \/>\n\t<meta property=\"og:image:height\" content=\"1024\" \/>\n\t<meta property=\"og:image:type\" content=\"image\/jpeg\" \/>\n<meta name=\"twitter:card\" content=\"summary_large_image\" \/>\n<meta name=\"twitter:title\" content=\"Kutjevo Gra\u0161evina 1l | Adria-Klik Superbrza dostava Kutjevo Vina. Naru\u010di namirnice, vina, delicije, craft pive, doma\u0107e darvone pakete eko bio\" \/>\n<meta name=\"twitter:description\" content=\"Kutjevo Gra\u0161evina 1l | Adria-Klik Superbrza dostava Kutjevo Vina. Naru\u010di namirnice, vina, delicije, craft pive, doma\u0107e darvone pakete eko bio\" \/>\n<meta name=\"twitter:image\" content=\"https:\/\/adria-klik.com\/wp-content\/uploads\/2019\/05\/kutjevo_grasevina_1l_Adria-Klik-_Supply_Kupipovoljno_brza_dostava_hladno_pice_ducan_webshop_Croatia.jpg\" \/>\n<meta name=\"twitter:label1\" content=\"Est. reading time\" \/>\n\t<meta name=\"twitter:data1\" content=\"1 minute\" \/>\n<script type=\"application\/ld+json\" class=\"yoast-schema-graph\">{\"@context\":\"https:\/\/schema.org\",\"@graph\":[{\"@type\":\"WebPage\",\"@id\":\"https:\/\/adria-klik.com\/proizvod\/kutjevo-grasevina-1l-adria-klik-superbrza-dostava-kutjevo-vina-naruci-namirnice-vina-delicije-craft-pive-domace-darvone-pakete-eko-bio\/\",\"url\":\"https:\/\/adria-klik.com\/proizvod\/kutjevo-grasevina-1l-adria-klik-superbrza-dostava-kutjevo-vina-naruci-namirnice-vina-delicije-craft-pive-domace-darvone-pakete-eko-bio\/\",\"name\":\"Gra\u0161evina Kutjevo 1l Akcija! - Adria-Klik.com\",\"isPartOf\":{\"@id\":\"https:\/\/adria-klik.com\/#website\"},\"primaryImageOfPage\":{\"@id\":\"https:\/\/adria-klik.com\/proizvod\/kutjevo-grasevina-1l-adria-klik-superbrza-dostava-kutjevo-vina-naruci-namirnice-vina-delicije-craft-pive-domace-darvone-pakete-eko-bio\/#primaryimage\"},\"image\":{\"@id\":\"https:\/\/adria-klik.com\/proizvod\/kutjevo-grasevina-1l-adria-klik-superbrza-dostava-kutjevo-vina-naruci-namirnice-vina-delicije-craft-pive-domace-darvone-pakete-eko-bio\/#primaryimage\"},\"thumbnailUrl\":\"https:\/\/adria-klik.com\/wp-content\/uploads\/2019\/05\/kutjevo_grasevina_1l_Adria-Klik-_Supply_Kupipovoljno_brza_dostava_hladno_pice_ducan_webshop_Croatia.jpg\",\"datePublished\":\"2019-05-18T05:04:17+00:00\",\"dateModified\":\"2021-04-12T22:04:12+00:00\",\"description\":\"Kutjevo Gra\u0161evina 1l | Adria-Klik Superbrza dostava Kutjevo Vina. Naru\u010di namirnice, vina, delicije, craft pive, doma\u0107e darvone pakete eko bio\",\"breadcrumb\":{\"@id\":\"https:\/\/adria-klik.com\/proizvod\/kutjevo-grasevina-1l-adria-klik-superbrza-dostava-kutjevo-vina-naruci-namirnice-vina-delicije-craft-pive-domace-darvone-pakete-eko-bio\/#breadcrumb\"},\"inLanguage\":\"en-US\",\"potentialAction\":[{\"@type\":\"ReadAction\",\"target\":[\"https:\/\/adria-klik.com\/proizvod\/kutjevo-grasevina-1l-adria-klik-superbrza-dostava-kutjevo-vina-naruci-namirnice-vina-delicije-craft-pive-domace-darvone-pakete-eko-bio\/\"]}]},{\"@type\":\"ImageObject\",\"inLanguage\":\"en-US\",\"@id\":\"https:\/\/adria-klik.com\/proizvod\/kutjevo-grasevina-1l-adria-klik-superbrza-dostava-kutjevo-vina-naruci-namirnice-vina-delicije-craft-pive-domace-darvone-pakete-eko-bio\/#primaryimage\",\"url\":\"https:\/\/adria-klik.com\/wp-content\/uploads\/2019\/05\/kutjevo_grasevina_1l_Adria-Klik-_Supply_Kupipovoljno_brza_dostava_hladno_pice_ducan_webshop_Croatia.jpg\",\"contentUrl\":\"https:\/\/adria-klik.com\/wp-content\/uploads\/2019\/05\/kutjevo_grasevina_1l_Adria-Klik-_Supply_Kupipovoljno_brza_dostava_hladno_pice_ducan_webshop_Croatia.jpg\",\"width\":1024,\"height\":1024,\"caption\":\"Kutjevo Gra\u0161evina 1l | Adria-Klik Superbrza dostava Kutjevo Vina. Naru\u010di namirnice, vina, delicije, craft pive, doma\u0107e darvone pakete eko bio\"},{\"@type\":\"BreadcrumbList\",\"@id\":\"https:\/\/adria-klik.com\/proizvod\/kutjevo-grasevina-1l-adria-klik-superbrza-dostava-kutjevo-vina-naruci-namirnice-vina-delicije-craft-pive-domace-darvone-pakete-eko-bio\/#breadcrumb\",\"itemListElement\":[{\"@type\":\"ListItem\",\"position\":1,\"name\":\"Po\u010detna stranica\",\"item\":\"https:\/\/adria-klik.com\/en\/\"},{\"@type\":\"ListItem\",\"position\":2,\"name\":\"Shop\",\"item\":\"https:\/\/adria-klik.com\/shop\/\"},{\"@type\":\"ListItem\",\"position\":3,\"name\":\"Gra\u0161evina Kutjevo 1l Akcija!\"}]},{\"@type\":\"WebSite\",\"@id\":\"https:\/\/adria-klik.com\/#website\",\"url\":\"https:\/\/adria-klik.com\/\",\"name\":\"Adria-Klik.com\",\"description\":\"Unikatni poklon paketi, Vina, Craft pivo &amp; Delicije - webshop\",\"publisher\":{\"@id\":\"https:\/\/adria-klik.com\/#organization\"},\"potentialAction\":[{\"@type\":\"SearchAction\",\"target\":{\"@type\":\"EntryPoint\",\"urlTemplate\":\"https:\/\/adria-klik.com\/?s={search_term_string}\"},\"query-input\":{\"@type\":\"PropertyValueSpecification\",\"valueRequired\":true,\"valueName\":\"search_term_string\"}}],\"inLanguage\":\"en-US\"},{\"@type\":\"Organization\",\"@id\":\"https:\/\/adria-klik.com\/#organization\",\"name\":\"Adria-Klik.com\",\"alternateName\":\"AK\",\"url\":\"https:\/\/adria-klik.com\/\",\"logo\":{\"@type\":\"ImageObject\",\"inLanguage\":\"en-US\",\"@id\":\"https:\/\/adria-klik.com\/#\/schema\/logo\/image\/\",\"url\":\"https:\/\/adria-klik.com\/wp-content\/uploads\/2025\/12\/Adria-Klik_com-logo-namirnice-vina-craft-pivo-delikatese-delicije-artisan-cokolada.jpg\",\"contentUrl\":\"https:\/\/adria-klik.com\/wp-content\/uploads\/2025\/12\/Adria-Klik_com-logo-namirnice-vina-craft-pivo-delikatese-delicije-artisan-cokolada.jpg\",\"width\":500,\"height\":500,\"caption\":\"Adria-Klik.com\"},\"image\":{\"@id\":\"https:\/\/adria-klik.com\/#\/schema\/logo\/image\/\"},\"sameAs\":[\"https:\/\/www.facebook.com\/profile.php?id=100064209425136\",\"https:\/\/www.instagram.com\/adriaklik\/\",\"https:\/\/www.youtube.com\/user\/PlavacmaliZagreb\"]}]}<\/script>\n<!-- \/ Yoast SEO plugin. -->","yoast_head_json":{"title":"Gra\u0161evina Kutjevo 1l Akcija! - Adria-Klik.com","description":"Kutjevo Gra\u0161evina 1l | Adria-Klik Superbrza dostava Kutjevo Vina. Naru\u010di namirnice, vina, delicije, craft pive, doma\u0107e darvone pakete eko bio","robots":{"index":"index","follow":"follow","max-snippet":"max-snippet:-1","max-image-preview":"max-image-preview:large","max-video-preview":"max-video-preview:-1"},"canonical":"https:\/\/adria-klik.com\/proizvod\/kutjevo-grasevina-1l-adria-klik-superbrza-dostava-kutjevo-vina-naruci-namirnice-vina-delicije-craft-pive-domace-darvone-pakete-eko-bio\/","og_locale":"en_US","og_type":"article","og_title":"Kutjevo Gra\u0161evina 1l | Adria-Klik Superbrza dostava Kutjevo Vina. Naru\u010di namirnice, vina, delicije, craft pive, doma\u0107e darvone pakete eko bio","og_description":"Kutjevo Gra\u0161evina 1l | Adria-Klik Superbrza dostava Kutjevo Vina. Naru\u010di namirnice, vina, delicije, craft pive, doma\u0107e darvone pakete eko bio","og_url":"https:\/\/adria-klik.com\/proizvod\/kutjevo-grasevina-1l-adria-klik-superbrza-dostava-kutjevo-vina-naruci-namirnice-vina-delicije-craft-pive-domace-darvone-pakete-eko-bio\/","og_site_name":"Adria-Klik.com","article_publisher":"https:\/\/www.facebook.com\/profile.php?id=100064209425136","article_modified_time":"2021-04-12T22:04:12+00:00","og_image":[{"width":1024,"height":1024,"url":"https:\/\/adria-klik.com\/wp-content\/uploads\/2019\/05\/kutjevo_grasevina_1l_Adria-Klik-_Supply_Kupipovoljno_brza_dostava_hladno_pice_ducan_webshop_Croatia.jpg","type":"image\/jpeg"}],"twitter_card":"summary_large_image","twitter_title":"Kutjevo Gra\u0161evina 1l | Adria-Klik Superbrza dostava Kutjevo Vina. Naru\u010di namirnice, vina, delicije, craft pive, doma\u0107e darvone pakete eko bio","twitter_description":"Kutjevo Gra\u0161evina 1l | Adria-Klik Superbrza dostava Kutjevo Vina. Naru\u010di namirnice, vina, delicije, craft pive, doma\u0107e darvone pakete eko bio","twitter_image":"https:\/\/adria-klik.com\/wp-content\/uploads\/2019\/05\/kutjevo_grasevina_1l_Adria-Klik-_Supply_Kupipovoljno_brza_dostava_hladno_pice_ducan_webshop_Croatia.jpg","twitter_misc":{"Est. reading time":"1 minute"},"schema":{"@context":"https:\/\/schema.org","@graph":[{"@type":"WebPage","@id":"https:\/\/adria-klik.com\/proizvod\/kutjevo-grasevina-1l-adria-klik-superbrza-dostava-kutjevo-vina-naruci-namirnice-vina-delicije-craft-pive-domace-darvone-pakete-eko-bio\/","url":"https:\/\/adria-klik.com\/proizvod\/kutjevo-grasevina-1l-adria-klik-superbrza-dostava-kutjevo-vina-naruci-namirnice-vina-delicije-craft-pive-domace-darvone-pakete-eko-bio\/","name":"Gra\u0161evina Kutjevo 1l Akcija! - Adria-Klik.com","isPartOf":{"@id":"https:\/\/adria-klik.com\/#website"},"primaryImageOfPage":{"@id":"https:\/\/adria-klik.com\/proizvod\/kutjevo-grasevina-1l-adria-klik-superbrza-dostava-kutjevo-vina-naruci-namirnice-vina-delicije-craft-pive-domace-darvone-pakete-eko-bio\/#primaryimage"},"image":{"@id":"https:\/\/adria-klik.com\/proizvod\/kutjevo-grasevina-1l-adria-klik-superbrza-dostava-kutjevo-vina-naruci-namirnice-vina-delicije-craft-pive-domace-darvone-pakete-eko-bio\/#primaryimage"},"thumbnailUrl":"https:\/\/adria-klik.com\/wp-content\/uploads\/2019\/05\/kutjevo_grasevina_1l_Adria-Klik-_Supply_Kupipovoljno_brza_dostava_hladno_pice_ducan_webshop_Croatia.jpg","datePublished":"2019-05-18T05:04:17+00:00","dateModified":"2021-04-12T22:04:12+00:00","description":"Kutjevo Gra\u0161evina 1l | Adria-Klik Superbrza dostava Kutjevo Vina. Naru\u010di namirnice, vina, delicije, craft pive, doma\u0107e darvone pakete eko bio","breadcrumb":{"@id":"https:\/\/adria-klik.com\/proizvod\/kutjevo-grasevina-1l-adria-klik-superbrza-dostava-kutjevo-vina-naruci-namirnice-vina-delicije-craft-pive-domace-darvone-pakete-eko-bio\/#breadcrumb"},"inLanguage":"en-US","potentialAction":[{"@type":"ReadAction","target":["https:\/\/adria-klik.com\/proizvod\/kutjevo-grasevina-1l-adria-klik-superbrza-dostava-kutjevo-vina-naruci-namirnice-vina-delicije-craft-pive-domace-darvone-pakete-eko-bio\/"]}]},{"@type":"ImageObject","inLanguage":"en-US","@id":"https:\/\/adria-klik.com\/proizvod\/kutjevo-grasevina-1l-adria-klik-superbrza-dostava-kutjevo-vina-naruci-namirnice-vina-delicije-craft-pive-domace-darvone-pakete-eko-bio\/#primaryimage","url":"https:\/\/adria-klik.com\/wp-content\/uploads\/2019\/05\/kutjevo_grasevina_1l_Adria-Klik-_Supply_Kupipovoljno_brza_dostava_hladno_pice_ducan_webshop_Croatia.jpg","contentUrl":"https:\/\/adria-klik.com\/wp-content\/uploads\/2019\/05\/kutjevo_grasevina_1l_Adria-Klik-_Supply_Kupipovoljno_brza_dostava_hladno_pice_ducan_webshop_Croatia.jpg","width":1024,"height":1024,"caption":"Kutjevo Gra\u0161evina 1l | Adria-Klik Superbrza dostava Kutjevo Vina. Naru\u010di namirnice, vina, delicije, craft pive, doma\u0107e darvone pakete eko bio"},{"@type":"BreadcrumbList","@id":"https:\/\/adria-klik.com\/proizvod\/kutjevo-grasevina-1l-adria-klik-superbrza-dostava-kutjevo-vina-naruci-namirnice-vina-delicije-craft-pive-domace-darvone-pakete-eko-bio\/#breadcrumb","itemListElement":[{"@type":"ListItem","position":1,"name":"Po\u010detna stranica","item":"https:\/\/adria-klik.com\/en\/"},{"@type":"ListItem","position":2,"name":"Shop","item":"https:\/\/adria-klik.com\/shop\/"},{"@type":"ListItem","position":3,"name":"Gra\u0161evina Kutjevo 1l Akcija!"}]},{"@type":"WebSite","@id":"https:\/\/adria-klik.com\/#website","url":"https:\/\/adria-klik.com\/","name":"Adria-Klik.com","description":"Unikatni poklon paketi, Vina, Craft pivo &amp; Delicije - webshop","publisher":{"@id":"https:\/\/adria-klik.com\/#organization"},"potentialAction":[{"@type":"SearchAction","target":{"@type":"EntryPoint","urlTemplate":"https:\/\/adria-klik.com\/?s={search_term_string}"},"query-input":{"@type":"PropertyValueSpecification","valueRequired":true,"valueName":"search_term_string"}}],"inLanguage":"en-US"},{"@type":"Organization","@id":"https:\/\/adria-klik.com\/#organization","name":"Adria-Klik.com","alternateName":"AK","url":"https:\/\/adria-klik.com\/","logo":{"@type":"ImageObject","inLanguage":"en-US","@id":"https:\/\/adria-klik.com\/#\/schema\/logo\/image\/","url":"https:\/\/adria-klik.com\/wp-content\/uploads\/2025\/12\/Adria-Klik_com-logo-namirnice-vina-craft-pivo-delikatese-delicije-artisan-cokolada.jpg","contentUrl":"https:\/\/adria-klik.com\/wp-content\/uploads\/2025\/12\/Adria-Klik_com-logo-namirnice-vina-craft-pivo-delikatese-delicije-artisan-cokolada.jpg","width":500,"height":500,"caption":"Adria-Klik.com"},"image":{"@id":"https:\/\/adria-klik.com\/#\/schema\/logo\/image\/"},"sameAs":["https:\/\/www.facebook.com\/profile.php?id=100064209425136","https:\/\/www.instagram.com\/adriaklik\/","https:\/\/www.youtube.com\/user\/PlavacmaliZagreb"]}]}},"jetpack_sharing_enabled":true,"jetpack-related-posts":[],"_links":{"self":[{"href":"https:\/\/adria-klik.com\/en\/wp-json\/wp\/v2\/product\/12556","targetHints":{"allow":["GET"]}}],"collection":[{"href":"https:\/\/adria-klik.com\/en\/wp-json\/wp\/v2\/product"}],"about":[{"href":"https:\/\/adria-klik.com\/en\/wp-json\/wp\/v2\/types\/product"}],"replies":[{"embeddable":true,"href":"https:\/\/adria-klik.com\/en\/wp-json\/wp\/v2\/comments?post=12556"}],"wp:featuredmedia":[{"embeddable":true,"href":"https:\/\/adria-klik.com\/en\/wp-json\/wp\/v2\/media\/15225"}],"wp:attachment":[{"href":"https:\/\/adria-klik.com\/en\/wp-json\/wp\/v2\/media?parent=12556"}],"wp:term":[{"taxonomy":"product_brand","embeddable":true,"href":"https:\/\/adria-klik.com\/en\/wp-json\/wp\/v2\/product_brand?post=12556"},{"taxonomy":"product_cat","embeddable":true,"href":"https:\/\/adria-klik.com\/en\/wp-json\/wp\/v2\/product_cat?post=12556"},{"taxonomy":"product_tag","embeddable":true,"href":"https:\/\/adria-klik.com\/en\/wp-json\/wp\/v2\/product_tag?post=12556"},{"taxonomy":"berocket_brand","embeddable":true,"href":"https:\/\/adria-klik.com\/en\/wp-json\/wp\/v2\/berocket_brand?post=12556"}],"curies":[{"name":"wp","href":"https:\/\/api.w.org\/{rel}","templated":true}]}}