{"id":13249,"date":"2020-08-01T20:56:04","date_gmt":"2020-08-01T18:56:04","guid":{"rendered":"https:\/\/adria.riot.hr\/?post_type=product&#038;p=13249"},"modified":"2021-07-20T01:12:30","modified_gmt":"2021-07-19T23:12:30","slug":"rose-opolo-plavac-mali-peljesac-075l-6pcs-box-grgurevic","status":"publish","type":"product","link":"https:\/\/adria-klik.com\/en\/proizvod\/rose-opolo-plavac-mali-peljesac-075l-6pcs-box-grgurevic\/","title":{"rendered":"Rose Opolo Plavac Mali Pelje\u0161ac 0,75l 6pcs. Box Grgurevi\u0107"},"content":{"rendered":"<p><span class=\"tlid-translation translation\" lang=\"en\"><span title=\"\">Rose Opolo Grgurevi\u0107 is a quality rose wine produced from Plavac Mali grapes x 6 pcs of this beautifull wine.<\/span><br \/><span title=\"\">Opolo is a cheerful red to pink color with beautiful various shades that vary from year to year, ie from specific climatological conditions.<\/span><br \/><span title=\"\">Opolo is dominated by the specific aroma of Plavac mali, which we recognize as fresh fruit, such as cherries, cherries, forest berries and, of course, the specialty of indigenous yeasts that give this wine the recognizability of the local terroir.<\/span><br \/><span class=\"\" title=\"\">The taste of the wine shows exceptional freshness and youthful playfulness, an extremely mild percentage of alcohol perfectly fits into this whole, making Grgurevi\u0107 Opolo extremely attractive, mostly a refreshing summer wine that must be drunk chilled.<\/span><\/span><span title=\"\">Harvest: mid-September<\/span><br \/><span title=\"\">Vinification: short maceration 18 to 36 hours of fermentation in stainless steel barrels<\/span><br \/><span title=\"\">Maturation: 6 months in stainless steel barrel 1 month in bottle<\/span><br \/><span title=\"\">Aging potential: 2-3 years<\/span><br \/><span title=\"\">Serving: 14 \u00b0 C<\/span><br \/><span title=\"\">Composition: Plavac mali 100%<\/span><\/p>\n<p><\/p>\n","protected":false},"excerpt":{"rendered":"<p><span class=\"tlid-translation translation\" lang=\"en\"><span title=\"\">Rose Opolo Grgurevi\u0107 is a quality rose wine produced from Plavac Mali grapes.<\/span><br \/><span title=\"\">Opolo is a cheerful red to pink color with beautiful various shades that vary from year to year, ie from specific climatological conditions.<\/span><br \/><span title=\"\">Opolo is dominated by the specific aroma of Plavac mali, which we recognize as fresh fruit, such as cherries, cherries, forest berries and, of course, the specialty of indigenous yeasts that give this wine the recognizability of the local terroir.<\/span><br \/><\/span><\/p>\n","protected":false},"featured_media":15784,"comment_status":"open","ping_status":"closed","template":"","meta":{"_acf_changed":false},"product_brand":[],"product_cat":[1162,1379,384,427,382],"product_tag":[1507,1508,1509],"berocket_brand":[],"class_list":{"0":"post-13249","1":"product","2":"type-product","3":"status-publish","4":"has-post-thumbnail","6":"product_cat-happy-packs-promo","7":"product_cat-okusi-adriu","8":"product_cat-promotions","9":"product_cat-rose","10":"product_cat-wine","11":"product_tag-order-plavac-mali-child-of-zinfandel-primitivo-crljenak-croatian-premium-wine-webshop-delivery","12":"product_tag-order-plavac-mali-child-of-zinfandel-primitivo-crljenak-croatian-premium-wine-webshop-delivery-en","13":"product_tag-order-plavac-mali-child-of-zinfandel-primitivo-crljenak-croatian-premium-wine-webshop-delivery-en-2","15":"first","16":"outofstock","17":"sale","18":"featured","19":"shipping-taxable","20":"purchasable","21":"product-type-simple"},"acf":[],"yoast_head":"<!-- This site is optimized with the Yoast SEO plugin v26.9 - https:\/\/yoast.com\/product\/yoast-seo-wordpress\/ -->\n<title>Rose Opolo Plavac Mali Pelje\u0161ac 0,75l 6pcs. Box Grgurevi\u0107 - Adria-Klik.com<\/title>\n<meta name=\"description\" content=\"Poklon paketi | Poslovni pokoni | Poklon za ro\u0111endan | Unikatni autohtoni poklon paketi | Gift Box | Gift basket | Adria-Klik Supply webshop trgovina dostava namirnica, vina, craft piva i delicija Superbrza dostava Zagreb Wolt Glovo Hrvatska i EU DPD GLS - profesionalna vinska logistika #kupujmohrvatsko Naruci online, sigurna kupovina i brza dostava Croatia Unique Craft Beer Gift box \/ basket - Premium Craft beer gift box Nova runda brewery | Croatia autochthonous variety of wine Gift box unique - Autohtona sorta vina Poklon paket - Poslovni pokloni | Pokloni za ro\u0111endan i sve ostale prigode Plavac mali Dinga\u010d i Postup |Po\u0161ip | Grk | Malvazija | \u0160krlet | Pjenu\u0161ci |\" \/>\n<meta name=\"robots\" content=\"index, follow, max-snippet:-1, max-image-preview:large, max-video-preview:-1\" \/>\n<link rel=\"canonical\" href=\"https:\/\/adria-klik.com\/proizvod\/rose-opolo-plavac-mali-peljesac-075l-6kom-grgurevic\/\" \/>\n<meta property=\"og:locale\" content=\"en_US\" \/>\n<meta property=\"og:type\" content=\"article\" \/>\n<meta property=\"og:title\" content=\"Rose Opolo Plavac Mali Pelje\u0161ac 0,75l 6pcs. Box Grgurevi\u0107 - Adria-Klik.com\" \/>\n<meta property=\"og:description\" content=\"Poklon paketi | Poslovni pokoni | Poklon za ro\u0111endan | Unikatni autohtoni poklon paketi | Gift Box | Gift basket | Adria-Klik Supply webshop trgovina dostava namirnica, vina, craft piva i delicija Superbrza dostava Zagreb Wolt Glovo Hrvatska i EU DPD GLS - profesionalna vinska logistika #kupujmohrvatsko Naruci online, sigurna kupovina i brza dostava Croatia Unique Craft Beer Gift box \/ basket - Premium Craft beer gift box Nova runda brewery | Croatia autochthonous variety of wine Gift box unique - Autohtona sorta vina Poklon paket - Poslovni pokloni | Pokloni za ro\u0111endan i sve ostale prigode Plavac mali Dinga\u010d i Postup |Po\u0161ip | Grk | Malvazija | \u0160krlet | Pjenu\u0161ci |\" \/>\n<meta property=\"og:url\" content=\"https:\/\/adria-klik.com\/proizvod\/rose-opolo-plavac-mali-peljesac-075l-6kom-grgurevic\/\" \/>\n<meta property=\"og:site_name\" content=\"Adria-Klik.com\" \/>\n<meta property=\"article:publisher\" content=\"https:\/\/www.facebook.com\/profile.php?id=100064209425136\" \/>\n<meta property=\"article:modified_time\" content=\"2021-07-19T23:12:30+00:00\" \/>\n<meta property=\"og:image\" content=\"https:\/\/adria-klik.com\/wp-content\/uploads\/2020\/08\/Rose-Opol-Plavac-mali-075l-family-Obitelj-Grgurevic-6-pack-pakiranje-6kom-075l-Peljesac-Premium-100-natural-Adria-Klik_Webshop-ducan-eko-croatia-prozvod-dostava-vina-hrvatska-eu.jpg\" \/>\n<meta name=\"twitter:card\" content=\"summary_large_image\" \/>\n<meta name=\"twitter:label1\" content=\"Est. reading time\" \/>\n\t<meta name=\"twitter:data1\" content=\"1 minute\" \/>\n<script type=\"application\/ld+json\" class=\"yoast-schema-graph\">{\"@context\":\"https:\/\/schema.org\",\"@graph\":[{\"@type\":\"WebPage\",\"@id\":\"https:\/\/adria-klik.com\/proizvod\/rose-opolo-plavac-mali-peljesac-075l-6kom-grgurevic\/\",\"url\":\"https:\/\/adria-klik.com\/proizvod\/rose-opolo-plavac-mali-peljesac-075l-6kom-grgurevic\/\",\"name\":\"Rose Opolo Plavac Mali Pelje\u0161ac 0,75l 6pcs. Box Grgurevi\u0107 - Adria-Klik.com\",\"isPartOf\":{\"@id\":\"https:\/\/adria-klik.com\/#website\"},\"primaryImageOfPage\":{\"@id\":\"https:\/\/adria-klik.com\/proizvod\/rose-opolo-plavac-mali-peljesac-075l-6kom-grgurevic\/#primaryimage\"},\"image\":{\"@id\":\"https:\/\/adria-klik.com\/proizvod\/rose-opolo-plavac-mali-peljesac-075l-6kom-grgurevic\/#primaryimage\"},\"thumbnailUrl\":\"https:\/\/adria-klik.com\/wp-content\/uploads\/2020\/08\/Rose-Opol-Plavac-mali-075l-family-Obitelj-Grgurevic-6-pack-pakiranje-6kom-075l-Peljesac-Premium-100-natural-Adria-Klik_Webshop-ducan-eko-croatia-prozvod-dostava-vina-hrvatska-eu.jpg\",\"datePublished\":\"2020-08-01T18:56:04+00:00\",\"dateModified\":\"2021-07-19T23:12:30+00:00\",\"description\":\"Poklon paketi | Poslovni pokoni | Poklon za ro\u0111endan | Unikatni autohtoni poklon paketi | Gift Box | Gift basket | Adria-Klik Supply webshop trgovina dostava namirnica, vina, craft piva i delicija Superbrza dostava Zagreb Wolt Glovo Hrvatska i EU DPD GLS - profesionalna vinska logistika #kupujmohrvatsko Naruci online, sigurna kupovina i brza dostava Croatia Unique Craft Beer Gift box \/ basket - Premium Craft beer gift box Nova runda brewery | Croatia autochthonous variety of wine Gift box unique - Autohtona sorta vina Poklon paket - Poslovni pokloni | Pokloni za ro\u0111endan i sve ostale prigode Plavac mali Dinga\u010d i Postup |Po\u0161ip | Grk | Malvazija | \u0160krlet | Pjenu\u0161ci |\",\"breadcrumb\":{\"@id\":\"https:\/\/adria-klik.com\/proizvod\/rose-opolo-plavac-mali-peljesac-075l-6kom-grgurevic\/#breadcrumb\"},\"inLanguage\":\"en-US\",\"potentialAction\":[{\"@type\":\"ReadAction\",\"target\":[\"https:\/\/adria-klik.com\/proizvod\/rose-opolo-plavac-mali-peljesac-075l-6kom-grgurevic\/\"]}]},{\"@type\":\"ImageObject\",\"inLanguage\":\"en-US\",\"@id\":\"https:\/\/adria-klik.com\/proizvod\/rose-opolo-plavac-mali-peljesac-075l-6kom-grgurevic\/#primaryimage\",\"url\":\"https:\/\/adria-klik.com\/wp-content\/uploads\/2020\/08\/Rose-Opol-Plavac-mali-075l-family-Obitelj-Grgurevic-6-pack-pakiranje-6kom-075l-Peljesac-Premium-100-natural-Adria-Klik_Webshop-ducan-eko-croatia-prozvod-dostava-vina-hrvatska-eu.jpg\",\"contentUrl\":\"https:\/\/adria-klik.com\/wp-content\/uploads\/2020\/08\/Rose-Opol-Plavac-mali-075l-family-Obitelj-Grgurevic-6-pack-pakiranje-6kom-075l-Peljesac-Premium-100-natural-Adria-Klik_Webshop-ducan-eko-croatia-prozvod-dostava-vina-hrvatska-eu.jpg\",\"width\":1500,\"height\":1500,\"caption\":\"Rose Opolo Grgurevi\u0107 je kvalitetno rose vino proizvedeno od gro\u017e\u0111a sorte Plavac Mali.Opolo je vesele crvene do ru\u017ei\u010daste boje sa prekrasnim raznim nijansama koje variraju od godine do godine tj. od specifi\u010dnih klimatolo\u0161kih uvjeta.UnisexNAru\u010di dostavu vina Plavac Mali Rose Pelje\u0161ac\u00a0\"},{\"@type\":\"BreadcrumbList\",\"@id\":\"https:\/\/adria-klik.com\/proizvod\/rose-opolo-plavac-mali-peljesac-075l-6kom-grgurevic\/#breadcrumb\",\"itemListElement\":[{\"@type\":\"ListItem\",\"position\":1,\"name\":\"Po\u010detna stranica\",\"item\":\"https:\/\/adria-klik.com\/en\/\"},{\"@type\":\"ListItem\",\"position\":2,\"name\":\"Shop\",\"item\":\"https:\/\/adria-klik.com\/shop\/\"},{\"@type\":\"ListItem\",\"position\":3,\"name\":\"Rose Opolo Plavac Mali Pelje\u0161ac 0,75l 6pcs. Box Grgurevi\u0107\"}]},{\"@type\":\"WebSite\",\"@id\":\"https:\/\/adria-klik.com\/#website\",\"url\":\"https:\/\/adria-klik.com\/\",\"name\":\"Adria-Klik.com\",\"description\":\"Unikatni poklon paketi, Vina, Craft pivo &amp; Delicije - webshop\",\"publisher\":{\"@id\":\"https:\/\/adria-klik.com\/#organization\"},\"potentialAction\":[{\"@type\":\"SearchAction\",\"target\":{\"@type\":\"EntryPoint\",\"urlTemplate\":\"https:\/\/adria-klik.com\/?s={search_term_string}\"},\"query-input\":{\"@type\":\"PropertyValueSpecification\",\"valueRequired\":true,\"valueName\":\"search_term_string\"}}],\"inLanguage\":\"en-US\"},{\"@type\":\"Organization\",\"@id\":\"https:\/\/adria-klik.com\/#organization\",\"name\":\"Adria-Klik.com\",\"alternateName\":\"AK\",\"url\":\"https:\/\/adria-klik.com\/\",\"logo\":{\"@type\":\"ImageObject\",\"inLanguage\":\"en-US\",\"@id\":\"https:\/\/adria-klik.com\/#\/schema\/logo\/image\/\",\"url\":\"https:\/\/adria-klik.com\/wp-content\/uploads\/2025\/12\/Adria-Klik_com-logo-namirnice-vina-craft-pivo-delikatese-delicije-artisan-cokolada.jpg\",\"contentUrl\":\"https:\/\/adria-klik.com\/wp-content\/uploads\/2025\/12\/Adria-Klik_com-logo-namirnice-vina-craft-pivo-delikatese-delicije-artisan-cokolada.jpg\",\"width\":500,\"height\":500,\"caption\":\"Adria-Klik.com\"},\"image\":{\"@id\":\"https:\/\/adria-klik.com\/#\/schema\/logo\/image\/\"},\"sameAs\":[\"https:\/\/www.facebook.com\/profile.php?id=100064209425136\",\"https:\/\/www.instagram.com\/adriaklik\/\",\"https:\/\/www.youtube.com\/user\/PlavacmaliZagreb\"]}]}<\/script>\n<!-- \/ Yoast SEO plugin. -->","yoast_head_json":{"title":"Rose Opolo Plavac Mali Pelje\u0161ac 0,75l 6pcs. Box Grgurevi\u0107 - Adria-Klik.com","description":"Poklon paketi | Poslovni pokoni | Poklon za ro\u0111endan | Unikatni autohtoni poklon paketi | Gift Box | Gift basket | Adria-Klik Supply webshop trgovina dostava namirnica, vina, craft piva i delicija Superbrza dostava Zagreb Wolt Glovo Hrvatska i EU DPD GLS - profesionalna vinska logistika #kupujmohrvatsko Naruci online, sigurna kupovina i brza dostava Croatia Unique Craft Beer Gift box \/ basket - Premium Craft beer gift box Nova runda brewery | Croatia autochthonous variety of wine Gift box unique - Autohtona sorta vina Poklon paket - Poslovni pokloni | Pokloni za ro\u0111endan i sve ostale prigode Plavac mali Dinga\u010d i Postup |Po\u0161ip | Grk | Malvazija | \u0160krlet | Pjenu\u0161ci |","robots":{"index":"index","follow":"follow","max-snippet":"max-snippet:-1","max-image-preview":"max-image-preview:large","max-video-preview":"max-video-preview:-1"},"canonical":"https:\/\/adria-klik.com\/proizvod\/rose-opolo-plavac-mali-peljesac-075l-6kom-grgurevic\/","og_locale":"en_US","og_type":"article","og_title":"Rose Opolo Plavac Mali Pelje\u0161ac 0,75l 6pcs. Box Grgurevi\u0107 - Adria-Klik.com","og_description":"Poklon paketi | Poslovni pokoni | Poklon za ro\u0111endan | Unikatni autohtoni poklon paketi | Gift Box | Gift basket | Adria-Klik Supply webshop trgovina dostava namirnica, vina, craft piva i delicija Superbrza dostava Zagreb Wolt Glovo Hrvatska i EU DPD GLS - profesionalna vinska logistika #kupujmohrvatsko Naruci online, sigurna kupovina i brza dostava Croatia Unique Craft Beer Gift box \/ basket - Premium Craft beer gift box Nova runda brewery | Croatia autochthonous variety of wine Gift box unique - Autohtona sorta vina Poklon paket - Poslovni pokloni | Pokloni za ro\u0111endan i sve ostale prigode Plavac mali Dinga\u010d i Postup |Po\u0161ip | Grk | Malvazija | \u0160krlet | Pjenu\u0161ci |","og_url":"https:\/\/adria-klik.com\/proizvod\/rose-opolo-plavac-mali-peljesac-075l-6kom-grgurevic\/","og_site_name":"Adria-Klik.com","article_publisher":"https:\/\/www.facebook.com\/profile.php?id=100064209425136","article_modified_time":"2021-07-19T23:12:30+00:00","og_image":[{"url":"https:\/\/adria-klik.com\/wp-content\/uploads\/2020\/08\/Rose-Opol-Plavac-mali-075l-family-Obitelj-Grgurevic-6-pack-pakiranje-6kom-075l-Peljesac-Premium-100-natural-Adria-Klik_Webshop-ducan-eko-croatia-prozvod-dostava-vina-hrvatska-eu.jpg","type":"","width":"","height":""}],"twitter_card":"summary_large_image","twitter_misc":{"Est. reading time":"1 minute"},"schema":{"@context":"https:\/\/schema.org","@graph":[{"@type":"WebPage","@id":"https:\/\/adria-klik.com\/proizvod\/rose-opolo-plavac-mali-peljesac-075l-6kom-grgurevic\/","url":"https:\/\/adria-klik.com\/proizvod\/rose-opolo-plavac-mali-peljesac-075l-6kom-grgurevic\/","name":"Rose Opolo Plavac Mali Pelje\u0161ac 0,75l 6pcs. Box Grgurevi\u0107 - Adria-Klik.com","isPartOf":{"@id":"https:\/\/adria-klik.com\/#website"},"primaryImageOfPage":{"@id":"https:\/\/adria-klik.com\/proizvod\/rose-opolo-plavac-mali-peljesac-075l-6kom-grgurevic\/#primaryimage"},"image":{"@id":"https:\/\/adria-klik.com\/proizvod\/rose-opolo-plavac-mali-peljesac-075l-6kom-grgurevic\/#primaryimage"},"thumbnailUrl":"https:\/\/adria-klik.com\/wp-content\/uploads\/2020\/08\/Rose-Opol-Plavac-mali-075l-family-Obitelj-Grgurevic-6-pack-pakiranje-6kom-075l-Peljesac-Premium-100-natural-Adria-Klik_Webshop-ducan-eko-croatia-prozvod-dostava-vina-hrvatska-eu.jpg","datePublished":"2020-08-01T18:56:04+00:00","dateModified":"2021-07-19T23:12:30+00:00","description":"Poklon paketi | Poslovni pokoni | Poklon za ro\u0111endan | Unikatni autohtoni poklon paketi | Gift Box | Gift basket | Adria-Klik Supply webshop trgovina dostava namirnica, vina, craft piva i delicija Superbrza dostava Zagreb Wolt Glovo Hrvatska i EU DPD GLS - profesionalna vinska logistika #kupujmohrvatsko Naruci online, sigurna kupovina i brza dostava Croatia Unique Craft Beer Gift box \/ basket - Premium Craft beer gift box Nova runda brewery | Croatia autochthonous variety of wine Gift box unique - Autohtona sorta vina Poklon paket - Poslovni pokloni | Pokloni za ro\u0111endan i sve ostale prigode Plavac mali Dinga\u010d i Postup |Po\u0161ip | Grk | Malvazija | \u0160krlet | Pjenu\u0161ci |","breadcrumb":{"@id":"https:\/\/adria-klik.com\/proizvod\/rose-opolo-plavac-mali-peljesac-075l-6kom-grgurevic\/#breadcrumb"},"inLanguage":"en-US","potentialAction":[{"@type":"ReadAction","target":["https:\/\/adria-klik.com\/proizvod\/rose-opolo-plavac-mali-peljesac-075l-6kom-grgurevic\/"]}]},{"@type":"ImageObject","inLanguage":"en-US","@id":"https:\/\/adria-klik.com\/proizvod\/rose-opolo-plavac-mali-peljesac-075l-6kom-grgurevic\/#primaryimage","url":"https:\/\/adria-klik.com\/wp-content\/uploads\/2020\/08\/Rose-Opol-Plavac-mali-075l-family-Obitelj-Grgurevic-6-pack-pakiranje-6kom-075l-Peljesac-Premium-100-natural-Adria-Klik_Webshop-ducan-eko-croatia-prozvod-dostava-vina-hrvatska-eu.jpg","contentUrl":"https:\/\/adria-klik.com\/wp-content\/uploads\/2020\/08\/Rose-Opol-Plavac-mali-075l-family-Obitelj-Grgurevic-6-pack-pakiranje-6kom-075l-Peljesac-Premium-100-natural-Adria-Klik_Webshop-ducan-eko-croatia-prozvod-dostava-vina-hrvatska-eu.jpg","width":1500,"height":1500,"caption":"Rose Opolo Grgurevi\u0107 je kvalitetno rose vino proizvedeno od gro\u017e\u0111a sorte Plavac Mali.Opolo je vesele crvene do ru\u017ei\u010daste boje sa prekrasnim raznim nijansama koje variraju od godine do godine tj. od specifi\u010dnih klimatolo\u0161kih uvjeta.UnisexNAru\u010di dostavu vina Plavac Mali Rose Pelje\u0161ac\u00a0"},{"@type":"BreadcrumbList","@id":"https:\/\/adria-klik.com\/proizvod\/rose-opolo-plavac-mali-peljesac-075l-6kom-grgurevic\/#breadcrumb","itemListElement":[{"@type":"ListItem","position":1,"name":"Po\u010detna stranica","item":"https:\/\/adria-klik.com\/en\/"},{"@type":"ListItem","position":2,"name":"Shop","item":"https:\/\/adria-klik.com\/shop\/"},{"@type":"ListItem","position":3,"name":"Rose Opolo Plavac Mali Pelje\u0161ac 0,75l 6pcs. Box Grgurevi\u0107"}]},{"@type":"WebSite","@id":"https:\/\/adria-klik.com\/#website","url":"https:\/\/adria-klik.com\/","name":"Adria-Klik.com","description":"Unikatni poklon paketi, Vina, Craft pivo &amp; Delicije - webshop","publisher":{"@id":"https:\/\/adria-klik.com\/#organization"},"potentialAction":[{"@type":"SearchAction","target":{"@type":"EntryPoint","urlTemplate":"https:\/\/adria-klik.com\/?s={search_term_string}"},"query-input":{"@type":"PropertyValueSpecification","valueRequired":true,"valueName":"search_term_string"}}],"inLanguage":"en-US"},{"@type":"Organization","@id":"https:\/\/adria-klik.com\/#organization","name":"Adria-Klik.com","alternateName":"AK","url":"https:\/\/adria-klik.com\/","logo":{"@type":"ImageObject","inLanguage":"en-US","@id":"https:\/\/adria-klik.com\/#\/schema\/logo\/image\/","url":"https:\/\/adria-klik.com\/wp-content\/uploads\/2025\/12\/Adria-Klik_com-logo-namirnice-vina-craft-pivo-delikatese-delicije-artisan-cokolada.jpg","contentUrl":"https:\/\/adria-klik.com\/wp-content\/uploads\/2025\/12\/Adria-Klik_com-logo-namirnice-vina-craft-pivo-delikatese-delicije-artisan-cokolada.jpg","width":500,"height":500,"caption":"Adria-Klik.com"},"image":{"@id":"https:\/\/adria-klik.com\/#\/schema\/logo\/image\/"},"sameAs":["https:\/\/www.facebook.com\/profile.php?id=100064209425136","https:\/\/www.instagram.com\/adriaklik\/","https:\/\/www.youtube.com\/user\/PlavacmaliZagreb"]}]}},"jetpack_sharing_enabled":true,"jetpack-related-posts":[],"_links":{"self":[{"href":"https:\/\/adria-klik.com\/en\/wp-json\/wp\/v2\/product\/13249","targetHints":{"allow":["GET"]}}],"collection":[{"href":"https:\/\/adria-klik.com\/en\/wp-json\/wp\/v2\/product"}],"about":[{"href":"https:\/\/adria-klik.com\/en\/wp-json\/wp\/v2\/types\/product"}],"replies":[{"embeddable":true,"href":"https:\/\/adria-klik.com\/en\/wp-json\/wp\/v2\/comments?post=13249"}],"wp:featuredmedia":[{"embeddable":true,"href":"https:\/\/adria-klik.com\/en\/wp-json\/wp\/v2\/media\/15784"}],"wp:attachment":[{"href":"https:\/\/adria-klik.com\/en\/wp-json\/wp\/v2\/media?parent=13249"}],"wp:term":[{"taxonomy":"product_brand","embeddable":true,"href":"https:\/\/adria-klik.com\/en\/wp-json\/wp\/v2\/product_brand?post=13249"},{"taxonomy":"product_cat","embeddable":true,"href":"https:\/\/adria-klik.com\/en\/wp-json\/wp\/v2\/product_cat?post=13249"},{"taxonomy":"product_tag","embeddable":true,"href":"https:\/\/adria-klik.com\/en\/wp-json\/wp\/v2\/product_tag?post=13249"},{"taxonomy":"berocket_brand","embeddable":true,"href":"https:\/\/adria-klik.com\/en\/wp-json\/wp\/v2\/berocket_brand?post=13249"}],"curies":[{"name":"wp","href":"https:\/\/api.w.org\/{rel}","templated":true}]}}