{"id":13250,"date":"2020-08-01T21:05:21","date_gmt":"2020-08-01T19:05:21","guid":{"rendered":"https:\/\/adria.riot.hr\/?post_type=product&#038;p=13250"},"modified":"2024-12-15T01:35:08","modified_gmt":"2024-12-15T00:35:08","slug":"skrlet-moslavina-miksa-075l-6pcs-box","status":"publish","type":"product","link":"https:\/\/adria-klik.com\/en\/proizvod\/skrlet-moslavina-miksa-075l-6pcs-box\/","title":{"rendered":"\u0160krlet Moslavina Mik\u0161a 0,75l 6pcs Box"},"content":{"rendered":"<ul>\n<li><span class=\"tlid-translation translation\" lang=\"en\">\u0160krlet t<span title=\"\">his autochthonous Moslavina variety is characterized by very delicate fruity aromas in which apple notes and grassy and herbal tones are most pronounced.<\/span><\/span><\/li>\n<li><span class=\"tlid-translation translation\" lang=\"en\"><span class=\"\" title=\"\">Allow the scents of \u0160krlet to take you to nature among orchards and spacious meadows.<br \/>\nThe taste is gentle, very drinkable and extremely light with well-blended lively acids.<br \/>\nIn the Mik\u0161a winery we know almost everything about \u0160krlet.<\/span><\/span><\/li>\n<li><span class=\"tlid-translation translation\" lang=\"en\"><span class=\"\" title=\"\">Numerous gold medals from various competitions prove it.<\/span><\/span><\/li>\n<li><span class=\"tlid-translation translation\" lang=\"en\"><span class=\"\" title=\"\">The biggest recognition is a silver diploma from the prestigious &#8220;IWC&#8221; competition in London in 2013 and 2014.<\/span><\/span><\/li>\n<li>Decanter Silver Award in 2017 and 2019!\u00a0 90Points!<\/li>\n<li><span class=\"tlid-translation translation\" lang=\"en\"><span class=\"\" title=\"\">When it comes to this Moslavina variety, believe us, \u0160krlet family Mik\u0161a is the best choice.<br \/>\n<\/span> <span class=\"\" title=\"\">The serving temperature is between 10 -12 \u2103, and it is best combined with all kinds of fish and seafood specialties, white meat dishes, cold salads with pasta and thick and cream soups.<\/span><\/span><\/li>\n<\/ul>\n<p>&nbsp;<\/p>\n","protected":false},"excerpt":{"rendered":"<ul>\n<li>Decanter Silver Award Two times 2017 and 2019<\/li>\n<li>Unique Unisex Wine you can buy and drink only here in Croatia<\/li>\n<\/ul>\n","protected":false},"featured_media":15792,"comment_status":"open","ping_status":"closed","template":"","meta":{"_acf_changed":false},"product_brand":[],"product_cat":[618,426,382],"product_tag":[542,543,541,459],"berocket_brand":[540],"class_list":{"0":"post-13250","1":"product","2":"type-product","3":"status-publish","4":"has-post-thumbnail","6":"product_cat-taste_adria","7":"product_cat-white","8":"product_cat-wine","9":"product_tag-decanter","10":"product_tag-moslavina","11":"product_tag-skrlet","12":"product_tag-zagreb","13":"berocket_brand-miksa-winery","15":"first","16":"instock","17":"sale","18":"featured","19":"shipping-taxable","20":"purchasable","21":"product-type-simple"},"acf":[],"yoast_head":"<!-- This site is optimized with the Yoast SEO plugin v26.9 - https:\/\/yoast.com\/product\/yoast-seo-wordpress\/ -->\n<title>\u0160krlet Moslavina Mik\u0161a 0,75l 6pcs Box - Adria-Klik.com<\/title>\n<meta name=\"description\" content=\"\u0160krlet this autochthonous Moslavina variety is characterized by very delicate fruity aromas in which apple notes and grassy and herbal tones are most pronounced.Allow the scents of \u0160krlet to take you to nature among orchards and spacious meadows.The taste is gentle, very drinkable and extremely light with well-blended lively acids.In the Mik\u0161a winery we know almost everything about \u0160krlet.Numerous gold medals from various competitions prove it.The biggest recognition is a silver diploma from the prestigious &quot;IWC&quot; competition in London in 2013 and 2014.Decanter Silver Award in 2017 and 2019When it comes to this Moslavina variety, believe us, \u0160krlet family Mik\u0161a is the best choice.The serving temperature is between 10 -12 \u2103, and it is best combined with all kinds of fish and seafood specialties, white meat dishes, cold salads with pasta and thick and cream soups.\" \/>\n<meta name=\"robots\" content=\"index, follow, max-snippet:-1, max-image-preview:large, max-video-preview:-1\" \/>\n<link rel=\"canonical\" href=\"https:\/\/adria-klik.com\/en\/proizvod\/skrlet-moslavina-miksa-075l-6pcs-box\/\" \/>\n<meta property=\"og:locale\" content=\"en_US\" \/>\n<meta property=\"og:type\" content=\"article\" \/>\n<meta property=\"og:title\" content=\"\u0160krlet Moslavina Mik\u0161a 0,75l 6pcs Box - Adria-Klik.com\" \/>\n<meta property=\"og:description\" content=\"\u0160krlet this autochthonous Moslavina variety is characterized by very delicate fruity aromas in which apple notes and grassy and herbal tones are most pronounced.Allow the scents of \u0160krlet to take you to nature among orchards and spacious meadows.The taste is gentle, very drinkable and extremely light with well-blended lively acids.In the Mik\u0161a winery we know almost everything about \u0160krlet.Numerous gold medals from various competitions prove it.The biggest recognition is a silver diploma from the prestigious &quot;IWC&quot; competition in London in 2013 and 2014.Decanter Silver Award in 2017 and 2019When it comes to this Moslavina variety, believe us, \u0160krlet family Mik\u0161a is the best choice.The serving temperature is between 10 -12 \u2103, and it is best combined with all kinds of fish and seafood specialties, white meat dishes, cold salads with pasta and thick and cream soups.\" \/>\n<meta property=\"og:url\" content=\"https:\/\/adria-klik.com\/en\/proizvod\/skrlet-moslavina-miksa-075l-6pcs-box\/\" \/>\n<meta property=\"og:site_name\" content=\"Adria-Klik.com\" \/>\n<meta property=\"article:publisher\" content=\"https:\/\/www.facebook.com\/profile.php?id=100064209425136\" \/>\n<meta property=\"article:modified_time\" content=\"2024-12-15T00:35:08+00:00\" \/>\n<meta property=\"og:image\" content=\"https:\/\/adria-klik.com\/wp-content\/uploads\/2020\/08\/skrlet-100-gold-miksa-075l-decanter-award-nagrada-Adria-Klik-webshop-wine-croatia-delikatese-6-pack-wein-wine-pack.png\" \/>\n\t<meta property=\"og:image:width\" content=\"1500\" \/>\n\t<meta property=\"og:image:height\" content=\"1500\" \/>\n\t<meta property=\"og:image:type\" content=\"image\/png\" \/>\n<meta name=\"twitter:card\" content=\"summary_large_image\" \/>\n<meta name=\"twitter:label1\" content=\"Est. reading time\" \/>\n\t<meta name=\"twitter:data1\" content=\"1 minute\" \/>\n<script type=\"application\/ld+json\" class=\"yoast-schema-graph\">{\"@context\":\"https:\/\/schema.org\",\"@graph\":[{\"@type\":\"WebPage\",\"@id\":\"https:\/\/adria-klik.com\/en\/proizvod\/skrlet-moslavina-miksa-075l-6pcs-box\/\",\"url\":\"https:\/\/adria-klik.com\/en\/proizvod\/skrlet-moslavina-miksa-075l-6pcs-box\/\",\"name\":\"\u0160krlet Moslavina Mik\u0161a 0,75l 6pcs Box - Adria-Klik.com\",\"isPartOf\":{\"@id\":\"https:\/\/adria-klik.com\/#website\"},\"primaryImageOfPage\":{\"@id\":\"https:\/\/adria-klik.com\/en\/proizvod\/skrlet-moslavina-miksa-075l-6pcs-box\/#primaryimage\"},\"image\":{\"@id\":\"https:\/\/adria-klik.com\/en\/proizvod\/skrlet-moslavina-miksa-075l-6pcs-box\/#primaryimage\"},\"thumbnailUrl\":\"https:\/\/adria-klik.com\/wp-content\/uploads\/2020\/08\/skrlet-100-gold-miksa-075l-decanter-award-nagrada-Adria-Klik-webshop-wine-croatia-delikatese-6-pack-wein-wine-pack.png\",\"datePublished\":\"2020-08-01T19:05:21+00:00\",\"dateModified\":\"2024-12-15T00:35:08+00:00\",\"description\":\"\u0160krlet this autochthonous Moslavina variety is characterized by very delicate fruity aromas in which apple notes and grassy and herbal tones are most pronounced.Allow the scents of \u0160krlet to take you to nature among orchards and spacious meadows.The taste is gentle, very drinkable and extremely light with well-blended lively acids.In the Mik\u0161a winery we know almost everything about \u0160krlet.Numerous gold medals from various competitions prove it.The biggest recognition is a silver diploma from the prestigious \\\"IWC\\\" competition in London in 2013 and 2014.Decanter Silver Award in 2017 and 2019When it comes to this Moslavina variety, believe us, \u0160krlet family Mik\u0161a is the best choice.The serving temperature is between 10 -12 \u2103, and it is best combined with all kinds of fish and seafood specialties, white meat dishes, cold salads with pasta and thick and cream soups.\",\"breadcrumb\":{\"@id\":\"https:\/\/adria-klik.com\/en\/proizvod\/skrlet-moslavina-miksa-075l-6pcs-box\/#breadcrumb\"},\"inLanguage\":\"en-US\",\"potentialAction\":[{\"@type\":\"ReadAction\",\"target\":[\"https:\/\/adria-klik.com\/en\/proizvod\/skrlet-moslavina-miksa-075l-6pcs-box\/\"]}]},{\"@type\":\"ImageObject\",\"inLanguage\":\"en-US\",\"@id\":\"https:\/\/adria-klik.com\/en\/proizvod\/skrlet-moslavina-miksa-075l-6pcs-box\/#primaryimage\",\"url\":\"https:\/\/adria-klik.com\/wp-content\/uploads\/2020\/08\/skrlet-100-gold-miksa-075l-decanter-award-nagrada-Adria-Klik-webshop-wine-croatia-delikatese-6-pack-wein-wine-pack.png\",\"contentUrl\":\"https:\/\/adria-klik.com\/wp-content\/uploads\/2020\/08\/skrlet-100-gold-miksa-075l-decanter-award-nagrada-Adria-Klik-webshop-wine-croatia-delikatese-6-pack-wein-wine-pack.png\",\"width\":1500,\"height\":1500,\"caption\":\"Ova autohtona moslava\u010dka sorta karakterizirana je veoma nje\u017enim vo\u0107nim aromama u kojima do izra\u017eaja najvi\u0161e dolaze note jabuke te travnati i herbalni tonovi. Dopustite da Vas mirisi \u0160krleta odvedu u prirodu me\u0111u vo\u0107njake i prostrane livade.Okus je pak nje\u017ean, veoma pitak te izrazito lagan s dobro uklopljenim \u017eivahnim kiselinama. U vinariji Mik\u0161a o \u0160krletu znamo gotovo sve Dokazuju to i brojne zlatne medalje s raznih natjecanja\"},{\"@type\":\"BreadcrumbList\",\"@id\":\"https:\/\/adria-klik.com\/en\/proizvod\/skrlet-moslavina-miksa-075l-6pcs-box\/#breadcrumb\",\"itemListElement\":[{\"@type\":\"ListItem\",\"position\":1,\"name\":\"Po\u010detna stranica\",\"item\":\"https:\/\/adria-klik.com\/en\/\"},{\"@type\":\"ListItem\",\"position\":2,\"name\":\"Shop\",\"item\":\"https:\/\/adria-klik.com\/shop\/\"},{\"@type\":\"ListItem\",\"position\":3,\"name\":\"\u0160krlet Moslavina Mik\u0161a 0,75l 6pcs Box\"}]},{\"@type\":\"WebSite\",\"@id\":\"https:\/\/adria-klik.com\/#website\",\"url\":\"https:\/\/adria-klik.com\/\",\"name\":\"Adria-Klik.com\",\"description\":\"Unikatni poklon paketi, Vina, Craft pivo &amp; Delicije - webshop\",\"publisher\":{\"@id\":\"https:\/\/adria-klik.com\/#organization\"},\"potentialAction\":[{\"@type\":\"SearchAction\",\"target\":{\"@type\":\"EntryPoint\",\"urlTemplate\":\"https:\/\/adria-klik.com\/?s={search_term_string}\"},\"query-input\":{\"@type\":\"PropertyValueSpecification\",\"valueRequired\":true,\"valueName\":\"search_term_string\"}}],\"inLanguage\":\"en-US\"},{\"@type\":\"Organization\",\"@id\":\"https:\/\/adria-klik.com\/#organization\",\"name\":\"Adria-Klik.com\",\"alternateName\":\"AK\",\"url\":\"https:\/\/adria-klik.com\/\",\"logo\":{\"@type\":\"ImageObject\",\"inLanguage\":\"en-US\",\"@id\":\"https:\/\/adria-klik.com\/#\/schema\/logo\/image\/\",\"url\":\"https:\/\/adria-klik.com\/wp-content\/uploads\/2025\/12\/Adria-Klik_com-logo-namirnice-vina-craft-pivo-delikatese-delicije-artisan-cokolada.jpg\",\"contentUrl\":\"https:\/\/adria-klik.com\/wp-content\/uploads\/2025\/12\/Adria-Klik_com-logo-namirnice-vina-craft-pivo-delikatese-delicije-artisan-cokolada.jpg\",\"width\":500,\"height\":500,\"caption\":\"Adria-Klik.com\"},\"image\":{\"@id\":\"https:\/\/adria-klik.com\/#\/schema\/logo\/image\/\"},\"sameAs\":[\"https:\/\/www.facebook.com\/profile.php?id=100064209425136\",\"https:\/\/www.instagram.com\/adriaklik\/\",\"https:\/\/www.youtube.com\/user\/PlavacmaliZagreb\"]}]}<\/script>\n<!-- \/ Yoast SEO plugin. -->","yoast_head_json":{"title":"\u0160krlet Moslavina Mik\u0161a 0,75l 6pcs Box - Adria-Klik.com","description":"\u0160krlet this autochthonous Moslavina variety is characterized by very delicate fruity aromas in which apple notes and grassy and herbal tones are most pronounced.Allow the scents of \u0160krlet to take you to nature among orchards and spacious meadows.The taste is gentle, very drinkable and extremely light with well-blended lively acids.In the Mik\u0161a winery we know almost everything about \u0160krlet.Numerous gold medals from various competitions prove it.The biggest recognition is a silver diploma from the prestigious \"IWC\" competition in London in 2013 and 2014.Decanter Silver Award in 2017 and 2019When it comes to this Moslavina variety, believe us, \u0160krlet family Mik\u0161a is the best choice.The serving temperature is between 10 -12 \u2103, and it is best combined with all kinds of fish and seafood specialties, white meat dishes, cold salads with pasta and thick and cream soups.","robots":{"index":"index","follow":"follow","max-snippet":"max-snippet:-1","max-image-preview":"max-image-preview:large","max-video-preview":"max-video-preview:-1"},"canonical":"https:\/\/adria-klik.com\/en\/proizvod\/skrlet-moslavina-miksa-075l-6pcs-box\/","og_locale":"en_US","og_type":"article","og_title":"\u0160krlet Moslavina Mik\u0161a 0,75l 6pcs Box - Adria-Klik.com","og_description":"\u0160krlet this autochthonous Moslavina variety is characterized by very delicate fruity aromas in which apple notes and grassy and herbal tones are most pronounced.Allow the scents of \u0160krlet to take you to nature among orchards and spacious meadows.The taste is gentle, very drinkable and extremely light with well-blended lively acids.In the Mik\u0161a winery we know almost everything about \u0160krlet.Numerous gold medals from various competitions prove it.The biggest recognition is a silver diploma from the prestigious \"IWC\" competition in London in 2013 and 2014.Decanter Silver Award in 2017 and 2019When it comes to this Moslavina variety, believe us, \u0160krlet family Mik\u0161a is the best choice.The serving temperature is between 10 -12 \u2103, and it is best combined with all kinds of fish and seafood specialties, white meat dishes, cold salads with pasta and thick and cream soups.","og_url":"https:\/\/adria-klik.com\/en\/proizvod\/skrlet-moslavina-miksa-075l-6pcs-box\/","og_site_name":"Adria-Klik.com","article_publisher":"https:\/\/www.facebook.com\/profile.php?id=100064209425136","article_modified_time":"2024-12-15T00:35:08+00:00","og_image":[{"width":1500,"height":1500,"url":"https:\/\/adria-klik.com\/wp-content\/uploads\/2020\/08\/skrlet-100-gold-miksa-075l-decanter-award-nagrada-Adria-Klik-webshop-wine-croatia-delikatese-6-pack-wein-wine-pack.png","type":"image\/png"}],"twitter_card":"summary_large_image","twitter_misc":{"Est. reading time":"1 minute"},"schema":{"@context":"https:\/\/schema.org","@graph":[{"@type":"WebPage","@id":"https:\/\/adria-klik.com\/en\/proizvod\/skrlet-moslavina-miksa-075l-6pcs-box\/","url":"https:\/\/adria-klik.com\/en\/proizvod\/skrlet-moslavina-miksa-075l-6pcs-box\/","name":"\u0160krlet Moslavina Mik\u0161a 0,75l 6pcs Box - Adria-Klik.com","isPartOf":{"@id":"https:\/\/adria-klik.com\/#website"},"primaryImageOfPage":{"@id":"https:\/\/adria-klik.com\/en\/proizvod\/skrlet-moslavina-miksa-075l-6pcs-box\/#primaryimage"},"image":{"@id":"https:\/\/adria-klik.com\/en\/proizvod\/skrlet-moslavina-miksa-075l-6pcs-box\/#primaryimage"},"thumbnailUrl":"https:\/\/adria-klik.com\/wp-content\/uploads\/2020\/08\/skrlet-100-gold-miksa-075l-decanter-award-nagrada-Adria-Klik-webshop-wine-croatia-delikatese-6-pack-wein-wine-pack.png","datePublished":"2020-08-01T19:05:21+00:00","dateModified":"2024-12-15T00:35:08+00:00","description":"\u0160krlet this autochthonous Moslavina variety is characterized by very delicate fruity aromas in which apple notes and grassy and herbal tones are most pronounced.Allow the scents of \u0160krlet to take you to nature among orchards and spacious meadows.The taste is gentle, very drinkable and extremely light with well-blended lively acids.In the Mik\u0161a winery we know almost everything about \u0160krlet.Numerous gold medals from various competitions prove it.The biggest recognition is a silver diploma from the prestigious \"IWC\" competition in London in 2013 and 2014.Decanter Silver Award in 2017 and 2019When it comes to this Moslavina variety, believe us, \u0160krlet family Mik\u0161a is the best choice.The serving temperature is between 10 -12 \u2103, and it is best combined with all kinds of fish and seafood specialties, white meat dishes, cold salads with pasta and thick and cream soups.","breadcrumb":{"@id":"https:\/\/adria-klik.com\/en\/proizvod\/skrlet-moslavina-miksa-075l-6pcs-box\/#breadcrumb"},"inLanguage":"en-US","potentialAction":[{"@type":"ReadAction","target":["https:\/\/adria-klik.com\/en\/proizvod\/skrlet-moslavina-miksa-075l-6pcs-box\/"]}]},{"@type":"ImageObject","inLanguage":"en-US","@id":"https:\/\/adria-klik.com\/en\/proizvod\/skrlet-moslavina-miksa-075l-6pcs-box\/#primaryimage","url":"https:\/\/adria-klik.com\/wp-content\/uploads\/2020\/08\/skrlet-100-gold-miksa-075l-decanter-award-nagrada-Adria-Klik-webshop-wine-croatia-delikatese-6-pack-wein-wine-pack.png","contentUrl":"https:\/\/adria-klik.com\/wp-content\/uploads\/2020\/08\/skrlet-100-gold-miksa-075l-decanter-award-nagrada-Adria-Klik-webshop-wine-croatia-delikatese-6-pack-wein-wine-pack.png","width":1500,"height":1500,"caption":"Ova autohtona moslava\u010dka sorta karakterizirana je veoma nje\u017enim vo\u0107nim aromama u kojima do izra\u017eaja najvi\u0161e dolaze note jabuke te travnati i herbalni tonovi. Dopustite da Vas mirisi \u0160krleta odvedu u prirodu me\u0111u vo\u0107njake i prostrane livade.Okus je pak nje\u017ean, veoma pitak te izrazito lagan s dobro uklopljenim \u017eivahnim kiselinama. U vinariji Mik\u0161a o \u0160krletu znamo gotovo sve Dokazuju to i brojne zlatne medalje s raznih natjecanja"},{"@type":"BreadcrumbList","@id":"https:\/\/adria-klik.com\/en\/proizvod\/skrlet-moslavina-miksa-075l-6pcs-box\/#breadcrumb","itemListElement":[{"@type":"ListItem","position":1,"name":"Po\u010detna stranica","item":"https:\/\/adria-klik.com\/en\/"},{"@type":"ListItem","position":2,"name":"Shop","item":"https:\/\/adria-klik.com\/shop\/"},{"@type":"ListItem","position":3,"name":"\u0160krlet Moslavina Mik\u0161a 0,75l 6pcs Box"}]},{"@type":"WebSite","@id":"https:\/\/adria-klik.com\/#website","url":"https:\/\/adria-klik.com\/","name":"Adria-Klik.com","description":"Unikatni poklon paketi, Vina, Craft pivo &amp; Delicije - webshop","publisher":{"@id":"https:\/\/adria-klik.com\/#organization"},"potentialAction":[{"@type":"SearchAction","target":{"@type":"EntryPoint","urlTemplate":"https:\/\/adria-klik.com\/?s={search_term_string}"},"query-input":{"@type":"PropertyValueSpecification","valueRequired":true,"valueName":"search_term_string"}}],"inLanguage":"en-US"},{"@type":"Organization","@id":"https:\/\/adria-klik.com\/#organization","name":"Adria-Klik.com","alternateName":"AK","url":"https:\/\/adria-klik.com\/","logo":{"@type":"ImageObject","inLanguage":"en-US","@id":"https:\/\/adria-klik.com\/#\/schema\/logo\/image\/","url":"https:\/\/adria-klik.com\/wp-content\/uploads\/2025\/12\/Adria-Klik_com-logo-namirnice-vina-craft-pivo-delikatese-delicije-artisan-cokolada.jpg","contentUrl":"https:\/\/adria-klik.com\/wp-content\/uploads\/2025\/12\/Adria-Klik_com-logo-namirnice-vina-craft-pivo-delikatese-delicije-artisan-cokolada.jpg","width":500,"height":500,"caption":"Adria-Klik.com"},"image":{"@id":"https:\/\/adria-klik.com\/#\/schema\/logo\/image\/"},"sameAs":["https:\/\/www.facebook.com\/profile.php?id=100064209425136","https:\/\/www.instagram.com\/adriaklik\/","https:\/\/www.youtube.com\/user\/PlavacmaliZagreb"]}]}},"jetpack_sharing_enabled":true,"jetpack-related-posts":[],"_links":{"self":[{"href":"https:\/\/adria-klik.com\/en\/wp-json\/wp\/v2\/product\/13250","targetHints":{"allow":["GET"]}}],"collection":[{"href":"https:\/\/adria-klik.com\/en\/wp-json\/wp\/v2\/product"}],"about":[{"href":"https:\/\/adria-klik.com\/en\/wp-json\/wp\/v2\/types\/product"}],"replies":[{"embeddable":true,"href":"https:\/\/adria-klik.com\/en\/wp-json\/wp\/v2\/comments?post=13250"}],"wp:featuredmedia":[{"embeddable":true,"href":"https:\/\/adria-klik.com\/en\/wp-json\/wp\/v2\/media\/15792"}],"wp:attachment":[{"href":"https:\/\/adria-klik.com\/en\/wp-json\/wp\/v2\/media?parent=13250"}],"wp:term":[{"taxonomy":"product_brand","embeddable":true,"href":"https:\/\/adria-klik.com\/en\/wp-json\/wp\/v2\/product_brand?post=13250"},{"taxonomy":"product_cat","embeddable":true,"href":"https:\/\/adria-klik.com\/en\/wp-json\/wp\/v2\/product_cat?post=13250"},{"taxonomy":"product_tag","embeddable":true,"href":"https:\/\/adria-klik.com\/en\/wp-json\/wp\/v2\/product_tag?post=13250"},{"taxonomy":"berocket_brand","embeddable":true,"href":"https:\/\/adria-klik.com\/en\/wp-json\/wp\/v2\/berocket_brand?post=13250"}],"curies":[{"name":"wp","href":"https:\/\/api.w.org\/{rel}","templated":true}]}}