{"id":13618,"date":"2020-10-25T16:25:03","date_gmt":"2020-10-25T15:25:03","guid":{"rendered":"https:\/\/adria.riot.hr\/?post_type=product&#038;p=13618"},"modified":"2023-04-23T14:43:55","modified_gmt":"2023-04-23T12:43:55","slug":"malvazija-grappolo-075l-valenta-family-wines-adria-klik-dostava-odmah-znaci-odmah","status":"publish","type":"product","link":"https:\/\/adria-klik.com\/en\/proizvod\/malvazija-grappolo-075l-valenta-family-wines-adria-klik-dostava-odmah-znaci-odmah\/","title":{"rendered":"Malvazija Grappolo 0,75l Valenta Family Wines"},"content":{"rendered":"<p>Malvazija Grappolo 0,75l Valenta Family Wines<\/p>\n","protected":false},"excerpt":{"rendered":"<p>Malvazija Grappolo 0,75l Valenta Family Wines<\/p>\n<ul>\n<li>Adria Klik Croatia Premium Fast Wines Delivery<\/li>\n<\/ul>\n","protected":false},"featured_media":14884,"comment_status":"open","ping_status":"closed","template":"","meta":{"_acf_changed":false},"product_brand":[],"product_cat":[618,426,382],"product_tag":[855,856],"berocket_brand":[854],"class_list":{"0":"post-13618","1":"product","2":"type-product","3":"status-publish","4":"has-post-thumbnail","6":"product_cat-taste_adria","7":"product_cat-white","8":"product_cat-wine","9":"product_tag-malvazija-grappolo","10":"product_tag-najbrza-dostava-en","11":"berocket_brand-valenta-family-wines","13":"first","14":"onbackorder","15":"shipping-taxable","16":"purchasable","17":"product-type-simple"},"acf":[],"yoast_head":"<!-- This site is optimized with the Yoast SEO plugin v26.9 - https:\/\/yoast.com\/product\/yoast-seo-wordpress\/ -->\n<title>Malvazija Grappolo 0,75l Valenta Family Wines - Adria-Klik.com<\/title>\n<meta name=\"description\" content=\"Malvazija Grappolo 0,75l Valenta Family Wines Adria Klik Dostava odmah zna\u010di ODMAH! | Najbr\u017ea dostava Namirnica, Vina, Craft piva, Delicija\" \/>\n<meta name=\"robots\" content=\"index, follow, max-snippet:-1, max-image-preview:large, max-video-preview:-1\" \/>\n<link rel=\"canonical\" href=\"https:\/\/adria-klik.com\/proizvod\/malvazija-grappolo-075l-valenta-family-wines-adria-klik-webshop-najbrzva-dostava\/\" \/>\n<meta property=\"og:locale\" content=\"en_US\" \/>\n<meta property=\"og:type\" content=\"article\" \/>\n<meta property=\"og:title\" content=\"Malvazija Grappolo 0,75l Valenta Family Wines Adria Klik Dostava odmah zna\u010di ODMAH!\" \/>\n<meta property=\"og:description\" content=\"Malvazija Grappolo 0,75l Valenta Family Wines Adria Klik Dostava odmah zna\u010di ODMAH! | Najbr\u017ea dostava Namirnica, Vina, Craft piva, Delicija\" \/>\n<meta property=\"og:url\" content=\"https:\/\/adria-klik.com\/proizvod\/malvazija-grappolo-075l-valenta-family-wines-adria-klik-webshop-najbrzva-dostava\/\" \/>\n<meta property=\"og:site_name\" content=\"Adria-Klik.com\" \/>\n<meta property=\"article:publisher\" content=\"https:\/\/www.facebook.com\/profile.php?id=100064209425136\" \/>\n<meta property=\"article:modified_time\" content=\"2023-04-23T12:43:55+00:00\" \/>\n<meta property=\"og:image\" content=\"https:\/\/adria-klik.com\/wp-content\/uploads\/2020\/10\/malvazija-075-grappolo-Valenta-Family-Wines-Adria-Klik-najbrza-dostava-webshop-ducan-Kroatien-wein-premium-delivery.jpeg\" \/>\n\t<meta property=\"og:image:width\" content=\"1500\" \/>\n\t<meta property=\"og:image:height\" content=\"1500\" \/>\n\t<meta property=\"og:image:type\" content=\"image\/jpeg\" \/>\n<meta name=\"twitter:card\" content=\"summary_large_image\" \/>\n<meta name=\"twitter:title\" content=\"Malvazija Grappolo 0,75l Valenta Family Wines Adria Klik Dostava odmah zna\u010di ODMAH!\" \/>\n<meta name=\"twitter:description\" content=\"Malvazija Grappolo 0,75l Valenta Family Wines Adria Klik Dostava odmah zna\u010di ODMAH! Fast delivery!Malvazija Grappolo 0,75l Valenta Family Wines Adria Klik Dostava odmah zna\u010di ODMAH! | Najbr\u017ea dostava Namirnica, Vina, Craft piva, Delicija\" \/>\n<meta name=\"twitter:image\" content=\"https:\/\/adria-klik.com\/wp-content\/uploads\/2020\/10\/malvazija-075-grappolo-Valenta-Family-Wines-Adria-Klik-najbrza-dostava-webshop-ducan-Kroatien-wein-premium-delivery.jpeg\" \/>\n<script type=\"application\/ld+json\" class=\"yoast-schema-graph\">{\"@context\":\"https:\/\/schema.org\",\"@graph\":[{\"@type\":\"WebPage\",\"@id\":\"https:\/\/adria-klik.com\/proizvod\/malvazija-grappolo-075l-valenta-family-wines-adria-klik-webshop-najbrzva-dostava\/\",\"url\":\"https:\/\/adria-klik.com\/proizvod\/malvazija-grappolo-075l-valenta-family-wines-adria-klik-webshop-najbrzva-dostava\/\",\"name\":\"Malvazija Grappolo 0,75l Valenta Family Wines - Adria-Klik.com\",\"isPartOf\":{\"@id\":\"https:\/\/adria-klik.com\/#website\"},\"primaryImageOfPage\":{\"@id\":\"https:\/\/adria-klik.com\/proizvod\/malvazija-grappolo-075l-valenta-family-wines-adria-klik-webshop-najbrzva-dostava\/#primaryimage\"},\"image\":{\"@id\":\"https:\/\/adria-klik.com\/proizvod\/malvazija-grappolo-075l-valenta-family-wines-adria-klik-webshop-najbrzva-dostava\/#primaryimage\"},\"thumbnailUrl\":\"https:\/\/adria-klik.com\/wp-content\/uploads\/2020\/10\/malvazija-075-grappolo-Valenta-Family-Wines-Adria-Klik-najbrza-dostava-webshop-ducan-Kroatien-wein-premium-delivery.jpeg\",\"datePublished\":\"2020-10-25T15:25:03+00:00\",\"dateModified\":\"2023-04-23T12:43:55+00:00\",\"description\":\"Malvazija Grappolo 0,75l Valenta Family Wines Adria Klik Dostava odmah zna\u010di ODMAH! | Najbr\u017ea dostava Namirnica, Vina, Craft piva, Delicija\",\"breadcrumb\":{\"@id\":\"https:\/\/adria-klik.com\/proizvod\/malvazija-grappolo-075l-valenta-family-wines-adria-klik-webshop-najbrzva-dostava\/#breadcrumb\"},\"inLanguage\":\"en-US\",\"potentialAction\":[{\"@type\":\"ReadAction\",\"target\":[\"https:\/\/adria-klik.com\/proizvod\/malvazija-grappolo-075l-valenta-family-wines-adria-klik-webshop-najbrzva-dostava\/\"]}]},{\"@type\":\"ImageObject\",\"inLanguage\":\"en-US\",\"@id\":\"https:\/\/adria-klik.com\/proizvod\/malvazija-grappolo-075l-valenta-family-wines-adria-klik-webshop-najbrzva-dostava\/#primaryimage\",\"url\":\"https:\/\/adria-klik.com\/wp-content\/uploads\/2020\/10\/malvazija-075-grappolo-Valenta-Family-Wines-Adria-Klik-najbrza-dostava-webshop-ducan-Kroatien-wein-premium-delivery.jpeg\",\"contentUrl\":\"https:\/\/adria-klik.com\/wp-content\/uploads\/2020\/10\/malvazija-075-grappolo-Valenta-Family-Wines-Adria-Klik-najbrza-dostava-webshop-ducan-Kroatien-wein-premium-delivery.jpeg\",\"width\":1500,\"height\":1500,\"caption\":\"| Adria Klik Najbr\u017ea dostava Namirnica, Vina, Craft piva, Delicija, Organsko, Eko, Bio, ekskluzivan izbor doma\u0107ih vinara!\"},{\"@type\":\"BreadcrumbList\",\"@id\":\"https:\/\/adria-klik.com\/proizvod\/malvazija-grappolo-075l-valenta-family-wines-adria-klik-webshop-najbrzva-dostava\/#breadcrumb\",\"itemListElement\":[{\"@type\":\"ListItem\",\"position\":1,\"name\":\"Po\u010detna stranica\",\"item\":\"https:\/\/adria-klik.com\/en\/\"},{\"@type\":\"ListItem\",\"position\":2,\"name\":\"Shop\",\"item\":\"https:\/\/adria-klik.com\/shop\/\"},{\"@type\":\"ListItem\",\"position\":3,\"name\":\"Malvazija Grappolo 0,75l Valenta Family Wines\"}]},{\"@type\":\"WebSite\",\"@id\":\"https:\/\/adria-klik.com\/#website\",\"url\":\"https:\/\/adria-klik.com\/\",\"name\":\"Adria-Klik.com\",\"description\":\"Unikatni poklon paketi, Vina, Craft pivo &amp; Delicije - webshop\",\"publisher\":{\"@id\":\"https:\/\/adria-klik.com\/#organization\"},\"potentialAction\":[{\"@type\":\"SearchAction\",\"target\":{\"@type\":\"EntryPoint\",\"urlTemplate\":\"https:\/\/adria-klik.com\/?s={search_term_string}\"},\"query-input\":{\"@type\":\"PropertyValueSpecification\",\"valueRequired\":true,\"valueName\":\"search_term_string\"}}],\"inLanguage\":\"en-US\"},{\"@type\":\"Organization\",\"@id\":\"https:\/\/adria-klik.com\/#organization\",\"name\":\"Adria-Klik.com\",\"alternateName\":\"AK\",\"url\":\"https:\/\/adria-klik.com\/\",\"logo\":{\"@type\":\"ImageObject\",\"inLanguage\":\"en-US\",\"@id\":\"https:\/\/adria-klik.com\/#\/schema\/logo\/image\/\",\"url\":\"https:\/\/adria-klik.com\/wp-content\/uploads\/2025\/12\/Adria-Klik_com-logo-namirnice-vina-craft-pivo-delikatese-delicije-artisan-cokolada.jpg\",\"contentUrl\":\"https:\/\/adria-klik.com\/wp-content\/uploads\/2025\/12\/Adria-Klik_com-logo-namirnice-vina-craft-pivo-delikatese-delicije-artisan-cokolada.jpg\",\"width\":500,\"height\":500,\"caption\":\"Adria-Klik.com\"},\"image\":{\"@id\":\"https:\/\/adria-klik.com\/#\/schema\/logo\/image\/\"},\"sameAs\":[\"https:\/\/www.facebook.com\/profile.php?id=100064209425136\",\"https:\/\/www.instagram.com\/adriaklik\/\",\"https:\/\/www.youtube.com\/user\/PlavacmaliZagreb\"]}]}<\/script>\n<!-- \/ Yoast SEO plugin. -->","yoast_head_json":{"title":"Malvazija Grappolo 0,75l Valenta Family Wines - Adria-Klik.com","description":"Malvazija Grappolo 0,75l Valenta Family Wines Adria Klik Dostava odmah zna\u010di ODMAH! | Najbr\u017ea dostava Namirnica, Vina, Craft piva, Delicija","robots":{"index":"index","follow":"follow","max-snippet":"max-snippet:-1","max-image-preview":"max-image-preview:large","max-video-preview":"max-video-preview:-1"},"canonical":"https:\/\/adria-klik.com\/proizvod\/malvazija-grappolo-075l-valenta-family-wines-adria-klik-webshop-najbrzva-dostava\/","og_locale":"en_US","og_type":"article","og_title":"Malvazija Grappolo 0,75l Valenta Family Wines Adria Klik Dostava odmah zna\u010di ODMAH!","og_description":"Malvazija Grappolo 0,75l Valenta Family Wines Adria Klik Dostava odmah zna\u010di ODMAH! | Najbr\u017ea dostava Namirnica, Vina, Craft piva, Delicija","og_url":"https:\/\/adria-klik.com\/proizvod\/malvazija-grappolo-075l-valenta-family-wines-adria-klik-webshop-najbrzva-dostava\/","og_site_name":"Adria-Klik.com","article_publisher":"https:\/\/www.facebook.com\/profile.php?id=100064209425136","article_modified_time":"2023-04-23T12:43:55+00:00","og_image":[{"width":1500,"height":1500,"url":"https:\/\/adria-klik.com\/wp-content\/uploads\/2020\/10\/malvazija-075-grappolo-Valenta-Family-Wines-Adria-Klik-najbrza-dostava-webshop-ducan-Kroatien-wein-premium-delivery.jpeg","type":"image\/jpeg"}],"twitter_card":"summary_large_image","twitter_title":"Malvazija Grappolo 0,75l Valenta Family Wines Adria Klik Dostava odmah zna\u010di ODMAH!","twitter_description":"Malvazija Grappolo 0,75l Valenta Family Wines Adria Klik Dostava odmah zna\u010di ODMAH! Fast delivery!Malvazija Grappolo 0,75l Valenta Family Wines Adria Klik Dostava odmah zna\u010di ODMAH! | Najbr\u017ea dostava Namirnica, Vina, Craft piva, Delicija","twitter_image":"https:\/\/adria-klik.com\/wp-content\/uploads\/2020\/10\/malvazija-075-grappolo-Valenta-Family-Wines-Adria-Klik-najbrza-dostava-webshop-ducan-Kroatien-wein-premium-delivery.jpeg","schema":{"@context":"https:\/\/schema.org","@graph":[{"@type":"WebPage","@id":"https:\/\/adria-klik.com\/proizvod\/malvazija-grappolo-075l-valenta-family-wines-adria-klik-webshop-najbrzva-dostava\/","url":"https:\/\/adria-klik.com\/proizvod\/malvazija-grappolo-075l-valenta-family-wines-adria-klik-webshop-najbrzva-dostava\/","name":"Malvazija Grappolo 0,75l Valenta Family Wines - Adria-Klik.com","isPartOf":{"@id":"https:\/\/adria-klik.com\/#website"},"primaryImageOfPage":{"@id":"https:\/\/adria-klik.com\/proizvod\/malvazija-grappolo-075l-valenta-family-wines-adria-klik-webshop-najbrzva-dostava\/#primaryimage"},"image":{"@id":"https:\/\/adria-klik.com\/proizvod\/malvazija-grappolo-075l-valenta-family-wines-adria-klik-webshop-najbrzva-dostava\/#primaryimage"},"thumbnailUrl":"https:\/\/adria-klik.com\/wp-content\/uploads\/2020\/10\/malvazija-075-grappolo-Valenta-Family-Wines-Adria-Klik-najbrza-dostava-webshop-ducan-Kroatien-wein-premium-delivery.jpeg","datePublished":"2020-10-25T15:25:03+00:00","dateModified":"2023-04-23T12:43:55+00:00","description":"Malvazija Grappolo 0,75l Valenta Family Wines Adria Klik Dostava odmah zna\u010di ODMAH! | Najbr\u017ea dostava Namirnica, Vina, Craft piva, Delicija","breadcrumb":{"@id":"https:\/\/adria-klik.com\/proizvod\/malvazija-grappolo-075l-valenta-family-wines-adria-klik-webshop-najbrzva-dostava\/#breadcrumb"},"inLanguage":"en-US","potentialAction":[{"@type":"ReadAction","target":["https:\/\/adria-klik.com\/proizvod\/malvazija-grappolo-075l-valenta-family-wines-adria-klik-webshop-najbrzva-dostava\/"]}]},{"@type":"ImageObject","inLanguage":"en-US","@id":"https:\/\/adria-klik.com\/proizvod\/malvazija-grappolo-075l-valenta-family-wines-adria-klik-webshop-najbrzva-dostava\/#primaryimage","url":"https:\/\/adria-klik.com\/wp-content\/uploads\/2020\/10\/malvazija-075-grappolo-Valenta-Family-Wines-Adria-Klik-najbrza-dostava-webshop-ducan-Kroatien-wein-premium-delivery.jpeg","contentUrl":"https:\/\/adria-klik.com\/wp-content\/uploads\/2020\/10\/malvazija-075-grappolo-Valenta-Family-Wines-Adria-Klik-najbrza-dostava-webshop-ducan-Kroatien-wein-premium-delivery.jpeg","width":1500,"height":1500,"caption":"| Adria Klik Najbr\u017ea dostava Namirnica, Vina, Craft piva, Delicija, Organsko, Eko, Bio, ekskluzivan izbor doma\u0107ih vinara!"},{"@type":"BreadcrumbList","@id":"https:\/\/adria-klik.com\/proizvod\/malvazija-grappolo-075l-valenta-family-wines-adria-klik-webshop-najbrzva-dostava\/#breadcrumb","itemListElement":[{"@type":"ListItem","position":1,"name":"Po\u010detna stranica","item":"https:\/\/adria-klik.com\/en\/"},{"@type":"ListItem","position":2,"name":"Shop","item":"https:\/\/adria-klik.com\/shop\/"},{"@type":"ListItem","position":3,"name":"Malvazija Grappolo 0,75l Valenta Family Wines"}]},{"@type":"WebSite","@id":"https:\/\/adria-klik.com\/#website","url":"https:\/\/adria-klik.com\/","name":"Adria-Klik.com","description":"Unikatni poklon paketi, Vina, Craft pivo &amp; Delicije - webshop","publisher":{"@id":"https:\/\/adria-klik.com\/#organization"},"potentialAction":[{"@type":"SearchAction","target":{"@type":"EntryPoint","urlTemplate":"https:\/\/adria-klik.com\/?s={search_term_string}"},"query-input":{"@type":"PropertyValueSpecification","valueRequired":true,"valueName":"search_term_string"}}],"inLanguage":"en-US"},{"@type":"Organization","@id":"https:\/\/adria-klik.com\/#organization","name":"Adria-Klik.com","alternateName":"AK","url":"https:\/\/adria-klik.com\/","logo":{"@type":"ImageObject","inLanguage":"en-US","@id":"https:\/\/adria-klik.com\/#\/schema\/logo\/image\/","url":"https:\/\/adria-klik.com\/wp-content\/uploads\/2025\/12\/Adria-Klik_com-logo-namirnice-vina-craft-pivo-delikatese-delicije-artisan-cokolada.jpg","contentUrl":"https:\/\/adria-klik.com\/wp-content\/uploads\/2025\/12\/Adria-Klik_com-logo-namirnice-vina-craft-pivo-delikatese-delicije-artisan-cokolada.jpg","width":500,"height":500,"caption":"Adria-Klik.com"},"image":{"@id":"https:\/\/adria-klik.com\/#\/schema\/logo\/image\/"},"sameAs":["https:\/\/www.facebook.com\/profile.php?id=100064209425136","https:\/\/www.instagram.com\/adriaklik\/","https:\/\/www.youtube.com\/user\/PlavacmaliZagreb"]}]}},"jetpack_sharing_enabled":true,"jetpack-related-posts":[],"_links":{"self":[{"href":"https:\/\/adria-klik.com\/en\/wp-json\/wp\/v2\/product\/13618","targetHints":{"allow":["GET"]}}],"collection":[{"href":"https:\/\/adria-klik.com\/en\/wp-json\/wp\/v2\/product"}],"about":[{"href":"https:\/\/adria-klik.com\/en\/wp-json\/wp\/v2\/types\/product"}],"replies":[{"embeddable":true,"href":"https:\/\/adria-klik.com\/en\/wp-json\/wp\/v2\/comments?post=13618"}],"wp:featuredmedia":[{"embeddable":true,"href":"https:\/\/adria-klik.com\/en\/wp-json\/wp\/v2\/media\/14884"}],"wp:attachment":[{"href":"https:\/\/adria-klik.com\/en\/wp-json\/wp\/v2\/media?parent=13618"}],"wp:term":[{"taxonomy":"product_brand","embeddable":true,"href":"https:\/\/adria-klik.com\/en\/wp-json\/wp\/v2\/product_brand?post=13618"},{"taxonomy":"product_cat","embeddable":true,"href":"https:\/\/adria-klik.com\/en\/wp-json\/wp\/v2\/product_cat?post=13618"},{"taxonomy":"product_tag","embeddable":true,"href":"https:\/\/adria-klik.com\/en\/wp-json\/wp\/v2\/product_tag?post=13618"},{"taxonomy":"berocket_brand","embeddable":true,"href":"https:\/\/adria-klik.com\/en\/wp-json\/wp\/v2\/berocket_brand?post=13618"}],"curies":[{"name":"wp","href":"https:\/\/api.w.org\/{rel}","templated":true}]}}