{"id":14142,"date":"2020-11-27T00:02:44","date_gmt":"2020-11-26T23:02:44","guid":{"rendered":"https:\/\/adria.riot.hr\/?post_type=product&#038;p=14142"},"modified":"2020-11-27T00:07:37","modified_gmt":"2020-11-26T23:07:37","slug":"monster","status":"publish","type":"product","link":"https:\/\/adria-klik.com\/en\/proizvod\/monster\/","title":{"rendered":"Monster"},"content":{"rendered":"<div class=\"MenuItem__content___BHqdW MenuItem__showAll___3qAqV\">\n<ul>\n<li class=\"MenuItem__description___33A4R\">Napravljeno od rubin crvenog grejpa i kinina za tonik koji je osvje\u017eavaju\u0107e suh i svje\u017e.<\/li>\n<li class=\"MenuItem__description___33A4R\">Pomije\u0161ajte s ginom ili votkom za osvje\u017eavaju\u0107e i \u017eustro dugo pi\u0107e.<\/li>\n<li class=\"MenuItem__description___33A4R\">Bez umjetnih zasla\u0111iva\u010da, aroma ili konzervansa<\/li>\n<\/ul>\n<\/div>\n","protected":false},"excerpt":{"rendered":"<ul>\n<li class=\"MenuItem__description___33A4R\">Napravljeno od rubin crvenog grejpa i kinina za tonik koji je osvje\u017eavaju\u0107e suh i svje\u017e.<\/li>\n<li class=\"MenuItem__description___33A4R\">Pomije\u0161ajte s ginom ili votkom za osvje\u017eavaju\u0107e i \u017eustro dugo pi\u0107e.<\/li>\n<li class=\"MenuItem__description___33A4R\">Bez umjetnih zasla\u0111iva\u010da, aroma ili konzervansa<\/li>\n<\/ul>\n","protected":false},"featured_media":0,"comment_status":"open","ping_status":"closed","template":"","meta":{"_acf_changed":false},"product_brand":[],"product_cat":[247],"product_tag":[],"berocket_brand":[],"class_list":{"0":"post-14142","1":"product","2":"type-product","3":"status-publish","5":"product_cat-nema-kategorije","7":"first","8":"instock","9":"shipping-taxable","10":"purchasable","11":"product-type-simple"},"acf":[],"yoast_head":"<!-- This site is optimized with the Yoast SEO plugin v26.9 - https:\/\/yoast.com\/product\/yoast-seo-wordpress\/ -->\n<title>Monster - Adria-Klik.com<\/title>\n<meta name=\"description\" content=\"Tonic Pink Grapefruit Water 0,2 l Fentimans Sigurno i provjereno, Adria Klik profesionalni voza\u010di i dostava!\" \/>\n<meta name=\"robots\" content=\"index, follow, max-snippet:-1, max-image-preview:large, max-video-preview:-1\" \/>\n<link rel=\"canonical\" href=\"https:\/\/adria-klik.com\/en\/proizvod\/monster\/\" \/>\n<meta property=\"og:locale\" content=\"en_US\" \/>\n<meta property=\"og:type\" content=\"article\" \/>\n<meta property=\"og:title\" content=\"Tonic Pink Grapefruit Water 0,2 l Fentimans Sigurno i provjereno, Adria Klik profesionalni voza\u010di i dostava!\" \/>\n<meta property=\"og:description\" content=\"Tonic Pink Grapefruit Water 0,2 l Fentimans Sigurno i provjereno, Adria Klik profesionalni voza\u010di i dostava!\" \/>\n<meta property=\"og:url\" content=\"https:\/\/adria-klik.com\/en\/proizvod\/monster\/\" \/>\n<meta property=\"og:site_name\" content=\"Adria-Klik.com\" \/>\n<meta property=\"article:publisher\" content=\"https:\/\/www.facebook.com\/profile.php?id=100064209425136\" \/>\n<meta property=\"article:modified_time\" content=\"2020-11-26T23:07:37+00:00\" \/>\n<meta property=\"og:image\" content=\"https:\/\/adria-klik.com\/wp-content\/uploads\/2025\/12\/NIGHTRIDER-Led-Lampice-Nova-runda-APAPaska-sirana-Craft-Beer-gift-box-Unique-poslovni-poklon-paket-Bozicno-Christmas-Limited-edition-EU-DPD.jpg\" \/>\n\t<meta property=\"og:image:width\" content=\"1500\" \/>\n\t<meta property=\"og:image:height\" content=\"1500\" \/>\n\t<meta property=\"og:image:type\" content=\"image\/jpeg\" \/>\n<meta name=\"twitter:card\" content=\"summary_large_image\" \/>\n<meta name=\"twitter:title\" content=\"Tonic Pink Grapefruit Water 0,2 l Fentimans Sigurno i provjereno, Adria Klik profesionalni voza\u010di i dostava!\" \/>\n<meta name=\"twitter:description\" content=\"Tonic Pink Grapefruit Water 0,2 l Fentimans Sigurno i provjereno, Adria Klik profesionalni voza\u010di i dostava!\" \/>\n<script type=\"application\/ld+json\" class=\"yoast-schema-graph\">{\"@context\":\"https:\/\/schema.org\",\"@graph\":[{\"@type\":\"WebPage\",\"@id\":\"https:\/\/adria-klik.com\/en\/proizvod\/monster\/\",\"url\":\"https:\/\/adria-klik.com\/en\/proizvod\/monster\/\",\"name\":\"Monster - Adria-Klik.com\",\"isPartOf\":{\"@id\":\"https:\/\/adria-klik.com\/#website\"},\"datePublished\":\"2020-11-26T23:02:44+00:00\",\"dateModified\":\"2020-11-26T23:07:37+00:00\",\"description\":\"Tonic Pink Grapefruit Water 0,2 l Fentimans Sigurno i provjereno, Adria Klik profesionalni voza\u010di i dostava!\",\"breadcrumb\":{\"@id\":\"https:\/\/adria-klik.com\/en\/proizvod\/monster\/#breadcrumb\"},\"inLanguage\":\"en-US\",\"potentialAction\":[{\"@type\":\"ReadAction\",\"target\":[\"https:\/\/adria-klik.com\/en\/proizvod\/monster\/\"]}]},{\"@type\":\"BreadcrumbList\",\"@id\":\"https:\/\/adria-klik.com\/en\/proizvod\/monster\/#breadcrumb\",\"itemListElement\":[{\"@type\":\"ListItem\",\"position\":1,\"name\":\"Po\u010detna stranica\",\"item\":\"https:\/\/adria-klik.com\/en\/\"},{\"@type\":\"ListItem\",\"position\":2,\"name\":\"Shop\",\"item\":\"https:\/\/adria-klik.com\/shop\/\"},{\"@type\":\"ListItem\",\"position\":3,\"name\":\"Monster\"}]},{\"@type\":\"WebSite\",\"@id\":\"https:\/\/adria-klik.com\/#website\",\"url\":\"https:\/\/adria-klik.com\/\",\"name\":\"Adria-Klik.com\",\"description\":\"Unikatni poklon paketi, Vina, Craft pivo &amp; Delicije - webshop\",\"publisher\":{\"@id\":\"https:\/\/adria-klik.com\/#organization\"},\"potentialAction\":[{\"@type\":\"SearchAction\",\"target\":{\"@type\":\"EntryPoint\",\"urlTemplate\":\"https:\/\/adria-klik.com\/?s={search_term_string}\"},\"query-input\":{\"@type\":\"PropertyValueSpecification\",\"valueRequired\":true,\"valueName\":\"search_term_string\"}}],\"inLanguage\":\"en-US\"},{\"@type\":\"Organization\",\"@id\":\"https:\/\/adria-klik.com\/#organization\",\"name\":\"Adria-Klik.com\",\"alternateName\":\"AK\",\"url\":\"https:\/\/adria-klik.com\/\",\"logo\":{\"@type\":\"ImageObject\",\"inLanguage\":\"en-US\",\"@id\":\"https:\/\/adria-klik.com\/#\/schema\/logo\/image\/\",\"url\":\"https:\/\/adria-klik.com\/wp-content\/uploads\/2025\/12\/Adria-Klik_com-logo-namirnice-vina-craft-pivo-delikatese-delicije-artisan-cokolada.jpg\",\"contentUrl\":\"https:\/\/adria-klik.com\/wp-content\/uploads\/2025\/12\/Adria-Klik_com-logo-namirnice-vina-craft-pivo-delikatese-delicije-artisan-cokolada.jpg\",\"width\":500,\"height\":500,\"caption\":\"Adria-Klik.com\"},\"image\":{\"@id\":\"https:\/\/adria-klik.com\/#\/schema\/logo\/image\/\"},\"sameAs\":[\"https:\/\/www.facebook.com\/profile.php?id=100064209425136\",\"https:\/\/www.instagram.com\/adriaklik\/\",\"https:\/\/www.youtube.com\/user\/PlavacmaliZagreb\"]}]}<\/script>\n<!-- \/ Yoast SEO plugin. -->","yoast_head_json":{"title":"Monster - Adria-Klik.com","description":"Tonic Pink Grapefruit Water 0,2 l Fentimans Sigurno i provjereno, Adria Klik profesionalni voza\u010di i dostava!","robots":{"index":"index","follow":"follow","max-snippet":"max-snippet:-1","max-image-preview":"max-image-preview:large","max-video-preview":"max-video-preview:-1"},"canonical":"https:\/\/adria-klik.com\/en\/proizvod\/monster\/","og_locale":"en_US","og_type":"article","og_title":"Tonic Pink Grapefruit Water 0,2 l Fentimans Sigurno i provjereno, Adria Klik profesionalni voza\u010di i dostava!","og_description":"Tonic Pink Grapefruit Water 0,2 l Fentimans Sigurno i provjereno, Adria Klik profesionalni voza\u010di i dostava!","og_url":"https:\/\/adria-klik.com\/en\/proizvod\/monster\/","og_site_name":"Adria-Klik.com","article_publisher":"https:\/\/www.facebook.com\/profile.php?id=100064209425136","article_modified_time":"2020-11-26T23:07:37+00:00","og_image":[{"width":1500,"height":1500,"url":"https:\/\/adria-klik.com\/wp-content\/uploads\/2025\/12\/NIGHTRIDER-Led-Lampice-Nova-runda-APAPaska-sirana-Craft-Beer-gift-box-Unique-poslovni-poklon-paket-Bozicno-Christmas-Limited-edition-EU-DPD.jpg","type":"image\/jpeg"}],"twitter_card":"summary_large_image","twitter_title":"Tonic Pink Grapefruit Water 0,2 l Fentimans Sigurno i provjereno, Adria Klik profesionalni voza\u010di i dostava!","twitter_description":"Tonic Pink Grapefruit Water 0,2 l Fentimans Sigurno i provjereno, Adria Klik profesionalni voza\u010di i dostava!","schema":{"@context":"https:\/\/schema.org","@graph":[{"@type":"WebPage","@id":"https:\/\/adria-klik.com\/en\/proizvod\/monster\/","url":"https:\/\/adria-klik.com\/en\/proizvod\/monster\/","name":"Monster - Adria-Klik.com","isPartOf":{"@id":"https:\/\/adria-klik.com\/#website"},"datePublished":"2020-11-26T23:02:44+00:00","dateModified":"2020-11-26T23:07:37+00:00","description":"Tonic Pink Grapefruit Water 0,2 l Fentimans Sigurno i provjereno, Adria Klik profesionalni voza\u010di i dostava!","breadcrumb":{"@id":"https:\/\/adria-klik.com\/en\/proizvod\/monster\/#breadcrumb"},"inLanguage":"en-US","potentialAction":[{"@type":"ReadAction","target":["https:\/\/adria-klik.com\/en\/proizvod\/monster\/"]}]},{"@type":"BreadcrumbList","@id":"https:\/\/adria-klik.com\/en\/proizvod\/monster\/#breadcrumb","itemListElement":[{"@type":"ListItem","position":1,"name":"Po\u010detna stranica","item":"https:\/\/adria-klik.com\/en\/"},{"@type":"ListItem","position":2,"name":"Shop","item":"https:\/\/adria-klik.com\/shop\/"},{"@type":"ListItem","position":3,"name":"Monster"}]},{"@type":"WebSite","@id":"https:\/\/adria-klik.com\/#website","url":"https:\/\/adria-klik.com\/","name":"Adria-Klik.com","description":"Unikatni poklon paketi, Vina, Craft pivo &amp; Delicije - webshop","publisher":{"@id":"https:\/\/adria-klik.com\/#organization"},"potentialAction":[{"@type":"SearchAction","target":{"@type":"EntryPoint","urlTemplate":"https:\/\/adria-klik.com\/?s={search_term_string}"},"query-input":{"@type":"PropertyValueSpecification","valueRequired":true,"valueName":"search_term_string"}}],"inLanguage":"en-US"},{"@type":"Organization","@id":"https:\/\/adria-klik.com\/#organization","name":"Adria-Klik.com","alternateName":"AK","url":"https:\/\/adria-klik.com\/","logo":{"@type":"ImageObject","inLanguage":"en-US","@id":"https:\/\/adria-klik.com\/#\/schema\/logo\/image\/","url":"https:\/\/adria-klik.com\/wp-content\/uploads\/2025\/12\/Adria-Klik_com-logo-namirnice-vina-craft-pivo-delikatese-delicije-artisan-cokolada.jpg","contentUrl":"https:\/\/adria-klik.com\/wp-content\/uploads\/2025\/12\/Adria-Klik_com-logo-namirnice-vina-craft-pivo-delikatese-delicije-artisan-cokolada.jpg","width":500,"height":500,"caption":"Adria-Klik.com"},"image":{"@id":"https:\/\/adria-klik.com\/#\/schema\/logo\/image\/"},"sameAs":["https:\/\/www.facebook.com\/profile.php?id=100064209425136","https:\/\/www.instagram.com\/adriaklik\/","https:\/\/www.youtube.com\/user\/PlavacmaliZagreb"]}]}},"jetpack_sharing_enabled":true,"jetpack-related-posts":[],"_links":{"self":[{"href":"https:\/\/adria-klik.com\/en\/wp-json\/wp\/v2\/product\/14142","targetHints":{"allow":["GET"]}}],"collection":[{"href":"https:\/\/adria-klik.com\/en\/wp-json\/wp\/v2\/product"}],"about":[{"href":"https:\/\/adria-klik.com\/en\/wp-json\/wp\/v2\/types\/product"}],"replies":[{"embeddable":true,"href":"https:\/\/adria-klik.com\/en\/wp-json\/wp\/v2\/comments?post=14142"}],"wp:attachment":[{"href":"https:\/\/adria-klik.com\/en\/wp-json\/wp\/v2\/media?parent=14142"}],"wp:term":[{"taxonomy":"product_brand","embeddable":true,"href":"https:\/\/adria-klik.com\/en\/wp-json\/wp\/v2\/product_brand?post=14142"},{"taxonomy":"product_cat","embeddable":true,"href":"https:\/\/adria-klik.com\/en\/wp-json\/wp\/v2\/product_cat?post=14142"},{"taxonomy":"product_tag","embeddable":true,"href":"https:\/\/adria-klik.com\/en\/wp-json\/wp\/v2\/product_tag?post=14142"},{"taxonomy":"berocket_brand","embeddable":true,"href":"https:\/\/adria-klik.com\/en\/wp-json\/wp\/v2\/berocket_brand?post=14142"}],"curies":[{"name":"wp","href":"https:\/\/api.w.org\/{rel}","templated":true}]}}