{"id":14232,"date":"2021-01-16T00:08:55","date_gmt":"2021-01-15T23:08:55","guid":{"rendered":"https:\/\/adria.riot.hr\/?post_type=product&#038;p=14232"},"modified":"2025-11-27T15:42:29","modified_gmt":"2025-11-27T14:42:29","slug":"bozanstveni-paket-benediktinke-sv-marije-zadar","status":"publish","type":"product","link":"https:\/\/adria-klik.com\/en\/proizvod\/bozanstveni-paket-benediktinke-sv-marije-zadar\/","title":{"rendered":"Bo\u017eanstveni paket &#8211; Benediktinke Sv. Marije Zadar"},"content":{"rendered":"<ul>\n<li><strong>Bo\u017eanstveni unikatni poklon paket!<\/strong><\/li>\n<li>Paket sadr\u017ei:\u00a0 <strong>Lampredija<\/strong> Crni Cuve 0,75 l <strong>Benediktinke Sv. Marije Zadar<\/strong>,<\/li>\n<li>Pa\u0161ki Sir Dalmatinac 200 g. <strong>Pa\u0161ka Sirana<\/strong>,<\/li>\n<li><strong>Organic<\/strong> Pekmez od Gro\u017e\u0111a i Jabuke <strong>Bez<\/strong> Dodanog <strong>\u0160e\u0107era<\/strong> 180g <strong>Adorable<\/strong>,<\/li>\n<li><strong>Dalmatinski<\/strong> Pe\u010deni Slani <strong>Bademi<\/strong> 100 g <strong>OPG \u0160kari\u0107<\/strong> Mario i<\/li>\n<li>Crna Mat <strong>poklon kutija<\/strong> s prozorom i dekoracijom<\/li>\n<li>Naru\u010di sigurnu dostavu online<\/li>\n<\/ul>\n","protected":false},"excerpt":{"rendered":"<ul>\n<li><strong>Bo\u017eanstveni unikatni poklon paket!<\/strong><\/li>\n<li>Paket sadr\u017ei:\u00a0 <strong>Lampredija<\/strong> Crni Cuve 0,75 l <strong>Benediktinke Sv. Marije Zadar<\/strong>,<\/li>\n<li>Pa\u0161ki Sir <strong>Dalmatinac<\/strong> 200 g. <strong>Pa\u0161ka Sirana<\/strong>,<\/li>\n<li><strong>Organic<\/strong> Pekmez od Gro\u017e\u0111a i Jabuke <strong>Bez<\/strong> Dodanog <strong>\u0160e\u0107era<\/strong> 180g <strong>Adorable<\/strong>,<\/li>\n<li><strong>Dalmatinski<\/strong> Pe\u010deni Slani <strong>Bademi<\/strong> 100 g <strong>OPG \u0160kari\u0107<\/strong> Mario i<\/li>\n<li>Crna Mat <strong>poklon kutija<\/strong> s prozorom i dekoracijom<\/li>\n<li>Naru\u010di sigurnu dostavu online<\/li>\n<\/ul>\n","protected":false},"featured_media":17931,"comment_status":"open","ping_status":"closed","template":"","meta":{"_acf_changed":false},"product_brand":[],"product_cat":[385,985,1159,619,1151,376],"product_tag":[2378,991,2379,2381,2280,1678,1111,2380],"berocket_brand":[622,574,2257,1696],"class_list":{"0":"post-14232","1":"product","2":"type-product","3":"status-publish","4":"has-post-thumbnail","6":"product_cat-adria-paketi","7":"product_cat-darovni-paketi","8":"product_cat-nasa-preporuka","9":"product_cat-okusi_adriu","10":"product_cat-paska-sirana-pag","11":"product_cat-premium-proizvodi","12":"product_tag-arorable","13":"product_tag-bozanstveni-darovni-paket","14":"product_tag-dalatinski-eko-bademi","15":"product_tag-dostava-online","16":"product_tag-opg-skaric","17":"product_tag-paska-sirana","18":"product_tag-poklon-paket","19":"product_tag-ravni-kotari","20":"berocket_brand-adorable","21":"berocket_brand-benediktinke-sv-marije-zadar","22":"berocket_brand-opg-skaric-mario","23":"berocket_brand-paska-sirana","25":"first","26":"instock","27":"featured","28":"shipping-taxable","29":"purchasable","30":"product-type-simple"},"acf":[],"yoast_head":"<!-- This site is optimized with the Yoast SEO plugin v26.9 - https:\/\/yoast.com\/product\/yoast-seo-wordpress\/ -->\n<title>Bo\u017eanstveni paket - Benediktinke Sv. Marije Zadar - Adria-Klik.com<\/title>\n<meta name=\"description\" content=\"Bo\u017eanstveni unikatni poklon paket!Paket sadr\u017ei:\u00a0 Lampredija Crni Cuve 0,75 l Benediktinke Sv. Marije Zadar naru\u010di sigurnu dostavu online\" \/>\n<meta name=\"robots\" content=\"index, follow, max-snippet:-1, max-image-preview:large, max-video-preview:-1\" \/>\n<link rel=\"canonical\" href=\"https:\/\/adria-klik.com\/proizvod\/bozanstveni-paket-benediktinke-sv-marije-zadar\/\" \/>\n<meta property=\"og:locale\" content=\"en_US\" \/>\n<meta property=\"og:type\" content=\"article\" \/>\n<meta property=\"og:title\" content=\"Bo\u017eanstveni unikatni poklon paket!Paket sadr\u017ei:\u00a0 Lampredija Crni Cuve 0,75 l Benediktinke Sv. Marije Zadar naru\u010di sigurnu dostavu online\" \/>\n<meta property=\"og:description\" content=\"Bo\u017eanstveni unikatni poklon paket!Paket sadr\u017ei:\u00a0 Lampredija Crni Cuve 0,75 l Benediktinke Sv. Marije Zadar naru\u010di sigurnu dostavu online\" \/>\n<meta property=\"og:url\" content=\"https:\/\/adria-klik.com\/proizvod\/bozanstveni-paket-benediktinke-sv-marije-zadar\/\" \/>\n<meta property=\"og:site_name\" content=\"Adria-Klik.com\" \/>\n<meta property=\"article:publisher\" content=\"https:\/\/www.facebook.com\/profile.php?id=100064209425136\" \/>\n<meta property=\"article:modified_time\" content=\"2025-11-27T14:42:29+00:00\" \/>\n<meta property=\"og:image\" content=\"https:\/\/adria-klik.com\/wp-content\/uploads\/2021\/01\/Lampredija-cuve-Paska-sirana-Adorable-Bademi-OPG-Skaric-gift-box-Unique-Croatia-Unikatni-poklon-paket-online-dostava_Wolt-Glovo-Zagreb-EU-DPD-order-novo.jpg\" \/>\n\t<meta property=\"og:image:width\" content=\"1500\" \/>\n\t<meta property=\"og:image:height\" content=\"1500\" \/>\n\t<meta property=\"og:image:type\" content=\"image\/jpeg\" \/>\n<meta name=\"twitter:card\" content=\"summary_large_image\" \/>\n<meta name=\"twitter:label1\" content=\"Est. reading time\" \/>\n\t<meta name=\"twitter:data1\" content=\"1 minute\" \/>\n<script type=\"application\/ld+json\" class=\"yoast-schema-graph\">{\"@context\":\"https:\/\/schema.org\",\"@graph\":[{\"@type\":\"WebPage\",\"@id\":\"https:\/\/adria-klik.com\/proizvod\/bozanstveni-paket-benediktinke-sv-marije-zadar\/\",\"url\":\"https:\/\/adria-klik.com\/proizvod\/bozanstveni-paket-benediktinke-sv-marije-zadar\/\",\"name\":\"Bo\u017eanstveni paket - Benediktinke Sv. Marije Zadar - Adria-Klik.com\",\"isPartOf\":{\"@id\":\"https:\/\/adria-klik.com\/#website\"},\"primaryImageOfPage\":{\"@id\":\"https:\/\/adria-klik.com\/proizvod\/bozanstveni-paket-benediktinke-sv-marije-zadar\/#primaryimage\"},\"image\":{\"@id\":\"https:\/\/adria-klik.com\/proizvod\/bozanstveni-paket-benediktinke-sv-marije-zadar\/#primaryimage\"},\"thumbnailUrl\":\"https:\/\/adria-klik.com\/wp-content\/uploads\/2021\/01\/Lampredija-cuve-Paska-sirana-Adorable-Bademi-OPG-Skaric-gift-box-Unique-Croatia-Unikatni-poklon-paket-online-dostava_Wolt-Glovo-Zagreb-EU-DPD-order-novo.jpg\",\"datePublished\":\"2021-01-15T23:08:55+00:00\",\"dateModified\":\"2025-11-27T14:42:29+00:00\",\"description\":\"Bo\u017eanstveni unikatni poklon paket!Paket sadr\u017ei:\u00a0 Lampredija Crni Cuve 0,75 l Benediktinke Sv. Marije Zadar naru\u010di sigurnu dostavu online\",\"breadcrumb\":{\"@id\":\"https:\/\/adria-klik.com\/proizvod\/bozanstveni-paket-benediktinke-sv-marije-zadar\/#breadcrumb\"},\"inLanguage\":\"en-US\",\"potentialAction\":[{\"@type\":\"ReadAction\",\"target\":[\"https:\/\/adria-klik.com\/proizvod\/bozanstveni-paket-benediktinke-sv-marije-zadar\/\"]}]},{\"@type\":\"ImageObject\",\"inLanguage\":\"en-US\",\"@id\":\"https:\/\/adria-klik.com\/proizvod\/bozanstveni-paket-benediktinke-sv-marije-zadar\/#primaryimage\",\"url\":\"https:\/\/adria-klik.com\/wp-content\/uploads\/2021\/01\/Lampredija-cuve-Paska-sirana-Adorable-Bademi-OPG-Skaric-gift-box-Unique-Croatia-Unikatni-poklon-paket-online-dostava_Wolt-Glovo-Zagreb-EU-DPD-order-novo.jpg\",\"contentUrl\":\"https:\/\/adria-klik.com\/wp-content\/uploads\/2021\/01\/Lampredija-cuve-Paska-sirana-Adorable-Bademi-OPG-Skaric-gift-box-Unique-Croatia-Unikatni-poklon-paket-online-dostava_Wolt-Glovo-Zagreb-EU-DPD-order-novo.jpg\",\"width\":1500,\"height\":1500,\"caption\":\"Poklon paketi | Poslovni pokoni | Poklon za ro\u0111endan | Unikatni autohtoni poklon paketi | Gift Box | Gift basket | Adria-Klik Supply webshop trgovina dostava namirnica, vina, craft piva i delicija Superbrza dostava Zagreb Wolt Glovo Hrvatska i EU DPD GLS - profesionalna vinska logistika #kupujmohrvatsko Naruci online, sigurna kupovina i brza dostava Croatia Unique Craft Beer Gift box \/ basket - Premium Craft beer gift box Nova runda brewery | Croatia autochthonous variety of wine Gift box unique - Autohtona sorta vina Poklon paket - Poslovni pokloni | Pokloni za ro\u0111endan i sve ostale prigode\"},{\"@type\":\"BreadcrumbList\",\"@id\":\"https:\/\/adria-klik.com\/proizvod\/bozanstveni-paket-benediktinke-sv-marije-zadar\/#breadcrumb\",\"itemListElement\":[{\"@type\":\"ListItem\",\"position\":1,\"name\":\"Po\u010detna stranica\",\"item\":\"https:\/\/adria-klik.com\/en\/\"},{\"@type\":\"ListItem\",\"position\":2,\"name\":\"Shop\",\"item\":\"https:\/\/adria-klik.com\/shop\/\"},{\"@type\":\"ListItem\",\"position\":3,\"name\":\"Bo\u017eanstveni paket &#8211; Benediktinke Sv. Marije Zadar\"}]},{\"@type\":\"WebSite\",\"@id\":\"https:\/\/adria-klik.com\/#website\",\"url\":\"https:\/\/adria-klik.com\/\",\"name\":\"Adria-Klik.com\",\"description\":\"Unikatni poklon paketi, Vina, Craft pivo &amp; Delicije - webshop\",\"publisher\":{\"@id\":\"https:\/\/adria-klik.com\/#organization\"},\"potentialAction\":[{\"@type\":\"SearchAction\",\"target\":{\"@type\":\"EntryPoint\",\"urlTemplate\":\"https:\/\/adria-klik.com\/?s={search_term_string}\"},\"query-input\":{\"@type\":\"PropertyValueSpecification\",\"valueRequired\":true,\"valueName\":\"search_term_string\"}}],\"inLanguage\":\"en-US\"},{\"@type\":\"Organization\",\"@id\":\"https:\/\/adria-klik.com\/#organization\",\"name\":\"Adria-Klik.com\",\"alternateName\":\"AK\",\"url\":\"https:\/\/adria-klik.com\/\",\"logo\":{\"@type\":\"ImageObject\",\"inLanguage\":\"en-US\",\"@id\":\"https:\/\/adria-klik.com\/#\/schema\/logo\/image\/\",\"url\":\"https:\/\/adria-klik.com\/wp-content\/uploads\/2025\/12\/Adria-Klik_com-logo-namirnice-vina-craft-pivo-delikatese-delicije-artisan-cokolada.jpg\",\"contentUrl\":\"https:\/\/adria-klik.com\/wp-content\/uploads\/2025\/12\/Adria-Klik_com-logo-namirnice-vina-craft-pivo-delikatese-delicije-artisan-cokolada.jpg\",\"width\":500,\"height\":500,\"caption\":\"Adria-Klik.com\"},\"image\":{\"@id\":\"https:\/\/adria-klik.com\/#\/schema\/logo\/image\/\"},\"sameAs\":[\"https:\/\/www.facebook.com\/profile.php?id=100064209425136\",\"https:\/\/www.instagram.com\/adriaklik\/\",\"https:\/\/www.youtube.com\/user\/PlavacmaliZagreb\"]}]}<\/script>\n<!-- \/ Yoast SEO plugin. -->","yoast_head_json":{"title":"Bo\u017eanstveni paket - Benediktinke Sv. Marije Zadar - Adria-Klik.com","description":"Bo\u017eanstveni unikatni poklon paket!Paket sadr\u017ei:\u00a0 Lampredija Crni Cuve 0,75 l Benediktinke Sv. Marije Zadar naru\u010di sigurnu dostavu online","robots":{"index":"index","follow":"follow","max-snippet":"max-snippet:-1","max-image-preview":"max-image-preview:large","max-video-preview":"max-video-preview:-1"},"canonical":"https:\/\/adria-klik.com\/proizvod\/bozanstveni-paket-benediktinke-sv-marije-zadar\/","og_locale":"en_US","og_type":"article","og_title":"Bo\u017eanstveni unikatni poklon paket!Paket sadr\u017ei:\u00a0 Lampredija Crni Cuve 0,75 l Benediktinke Sv. Marije Zadar naru\u010di sigurnu dostavu online","og_description":"Bo\u017eanstveni unikatni poklon paket!Paket sadr\u017ei:\u00a0 Lampredija Crni Cuve 0,75 l Benediktinke Sv. Marije Zadar naru\u010di sigurnu dostavu online","og_url":"https:\/\/adria-klik.com\/proizvod\/bozanstveni-paket-benediktinke-sv-marije-zadar\/","og_site_name":"Adria-Klik.com","article_publisher":"https:\/\/www.facebook.com\/profile.php?id=100064209425136","article_modified_time":"2025-11-27T14:42:29+00:00","og_image":[{"width":1500,"height":1500,"url":"https:\/\/adria-klik.com\/wp-content\/uploads\/2021\/01\/Lampredija-cuve-Paska-sirana-Adorable-Bademi-OPG-Skaric-gift-box-Unique-Croatia-Unikatni-poklon-paket-online-dostava_Wolt-Glovo-Zagreb-EU-DPD-order-novo.jpg","type":"image\/jpeg"}],"twitter_card":"summary_large_image","twitter_misc":{"Est. reading time":"1 minute"},"schema":{"@context":"https:\/\/schema.org","@graph":[{"@type":"WebPage","@id":"https:\/\/adria-klik.com\/proizvod\/bozanstveni-paket-benediktinke-sv-marije-zadar\/","url":"https:\/\/adria-klik.com\/proizvod\/bozanstveni-paket-benediktinke-sv-marije-zadar\/","name":"Bo\u017eanstveni paket - Benediktinke Sv. Marije Zadar - Adria-Klik.com","isPartOf":{"@id":"https:\/\/adria-klik.com\/#website"},"primaryImageOfPage":{"@id":"https:\/\/adria-klik.com\/proizvod\/bozanstveni-paket-benediktinke-sv-marije-zadar\/#primaryimage"},"image":{"@id":"https:\/\/adria-klik.com\/proizvod\/bozanstveni-paket-benediktinke-sv-marije-zadar\/#primaryimage"},"thumbnailUrl":"https:\/\/adria-klik.com\/wp-content\/uploads\/2021\/01\/Lampredija-cuve-Paska-sirana-Adorable-Bademi-OPG-Skaric-gift-box-Unique-Croatia-Unikatni-poklon-paket-online-dostava_Wolt-Glovo-Zagreb-EU-DPD-order-novo.jpg","datePublished":"2021-01-15T23:08:55+00:00","dateModified":"2025-11-27T14:42:29+00:00","description":"Bo\u017eanstveni unikatni poklon paket!Paket sadr\u017ei:\u00a0 Lampredija Crni Cuve 0,75 l Benediktinke Sv. Marije Zadar naru\u010di sigurnu dostavu online","breadcrumb":{"@id":"https:\/\/adria-klik.com\/proizvod\/bozanstveni-paket-benediktinke-sv-marije-zadar\/#breadcrumb"},"inLanguage":"en-US","potentialAction":[{"@type":"ReadAction","target":["https:\/\/adria-klik.com\/proizvod\/bozanstveni-paket-benediktinke-sv-marije-zadar\/"]}]},{"@type":"ImageObject","inLanguage":"en-US","@id":"https:\/\/adria-klik.com\/proizvod\/bozanstveni-paket-benediktinke-sv-marije-zadar\/#primaryimage","url":"https:\/\/adria-klik.com\/wp-content\/uploads\/2021\/01\/Lampredija-cuve-Paska-sirana-Adorable-Bademi-OPG-Skaric-gift-box-Unique-Croatia-Unikatni-poklon-paket-online-dostava_Wolt-Glovo-Zagreb-EU-DPD-order-novo.jpg","contentUrl":"https:\/\/adria-klik.com\/wp-content\/uploads\/2021\/01\/Lampredija-cuve-Paska-sirana-Adorable-Bademi-OPG-Skaric-gift-box-Unique-Croatia-Unikatni-poklon-paket-online-dostava_Wolt-Glovo-Zagreb-EU-DPD-order-novo.jpg","width":1500,"height":1500,"caption":"Poklon paketi | Poslovni pokoni | Poklon za ro\u0111endan | Unikatni autohtoni poklon paketi | Gift Box | Gift basket | Adria-Klik Supply webshop trgovina dostava namirnica, vina, craft piva i delicija Superbrza dostava Zagreb Wolt Glovo Hrvatska i EU DPD GLS - profesionalna vinska logistika #kupujmohrvatsko Naruci online, sigurna kupovina i brza dostava Croatia Unique Craft Beer Gift box \/ basket - Premium Craft beer gift box Nova runda brewery | Croatia autochthonous variety of wine Gift box unique - Autohtona sorta vina Poklon paket - Poslovni pokloni | Pokloni za ro\u0111endan i sve ostale prigode"},{"@type":"BreadcrumbList","@id":"https:\/\/adria-klik.com\/proizvod\/bozanstveni-paket-benediktinke-sv-marije-zadar\/#breadcrumb","itemListElement":[{"@type":"ListItem","position":1,"name":"Po\u010detna stranica","item":"https:\/\/adria-klik.com\/en\/"},{"@type":"ListItem","position":2,"name":"Shop","item":"https:\/\/adria-klik.com\/shop\/"},{"@type":"ListItem","position":3,"name":"Bo\u017eanstveni paket &#8211; Benediktinke Sv. Marije Zadar"}]},{"@type":"WebSite","@id":"https:\/\/adria-klik.com\/#website","url":"https:\/\/adria-klik.com\/","name":"Adria-Klik.com","description":"Unikatni poklon paketi, Vina, Craft pivo &amp; Delicije - webshop","publisher":{"@id":"https:\/\/adria-klik.com\/#organization"},"potentialAction":[{"@type":"SearchAction","target":{"@type":"EntryPoint","urlTemplate":"https:\/\/adria-klik.com\/?s={search_term_string}"},"query-input":{"@type":"PropertyValueSpecification","valueRequired":true,"valueName":"search_term_string"}}],"inLanguage":"en-US"},{"@type":"Organization","@id":"https:\/\/adria-klik.com\/#organization","name":"Adria-Klik.com","alternateName":"AK","url":"https:\/\/adria-klik.com\/","logo":{"@type":"ImageObject","inLanguage":"en-US","@id":"https:\/\/adria-klik.com\/#\/schema\/logo\/image\/","url":"https:\/\/adria-klik.com\/wp-content\/uploads\/2025\/12\/Adria-Klik_com-logo-namirnice-vina-craft-pivo-delikatese-delicije-artisan-cokolada.jpg","contentUrl":"https:\/\/adria-klik.com\/wp-content\/uploads\/2025\/12\/Adria-Klik_com-logo-namirnice-vina-craft-pivo-delikatese-delicije-artisan-cokolada.jpg","width":500,"height":500,"caption":"Adria-Klik.com"},"image":{"@id":"https:\/\/adria-klik.com\/#\/schema\/logo\/image\/"},"sameAs":["https:\/\/www.facebook.com\/profile.php?id=100064209425136","https:\/\/www.instagram.com\/adriaklik\/","https:\/\/www.youtube.com\/user\/PlavacmaliZagreb"]}]}},"jetpack_sharing_enabled":true,"jetpack-related-posts":[],"_links":{"self":[{"href":"https:\/\/adria-klik.com\/en\/wp-json\/wp\/v2\/product\/14232","targetHints":{"allow":["GET"]}}],"collection":[{"href":"https:\/\/adria-klik.com\/en\/wp-json\/wp\/v2\/product"}],"about":[{"href":"https:\/\/adria-klik.com\/en\/wp-json\/wp\/v2\/types\/product"}],"replies":[{"embeddable":true,"href":"https:\/\/adria-klik.com\/en\/wp-json\/wp\/v2\/comments?post=14232"}],"wp:featuredmedia":[{"embeddable":true,"href":"https:\/\/adria-klik.com\/en\/wp-json\/wp\/v2\/media\/17931"}],"wp:attachment":[{"href":"https:\/\/adria-klik.com\/en\/wp-json\/wp\/v2\/media?parent=14232"}],"wp:term":[{"taxonomy":"product_brand","embeddable":true,"href":"https:\/\/adria-klik.com\/en\/wp-json\/wp\/v2\/product_brand?post=14232"},{"taxonomy":"product_cat","embeddable":true,"href":"https:\/\/adria-klik.com\/en\/wp-json\/wp\/v2\/product_cat?post=14232"},{"taxonomy":"product_tag","embeddable":true,"href":"https:\/\/adria-klik.com\/en\/wp-json\/wp\/v2\/product_tag?post=14232"},{"taxonomy":"berocket_brand","embeddable":true,"href":"https:\/\/adria-klik.com\/en\/wp-json\/wp\/v2\/berocket_brand?post=14232"}],"curies":[{"name":"wp","href":"https:\/\/api.w.org\/{rel}","templated":true}]}}