{"id":14566,"date":"2021-02-02T02:48:47","date_gmt":"2021-02-02T01:48:47","guid":{"rendered":"https:\/\/adria.riot.hr\/?post_type=product&#038;p=14566"},"modified":"2024-12-12T07:24:48","modified_gmt":"2024-12-12T06:24:48","slug":"vislander-gin-24carob-webshop-where-you-can-simply-order-your-groceries-wine-and-gourmet","status":"publish","type":"product","link":"https:\/\/adria-klik.com\/en\/proizvod\/vislander-gin-24carob-webshop-where-you-can-simply-order-your-groceries-wine-and-gourmet\/","title":{"rendered":"24 Carb Gold Gin 0,5l Vislander"},"content":{"rendered":"<ul>\n<li>Did you know the measurement carat comes from the carob tree?<\/li>\n<li>In antic Issa they measured the weight of gold and jewels using the carob plant seeds, and in Roman times the solidus golden coin weighed 24 carob seeds.<\/li>\n<li>As such, historically 24 carats has been the measure for hundred percent pure gold, just as today 24 carobs give our gin a hundred percent pure golden flavour!<\/li>\n<li>INGREDIENTS: juniper berries, carob, sage, lemon and orange peel, angelica, coriander, iris root, aromatic Vis herbs.<\/li>\n<\/ul>\n","protected":false},"excerpt":{"rendered":"<p>24 Carb Gold Gin 0,5l Vislander<\/p>\n<p>VISLANDER GRAPPA<br \/>\nVislander grappa is the Grappa for life<\/p>\n<p>In our region, grappas are known as universal medicine, magic fluids that alleviate all possible ailments: toothache, headache, heartache &#8230;<\/p>\n<p>It is time to introduce the world to the wonderful properties of our native herbs and fruits.<\/p>\n<p>Order Vislander Premium Gin now Adria Klik Premium Delivery<\/p>\n","protected":false},"featured_media":16211,"comment_status":"open","ping_status":"closed","template":"","meta":{"_acf_changed":false},"product_brand":[],"product_cat":[386,442,439,378,1379,443,387],"product_tag":[],"berocket_brand":[1452],"class_list":{"0":"post-14566","1":"product","2":"type-product","3":"status-publish","4":"has-post-thumbnail","6":"product_cat-adria-package","7":"product_cat-brandy","8":"product_cat-gin-en","9":"product_cat-liquor","10":"product_cat-okusi-adriu","11":"product_cat-other-liquor","12":"product_cat-premium","13":"berocket_brand-vislander-vina-i-rakije-en","15":"first","16":"outofstock","17":"featured","18":"shipping-taxable","19":"purchasable","20":"product-type-simple"},"acf":[],"yoast_head":"<!-- This site is optimized with the Yoast SEO plugin v26.9 - https:\/\/yoast.com\/product\/yoast-seo-wordpress\/ -->\n<title>24 Carb Gold Gin 0,5l Vislander - Adria-Klik.com<\/title>\n<meta name=\"description\" content=\"Modern webshop where you can simply order your groceries, wine and gourmet. 24 Carb Gold Gin 0,5l Vislander\" \/>\n<meta name=\"robots\" content=\"index, follow, max-snippet:-1, max-image-preview:large, max-video-preview:-1\" \/>\n<link rel=\"canonical\" href=\"https:\/\/adria-klik.com\/en\/proizvod\/vislander-gin-24carob-webshop-where-you-can-simply-order-your-groceries-wine-and-gourmet\/\" \/>\n<meta property=\"og:locale\" content=\"en_US\" \/>\n<meta property=\"og:type\" content=\"article\" \/>\n<meta property=\"og:title\" content=\"Modern webshop where you can simply order your groceries, wine and gourmet. 24 Carb Gold Gin 0,5l Vislander\" \/>\n<meta property=\"og:description\" content=\"Modern webshop where you can simply order your groceries, wine and gourmet. 24 Carb Gold Gin 0,5l Vislander\" \/>\n<meta property=\"og:url\" content=\"https:\/\/adria-klik.com\/en\/proizvod\/vislander-gin-24carob-webshop-where-you-can-simply-order-your-groceries-wine-and-gourmet\/\" \/>\n<meta property=\"og:site_name\" content=\"Adria-Klik.com\" \/>\n<meta property=\"article:publisher\" content=\"https:\/\/www.facebook.com\/profile.php?id=100064209425136\" \/>\n<meta property=\"article:modified_time\" content=\"2024-12-12T06:24:48+00:00\" \/>\n<meta property=\"og:image\" content=\"https:\/\/adria-klik.com\/wp-content\/uploads\/2021\/02\/Gin-Vislander-CAROB-GOLD-GIN-Spirit-Adria-Klik-Fast-Delivery-Brza-dostava-Zagreb-webshop-premium-EU-DPD-Glovo-Wolt-Bolt-Food-brza-dostava.jpg\" \/>\n\t<meta property=\"og:image:width\" content=\"1500\" \/>\n\t<meta property=\"og:image:height\" content=\"1500\" \/>\n\t<meta property=\"og:image:type\" content=\"image\/jpeg\" \/>\n<meta name=\"twitter:card\" content=\"summary_large_image\" \/>\n<meta name=\"twitter:title\" content=\"Modern webshop where you can simply order your groceries, wine and gourmet. 24 Carb Gold Gin 0,5l Vislander\" \/>\n<meta name=\"twitter:description\" content=\"Modern webshop where you can simply order your groceries, wine and gourmet. 24 Carb Gold Gin 0,5l Vislander\" \/>\n<meta name=\"twitter:image\" content=\"https:\/\/adria-klik.com\/wp-content\/uploads\/2021\/02\/Gin-Vislander-CAROB-GOLD-GIN-Spirit-Adria-Klik-Fast-Delivery-Brza-dostava-Zagreb-webshop-premium-EU-DPD-Glovo-Wolt-Bolt-Food-brza-dostava.jpg\" \/>\n<meta name=\"twitter:label1\" content=\"Est. reading time\" \/>\n\t<meta name=\"twitter:data1\" content=\"1 minute\" \/>\n<script type=\"application\/ld+json\" class=\"yoast-schema-graph\">{\"@context\":\"https:\/\/schema.org\",\"@graph\":[{\"@type\":\"WebPage\",\"@id\":\"https:\/\/adria-klik.com\/en\/proizvod\/vislander-gin-24carob-webshop-where-you-can-simply-order-your-groceries-wine-and-gourmet\/\",\"url\":\"https:\/\/adria-klik.com\/en\/proizvod\/vislander-gin-24carob-webshop-where-you-can-simply-order-your-groceries-wine-and-gourmet\/\",\"name\":\"24 Carb Gold Gin 0,5l Vislander - Adria-Klik.com\",\"isPartOf\":{\"@id\":\"https:\/\/adria-klik.com\/#website\"},\"primaryImageOfPage\":{\"@id\":\"https:\/\/adria-klik.com\/en\/proizvod\/vislander-gin-24carob-webshop-where-you-can-simply-order-your-groceries-wine-and-gourmet\/#primaryimage\"},\"image\":{\"@id\":\"https:\/\/adria-klik.com\/en\/proizvod\/vislander-gin-24carob-webshop-where-you-can-simply-order-your-groceries-wine-and-gourmet\/#primaryimage\"},\"thumbnailUrl\":\"https:\/\/adria-klik.com\/wp-content\/uploads\/2021\/02\/Gin-Vislander-24-CAROB-GOLD-GIN-24carob-Spirit-Adria-Klik-Fast-Delivery-Brza-dostava-Zagreb-webshop-premium-EU-DPD-Glovo-Wolt-Bolt-Food-brza-dostava-rakije-za-zivot-naruci.jpg\",\"datePublished\":\"2021-02-02T01:48:47+00:00\",\"dateModified\":\"2024-12-12T06:24:48+00:00\",\"description\":\"Modern webshop where you can simply order your groceries, wine and gourmet. 24 Carb Gold Gin 0,5l Vislander\",\"breadcrumb\":{\"@id\":\"https:\/\/adria-klik.com\/en\/proizvod\/vislander-gin-24carob-webshop-where-you-can-simply-order-your-groceries-wine-and-gourmet\/#breadcrumb\"},\"inLanguage\":\"en-US\",\"potentialAction\":[{\"@type\":\"ReadAction\",\"target\":[\"https:\/\/adria-klik.com\/en\/proizvod\/vislander-gin-24carob-webshop-where-you-can-simply-order-your-groceries-wine-and-gourmet\/\"]}]},{\"@type\":\"ImageObject\",\"inLanguage\":\"en-US\",\"@id\":\"https:\/\/adria-klik.com\/en\/proizvod\/vislander-gin-24carob-webshop-where-you-can-simply-order-your-groceries-wine-and-gourmet\/#primaryimage\",\"url\":\"https:\/\/adria-klik.com\/wp-content\/uploads\/2021\/02\/Gin-Vislander-24-CAROB-GOLD-GIN-24carob-Spirit-Adria-Klik-Fast-Delivery-Brza-dostava-Zagreb-webshop-premium-EU-DPD-Glovo-Wolt-Bolt-Food-brza-dostava-rakije-za-zivot-naruci.jpg\",\"contentUrl\":\"https:\/\/adria-klik.com\/wp-content\/uploads\/2021\/02\/Gin-Vislander-24-CAROB-GOLD-GIN-24carob-Spirit-Adria-Klik-Fast-Delivery-Brza-dostava-Zagreb-webshop-premium-EU-DPD-Glovo-Wolt-Bolt-Food-brza-dostava-rakije-za-zivot-naruci.jpg\",\"width\":1500,\"height\":1500,\"caption\":\"24 CAROB GOLD GIN Vislander Jeste li znali da izraz karat potje\u010de od roga\u010da Adria Klik Najbr\u017ea dostava , Vina, Craft , Delicija, ekskluziva\"},{\"@type\":\"BreadcrumbList\",\"@id\":\"https:\/\/adria-klik.com\/en\/proizvod\/vislander-gin-24carob-webshop-where-you-can-simply-order-your-groceries-wine-and-gourmet\/#breadcrumb\",\"itemListElement\":[{\"@type\":\"ListItem\",\"position\":1,\"name\":\"Po\u010detna stranica\",\"item\":\"https:\/\/adria-klik.com\/en\/\"},{\"@type\":\"ListItem\",\"position\":2,\"name\":\"Shop\",\"item\":\"https:\/\/adria-klik.com\/shop\/\"},{\"@type\":\"ListItem\",\"position\":3,\"name\":\"24 Carb Gold Gin 0,5l Vislander\"}]},{\"@type\":\"WebSite\",\"@id\":\"https:\/\/adria-klik.com\/#website\",\"url\":\"https:\/\/adria-klik.com\/\",\"name\":\"Adria-Klik.com\",\"description\":\"Unikatni poklon paketi, Vina, Craft pivo &amp; Delicije - webshop\",\"publisher\":{\"@id\":\"https:\/\/adria-klik.com\/#organization\"},\"potentialAction\":[{\"@type\":\"SearchAction\",\"target\":{\"@type\":\"EntryPoint\",\"urlTemplate\":\"https:\/\/adria-klik.com\/?s={search_term_string}\"},\"query-input\":{\"@type\":\"PropertyValueSpecification\",\"valueRequired\":true,\"valueName\":\"search_term_string\"}}],\"inLanguage\":\"en-US\"},{\"@type\":\"Organization\",\"@id\":\"https:\/\/adria-klik.com\/#organization\",\"name\":\"Adria-Klik.com\",\"alternateName\":\"AK\",\"url\":\"https:\/\/adria-klik.com\/\",\"logo\":{\"@type\":\"ImageObject\",\"inLanguage\":\"en-US\",\"@id\":\"https:\/\/adria-klik.com\/#\/schema\/logo\/image\/\",\"url\":\"https:\/\/adria-klik.com\/wp-content\/uploads\/2025\/12\/Adria-Klik_com-logo-namirnice-vina-craft-pivo-delikatese-delicije-artisan-cokolada.jpg\",\"contentUrl\":\"https:\/\/adria-klik.com\/wp-content\/uploads\/2025\/12\/Adria-Klik_com-logo-namirnice-vina-craft-pivo-delikatese-delicije-artisan-cokolada.jpg\",\"width\":500,\"height\":500,\"caption\":\"Adria-Klik.com\"},\"image\":{\"@id\":\"https:\/\/adria-klik.com\/#\/schema\/logo\/image\/\"},\"sameAs\":[\"https:\/\/www.facebook.com\/profile.php?id=100064209425136\",\"https:\/\/www.instagram.com\/adriaklik\/\",\"https:\/\/www.youtube.com\/user\/PlavacmaliZagreb\"]}]}<\/script>\n<!-- \/ Yoast SEO plugin. -->","yoast_head_json":{"title":"24 Carb Gold Gin 0,5l Vislander - Adria-Klik.com","description":"Modern webshop where you can simply order your groceries, wine and gourmet. 24 Carb Gold Gin 0,5l Vislander","robots":{"index":"index","follow":"follow","max-snippet":"max-snippet:-1","max-image-preview":"max-image-preview:large","max-video-preview":"max-video-preview:-1"},"canonical":"https:\/\/adria-klik.com\/en\/proizvod\/vislander-gin-24carob-webshop-where-you-can-simply-order-your-groceries-wine-and-gourmet\/","og_locale":"en_US","og_type":"article","og_title":"Modern webshop where you can simply order your groceries, wine and gourmet. 24 Carb Gold Gin 0,5l Vislander","og_description":"Modern webshop where you can simply order your groceries, wine and gourmet. 24 Carb Gold Gin 0,5l Vislander","og_url":"https:\/\/adria-klik.com\/en\/proizvod\/vislander-gin-24carob-webshop-where-you-can-simply-order-your-groceries-wine-and-gourmet\/","og_site_name":"Adria-Klik.com","article_publisher":"https:\/\/www.facebook.com\/profile.php?id=100064209425136","article_modified_time":"2024-12-12T06:24:48+00:00","og_image":[{"width":1500,"height":1500,"url":"https:\/\/adria-klik.com\/wp-content\/uploads\/2021\/02\/Gin-Vislander-CAROB-GOLD-GIN-Spirit-Adria-Klik-Fast-Delivery-Brza-dostava-Zagreb-webshop-premium-EU-DPD-Glovo-Wolt-Bolt-Food-brza-dostava.jpg","type":"image\/jpeg"}],"twitter_card":"summary_large_image","twitter_title":"Modern webshop where you can simply order your groceries, wine and gourmet. 24 Carb Gold Gin 0,5l Vislander","twitter_description":"Modern webshop where you can simply order your groceries, wine and gourmet. 24 Carb Gold Gin 0,5l Vislander","twitter_image":"https:\/\/adria-klik.com\/wp-content\/uploads\/2021\/02\/Gin-Vislander-CAROB-GOLD-GIN-Spirit-Adria-Klik-Fast-Delivery-Brza-dostava-Zagreb-webshop-premium-EU-DPD-Glovo-Wolt-Bolt-Food-brza-dostava.jpg","twitter_misc":{"Est. reading time":"1 minute"},"schema":{"@context":"https:\/\/schema.org","@graph":[{"@type":"WebPage","@id":"https:\/\/adria-klik.com\/en\/proizvod\/vislander-gin-24carob-webshop-where-you-can-simply-order-your-groceries-wine-and-gourmet\/","url":"https:\/\/adria-klik.com\/en\/proizvod\/vislander-gin-24carob-webshop-where-you-can-simply-order-your-groceries-wine-and-gourmet\/","name":"24 Carb Gold Gin 0,5l Vislander - Adria-Klik.com","isPartOf":{"@id":"https:\/\/adria-klik.com\/#website"},"primaryImageOfPage":{"@id":"https:\/\/adria-klik.com\/en\/proizvod\/vislander-gin-24carob-webshop-where-you-can-simply-order-your-groceries-wine-and-gourmet\/#primaryimage"},"image":{"@id":"https:\/\/adria-klik.com\/en\/proizvod\/vislander-gin-24carob-webshop-where-you-can-simply-order-your-groceries-wine-and-gourmet\/#primaryimage"},"thumbnailUrl":"https:\/\/adria-klik.com\/wp-content\/uploads\/2021\/02\/Gin-Vislander-24-CAROB-GOLD-GIN-24carob-Spirit-Adria-Klik-Fast-Delivery-Brza-dostava-Zagreb-webshop-premium-EU-DPD-Glovo-Wolt-Bolt-Food-brza-dostava-rakije-za-zivot-naruci.jpg","datePublished":"2021-02-02T01:48:47+00:00","dateModified":"2024-12-12T06:24:48+00:00","description":"Modern webshop where you can simply order your groceries, wine and gourmet. 24 Carb Gold Gin 0,5l Vislander","breadcrumb":{"@id":"https:\/\/adria-klik.com\/en\/proizvod\/vislander-gin-24carob-webshop-where-you-can-simply-order-your-groceries-wine-and-gourmet\/#breadcrumb"},"inLanguage":"en-US","potentialAction":[{"@type":"ReadAction","target":["https:\/\/adria-klik.com\/en\/proizvod\/vislander-gin-24carob-webshop-where-you-can-simply-order-your-groceries-wine-and-gourmet\/"]}]},{"@type":"ImageObject","inLanguage":"en-US","@id":"https:\/\/adria-klik.com\/en\/proizvod\/vislander-gin-24carob-webshop-where-you-can-simply-order-your-groceries-wine-and-gourmet\/#primaryimage","url":"https:\/\/adria-klik.com\/wp-content\/uploads\/2021\/02\/Gin-Vislander-24-CAROB-GOLD-GIN-24carob-Spirit-Adria-Klik-Fast-Delivery-Brza-dostava-Zagreb-webshop-premium-EU-DPD-Glovo-Wolt-Bolt-Food-brza-dostava-rakije-za-zivot-naruci.jpg","contentUrl":"https:\/\/adria-klik.com\/wp-content\/uploads\/2021\/02\/Gin-Vislander-24-CAROB-GOLD-GIN-24carob-Spirit-Adria-Klik-Fast-Delivery-Brza-dostava-Zagreb-webshop-premium-EU-DPD-Glovo-Wolt-Bolt-Food-brza-dostava-rakije-za-zivot-naruci.jpg","width":1500,"height":1500,"caption":"24 CAROB GOLD GIN Vislander Jeste li znali da izraz karat potje\u010de od roga\u010da Adria Klik Najbr\u017ea dostava , Vina, Craft , Delicija, ekskluziva"},{"@type":"BreadcrumbList","@id":"https:\/\/adria-klik.com\/en\/proizvod\/vislander-gin-24carob-webshop-where-you-can-simply-order-your-groceries-wine-and-gourmet\/#breadcrumb","itemListElement":[{"@type":"ListItem","position":1,"name":"Po\u010detna stranica","item":"https:\/\/adria-klik.com\/en\/"},{"@type":"ListItem","position":2,"name":"Shop","item":"https:\/\/adria-klik.com\/shop\/"},{"@type":"ListItem","position":3,"name":"24 Carb Gold Gin 0,5l Vislander"}]},{"@type":"WebSite","@id":"https:\/\/adria-klik.com\/#website","url":"https:\/\/adria-klik.com\/","name":"Adria-Klik.com","description":"Unikatni poklon paketi, Vina, Craft pivo &amp; Delicije - webshop","publisher":{"@id":"https:\/\/adria-klik.com\/#organization"},"potentialAction":[{"@type":"SearchAction","target":{"@type":"EntryPoint","urlTemplate":"https:\/\/adria-klik.com\/?s={search_term_string}"},"query-input":{"@type":"PropertyValueSpecification","valueRequired":true,"valueName":"search_term_string"}}],"inLanguage":"en-US"},{"@type":"Organization","@id":"https:\/\/adria-klik.com\/#organization","name":"Adria-Klik.com","alternateName":"AK","url":"https:\/\/adria-klik.com\/","logo":{"@type":"ImageObject","inLanguage":"en-US","@id":"https:\/\/adria-klik.com\/#\/schema\/logo\/image\/","url":"https:\/\/adria-klik.com\/wp-content\/uploads\/2025\/12\/Adria-Klik_com-logo-namirnice-vina-craft-pivo-delikatese-delicije-artisan-cokolada.jpg","contentUrl":"https:\/\/adria-klik.com\/wp-content\/uploads\/2025\/12\/Adria-Klik_com-logo-namirnice-vina-craft-pivo-delikatese-delicije-artisan-cokolada.jpg","width":500,"height":500,"caption":"Adria-Klik.com"},"image":{"@id":"https:\/\/adria-klik.com\/#\/schema\/logo\/image\/"},"sameAs":["https:\/\/www.facebook.com\/profile.php?id=100064209425136","https:\/\/www.instagram.com\/adriaklik\/","https:\/\/www.youtube.com\/user\/PlavacmaliZagreb"]}]}},"jetpack_sharing_enabled":true,"jetpack-related-posts":[],"_links":{"self":[{"href":"https:\/\/adria-klik.com\/en\/wp-json\/wp\/v2\/product\/14566","targetHints":{"allow":["GET"]}}],"collection":[{"href":"https:\/\/adria-klik.com\/en\/wp-json\/wp\/v2\/product"}],"about":[{"href":"https:\/\/adria-klik.com\/en\/wp-json\/wp\/v2\/types\/product"}],"replies":[{"embeddable":true,"href":"https:\/\/adria-klik.com\/en\/wp-json\/wp\/v2\/comments?post=14566"}],"wp:featuredmedia":[{"embeddable":true,"href":"https:\/\/adria-klik.com\/en\/wp-json\/wp\/v2\/media\/16211"}],"wp:attachment":[{"href":"https:\/\/adria-klik.com\/en\/wp-json\/wp\/v2\/media?parent=14566"}],"wp:term":[{"taxonomy":"product_brand","embeddable":true,"href":"https:\/\/adria-klik.com\/en\/wp-json\/wp\/v2\/product_brand?post=14566"},{"taxonomy":"product_cat","embeddable":true,"href":"https:\/\/adria-klik.com\/en\/wp-json\/wp\/v2\/product_cat?post=14566"},{"taxonomy":"product_tag","embeddable":true,"href":"https:\/\/adria-klik.com\/en\/wp-json\/wp\/v2\/product_tag?post=14566"},{"taxonomy":"berocket_brand","embeddable":true,"href":"https:\/\/adria-klik.com\/en\/wp-json\/wp\/v2\/berocket_brand?post=14566"}],"curies":[{"name":"wp","href":"https:\/\/api.w.org\/{rel}","templated":true}]}}