{"id":14784,"date":"2021-02-11T00:04:53","date_gmt":"2021-02-10T23:04:53","guid":{"rendered":"https:\/\/adria.riot.hr\/?post_type=product&#038;p=14784"},"modified":"2023-04-25T22:45:22","modified_gmt":"2023-04-25T20:45:22","slug":"jack-daniels-1l-coca-cola-033l-51-gratis","status":"publish","type":"product","link":"https:\/\/adria-klik.com\/en\/proizvod\/jack-daniels-1l-coca-cola-033l-51-gratis\/","title":{"rendered":"Jack Daniels 1l &#038; Coca-Cola 0,33l 5+1 Gratis"},"content":{"rendered":"<ul>\n<li>Adria-Klik Fun Pack<\/li>\n<li>Jack Daniels 1l Whiskey + Coca-Cola 0,33l 5+1 Gratis<\/li>\n<li>Coca-Cola 0,33l limenka ORIGINAL TASTE Coca-Cola za Hrvatsko tr\u017ei\u0161te &#8211; Garancija kvalitete, svje\u017eine i roka trajanja<\/li>\n<li>Na\u0161a preporuka &#8211; Konzumirati uz\u00a0 Premium Led iz na\u0161e ponude<\/li>\n<li>Naru\u010di dostavu online<\/li>\n<li>Naru\u010di superbrzu ili &#8220;klasi\u010dnu&#8221; dostavu<\/li>\n<li>Zaka\u017ei dostavu\/narud\u017ebu na \u017eeljeni dan i vrijeme<\/li>\n<\/ul>\n","protected":false},"excerpt":{"rendered":"<ul>\n<li>Adria-Klik Fun Pack<\/li>\n<li>Jack Daniels 1l Whiskey + Coca-Cola 0,33l 5+1 Gratis<\/li>\n<li>Coca-Cola 0,33l limenka ORIGINAL TASTE Coca-Cola za Hrvatsko tr\u017ei\u0161te &#8211; Garancija kvalitete, svje\u017eine i roka trajanja<\/li>\n<li>Na\u0161a preporuka &#8211; Konzumirati uz\u00a0 Premium Led iz na\u0161e ponude<\/li>\n<\/ul>\n<p>&nbsp;<\/p>\n","protected":false},"featured_media":16707,"comment_status":"open","ping_status":"closed","template":"","meta":{"_acf_changed":false},"product_brand":[],"product_cat":[374,1174,1161,430,560],"product_tag":[1118,1494,1927],"berocket_brand":[],"class_list":{"0":"post-14784","1":"product","2":"type-product","3":"status-publish","4":"has-post-thumbnail","6":"product_cat-alkoholna-pica","7":"product_cat-hrvatska","8":"product_cat-veseli-paketi-promo","9":"product_cat-whiskey","10":"product_cat-zagreb","11":"product_tag-51-gratis","12":"product_tag-coca-cola-033l-51-gratis","13":"product_tag-jack-daniels-dostava","15":"first","16":"instock","17":"featured","18":"shipping-taxable","19":"purchasable","20":"product-type-simple"},"acf":[],"yoast_head":"<!-- This site is optimized with the Yoast SEO plugin v26.9 - https:\/\/yoast.com\/product\/yoast-seo-wordpress\/ -->\n<title>Jack Daniels 1l &amp; Coca-Cola 0,33l 5+1 Gratis - Adria-Klik.com<\/title>\n<meta name=\"description\" content=\"Jack Daniels 1l &amp; Coca-Cola 0,33l 5+1 Gratis | Adria-Klik Superbrza dostava Zagreb, originalni Darovni paketi, pokloni organski, bio Dostava\" \/>\n<meta name=\"robots\" content=\"index, follow, max-snippet:-1, max-image-preview:large, max-video-preview:-1\" \/>\n<link rel=\"canonical\" href=\"https:\/\/adria-klik.com\/en\/proizvod\/jack-daniels-1l-coca-cola-033l-51-gratis\/\" \/>\n<meta property=\"og:locale\" content=\"en_US\" \/>\n<meta property=\"og:type\" content=\"article\" \/>\n<meta property=\"og:title\" content=\"Jack Daniels 1l &amp; Coca-Cola 0,5l 5+1 Gratis\" \/>\n<meta property=\"og:description\" content=\"Jack Daniels 1l &amp; Coca-Cola 0,5l 5+1 Gratis | Adria-Klik Superbrza dostava Zagreb, originalni Darovni paketi, pokloni organski, bio Dostava\" \/>\n<meta property=\"og:url\" content=\"https:\/\/adria-klik.com\/en\/proizvod\/jack-daniels-1l-coca-cola-033l-51-gratis\/\" \/>\n<meta property=\"og:site_name\" content=\"Adria-Klik.com\" \/>\n<meta property=\"article:publisher\" content=\"https:\/\/www.facebook.com\/profile.php?id=100064209425136\" \/>\n<meta property=\"article:modified_time\" content=\"2023-04-25T20:45:22+00:00\" \/>\n<meta property=\"og:image\" content=\"https:\/\/adria-klik.com\/wp-content\/uploads\/2021\/02\/Jack_Daniels_1l-plus-coca-cola-05l-5plus1-gratis-Adria-Klik_Supply_Kupipovoljno_superbrza_dostava_Zagreb-hladno_pice_ducan_webshop_Croatia.jpg\" \/>\n\t<meta property=\"og:image:width\" content=\"1500\" \/>\n\t<meta property=\"og:image:height\" content=\"1500\" \/>\n\t<meta property=\"og:image:type\" content=\"image\/jpeg\" \/>\n<meta name=\"twitter:card\" content=\"summary_large_image\" \/>\n<meta name=\"twitter:title\" content=\"Jack Daniels 1l &amp; Coca-Cola 0,5l 5+1 Gratis\" \/>\n<meta name=\"twitter:description\" content=\"Jack Daniels 1l &amp; Coca-Cola 0,5l 5+1 Gratis | Adria-Klik Superbrza dostava Zagreb, originalni Darovni paketi, pokloni organski, bio Dostava\" \/>\n<meta name=\"twitter:image\" content=\"https:\/\/adria-klik.com\/wp-content\/uploads\/2021\/02\/Jack_Daniels_1l-plus-coca-cola-05l-5plus1-gratis-Adria-Klik_Supply_Kupipovoljno_superbrza_dostava_Zagreb-hladno_pice_ducan_webshop_Croatia.jpg\" \/>\n<meta name=\"twitter:label1\" content=\"Est. reading time\" \/>\n\t<meta name=\"twitter:data1\" content=\"1 minute\" \/>\n<script type=\"application\/ld+json\" class=\"yoast-schema-graph\">{\"@context\":\"https:\/\/schema.org\",\"@graph\":[{\"@type\":\"WebPage\",\"@id\":\"https:\/\/adria-klik.com\/en\/proizvod\/jack-daniels-1l-coca-cola-033l-51-gratis\/\",\"url\":\"https:\/\/adria-klik.com\/en\/proizvod\/jack-daniels-1l-coca-cola-033l-51-gratis\/\",\"name\":\"Jack Daniels 1l & Coca-Cola 0,33l 5+1 Gratis - Adria-Klik.com\",\"isPartOf\":{\"@id\":\"https:\/\/adria-klik.com\/#website\"},\"primaryImageOfPage\":{\"@id\":\"https:\/\/adria-klik.com\/en\/proizvod\/jack-daniels-1l-coca-cola-033l-51-gratis\/#primaryimage\"},\"image\":{\"@id\":\"https:\/\/adria-klik.com\/en\/proizvod\/jack-daniels-1l-coca-cola-033l-51-gratis\/#primaryimage\"},\"thumbnailUrl\":\"https:\/\/adria-klik.com\/wp-content\/uploads\/2021\/02\/Jack_Daniels_1l-plus-coca-cola-033ml-5plus1-limenka-can-gratis-Adria-Klik_Supply_Kupipovoljno_dostava_Zagreb-hladno_pice_ducan_webshop_Croatia.jpg\",\"datePublished\":\"2021-02-10T23:04:53+00:00\",\"dateModified\":\"2023-04-25T20:45:22+00:00\",\"description\":\"Jack Daniels 1l & Coca-Cola 0,33l 5+1 Gratis | Adria-Klik Superbrza dostava Zagreb, originalni Darovni paketi, pokloni organski, bio Dostava\",\"breadcrumb\":{\"@id\":\"https:\/\/adria-klik.com\/en\/proizvod\/jack-daniels-1l-coca-cola-033l-51-gratis\/#breadcrumb\"},\"inLanguage\":\"en-US\",\"potentialAction\":[{\"@type\":\"ReadAction\",\"target\":[\"https:\/\/adria-klik.com\/en\/proizvod\/jack-daniels-1l-coca-cola-033l-51-gratis\/\"]}]},{\"@type\":\"ImageObject\",\"inLanguage\":\"en-US\",\"@id\":\"https:\/\/adria-klik.com\/en\/proizvod\/jack-daniels-1l-coca-cola-033l-51-gratis\/#primaryimage\",\"url\":\"https:\/\/adria-klik.com\/wp-content\/uploads\/2021\/02\/Jack_Daniels_1l-plus-coca-cola-033ml-5plus1-limenka-can-gratis-Adria-Klik_Supply_Kupipovoljno_dostava_Zagreb-hladno_pice_ducan_webshop_Croatia.jpg\",\"contentUrl\":\"https:\/\/adria-klik.com\/wp-content\/uploads\/2021\/02\/Jack_Daniels_1l-plus-coca-cola-033ml-5plus1-limenka-can-gratis-Adria-Klik_Supply_Kupipovoljno_dostava_Zagreb-hladno_pice_ducan_webshop_Croatia.jpg\",\"width\":1500,\"height\":1500,\"caption\":\"Naru\u010di dostavu! Jack Daniels 1l Whiskey + Coca-Cola 0,33l 5+1 Gratis Coca-Cola 0,33l limenka ORIGINAL TASTE Coca-Cola za Hrvatsko tr\u017ei\u0161te - Garancija kvalitete, svje\u017eine i roka trajanja\"},{\"@type\":\"BreadcrumbList\",\"@id\":\"https:\/\/adria-klik.com\/en\/proizvod\/jack-daniels-1l-coca-cola-033l-51-gratis\/#breadcrumb\",\"itemListElement\":[{\"@type\":\"ListItem\",\"position\":1,\"name\":\"Po\u010detna stranica\",\"item\":\"https:\/\/adria-klik.com\/en\/\"},{\"@type\":\"ListItem\",\"position\":2,\"name\":\"Shop\",\"item\":\"https:\/\/adria-klik.com\/shop\/\"},{\"@type\":\"ListItem\",\"position\":3,\"name\":\"Jack Daniels 1l &#038; Coca-Cola 0,33l 5+1 Gratis\"}]},{\"@type\":\"WebSite\",\"@id\":\"https:\/\/adria-klik.com\/#website\",\"url\":\"https:\/\/adria-klik.com\/\",\"name\":\"Adria-Klik.com\",\"description\":\"Unikatni poklon paketi, Vina, Craft pivo &amp; Delicije - webshop\",\"publisher\":{\"@id\":\"https:\/\/adria-klik.com\/#organization\"},\"potentialAction\":[{\"@type\":\"SearchAction\",\"target\":{\"@type\":\"EntryPoint\",\"urlTemplate\":\"https:\/\/adria-klik.com\/?s={search_term_string}\"},\"query-input\":{\"@type\":\"PropertyValueSpecification\",\"valueRequired\":true,\"valueName\":\"search_term_string\"}}],\"inLanguage\":\"en-US\"},{\"@type\":\"Organization\",\"@id\":\"https:\/\/adria-klik.com\/#organization\",\"name\":\"Adria-Klik.com\",\"alternateName\":\"AK\",\"url\":\"https:\/\/adria-klik.com\/\",\"logo\":{\"@type\":\"ImageObject\",\"inLanguage\":\"en-US\",\"@id\":\"https:\/\/adria-klik.com\/#\/schema\/logo\/image\/\",\"url\":\"https:\/\/adria-klik.com\/wp-content\/uploads\/2025\/12\/Adria-Klik_com-logo-namirnice-vina-craft-pivo-delikatese-delicije-artisan-cokolada.jpg\",\"contentUrl\":\"https:\/\/adria-klik.com\/wp-content\/uploads\/2025\/12\/Adria-Klik_com-logo-namirnice-vina-craft-pivo-delikatese-delicije-artisan-cokolada.jpg\",\"width\":500,\"height\":500,\"caption\":\"Adria-Klik.com\"},\"image\":{\"@id\":\"https:\/\/adria-klik.com\/#\/schema\/logo\/image\/\"},\"sameAs\":[\"https:\/\/www.facebook.com\/profile.php?id=100064209425136\",\"https:\/\/www.instagram.com\/adriaklik\/\",\"https:\/\/www.youtube.com\/user\/PlavacmaliZagreb\"]}]}<\/script>\n<!-- \/ Yoast SEO plugin. -->","yoast_head_json":{"title":"Jack Daniels 1l & Coca-Cola 0,33l 5+1 Gratis - Adria-Klik.com","description":"Jack Daniels 1l & Coca-Cola 0,33l 5+1 Gratis | Adria-Klik Superbrza dostava Zagreb, originalni Darovni paketi, pokloni organski, bio Dostava","robots":{"index":"index","follow":"follow","max-snippet":"max-snippet:-1","max-image-preview":"max-image-preview:large","max-video-preview":"max-video-preview:-1"},"canonical":"https:\/\/adria-klik.com\/en\/proizvod\/jack-daniels-1l-coca-cola-033l-51-gratis\/","og_locale":"en_US","og_type":"article","og_title":"Jack Daniels 1l & Coca-Cola 0,5l 5+1 Gratis","og_description":"Jack Daniels 1l & Coca-Cola 0,5l 5+1 Gratis | Adria-Klik Superbrza dostava Zagreb, originalni Darovni paketi, pokloni organski, bio Dostava","og_url":"https:\/\/adria-klik.com\/en\/proizvod\/jack-daniels-1l-coca-cola-033l-51-gratis\/","og_site_name":"Adria-Klik.com","article_publisher":"https:\/\/www.facebook.com\/profile.php?id=100064209425136","article_modified_time":"2023-04-25T20:45:22+00:00","og_image":[{"width":1500,"height":1500,"url":"https:\/\/adria-klik.com\/wp-content\/uploads\/2021\/02\/Jack_Daniels_1l-plus-coca-cola-05l-5plus1-gratis-Adria-Klik_Supply_Kupipovoljno_superbrza_dostava_Zagreb-hladno_pice_ducan_webshop_Croatia.jpg","type":"image\/jpeg"}],"twitter_card":"summary_large_image","twitter_title":"Jack Daniels 1l & Coca-Cola 0,5l 5+1 Gratis","twitter_description":"Jack Daniels 1l & Coca-Cola 0,5l 5+1 Gratis | Adria-Klik Superbrza dostava Zagreb, originalni Darovni paketi, pokloni organski, bio Dostava","twitter_image":"https:\/\/adria-klik.com\/wp-content\/uploads\/2021\/02\/Jack_Daniels_1l-plus-coca-cola-05l-5plus1-gratis-Adria-Klik_Supply_Kupipovoljno_superbrza_dostava_Zagreb-hladno_pice_ducan_webshop_Croatia.jpg","twitter_misc":{"Est. reading time":"1 minute"},"schema":{"@context":"https:\/\/schema.org","@graph":[{"@type":"WebPage","@id":"https:\/\/adria-klik.com\/en\/proizvod\/jack-daniels-1l-coca-cola-033l-51-gratis\/","url":"https:\/\/adria-klik.com\/en\/proizvod\/jack-daniels-1l-coca-cola-033l-51-gratis\/","name":"Jack Daniels 1l & Coca-Cola 0,33l 5+1 Gratis - Adria-Klik.com","isPartOf":{"@id":"https:\/\/adria-klik.com\/#website"},"primaryImageOfPage":{"@id":"https:\/\/adria-klik.com\/en\/proizvod\/jack-daniels-1l-coca-cola-033l-51-gratis\/#primaryimage"},"image":{"@id":"https:\/\/adria-klik.com\/en\/proizvod\/jack-daniels-1l-coca-cola-033l-51-gratis\/#primaryimage"},"thumbnailUrl":"https:\/\/adria-klik.com\/wp-content\/uploads\/2021\/02\/Jack_Daniels_1l-plus-coca-cola-033ml-5plus1-limenka-can-gratis-Adria-Klik_Supply_Kupipovoljno_dostava_Zagreb-hladno_pice_ducan_webshop_Croatia.jpg","datePublished":"2021-02-10T23:04:53+00:00","dateModified":"2023-04-25T20:45:22+00:00","description":"Jack Daniels 1l & Coca-Cola 0,33l 5+1 Gratis | Adria-Klik Superbrza dostava Zagreb, originalni Darovni paketi, pokloni organski, bio Dostava","breadcrumb":{"@id":"https:\/\/adria-klik.com\/en\/proizvod\/jack-daniels-1l-coca-cola-033l-51-gratis\/#breadcrumb"},"inLanguage":"en-US","potentialAction":[{"@type":"ReadAction","target":["https:\/\/adria-klik.com\/en\/proizvod\/jack-daniels-1l-coca-cola-033l-51-gratis\/"]}]},{"@type":"ImageObject","inLanguage":"en-US","@id":"https:\/\/adria-klik.com\/en\/proizvod\/jack-daniels-1l-coca-cola-033l-51-gratis\/#primaryimage","url":"https:\/\/adria-klik.com\/wp-content\/uploads\/2021\/02\/Jack_Daniels_1l-plus-coca-cola-033ml-5plus1-limenka-can-gratis-Adria-Klik_Supply_Kupipovoljno_dostava_Zagreb-hladno_pice_ducan_webshop_Croatia.jpg","contentUrl":"https:\/\/adria-klik.com\/wp-content\/uploads\/2021\/02\/Jack_Daniels_1l-plus-coca-cola-033ml-5plus1-limenka-can-gratis-Adria-Klik_Supply_Kupipovoljno_dostava_Zagreb-hladno_pice_ducan_webshop_Croatia.jpg","width":1500,"height":1500,"caption":"Naru\u010di dostavu! Jack Daniels 1l Whiskey + Coca-Cola 0,33l 5+1 Gratis Coca-Cola 0,33l limenka ORIGINAL TASTE Coca-Cola za Hrvatsko tr\u017ei\u0161te - Garancija kvalitete, svje\u017eine i roka trajanja"},{"@type":"BreadcrumbList","@id":"https:\/\/adria-klik.com\/en\/proizvod\/jack-daniels-1l-coca-cola-033l-51-gratis\/#breadcrumb","itemListElement":[{"@type":"ListItem","position":1,"name":"Po\u010detna stranica","item":"https:\/\/adria-klik.com\/en\/"},{"@type":"ListItem","position":2,"name":"Shop","item":"https:\/\/adria-klik.com\/shop\/"},{"@type":"ListItem","position":3,"name":"Jack Daniels 1l &#038; Coca-Cola 0,33l 5+1 Gratis"}]},{"@type":"WebSite","@id":"https:\/\/adria-klik.com\/#website","url":"https:\/\/adria-klik.com\/","name":"Adria-Klik.com","description":"Unikatni poklon paketi, Vina, Craft pivo &amp; Delicije - webshop","publisher":{"@id":"https:\/\/adria-klik.com\/#organization"},"potentialAction":[{"@type":"SearchAction","target":{"@type":"EntryPoint","urlTemplate":"https:\/\/adria-klik.com\/?s={search_term_string}"},"query-input":{"@type":"PropertyValueSpecification","valueRequired":true,"valueName":"search_term_string"}}],"inLanguage":"en-US"},{"@type":"Organization","@id":"https:\/\/adria-klik.com\/#organization","name":"Adria-Klik.com","alternateName":"AK","url":"https:\/\/adria-klik.com\/","logo":{"@type":"ImageObject","inLanguage":"en-US","@id":"https:\/\/adria-klik.com\/#\/schema\/logo\/image\/","url":"https:\/\/adria-klik.com\/wp-content\/uploads\/2025\/12\/Adria-Klik_com-logo-namirnice-vina-craft-pivo-delikatese-delicije-artisan-cokolada.jpg","contentUrl":"https:\/\/adria-klik.com\/wp-content\/uploads\/2025\/12\/Adria-Klik_com-logo-namirnice-vina-craft-pivo-delikatese-delicije-artisan-cokolada.jpg","width":500,"height":500,"caption":"Adria-Klik.com"},"image":{"@id":"https:\/\/adria-klik.com\/#\/schema\/logo\/image\/"},"sameAs":["https:\/\/www.facebook.com\/profile.php?id=100064209425136","https:\/\/www.instagram.com\/adriaklik\/","https:\/\/www.youtube.com\/user\/PlavacmaliZagreb"]}]}},"jetpack_sharing_enabled":true,"jetpack-related-posts":[],"_links":{"self":[{"href":"https:\/\/adria-klik.com\/en\/wp-json\/wp\/v2\/product\/14784","targetHints":{"allow":["GET"]}}],"collection":[{"href":"https:\/\/adria-klik.com\/en\/wp-json\/wp\/v2\/product"}],"about":[{"href":"https:\/\/adria-klik.com\/en\/wp-json\/wp\/v2\/types\/product"}],"replies":[{"embeddable":true,"href":"https:\/\/adria-klik.com\/en\/wp-json\/wp\/v2\/comments?post=14784"}],"wp:featuredmedia":[{"embeddable":true,"href":"https:\/\/adria-klik.com\/en\/wp-json\/wp\/v2\/media\/16707"}],"wp:attachment":[{"href":"https:\/\/adria-klik.com\/en\/wp-json\/wp\/v2\/media?parent=14784"}],"wp:term":[{"taxonomy":"product_brand","embeddable":true,"href":"https:\/\/adria-klik.com\/en\/wp-json\/wp\/v2\/product_brand?post=14784"},{"taxonomy":"product_cat","embeddable":true,"href":"https:\/\/adria-klik.com\/en\/wp-json\/wp\/v2\/product_cat?post=14784"},{"taxonomy":"product_tag","embeddable":true,"href":"https:\/\/adria-klik.com\/en\/wp-json\/wp\/v2\/product_tag?post=14784"},{"taxonomy":"berocket_brand","embeddable":true,"href":"https:\/\/adria-klik.com\/en\/wp-json\/wp\/v2\/berocket_brand?post=14784"}],"curies":[{"name":"wp","href":"https:\/\/api.w.org\/{rel}","templated":true}]}}