{"id":14815,"date":"2021-02-14T01:05:25","date_gmt":"2021-02-14T00:05:25","guid":{"rendered":"https:\/\/adria.riot.hr\/?post_type=product&#038;p=14815"},"modified":"2024-02-26T21:44:26","modified_gmt":"2024-02-26T20:44:26","slug":"rogac-05l-vislander-kopiraj","status":"publish","type":"product","link":"https:\/\/adria-klik.com\/en\/proizvod\/rogac-05l-vislander-kopiraj\/","title":{"rendered":"Roga\u010dica 0,5l Vislander"},"content":{"rendered":"<p>VISLANDER RAKIJE<br \/>\nNa\u0161a je rakija rakija za \u017eivot.<\/p>\n<p>U na\u0161im su krajevima rakije poznate kao univerzalni lijek, magi\u010dne teku\u0107ine koje ubla\u017eavaju sve tegobe: zubobolju, trbobolju, srcobolju\u2026<\/p>\n<p>Vrijeme je da svijet upoznamo s \u010dudesnim svojstvima doma\u0107ih trava i plodova.<\/p>\n<p>Naru\u010di Adria-Klik Besplatnu Dostavu<\/p>\n","protected":false},"excerpt":{"rendered":"<p>ROGA\u010cICA \/ Carob Grappa<\/p>\n<ul>\n<li>Pan i nimfe od svojega su se posla za\u0161titnika prirode odmarali pod zelenim stablima roga\u010da. Sv. Ivan Krstitelj njime se prehranjivao na svojim putovanjima.<\/li>\n<li>Roga\u010d je bogat vitaminima A i B te kalcijem, a samo prst dnevno pomo\u0107i \u0107e va\u0161em imunitetu i di\u0161nim putevima te umiriti \u017eeludac i crijeva.<\/li>\n<li>Boja Vislander rakije od roga\u010da boja je zalaska sunca nad vi\u0161kim zaljevom.<\/li>\n<li>Roga\u010dica je napitak u kojem se u\u017eiva, koji lije\u010di i du\u0161u i tijelo!<\/li>\n<\/ul>\n","protected":false},"featured_media":14589,"comment_status":"open","ping_status":"closed","template":"","meta":{"_acf_changed":false},"product_brand":[],"product_cat":[374,619,436,376,435],"product_tag":[1094,1124,1123,1086],"berocket_brand":[1084],"class_list":{"0":"post-14815","1":"product","2":"type-product","3":"status-publish","4":"has-post-thumbnail","6":"product_cat-alkoholna-pica","7":"product_cat-okusi_adriu","8":"product_cat-ostalo","9":"product_cat-premium-proizvodi","10":"product_cat-rakije","11":"product_tag-naruci-vislander-premium-dodstavu","12":"product_tag-rogac-premium-rakija","13":"product_tag-rogacica-carob","14":"product_tag-vislander","15":"berocket_brand-vislander-vina-i-rakije","17":"first","18":"outofstock","19":"shipping-taxable","20":"purchasable","21":"product-type-simple"},"acf":[],"yoast_head":"<!-- This site is optimized with the Yoast SEO plugin v26.9 - https:\/\/yoast.com\/product\/yoast-seo-wordpress\/ -->\n<title>Roga\u010dica 0,5l Vislander - Adria-Klik.com<\/title>\n<meta name=\"description\" content=\"Roga\u010d Roga\u010dica VISLANDER RAKIJE Na\u0161a je rakija rakija za \u017eivot | Adria Klik Najbr\u017ea dostava , Vina, Craft Delicija, . Vislander brza dostava\" \/>\n<meta name=\"robots\" content=\"index, follow, max-snippet:-1, max-image-preview:large, max-video-preview:-1\" \/>\n<link rel=\"canonical\" href=\"https:\/\/adria-klik.com\/proizvod\/rogac-05l-vislander-kopiraj\/\" \/>\n<meta property=\"og:locale\" content=\"en_US\" \/>\n<meta property=\"og:type\" content=\"article\" \/>\n<meta property=\"og:title\" content=\"Roga\u010d Roga\u010dica VISLANDER RAKIJE Na\u0161a je rakija rakija za \u017eivot | Adria Klik Najbr\u017ea dostava , Vina, Craft Delicija, . Vislander brza dostava\" \/>\n<meta property=\"og:description\" content=\"Roga\u010d Roga\u010dica VISLANDER RAKIJE Na\u0161a je rakija rakija za \u017eivot | Adria Klik Najbr\u017ea dostava , Vina, Craft Delicija, . Vislander brza dostava\" \/>\n<meta property=\"og:url\" content=\"https:\/\/adria-klik.com\/proizvod\/rogac-05l-vislander-kopiraj\/\" \/>\n<meta property=\"og:site_name\" content=\"Adria-Klik.com\" \/>\n<meta property=\"article:publisher\" content=\"https:\/\/www.facebook.com\/profile.php?id=100064209425136\" \/>\n<meta property=\"article:modified_time\" content=\"2024-02-26T20:44:26+00:00\" \/>\n<meta property=\"og:image\" content=\"https:\/\/adria-klik.com\/wp-content\/uploads\/2021\/02\/Vislander-Lozovaca-Barrique-Rakija-za-Zivot-Pear-Grappa-Vis-Spirit-Adria-Klik-Fast-Delivery-Brza-dostava-Zagreb-webshop-premium-EU-DPD-Glovo-Wolt-Bolt-Food-brza-dostava.jpg\" \/>\n\t<meta property=\"og:image:width\" content=\"1500\" \/>\n\t<meta property=\"og:image:height\" content=\"1500\" \/>\n\t<meta property=\"og:image:type\" content=\"image\/jpeg\" \/>\n<meta name=\"twitter:card\" content=\"summary_large_image\" \/>\n<meta name=\"twitter:title\" content=\"Roga\u010d Roga\u010dica VISLANDER RAKIJE Na\u0161a je rakija rakija za \u017eivot | Adria Klik Najbr\u017ea dostava , Vina, Craft Delicija, . Vislander brza dostava\" \/>\n<meta name=\"twitter:description\" content=\"Roga\u010d Roga\u010dica VISLANDER RAKIJE Na\u0161a je rakija rakija za \u017eivot | Adria Klik Najbr\u017ea dostava , Vina, Craft Delicija, . Vislander brza dostava\" \/>\n<meta name=\"twitter:image\" content=\"https:\/\/adria-klik.com\/wp-content\/uploads\/2021\/02\/Vislander-Lozovaca-Barrique-Rakija-za-Zivot-Pear-Grappa-Vis-Spirit-Adria-Klik-Fast-Delivery-Brza-dostava-Zagreb-webshop-premium-EU-DPD-Glovo-Wolt-Bolt-Food-brza-dostava.jpg\" \/>\n<meta name=\"twitter:label1\" content=\"Est. reading time\" \/>\n\t<meta name=\"twitter:data1\" content=\"1 minute\" \/>\n<script type=\"application\/ld+json\" class=\"yoast-schema-graph\">{\"@context\":\"https:\/\/schema.org\",\"@graph\":[{\"@type\":\"WebPage\",\"@id\":\"https:\/\/adria-klik.com\/proizvod\/rogac-05l-vislander-kopiraj\/\",\"url\":\"https:\/\/adria-klik.com\/proizvod\/rogac-05l-vislander-kopiraj\/\",\"name\":\"Roga\u010dica 0,5l Vislander - Adria-Klik.com\",\"isPartOf\":{\"@id\":\"https:\/\/adria-klik.com\/#website\"},\"primaryImageOfPage\":{\"@id\":\"https:\/\/adria-klik.com\/proizvod\/rogac-05l-vislander-kopiraj\/#primaryimage\"},\"image\":{\"@id\":\"https:\/\/adria-klik.com\/proizvod\/rogac-05l-vislander-kopiraj\/#primaryimage\"},\"thumbnailUrl\":\"https:\/\/adria-klik.com\/wp-content\/uploads\/2021\/02\/Vislander-Lozovaca-Barrique-Rakija-za-Zivot-Pear-Grappa-Vis-Spirit-Adria-Klik-Fast-Delivery-Brza-dostava-Zagreb-webshop-premium-EU-DPD-Glovo-Wolt-Bolt-Food-brza-dostava.jpg\",\"datePublished\":\"2021-02-14T00:05:25+00:00\",\"dateModified\":\"2024-02-26T20:44:26+00:00\",\"description\":\"Roga\u010d Roga\u010dica VISLANDER RAKIJE Na\u0161a je rakija rakija za \u017eivot | Adria Klik Najbr\u017ea dostava , Vina, Craft Delicija, . Vislander brza dostava\",\"breadcrumb\":{\"@id\":\"https:\/\/adria-klik.com\/proizvod\/rogac-05l-vislander-kopiraj\/#breadcrumb\"},\"inLanguage\":\"en-US\",\"potentialAction\":[{\"@type\":\"ReadAction\",\"target\":[\"https:\/\/adria-klik.com\/proizvod\/rogac-05l-vislander-kopiraj\/\"]}]},{\"@type\":\"ImageObject\",\"inLanguage\":\"en-US\",\"@id\":\"https:\/\/adria-klik.com\/proizvod\/rogac-05l-vislander-kopiraj\/#primaryimage\",\"url\":\"https:\/\/adria-klik.com\/wp-content\/uploads\/2021\/02\/Vislander-Lozovaca-Barrique-Rakija-za-Zivot-Pear-Grappa-Vis-Spirit-Adria-Klik-Fast-Delivery-Brza-dostava-Zagreb-webshop-premium-EU-DPD-Glovo-Wolt-Bolt-Food-brza-dostava.jpg\",\"contentUrl\":\"https:\/\/adria-klik.com\/wp-content\/uploads\/2021\/02\/Vislander-Lozovaca-Barrique-Rakija-za-Zivot-Pear-Grappa-Vis-Spirit-Adria-Klik-Fast-Delivery-Brza-dostava-Zagreb-webshop-premium-EU-DPD-Glovo-Wolt-Bolt-Food-brza-dostava.jpg\",\"width\":1500,\"height\":1500,\"caption\":\"VISLANDER RAKIJE Na\u0161a je rakija rakija za \u017eivot. VISLANDER GRAPPA Vislander grappa is the Grappa for life\"},{\"@type\":\"BreadcrumbList\",\"@id\":\"https:\/\/adria-klik.com\/proizvod\/rogac-05l-vislander-kopiraj\/#breadcrumb\",\"itemListElement\":[{\"@type\":\"ListItem\",\"position\":1,\"name\":\"Po\u010detna stranica\",\"item\":\"https:\/\/adria-klik.com\/en\/\"},{\"@type\":\"ListItem\",\"position\":2,\"name\":\"Shop\",\"item\":\"https:\/\/adria-klik.com\/shop\/\"},{\"@type\":\"ListItem\",\"position\":3,\"name\":\"Roga\u010dica 0,5l Vislander\"}]},{\"@type\":\"WebSite\",\"@id\":\"https:\/\/adria-klik.com\/#website\",\"url\":\"https:\/\/adria-klik.com\/\",\"name\":\"Adria-Klik.com\",\"description\":\"Unikatni poklon paketi, Vina, Craft pivo &amp; Delicije - webshop\",\"publisher\":{\"@id\":\"https:\/\/adria-klik.com\/#organization\"},\"potentialAction\":[{\"@type\":\"SearchAction\",\"target\":{\"@type\":\"EntryPoint\",\"urlTemplate\":\"https:\/\/adria-klik.com\/?s={search_term_string}\"},\"query-input\":{\"@type\":\"PropertyValueSpecification\",\"valueRequired\":true,\"valueName\":\"search_term_string\"}}],\"inLanguage\":\"en-US\"},{\"@type\":\"Organization\",\"@id\":\"https:\/\/adria-klik.com\/#organization\",\"name\":\"Adria-Klik.com\",\"alternateName\":\"AK\",\"url\":\"https:\/\/adria-klik.com\/\",\"logo\":{\"@type\":\"ImageObject\",\"inLanguage\":\"en-US\",\"@id\":\"https:\/\/adria-klik.com\/#\/schema\/logo\/image\/\",\"url\":\"https:\/\/adria-klik.com\/wp-content\/uploads\/2025\/12\/Adria-Klik_com-logo-namirnice-vina-craft-pivo-delikatese-delicije-artisan-cokolada.jpg\",\"contentUrl\":\"https:\/\/adria-klik.com\/wp-content\/uploads\/2025\/12\/Adria-Klik_com-logo-namirnice-vina-craft-pivo-delikatese-delicije-artisan-cokolada.jpg\",\"width\":500,\"height\":500,\"caption\":\"Adria-Klik.com\"},\"image\":{\"@id\":\"https:\/\/adria-klik.com\/#\/schema\/logo\/image\/\"},\"sameAs\":[\"https:\/\/www.facebook.com\/profile.php?id=100064209425136\",\"https:\/\/www.instagram.com\/adriaklik\/\",\"https:\/\/www.youtube.com\/user\/PlavacmaliZagreb\"]}]}<\/script>\n<!-- \/ Yoast SEO plugin. -->","yoast_head_json":{"title":"Roga\u010dica 0,5l Vislander - Adria-Klik.com","description":"Roga\u010d Roga\u010dica VISLANDER RAKIJE Na\u0161a je rakija rakija za \u017eivot | Adria Klik Najbr\u017ea dostava , Vina, Craft Delicija, . Vislander brza dostava","robots":{"index":"index","follow":"follow","max-snippet":"max-snippet:-1","max-image-preview":"max-image-preview:large","max-video-preview":"max-video-preview:-1"},"canonical":"https:\/\/adria-klik.com\/proizvod\/rogac-05l-vislander-kopiraj\/","og_locale":"en_US","og_type":"article","og_title":"Roga\u010d Roga\u010dica VISLANDER RAKIJE Na\u0161a je rakija rakija za \u017eivot | Adria Klik Najbr\u017ea dostava , Vina, Craft Delicija, . Vislander brza dostava","og_description":"Roga\u010d Roga\u010dica VISLANDER RAKIJE Na\u0161a je rakija rakija za \u017eivot | Adria Klik Najbr\u017ea dostava , Vina, Craft Delicija, . Vislander brza dostava","og_url":"https:\/\/adria-klik.com\/proizvod\/rogac-05l-vislander-kopiraj\/","og_site_name":"Adria-Klik.com","article_publisher":"https:\/\/www.facebook.com\/profile.php?id=100064209425136","article_modified_time":"2024-02-26T20:44:26+00:00","og_image":[{"width":1500,"height":1500,"url":"https:\/\/adria-klik.com\/wp-content\/uploads\/2021\/02\/Vislander-Lozovaca-Barrique-Rakija-za-Zivot-Pear-Grappa-Vis-Spirit-Adria-Klik-Fast-Delivery-Brza-dostava-Zagreb-webshop-premium-EU-DPD-Glovo-Wolt-Bolt-Food-brza-dostava.jpg","type":"image\/jpeg"}],"twitter_card":"summary_large_image","twitter_title":"Roga\u010d Roga\u010dica VISLANDER RAKIJE Na\u0161a je rakija rakija za \u017eivot | Adria Klik Najbr\u017ea dostava , Vina, Craft Delicija, . Vislander brza dostava","twitter_description":"Roga\u010d Roga\u010dica VISLANDER RAKIJE Na\u0161a je rakija rakija za \u017eivot | Adria Klik Najbr\u017ea dostava , Vina, Craft Delicija, . Vislander brza dostava","twitter_image":"https:\/\/adria-klik.com\/wp-content\/uploads\/2021\/02\/Vislander-Lozovaca-Barrique-Rakija-za-Zivot-Pear-Grappa-Vis-Spirit-Adria-Klik-Fast-Delivery-Brza-dostava-Zagreb-webshop-premium-EU-DPD-Glovo-Wolt-Bolt-Food-brza-dostava.jpg","twitter_misc":{"Est. reading time":"1 minute"},"schema":{"@context":"https:\/\/schema.org","@graph":[{"@type":"WebPage","@id":"https:\/\/adria-klik.com\/proizvod\/rogac-05l-vislander-kopiraj\/","url":"https:\/\/adria-klik.com\/proizvod\/rogac-05l-vislander-kopiraj\/","name":"Roga\u010dica 0,5l Vislander - Adria-Klik.com","isPartOf":{"@id":"https:\/\/adria-klik.com\/#website"},"primaryImageOfPage":{"@id":"https:\/\/adria-klik.com\/proizvod\/rogac-05l-vislander-kopiraj\/#primaryimage"},"image":{"@id":"https:\/\/adria-klik.com\/proizvod\/rogac-05l-vislander-kopiraj\/#primaryimage"},"thumbnailUrl":"https:\/\/adria-klik.com\/wp-content\/uploads\/2021\/02\/Vislander-Lozovaca-Barrique-Rakija-za-Zivot-Pear-Grappa-Vis-Spirit-Adria-Klik-Fast-Delivery-Brza-dostava-Zagreb-webshop-premium-EU-DPD-Glovo-Wolt-Bolt-Food-brza-dostava.jpg","datePublished":"2021-02-14T00:05:25+00:00","dateModified":"2024-02-26T20:44:26+00:00","description":"Roga\u010d Roga\u010dica VISLANDER RAKIJE Na\u0161a je rakija rakija za \u017eivot | Adria Klik Najbr\u017ea dostava , Vina, Craft Delicija, . Vislander brza dostava","breadcrumb":{"@id":"https:\/\/adria-klik.com\/proizvod\/rogac-05l-vislander-kopiraj\/#breadcrumb"},"inLanguage":"en-US","potentialAction":[{"@type":"ReadAction","target":["https:\/\/adria-klik.com\/proizvod\/rogac-05l-vislander-kopiraj\/"]}]},{"@type":"ImageObject","inLanguage":"en-US","@id":"https:\/\/adria-klik.com\/proizvod\/rogac-05l-vislander-kopiraj\/#primaryimage","url":"https:\/\/adria-klik.com\/wp-content\/uploads\/2021\/02\/Vislander-Lozovaca-Barrique-Rakija-za-Zivot-Pear-Grappa-Vis-Spirit-Adria-Klik-Fast-Delivery-Brza-dostava-Zagreb-webshop-premium-EU-DPD-Glovo-Wolt-Bolt-Food-brza-dostava.jpg","contentUrl":"https:\/\/adria-klik.com\/wp-content\/uploads\/2021\/02\/Vislander-Lozovaca-Barrique-Rakija-za-Zivot-Pear-Grappa-Vis-Spirit-Adria-Klik-Fast-Delivery-Brza-dostava-Zagreb-webshop-premium-EU-DPD-Glovo-Wolt-Bolt-Food-brza-dostava.jpg","width":1500,"height":1500,"caption":"VISLANDER RAKIJE Na\u0161a je rakija rakija za \u017eivot. VISLANDER GRAPPA Vislander grappa is the Grappa for life"},{"@type":"BreadcrumbList","@id":"https:\/\/adria-klik.com\/proizvod\/rogac-05l-vislander-kopiraj\/#breadcrumb","itemListElement":[{"@type":"ListItem","position":1,"name":"Po\u010detna stranica","item":"https:\/\/adria-klik.com\/en\/"},{"@type":"ListItem","position":2,"name":"Shop","item":"https:\/\/adria-klik.com\/shop\/"},{"@type":"ListItem","position":3,"name":"Roga\u010dica 0,5l Vislander"}]},{"@type":"WebSite","@id":"https:\/\/adria-klik.com\/#website","url":"https:\/\/adria-klik.com\/","name":"Adria-Klik.com","description":"Unikatni poklon paketi, Vina, Craft pivo &amp; Delicije - webshop","publisher":{"@id":"https:\/\/adria-klik.com\/#organization"},"potentialAction":[{"@type":"SearchAction","target":{"@type":"EntryPoint","urlTemplate":"https:\/\/adria-klik.com\/?s={search_term_string}"},"query-input":{"@type":"PropertyValueSpecification","valueRequired":true,"valueName":"search_term_string"}}],"inLanguage":"en-US"},{"@type":"Organization","@id":"https:\/\/adria-klik.com\/#organization","name":"Adria-Klik.com","alternateName":"AK","url":"https:\/\/adria-klik.com\/","logo":{"@type":"ImageObject","inLanguage":"en-US","@id":"https:\/\/adria-klik.com\/#\/schema\/logo\/image\/","url":"https:\/\/adria-klik.com\/wp-content\/uploads\/2025\/12\/Adria-Klik_com-logo-namirnice-vina-craft-pivo-delikatese-delicije-artisan-cokolada.jpg","contentUrl":"https:\/\/adria-klik.com\/wp-content\/uploads\/2025\/12\/Adria-Klik_com-logo-namirnice-vina-craft-pivo-delikatese-delicije-artisan-cokolada.jpg","width":500,"height":500,"caption":"Adria-Klik.com"},"image":{"@id":"https:\/\/adria-klik.com\/#\/schema\/logo\/image\/"},"sameAs":["https:\/\/www.facebook.com\/profile.php?id=100064209425136","https:\/\/www.instagram.com\/adriaklik\/","https:\/\/www.youtube.com\/user\/PlavacmaliZagreb"]}]}},"jetpack_sharing_enabled":true,"jetpack-related-posts":[],"_links":{"self":[{"href":"https:\/\/adria-klik.com\/en\/wp-json\/wp\/v2\/product\/14815","targetHints":{"allow":["GET"]}}],"collection":[{"href":"https:\/\/adria-klik.com\/en\/wp-json\/wp\/v2\/product"}],"about":[{"href":"https:\/\/adria-klik.com\/en\/wp-json\/wp\/v2\/types\/product"}],"replies":[{"embeddable":true,"href":"https:\/\/adria-klik.com\/en\/wp-json\/wp\/v2\/comments?post=14815"}],"wp:featuredmedia":[{"embeddable":true,"href":"https:\/\/adria-klik.com\/en\/wp-json\/wp\/v2\/media\/14589"}],"wp:attachment":[{"href":"https:\/\/adria-klik.com\/en\/wp-json\/wp\/v2\/media?parent=14815"}],"wp:term":[{"taxonomy":"product_brand","embeddable":true,"href":"https:\/\/adria-klik.com\/en\/wp-json\/wp\/v2\/product_brand?post=14815"},{"taxonomy":"product_cat","embeddable":true,"href":"https:\/\/adria-klik.com\/en\/wp-json\/wp\/v2\/product_cat?post=14815"},{"taxonomy":"product_tag","embeddable":true,"href":"https:\/\/adria-klik.com\/en\/wp-json\/wp\/v2\/product_tag?post=14815"},{"taxonomy":"berocket_brand","embeddable":true,"href":"https:\/\/adria-klik.com\/en\/wp-json\/wp\/v2\/berocket_brand?post=14815"}],"curies":[{"name":"wp","href":"https:\/\/api.w.org\/{rel}","templated":true}]}}