{"id":14829,"date":"2021-02-16T00:05:06","date_gmt":"2021-02-15T23:05:06","guid":{"rendered":"https:\/\/adria.riot.hr\/?post_type=product&#038;p=14829"},"modified":"2021-02-16T00:11:45","modified_gmt":"2021-02-15T23:11:45","slug":"adria-klik-gin-tonic-combo-pack-original-british-gin-greenalls-07l-rose-lemonade-tonic-02l-fentimans-12-komada-natural-botanical-lemonade-made-with-pure-rose-oil-and-lemon-juice-more-info-a","status":"publish","type":"product","link":"https:\/\/adria-klik.com\/en\/proizvod\/adria-klik-gin-tonic-combo-pack-original-british-gin-greenalls-07l-rose-lemonade-tonic-02l-fentimans-12-komada-natural-botanical-lemonade-made-with-pure-rose-oil-and-lemon-juice-more-info-a\/","title":{"rendered":"Gin Greenalls 0,7l + 12pcs Rose Lemonade Tonic 0,2l Fentimans"},"content":{"rendered":"<ul>\n<li>Adria-Klik Gin-Tonic Combo pack<\/li>\n<li>Original British Gin Greenalls 0,7l<\/li>\n<li>Rose Lemonade Tonic 0,2l Fentimans 12 pcs-<span class=\"VIiyi\" lang=\"hr\"><span class=\"JLqJ4b\" data-language-for-alternatives=\"hr\" data-language-to-translate-into=\"auto\" data-phrase-index=\"0\">Natural botanical lemonade made with pure rose oil and lemon juice.\u00a0 More info at www.fentimans.com<\/span><\/span><\/li>\n<li>Superfast 60min. delivery\u00a0 Zagreb<\/li>\n<li>Delivery RH i EU<\/li>\n<\/ul>\n","protected":false},"excerpt":{"rendered":"<ul>\n<li>Adria-Klik Gin-Tonic Combo pack<\/li>\n<li>Original British Gin Greenalls 0,7l<\/li>\n<li>Rose Lemonade Tonic 0,2l Fentimans 12 komada &#8211;<span class=\"VIiyi\" lang=\"hr\"><span class=\"JLqJ4b\" data-language-for-alternatives=\"hr\" data-language-to-translate-into=\"auto\" data-phrase-index=\"0\">Natural botanical lemonade made with pure rose oil and lemon juice.\u00a0 More info at www.fentimans.com<\/span><\/span><\/li>\n<li>Superfast 60min. delivery\u00a0 Zagreb<\/li>\n<li>Delivery RH i EU<\/li>\n<\/ul>\n","protected":false},"featured_media":15752,"comment_status":"open","ping_status":"closed","template":"","meta":{"_acf_changed":false},"product_brand":[],"product_cat":[386,439,1162,378,384],"product_tag":[],"berocket_brand":[],"class_list":{"0":"post-14829","1":"product","2":"type-product","3":"status-publish","4":"has-post-thumbnail","6":"product_cat-adria-package","7":"product_cat-gin-en","8":"product_cat-happy-packs-promo","9":"product_cat-liquor","10":"product_cat-promotions","12":"first","13":"instock","14":"sale","15":"featured","16":"shipping-taxable","17":"purchasable","18":"product-type-simple"},"acf":[],"yoast_head":"<!-- This site is optimized with the Yoast SEO plugin v26.9 - https:\/\/yoast.com\/product\/yoast-seo-wordpress\/ -->\n<title>Gin Greenalls 0,7l + 12pcs Rose Lemonade Tonic 0,2l Fentimans - Adria-Klik.com<\/title>\n<meta name=\"description\" content=\"Gin-Tonic Combo pack Original British Gin Greenalls Rose Lemonade Tonic Fentimans 12pcs Natural botanical Adria-Klik Fast Delivery Zagreb EU\" \/>\n<meta name=\"robots\" content=\"index, follow, max-snippet:-1, max-image-preview:large, max-video-preview:-1\" \/>\n<link rel=\"canonical\" href=\"https:\/\/adria-klik.com\/proizvod\/gin-tonic-paket-original-british-gin-greenalls-07l-rose-lemonade-tonic-02l-fentimans-12-komada-adria-klik-superbrza-dostava-zagreb-i-hr\/\" \/>\n<meta property=\"og:locale\" content=\"en_US\" \/>\n<meta property=\"og:type\" content=\"article\" \/>\n<meta property=\"og:title\" content=\"Gin-Tonic Combo pack Original British Gin Greenalls Rose Lemonade Tonic Fentimans 12pcs Natural botanical Adria-Klik Fast Delivery Zagreb EU\" \/>\n<meta property=\"og:description\" content=\"Gin-Tonic Combo pack Original British Gin Greenalls Rose Lemonade Tonic Fentimans 12pcs Natural botanical Adria-Klik Fast Delivery Zagreb EU\" \/>\n<meta property=\"og:url\" content=\"https:\/\/adria-klik.com\/proizvod\/gin-tonic-paket-original-british-gin-greenalls-07l-rose-lemonade-tonic-02l-fentimans-12-komada-adria-klik-superbrza-dostava-zagreb-i-hr\/\" \/>\n<meta property=\"og:site_name\" content=\"Adria-Klik.com\" \/>\n<meta property=\"article:publisher\" content=\"https:\/\/www.facebook.com\/profile.php?id=100064209425136\" \/>\n<meta property=\"article:modified_time\" content=\"2021-02-15T23:11:45+00:00\" \/>\n<meta property=\"og:image\" content=\"https:\/\/adria-klik.com\/wp-content\/uploads\/2021\/02\/Greenalls-Original-British-Gin-07l-Tonic-Rose-Lemonade-02l-200ml-12pcs-12kom-akcija-Adria-Klik-webshop-ducan-brza-dostava-Zagreb-fast-delivery-store-market-wolt-bolt-internet-ducan.jpeg\" \/>\n\t<meta property=\"og:image:width\" content=\"1500\" \/>\n\t<meta property=\"og:image:height\" content=\"1500\" \/>\n\t<meta property=\"og:image:type\" content=\"image\/jpeg\" \/>\n<meta name=\"twitter:card\" content=\"summary_large_image\" \/>\n<meta name=\"twitter:title\" content=\"Gin-Tonic Combo pack Original British Gin Greenalls Rose Lemonade Tonic Fentimans 12pcs Natural botanical Adria-Klik Fast Delivery Zagreb EU\" \/>\n<meta name=\"twitter:description\" content=\"Gin-Tonic Combo pack Original British Gin Greenalls Rose Lemonade Tonic Fentimans 12pcs Natural botanical Adria-Klik Fast Delivery Zagreb EU\" \/>\n<meta name=\"twitter:image\" content=\"https:\/\/adria-klik.com\/wp-content\/uploads\/2021\/02\/Greenalls-Original-British-Gin-07l-Tonic-Rose-Lemonade-02l-200ml-12pcs-12kom-akcija-Adria-Klik-webshop-ducan-brza-dostava-Zagreb-fast-delivery-store-market-wolt-bolt-internet-ducan.jpeg\" \/>\n<meta name=\"twitter:label1\" content=\"Est. reading time\" \/>\n\t<meta name=\"twitter:data1\" content=\"1 minute\" \/>\n<script type=\"application\/ld+json\" class=\"yoast-schema-graph\">{\"@context\":\"https:\/\/schema.org\",\"@graph\":[{\"@type\":\"WebPage\",\"@id\":\"https:\/\/adria-klik.com\/proizvod\/gin-tonic-paket-original-british-gin-greenalls-07l-rose-lemonade-tonic-02l-fentimans-12-komada-adria-klik-superbrza-dostava-zagreb-i-hr\/\",\"url\":\"https:\/\/adria-klik.com\/proizvod\/gin-tonic-paket-original-british-gin-greenalls-07l-rose-lemonade-tonic-02l-fentimans-12-komada-adria-klik-superbrza-dostava-zagreb-i-hr\/\",\"name\":\"Gin Greenalls 0,7l + 12pcs Rose Lemonade Tonic 0,2l Fentimans - Adria-Klik.com\",\"isPartOf\":{\"@id\":\"https:\/\/adria-klik.com\/#website\"},\"primaryImageOfPage\":{\"@id\":\"https:\/\/adria-klik.com\/proizvod\/gin-tonic-paket-original-british-gin-greenalls-07l-rose-lemonade-tonic-02l-fentimans-12-komada-adria-klik-superbrza-dostava-zagreb-i-hr\/#primaryimage\"},\"image\":{\"@id\":\"https:\/\/adria-klik.com\/proizvod\/gin-tonic-paket-original-british-gin-greenalls-07l-rose-lemonade-tonic-02l-fentimans-12-komada-adria-klik-superbrza-dostava-zagreb-i-hr\/#primaryimage\"},\"thumbnailUrl\":\"https:\/\/adria-klik.com\/wp-content\/uploads\/2021\/02\/Greenalls-Original-British-Gin-07l-Tonic-Schweeps-Indian-200ml-6pcs-6kom-akcija-Adria-Klik-webshop-ducan-brza-dostava-Zagreb-fast-delivery-store-market-wolt-bolt-internet-ducan.jpeg\",\"datePublished\":\"2021-02-15T23:05:06+00:00\",\"dateModified\":\"2021-02-15T23:11:45+00:00\",\"description\":\"Gin-Tonic Combo pack Original British Gin Greenalls Rose Lemonade Tonic Fentimans 12pcs Natural botanical Adria-Klik Fast Delivery Zagreb EU\",\"breadcrumb\":{\"@id\":\"https:\/\/adria-klik.com\/proizvod\/gin-tonic-paket-original-british-gin-greenalls-07l-rose-lemonade-tonic-02l-fentimans-12-komada-adria-klik-superbrza-dostava-zagreb-i-hr\/#breadcrumb\"},\"inLanguage\":\"en-US\",\"potentialAction\":[{\"@type\":\"ReadAction\",\"target\":[\"https:\/\/adria-klik.com\/proizvod\/gin-tonic-paket-original-british-gin-greenalls-07l-rose-lemonade-tonic-02l-fentimans-12-komada-adria-klik-superbrza-dostava-zagreb-i-hr\/\"]}]},{\"@type\":\"ImageObject\",\"inLanguage\":\"en-US\",\"@id\":\"https:\/\/adria-klik.com\/proizvod\/gin-tonic-paket-original-british-gin-greenalls-07l-rose-lemonade-tonic-02l-fentimans-12-komada-adria-klik-superbrza-dostava-zagreb-i-hr\/#primaryimage\",\"url\":\"https:\/\/adria-klik.com\/wp-content\/uploads\/2021\/02\/Greenalls-Original-British-Gin-07l-Tonic-Schweeps-Indian-200ml-6pcs-6kom-akcija-Adria-Klik-webshop-ducan-brza-dostava-Zagreb-fast-delivery-store-market-wolt-bolt-internet-ducan.jpeg\",\"contentUrl\":\"https:\/\/adria-klik.com\/wp-content\/uploads\/2021\/02\/Greenalls-Original-British-Gin-07l-Tonic-Schweeps-Indian-200ml-6pcs-6kom-akcija-Adria-Klik-webshop-ducan-brza-dostava-Zagreb-fast-delivery-store-market-wolt-bolt-internet-ducan.jpeg\",\"width\":1500,\"height\":1500,\"caption\":\"Adria-Klik Gin-Tonic Paket Original British Gin Greenalls 0,7l Indian Tonic Schweppes 0,2 l - Osvje\u017eavaju\u0107e bezalkoholno gazirano pi\u0107e s okusom kinina. Sa se\u0107erom i sladilom. Originalni, vrhunski okus koji zahtijeva karakter jo\u0161 od 1783.! Superbrza dostava Zagreb do 60min. Prednarud\u017ebe - Zakazane narud\u017ebe\u00a0 Dostava RH i EU\"},{\"@type\":\"BreadcrumbList\",\"@id\":\"https:\/\/adria-klik.com\/proizvod\/gin-tonic-paket-original-british-gin-greenalls-07l-rose-lemonade-tonic-02l-fentimans-12-komada-adria-klik-superbrza-dostava-zagreb-i-hr\/#breadcrumb\",\"itemListElement\":[{\"@type\":\"ListItem\",\"position\":1,\"name\":\"Po\u010detna stranica\",\"item\":\"https:\/\/adria-klik.com\/en\/\"},{\"@type\":\"ListItem\",\"position\":2,\"name\":\"Shop\",\"item\":\"https:\/\/adria-klik.com\/shop\/\"},{\"@type\":\"ListItem\",\"position\":3,\"name\":\"Gin Greenalls 0,7l + 12pcs Rose Lemonade Tonic 0,2l Fentimans\"}]},{\"@type\":\"WebSite\",\"@id\":\"https:\/\/adria-klik.com\/#website\",\"url\":\"https:\/\/adria-klik.com\/\",\"name\":\"Adria-Klik.com\",\"description\":\"Unikatni poklon paketi, Vina, Craft pivo &amp; Delicije - webshop\",\"publisher\":{\"@id\":\"https:\/\/adria-klik.com\/#organization\"},\"potentialAction\":[{\"@type\":\"SearchAction\",\"target\":{\"@type\":\"EntryPoint\",\"urlTemplate\":\"https:\/\/adria-klik.com\/?s={search_term_string}\"},\"query-input\":{\"@type\":\"PropertyValueSpecification\",\"valueRequired\":true,\"valueName\":\"search_term_string\"}}],\"inLanguage\":\"en-US\"},{\"@type\":\"Organization\",\"@id\":\"https:\/\/adria-klik.com\/#organization\",\"name\":\"Adria-Klik.com\",\"alternateName\":\"AK\",\"url\":\"https:\/\/adria-klik.com\/\",\"logo\":{\"@type\":\"ImageObject\",\"inLanguage\":\"en-US\",\"@id\":\"https:\/\/adria-klik.com\/#\/schema\/logo\/image\/\",\"url\":\"https:\/\/adria-klik.com\/wp-content\/uploads\/2025\/12\/Adria-Klik_com-logo-namirnice-vina-craft-pivo-delikatese-delicije-artisan-cokolada.jpg\",\"contentUrl\":\"https:\/\/adria-klik.com\/wp-content\/uploads\/2025\/12\/Adria-Klik_com-logo-namirnice-vina-craft-pivo-delikatese-delicije-artisan-cokolada.jpg\",\"width\":500,\"height\":500,\"caption\":\"Adria-Klik.com\"},\"image\":{\"@id\":\"https:\/\/adria-klik.com\/#\/schema\/logo\/image\/\"},\"sameAs\":[\"https:\/\/www.facebook.com\/profile.php?id=100064209425136\",\"https:\/\/www.instagram.com\/adriaklik\/\",\"https:\/\/www.youtube.com\/user\/PlavacmaliZagreb\"]}]}<\/script>\n<!-- \/ Yoast SEO plugin. -->","yoast_head_json":{"title":"Gin Greenalls 0,7l + 12pcs Rose Lemonade Tonic 0,2l Fentimans - Adria-Klik.com","description":"Gin-Tonic Combo pack Original British Gin Greenalls Rose Lemonade Tonic Fentimans 12pcs Natural botanical Adria-Klik Fast Delivery Zagreb EU","robots":{"index":"index","follow":"follow","max-snippet":"max-snippet:-1","max-image-preview":"max-image-preview:large","max-video-preview":"max-video-preview:-1"},"canonical":"https:\/\/adria-klik.com\/proizvod\/gin-tonic-paket-original-british-gin-greenalls-07l-rose-lemonade-tonic-02l-fentimans-12-komada-adria-klik-superbrza-dostava-zagreb-i-hr\/","og_locale":"en_US","og_type":"article","og_title":"Gin-Tonic Combo pack Original British Gin Greenalls Rose Lemonade Tonic Fentimans 12pcs Natural botanical Adria-Klik Fast Delivery Zagreb EU","og_description":"Gin-Tonic Combo pack Original British Gin Greenalls Rose Lemonade Tonic Fentimans 12pcs Natural botanical Adria-Klik Fast Delivery Zagreb EU","og_url":"https:\/\/adria-klik.com\/proizvod\/gin-tonic-paket-original-british-gin-greenalls-07l-rose-lemonade-tonic-02l-fentimans-12-komada-adria-klik-superbrza-dostava-zagreb-i-hr\/","og_site_name":"Adria-Klik.com","article_publisher":"https:\/\/www.facebook.com\/profile.php?id=100064209425136","article_modified_time":"2021-02-15T23:11:45+00:00","og_image":[{"width":1500,"height":1500,"url":"https:\/\/adria-klik.com\/wp-content\/uploads\/2021\/02\/Greenalls-Original-British-Gin-07l-Tonic-Rose-Lemonade-02l-200ml-12pcs-12kom-akcija-Adria-Klik-webshop-ducan-brza-dostava-Zagreb-fast-delivery-store-market-wolt-bolt-internet-ducan.jpeg","type":"image\/jpeg"}],"twitter_card":"summary_large_image","twitter_title":"Gin-Tonic Combo pack Original British Gin Greenalls Rose Lemonade Tonic Fentimans 12pcs Natural botanical Adria-Klik Fast Delivery Zagreb EU","twitter_description":"Gin-Tonic Combo pack Original British Gin Greenalls Rose Lemonade Tonic Fentimans 12pcs Natural botanical Adria-Klik Fast Delivery Zagreb EU","twitter_image":"https:\/\/adria-klik.com\/wp-content\/uploads\/2021\/02\/Greenalls-Original-British-Gin-07l-Tonic-Rose-Lemonade-02l-200ml-12pcs-12kom-akcija-Adria-Klik-webshop-ducan-brza-dostava-Zagreb-fast-delivery-store-market-wolt-bolt-internet-ducan.jpeg","twitter_misc":{"Est. reading time":"1 minute"},"schema":{"@context":"https:\/\/schema.org","@graph":[{"@type":"WebPage","@id":"https:\/\/adria-klik.com\/proizvod\/gin-tonic-paket-original-british-gin-greenalls-07l-rose-lemonade-tonic-02l-fentimans-12-komada-adria-klik-superbrza-dostava-zagreb-i-hr\/","url":"https:\/\/adria-klik.com\/proizvod\/gin-tonic-paket-original-british-gin-greenalls-07l-rose-lemonade-tonic-02l-fentimans-12-komada-adria-klik-superbrza-dostava-zagreb-i-hr\/","name":"Gin Greenalls 0,7l + 12pcs Rose Lemonade Tonic 0,2l Fentimans - Adria-Klik.com","isPartOf":{"@id":"https:\/\/adria-klik.com\/#website"},"primaryImageOfPage":{"@id":"https:\/\/adria-klik.com\/proizvod\/gin-tonic-paket-original-british-gin-greenalls-07l-rose-lemonade-tonic-02l-fentimans-12-komada-adria-klik-superbrza-dostava-zagreb-i-hr\/#primaryimage"},"image":{"@id":"https:\/\/adria-klik.com\/proizvod\/gin-tonic-paket-original-british-gin-greenalls-07l-rose-lemonade-tonic-02l-fentimans-12-komada-adria-klik-superbrza-dostava-zagreb-i-hr\/#primaryimage"},"thumbnailUrl":"https:\/\/adria-klik.com\/wp-content\/uploads\/2021\/02\/Greenalls-Original-British-Gin-07l-Tonic-Schweeps-Indian-200ml-6pcs-6kom-akcija-Adria-Klik-webshop-ducan-brza-dostava-Zagreb-fast-delivery-store-market-wolt-bolt-internet-ducan.jpeg","datePublished":"2021-02-15T23:05:06+00:00","dateModified":"2021-02-15T23:11:45+00:00","description":"Gin-Tonic Combo pack Original British Gin Greenalls Rose Lemonade Tonic Fentimans 12pcs Natural botanical Adria-Klik Fast Delivery Zagreb EU","breadcrumb":{"@id":"https:\/\/adria-klik.com\/proizvod\/gin-tonic-paket-original-british-gin-greenalls-07l-rose-lemonade-tonic-02l-fentimans-12-komada-adria-klik-superbrza-dostava-zagreb-i-hr\/#breadcrumb"},"inLanguage":"en-US","potentialAction":[{"@type":"ReadAction","target":["https:\/\/adria-klik.com\/proizvod\/gin-tonic-paket-original-british-gin-greenalls-07l-rose-lemonade-tonic-02l-fentimans-12-komada-adria-klik-superbrza-dostava-zagreb-i-hr\/"]}]},{"@type":"ImageObject","inLanguage":"en-US","@id":"https:\/\/adria-klik.com\/proizvod\/gin-tonic-paket-original-british-gin-greenalls-07l-rose-lemonade-tonic-02l-fentimans-12-komada-adria-klik-superbrza-dostava-zagreb-i-hr\/#primaryimage","url":"https:\/\/adria-klik.com\/wp-content\/uploads\/2021\/02\/Greenalls-Original-British-Gin-07l-Tonic-Schweeps-Indian-200ml-6pcs-6kom-akcija-Adria-Klik-webshop-ducan-brza-dostava-Zagreb-fast-delivery-store-market-wolt-bolt-internet-ducan.jpeg","contentUrl":"https:\/\/adria-klik.com\/wp-content\/uploads\/2021\/02\/Greenalls-Original-British-Gin-07l-Tonic-Schweeps-Indian-200ml-6pcs-6kom-akcija-Adria-Klik-webshop-ducan-brza-dostava-Zagreb-fast-delivery-store-market-wolt-bolt-internet-ducan.jpeg","width":1500,"height":1500,"caption":"Adria-Klik Gin-Tonic Paket Original British Gin Greenalls 0,7l Indian Tonic Schweppes 0,2 l - Osvje\u017eavaju\u0107e bezalkoholno gazirano pi\u0107e s okusom kinina. Sa se\u0107erom i sladilom. Originalni, vrhunski okus koji zahtijeva karakter jo\u0161 od 1783.! Superbrza dostava Zagreb do 60min. Prednarud\u017ebe - Zakazane narud\u017ebe\u00a0 Dostava RH i EU"},{"@type":"BreadcrumbList","@id":"https:\/\/adria-klik.com\/proizvod\/gin-tonic-paket-original-british-gin-greenalls-07l-rose-lemonade-tonic-02l-fentimans-12-komada-adria-klik-superbrza-dostava-zagreb-i-hr\/#breadcrumb","itemListElement":[{"@type":"ListItem","position":1,"name":"Po\u010detna stranica","item":"https:\/\/adria-klik.com\/en\/"},{"@type":"ListItem","position":2,"name":"Shop","item":"https:\/\/adria-klik.com\/shop\/"},{"@type":"ListItem","position":3,"name":"Gin Greenalls 0,7l + 12pcs Rose Lemonade Tonic 0,2l Fentimans"}]},{"@type":"WebSite","@id":"https:\/\/adria-klik.com\/#website","url":"https:\/\/adria-klik.com\/","name":"Adria-Klik.com","description":"Unikatni poklon paketi, Vina, Craft pivo &amp; Delicije - webshop","publisher":{"@id":"https:\/\/adria-klik.com\/#organization"},"potentialAction":[{"@type":"SearchAction","target":{"@type":"EntryPoint","urlTemplate":"https:\/\/adria-klik.com\/?s={search_term_string}"},"query-input":{"@type":"PropertyValueSpecification","valueRequired":true,"valueName":"search_term_string"}}],"inLanguage":"en-US"},{"@type":"Organization","@id":"https:\/\/adria-klik.com\/#organization","name":"Adria-Klik.com","alternateName":"AK","url":"https:\/\/adria-klik.com\/","logo":{"@type":"ImageObject","inLanguage":"en-US","@id":"https:\/\/adria-klik.com\/#\/schema\/logo\/image\/","url":"https:\/\/adria-klik.com\/wp-content\/uploads\/2025\/12\/Adria-Klik_com-logo-namirnice-vina-craft-pivo-delikatese-delicije-artisan-cokolada.jpg","contentUrl":"https:\/\/adria-klik.com\/wp-content\/uploads\/2025\/12\/Adria-Klik_com-logo-namirnice-vina-craft-pivo-delikatese-delicije-artisan-cokolada.jpg","width":500,"height":500,"caption":"Adria-Klik.com"},"image":{"@id":"https:\/\/adria-klik.com\/#\/schema\/logo\/image\/"},"sameAs":["https:\/\/www.facebook.com\/profile.php?id=100064209425136","https:\/\/www.instagram.com\/adriaklik\/","https:\/\/www.youtube.com\/user\/PlavacmaliZagreb"]}]}},"jetpack_sharing_enabled":true,"jetpack-related-posts":[],"_links":{"self":[{"href":"https:\/\/adria-klik.com\/en\/wp-json\/wp\/v2\/product\/14829","targetHints":{"allow":["GET"]}}],"collection":[{"href":"https:\/\/adria-klik.com\/en\/wp-json\/wp\/v2\/product"}],"about":[{"href":"https:\/\/adria-klik.com\/en\/wp-json\/wp\/v2\/types\/product"}],"replies":[{"embeddable":true,"href":"https:\/\/adria-klik.com\/en\/wp-json\/wp\/v2\/comments?post=14829"}],"wp:featuredmedia":[{"embeddable":true,"href":"https:\/\/adria-klik.com\/en\/wp-json\/wp\/v2\/media\/15752"}],"wp:attachment":[{"href":"https:\/\/adria-klik.com\/en\/wp-json\/wp\/v2\/media?parent=14829"}],"wp:term":[{"taxonomy":"product_brand","embeddable":true,"href":"https:\/\/adria-klik.com\/en\/wp-json\/wp\/v2\/product_brand?post=14829"},{"taxonomy":"product_cat","embeddable":true,"href":"https:\/\/adria-klik.com\/en\/wp-json\/wp\/v2\/product_cat?post=14829"},{"taxonomy":"product_tag","embeddable":true,"href":"https:\/\/adria-klik.com\/en\/wp-json\/wp\/v2\/product_tag?post=14829"},{"taxonomy":"berocket_brand","embeddable":true,"href":"https:\/\/adria-klik.com\/en\/wp-json\/wp\/v2\/berocket_brand?post=14829"}],"curies":[{"name":"wp","href":"https:\/\/api.w.org\/{rel}","templated":true}]}}