{"id":15085,"date":"2021-03-11T00:29:56","date_gmt":"2021-03-10T23:29:56","guid":{"rendered":"https:\/\/adria.riot.hr\/?post_type=product&#038;p=15085"},"modified":"2025-09-08T19:31:44","modified_gmt":"2025-09-08T17:31:44","slug":"taman-artisan-chocolates-tamna-cokolada-62-naranca-papar-i-timijan-aoc-award-2018-adria-klik-najbrza-dostava-zagreb-hrvatska-europa-svijet","status":"publish","type":"product","link":"https:\/\/adria-klik.com\/en\/proizvod\/taman-artisan-chocolates-tamna-cokolada-62-naranca-papar-i-timijan-aoc-award-2018-adria-klik-najbrza-dostava-zagreb-hrvatska-europa-svijet\/","title":{"rendered":"Tamna \u010dokolada 62% Naran\u010da, papar i timijan 50g. Taman Artisan Chocolates"},"content":{"rendered":"<div id=\"singleatribute\">\n<div class=\"okus\">\n<ul>\n<li>Naran\u010da, papar i timijan<\/li>\n<li class=\"product_title entry-title\">Tamna \u010dokolada 62%, 50g<\/li>\n<li class=\"product_title entry-title\">~ Academy of Chocolate award 2018 Bronze&nbsp;<\/li>\n<li class=\"product_title entry-title\">Tamna \u010dokolada blage vo\u0107ne arome, aromatizirana \u010distim eteri\u010dnim uljem slatke naran\u010de i koricom naran\u010de, za\u010dinjena drobljenim zrnima \u010detiri razli\u010dite vrste papra i listi\u0107ima timijana.<\/li>\n<\/ul>\n<\/div>\n<\/div>\n<p>Na\u010din pripreme\/konzumacije:\u00a0 Idealno poslu\u017eiti pri temperaturi 21-24\u00b0C.<\/p>\n<p>Sastojci:<br \/>\nTamna \u010dokolada (podrijetlo: Belgija, min. 62% kakao dijelova: kakao<br \/>\nmasa, \u0161e\u0107er, kakao maslac, emulgator: sojin lecitn, prirodna aroma<br \/>\nvanilije), timijan &lt;0,3%, mje\u0161avina papra (crni, bijeli, zeleni, rozi) &lt;0,2%,<br \/>\neteri\u010dno ulje naran\u010de &lt;0,1%<\/p>\n","protected":false},"excerpt":{"rendered":"<ul>\n<li>Taman Artisan Chocolates<\/li>\n<li>Tamna \u010dokolada 62%,\u00a0 50g<\/li>\n<li>Naran\u010da, papar i timijan<\/li>\n<li>Tamna \u010dokolada blage vo\u0107ne arome<\/li>\n<li>aromatzirana \u010distm eteri\u010dnim uljem slatke naran\u010de<\/li>\n<li>za\u010dinjena drobljenim zrnima \u010detri razli\u010dite vrste papra i list\u0107ima timijana<\/li>\n<li>AoC 2018 winner BRONZE<\/li>\n<\/ul>\n","protected":false},"featured_media":17238,"comment_status":"open","ping_status":"closed","template":"","meta":{"_acf_changed":false},"product_brand":[],"product_cat":[1175,1176,370,1174,1159,619,376,393,560],"product_tag":[1189,2154,1190,2159,1191,1178],"berocket_brand":[1177],"class_list":{"0":"post-15085","1":"product","2":"type-product","3":"status-publish","4":"has-post-thumbnail","6":"product_cat-dostava","7":"product_cat-europa","8":"product_cat-hrana","9":"product_cat-hrvatska","10":"product_cat-nasa-preporuka","11":"product_cat-okusi_adriu","12":"product_cat-premium-proizvodi","13":"product_cat-slatko","14":"product_cat-zagreb","15":"product_tag-aoc-2018-winner-bronze","16":"product_tag-hand-made-2","17":"product_tag-naranca","18":"product_tag-order-online-2","19":"product_tag-papar-i-timijan","20":"product_tag-taman-artisan-chocolates","21":"berocket_brand-taman-artisan-chocolates","23":"first","24":"outofstock","25":"sale","26":"featured","27":"shipping-taxable","28":"purchasable","29":"product-type-simple"},"acf":[],"yoast_head":"<!-- This site is optimized with the Yoast SEO plugin v26.9 - https:\/\/yoast.com\/product\/yoast-seo-wordpress\/ -->\n<title>Tamna \u010dokolada 62% Naran\u010da, papar i timijan 50g. Taman Artisan Chocolates - Adria-Klik.com<\/title>\n<meta name=\"description\" content=\"Taman Artisan Chocolates TAMNA \u010cOKOLADA 62% Naran\u010da, papar i timijan AOC Award 2018| Adria Klik Najbr\u017ea dostava Zagreb Hrvatska Europa Svijet\" \/>\n<meta name=\"robots\" content=\"index, follow, max-snippet:-1, max-image-preview:large, max-video-preview:-1\" \/>\n<link rel=\"canonical\" href=\"https:\/\/adria-klik.com\/proizvod\/taman-artisan-chocolates-tamna-cokolada-62-naranca-papar-i-timijan-aoc-award-2018-adria-klik-najbrza-dostava-zagreb-hrvatska-europa-svijet\/\" \/>\n<meta property=\"og:locale\" content=\"en_US\" \/>\n<meta property=\"og:type\" content=\"article\" \/>\n<meta property=\"og:title\" content=\"Taman Artisan Chocolates Mlije\u010dna 35% \u010dokolada s kokosom, limunom i limunskom travom AoC 2017 winner BRONZE| Adria Klik Najbr\u017ea dostava HR EU\" \/>\n<meta property=\"og:description\" content=\"Taman Artisan Chocolates Mlije\u010dna 35% \u010dokolada s kokosom, limunom i limunskom travom AoC 2017 winner BRONZE| Adria Klik Najbr\u017ea dostava HR EU\" \/>\n<meta property=\"og:url\" content=\"https:\/\/adria-klik.com\/proizvod\/taman-artisan-chocolates-tamna-cokolada-62-naranca-papar-i-timijan-aoc-award-2018-adria-klik-najbrza-dostava-zagreb-hrvatska-europa-svijet\/\" \/>\n<meta property=\"og:site_name\" content=\"Adria-Klik.com\" \/>\n<meta property=\"article:publisher\" content=\"https:\/\/www.facebook.com\/profile.php?id=100064209425136\" \/>\n<meta property=\"article:modified_time\" content=\"2025-09-08T17:31:44+00:00\" \/>\n<meta property=\"og:image\" content=\"https:\/\/adria-klik.com\/wp-content\/uploads\/2021\/03\/AOC-award-Cokolada-Tamna-cokolada-naranca-papar-timjan-Taman-Chocolates-Artisan-made-in-Croatia-Adria-Klik-webshop-fast-delivery-brza-dostava-made-in-croatia-kupujmohrvatsko.jpg\" \/>\n\t<meta property=\"og:image:width\" content=\"1500\" \/>\n\t<meta property=\"og:image:height\" content=\"1500\" \/>\n\t<meta property=\"og:image:type\" content=\"image\/jpeg\" \/>\n<meta name=\"twitter:card\" content=\"summary_large_image\" \/>\n<meta name=\"twitter:title\" content=\"Taman Artisan Chocolates TAMNA \u010cOKOLADA 62% Naran\u010da, papar i timijan AOC Award 2018| Adria Klik Najbr\u017ea dostava Zagreb Hrvatska Europa Svijet\" \/>\n<meta name=\"twitter:description\" content=\"Taman Artisan Chocolates TAMNA \u010cOKOLADA 62% Naran\u010da, papar i timijan AOC Award 2018| Adria Klik Najbr\u017ea dostava Zagreb Hrvatska Europa Svijet\" \/>\n<meta name=\"twitter:image\" content=\"https:\/\/adria-klik.com\/wp-content\/uploads\/2021\/03\/AOC-award-Cokolada-Tamna-cokolada-naranca-papar-timjan-Taman-Chocolates-Artisan-made-in-Croatia-Adria-Klik-webshop-fast-delivery-brza-dostava-made-in-croatia-kupujmohrvatsko.jpg\" \/>\n<meta name=\"twitter:label1\" content=\"Est. reading time\" \/>\n\t<meta name=\"twitter:data1\" content=\"1 minute\" \/>\n<script type=\"application\/ld+json\" class=\"yoast-schema-graph\">{\"@context\":\"https:\/\/schema.org\",\"@graph\":[{\"@type\":\"WebPage\",\"@id\":\"https:\/\/adria-klik.com\/proizvod\/taman-artisan-chocolates-tamna-cokolada-62-naranca-papar-i-timijan-aoc-award-2018-adria-klik-najbrza-dostava-zagreb-hrvatska-europa-svijet\/\",\"url\":\"https:\/\/adria-klik.com\/proizvod\/taman-artisan-chocolates-tamna-cokolada-62-naranca-papar-i-timijan-aoc-award-2018-adria-klik-najbrza-dostava-zagreb-hrvatska-europa-svijet\/\",\"name\":\"Tamna \u010dokolada 62% Naran\u010da, papar i timijan 50g. Taman Artisan Chocolates - Adria-Klik.com\",\"isPartOf\":{\"@id\":\"https:\/\/adria-klik.com\/#website\"},\"primaryImageOfPage\":{\"@id\":\"https:\/\/adria-klik.com\/proizvod\/taman-artisan-chocolates-tamna-cokolada-62-naranca-papar-i-timijan-aoc-award-2018-adria-klik-najbrza-dostava-zagreb-hrvatska-europa-svijet\/#primaryimage\"},\"image\":{\"@id\":\"https:\/\/adria-klik.com\/proizvod\/taman-artisan-chocolates-tamna-cokolada-62-naranca-papar-i-timijan-aoc-award-2018-adria-klik-najbrza-dostava-zagreb-hrvatska-europa-svijet\/#primaryimage\"},\"thumbnailUrl\":\"https:\/\/adria-klik.com\/wp-content\/uploads\/2021\/03\/AOC-award-BRONZE-WINNER-Cokolada-TAMNA-Naranca-papar-timjan-50g-Taman-Chocolates-Artisan-Croatia-Adria-Klik-webshop-fast-delivery-brza-made-in-croatia-Wolt-Store-Glovo-Bolt-Zagreb.jpg\",\"datePublished\":\"2021-03-10T23:29:56+00:00\",\"dateModified\":\"2025-09-08T17:31:44+00:00\",\"description\":\"Taman Artisan Chocolates TAMNA \u010cOKOLADA 62% Naran\u010da, papar i timijan AOC Award 2018| Adria Klik Najbr\u017ea dostava Zagreb Hrvatska Europa Svijet\",\"breadcrumb\":{\"@id\":\"https:\/\/adria-klik.com\/proizvod\/taman-artisan-chocolates-tamna-cokolada-62-naranca-papar-i-timijan-aoc-award-2018-adria-klik-najbrza-dostava-zagreb-hrvatska-europa-svijet\/#breadcrumb\"},\"inLanguage\":\"en-US\",\"potentialAction\":[{\"@type\":\"ReadAction\",\"target\":[\"https:\/\/adria-klik.com\/proizvod\/taman-artisan-chocolates-tamna-cokolada-62-naranca-papar-i-timijan-aoc-award-2018-adria-klik-najbrza-dostava-zagreb-hrvatska-europa-svijet\/\"]}]},{\"@type\":\"ImageObject\",\"inLanguage\":\"en-US\",\"@id\":\"https:\/\/adria-klik.com\/proizvod\/taman-artisan-chocolates-tamna-cokolada-62-naranca-papar-i-timijan-aoc-award-2018-adria-klik-najbrza-dostava-zagreb-hrvatska-europa-svijet\/#primaryimage\",\"url\":\"https:\/\/adria-klik.com\/wp-content\/uploads\/2021\/03\/AOC-award-BRONZE-WINNER-Cokolada-TAMNA-Naranca-papar-timjan-50g-Taman-Chocolates-Artisan-Croatia-Adria-Klik-webshop-fast-delivery-brza-made-in-croatia-Wolt-Store-Glovo-Bolt-Zagreb.jpg\",\"contentUrl\":\"https:\/\/adria-klik.com\/wp-content\/uploads\/2021\/03\/AOC-award-BRONZE-WINNER-Cokolada-TAMNA-Naranca-papar-timjan-50g-Taman-Chocolates-Artisan-Croatia-Adria-Klik-webshop-fast-delivery-brza-made-in-croatia-Wolt-Store-Glovo-Bolt-Zagreb.jpg\",\"width\":1500,\"height\":1500,\"caption\":\"| Adria-Klik Supply webshop trgovina dostava namirnica, vina, craft piva i delicija Superbrza dostava Zagreb Wolt Glovo Bolt-Food i Hrvatska i EU DPD GLS - vinska logistika #kupujmohrvatsko Naru\u00c3\u201e\u00c2\u008di dostavu Adria Klik dostava Namirnica, Vina, Craft piva, Delicija, Organsko, Eko, Bio, ekskluzivan izbor domacih vinara! Unikati pokloni Bontonic Canna Mariniana, CBD CBG Croatia Organic HEMP industrijska konoplja Cannabiotics Cannabiotics CroCanna Devetka Free Spirit Me\u00c3\u201e\u00e2\u20ac\u02dcimurje Greenall's Original Johhnie Walker Karlova\u00c3\u201e\u00c2\u008dko Kostelac rakije LAB Split pivovara Lepi De\u00c3\u201e\u00c2\u008dki Li\u00c3\u201e\u00c2\u008danka Pivovara Nova Runda Nova Runda OPG Marevi\u00c3\u201e\u00e2\u20ac\u00a1 Palihni\u00c3\u201e\u00e2\u20ac\u00a1 Pelje\u00c3\u2026\u00c2\u00a1ki Vrhovi - PZ Janjina Pelje\u00c3\u2026\u00c2\u00a1ki Vrhovi - PZ Janjina Ravalico Saperlot Saperlot Brewery StartCBD Tvornica leda Velebitska Degenija Vislander Vislander Vislander Vislander Volimljuto Zlatarna \u00c3\u2026\u00c2\u00a0iroka 2Storije aDorable aDorable Adria Darovni Poklon Paketi Argeta Argeta Azrri Azrri Bel-Cro Bel-Cro Benediktinke Sv. Marije Zadar Benediktinke Sv. Marije Zadar Benediktinke Zadar Benediktinke Zadar Bobi Snacks Buzdovan Buzdovan cchellenic Cmre\u00c3\u201e\u00c2\u008dnjak Cmre\u00c3\u201e\u00c2\u008dnjak Coca-Cola Coca-Cola Hrvatska Cockta Cogito Coffee Cogito Coffee \u00c3\u201e\u00c2\u0090akova\u00c3\u201e\u00c2\u008dka Vina \u00c3\u201e\u00c2\u0090akovo vina ekoEna ekoEna Elda Fentimans Feravino Ferrero Franck Gordon's Grad-Export Gray Goose Gray Goose Greenalls Greenalls Gin Greenalls Gin Original British Heineken Hrvatska Jagermeister Jagermeister Jaguni\u00c3\u201e\u00e2\u20ac\u00a1 Vina Jamnica Jamnica Jana Jana Josi\u00c3\u201e\u00e2\u20ac\u00a1 vinarija Kinder Konoplja.shop Kra\u00c3\u2026\u00c2\u00a1 Kutjevo Kutjevo Labud Latus Mljekara Istra Latus Mljekara Istra Lay's Lay's Chips Maraska Merci Storck Mljekara Latus Mljekara Latus Istra Na\u00c3\u2026\u00c2\u00a1 Okus Na\u00c3\u2026\u00c2\u00a1 Okus Nescafe OPG Cari\u00c3\u201e\u00e2\u20ac\u00a1 Papak Ilok Pavlomir Pavlomir Vinska Ku\u00c3\u201e\u00e2\u20ac\u00a1a Pivovara Medvedgrad Pringles \/ Kellogg's Red Bull \u00c3\u2026\u00c2\u00a0ibenska Pivovara \u00c3\u2026\u00c2\u00a0ibenska Pivovara (5) SMID SMID Taman Artisan Chocolates Thomas Henry Tuc Krekeri Valenta Family Wines Vina Grgurevi\u00c3\u201e\u00e2\u20ac\u00a1 Vina Grgurevi\u00c3\u201e\u00e2\u20ac\u00a1 Vinarija Benkovac Vinarija Mik\u00c3\u2026\u00c2\u00a1a Vislander Vina i Rakije Vizba Valandovo Vizba Valandovo Makedonija\"},{\"@type\":\"BreadcrumbList\",\"@id\":\"https:\/\/adria-klik.com\/proizvod\/taman-artisan-chocolates-tamna-cokolada-62-naranca-papar-i-timijan-aoc-award-2018-adria-klik-najbrza-dostava-zagreb-hrvatska-europa-svijet\/#breadcrumb\",\"itemListElement\":[{\"@type\":\"ListItem\",\"position\":1,\"name\":\"Po\u010detna stranica\",\"item\":\"https:\/\/adria-klik.com\/en\/\"},{\"@type\":\"ListItem\",\"position\":2,\"name\":\"Shop\",\"item\":\"https:\/\/adria-klik.com\/shop\/\"},{\"@type\":\"ListItem\",\"position\":3,\"name\":\"Tamna \u010dokolada 62% Naran\u010da, papar i timijan 50g. Taman Artisan Chocolates\"}]},{\"@type\":\"WebSite\",\"@id\":\"https:\/\/adria-klik.com\/#website\",\"url\":\"https:\/\/adria-klik.com\/\",\"name\":\"Adria-Klik.com\",\"description\":\"Unikatni poklon paketi, Vina, Craft pivo &amp; Delicije - webshop\",\"publisher\":{\"@id\":\"https:\/\/adria-klik.com\/#organization\"},\"potentialAction\":[{\"@type\":\"SearchAction\",\"target\":{\"@type\":\"EntryPoint\",\"urlTemplate\":\"https:\/\/adria-klik.com\/?s={search_term_string}\"},\"query-input\":{\"@type\":\"PropertyValueSpecification\",\"valueRequired\":true,\"valueName\":\"search_term_string\"}}],\"inLanguage\":\"en-US\"},{\"@type\":\"Organization\",\"@id\":\"https:\/\/adria-klik.com\/#organization\",\"name\":\"Adria-Klik.com\",\"alternateName\":\"AK\",\"url\":\"https:\/\/adria-klik.com\/\",\"logo\":{\"@type\":\"ImageObject\",\"inLanguage\":\"en-US\",\"@id\":\"https:\/\/adria-klik.com\/#\/schema\/logo\/image\/\",\"url\":\"https:\/\/adria-klik.com\/wp-content\/uploads\/2025\/12\/Adria-Klik_com-logo-namirnice-vina-craft-pivo-delikatese-delicije-artisan-cokolada.jpg\",\"contentUrl\":\"https:\/\/adria-klik.com\/wp-content\/uploads\/2025\/12\/Adria-Klik_com-logo-namirnice-vina-craft-pivo-delikatese-delicije-artisan-cokolada.jpg\",\"width\":500,\"height\":500,\"caption\":\"Adria-Klik.com\"},\"image\":{\"@id\":\"https:\/\/adria-klik.com\/#\/schema\/logo\/image\/\"},\"sameAs\":[\"https:\/\/www.facebook.com\/profile.php?id=100064209425136\",\"https:\/\/www.instagram.com\/adriaklik\/\",\"https:\/\/www.youtube.com\/user\/PlavacmaliZagreb\"]}]}<\/script>\n<!-- \/ Yoast SEO plugin. -->","yoast_head_json":{"title":"Tamna \u010dokolada 62% Naran\u010da, papar i timijan 50g. Taman Artisan Chocolates - Adria-Klik.com","description":"Taman Artisan Chocolates TAMNA \u010cOKOLADA 62% Naran\u010da, papar i timijan AOC Award 2018| Adria Klik Najbr\u017ea dostava Zagreb Hrvatska Europa Svijet","robots":{"index":"index","follow":"follow","max-snippet":"max-snippet:-1","max-image-preview":"max-image-preview:large","max-video-preview":"max-video-preview:-1"},"canonical":"https:\/\/adria-klik.com\/proizvod\/taman-artisan-chocolates-tamna-cokolada-62-naranca-papar-i-timijan-aoc-award-2018-adria-klik-najbrza-dostava-zagreb-hrvatska-europa-svijet\/","og_locale":"en_US","og_type":"article","og_title":"Taman Artisan Chocolates Mlije\u010dna 35% \u010dokolada s kokosom, limunom i limunskom travom AoC 2017 winner BRONZE| Adria Klik Najbr\u017ea dostava HR EU","og_description":"Taman Artisan Chocolates Mlije\u010dna 35% \u010dokolada s kokosom, limunom i limunskom travom AoC 2017 winner BRONZE| Adria Klik Najbr\u017ea dostava HR EU","og_url":"https:\/\/adria-klik.com\/proizvod\/taman-artisan-chocolates-tamna-cokolada-62-naranca-papar-i-timijan-aoc-award-2018-adria-klik-najbrza-dostava-zagreb-hrvatska-europa-svijet\/","og_site_name":"Adria-Klik.com","article_publisher":"https:\/\/www.facebook.com\/profile.php?id=100064209425136","article_modified_time":"2025-09-08T17:31:44+00:00","og_image":[{"width":1500,"height":1500,"url":"https:\/\/adria-klik.com\/wp-content\/uploads\/2021\/03\/AOC-award-Cokolada-Tamna-cokolada-naranca-papar-timjan-Taman-Chocolates-Artisan-made-in-Croatia-Adria-Klik-webshop-fast-delivery-brza-dostava-made-in-croatia-kupujmohrvatsko.jpg","type":"image\/jpeg"}],"twitter_card":"summary_large_image","twitter_title":"Taman Artisan Chocolates TAMNA \u010cOKOLADA 62% Naran\u010da, papar i timijan AOC Award 2018| Adria Klik Najbr\u017ea dostava Zagreb Hrvatska Europa Svijet","twitter_description":"Taman Artisan Chocolates TAMNA \u010cOKOLADA 62% Naran\u010da, papar i timijan AOC Award 2018| Adria Klik Najbr\u017ea dostava Zagreb Hrvatska Europa Svijet","twitter_image":"https:\/\/adria-klik.com\/wp-content\/uploads\/2021\/03\/AOC-award-Cokolada-Tamna-cokolada-naranca-papar-timjan-Taman-Chocolates-Artisan-made-in-Croatia-Adria-Klik-webshop-fast-delivery-brza-dostava-made-in-croatia-kupujmohrvatsko.jpg","twitter_misc":{"Est. reading time":"1 minute"},"schema":{"@context":"https:\/\/schema.org","@graph":[{"@type":"WebPage","@id":"https:\/\/adria-klik.com\/proizvod\/taman-artisan-chocolates-tamna-cokolada-62-naranca-papar-i-timijan-aoc-award-2018-adria-klik-najbrza-dostava-zagreb-hrvatska-europa-svijet\/","url":"https:\/\/adria-klik.com\/proizvod\/taman-artisan-chocolates-tamna-cokolada-62-naranca-papar-i-timijan-aoc-award-2018-adria-klik-najbrza-dostava-zagreb-hrvatska-europa-svijet\/","name":"Tamna \u010dokolada 62% Naran\u010da, papar i timijan 50g. Taman Artisan Chocolates - Adria-Klik.com","isPartOf":{"@id":"https:\/\/adria-klik.com\/#website"},"primaryImageOfPage":{"@id":"https:\/\/adria-klik.com\/proizvod\/taman-artisan-chocolates-tamna-cokolada-62-naranca-papar-i-timijan-aoc-award-2018-adria-klik-najbrza-dostava-zagreb-hrvatska-europa-svijet\/#primaryimage"},"image":{"@id":"https:\/\/adria-klik.com\/proizvod\/taman-artisan-chocolates-tamna-cokolada-62-naranca-papar-i-timijan-aoc-award-2018-adria-klik-najbrza-dostava-zagreb-hrvatska-europa-svijet\/#primaryimage"},"thumbnailUrl":"https:\/\/adria-klik.com\/wp-content\/uploads\/2021\/03\/AOC-award-BRONZE-WINNER-Cokolada-TAMNA-Naranca-papar-timjan-50g-Taman-Chocolates-Artisan-Croatia-Adria-Klik-webshop-fast-delivery-brza-made-in-croatia-Wolt-Store-Glovo-Bolt-Zagreb.jpg","datePublished":"2021-03-10T23:29:56+00:00","dateModified":"2025-09-08T17:31:44+00:00","description":"Taman Artisan Chocolates TAMNA \u010cOKOLADA 62% Naran\u010da, papar i timijan AOC Award 2018| Adria Klik Najbr\u017ea dostava Zagreb Hrvatska Europa Svijet","breadcrumb":{"@id":"https:\/\/adria-klik.com\/proizvod\/taman-artisan-chocolates-tamna-cokolada-62-naranca-papar-i-timijan-aoc-award-2018-adria-klik-najbrza-dostava-zagreb-hrvatska-europa-svijet\/#breadcrumb"},"inLanguage":"en-US","potentialAction":[{"@type":"ReadAction","target":["https:\/\/adria-klik.com\/proizvod\/taman-artisan-chocolates-tamna-cokolada-62-naranca-papar-i-timijan-aoc-award-2018-adria-klik-najbrza-dostava-zagreb-hrvatska-europa-svijet\/"]}]},{"@type":"ImageObject","inLanguage":"en-US","@id":"https:\/\/adria-klik.com\/proizvod\/taman-artisan-chocolates-tamna-cokolada-62-naranca-papar-i-timijan-aoc-award-2018-adria-klik-najbrza-dostava-zagreb-hrvatska-europa-svijet\/#primaryimage","url":"https:\/\/adria-klik.com\/wp-content\/uploads\/2021\/03\/AOC-award-BRONZE-WINNER-Cokolada-TAMNA-Naranca-papar-timjan-50g-Taman-Chocolates-Artisan-Croatia-Adria-Klik-webshop-fast-delivery-brza-made-in-croatia-Wolt-Store-Glovo-Bolt-Zagreb.jpg","contentUrl":"https:\/\/adria-klik.com\/wp-content\/uploads\/2021\/03\/AOC-award-BRONZE-WINNER-Cokolada-TAMNA-Naranca-papar-timjan-50g-Taman-Chocolates-Artisan-Croatia-Adria-Klik-webshop-fast-delivery-brza-made-in-croatia-Wolt-Store-Glovo-Bolt-Zagreb.jpg","width":1500,"height":1500,"caption":"| Adria-Klik Supply webshop trgovina dostava namirnica, vina, craft piva i delicija Superbrza dostava Zagreb Wolt Glovo Bolt-Food i Hrvatska i EU DPD GLS - vinska logistika #kupujmohrvatsko Naru\u00c3\u201e\u00c2\u008di dostavu Adria Klik dostava Namirnica, Vina, Craft piva, Delicija, Organsko, Eko, Bio, ekskluzivan izbor domacih vinara! Unikati pokloni Bontonic Canna Mariniana, CBD CBG Croatia Organic HEMP industrijska konoplja Cannabiotics Cannabiotics CroCanna Devetka Free Spirit Me\u00c3\u201e\u00e2\u20ac\u02dcimurje Greenall's Original Johhnie Walker Karlova\u00c3\u201e\u00c2\u008dko Kostelac rakije LAB Split pivovara Lepi De\u00c3\u201e\u00c2\u008dki Li\u00c3\u201e\u00c2\u008danka Pivovara Nova Runda Nova Runda OPG Marevi\u00c3\u201e\u00e2\u20ac\u00a1 Palihni\u00c3\u201e\u00e2\u20ac\u00a1 Pelje\u00c3\u2026\u00c2\u00a1ki Vrhovi - PZ Janjina Pelje\u00c3\u2026\u00c2\u00a1ki Vrhovi - PZ Janjina Ravalico Saperlot Saperlot Brewery StartCBD Tvornica leda Velebitska Degenija Vislander Vislander Vislander Vislander Volimljuto Zlatarna \u00c3\u2026\u00c2\u00a0iroka 2Storije aDorable aDorable Adria Darovni Poklon Paketi Argeta Argeta Azrri Azrri Bel-Cro Bel-Cro Benediktinke Sv. Marije Zadar Benediktinke Sv. Marije Zadar Benediktinke Zadar Benediktinke Zadar Bobi Snacks Buzdovan Buzdovan cchellenic Cmre\u00c3\u201e\u00c2\u008dnjak Cmre\u00c3\u201e\u00c2\u008dnjak Coca-Cola Coca-Cola Hrvatska Cockta Cogito Coffee Cogito Coffee \u00c3\u201e\u00c2\u0090akova\u00c3\u201e\u00c2\u008dka Vina \u00c3\u201e\u00c2\u0090akovo vina ekoEna ekoEna Elda Fentimans Feravino Ferrero Franck Gordon's Grad-Export Gray Goose Gray Goose Greenalls Greenalls Gin Greenalls Gin Original British Heineken Hrvatska Jagermeister Jagermeister Jaguni\u00c3\u201e\u00e2\u20ac\u00a1 Vina Jamnica Jamnica Jana Jana Josi\u00c3\u201e\u00e2\u20ac\u00a1 vinarija Kinder Konoplja.shop Kra\u00c3\u2026\u00c2\u00a1 Kutjevo Kutjevo Labud Latus Mljekara Istra Latus Mljekara Istra Lay's Lay's Chips Maraska Merci Storck Mljekara Latus Mljekara Latus Istra Na\u00c3\u2026\u00c2\u00a1 Okus Na\u00c3\u2026\u00c2\u00a1 Okus Nescafe OPG Cari\u00c3\u201e\u00e2\u20ac\u00a1 Papak Ilok Pavlomir Pavlomir Vinska Ku\u00c3\u201e\u00e2\u20ac\u00a1a Pivovara Medvedgrad Pringles \/ Kellogg's Red Bull \u00c3\u2026\u00c2\u00a0ibenska Pivovara \u00c3\u2026\u00c2\u00a0ibenska Pivovara (5) SMID SMID Taman Artisan Chocolates Thomas Henry Tuc Krekeri Valenta Family Wines Vina Grgurevi\u00c3\u201e\u00e2\u20ac\u00a1 Vina Grgurevi\u00c3\u201e\u00e2\u20ac\u00a1 Vinarija Benkovac Vinarija Mik\u00c3\u2026\u00c2\u00a1a Vislander Vina i Rakije Vizba Valandovo Vizba Valandovo Makedonija"},{"@type":"BreadcrumbList","@id":"https:\/\/adria-klik.com\/proizvod\/taman-artisan-chocolates-tamna-cokolada-62-naranca-papar-i-timijan-aoc-award-2018-adria-klik-najbrza-dostava-zagreb-hrvatska-europa-svijet\/#breadcrumb","itemListElement":[{"@type":"ListItem","position":1,"name":"Po\u010detna stranica","item":"https:\/\/adria-klik.com\/en\/"},{"@type":"ListItem","position":2,"name":"Shop","item":"https:\/\/adria-klik.com\/shop\/"},{"@type":"ListItem","position":3,"name":"Tamna \u010dokolada 62% Naran\u010da, papar i timijan 50g. Taman Artisan Chocolates"}]},{"@type":"WebSite","@id":"https:\/\/adria-klik.com\/#website","url":"https:\/\/adria-klik.com\/","name":"Adria-Klik.com","description":"Unikatni poklon paketi, Vina, Craft pivo &amp; Delicije - webshop","publisher":{"@id":"https:\/\/adria-klik.com\/#organization"},"potentialAction":[{"@type":"SearchAction","target":{"@type":"EntryPoint","urlTemplate":"https:\/\/adria-klik.com\/?s={search_term_string}"},"query-input":{"@type":"PropertyValueSpecification","valueRequired":true,"valueName":"search_term_string"}}],"inLanguage":"en-US"},{"@type":"Organization","@id":"https:\/\/adria-klik.com\/#organization","name":"Adria-Klik.com","alternateName":"AK","url":"https:\/\/adria-klik.com\/","logo":{"@type":"ImageObject","inLanguage":"en-US","@id":"https:\/\/adria-klik.com\/#\/schema\/logo\/image\/","url":"https:\/\/adria-klik.com\/wp-content\/uploads\/2025\/12\/Adria-Klik_com-logo-namirnice-vina-craft-pivo-delikatese-delicije-artisan-cokolada.jpg","contentUrl":"https:\/\/adria-klik.com\/wp-content\/uploads\/2025\/12\/Adria-Klik_com-logo-namirnice-vina-craft-pivo-delikatese-delicije-artisan-cokolada.jpg","width":500,"height":500,"caption":"Adria-Klik.com"},"image":{"@id":"https:\/\/adria-klik.com\/#\/schema\/logo\/image\/"},"sameAs":["https:\/\/www.facebook.com\/profile.php?id=100064209425136","https:\/\/www.instagram.com\/adriaklik\/","https:\/\/www.youtube.com\/user\/PlavacmaliZagreb"]}]}},"jetpack_sharing_enabled":true,"jetpack-related-posts":[],"_links":{"self":[{"href":"https:\/\/adria-klik.com\/en\/wp-json\/wp\/v2\/product\/15085","targetHints":{"allow":["GET"]}}],"collection":[{"href":"https:\/\/adria-klik.com\/en\/wp-json\/wp\/v2\/product"}],"about":[{"href":"https:\/\/adria-klik.com\/en\/wp-json\/wp\/v2\/types\/product"}],"replies":[{"embeddable":true,"href":"https:\/\/adria-klik.com\/en\/wp-json\/wp\/v2\/comments?post=15085"}],"wp:featuredmedia":[{"embeddable":true,"href":"https:\/\/adria-klik.com\/en\/wp-json\/wp\/v2\/media\/17238"}],"wp:attachment":[{"href":"https:\/\/adria-klik.com\/en\/wp-json\/wp\/v2\/media?parent=15085"}],"wp:term":[{"taxonomy":"product_brand","embeddable":true,"href":"https:\/\/adria-klik.com\/en\/wp-json\/wp\/v2\/product_brand?post=15085"},{"taxonomy":"product_cat","embeddable":true,"href":"https:\/\/adria-klik.com\/en\/wp-json\/wp\/v2\/product_cat?post=15085"},{"taxonomy":"product_tag","embeddable":true,"href":"https:\/\/adria-klik.com\/en\/wp-json\/wp\/v2\/product_tag?post=15085"},{"taxonomy":"berocket_brand","embeddable":true,"href":"https:\/\/adria-klik.com\/en\/wp-json\/wp\/v2\/berocket_brand?post=15085"}],"curies":[{"name":"wp","href":"https:\/\/api.w.org\/{rel}","templated":true}]}}