{"id":15092,"date":"2021-03-11T13:23:48","date_gmt":"2021-03-11T12:23:48","guid":{"rendered":"https:\/\/adria.riot.hr\/?post_type=product&#038;p=15092"},"modified":"2023-04-25T22:41:02","modified_gmt":"2023-04-25T20:41:02","slug":"kinder-chocolate-8kom-100g-adria-klik-klikni-za-pravu-stvar-ekpress-dostava-proizvoda-do-vasih-vrata-besplatna-i-brza-dostava-zagreb","status":"publish","type":"product","link":"https:\/\/adria-klik.com\/en\/proizvod\/kinder-chocolate-8kom-100g-adria-klik-klikni-za-pravu-stvar-ekpress-dostava-proizvoda-do-vasih-vrata-besplatna-i-brza-dostava-zagreb\/","title":{"rendered":"Kinder Chocolate 8kom 100g. Ferrero"},"content":{"rendered":"<p>Kinder Chocolate 8kom 100g.<\/p>\n<p>Zahvaljuju\u0107i posebnom mlije\u010dnom punjenju, Kinder \u010dokolada istovremeno zadovoljava dje\u010dju potrebu za slatki\u0161ima, a mamama siguran me\u0111uobrok za djecu. Pripremljen je bez bojila i hidrogeniziranih masti. Dolazi u pojedina\u010dno pakiranim pruti\u0107ima.<\/p>\n<p>Sastojci:\u00a0<strong>MLIJE\u010cNA<\/strong>\u00a0\u010dokolada 40% (\u0161e\u0107er, punomasno\u00a0<strong>MLIJEKO<\/strong>\u00a0u prahu, kakaov maslac, kakaova masa, emulgator: lecitini (<strong>SOJA<\/strong>); vanilin), \u0161e\u0107er, obrano\u00a0<strong>MLIJEKO<\/strong>\u00a0u prahu (18%), palmino ulje, bezvodna\u00a0<strong>MLIJE\u010cNA<\/strong>\u00a0mast, emulgator: lecitini (<strong>SOJA<\/strong>), vanilin. Proizvod sadr\u017ei 33% mlije\u010dnih dijelova i 13% kakaovih dijelova. Mlije\u010dna \u010dokolada: kakaovi dijelovi: 30% min.<\/p>\n","protected":false},"excerpt":{"rendered":"<p>Kinder Chocolate 8kom 100g.<\/p>\n<p>Superbrza dostava<\/p>\n<p>Naru\u010di svoj mlije\u010dni desert i sti\u017ee odmah sada odmah<\/p>\n","protected":false},"featured_media":15093,"comment_status":"open","ping_status":"closed","template":"","meta":{"_acf_changed":false},"product_brand":[],"product_cat":[383,370,393],"product_tag":[519,1193],"berocket_brand":[],"class_list":{"0":"post-15092","1":"product","2":"type-product","3":"status-publish","4":"has-post-thumbnail","6":"product_cat-akcije","7":"product_cat-hrana","8":"product_cat-slatko","9":"product_tag-brza-dostava","10":"product_tag-kinder-chocolate-t8","12":"first","13":"instock","14":"featured","15":"shipping-taxable","16":"purchasable","17":"product-type-simple"},"acf":[],"yoast_head":"<!-- This site is optimized with the Yoast SEO plugin v26.9 - https:\/\/yoast.com\/product\/yoast-seo-wordpress\/ -->\n<title>Kinder Chocolate 8kom 100g. Ferrero - Adria-Klik.com<\/title>\n<meta name=\"description\" content=\"Kinder Chocolate 8kom 100g. Adria Klik! Klikni za pravu stvar! Ekpress dostava proizvoda do Va\u0161ih vrata! Besplatna i Brza dostava Zagreb\" \/>\n<meta name=\"robots\" content=\"index, follow, max-snippet:-1, max-image-preview:large, max-video-preview:-1\" \/>\n<link rel=\"canonical\" href=\"https:\/\/adria-klik.com\/proizvod\/kinder-chocolate-8kom-100g-adria-klik-klikni-za-pravu-stvar-ekpress-dostava-proizvoda-do-vasih-vrata-besplatna-i-brza-dostava-zagreb\/\" \/>\n<meta property=\"og:locale\" content=\"en_US\" \/>\n<meta property=\"og:type\" content=\"article\" \/>\n<meta property=\"og:title\" content=\"Kinder Chocolate 8kom 100g. Adria Klik! Klikni za pravu stvar! Ekpress dostava proizvoda do Va\u0161ih vrata! Besplatna i Brza dostava Zagreb\" \/>\n<meta property=\"og:description\" content=\"Kinder Chocolate 8kom 100g. Adria Klik! Klikni za pravu stvar! Ekpress dostava proizvoda do Va\u0161ih vrata! Besplatna i Brza dostava Zagreb\" \/>\n<meta property=\"og:url\" content=\"https:\/\/adria-klik.com\/proizvod\/kinder-chocolate-8kom-100g-adria-klik-klikni-za-pravu-stvar-ekpress-dostava-proizvoda-do-vasih-vrata-besplatna-i-brza-dostava-zagreb\/\" \/>\n<meta property=\"og:site_name\" content=\"Adria-Klik.com\" \/>\n<meta property=\"article:publisher\" content=\"https:\/\/www.facebook.com\/profile.php?id=100064209425136\" \/>\n<meta property=\"article:modified_time\" content=\"2023-04-25T20:41:02+00:00\" \/>\n<meta property=\"og:image\" content=\"https:\/\/adria-klik.com\/wp-content\/uploads\/2021\/03\/kinder_chocolate-T8_8_x_100g_Adria-Klik_Supply_Croatia_webshop-premium-delivery.jpg\" \/>\n\t<meta property=\"og:image:width\" content=\"1500\" \/>\n\t<meta property=\"og:image:height\" content=\"1500\" \/>\n\t<meta property=\"og:image:type\" content=\"image\/jpeg\" \/>\n<meta name=\"twitter:card\" content=\"summary_large_image\" \/>\n<meta name=\"twitter:title\" content=\"Kinder Chocolate 8kom 100g. Adria Klik! Klikni za pravu stvar! Ekpress dostava proizvoda do Va\u0161ih vrata! Besplatna i Brza dostava Zagreb\" \/>\n<meta name=\"twitter:description\" content=\"Kinder Chocolate 8kom 100g. Adria Klik! Klikni za pravu stvar! Ekpress dostava proizvoda do Va\u0161ih vrata! Besplatna i Brza dostava Zagreb\" \/>\n<meta name=\"twitter:image\" content=\"https:\/\/adria-klik.com\/wp-content\/uploads\/2021\/03\/kinder_chocolate-T8_8_x_100g_Adria-Klik_Supply_Croatia_webshop-premium-delivery.jpg\" \/>\n<meta name=\"twitter:label1\" content=\"Est. reading time\" \/>\n\t<meta name=\"twitter:data1\" content=\"1 minute\" \/>\n<script type=\"application\/ld+json\" class=\"yoast-schema-graph\">{\"@context\":\"https:\/\/schema.org\",\"@graph\":[{\"@type\":\"WebPage\",\"@id\":\"https:\/\/adria-klik.com\/proizvod\/kinder-chocolate-8kom-100g-adria-klik-klikni-za-pravu-stvar-ekpress-dostava-proizvoda-do-vasih-vrata-besplatna-i-brza-dostava-zagreb\/\",\"url\":\"https:\/\/adria-klik.com\/proizvod\/kinder-chocolate-8kom-100g-adria-klik-klikni-za-pravu-stvar-ekpress-dostava-proizvoda-do-vasih-vrata-besplatna-i-brza-dostava-zagreb\/\",\"name\":\"Kinder Chocolate 8kom 100g. Ferrero - Adria-Klik.com\",\"isPartOf\":{\"@id\":\"https:\/\/adria-klik.com\/#website\"},\"primaryImageOfPage\":{\"@id\":\"https:\/\/adria-klik.com\/proizvod\/kinder-chocolate-8kom-100g-adria-klik-klikni-za-pravu-stvar-ekpress-dostava-proizvoda-do-vasih-vrata-besplatna-i-brza-dostava-zagreb\/#primaryimage\"},\"image\":{\"@id\":\"https:\/\/adria-klik.com\/proizvod\/kinder-chocolate-8kom-100g-adria-klik-klikni-za-pravu-stvar-ekpress-dostava-proizvoda-do-vasih-vrata-besplatna-i-brza-dostava-zagreb\/#primaryimage\"},\"thumbnailUrl\":\"https:\/\/adria-klik.com\/wp-content\/uploads\/2021\/03\/kinder_chocolate-T8_8_x_100g_Adria-Klik_Supply_Croatia_webshop-premium-delivery.jpg\",\"datePublished\":\"2021-03-11T12:23:48+00:00\",\"dateModified\":\"2023-04-25T20:41:02+00:00\",\"description\":\"Kinder Chocolate 8kom 100g. Adria Klik! Klikni za pravu stvar! Ekpress dostava proizvoda do Va\u0161ih vrata! Besplatna i Brza dostava Zagreb\",\"breadcrumb\":{\"@id\":\"https:\/\/adria-klik.com\/proizvod\/kinder-chocolate-8kom-100g-adria-klik-klikni-za-pravu-stvar-ekpress-dostava-proizvoda-do-vasih-vrata-besplatna-i-brza-dostava-zagreb\/#breadcrumb\"},\"inLanguage\":\"en-US\",\"potentialAction\":[{\"@type\":\"ReadAction\",\"target\":[\"https:\/\/adria-klik.com\/proizvod\/kinder-chocolate-8kom-100g-adria-klik-klikni-za-pravu-stvar-ekpress-dostava-proizvoda-do-vasih-vrata-besplatna-i-brza-dostava-zagreb\/\"]}]},{\"@type\":\"ImageObject\",\"inLanguage\":\"en-US\",\"@id\":\"https:\/\/adria-klik.com\/proizvod\/kinder-chocolate-8kom-100g-adria-klik-klikni-za-pravu-stvar-ekpress-dostava-proizvoda-do-vasih-vrata-besplatna-i-brza-dostava-zagreb\/#primaryimage\",\"url\":\"https:\/\/adria-klik.com\/wp-content\/uploads\/2021\/03\/kinder_chocolate-T8_8_x_100g_Adria-Klik_Supply_Croatia_webshop-premium-delivery.jpg\",\"contentUrl\":\"https:\/\/adria-klik.com\/wp-content\/uploads\/2021\/03\/kinder_chocolate-T8_8_x_100g_Adria-Klik_Supply_Croatia_webshop-premium-delivery.jpg\",\"width\":1500,\"height\":1500,\"caption\":\"Adria Klik Najbr\u017ea dostava Namirnica, Vina, Craft piva, Delicija, Organsko, Eko, Bio, ekskluzivan izbor doma\u0107ih vinara! Kinder Chocolate 8kom 100g.\"},{\"@type\":\"BreadcrumbList\",\"@id\":\"https:\/\/adria-klik.com\/proizvod\/kinder-chocolate-8kom-100g-adria-klik-klikni-za-pravu-stvar-ekpress-dostava-proizvoda-do-vasih-vrata-besplatna-i-brza-dostava-zagreb\/#breadcrumb\",\"itemListElement\":[{\"@type\":\"ListItem\",\"position\":1,\"name\":\"Po\u010detna stranica\",\"item\":\"https:\/\/adria-klik.com\/en\/\"},{\"@type\":\"ListItem\",\"position\":2,\"name\":\"Shop\",\"item\":\"https:\/\/adria-klik.com\/shop\/\"},{\"@type\":\"ListItem\",\"position\":3,\"name\":\"Kinder Chocolate 8kom 100g. Ferrero\"}]},{\"@type\":\"WebSite\",\"@id\":\"https:\/\/adria-klik.com\/#website\",\"url\":\"https:\/\/adria-klik.com\/\",\"name\":\"Adria-Klik.com\",\"description\":\"Unikatni poklon paketi, Vina, Craft pivo &amp; Delicije - webshop\",\"publisher\":{\"@id\":\"https:\/\/adria-klik.com\/#organization\"},\"potentialAction\":[{\"@type\":\"SearchAction\",\"target\":{\"@type\":\"EntryPoint\",\"urlTemplate\":\"https:\/\/adria-klik.com\/?s={search_term_string}\"},\"query-input\":{\"@type\":\"PropertyValueSpecification\",\"valueRequired\":true,\"valueName\":\"search_term_string\"}}],\"inLanguage\":\"en-US\"},{\"@type\":\"Organization\",\"@id\":\"https:\/\/adria-klik.com\/#organization\",\"name\":\"Adria-Klik.com\",\"alternateName\":\"AK\",\"url\":\"https:\/\/adria-klik.com\/\",\"logo\":{\"@type\":\"ImageObject\",\"inLanguage\":\"en-US\",\"@id\":\"https:\/\/adria-klik.com\/#\/schema\/logo\/image\/\",\"url\":\"https:\/\/adria-klik.com\/wp-content\/uploads\/2025\/12\/Adria-Klik_com-logo-namirnice-vina-craft-pivo-delikatese-delicije-artisan-cokolada.jpg\",\"contentUrl\":\"https:\/\/adria-klik.com\/wp-content\/uploads\/2025\/12\/Adria-Klik_com-logo-namirnice-vina-craft-pivo-delikatese-delicije-artisan-cokolada.jpg\",\"width\":500,\"height\":500,\"caption\":\"Adria-Klik.com\"},\"image\":{\"@id\":\"https:\/\/adria-klik.com\/#\/schema\/logo\/image\/\"},\"sameAs\":[\"https:\/\/www.facebook.com\/profile.php?id=100064209425136\",\"https:\/\/www.instagram.com\/adriaklik\/\",\"https:\/\/www.youtube.com\/user\/PlavacmaliZagreb\"]}]}<\/script>\n<!-- \/ Yoast SEO plugin. -->","yoast_head_json":{"title":"Kinder Chocolate 8kom 100g. Ferrero - Adria-Klik.com","description":"Kinder Chocolate 8kom 100g. Adria Klik! Klikni za pravu stvar! Ekpress dostava proizvoda do Va\u0161ih vrata! Besplatna i Brza dostava Zagreb","robots":{"index":"index","follow":"follow","max-snippet":"max-snippet:-1","max-image-preview":"max-image-preview:large","max-video-preview":"max-video-preview:-1"},"canonical":"https:\/\/adria-klik.com\/proizvod\/kinder-chocolate-8kom-100g-adria-klik-klikni-za-pravu-stvar-ekpress-dostava-proizvoda-do-vasih-vrata-besplatna-i-brza-dostava-zagreb\/","og_locale":"en_US","og_type":"article","og_title":"Kinder Chocolate 8kom 100g. Adria Klik! Klikni za pravu stvar! Ekpress dostava proizvoda do Va\u0161ih vrata! Besplatna i Brza dostava Zagreb","og_description":"Kinder Chocolate 8kom 100g. Adria Klik! Klikni za pravu stvar! Ekpress dostava proizvoda do Va\u0161ih vrata! Besplatna i Brza dostava Zagreb","og_url":"https:\/\/adria-klik.com\/proizvod\/kinder-chocolate-8kom-100g-adria-klik-klikni-za-pravu-stvar-ekpress-dostava-proizvoda-do-vasih-vrata-besplatna-i-brza-dostava-zagreb\/","og_site_name":"Adria-Klik.com","article_publisher":"https:\/\/www.facebook.com\/profile.php?id=100064209425136","article_modified_time":"2023-04-25T20:41:02+00:00","og_image":[{"width":1500,"height":1500,"url":"https:\/\/adria-klik.com\/wp-content\/uploads\/2021\/03\/kinder_chocolate-T8_8_x_100g_Adria-Klik_Supply_Croatia_webshop-premium-delivery.jpg","type":"image\/jpeg"}],"twitter_card":"summary_large_image","twitter_title":"Kinder Chocolate 8kom 100g. Adria Klik! Klikni za pravu stvar! Ekpress dostava proizvoda do Va\u0161ih vrata! Besplatna i Brza dostava Zagreb","twitter_description":"Kinder Chocolate 8kom 100g. Adria Klik! Klikni za pravu stvar! Ekpress dostava proizvoda do Va\u0161ih vrata! Besplatna i Brza dostava Zagreb","twitter_image":"https:\/\/adria-klik.com\/wp-content\/uploads\/2021\/03\/kinder_chocolate-T8_8_x_100g_Adria-Klik_Supply_Croatia_webshop-premium-delivery.jpg","twitter_misc":{"Est. reading time":"1 minute"},"schema":{"@context":"https:\/\/schema.org","@graph":[{"@type":"WebPage","@id":"https:\/\/adria-klik.com\/proizvod\/kinder-chocolate-8kom-100g-adria-klik-klikni-za-pravu-stvar-ekpress-dostava-proizvoda-do-vasih-vrata-besplatna-i-brza-dostava-zagreb\/","url":"https:\/\/adria-klik.com\/proizvod\/kinder-chocolate-8kom-100g-adria-klik-klikni-za-pravu-stvar-ekpress-dostava-proizvoda-do-vasih-vrata-besplatna-i-brza-dostava-zagreb\/","name":"Kinder Chocolate 8kom 100g. Ferrero - Adria-Klik.com","isPartOf":{"@id":"https:\/\/adria-klik.com\/#website"},"primaryImageOfPage":{"@id":"https:\/\/adria-klik.com\/proizvod\/kinder-chocolate-8kom-100g-adria-klik-klikni-za-pravu-stvar-ekpress-dostava-proizvoda-do-vasih-vrata-besplatna-i-brza-dostava-zagreb\/#primaryimage"},"image":{"@id":"https:\/\/adria-klik.com\/proizvod\/kinder-chocolate-8kom-100g-adria-klik-klikni-za-pravu-stvar-ekpress-dostava-proizvoda-do-vasih-vrata-besplatna-i-brza-dostava-zagreb\/#primaryimage"},"thumbnailUrl":"https:\/\/adria-klik.com\/wp-content\/uploads\/2021\/03\/kinder_chocolate-T8_8_x_100g_Adria-Klik_Supply_Croatia_webshop-premium-delivery.jpg","datePublished":"2021-03-11T12:23:48+00:00","dateModified":"2023-04-25T20:41:02+00:00","description":"Kinder Chocolate 8kom 100g. Adria Klik! Klikni za pravu stvar! Ekpress dostava proizvoda do Va\u0161ih vrata! Besplatna i Brza dostava Zagreb","breadcrumb":{"@id":"https:\/\/adria-klik.com\/proizvod\/kinder-chocolate-8kom-100g-adria-klik-klikni-za-pravu-stvar-ekpress-dostava-proizvoda-do-vasih-vrata-besplatna-i-brza-dostava-zagreb\/#breadcrumb"},"inLanguage":"en-US","potentialAction":[{"@type":"ReadAction","target":["https:\/\/adria-klik.com\/proizvod\/kinder-chocolate-8kom-100g-adria-klik-klikni-za-pravu-stvar-ekpress-dostava-proizvoda-do-vasih-vrata-besplatna-i-brza-dostava-zagreb\/"]}]},{"@type":"ImageObject","inLanguage":"en-US","@id":"https:\/\/adria-klik.com\/proizvod\/kinder-chocolate-8kom-100g-adria-klik-klikni-za-pravu-stvar-ekpress-dostava-proizvoda-do-vasih-vrata-besplatna-i-brza-dostava-zagreb\/#primaryimage","url":"https:\/\/adria-klik.com\/wp-content\/uploads\/2021\/03\/kinder_chocolate-T8_8_x_100g_Adria-Klik_Supply_Croatia_webshop-premium-delivery.jpg","contentUrl":"https:\/\/adria-klik.com\/wp-content\/uploads\/2021\/03\/kinder_chocolate-T8_8_x_100g_Adria-Klik_Supply_Croatia_webshop-premium-delivery.jpg","width":1500,"height":1500,"caption":"Adria Klik Najbr\u017ea dostava Namirnica, Vina, Craft piva, Delicija, Organsko, Eko, Bio, ekskluzivan izbor doma\u0107ih vinara! Kinder Chocolate 8kom 100g."},{"@type":"BreadcrumbList","@id":"https:\/\/adria-klik.com\/proizvod\/kinder-chocolate-8kom-100g-adria-klik-klikni-za-pravu-stvar-ekpress-dostava-proizvoda-do-vasih-vrata-besplatna-i-brza-dostava-zagreb\/#breadcrumb","itemListElement":[{"@type":"ListItem","position":1,"name":"Po\u010detna stranica","item":"https:\/\/adria-klik.com\/en\/"},{"@type":"ListItem","position":2,"name":"Shop","item":"https:\/\/adria-klik.com\/shop\/"},{"@type":"ListItem","position":3,"name":"Kinder Chocolate 8kom 100g. Ferrero"}]},{"@type":"WebSite","@id":"https:\/\/adria-klik.com\/#website","url":"https:\/\/adria-klik.com\/","name":"Adria-Klik.com","description":"Unikatni poklon paketi, Vina, Craft pivo &amp; Delicije - webshop","publisher":{"@id":"https:\/\/adria-klik.com\/#organization"},"potentialAction":[{"@type":"SearchAction","target":{"@type":"EntryPoint","urlTemplate":"https:\/\/adria-klik.com\/?s={search_term_string}"},"query-input":{"@type":"PropertyValueSpecification","valueRequired":true,"valueName":"search_term_string"}}],"inLanguage":"en-US"},{"@type":"Organization","@id":"https:\/\/adria-klik.com\/#organization","name":"Adria-Klik.com","alternateName":"AK","url":"https:\/\/adria-klik.com\/","logo":{"@type":"ImageObject","inLanguage":"en-US","@id":"https:\/\/adria-klik.com\/#\/schema\/logo\/image\/","url":"https:\/\/adria-klik.com\/wp-content\/uploads\/2025\/12\/Adria-Klik_com-logo-namirnice-vina-craft-pivo-delikatese-delicije-artisan-cokolada.jpg","contentUrl":"https:\/\/adria-klik.com\/wp-content\/uploads\/2025\/12\/Adria-Klik_com-logo-namirnice-vina-craft-pivo-delikatese-delicije-artisan-cokolada.jpg","width":500,"height":500,"caption":"Adria-Klik.com"},"image":{"@id":"https:\/\/adria-klik.com\/#\/schema\/logo\/image\/"},"sameAs":["https:\/\/www.facebook.com\/profile.php?id=100064209425136","https:\/\/www.instagram.com\/adriaklik\/","https:\/\/www.youtube.com\/user\/PlavacmaliZagreb"]}]}},"jetpack_sharing_enabled":true,"jetpack-related-posts":[],"_links":{"self":[{"href":"https:\/\/adria-klik.com\/en\/wp-json\/wp\/v2\/product\/15092","targetHints":{"allow":["GET"]}}],"collection":[{"href":"https:\/\/adria-klik.com\/en\/wp-json\/wp\/v2\/product"}],"about":[{"href":"https:\/\/adria-klik.com\/en\/wp-json\/wp\/v2\/types\/product"}],"replies":[{"embeddable":true,"href":"https:\/\/adria-klik.com\/en\/wp-json\/wp\/v2\/comments?post=15092"}],"wp:featuredmedia":[{"embeddable":true,"href":"https:\/\/adria-klik.com\/en\/wp-json\/wp\/v2\/media\/15093"}],"wp:attachment":[{"href":"https:\/\/adria-klik.com\/en\/wp-json\/wp\/v2\/media?parent=15092"}],"wp:term":[{"taxonomy":"product_brand","embeddable":true,"href":"https:\/\/adria-klik.com\/en\/wp-json\/wp\/v2\/product_brand?post=15092"},{"taxonomy":"product_cat","embeddable":true,"href":"https:\/\/adria-klik.com\/en\/wp-json\/wp\/v2\/product_cat?post=15092"},{"taxonomy":"product_tag","embeddable":true,"href":"https:\/\/adria-klik.com\/en\/wp-json\/wp\/v2\/product_tag?post=15092"},{"taxonomy":"berocket_brand","embeddable":true,"href":"https:\/\/adria-klik.com\/en\/wp-json\/wp\/v2\/berocket_brand?post=15092"}],"curies":[{"name":"wp","href":"https:\/\/api.w.org\/{rel}","templated":true}]}}