{"id":15299,"date":"2021-04-04T02:03:48","date_gmt":"2021-04-04T00:03:48","guid":{"rendered":"https:\/\/adria.riot.hr\/?post_type=product&#038;p=15299"},"modified":"2021-04-04T02:25:20","modified_gmt":"2021-04-04T00:25:20","slug":"coca-cola-033l-330ml-can-51-gratis-original-taste-coca-cola-superfast-delivery-zagreb-croatia-gift-boxes-groceries-wine-gourmet-order","status":"publish","type":"product","link":"https:\/\/adria-klik.com\/en\/proizvod\/coca-cola-033l-330ml-can-51-gratis-original-taste-coca-cola-superfast-delivery-zagreb-croatia-gift-boxes-groceries-wine-gourmet-order\/","title":{"rendered":"Coca-Cola 330ml 5+1 Gratis Can ORIGINAL TASTE"},"content":{"rendered":"<p>Coca-Cola 0,33l 330ml Can 5+1 Gratis<\/p>\n<p>ORIGINAL TASTE Coca-Cola<\/p>\n<p>Superfast Delivery Zagreb Croatia<\/p>\n<p>&nbsp;<\/p>\n","protected":false},"excerpt":{"rendered":"<ul>\n<li>Coca-Cola 0,33l 330ml Can 5+1 Gratis<\/li>\n<li>ORIGINAL TASTE Coca-Cola<\/li>\n<li>Superfast Delivery Zagreb Croatia<\/li>\n<\/ul>\n<p>&nbsp;<\/p>\n","protected":false},"featured_media":16706,"comment_status":"open","ping_status":"closed","template":"","meta":{"_acf_changed":false},"product_brand":[],"product_cat":[379,416],"product_tag":[],"berocket_brand":[1136],"class_list":{"0":"post-15299","1":"product","2":"type-product","3":"status-publish","4":"has-post-thumbnail","6":"product_cat-beverages","7":"product_cat-juices","8":"berocket_brand-coca-cola-3","10":"first","11":"instock","12":"featured","13":"shipping-taxable","14":"purchasable","15":"product-type-simple"},"acf":[],"yoast_head":"<!-- This site is optimized with the Yoast SEO plugin v26.9 - https:\/\/yoast.com\/product\/yoast-seo-wordpress\/ -->\n<title>Coca-Cola 330ml 5+1 Gratis Can ORIGINAL TASTE - Adria-Klik.com<\/title>\n<meta name=\"description\" content=\"Coca-Cola 0,33l 330ml Can 5+1 Gratis ORIGINAL TASTE Coca-Cola Superfast Delivery Zagreb Croatia. Gift boxes, groceries, wine, gourmet. Order\" \/>\n<meta name=\"robots\" content=\"index, follow, max-snippet:-1, max-image-preview:large, max-video-preview:-1\" \/>\n<link rel=\"canonical\" href=\"https:\/\/adria-klik.com\/proizvod\/coca-cola-033l-330ml-gratis-limenka-supebrza-dostava\/\" \/>\n<meta property=\"og:locale\" content=\"en_US\" \/>\n<meta property=\"og:type\" content=\"article\" \/>\n<meta property=\"og:title\" content=\"Coca-Cola 0,33l 330ml Can 5+1 Gratis ORIGINAL TASTE Coca-Cola Superfast Delivery Zagreb Croatia. Gift boxes, groceries, wine, gourmet. Order\" \/>\n<meta property=\"og:description\" content=\"Coca-Cola 0,33l 330ml Can 5+1 Gratis ORIGINAL TASTE Coca-Cola Superfast Delivery Zagreb Croatia. Gift boxes, groceries, wine, gourmet. Order\" \/>\n<meta property=\"og:url\" content=\"https:\/\/adria-klik.com\/proizvod\/coca-cola-033l-330ml-gratis-limenka-supebrza-dostava\/\" \/>\n<meta property=\"og:site_name\" content=\"Adria-Klik.com\" \/>\n<meta property=\"article:publisher\" content=\"https:\/\/www.facebook.com\/profile.php?id=100064209425136\" \/>\n<meta property=\"article:modified_time\" content=\"2021-04-04T00:25:20+00:00\" \/>\n<meta property=\"og:image\" content=\"https:\/\/adria-klik.com\/wp-content\/uploads\/2021\/04\/Coca-Cola-Original-taste-330ml-5plus-1-Gratis-Superbra-Najbrza-Dostava-Adria-Klik_Supply_Kupipovoljno_brza_dostava_hladno_pice_ducan_webshop_Croatia-Adria-Klik-EU-Delivery-USA-DPD-fast.jpg\" \/>\n\t<meta property=\"og:image:width\" content=\"1500\" \/>\n\t<meta property=\"og:image:height\" content=\"1500\" \/>\n\t<meta property=\"og:image:type\" content=\"image\/jpeg\" \/>\n<meta name=\"twitter:card\" content=\"summary_large_image\" \/>\n<meta name=\"twitter:title\" content=\"Coca-Cola 0,33l 330ml Can 5+1 Gratis ORIGINAL TASTE Coca-Cola Superfast Delivery Zagreb Croatia. Gift boxes, groceries, wine, gourmet. Order\" \/>\n<meta name=\"twitter:description\" content=\"Coca-Cola 0,33l 330ml Can 5+1 Gratis ORIGINAL TASTE Coca-Cola Superfast Delivery Zagreb Croatia. Gift boxes, groceries, wine, gourmet. Order\" \/>\n<meta name=\"twitter:image\" content=\"https:\/\/adria-klik.com\/wp-content\/uploads\/2021\/04\/Coca-Cola-Original-taste-330ml-5plus-1-Gratis-Superbra-Najbrza-Dostava-Adria-Klik_Supply_Kupipovoljno_brza_dostava_hladno_pice_ducan_webshop_Croatia-Adria-Klik-EU-Delivery-USA-DPD-fast.jpg\" \/>\n<meta name=\"twitter:label1\" content=\"Est. reading time\" \/>\n\t<meta name=\"twitter:data1\" content=\"1 minute\" \/>\n<script type=\"application\/ld+json\" class=\"yoast-schema-graph\">{\"@context\":\"https:\/\/schema.org\",\"@graph\":[{\"@type\":\"WebPage\",\"@id\":\"https:\/\/adria-klik.com\/proizvod\/coca-cola-033l-330ml-gratis-limenka-supebrza-dostava\/\",\"url\":\"https:\/\/adria-klik.com\/proizvod\/coca-cola-033l-330ml-gratis-limenka-supebrza-dostava\/\",\"name\":\"Coca-Cola 330ml 5+1 Gratis Can ORIGINAL TASTE - Adria-Klik.com\",\"isPartOf\":{\"@id\":\"https:\/\/adria-klik.com\/#website\"},\"primaryImageOfPage\":{\"@id\":\"https:\/\/adria-klik.com\/proizvod\/coca-cola-033l-330ml-gratis-limenka-supebrza-dostava\/#primaryimage\"},\"image\":{\"@id\":\"https:\/\/adria-klik.com\/proizvod\/coca-cola-033l-330ml-gratis-limenka-supebrza-dostava\/#primaryimage\"},\"thumbnailUrl\":\"https:\/\/adria-klik.com\/wp-content\/uploads\/2021\/04\/Coca-Cola-Original-taste-330ml-5plus-1-Gratis-51-Superbra-Najbrza-Dostava-Adria-Klik_Supply_Kupipovoljno_brza_dostava_hladno_pice_ducan_webshop_Croatia-Adria-Klik-EU-Delivery-USA-DPD-fast.jpg\",\"datePublished\":\"2021-04-04T00:03:48+00:00\",\"dateModified\":\"2021-04-04T00:25:20+00:00\",\"description\":\"Coca-Cola 0,33l 330ml Can 5+1 Gratis ORIGINAL TASTE Coca-Cola Superfast Delivery Zagreb Croatia. Gift boxes, groceries, wine, gourmet. Order\",\"breadcrumb\":{\"@id\":\"https:\/\/adria-klik.com\/proizvod\/coca-cola-033l-330ml-gratis-limenka-supebrza-dostava\/#breadcrumb\"},\"inLanguage\":\"en-US\",\"potentialAction\":[{\"@type\":\"ReadAction\",\"target\":[\"https:\/\/adria-klik.com\/proizvod\/coca-cola-033l-330ml-gratis-limenka-supebrza-dostava\/\"]}]},{\"@type\":\"ImageObject\",\"inLanguage\":\"en-US\",\"@id\":\"https:\/\/adria-klik.com\/proizvod\/coca-cola-033l-330ml-gratis-limenka-supebrza-dostava\/#primaryimage\",\"url\":\"https:\/\/adria-klik.com\/wp-content\/uploads\/2021\/04\/Coca-Cola-Original-taste-330ml-5plus-1-Gratis-51-Superbra-Najbrza-Dostava-Adria-Klik_Supply_Kupipovoljno_brza_dostava_hladno_pice_ducan_webshop_Croatia-Adria-Klik-EU-Delivery-USA-DPD-fast.jpg\",\"contentUrl\":\"https:\/\/adria-klik.com\/wp-content\/uploads\/2021\/04\/Coca-Cola-Original-taste-330ml-5plus-1-Gratis-51-Superbra-Najbrza-Dostava-Adria-Klik_Supply_Kupipovoljno_brza_dostava_hladno_pice_ducan_webshop_Croatia-Adria-Klik-EU-Delivery-USA-DPD-fast.jpg\",\"width\":1500,\"height\":1500,\"caption\":\"Naru\u010di dostavu Coca Cole - Coca-Cola 0,33l 330ml Limenka 5+1 Gratis ORIGINAL TASTE Coca-Cola za Hrvatsko tr\u017ei\u0161te! Superbrza Dostava Superbrza Dostava do vrata\"},{\"@type\":\"BreadcrumbList\",\"@id\":\"https:\/\/adria-klik.com\/proizvod\/coca-cola-033l-330ml-gratis-limenka-supebrza-dostava\/#breadcrumb\",\"itemListElement\":[{\"@type\":\"ListItem\",\"position\":1,\"name\":\"Po\u010detna stranica\",\"item\":\"https:\/\/adria-klik.com\/en\/\"},{\"@type\":\"ListItem\",\"position\":2,\"name\":\"Shop\",\"item\":\"https:\/\/adria-klik.com\/shop\/\"},{\"@type\":\"ListItem\",\"position\":3,\"name\":\"Coca-Cola 330ml 5+1 Gratis Can ORIGINAL TASTE\"}]},{\"@type\":\"WebSite\",\"@id\":\"https:\/\/adria-klik.com\/#website\",\"url\":\"https:\/\/adria-klik.com\/\",\"name\":\"Adria-Klik.com\",\"description\":\"Unikatni poklon paketi, Vina, Craft pivo &amp; Delicije - webshop\",\"publisher\":{\"@id\":\"https:\/\/adria-klik.com\/#organization\"},\"potentialAction\":[{\"@type\":\"SearchAction\",\"target\":{\"@type\":\"EntryPoint\",\"urlTemplate\":\"https:\/\/adria-klik.com\/?s={search_term_string}\"},\"query-input\":{\"@type\":\"PropertyValueSpecification\",\"valueRequired\":true,\"valueName\":\"search_term_string\"}}],\"inLanguage\":\"en-US\"},{\"@type\":\"Organization\",\"@id\":\"https:\/\/adria-klik.com\/#organization\",\"name\":\"Adria-Klik.com\",\"alternateName\":\"AK\",\"url\":\"https:\/\/adria-klik.com\/\",\"logo\":{\"@type\":\"ImageObject\",\"inLanguage\":\"en-US\",\"@id\":\"https:\/\/adria-klik.com\/#\/schema\/logo\/image\/\",\"url\":\"https:\/\/adria-klik.com\/wp-content\/uploads\/2025\/12\/Adria-Klik_com-logo-namirnice-vina-craft-pivo-delikatese-delicije-artisan-cokolada.jpg\",\"contentUrl\":\"https:\/\/adria-klik.com\/wp-content\/uploads\/2025\/12\/Adria-Klik_com-logo-namirnice-vina-craft-pivo-delikatese-delicije-artisan-cokolada.jpg\",\"width\":500,\"height\":500,\"caption\":\"Adria-Klik.com\"},\"image\":{\"@id\":\"https:\/\/adria-klik.com\/#\/schema\/logo\/image\/\"},\"sameAs\":[\"https:\/\/www.facebook.com\/profile.php?id=100064209425136\",\"https:\/\/www.instagram.com\/adriaklik\/\",\"https:\/\/www.youtube.com\/user\/PlavacmaliZagreb\"]}]}<\/script>\n<!-- \/ Yoast SEO plugin. -->","yoast_head_json":{"title":"Coca-Cola 330ml 5+1 Gratis Can ORIGINAL TASTE - Adria-Klik.com","description":"Coca-Cola 0,33l 330ml Can 5+1 Gratis ORIGINAL TASTE Coca-Cola Superfast Delivery Zagreb Croatia. Gift boxes, groceries, wine, gourmet. Order","robots":{"index":"index","follow":"follow","max-snippet":"max-snippet:-1","max-image-preview":"max-image-preview:large","max-video-preview":"max-video-preview:-1"},"canonical":"https:\/\/adria-klik.com\/proizvod\/coca-cola-033l-330ml-gratis-limenka-supebrza-dostava\/","og_locale":"en_US","og_type":"article","og_title":"Coca-Cola 0,33l 330ml Can 5+1 Gratis ORIGINAL TASTE Coca-Cola Superfast Delivery Zagreb Croatia. Gift boxes, groceries, wine, gourmet. Order","og_description":"Coca-Cola 0,33l 330ml Can 5+1 Gratis ORIGINAL TASTE Coca-Cola Superfast Delivery Zagreb Croatia. Gift boxes, groceries, wine, gourmet. Order","og_url":"https:\/\/adria-klik.com\/proizvod\/coca-cola-033l-330ml-gratis-limenka-supebrza-dostava\/","og_site_name":"Adria-Klik.com","article_publisher":"https:\/\/www.facebook.com\/profile.php?id=100064209425136","article_modified_time":"2021-04-04T00:25:20+00:00","og_image":[{"width":1500,"height":1500,"url":"https:\/\/adria-klik.com\/wp-content\/uploads\/2021\/04\/Coca-Cola-Original-taste-330ml-5plus-1-Gratis-Superbra-Najbrza-Dostava-Adria-Klik_Supply_Kupipovoljno_brza_dostava_hladno_pice_ducan_webshop_Croatia-Adria-Klik-EU-Delivery-USA-DPD-fast.jpg","type":"image\/jpeg"}],"twitter_card":"summary_large_image","twitter_title":"Coca-Cola 0,33l 330ml Can 5+1 Gratis ORIGINAL TASTE Coca-Cola Superfast Delivery Zagreb Croatia. Gift boxes, groceries, wine, gourmet. Order","twitter_description":"Coca-Cola 0,33l 330ml Can 5+1 Gratis ORIGINAL TASTE Coca-Cola Superfast Delivery Zagreb Croatia. Gift boxes, groceries, wine, gourmet. Order","twitter_image":"https:\/\/adria-klik.com\/wp-content\/uploads\/2021\/04\/Coca-Cola-Original-taste-330ml-5plus-1-Gratis-Superbra-Najbrza-Dostava-Adria-Klik_Supply_Kupipovoljno_brza_dostava_hladno_pice_ducan_webshop_Croatia-Adria-Klik-EU-Delivery-USA-DPD-fast.jpg","twitter_misc":{"Est. reading time":"1 minute"},"schema":{"@context":"https:\/\/schema.org","@graph":[{"@type":"WebPage","@id":"https:\/\/adria-klik.com\/proizvod\/coca-cola-033l-330ml-gratis-limenka-supebrza-dostava\/","url":"https:\/\/adria-klik.com\/proizvod\/coca-cola-033l-330ml-gratis-limenka-supebrza-dostava\/","name":"Coca-Cola 330ml 5+1 Gratis Can ORIGINAL TASTE - Adria-Klik.com","isPartOf":{"@id":"https:\/\/adria-klik.com\/#website"},"primaryImageOfPage":{"@id":"https:\/\/adria-klik.com\/proizvod\/coca-cola-033l-330ml-gratis-limenka-supebrza-dostava\/#primaryimage"},"image":{"@id":"https:\/\/adria-klik.com\/proizvod\/coca-cola-033l-330ml-gratis-limenka-supebrza-dostava\/#primaryimage"},"thumbnailUrl":"https:\/\/adria-klik.com\/wp-content\/uploads\/2021\/04\/Coca-Cola-Original-taste-330ml-5plus-1-Gratis-51-Superbra-Najbrza-Dostava-Adria-Klik_Supply_Kupipovoljno_brza_dostava_hladno_pice_ducan_webshop_Croatia-Adria-Klik-EU-Delivery-USA-DPD-fast.jpg","datePublished":"2021-04-04T00:03:48+00:00","dateModified":"2021-04-04T00:25:20+00:00","description":"Coca-Cola 0,33l 330ml Can 5+1 Gratis ORIGINAL TASTE Coca-Cola Superfast Delivery Zagreb Croatia. Gift boxes, groceries, wine, gourmet. Order","breadcrumb":{"@id":"https:\/\/adria-klik.com\/proizvod\/coca-cola-033l-330ml-gratis-limenka-supebrza-dostava\/#breadcrumb"},"inLanguage":"en-US","potentialAction":[{"@type":"ReadAction","target":["https:\/\/adria-klik.com\/proizvod\/coca-cola-033l-330ml-gratis-limenka-supebrza-dostava\/"]}]},{"@type":"ImageObject","inLanguage":"en-US","@id":"https:\/\/adria-klik.com\/proizvod\/coca-cola-033l-330ml-gratis-limenka-supebrza-dostava\/#primaryimage","url":"https:\/\/adria-klik.com\/wp-content\/uploads\/2021\/04\/Coca-Cola-Original-taste-330ml-5plus-1-Gratis-51-Superbra-Najbrza-Dostava-Adria-Klik_Supply_Kupipovoljno_brza_dostava_hladno_pice_ducan_webshop_Croatia-Adria-Klik-EU-Delivery-USA-DPD-fast.jpg","contentUrl":"https:\/\/adria-klik.com\/wp-content\/uploads\/2021\/04\/Coca-Cola-Original-taste-330ml-5plus-1-Gratis-51-Superbra-Najbrza-Dostava-Adria-Klik_Supply_Kupipovoljno_brza_dostava_hladno_pice_ducan_webshop_Croatia-Adria-Klik-EU-Delivery-USA-DPD-fast.jpg","width":1500,"height":1500,"caption":"Naru\u010di dostavu Coca Cole - Coca-Cola 0,33l 330ml Limenka 5+1 Gratis ORIGINAL TASTE Coca-Cola za Hrvatsko tr\u017ei\u0161te! Superbrza Dostava Superbrza Dostava do vrata"},{"@type":"BreadcrumbList","@id":"https:\/\/adria-klik.com\/proizvod\/coca-cola-033l-330ml-gratis-limenka-supebrza-dostava\/#breadcrumb","itemListElement":[{"@type":"ListItem","position":1,"name":"Po\u010detna stranica","item":"https:\/\/adria-klik.com\/en\/"},{"@type":"ListItem","position":2,"name":"Shop","item":"https:\/\/adria-klik.com\/shop\/"},{"@type":"ListItem","position":3,"name":"Coca-Cola 330ml 5+1 Gratis Can ORIGINAL TASTE"}]},{"@type":"WebSite","@id":"https:\/\/adria-klik.com\/#website","url":"https:\/\/adria-klik.com\/","name":"Adria-Klik.com","description":"Unikatni poklon paketi, Vina, Craft pivo &amp; Delicije - webshop","publisher":{"@id":"https:\/\/adria-klik.com\/#organization"},"potentialAction":[{"@type":"SearchAction","target":{"@type":"EntryPoint","urlTemplate":"https:\/\/adria-klik.com\/?s={search_term_string}"},"query-input":{"@type":"PropertyValueSpecification","valueRequired":true,"valueName":"search_term_string"}}],"inLanguage":"en-US"},{"@type":"Organization","@id":"https:\/\/adria-klik.com\/#organization","name":"Adria-Klik.com","alternateName":"AK","url":"https:\/\/adria-klik.com\/","logo":{"@type":"ImageObject","inLanguage":"en-US","@id":"https:\/\/adria-klik.com\/#\/schema\/logo\/image\/","url":"https:\/\/adria-klik.com\/wp-content\/uploads\/2025\/12\/Adria-Klik_com-logo-namirnice-vina-craft-pivo-delikatese-delicije-artisan-cokolada.jpg","contentUrl":"https:\/\/adria-klik.com\/wp-content\/uploads\/2025\/12\/Adria-Klik_com-logo-namirnice-vina-craft-pivo-delikatese-delicije-artisan-cokolada.jpg","width":500,"height":500,"caption":"Adria-Klik.com"},"image":{"@id":"https:\/\/adria-klik.com\/#\/schema\/logo\/image\/"},"sameAs":["https:\/\/www.facebook.com\/profile.php?id=100064209425136","https:\/\/www.instagram.com\/adriaklik\/","https:\/\/www.youtube.com\/user\/PlavacmaliZagreb"]}]}},"jetpack_sharing_enabled":true,"jetpack-related-posts":[],"_links":{"self":[{"href":"https:\/\/adria-klik.com\/en\/wp-json\/wp\/v2\/product\/15299","targetHints":{"allow":["GET"]}}],"collection":[{"href":"https:\/\/adria-klik.com\/en\/wp-json\/wp\/v2\/product"}],"about":[{"href":"https:\/\/adria-klik.com\/en\/wp-json\/wp\/v2\/types\/product"}],"replies":[{"embeddable":true,"href":"https:\/\/adria-klik.com\/en\/wp-json\/wp\/v2\/comments?post=15299"}],"wp:featuredmedia":[{"embeddable":true,"href":"https:\/\/adria-klik.com\/en\/wp-json\/wp\/v2\/media\/16706"}],"wp:attachment":[{"href":"https:\/\/adria-klik.com\/en\/wp-json\/wp\/v2\/media?parent=15299"}],"wp:term":[{"taxonomy":"product_brand","embeddable":true,"href":"https:\/\/adria-klik.com\/en\/wp-json\/wp\/v2\/product_brand?post=15299"},{"taxonomy":"product_cat","embeddable":true,"href":"https:\/\/adria-klik.com\/en\/wp-json\/wp\/v2\/product_cat?post=15299"},{"taxonomy":"product_tag","embeddable":true,"href":"https:\/\/adria-klik.com\/en\/wp-json\/wp\/v2\/product_tag?post=15299"},{"taxonomy":"berocket_brand","embeddable":true,"href":"https:\/\/adria-klik.com\/en\/wp-json\/wp\/v2\/berocket_brand?post=15299"}],"curies":[{"name":"wp","href":"https:\/\/api.w.org\/{rel}","templated":true}]}}