{"id":15351,"date":"2021-04-11T00:05:46","date_gmt":"2021-04-10T22:05:46","guid":{"rendered":"https:\/\/adria.riot.hr\/?post_type=product&#038;p=15351"},"modified":"2021-04-11T00:24:34","modified_gmt":"2021-04-10T22:24:34","slug":"dakovo-grasevina-075l-x2-jamnica-15l-promotion-special-price-order-now-superfast-secure-croatian-wines-delivery","status":"publish","type":"product","link":"https:\/\/adria-klik.com\/en\/proizvod\/dakovo-grasevina-075l-x2-jamnica-15l-promotion-special-price-order-now-superfast-secure-croatian-wines-delivery\/","title":{"rendered":"\u0110akovo Gra\u0161evina 0,75l X2 + Jamnica 1,5l Promo!"},"content":{"rendered":"<div class=\"MenuItem__content___BHqdW\" data-test-id=\"MenuItemContent\">\n<p class=\"MenuItem__name___2bEqM\">\u0110akovo Gra\u0161evina 0,75l X2 + Jamnica 1,5l Promotion Special price!<\/p>\n<p><span class=\"VIiyi\" lang=\"en\"><span class=\"JLqJ4b ChMk0b\" data-language-for-alternatives=\"en\" data-language-to-translate-into=\"hr\" data-phrase-index=\"0\">Tasting notes:<\/span> <span class=\"JLqJ4b ChMk0b\" data-language-for-alternatives=\"en\" data-language-to-translate-into=\"hr\" data-phrase-index=\"2\">Wine of golden-yellow color, harmonious and drinkable taste, moderate acidity, clean, fine and delicate aroma of fresh apple, citrus notes and grape peach.<\/span> <\/span><\/div>\n<div data-test-id=\"MenuItemContent\"><\/div>\n<div class=\"MenuItem__content___BHqdW\" data-test-id=\"MenuItemContent\"><span class=\"VIiyi\" lang=\"en\"><span class=\"JLqJ4b ChMk0b\" data-language-for-alternatives=\"en\" data-language-to-translate-into=\"hr\" data-phrase-index=\"4\">Enjoy with:<\/span> <span class=\"JLqJ4b ChMk0b\" data-language-for-alternatives=\"en\" data-language-to-translate-into=\"hr\" data-phrase-index=\"6\">We suggest serving at 10-12\u02d9C with river or fried sea fish, pasta with white sauces, chicken or turkey.<\/span><\/span><\/div>\n","protected":false},"excerpt":{"rendered":"<ul>\n<li>\u0110akovo Gra\u0161evina 0,75l X2 + Jamnica 1,5l Promotion Special price!<\/li>\n<li>Order Now<\/li>\n<li>Superfast &amp; Secure Croatian Wines Delivery<\/li>\n<\/ul>\n","protected":false},"featured_media":15348,"comment_status":"open","ping_status":"closed","template":"","meta":{"_acf_changed":false},"product_brand":[],"product_cat":[386,1381,1176,1382,1162,1380,1379,1160,384,426,382,1378],"product_tag":[1288,478],"berocket_brand":[793,474],"class_list":{"0":"post-15351","1":"product","2":"type-product","3":"status-publish","4":"has-post-thumbnail","6":"product_cat-adria-package","7":"product_cat-dostava-en","8":"product_cat-europa","9":"product_cat-europa-en","10":"product_cat-happy-packs-promo","11":"product_cat-hrvatska-en","12":"product_cat-okusi-adriu","13":"product_cat-our-recommendation","14":"product_cat-promotions","15":"product_cat-white","16":"product_cat-wine","17":"product_cat-zagreb-en","18":"product_tag-dakovo-grasevina-en","19":"product_tag-kutjevo-en","20":"berocket_brand-dakovacka-vina","21":"berocket_brand-kutjevo","23":"first","24":"instock","25":"featured","26":"shipping-taxable","27":"purchasable","28":"product-type-simple"},"acf":[],"yoast_head":"<!-- This site is optimized with the Yoast SEO plugin v26.9 - https:\/\/yoast.com\/product\/yoast-seo-wordpress\/ -->\n<title>\u0110akovo Gra\u0161evina 0,75l X2 + Jamnica 1,5l Promo! - Adria-Klik.com<\/title>\n<meta name=\"description\" content=\"Kutjevo \u0110akovo Gra\u0161evina 0,75l X2 + Jamnica 1,5l Promotion Special price! Order Now Superfast &amp; Secure Croatian Wines Delivery\" \/>\n<meta name=\"robots\" content=\"index, follow, max-snippet:-1, max-image-preview:large, max-video-preview:-1\" \/>\n<link rel=\"canonical\" href=\"https:\/\/adria-klik.com\/proizvod\/dakovo-grasevina-jamnica-gemist-mix\/\" \/>\n<meta property=\"og:locale\" content=\"en_US\" \/>\n<meta property=\"og:type\" content=\"article\" \/>\n<meta property=\"og:title\" content=\"\u0110akovo Gra\u0161evina 0,75l X2 + Jamnica 1,5l Promotion Special price!Order NowSuperfast &amp; Secure Croatian Wines Delivery\" \/>\n<meta property=\"og:description\" content=\"\u0110akovo Gra\u0161evina 0,75l X2 + Jamnica 1,5l Promotion Special price!Order NowSuperfast &amp; Secure Croatian Wines Delivery\" \/>\n<meta property=\"og:url\" content=\"https:\/\/adria-klik.com\/proizvod\/dakovo-grasevina-jamnica-gemist-mix\/\" \/>\n<meta property=\"og:site_name\" content=\"Adria-Klik.com\" \/>\n<meta property=\"article:publisher\" content=\"https:\/\/www.facebook.com\/profile.php?id=100064209425136\" \/>\n<meta property=\"article:modified_time\" content=\"2021-04-10T22:24:34+00:00\" \/>\n<meta property=\"og:image\" content=\"https:\/\/adria-klik.com\/wp-content\/uploads\/2021\/04\/dakovo-grasevina-075l_Adria-Klik-jamnica-mineralna-voda-15l-Supply_Kupipovoljno_brza_dostava_hladno_pice_ducan_webshop_Croatia-wolt-glovo-bolt-food-pauza.jpg\" \/>\n\t<meta property=\"og:image:width\" content=\"1500\" \/>\n\t<meta property=\"og:image:height\" content=\"1500\" \/>\n\t<meta property=\"og:image:type\" content=\"image\/jpeg\" \/>\n<meta name=\"twitter:card\" content=\"summary_large_image\" \/>\n<meta name=\"twitter:title\" content=\"\u0110akovo Gra\u0161evina 0,75l X2 + Jamnica 1,5l Promotion Special price!Order NowSuperfast &amp; Secure Croatian Wines Delivery\" \/>\n<meta name=\"twitter:description\" content=\"\u0110akovo Gra\u0161evina 0,75l X2 + Jamnica 1,5l Promotion Special price!Order NowSuperfast &amp; Secure Croatian Wines Delivery\" \/>\n<meta name=\"twitter:image\" content=\"https:\/\/adria-klik.com\/wp-content\/uploads\/2021\/04\/dakovo-grasevina-075l_Adria-Klik-jamnica-mineralna-voda-15l-Supply_Kupipovoljno_brza_dostava_hladno_pice_ducan_webshop_Croatia-wolt-glovo-bolt-food-pauza.jpg\" \/>\n<meta name=\"twitter:label1\" content=\"Est. reading time\" \/>\n\t<meta name=\"twitter:data1\" content=\"1 minute\" \/>\n<script type=\"application\/ld+json\" class=\"yoast-schema-graph\">{\"@context\":\"https:\/\/schema.org\",\"@graph\":[{\"@type\":\"WebPage\",\"@id\":\"https:\/\/adria-klik.com\/proizvod\/dakovo-grasevina-jamnica-gemist-mix\/\",\"url\":\"https:\/\/adria-klik.com\/proizvod\/dakovo-grasevina-jamnica-gemist-mix\/\",\"name\":\"\u0110akovo Gra\u0161evina 0,75l X2 + Jamnica 1,5l Promo! - Adria-Klik.com\",\"isPartOf\":{\"@id\":\"https:\/\/adria-klik.com\/#website\"},\"primaryImageOfPage\":{\"@id\":\"https:\/\/adria-klik.com\/proizvod\/dakovo-grasevina-jamnica-gemist-mix\/#primaryimage\"},\"image\":{\"@id\":\"https:\/\/adria-klik.com\/proizvod\/dakovo-grasevina-jamnica-gemist-mix\/#primaryimage\"},\"thumbnailUrl\":\"https:\/\/adria-klik.com\/wp-content\/uploads\/2021\/04\/dakovo-grasevina-075l_Adria-Klik-jamnica-mineralna-voda-15l-Supply_Kupipovoljno_brza_dostava_hladno_pice_ducan_webshop_Croatia-wolt-glovo-bolt-food-pauza.jpg\",\"datePublished\":\"2021-04-10T22:05:46+00:00\",\"dateModified\":\"2021-04-10T22:24:34+00:00\",\"description\":\"Kutjevo \u0110akovo Gra\u0161evina 0,75l X2 + Jamnica 1,5l Promotion Special price! Order Now Superfast & Secure Croatian Wines Delivery\",\"breadcrumb\":{\"@id\":\"https:\/\/adria-klik.com\/proizvod\/dakovo-grasevina-jamnica-gemist-mix\/#breadcrumb\"},\"inLanguage\":\"en-US\",\"potentialAction\":[{\"@type\":\"ReadAction\",\"target\":[\"https:\/\/adria-klik.com\/proizvod\/dakovo-grasevina-jamnica-gemist-mix\/\"]}]},{\"@type\":\"ImageObject\",\"inLanguage\":\"en-US\",\"@id\":\"https:\/\/adria-klik.com\/proizvod\/dakovo-grasevina-jamnica-gemist-mix\/#primaryimage\",\"url\":\"https:\/\/adria-klik.com\/wp-content\/uploads\/2021\/04\/dakovo-grasevina-075l_Adria-Klik-jamnica-mineralna-voda-15l-Supply_Kupipovoljno_brza_dostava_hladno_pice_ducan_webshop_Croatia-wolt-glovo-bolt-food-pauza.jpg\",\"contentUrl\":\"https:\/\/adria-klik.com\/wp-content\/uploads\/2021\/04\/dakovo-grasevina-075l_Adria-Klik-jamnica-mineralna-voda-15l-Supply_Kupipovoljno_brza_dostava_hladno_pice_ducan_webshop_Croatia-wolt-glovo-bolt-food-pauza.jpg\",\"width\":1500,\"height\":1500,\"caption\":\"\u0110akovo Gra\u0161evina 0,75l X2 + Jamnica 1,5l Akcija Adria Klik Najbr\u017ea dostava Namirnica, Vina, Craft piva, Delicije, Poklon paketi, brza dostava\"},{\"@type\":\"BreadcrumbList\",\"@id\":\"https:\/\/adria-klik.com\/proizvod\/dakovo-grasevina-jamnica-gemist-mix\/#breadcrumb\",\"itemListElement\":[{\"@type\":\"ListItem\",\"position\":1,\"name\":\"Po\u010detna stranica\",\"item\":\"https:\/\/adria-klik.com\/en\/\"},{\"@type\":\"ListItem\",\"position\":2,\"name\":\"Shop\",\"item\":\"https:\/\/adria-klik.com\/shop\/\"},{\"@type\":\"ListItem\",\"position\":3,\"name\":\"\u0110akovo Gra\u0161evina 0,75l X2 + Jamnica 1,5l Promo!\"}]},{\"@type\":\"WebSite\",\"@id\":\"https:\/\/adria-klik.com\/#website\",\"url\":\"https:\/\/adria-klik.com\/\",\"name\":\"Adria-Klik.com\",\"description\":\"Unikatni poklon paketi, Vina, Craft pivo &amp; Delicije - webshop\",\"publisher\":{\"@id\":\"https:\/\/adria-klik.com\/#organization\"},\"potentialAction\":[{\"@type\":\"SearchAction\",\"target\":{\"@type\":\"EntryPoint\",\"urlTemplate\":\"https:\/\/adria-klik.com\/?s={search_term_string}\"},\"query-input\":{\"@type\":\"PropertyValueSpecification\",\"valueRequired\":true,\"valueName\":\"search_term_string\"}}],\"inLanguage\":\"en-US\"},{\"@type\":\"Organization\",\"@id\":\"https:\/\/adria-klik.com\/#organization\",\"name\":\"Adria-Klik.com\",\"alternateName\":\"AK\",\"url\":\"https:\/\/adria-klik.com\/\",\"logo\":{\"@type\":\"ImageObject\",\"inLanguage\":\"en-US\",\"@id\":\"https:\/\/adria-klik.com\/#\/schema\/logo\/image\/\",\"url\":\"https:\/\/adria-klik.com\/wp-content\/uploads\/2025\/12\/Adria-Klik_com-logo-namirnice-vina-craft-pivo-delikatese-delicije-artisan-cokolada.jpg\",\"contentUrl\":\"https:\/\/adria-klik.com\/wp-content\/uploads\/2025\/12\/Adria-Klik_com-logo-namirnice-vina-craft-pivo-delikatese-delicije-artisan-cokolada.jpg\",\"width\":500,\"height\":500,\"caption\":\"Adria-Klik.com\"},\"image\":{\"@id\":\"https:\/\/adria-klik.com\/#\/schema\/logo\/image\/\"},\"sameAs\":[\"https:\/\/www.facebook.com\/profile.php?id=100064209425136\",\"https:\/\/www.instagram.com\/adriaklik\/\",\"https:\/\/www.youtube.com\/user\/PlavacmaliZagreb\"]}]}<\/script>\n<!-- \/ Yoast SEO plugin. -->","yoast_head_json":{"title":"\u0110akovo Gra\u0161evina 0,75l X2 + Jamnica 1,5l Promo! - Adria-Klik.com","description":"Kutjevo \u0110akovo Gra\u0161evina 0,75l X2 + Jamnica 1,5l Promotion Special price! Order Now Superfast & Secure Croatian Wines Delivery","robots":{"index":"index","follow":"follow","max-snippet":"max-snippet:-1","max-image-preview":"max-image-preview:large","max-video-preview":"max-video-preview:-1"},"canonical":"https:\/\/adria-klik.com\/proizvod\/dakovo-grasevina-jamnica-gemist-mix\/","og_locale":"en_US","og_type":"article","og_title":"\u0110akovo Gra\u0161evina 0,75l X2 + Jamnica 1,5l Promotion Special price!Order NowSuperfast & Secure Croatian Wines Delivery","og_description":"\u0110akovo Gra\u0161evina 0,75l X2 + Jamnica 1,5l Promotion Special price!Order NowSuperfast & Secure Croatian Wines Delivery","og_url":"https:\/\/adria-klik.com\/proizvod\/dakovo-grasevina-jamnica-gemist-mix\/","og_site_name":"Adria-Klik.com","article_publisher":"https:\/\/www.facebook.com\/profile.php?id=100064209425136","article_modified_time":"2021-04-10T22:24:34+00:00","og_image":[{"width":1500,"height":1500,"url":"https:\/\/adria-klik.com\/wp-content\/uploads\/2021\/04\/dakovo-grasevina-075l_Adria-Klik-jamnica-mineralna-voda-15l-Supply_Kupipovoljno_brza_dostava_hladno_pice_ducan_webshop_Croatia-wolt-glovo-bolt-food-pauza.jpg","type":"image\/jpeg"}],"twitter_card":"summary_large_image","twitter_title":"\u0110akovo Gra\u0161evina 0,75l X2 + Jamnica 1,5l Promotion Special price!Order NowSuperfast & Secure Croatian Wines Delivery","twitter_description":"\u0110akovo Gra\u0161evina 0,75l X2 + Jamnica 1,5l Promotion Special price!Order NowSuperfast & Secure Croatian Wines Delivery","twitter_image":"https:\/\/adria-klik.com\/wp-content\/uploads\/2021\/04\/dakovo-grasevina-075l_Adria-Klik-jamnica-mineralna-voda-15l-Supply_Kupipovoljno_brza_dostava_hladno_pice_ducan_webshop_Croatia-wolt-glovo-bolt-food-pauza.jpg","twitter_misc":{"Est. reading time":"1 minute"},"schema":{"@context":"https:\/\/schema.org","@graph":[{"@type":"WebPage","@id":"https:\/\/adria-klik.com\/proizvod\/dakovo-grasevina-jamnica-gemist-mix\/","url":"https:\/\/adria-klik.com\/proizvod\/dakovo-grasevina-jamnica-gemist-mix\/","name":"\u0110akovo Gra\u0161evina 0,75l X2 + Jamnica 1,5l Promo! - Adria-Klik.com","isPartOf":{"@id":"https:\/\/adria-klik.com\/#website"},"primaryImageOfPage":{"@id":"https:\/\/adria-klik.com\/proizvod\/dakovo-grasevina-jamnica-gemist-mix\/#primaryimage"},"image":{"@id":"https:\/\/adria-klik.com\/proizvod\/dakovo-grasevina-jamnica-gemist-mix\/#primaryimage"},"thumbnailUrl":"https:\/\/adria-klik.com\/wp-content\/uploads\/2021\/04\/dakovo-grasevina-075l_Adria-Klik-jamnica-mineralna-voda-15l-Supply_Kupipovoljno_brza_dostava_hladno_pice_ducan_webshop_Croatia-wolt-glovo-bolt-food-pauza.jpg","datePublished":"2021-04-10T22:05:46+00:00","dateModified":"2021-04-10T22:24:34+00:00","description":"Kutjevo \u0110akovo Gra\u0161evina 0,75l X2 + Jamnica 1,5l Promotion Special price! Order Now Superfast & Secure Croatian Wines Delivery","breadcrumb":{"@id":"https:\/\/adria-klik.com\/proizvod\/dakovo-grasevina-jamnica-gemist-mix\/#breadcrumb"},"inLanguage":"en-US","potentialAction":[{"@type":"ReadAction","target":["https:\/\/adria-klik.com\/proizvod\/dakovo-grasevina-jamnica-gemist-mix\/"]}]},{"@type":"ImageObject","inLanguage":"en-US","@id":"https:\/\/adria-klik.com\/proizvod\/dakovo-grasevina-jamnica-gemist-mix\/#primaryimage","url":"https:\/\/adria-klik.com\/wp-content\/uploads\/2021\/04\/dakovo-grasevina-075l_Adria-Klik-jamnica-mineralna-voda-15l-Supply_Kupipovoljno_brza_dostava_hladno_pice_ducan_webshop_Croatia-wolt-glovo-bolt-food-pauza.jpg","contentUrl":"https:\/\/adria-klik.com\/wp-content\/uploads\/2021\/04\/dakovo-grasevina-075l_Adria-Klik-jamnica-mineralna-voda-15l-Supply_Kupipovoljno_brza_dostava_hladno_pice_ducan_webshop_Croatia-wolt-glovo-bolt-food-pauza.jpg","width":1500,"height":1500,"caption":"\u0110akovo Gra\u0161evina 0,75l X2 + Jamnica 1,5l Akcija Adria Klik Najbr\u017ea dostava Namirnica, Vina, Craft piva, Delicije, Poklon paketi, brza dostava"},{"@type":"BreadcrumbList","@id":"https:\/\/adria-klik.com\/proizvod\/dakovo-grasevina-jamnica-gemist-mix\/#breadcrumb","itemListElement":[{"@type":"ListItem","position":1,"name":"Po\u010detna stranica","item":"https:\/\/adria-klik.com\/en\/"},{"@type":"ListItem","position":2,"name":"Shop","item":"https:\/\/adria-klik.com\/shop\/"},{"@type":"ListItem","position":3,"name":"\u0110akovo Gra\u0161evina 0,75l X2 + Jamnica 1,5l Promo!"}]},{"@type":"WebSite","@id":"https:\/\/adria-klik.com\/#website","url":"https:\/\/adria-klik.com\/","name":"Adria-Klik.com","description":"Unikatni poklon paketi, Vina, Craft pivo &amp; Delicije - webshop","publisher":{"@id":"https:\/\/adria-klik.com\/#organization"},"potentialAction":[{"@type":"SearchAction","target":{"@type":"EntryPoint","urlTemplate":"https:\/\/adria-klik.com\/?s={search_term_string}"},"query-input":{"@type":"PropertyValueSpecification","valueRequired":true,"valueName":"search_term_string"}}],"inLanguage":"en-US"},{"@type":"Organization","@id":"https:\/\/adria-klik.com\/#organization","name":"Adria-Klik.com","alternateName":"AK","url":"https:\/\/adria-klik.com\/","logo":{"@type":"ImageObject","inLanguage":"en-US","@id":"https:\/\/adria-klik.com\/#\/schema\/logo\/image\/","url":"https:\/\/adria-klik.com\/wp-content\/uploads\/2025\/12\/Adria-Klik_com-logo-namirnice-vina-craft-pivo-delikatese-delicije-artisan-cokolada.jpg","contentUrl":"https:\/\/adria-klik.com\/wp-content\/uploads\/2025\/12\/Adria-Klik_com-logo-namirnice-vina-craft-pivo-delikatese-delicije-artisan-cokolada.jpg","width":500,"height":500,"caption":"Adria-Klik.com"},"image":{"@id":"https:\/\/adria-klik.com\/#\/schema\/logo\/image\/"},"sameAs":["https:\/\/www.facebook.com\/profile.php?id=100064209425136","https:\/\/www.instagram.com\/adriaklik\/","https:\/\/www.youtube.com\/user\/PlavacmaliZagreb"]}]}},"jetpack_sharing_enabled":true,"jetpack-related-posts":[],"_links":{"self":[{"href":"https:\/\/adria-klik.com\/en\/wp-json\/wp\/v2\/product\/15351","targetHints":{"allow":["GET"]}}],"collection":[{"href":"https:\/\/adria-klik.com\/en\/wp-json\/wp\/v2\/product"}],"about":[{"href":"https:\/\/adria-klik.com\/en\/wp-json\/wp\/v2\/types\/product"}],"replies":[{"embeddable":true,"href":"https:\/\/adria-klik.com\/en\/wp-json\/wp\/v2\/comments?post=15351"}],"wp:featuredmedia":[{"embeddable":true,"href":"https:\/\/adria-klik.com\/en\/wp-json\/wp\/v2\/media\/15348"}],"wp:attachment":[{"href":"https:\/\/adria-klik.com\/en\/wp-json\/wp\/v2\/media?parent=15351"}],"wp:term":[{"taxonomy":"product_brand","embeddable":true,"href":"https:\/\/adria-klik.com\/en\/wp-json\/wp\/v2\/product_brand?post=15351"},{"taxonomy":"product_cat","embeddable":true,"href":"https:\/\/adria-klik.com\/en\/wp-json\/wp\/v2\/product_cat?post=15351"},{"taxonomy":"product_tag","embeddable":true,"href":"https:\/\/adria-klik.com\/en\/wp-json\/wp\/v2\/product_tag?post=15351"},{"taxonomy":"berocket_brand","embeddable":true,"href":"https:\/\/adria-klik.com\/en\/wp-json\/wp\/v2\/berocket_brand?post=15351"}],"curies":[{"name":"wp","href":"https:\/\/api.w.org\/{rel}","templated":true}]}}