{"id":15421,"date":"2021-04-24T00:44:54","date_gmt":"2021-04-23T22:44:54","guid":{"rendered":"https:\/\/adria.riot.hr\/?post_type=product&#038;p=15421"},"modified":"2024-07-02T19:35:59","modified_gmt":"2024-07-02T17:35:59","slug":"smoky-hellfire-peanuts-ljuti-kikiriki-100-g-volimljuto-hot-5-5-adria-klik-dostava-volimljuto-proizvoda-klikni-i-mi-dostavljamo","status":"publish","type":"product","link":"https:\/\/adria-klik.com\/en\/proizvod\/smoky-hellfire-peanuts-ljuti-kikiriki-100-g-volimljuto-hot-5-5-adria-klik-dostava-volimljuto-proizvoda-klikni-i-mi-dostavljamo\/","title":{"rendered":"Smoky Hellfire Peanuts ljuti kikiriki 100 g Volimljuto Hot 4\/5"},"content":{"rendered":"<p>Ljutina 4 od 5 koja \u0107e kod malo koga biti pogodna za svakodnevno grickanje. Pri konzumaciji se prvo osje\u0107a aroma Fatalii papri\u010dice, nakon toga ju nadja\u010da aroma dima, a na kraju tek s malom zadr\u0161kom dolazi ljutina Trinidad Scorpion papri\u010dice koja se prete\u017eno zadr\u017eava oko grla.<\/p>\n","protected":false},"excerpt":{"rendered":"<p>Ljutina 4 od 5 koja \u0107e kod malo koga biti pogodna za svakodnevno grickanje.<\/p>\n<p>Pri konzumaciji se prvo osje\u0107a aroma Fatalii papri\u010dice, nakon toga ju nadja\u010da aroma dima, a na kraju tek s malom zadr\u0161kom dolazi ljutina Trinidad Scorpion papri\u010dice koja se prete\u017eno zadr\u017eava oko grla.<\/p>\n","protected":false},"featured_media":15422,"comment_status":"open","ping_status":"closed","template":"","meta":{"_acf_changed":false},"product_brand":[],"product_cat":[395,1175,1176,370,1174,1159,560],"product_tag":[1317,1318,1319,1316],"berocket_brand":[1315],"class_list":{"0":"post-15421","1":"product","2":"type-product","3":"status-publish","4":"has-post-thumbnail","6":"product_cat-cips-i-grickalice","7":"product_cat-dostava","8":"product_cat-europa","9":"product_cat-hrana","10":"product_cat-hrvatska","11":"product_cat-nasa-preporuka","12":"product_cat-zagreb","13":"product_tag-hellfire","14":"product_tag-kikiriki","15":"product_tag-smoky","16":"product_tag-volimljuto","17":"berocket_brand-volimljuto","19":"first","20":"instock","21":"featured","22":"shipping-taxable","23":"purchasable","24":"product-type-simple"},"acf":[],"yoast_head":"<!-- This site is optimized with the Yoast SEO plugin v26.9 - https:\/\/yoast.com\/product\/yoast-seo-wordpress\/ -->\n<title>Smoky Hellfire Peanuts ljuti kikiriki 100 g Volimljuto Hot 4\/5 - Adria-Klik.com<\/title>\n<meta name=\"description\" content=\"Smoky Hellfire Peanuts ljuti kikiriki 100 g Volimljuto Hot 5\/5 Adria Klik dostava Volimljuto proizvoda! Klikni i mi dostavljamo\" \/>\n<meta name=\"robots\" content=\"index, follow, max-snippet:-1, max-image-preview:large, max-video-preview:-1\" \/>\n<link rel=\"canonical\" href=\"https:\/\/adria-klik.com\/proizvod\/smoky-hellfire-peanuts-ljuti-kikiriki-100-g-volimljuto-hot-5-5-adria-klik-dostava-volimljuto-proizvoda-klikni-i-mi-dostavljamo\/\" \/>\n<meta property=\"og:locale\" content=\"en_US\" \/>\n<meta property=\"og:type\" content=\"article\" \/>\n<meta property=\"og:title\" content=\"Smoky Hellfire Peanuts ljuti kikiriki 100 g Volimljuto Hot 5\/5 Adria Klik dostava Volimljuto proizvoda! Klikni i mi dostavljamo\" \/>\n<meta property=\"og:description\" content=\"Smoky Hellfire Peanuts ljuti kikiriki 100 g Volimljuto Hot 5\/5 Adria Klik dostava Volimljuto proizvoda! Klikni i mi dostavljamo\" \/>\n<meta property=\"og:url\" content=\"https:\/\/adria-klik.com\/proizvod\/smoky-hellfire-peanuts-ljuti-kikiriki-100-g-volimljuto-hot-5-5-adria-klik-dostava-volimljuto-proizvoda-klikni-i-mi-dostavljamo\/\" \/>\n<meta property=\"og:site_name\" content=\"Adria-Klik.com\" \/>\n<meta property=\"article:publisher\" content=\"https:\/\/www.facebook.com\/profile.php?id=100064209425136\" \/>\n<meta property=\"article:modified_time\" content=\"2024-07-02T17:35:59+00:00\" \/>\n<meta property=\"og:image\" content=\"https:\/\/adria-klik.com\/wp-content\/uploads\/2021\/04\/volimljuto-hell-fore-kiki-riki-peanuts-smoky-adria-klik-brza-dostava-zagreb-internet-ducan-shop-Fastest-delivery-in-zagreb-groceries-supermaket-hrvatska.png\" \/>\n\t<meta property=\"og:image:width\" content=\"1500\" \/>\n\t<meta property=\"og:image:height\" content=\"1500\" \/>\n\t<meta property=\"og:image:type\" content=\"image\/png\" \/>\n<meta name=\"twitter:card\" content=\"summary_large_image\" \/>\n<meta name=\"twitter:title\" content=\"Smoky Hellfire Peanuts ljuti kikiriki 100 g Volimljuto Hot 5\/5 Adria Klik dostava Volimljuto proizvoda! Klikni i mi dostavljamo\" \/>\n<meta name=\"twitter:description\" content=\"Smoky Hellfire Peanuts ljuti kikiriki 100 g Volimljuto Hot 5\/5 Adria Klik dostava Volimljuto proizvoda! Klikni i mi dostavljamo\" \/>\n<meta name=\"twitter:image\" content=\"https:\/\/adria-klik.com\/wp-content\/uploads\/2021\/04\/volimljuto-hell-fore-kiki-riki-peanuts-smoky-adria-klik-brza-dostava-zagreb-internet-ducan-shop-Fastest-delivery-in-zagreb-groceries-supermaket-hrvatska.png\" \/>\n<meta name=\"twitter:label1\" content=\"Est. reading time\" \/>\n\t<meta name=\"twitter:data1\" content=\"1 minute\" \/>\n<script type=\"application\/ld+json\" class=\"yoast-schema-graph\">{\"@context\":\"https:\/\/schema.org\",\"@graph\":[{\"@type\":\"WebPage\",\"@id\":\"https:\/\/adria-klik.com\/proizvod\/smoky-hellfire-peanuts-ljuti-kikiriki-100-g-volimljuto-hot-5-5-adria-klik-dostava-volimljuto-proizvoda-klikni-i-mi-dostavljamo\/\",\"url\":\"https:\/\/adria-klik.com\/proizvod\/smoky-hellfire-peanuts-ljuti-kikiriki-100-g-volimljuto-hot-5-5-adria-klik-dostava-volimljuto-proizvoda-klikni-i-mi-dostavljamo\/\",\"name\":\"Smoky Hellfire Peanuts ljuti kikiriki 100 g Volimljuto Hot 4\/5 - Adria-Klik.com\",\"isPartOf\":{\"@id\":\"https:\/\/adria-klik.com\/#website\"},\"primaryImageOfPage\":{\"@id\":\"https:\/\/adria-klik.com\/proizvod\/smoky-hellfire-peanuts-ljuti-kikiriki-100-g-volimljuto-hot-5-5-adria-klik-dostava-volimljuto-proizvoda-klikni-i-mi-dostavljamo\/#primaryimage\"},\"image\":{\"@id\":\"https:\/\/adria-klik.com\/proizvod\/smoky-hellfire-peanuts-ljuti-kikiriki-100-g-volimljuto-hot-5-5-adria-klik-dostava-volimljuto-proizvoda-klikni-i-mi-dostavljamo\/#primaryimage\"},\"thumbnailUrl\":\"https:\/\/adria-klik.com\/wp-content\/uploads\/2021\/04\/volimljuto-hell-fore-kiki-riki-peanuts-smoky-adria-klik-brza-dostava-zagreb-internet-ducan-shop-Fastest-delivery-in-zagreb-groceries-supermaket-hrvatska.png\",\"datePublished\":\"2021-04-23T22:44:54+00:00\",\"dateModified\":\"2024-07-02T17:35:59+00:00\",\"description\":\"Smoky Hellfire Peanuts ljuti kikiriki 100 g Volimljuto Hot 5\/5 Adria Klik dostava Volimljuto proizvoda! Klikni i mi dostavljamo\",\"breadcrumb\":{\"@id\":\"https:\/\/adria-klik.com\/proizvod\/smoky-hellfire-peanuts-ljuti-kikiriki-100-g-volimljuto-hot-5-5-adria-klik-dostava-volimljuto-proizvoda-klikni-i-mi-dostavljamo\/#breadcrumb\"},\"inLanguage\":\"en-US\",\"potentialAction\":[{\"@type\":\"ReadAction\",\"target\":[\"https:\/\/adria-klik.com\/proizvod\/smoky-hellfire-peanuts-ljuti-kikiriki-100-g-volimljuto-hot-5-5-adria-klik-dostava-volimljuto-proizvoda-klikni-i-mi-dostavljamo\/\"]}]},{\"@type\":\"ImageObject\",\"inLanguage\":\"en-US\",\"@id\":\"https:\/\/adria-klik.com\/proizvod\/smoky-hellfire-peanuts-ljuti-kikiriki-100-g-volimljuto-hot-5-5-adria-klik-dostava-volimljuto-proizvoda-klikni-i-mi-dostavljamo\/#primaryimage\",\"url\":\"https:\/\/adria-klik.com\/wp-content\/uploads\/2021\/04\/volimljuto-hell-fore-kiki-riki-peanuts-smoky-adria-klik-brza-dostava-zagreb-internet-ducan-shop-Fastest-delivery-in-zagreb-groceries-supermaket-hrvatska.png\",\"contentUrl\":\"https:\/\/adria-klik.com\/wp-content\/uploads\/2021\/04\/volimljuto-hell-fore-kiki-riki-peanuts-smoky-adria-klik-brza-dostava-zagreb-internet-ducan-shop-Fastest-delivery-in-zagreb-groceries-supermaket-hrvatska.png\",\"width\":1500,\"height\":1500,\"caption\":\"Smoky Hellfire Peanuts ljuti kikiriki 100 g Volimljuto Hot 5\/5 Adria Klik dostava Volimljuto proizvoda! Klikni i mi dostavljamo\"},{\"@type\":\"BreadcrumbList\",\"@id\":\"https:\/\/adria-klik.com\/proizvod\/smoky-hellfire-peanuts-ljuti-kikiriki-100-g-volimljuto-hot-5-5-adria-klik-dostava-volimljuto-proizvoda-klikni-i-mi-dostavljamo\/#breadcrumb\",\"itemListElement\":[{\"@type\":\"ListItem\",\"position\":1,\"name\":\"Po\u010detna stranica\",\"item\":\"https:\/\/adria-klik.com\/en\/\"},{\"@type\":\"ListItem\",\"position\":2,\"name\":\"Shop\",\"item\":\"https:\/\/adria-klik.com\/shop\/\"},{\"@type\":\"ListItem\",\"position\":3,\"name\":\"Smoky Hellfire Peanuts ljuti kikiriki 100 g Volimljuto Hot 4\/5\"}]},{\"@type\":\"WebSite\",\"@id\":\"https:\/\/adria-klik.com\/#website\",\"url\":\"https:\/\/adria-klik.com\/\",\"name\":\"Adria-Klik.com\",\"description\":\"Unikatni poklon paketi, Vina, Craft pivo &amp; Delicije - webshop\",\"publisher\":{\"@id\":\"https:\/\/adria-klik.com\/#organization\"},\"potentialAction\":[{\"@type\":\"SearchAction\",\"target\":{\"@type\":\"EntryPoint\",\"urlTemplate\":\"https:\/\/adria-klik.com\/?s={search_term_string}\"},\"query-input\":{\"@type\":\"PropertyValueSpecification\",\"valueRequired\":true,\"valueName\":\"search_term_string\"}}],\"inLanguage\":\"en-US\"},{\"@type\":\"Organization\",\"@id\":\"https:\/\/adria-klik.com\/#organization\",\"name\":\"Adria-Klik.com\",\"alternateName\":\"AK\",\"url\":\"https:\/\/adria-klik.com\/\",\"logo\":{\"@type\":\"ImageObject\",\"inLanguage\":\"en-US\",\"@id\":\"https:\/\/adria-klik.com\/#\/schema\/logo\/image\/\",\"url\":\"https:\/\/adria-klik.com\/wp-content\/uploads\/2025\/12\/Adria-Klik_com-logo-namirnice-vina-craft-pivo-delikatese-delicije-artisan-cokolada.jpg\",\"contentUrl\":\"https:\/\/adria-klik.com\/wp-content\/uploads\/2025\/12\/Adria-Klik_com-logo-namirnice-vina-craft-pivo-delikatese-delicije-artisan-cokolada.jpg\",\"width\":500,\"height\":500,\"caption\":\"Adria-Klik.com\"},\"image\":{\"@id\":\"https:\/\/adria-klik.com\/#\/schema\/logo\/image\/\"},\"sameAs\":[\"https:\/\/www.facebook.com\/profile.php?id=100064209425136\",\"https:\/\/www.instagram.com\/adriaklik\/\",\"https:\/\/www.youtube.com\/user\/PlavacmaliZagreb\"]}]}<\/script>\n<!-- \/ Yoast SEO plugin. -->","yoast_head_json":{"title":"Smoky Hellfire Peanuts ljuti kikiriki 100 g Volimljuto Hot 4\/5 - Adria-Klik.com","description":"Smoky Hellfire Peanuts ljuti kikiriki 100 g Volimljuto Hot 5\/5 Adria Klik dostava Volimljuto proizvoda! Klikni i mi dostavljamo","robots":{"index":"index","follow":"follow","max-snippet":"max-snippet:-1","max-image-preview":"max-image-preview:large","max-video-preview":"max-video-preview:-1"},"canonical":"https:\/\/adria-klik.com\/proizvod\/smoky-hellfire-peanuts-ljuti-kikiriki-100-g-volimljuto-hot-5-5-adria-klik-dostava-volimljuto-proizvoda-klikni-i-mi-dostavljamo\/","og_locale":"en_US","og_type":"article","og_title":"Smoky Hellfire Peanuts ljuti kikiriki 100 g Volimljuto Hot 5\/5 Adria Klik dostava Volimljuto proizvoda! Klikni i mi dostavljamo","og_description":"Smoky Hellfire Peanuts ljuti kikiriki 100 g Volimljuto Hot 5\/5 Adria Klik dostava Volimljuto proizvoda! Klikni i mi dostavljamo","og_url":"https:\/\/adria-klik.com\/proizvod\/smoky-hellfire-peanuts-ljuti-kikiriki-100-g-volimljuto-hot-5-5-adria-klik-dostava-volimljuto-proizvoda-klikni-i-mi-dostavljamo\/","og_site_name":"Adria-Klik.com","article_publisher":"https:\/\/www.facebook.com\/profile.php?id=100064209425136","article_modified_time":"2024-07-02T17:35:59+00:00","og_image":[{"width":1500,"height":1500,"url":"https:\/\/adria-klik.com\/wp-content\/uploads\/2021\/04\/volimljuto-hell-fore-kiki-riki-peanuts-smoky-adria-klik-brza-dostava-zagreb-internet-ducan-shop-Fastest-delivery-in-zagreb-groceries-supermaket-hrvatska.png","type":"image\/png"}],"twitter_card":"summary_large_image","twitter_title":"Smoky Hellfire Peanuts ljuti kikiriki 100 g Volimljuto Hot 5\/5 Adria Klik dostava Volimljuto proizvoda! Klikni i mi dostavljamo","twitter_description":"Smoky Hellfire Peanuts ljuti kikiriki 100 g Volimljuto Hot 5\/5 Adria Klik dostava Volimljuto proizvoda! Klikni i mi dostavljamo","twitter_image":"https:\/\/adria-klik.com\/wp-content\/uploads\/2021\/04\/volimljuto-hell-fore-kiki-riki-peanuts-smoky-adria-klik-brza-dostava-zagreb-internet-ducan-shop-Fastest-delivery-in-zagreb-groceries-supermaket-hrvatska.png","twitter_misc":{"Est. reading time":"1 minute"},"schema":{"@context":"https:\/\/schema.org","@graph":[{"@type":"WebPage","@id":"https:\/\/adria-klik.com\/proizvod\/smoky-hellfire-peanuts-ljuti-kikiriki-100-g-volimljuto-hot-5-5-adria-klik-dostava-volimljuto-proizvoda-klikni-i-mi-dostavljamo\/","url":"https:\/\/adria-klik.com\/proizvod\/smoky-hellfire-peanuts-ljuti-kikiriki-100-g-volimljuto-hot-5-5-adria-klik-dostava-volimljuto-proizvoda-klikni-i-mi-dostavljamo\/","name":"Smoky Hellfire Peanuts ljuti kikiriki 100 g Volimljuto Hot 4\/5 - Adria-Klik.com","isPartOf":{"@id":"https:\/\/adria-klik.com\/#website"},"primaryImageOfPage":{"@id":"https:\/\/adria-klik.com\/proizvod\/smoky-hellfire-peanuts-ljuti-kikiriki-100-g-volimljuto-hot-5-5-adria-klik-dostava-volimljuto-proizvoda-klikni-i-mi-dostavljamo\/#primaryimage"},"image":{"@id":"https:\/\/adria-klik.com\/proizvod\/smoky-hellfire-peanuts-ljuti-kikiriki-100-g-volimljuto-hot-5-5-adria-klik-dostava-volimljuto-proizvoda-klikni-i-mi-dostavljamo\/#primaryimage"},"thumbnailUrl":"https:\/\/adria-klik.com\/wp-content\/uploads\/2021\/04\/volimljuto-hell-fore-kiki-riki-peanuts-smoky-adria-klik-brza-dostava-zagreb-internet-ducan-shop-Fastest-delivery-in-zagreb-groceries-supermaket-hrvatska.png","datePublished":"2021-04-23T22:44:54+00:00","dateModified":"2024-07-02T17:35:59+00:00","description":"Smoky Hellfire Peanuts ljuti kikiriki 100 g Volimljuto Hot 5\/5 Adria Klik dostava Volimljuto proizvoda! Klikni i mi dostavljamo","breadcrumb":{"@id":"https:\/\/adria-klik.com\/proizvod\/smoky-hellfire-peanuts-ljuti-kikiriki-100-g-volimljuto-hot-5-5-adria-klik-dostava-volimljuto-proizvoda-klikni-i-mi-dostavljamo\/#breadcrumb"},"inLanguage":"en-US","potentialAction":[{"@type":"ReadAction","target":["https:\/\/adria-klik.com\/proizvod\/smoky-hellfire-peanuts-ljuti-kikiriki-100-g-volimljuto-hot-5-5-adria-klik-dostava-volimljuto-proizvoda-klikni-i-mi-dostavljamo\/"]}]},{"@type":"ImageObject","inLanguage":"en-US","@id":"https:\/\/adria-klik.com\/proizvod\/smoky-hellfire-peanuts-ljuti-kikiriki-100-g-volimljuto-hot-5-5-adria-klik-dostava-volimljuto-proizvoda-klikni-i-mi-dostavljamo\/#primaryimage","url":"https:\/\/adria-klik.com\/wp-content\/uploads\/2021\/04\/volimljuto-hell-fore-kiki-riki-peanuts-smoky-adria-klik-brza-dostava-zagreb-internet-ducan-shop-Fastest-delivery-in-zagreb-groceries-supermaket-hrvatska.png","contentUrl":"https:\/\/adria-klik.com\/wp-content\/uploads\/2021\/04\/volimljuto-hell-fore-kiki-riki-peanuts-smoky-adria-klik-brza-dostava-zagreb-internet-ducan-shop-Fastest-delivery-in-zagreb-groceries-supermaket-hrvatska.png","width":1500,"height":1500,"caption":"Smoky Hellfire Peanuts ljuti kikiriki 100 g Volimljuto Hot 5\/5 Adria Klik dostava Volimljuto proizvoda! Klikni i mi dostavljamo"},{"@type":"BreadcrumbList","@id":"https:\/\/adria-klik.com\/proizvod\/smoky-hellfire-peanuts-ljuti-kikiriki-100-g-volimljuto-hot-5-5-adria-klik-dostava-volimljuto-proizvoda-klikni-i-mi-dostavljamo\/#breadcrumb","itemListElement":[{"@type":"ListItem","position":1,"name":"Po\u010detna stranica","item":"https:\/\/adria-klik.com\/en\/"},{"@type":"ListItem","position":2,"name":"Shop","item":"https:\/\/adria-klik.com\/shop\/"},{"@type":"ListItem","position":3,"name":"Smoky Hellfire Peanuts ljuti kikiriki 100 g Volimljuto Hot 4\/5"}]},{"@type":"WebSite","@id":"https:\/\/adria-klik.com\/#website","url":"https:\/\/adria-klik.com\/","name":"Adria-Klik.com","description":"Unikatni poklon paketi, Vina, Craft pivo &amp; Delicije - webshop","publisher":{"@id":"https:\/\/adria-klik.com\/#organization"},"potentialAction":[{"@type":"SearchAction","target":{"@type":"EntryPoint","urlTemplate":"https:\/\/adria-klik.com\/?s={search_term_string}"},"query-input":{"@type":"PropertyValueSpecification","valueRequired":true,"valueName":"search_term_string"}}],"inLanguage":"en-US"},{"@type":"Organization","@id":"https:\/\/adria-klik.com\/#organization","name":"Adria-Klik.com","alternateName":"AK","url":"https:\/\/adria-klik.com\/","logo":{"@type":"ImageObject","inLanguage":"en-US","@id":"https:\/\/adria-klik.com\/#\/schema\/logo\/image\/","url":"https:\/\/adria-klik.com\/wp-content\/uploads\/2025\/12\/Adria-Klik_com-logo-namirnice-vina-craft-pivo-delikatese-delicije-artisan-cokolada.jpg","contentUrl":"https:\/\/adria-klik.com\/wp-content\/uploads\/2025\/12\/Adria-Klik_com-logo-namirnice-vina-craft-pivo-delikatese-delicije-artisan-cokolada.jpg","width":500,"height":500,"caption":"Adria-Klik.com"},"image":{"@id":"https:\/\/adria-klik.com\/#\/schema\/logo\/image\/"},"sameAs":["https:\/\/www.facebook.com\/profile.php?id=100064209425136","https:\/\/www.instagram.com\/adriaklik\/","https:\/\/www.youtube.com\/user\/PlavacmaliZagreb"]}]}},"jetpack_sharing_enabled":true,"jetpack-related-posts":[],"_links":{"self":[{"href":"https:\/\/adria-klik.com\/en\/wp-json\/wp\/v2\/product\/15421","targetHints":{"allow":["GET"]}}],"collection":[{"href":"https:\/\/adria-klik.com\/en\/wp-json\/wp\/v2\/product"}],"about":[{"href":"https:\/\/adria-klik.com\/en\/wp-json\/wp\/v2\/types\/product"}],"replies":[{"embeddable":true,"href":"https:\/\/adria-klik.com\/en\/wp-json\/wp\/v2\/comments?post=15421"}],"wp:featuredmedia":[{"embeddable":true,"href":"https:\/\/adria-klik.com\/en\/wp-json\/wp\/v2\/media\/15422"}],"wp:attachment":[{"href":"https:\/\/adria-klik.com\/en\/wp-json\/wp\/v2\/media?parent=15421"}],"wp:term":[{"taxonomy":"product_brand","embeddable":true,"href":"https:\/\/adria-klik.com\/en\/wp-json\/wp\/v2\/product_brand?post=15421"},{"taxonomy":"product_cat","embeddable":true,"href":"https:\/\/adria-klik.com\/en\/wp-json\/wp\/v2\/product_cat?post=15421"},{"taxonomy":"product_tag","embeddable":true,"href":"https:\/\/adria-klik.com\/en\/wp-json\/wp\/v2\/product_tag?post=15421"},{"taxonomy":"berocket_brand","embeddable":true,"href":"https:\/\/adria-klik.com\/en\/wp-json\/wp\/v2\/berocket_brand?post=15421"}],"curies":[{"name":"wp","href":"https:\/\/api.w.org\/{rel}","templated":true}]}}