{"id":15496,"date":"2021-05-04T00:01:42","date_gmt":"2021-05-03T22:01:42","guid":{"rendered":"https:\/\/adria.riot.hr\/?post_type=product&#038;p=15496"},"modified":"2025-09-08T19:28:37","modified_gmt":"2025-09-08T17:28:37","slug":"hyperbola-ris-033-l-lepi-decki-pivovara","status":"publish","type":"product","link":"https:\/\/adria-klik.com\/en\/proizvod\/hyperbola-ris-033-l-lepi-decki-pivovara\/","title":{"rendered":"Hyperbola Ris 0,33 l Lepi De\u010dki Pivovara"},"content":{"rendered":"<ul>\n<li>Zlatna i Srebrna medalja 2021 London Beer Competition!<\/li>\n<li>Hyperbole (gr\u010d.) \u2013 pretjerivanje<\/li>\n<li>RIS (russian imperial stout) je pretjerivanje samo po sebi, stil nastao da parira i zamjeni vino.<\/li>\n<li>Tamno, gusto, \u010dokoladno, slatko a istovremeno gorko, Hyperbola je pivo u kojem se u\u017eiva, koje se pijucka, koje savr\u0161eno ide uz sve \u010dokoladne deserte.<\/li>\n<li>Ako vas ni \u010dokoladni desert ne razveseli, Hyperbola sa svojih 10,8% alkoholna sigurno bude <img decoding=\"async\" class=\"emoji\" role=\"img\" draggable=\"false\" src=\"https:\/\/s.w.org\/images\/core\/emoji\/12.0.0-1\/svg\/1f642.svg\" alt=\"?\" \/><\/li>\n<li>y2\/a2-x2\/b2=1<\/li>\n<li>Naru\u010dite dostavu Me\u0111imurskih Craft piva Pivovare Lepi De\u010dki<\/li>\n<li>Sigurna i provjerena dostava\n<div class=\"et_pb_text_inner\"><\/div>\n<\/li>\n<\/ul>\n<div class=\"et_pb_text_inner\"><\/div>\n","protected":false},"excerpt":{"rendered":"<ul>\n<li>Zlatna i Srebrna medalja 2021 London Beer Competition!<\/li>\n<li>Hyperbole (gr\u010d.) \u2013 pretjerivanje<\/li>\n<li>RIS (russian imperial stout) je pretjerivanje samo po sebi, stil nastao da parira i zamjeni vino.<\/li>\n<li>Tamno, gusto, \u010dokoladno, slatko a istovremeno gorko<\/li>\n<li>Ako vas ni \u010dokoladni desert ne razveseli, Hyperbola sa svojih 10,8% alkoholna sigurno bude<\/li>\n<li>Naru\u010dite dostavu Me\u0111imurskih Craft piva Pivovare Lepi De\u010dki<\/li>\n<li>Sigurna i provjerena dostava<\/li>\n<\/ul>\n","protected":false},"featured_media":15497,"comment_status":"open","ping_status":"closed","template":"","meta":{"_acf_changed":false},"product_brand":[],"product_cat":[1175,1176,1174,1159,619,372,376,560],"product_tag":[1349,1348,1344,1350],"berocket_brand":[1342],"class_list":{"0":"post-15496","1":"product","2":"type-product","3":"status-publish","4":"has-post-thumbnail","6":"product_cat-dostava","7":"product_cat-europa","8":"product_cat-hrvatska","9":"product_cat-nasa-preporuka","10":"product_cat-okusi_adriu","11":"product_cat-pivo-craft","12":"product_cat-premium-proizvodi","13":"product_cat-zagreb","14":"product_tag-33-l-lepi-decki-pivovara","15":"product_tag-hyperbola-ris-0","16":"product_tag-lepi-decki-pivovara","17":"product_tag-zlatna-i-srebrna-medalja-2021-london-beer-competition","18":"berocket_brand-lepi-decki","20":"first","21":"outofstock","22":"featured","23":"shipping-taxable","24":"purchasable","25":"product-type-simple"},"acf":[],"yoast_head":"<!-- This site is optimized with the Yoast SEO plugin v26.9 - https:\/\/yoast.com\/product\/yoast-seo-wordpress\/ -->\n<title>Hyperbola Ris 0,33 l Lepi De\u010dki Pivovara - Adria-Klik.com<\/title>\n<meta name=\"description\" content=\"Rego\u010d Double IPA 0,33l Lepi De\u010dki Pivovara | Naru\u010dite dostavu nagra\u0111ivanih Me\u0111imurskih Craft piva Pivovare Lepi De\u010dki London Beer Competition\" \/>\n<meta name=\"robots\" content=\"index, follow, max-snippet:-1, max-image-preview:large, max-video-preview:-1\" \/>\n<link rel=\"canonical\" href=\"https:\/\/adria-klik.com\/proizvod\/hyperbola-ris-033-l-lepi-decki-pivovara\/\" \/>\n<meta property=\"og:locale\" content=\"en_US\" \/>\n<meta property=\"og:type\" content=\"article\" \/>\n<meta property=\"og:title\" content=\"Zlatna i Srebrna medalja 2021 London Beer Competition| Naru\u010dite dostavu nagra\u0111ivanih Me\u0111imurskih Craft piva Pivovare Lepi De\u010dki London Beer Competition\" \/>\n<meta property=\"og:description\" content=\"Zlatna i Srebrna medalja 2021 London Beer Competition| Naru\u010dite dostavu nagra\u0111ivanih Me\u0111imurskih Craft piva Pivovare Lepi De\u010dki London Beer Competition\" \/>\n<meta property=\"og:url\" content=\"https:\/\/adria-klik.com\/proizvod\/hyperbola-ris-033-l-lepi-decki-pivovara\/\" \/>\n<meta property=\"og:site_name\" content=\"Adria-Klik.com\" \/>\n<meta property=\"article:publisher\" content=\"https:\/\/www.facebook.com\/profile.php?id=100064209425136\" \/>\n<meta property=\"article:modified_time\" content=\"2025-09-08T17:28:37+00:00\" \/>\n<meta property=\"og:image\" content=\"https:\/\/adria-klik.com\/wp-content\/uploads\/2021\/05\/hyperbola-gold-winner-London-beer-award-silver-Croatia-Craft-Premium-products-Internet-ducan-superbrza-dostava-lepi-decki-pivovara-wolt-glovo-pauza-bolt.jpg\" \/>\n\t<meta property=\"og:image:width\" content=\"1500\" \/>\n\t<meta property=\"og:image:height\" content=\"1500\" \/>\n\t<meta property=\"og:image:type\" content=\"image\/jpeg\" \/>\n<meta name=\"twitter:card\" content=\"summary_large_image\" \/>\n<meta name=\"twitter:title\" content=\"Zlatna i Srebrna medalja 2021 London Beer Competition| Naru\u010dite dostavu nagra\u0111ivanih Me\u0111imurskih Craft piva Pivovare Lepi De\u010dki London Beer Competition\" \/>\n<meta name=\"twitter:description\" content=\"Zlatna i Srebrna medalja 2021 London Beer Competition| Naru\u010dite dostavu nagra\u0111ivanih Me\u0111imurskih Craft piva Pivovare Lepi De\u010dki London Beer Competition\" \/>\n<meta name=\"twitter:image\" content=\"https:\/\/adria-klik.com\/wp-content\/uploads\/2021\/05\/hyperbola-gold-winner-London-beer-award-silver-Croatia-Craft-Premium-products-Internet-ducan-superbrza-dostava-lepi-decki-pivovara-wolt-glovo-pauza-bolt.jpg\" \/>\n<meta name=\"twitter:label1\" content=\"Est. reading time\" \/>\n\t<meta name=\"twitter:data1\" content=\"1 minute\" \/>\n<script type=\"application\/ld+json\" class=\"yoast-schema-graph\">{\"@context\":\"https:\/\/schema.org\",\"@graph\":[{\"@type\":\"WebPage\",\"@id\":\"https:\/\/adria-klik.com\/proizvod\/hyperbola-ris-033-l-lepi-decki-pivovara\/\",\"url\":\"https:\/\/adria-klik.com\/proizvod\/hyperbola-ris-033-l-lepi-decki-pivovara\/\",\"name\":\"Hyperbola Ris 0,33 l Lepi De\u010dki Pivovara - Adria-Klik.com\",\"isPartOf\":{\"@id\":\"https:\/\/adria-klik.com\/#website\"},\"primaryImageOfPage\":{\"@id\":\"https:\/\/adria-klik.com\/proizvod\/hyperbola-ris-033-l-lepi-decki-pivovara\/#primaryimage\"},\"image\":{\"@id\":\"https:\/\/adria-klik.com\/proizvod\/hyperbola-ris-033-l-lepi-decki-pivovara\/#primaryimage\"},\"thumbnailUrl\":\"https:\/\/adria-klik.com\/wp-content\/uploads\/2021\/05\/hyperbola-gold-winner-London-beer-award-silver-Croatia-Craft-Premium-products-Internet-ducan-superbrza-dostava-lepi-decki-pivovara-wolt-glovo-pauza-bolt.jpg\",\"datePublished\":\"2021-05-03T22:01:42+00:00\",\"dateModified\":\"2025-09-08T17:28:37+00:00\",\"description\":\"Rego\u010d Double IPA 0,33l Lepi De\u010dki Pivovara | Naru\u010dite dostavu nagra\u0111ivanih Me\u0111imurskih Craft piva Pivovare Lepi De\u010dki London Beer Competition\",\"breadcrumb\":{\"@id\":\"https:\/\/adria-klik.com\/proizvod\/hyperbola-ris-033-l-lepi-decki-pivovara\/#breadcrumb\"},\"inLanguage\":\"en-US\",\"potentialAction\":[{\"@type\":\"ReadAction\",\"target\":[\"https:\/\/adria-klik.com\/proizvod\/hyperbola-ris-033-l-lepi-decki-pivovara\/\"]}]},{\"@type\":\"ImageObject\",\"inLanguage\":\"en-US\",\"@id\":\"https:\/\/adria-klik.com\/proizvod\/hyperbola-ris-033-l-lepi-decki-pivovara\/#primaryimage\",\"url\":\"https:\/\/adria-klik.com\/wp-content\/uploads\/2021\/05\/hyperbola-gold-winner-London-beer-award-silver-Croatia-Craft-Premium-products-Internet-ducan-superbrza-dostava-lepi-decki-pivovara-wolt-glovo-pauza-bolt.jpg\",\"contentUrl\":\"https:\/\/adria-klik.com\/wp-content\/uploads\/2021\/05\/hyperbola-gold-winner-London-beer-award-silver-Croatia-Craft-Premium-products-Internet-ducan-superbrza-dostava-lepi-decki-pivovara-wolt-glovo-pauza-bolt.jpg\",\"width\":1500,\"height\":1500,\"caption\":\"Zlatna i Srebrna medalja 2021 London Beer Competition\"},{\"@type\":\"BreadcrumbList\",\"@id\":\"https:\/\/adria-klik.com\/proizvod\/hyperbola-ris-033-l-lepi-decki-pivovara\/#breadcrumb\",\"itemListElement\":[{\"@type\":\"ListItem\",\"position\":1,\"name\":\"Po\u010detna stranica\",\"item\":\"https:\/\/adria-klik.com\/en\/\"},{\"@type\":\"ListItem\",\"position\":2,\"name\":\"Shop\",\"item\":\"https:\/\/adria-klik.com\/shop\/\"},{\"@type\":\"ListItem\",\"position\":3,\"name\":\"Hyperbola Ris 0,33 l Lepi De\u010dki Pivovara\"}]},{\"@type\":\"WebSite\",\"@id\":\"https:\/\/adria-klik.com\/#website\",\"url\":\"https:\/\/adria-klik.com\/\",\"name\":\"Adria-Klik.com\",\"description\":\"Unikatni poklon paketi, Vina, Craft pivo &amp; Delicije - webshop\",\"publisher\":{\"@id\":\"https:\/\/adria-klik.com\/#organization\"},\"potentialAction\":[{\"@type\":\"SearchAction\",\"target\":{\"@type\":\"EntryPoint\",\"urlTemplate\":\"https:\/\/adria-klik.com\/?s={search_term_string}\"},\"query-input\":{\"@type\":\"PropertyValueSpecification\",\"valueRequired\":true,\"valueName\":\"search_term_string\"}}],\"inLanguage\":\"en-US\"},{\"@type\":\"Organization\",\"@id\":\"https:\/\/adria-klik.com\/#organization\",\"name\":\"Adria-Klik.com\",\"alternateName\":\"AK\",\"url\":\"https:\/\/adria-klik.com\/\",\"logo\":{\"@type\":\"ImageObject\",\"inLanguage\":\"en-US\",\"@id\":\"https:\/\/adria-klik.com\/#\/schema\/logo\/image\/\",\"url\":\"https:\/\/adria-klik.com\/wp-content\/uploads\/2025\/12\/Adria-Klik_com-logo-namirnice-vina-craft-pivo-delikatese-delicije-artisan-cokolada.jpg\",\"contentUrl\":\"https:\/\/adria-klik.com\/wp-content\/uploads\/2025\/12\/Adria-Klik_com-logo-namirnice-vina-craft-pivo-delikatese-delicije-artisan-cokolada.jpg\",\"width\":500,\"height\":500,\"caption\":\"Adria-Klik.com\"},\"image\":{\"@id\":\"https:\/\/adria-klik.com\/#\/schema\/logo\/image\/\"},\"sameAs\":[\"https:\/\/www.facebook.com\/profile.php?id=100064209425136\",\"https:\/\/www.instagram.com\/adriaklik\/\",\"https:\/\/www.youtube.com\/user\/PlavacmaliZagreb\"]}]}<\/script>\n<!-- \/ Yoast SEO plugin. -->","yoast_head_json":{"title":"Hyperbola Ris 0,33 l Lepi De\u010dki Pivovara - Adria-Klik.com","description":"Rego\u010d Double IPA 0,33l Lepi De\u010dki Pivovara | Naru\u010dite dostavu nagra\u0111ivanih Me\u0111imurskih Craft piva Pivovare Lepi De\u010dki London Beer Competition","robots":{"index":"index","follow":"follow","max-snippet":"max-snippet:-1","max-image-preview":"max-image-preview:large","max-video-preview":"max-video-preview:-1"},"canonical":"https:\/\/adria-klik.com\/proizvod\/hyperbola-ris-033-l-lepi-decki-pivovara\/","og_locale":"en_US","og_type":"article","og_title":"Zlatna i Srebrna medalja 2021 London Beer Competition| Naru\u010dite dostavu nagra\u0111ivanih Me\u0111imurskih Craft piva Pivovare Lepi De\u010dki London Beer Competition","og_description":"Zlatna i Srebrna medalja 2021 London Beer Competition| Naru\u010dite dostavu nagra\u0111ivanih Me\u0111imurskih Craft piva Pivovare Lepi De\u010dki London Beer Competition","og_url":"https:\/\/adria-klik.com\/proizvod\/hyperbola-ris-033-l-lepi-decki-pivovara\/","og_site_name":"Adria-Klik.com","article_publisher":"https:\/\/www.facebook.com\/profile.php?id=100064209425136","article_modified_time":"2025-09-08T17:28:37+00:00","og_image":[{"width":1500,"height":1500,"url":"https:\/\/adria-klik.com\/wp-content\/uploads\/2021\/05\/hyperbola-gold-winner-London-beer-award-silver-Croatia-Craft-Premium-products-Internet-ducan-superbrza-dostava-lepi-decki-pivovara-wolt-glovo-pauza-bolt.jpg","type":"image\/jpeg"}],"twitter_card":"summary_large_image","twitter_title":"Zlatna i Srebrna medalja 2021 London Beer Competition| Naru\u010dite dostavu nagra\u0111ivanih Me\u0111imurskih Craft piva Pivovare Lepi De\u010dki London Beer Competition","twitter_description":"Zlatna i Srebrna medalja 2021 London Beer Competition| Naru\u010dite dostavu nagra\u0111ivanih Me\u0111imurskih Craft piva Pivovare Lepi De\u010dki London Beer Competition","twitter_image":"https:\/\/adria-klik.com\/wp-content\/uploads\/2021\/05\/hyperbola-gold-winner-London-beer-award-silver-Croatia-Craft-Premium-products-Internet-ducan-superbrza-dostava-lepi-decki-pivovara-wolt-glovo-pauza-bolt.jpg","twitter_misc":{"Est. reading time":"1 minute"},"schema":{"@context":"https:\/\/schema.org","@graph":[{"@type":"WebPage","@id":"https:\/\/adria-klik.com\/proizvod\/hyperbola-ris-033-l-lepi-decki-pivovara\/","url":"https:\/\/adria-klik.com\/proizvod\/hyperbola-ris-033-l-lepi-decki-pivovara\/","name":"Hyperbola Ris 0,33 l Lepi De\u010dki Pivovara - Adria-Klik.com","isPartOf":{"@id":"https:\/\/adria-klik.com\/#website"},"primaryImageOfPage":{"@id":"https:\/\/adria-klik.com\/proizvod\/hyperbola-ris-033-l-lepi-decki-pivovara\/#primaryimage"},"image":{"@id":"https:\/\/adria-klik.com\/proizvod\/hyperbola-ris-033-l-lepi-decki-pivovara\/#primaryimage"},"thumbnailUrl":"https:\/\/adria-klik.com\/wp-content\/uploads\/2021\/05\/hyperbola-gold-winner-London-beer-award-silver-Croatia-Craft-Premium-products-Internet-ducan-superbrza-dostava-lepi-decki-pivovara-wolt-glovo-pauza-bolt.jpg","datePublished":"2021-05-03T22:01:42+00:00","dateModified":"2025-09-08T17:28:37+00:00","description":"Rego\u010d Double IPA 0,33l Lepi De\u010dki Pivovara | Naru\u010dite dostavu nagra\u0111ivanih Me\u0111imurskih Craft piva Pivovare Lepi De\u010dki London Beer Competition","breadcrumb":{"@id":"https:\/\/adria-klik.com\/proizvod\/hyperbola-ris-033-l-lepi-decki-pivovara\/#breadcrumb"},"inLanguage":"en-US","potentialAction":[{"@type":"ReadAction","target":["https:\/\/adria-klik.com\/proizvod\/hyperbola-ris-033-l-lepi-decki-pivovara\/"]}]},{"@type":"ImageObject","inLanguage":"en-US","@id":"https:\/\/adria-klik.com\/proizvod\/hyperbola-ris-033-l-lepi-decki-pivovara\/#primaryimage","url":"https:\/\/adria-klik.com\/wp-content\/uploads\/2021\/05\/hyperbola-gold-winner-London-beer-award-silver-Croatia-Craft-Premium-products-Internet-ducan-superbrza-dostava-lepi-decki-pivovara-wolt-glovo-pauza-bolt.jpg","contentUrl":"https:\/\/adria-klik.com\/wp-content\/uploads\/2021\/05\/hyperbola-gold-winner-London-beer-award-silver-Croatia-Craft-Premium-products-Internet-ducan-superbrza-dostava-lepi-decki-pivovara-wolt-glovo-pauza-bolt.jpg","width":1500,"height":1500,"caption":"Zlatna i Srebrna medalja 2021 London Beer Competition"},{"@type":"BreadcrumbList","@id":"https:\/\/adria-klik.com\/proizvod\/hyperbola-ris-033-l-lepi-decki-pivovara\/#breadcrumb","itemListElement":[{"@type":"ListItem","position":1,"name":"Po\u010detna stranica","item":"https:\/\/adria-klik.com\/en\/"},{"@type":"ListItem","position":2,"name":"Shop","item":"https:\/\/adria-klik.com\/shop\/"},{"@type":"ListItem","position":3,"name":"Hyperbola Ris 0,33 l Lepi De\u010dki Pivovara"}]},{"@type":"WebSite","@id":"https:\/\/adria-klik.com\/#website","url":"https:\/\/adria-klik.com\/","name":"Adria-Klik.com","description":"Unikatni poklon paketi, Vina, Craft pivo &amp; Delicije - webshop","publisher":{"@id":"https:\/\/adria-klik.com\/#organization"},"potentialAction":[{"@type":"SearchAction","target":{"@type":"EntryPoint","urlTemplate":"https:\/\/adria-klik.com\/?s={search_term_string}"},"query-input":{"@type":"PropertyValueSpecification","valueRequired":true,"valueName":"search_term_string"}}],"inLanguage":"en-US"},{"@type":"Organization","@id":"https:\/\/adria-klik.com\/#organization","name":"Adria-Klik.com","alternateName":"AK","url":"https:\/\/adria-klik.com\/","logo":{"@type":"ImageObject","inLanguage":"en-US","@id":"https:\/\/adria-klik.com\/#\/schema\/logo\/image\/","url":"https:\/\/adria-klik.com\/wp-content\/uploads\/2025\/12\/Adria-Klik_com-logo-namirnice-vina-craft-pivo-delikatese-delicije-artisan-cokolada.jpg","contentUrl":"https:\/\/adria-klik.com\/wp-content\/uploads\/2025\/12\/Adria-Klik_com-logo-namirnice-vina-craft-pivo-delikatese-delicije-artisan-cokolada.jpg","width":500,"height":500,"caption":"Adria-Klik.com"},"image":{"@id":"https:\/\/adria-klik.com\/#\/schema\/logo\/image\/"},"sameAs":["https:\/\/www.facebook.com\/profile.php?id=100064209425136","https:\/\/www.instagram.com\/adriaklik\/","https:\/\/www.youtube.com\/user\/PlavacmaliZagreb"]}]}},"jetpack_sharing_enabled":true,"jetpack-related-posts":[],"_links":{"self":[{"href":"https:\/\/adria-klik.com\/en\/wp-json\/wp\/v2\/product\/15496","targetHints":{"allow":["GET"]}}],"collection":[{"href":"https:\/\/adria-klik.com\/en\/wp-json\/wp\/v2\/product"}],"about":[{"href":"https:\/\/adria-klik.com\/en\/wp-json\/wp\/v2\/types\/product"}],"replies":[{"embeddable":true,"href":"https:\/\/adria-klik.com\/en\/wp-json\/wp\/v2\/comments?post=15496"}],"wp:featuredmedia":[{"embeddable":true,"href":"https:\/\/adria-klik.com\/en\/wp-json\/wp\/v2\/media\/15497"}],"wp:attachment":[{"href":"https:\/\/adria-klik.com\/en\/wp-json\/wp\/v2\/media?parent=15496"}],"wp:term":[{"taxonomy":"product_brand","embeddable":true,"href":"https:\/\/adria-klik.com\/en\/wp-json\/wp\/v2\/product_brand?post=15496"},{"taxonomy":"product_cat","embeddable":true,"href":"https:\/\/adria-klik.com\/en\/wp-json\/wp\/v2\/product_cat?post=15496"},{"taxonomy":"product_tag","embeddable":true,"href":"https:\/\/adria-klik.com\/en\/wp-json\/wp\/v2\/product_tag?post=15496"},{"taxonomy":"berocket_brand","embeddable":true,"href":"https:\/\/adria-klik.com\/en\/wp-json\/wp\/v2\/berocket_brand?post=15496"}],"curies":[{"name":"wp","href":"https:\/\/api.w.org\/{rel}","templated":true}]}}