{"id":15622,"date":"2021-07-03T01:02:11","date_gmt":"2021-07-02T23:02:11","guid":{"rendered":"https:\/\/adria.riot.hr\/?post_type=product&#038;p=15622"},"modified":"2021-07-03T01:06:22","modified_gmt":"2021-07-02T23:06:22","slug":"new-novi-val-ipa-0-5-l-medvedgrad-brewery","status":"publish","type":"product","link":"https:\/\/adria-klik.com\/en\/proizvod\/new-novi-val-ipa-0-5-l-medvedgrad-brewery\/","title":{"rendered":"New! Novi Val IPA 0.5 l Medvedgrad Brewery"},"content":{"rendered":"<p>New! Novi Val IPA 0.5 l Medvedgrad Brewery Adria-Klik.com Brewery Medvedrgad delivery Craft beer, wine, CBD and delicacies<\/p>\n<p>New! IPA of a different taste<br \/>\nSuperb balance and wonderful aroma<br \/>\nThree exotic hops of the New World<br \/>\nOrder free delivery of Craft beer<\/p>\n","protected":false},"excerpt":{"rendered":"<p>New! Novi Val IPA 0.5 l Medvedgrad Brewery Adria-Klik.com Brewery Medvedrgad delivery Craft beer, wine, CBD and delicacies<\/p>\n<p>New! IPA of a different taste<br \/>\nSuperb balance and wonderful aroma<br \/>\nThree exotic hops of the New World<br \/>\nOrder free delivery of Craft beer<\/p>\n","protected":false},"featured_media":15624,"comment_status":"open","ping_status":"closed","template":"","meta":{"_acf_changed":false},"product_brand":[],"product_cat":[381,1381,1382,1380,1379,1160,384,1378],"product_tag":[1415,1414,1413],"berocket_brand":[],"class_list":{"0":"post-15622","1":"product","2":"type-product","3":"status-publish","4":"has-post-thumbnail","6":"product_cat-beer","7":"product_cat-dostava-en","8":"product_cat-europa-en","9":"product_cat-hrvatska-en","10":"product_cat-okusi-adriu","11":"product_cat-our-recommendation","12":"product_cat-promotions","13":"product_cat-zagreb-en","14":"product_tag-cold-and-ready-to-drink","15":"product_tag-new","16":"product_tag-pivovara-medvedgrad-en","18":"first","19":"outofstock","20":"shipping-taxable","21":"purchasable","22":"product-type-simple"},"acf":[],"yoast_head":"<!-- This site is optimized with the Yoast SEO plugin v27.5 - https:\/\/yoast.com\/product\/yoast-seo-wordpress\/ -->\n<title>New! Novi Val IPA 0.5 l Medvedgrad Brewery - Adria-Klik.com<\/title>\n<meta name=\"description\" content=\"Poklon paketi | Poslovni pokoni | Poklon za ro\u0111endan | Unikatni autohtoni poklon paketi | Gift Box | Gift basket | Adria-Klik Supply webshop trgovina dostava namirnica, vina, craft piva i delicija Superbrza dostava Zagreb Wolt Glovo Hrvatska i EU DPD GLS - profesionalna vinska logistika #kupujmohrvatsko Naruci online, sigurna kupovina i brza dostava Croatia Unique Craft Beer Gift box \/ basket - Premium Craft beer gift box Nova runda brewery | Croatia autochthonous variety of wine Gift box unique - Autohtona sorta vina Poklon paket - Poslovni pokloni | Pokloni za ro\u0111endan i sve ostale prigode Plavac mali Dinga\u010d i Postup |Po\u0161ip | Grk | Malvazija | \u0160krlet | Pjenu\u0161ci |\" \/>\n<meta name=\"robots\" content=\"index, follow, max-snippet:-1, max-image-preview:large, max-video-preview:-1\" \/>\n<link rel=\"canonical\" href=\"https:\/\/adria-klik.com\/proizvod\/novo-novi-val-ipa-05-l-pivovara-medvedgrad\/\" \/>\n<meta property=\"og:locale\" content=\"en_US\" \/>\n<meta property=\"og:type\" content=\"article\" \/>\n<meta property=\"og:title\" content=\"New! Novi Val IPA 0.5 l Medvedgrad Brewery - Adria-Klik.com\" \/>\n<meta property=\"og:description\" content=\"Poklon paketi | Poslovni pokoni | Poklon za ro\u0111endan | Unikatni autohtoni poklon paketi | Gift Box | Gift basket | Adria-Klik Supply webshop trgovina dostava namirnica, vina, craft piva i delicija Superbrza dostava Zagreb Wolt Glovo Hrvatska i EU DPD GLS - profesionalna vinska logistika #kupujmohrvatsko Naruci online, sigurna kupovina i brza dostava Croatia Unique Craft Beer Gift box \/ basket - Premium Craft beer gift box Nova runda brewery | Croatia autochthonous variety of wine Gift box unique - Autohtona sorta vina Poklon paket - Poslovni pokloni | Pokloni za ro\u0111endan i sve ostale prigode Plavac mali Dinga\u010d i Postup |Po\u0161ip | Grk | Malvazija | \u0160krlet | Pjenu\u0161ci |\" \/>\n<meta property=\"og:url\" content=\"https:\/\/adria-klik.com\/proizvod\/novo-novi-val-ipa-05-l-pivovara-medvedgrad\/\" \/>\n<meta property=\"og:site_name\" content=\"Adria-Klik.com\" \/>\n<meta property=\"article:publisher\" content=\"https:\/\/www.facebook.com\/profile.php?id=100064209425136\" \/>\n<meta property=\"article:modified_time\" content=\"2021-07-02T23:06:22+00:00\" \/>\n<meta property=\"og:image\" content=\"https:\/\/adria-klik.com\/wp-content\/uploads\/2021\/07\/Zeko-je-reko-pivovara-medvedgrad-pivo_05l-dostava-pive-500ml-adria_supply_bolt_kupipovoljno-adria-klik-brza-dostava-internet-ducan-shop-delivery-in-zagreb-groceries-supermaket-croatia.jpg\" \/>\n<meta name=\"twitter:card\" content=\"summary_large_image\" \/>\n<meta name=\"twitter:image\" content=\"https:\/\/adria-klik.com\/wp-content\/uploads\/2021\/07\/Zeko-je-reko-pivovara-medvedgrad-pivo_05l-dostava-pive-500ml-adria_supply_bolt_kupipovoljno-adria-klik-brza-dostava-internet-ducan-shop-delivery-in-zagreb-groceries-supermaket-croatia.jpg\" \/>\n<script type=\"application\/ld+json\" class=\"yoast-schema-graph\">{\"@context\":\"https:\\\/\\\/schema.org\",\"@graph\":[{\"@type\":\"WebPage\",\"@id\":\"https:\\\/\\\/adria-klik.com\\\/proizvod\\\/novo-novi-val-ipa-05-l-pivovara-medvedgrad\\\/\",\"url\":\"https:\\\/\\\/adria-klik.com\\\/proizvod\\\/novo-novi-val-ipa-05-l-pivovara-medvedgrad\\\/\",\"name\":\"New! Novi Val IPA 0.5 l Medvedgrad Brewery - Adria-Klik.com\",\"isPartOf\":{\"@id\":\"https:\\\/\\\/adria-klik.com\\\/#website\"},\"primaryImageOfPage\":{\"@id\":\"https:\\\/\\\/adria-klik.com\\\/proizvod\\\/novo-novi-val-ipa-05-l-pivovara-medvedgrad\\\/#primaryimage\"},\"image\":{\"@id\":\"https:\\\/\\\/adria-klik.com\\\/proizvod\\\/novo-novi-val-ipa-05-l-pivovara-medvedgrad\\\/#primaryimage\"},\"thumbnailUrl\":\"https:\\\/\\\/adria-klik.com\\\/wp-content\\\/uploads\\\/2021\\\/07\\\/novi-val-IPA-pivovara-medvedgrad-pivo_05l-dostava-pive-500ml-adria_supply_bolt_kupipovoljno-adria-klik-brza-dostava-internet-ducan-shop-delivery-in-zagreb-groceries-supermaket-croatia.jpg\",\"datePublished\":\"2021-07-02T23:02:11+00:00\",\"dateModified\":\"2021-07-02T23:06:22+00:00\",\"description\":\"Poklon paketi | Poslovni pokoni | Poklon za ro\u0111endan | Unikatni autohtoni poklon paketi | Gift Box | Gift basket | Adria-Klik Supply webshop trgovina dostava namirnica, vina, craft piva i delicija Superbrza dostava Zagreb Wolt Glovo Hrvatska i EU DPD GLS - profesionalna vinska logistika #kupujmohrvatsko Naruci online, sigurna kupovina i brza dostava Croatia Unique Craft Beer Gift box \\\/ basket - Premium Craft beer gift box Nova runda brewery | Croatia autochthonous variety of wine Gift box unique - Autohtona sorta vina Poklon paket - Poslovni pokloni | Pokloni za ro\u0111endan i sve ostale prigode Plavac mali Dinga\u010d i Postup |Po\u0161ip | Grk | Malvazija | \u0160krlet | Pjenu\u0161ci |\",\"breadcrumb\":{\"@id\":\"https:\\\/\\\/adria-klik.com\\\/proizvod\\\/novo-novi-val-ipa-05-l-pivovara-medvedgrad\\\/#breadcrumb\"},\"inLanguage\":\"en-US\",\"potentialAction\":[{\"@type\":\"ReadAction\",\"target\":[\"https:\\\/\\\/adria-klik.com\\\/proizvod\\\/novo-novi-val-ipa-05-l-pivovara-medvedgrad\\\/\"]}]},{\"@type\":\"ImageObject\",\"inLanguage\":\"en-US\",\"@id\":\"https:\\\/\\\/adria-klik.com\\\/proizvod\\\/novo-novi-val-ipa-05-l-pivovara-medvedgrad\\\/#primaryimage\",\"url\":\"https:\\\/\\\/adria-klik.com\\\/wp-content\\\/uploads\\\/2021\\\/07\\\/novi-val-IPA-pivovara-medvedgrad-pivo_05l-dostava-pive-500ml-adria_supply_bolt_kupipovoljno-adria-klik-brza-dostava-internet-ducan-shop-delivery-in-zagreb-groceries-supermaket-croatia.jpg\",\"contentUrl\":\"https:\\\/\\\/adria-klik.com\\\/wp-content\\\/uploads\\\/2021\\\/07\\\/novi-val-IPA-pivovara-medvedgrad-pivo_05l-dostava-pive-500ml-adria_supply_bolt_kupipovoljno-adria-klik-brza-dostava-internet-ducan-shop-delivery-in-zagreb-groceries-supermaket-croatia.jpg\",\"width\":1500,\"height\":1500,\"caption\":\"New! Novi Val IPA 0.5 l Medvedgrad Brewery Adria-Klik.com Brewery Medvedrgad delivery Craft beer, wine, CBD and delicacies New! IPA of a different taste Superb balance and wonderful aroma Three exotic hops of the New World Order free delivery of Craft beer\"},{\"@type\":\"BreadcrumbList\",\"@id\":\"https:\\\/\\\/adria-klik.com\\\/proizvod\\\/novo-novi-val-ipa-05-l-pivovara-medvedgrad\\\/#breadcrumb\",\"itemListElement\":[{\"@type\":\"ListItem\",\"position\":1,\"name\":\"Po\u010detna stranica\",\"item\":\"https:\\\/\\\/adria-klik.com\\\/en\\\/\"},{\"@type\":\"ListItem\",\"position\":2,\"name\":\"Shop\",\"item\":\"https:\\\/\\\/adria-klik.com\\\/shop\\\/\"},{\"@type\":\"ListItem\",\"position\":3,\"name\":\"New! Novi Val IPA 0.5 l Medvedgrad Brewery\"}]},{\"@type\":\"WebSite\",\"@id\":\"https:\\\/\\\/adria-klik.com\\\/#website\",\"url\":\"https:\\\/\\\/adria-klik.com\\\/\",\"name\":\"Adria-Klik.com\",\"description\":\"Unikatni poklon paketi, Vina, Craft pivo &amp; Delicije - webshop\",\"publisher\":{\"@id\":\"https:\\\/\\\/adria-klik.com\\\/#organization\"},\"potentialAction\":[{\"@type\":\"SearchAction\",\"target\":{\"@type\":\"EntryPoint\",\"urlTemplate\":\"https:\\\/\\\/adria-klik.com\\\/?s={search_term_string}\"},\"query-input\":{\"@type\":\"PropertyValueSpecification\",\"valueRequired\":true,\"valueName\":\"search_term_string\"}}],\"inLanguage\":\"en-US\"},{\"@type\":\"Organization\",\"@id\":\"https:\\\/\\\/adria-klik.com\\\/#organization\",\"name\":\"Adria-Klik.com\",\"alternateName\":\"AK\",\"url\":\"https:\\\/\\\/adria-klik.com\\\/\",\"logo\":{\"@type\":\"ImageObject\",\"inLanguage\":\"en-US\",\"@id\":\"https:\\\/\\\/adria-klik.com\\\/#\\\/schema\\\/logo\\\/image\\\/\",\"url\":\"https:\\\/\\\/adria-klik.com\\\/wp-content\\\/uploads\\\/2025\\\/12\\\/Adria-Klik_com-logo-namirnice-vina-craft-pivo-delikatese-delicije-artisan-cokolada.jpg\",\"contentUrl\":\"https:\\\/\\\/adria-klik.com\\\/wp-content\\\/uploads\\\/2025\\\/12\\\/Adria-Klik_com-logo-namirnice-vina-craft-pivo-delikatese-delicije-artisan-cokolada.jpg\",\"width\":500,\"height\":500,\"caption\":\"Adria-Klik.com\"},\"image\":{\"@id\":\"https:\\\/\\\/adria-klik.com\\\/#\\\/schema\\\/logo\\\/image\\\/\"},\"sameAs\":[\"https:\\\/\\\/www.facebook.com\\\/profile.php?id=100064209425136\",\"https:\\\/\\\/www.instagram.com\\\/adriaklik\\\/\",\"https:\\\/\\\/www.youtube.com\\\/user\\\/PlavacmaliZagreb\"]}]}<\/script>\n<!-- \/ Yoast SEO plugin. -->","yoast_head_json":{"title":"New! Novi Val IPA 0.5 l Medvedgrad Brewery - Adria-Klik.com","description":"Poklon paketi | Poslovni pokoni | Poklon za ro\u0111endan | Unikatni autohtoni poklon paketi | Gift Box | Gift basket | Adria-Klik Supply webshop trgovina dostava namirnica, vina, craft piva i delicija Superbrza dostava Zagreb Wolt Glovo Hrvatska i EU DPD GLS - profesionalna vinska logistika #kupujmohrvatsko Naruci online, sigurna kupovina i brza dostava Croatia Unique Craft Beer Gift box \/ basket - Premium Craft beer gift box Nova runda brewery | Croatia autochthonous variety of wine Gift box unique - Autohtona sorta vina Poklon paket - Poslovni pokloni | Pokloni za ro\u0111endan i sve ostale prigode Plavac mali Dinga\u010d i Postup |Po\u0161ip | Grk | Malvazija | \u0160krlet | Pjenu\u0161ci |","robots":{"index":"index","follow":"follow","max-snippet":"max-snippet:-1","max-image-preview":"max-image-preview:large","max-video-preview":"max-video-preview:-1"},"canonical":"https:\/\/adria-klik.com\/proizvod\/novo-novi-val-ipa-05-l-pivovara-medvedgrad\/","og_locale":"en_US","og_type":"article","og_title":"New! Novi Val IPA 0.5 l Medvedgrad Brewery - Adria-Klik.com","og_description":"Poklon paketi | Poslovni pokoni | Poklon za ro\u0111endan | Unikatni autohtoni poklon paketi | Gift Box | Gift basket | Adria-Klik Supply webshop trgovina dostava namirnica, vina, craft piva i delicija Superbrza dostava Zagreb Wolt Glovo Hrvatska i EU DPD GLS - profesionalna vinska logistika #kupujmohrvatsko Naruci online, sigurna kupovina i brza dostava Croatia Unique Craft Beer Gift box \/ basket - Premium Craft beer gift box Nova runda brewery | Croatia autochthonous variety of wine Gift box unique - Autohtona sorta vina Poklon paket - Poslovni pokloni | Pokloni za ro\u0111endan i sve ostale prigode Plavac mali Dinga\u010d i Postup |Po\u0161ip | Grk | Malvazija | \u0160krlet | Pjenu\u0161ci |","og_url":"https:\/\/adria-klik.com\/proizvod\/novo-novi-val-ipa-05-l-pivovara-medvedgrad\/","og_site_name":"Adria-Klik.com","article_publisher":"https:\/\/www.facebook.com\/profile.php?id=100064209425136","article_modified_time":"2021-07-02T23:06:22+00:00","og_image":[{"url":"https:\/\/adria-klik.com\/wp-content\/uploads\/2021\/07\/Zeko-je-reko-pivovara-medvedgrad-pivo_05l-dostava-pive-500ml-adria_supply_bolt_kupipovoljno-adria-klik-brza-dostava-internet-ducan-shop-delivery-in-zagreb-groceries-supermaket-croatia.jpg","type":"","width":"","height":""}],"twitter_card":"summary_large_image","twitter_image":"https:\/\/adria-klik.com\/wp-content\/uploads\/2021\/07\/Zeko-je-reko-pivovara-medvedgrad-pivo_05l-dostava-pive-500ml-adria_supply_bolt_kupipovoljno-adria-klik-brza-dostava-internet-ducan-shop-delivery-in-zagreb-groceries-supermaket-croatia.jpg","schema":{"@context":"https:\/\/schema.org","@graph":[{"@type":"WebPage","@id":"https:\/\/adria-klik.com\/proizvod\/novo-novi-val-ipa-05-l-pivovara-medvedgrad\/","url":"https:\/\/adria-klik.com\/proizvod\/novo-novi-val-ipa-05-l-pivovara-medvedgrad\/","name":"New! Novi Val IPA 0.5 l Medvedgrad Brewery - Adria-Klik.com","isPartOf":{"@id":"https:\/\/adria-klik.com\/#website"},"primaryImageOfPage":{"@id":"https:\/\/adria-klik.com\/proizvod\/novo-novi-val-ipa-05-l-pivovara-medvedgrad\/#primaryimage"},"image":{"@id":"https:\/\/adria-klik.com\/proizvod\/novo-novi-val-ipa-05-l-pivovara-medvedgrad\/#primaryimage"},"thumbnailUrl":"https:\/\/adria-klik.com\/wp-content\/uploads\/2021\/07\/novi-val-IPA-pivovara-medvedgrad-pivo_05l-dostava-pive-500ml-adria_supply_bolt_kupipovoljno-adria-klik-brza-dostava-internet-ducan-shop-delivery-in-zagreb-groceries-supermaket-croatia.jpg","datePublished":"2021-07-02T23:02:11+00:00","dateModified":"2021-07-02T23:06:22+00:00","description":"Poklon paketi | Poslovni pokoni | Poklon za ro\u0111endan | Unikatni autohtoni poklon paketi | Gift Box | Gift basket | Adria-Klik Supply webshop trgovina dostava namirnica, vina, craft piva i delicija Superbrza dostava Zagreb Wolt Glovo Hrvatska i EU DPD GLS - profesionalna vinska logistika #kupujmohrvatsko Naruci online, sigurna kupovina i brza dostava Croatia Unique Craft Beer Gift box \/ basket - Premium Craft beer gift box Nova runda brewery | Croatia autochthonous variety of wine Gift box unique - Autohtona sorta vina Poklon paket - Poslovni pokloni | Pokloni za ro\u0111endan i sve ostale prigode Plavac mali Dinga\u010d i Postup |Po\u0161ip | Grk | Malvazija | \u0160krlet | Pjenu\u0161ci |","breadcrumb":{"@id":"https:\/\/adria-klik.com\/proizvod\/novo-novi-val-ipa-05-l-pivovara-medvedgrad\/#breadcrumb"},"inLanguage":"en-US","potentialAction":[{"@type":"ReadAction","target":["https:\/\/adria-klik.com\/proizvod\/novo-novi-val-ipa-05-l-pivovara-medvedgrad\/"]}]},{"@type":"ImageObject","inLanguage":"en-US","@id":"https:\/\/adria-klik.com\/proizvod\/novo-novi-val-ipa-05-l-pivovara-medvedgrad\/#primaryimage","url":"https:\/\/adria-klik.com\/wp-content\/uploads\/2021\/07\/novi-val-IPA-pivovara-medvedgrad-pivo_05l-dostava-pive-500ml-adria_supply_bolt_kupipovoljno-adria-klik-brza-dostava-internet-ducan-shop-delivery-in-zagreb-groceries-supermaket-croatia.jpg","contentUrl":"https:\/\/adria-klik.com\/wp-content\/uploads\/2021\/07\/novi-val-IPA-pivovara-medvedgrad-pivo_05l-dostava-pive-500ml-adria_supply_bolt_kupipovoljno-adria-klik-brza-dostava-internet-ducan-shop-delivery-in-zagreb-groceries-supermaket-croatia.jpg","width":1500,"height":1500,"caption":"New! Novi Val IPA 0.5 l Medvedgrad Brewery Adria-Klik.com Brewery Medvedrgad delivery Craft beer, wine, CBD and delicacies New! IPA of a different taste Superb balance and wonderful aroma Three exotic hops of the New World Order free delivery of Craft beer"},{"@type":"BreadcrumbList","@id":"https:\/\/adria-klik.com\/proizvod\/novo-novi-val-ipa-05-l-pivovara-medvedgrad\/#breadcrumb","itemListElement":[{"@type":"ListItem","position":1,"name":"Po\u010detna stranica","item":"https:\/\/adria-klik.com\/en\/"},{"@type":"ListItem","position":2,"name":"Shop","item":"https:\/\/adria-klik.com\/shop\/"},{"@type":"ListItem","position":3,"name":"New! Novi Val IPA 0.5 l Medvedgrad Brewery"}]},{"@type":"WebSite","@id":"https:\/\/adria-klik.com\/#website","url":"https:\/\/adria-klik.com\/","name":"Adria-Klik.com","description":"Unikatni poklon paketi, Vina, Craft pivo &amp; Delicije - webshop","publisher":{"@id":"https:\/\/adria-klik.com\/#organization"},"potentialAction":[{"@type":"SearchAction","target":{"@type":"EntryPoint","urlTemplate":"https:\/\/adria-klik.com\/?s={search_term_string}"},"query-input":{"@type":"PropertyValueSpecification","valueRequired":true,"valueName":"search_term_string"}}],"inLanguage":"en-US"},{"@type":"Organization","@id":"https:\/\/adria-klik.com\/#organization","name":"Adria-Klik.com","alternateName":"AK","url":"https:\/\/adria-klik.com\/","logo":{"@type":"ImageObject","inLanguage":"en-US","@id":"https:\/\/adria-klik.com\/#\/schema\/logo\/image\/","url":"https:\/\/adria-klik.com\/wp-content\/uploads\/2025\/12\/Adria-Klik_com-logo-namirnice-vina-craft-pivo-delikatese-delicije-artisan-cokolada.jpg","contentUrl":"https:\/\/adria-klik.com\/wp-content\/uploads\/2025\/12\/Adria-Klik_com-logo-namirnice-vina-craft-pivo-delikatese-delicije-artisan-cokolada.jpg","width":500,"height":500,"caption":"Adria-Klik.com"},"image":{"@id":"https:\/\/adria-klik.com\/#\/schema\/logo\/image\/"},"sameAs":["https:\/\/www.facebook.com\/profile.php?id=100064209425136","https:\/\/www.instagram.com\/adriaklik\/","https:\/\/www.youtube.com\/user\/PlavacmaliZagreb"]}]}},"jetpack_sharing_enabled":true,"jetpack-related-posts":[],"_links":{"self":[{"href":"https:\/\/adria-klik.com\/en\/wp-json\/wp\/v2\/product\/15622","targetHints":{"allow":["GET"]}}],"collection":[{"href":"https:\/\/adria-klik.com\/en\/wp-json\/wp\/v2\/product"}],"about":[{"href":"https:\/\/adria-klik.com\/en\/wp-json\/wp\/v2\/types\/product"}],"replies":[{"embeddable":true,"href":"https:\/\/adria-klik.com\/en\/wp-json\/wp\/v2\/comments?post=15622"}],"wp:featuredmedia":[{"embeddable":true,"href":"https:\/\/adria-klik.com\/en\/wp-json\/wp\/v2\/media\/15624"}],"wp:attachment":[{"href":"https:\/\/adria-klik.com\/en\/wp-json\/wp\/v2\/media?parent=15622"}],"wp:term":[{"taxonomy":"product_brand","embeddable":true,"href":"https:\/\/adria-klik.com\/en\/wp-json\/wp\/v2\/product_brand?post=15622"},{"taxonomy":"product_cat","embeddable":true,"href":"https:\/\/adria-klik.com\/en\/wp-json\/wp\/v2\/product_cat?post=15622"},{"taxonomy":"product_tag","embeddable":true,"href":"https:\/\/adria-klik.com\/en\/wp-json\/wp\/v2\/product_tag?post=15622"},{"taxonomy":"berocket_brand","embeddable":true,"href":"https:\/\/adria-klik.com\/en\/wp-json\/wp\/v2\/berocket_brand?post=15622"}],"curies":[{"name":"wp","href":"https:\/\/api.w.org\/{rel}","templated":true}]}}