{"id":15685,"date":"2021-07-09T01:37:03","date_gmt":"2021-07-08T23:37:03","guid":{"rendered":"https:\/\/adria.riot.hr\/proizvod\/premium-tonic-water-cherry-0195-l-x-6-kom-bontonic\/"},"modified":"2023-04-25T21:32:46","modified_gmt":"2023-04-25T19:32:46","slug":"premium-tonic-water-cherry-0195-l-x-6-kom-bontonic","status":"publish","type":"product","link":"https:\/\/adria-klik.com\/en\/proizvod\/premium-tonic-water-cherry-0195-l-x-6-kom-bontonic\/","title":{"rendered":"Premium Tonic Water Cherry 0,195 l X 6 kom Bontonic"},"content":{"rendered":"<ul>\n<li>Premium Tonic Bontonic 6 pack<\/li>\n<li>Okus Cherry Cherry<\/li>\n<li>For sophisticated ladies and gentlemen<\/li>\n<li>Made in Coratia<\/li>\n<li>Gazirano osvje\u017eavaju\u0107e bezalkoholno pi\u0107e s dodatkom \u0161e\u010dera<\/li>\n<li>Bontonic Gin&#8217;s best friend<\/li>\n<li>Va\u0161i fini maniri i BONTONIC u kombinaciji s najdra\u017eim Ginom pretvorit \u0107e svaki Party u senzaciju<\/li>\n<li>Pakiranje 0,195 l<\/li>\n<li>Naru\u010di dostavu tonic water Bon tonic<\/li>\n<\/ul>\n","protected":false},"excerpt":{"rendered":"<ul>\n<li>Premium Tonic Bontonic 6 pack pakiranje<\/li>\n<li>Okus Cherry Vi\u0161nja 6 komada<\/li>\n<li>Za profinjene dame i gospodu<\/li>\n<li>#kupujmohrvatsko<\/li>\n<li>Gazirano osvje\u017eavaju\u0107e bezalkoholno pi\u0107e s dodatkom \u0161e\u010dera<\/li>\n<li>Bontonic Gin&#8217;s best friend<\/li>\n<li>Va\u0161i fini maniri i BONTONIC u kombinaciji s najdra\u017eim Ginom pretvorit \u0107e svaki Party u senzaciju<\/li>\n<li>Pakiranje 0,195 l<\/li>\n<li>Naru\u010di dostavu tonic water Bon tonic<\/li>\n<\/ul>\n","protected":false},"featured_media":15684,"comment_status":"open","ping_status":"closed","template":"","meta":{"_acf_changed":false},"product_brand":[],"product_cat":[379,416,1160,387],"product_tag":[1472,1471],"berocket_brand":[1462],"class_list":{"0":"post-15685","1":"product","2":"type-product","3":"status-publish","4":"has-post-thumbnail","6":"product_cat-beverages","7":"product_cat-juices","8":"product_cat-our-recommendation","9":"product_cat-premium","10":"product_tag-6-pack-cherry-premium-tonic-en","11":"product_tag-premium-tonic-water-cherry-0-en","12":"berocket_brand-bontonic-en","14":"first","15":"outofstock","16":"sale","17":"featured","18":"shipping-taxable","19":"purchasable","20":"product-type-simple"},"acf":[],"yoast_head":"<!-- This site is optimized with the Yoast SEO plugin v26.9 - https:\/\/yoast.com\/product\/yoast-seo-wordpress\/ -->\n<title>Premium Tonic Water Cherry 0,195 l X 6 kom Bontonic - Adria-Klik.com<\/title>\n<meta name=\"description\" content=\"Premium Tonic Water Cherry 0,195 l X 6 komada 6 pack Bontonic naru\u010di online dostavu adria-klik.com i u\u017eivaj u premium pi\u0107ima\" \/>\n<meta name=\"robots\" content=\"index, follow, max-snippet:-1, max-image-preview:large, max-video-preview:-1\" \/>\n<link rel=\"canonical\" href=\"https:\/\/adria-klik.com\/?post_type=product&p=15682\" \/>\n<meta property=\"og:locale\" content=\"en_US\" \/>\n<meta property=\"og:type\" content=\"article\" \/>\n<meta property=\"og:title\" content=\"Premium Tonic Water Cherry 0,195 l X 6 komada 6 pack Bontonic naru\u010di online dostavu adria-klik.com i u\u017eivaj u premium pi\u0107ima\" \/>\n<meta property=\"og:description\" content=\"Premium Tonic Water Cherry 0,195 l X 6 komada 6 pack Bontonic naru\u010di online dostavu adria-klik.com i u\u017eivaj u premium pi\u0107ima\" \/>\n<meta property=\"og:url\" content=\"https:\/\/adria-klik.com\/?post_type=product&amp;p=15682\" \/>\n<meta property=\"og:site_name\" content=\"Adria-Klik.com\" \/>\n<meta property=\"article:publisher\" content=\"https:\/\/www.facebook.com\/profile.php?id=100064209425136\" \/>\n<meta property=\"article:modified_time\" content=\"2023-04-25T19:32:46+00:00\" \/>\n<meta property=\"og:image\" content=\"https:\/\/adria-klik.com\/wp-content\/uploads\/2021\/07\/Premium-tonic-water-sophisiticated-taste-6pack-6x-6kom-bontonic-bon-tonic-water-cherry-0195l-hrvatska-Adria-Klik_Supply_brza_dostava_ducan_webshop_Croatia-fast_delivery-wolt-glovo-bolt-food.jpg\" \/>\n<meta name=\"twitter:card\" content=\"summary_large_image\" \/>\n<meta name=\"twitter:title\" content=\"Premium Tonic Water Cherry 0,195 l X 6 komada 6 pack Bontonic naru\u010di online dostavu adria-klik.com i u\u017eivaj u premium pi\u0107ima\" \/>\n<meta name=\"twitter:description\" content=\"Premium Tonic Water Cherry 0,195 l X 6 komada 6 pack Bontonic naru\u010di online dostavu adria-klik.com i u\u017eivaj u premium pi\u0107ima\" \/>\n<meta name=\"twitter:image\" content=\"https:\/\/adria-klik.com\/wp-content\/uploads\/2021\/07\/Premium-tonic-water-sophisiticated-taste-6pack-6x-6kom-bontonic-bon-tonic-water-cherry-0195l-hrvatska-Adria-Klik_Supply_brza_dostava_ducan_webshop_Croatia-fast_delivery-wolt-glovo-bolt-food.jpg\" \/>\n<script type=\"application\/ld+json\" class=\"yoast-schema-graph\">{\"@context\":\"https:\/\/schema.org\",\"@graph\":[{\"@type\":\"WebPage\",\"@id\":\"https:\/\/adria-klik.com\/?post_type=product&p=15682\",\"url\":\"https:\/\/adria-klik.com\/?post_type=product&p=15682\",\"name\":\"Premium Tonic Water Cherry 0,195 l X 6 kom Bontonic - Adria-Klik.com\",\"isPartOf\":{\"@id\":\"https:\/\/adria-klik.com\/#website\"},\"primaryImageOfPage\":{\"@id\":\"https:\/\/adria-klik.com\/?post_type=product&p=15682#primaryimage\"},\"image\":{\"@id\":\"https:\/\/adria-klik.com\/?post_type=product&p=15682#primaryimage\"},\"thumbnailUrl\":\"https:\/\/adria-klik.com\/wp-content\/uploads\/2021\/07\/Premium-tonic-water-sophisiticated-taste-6pack-6x-6kom-bontonic-bon-tonic-water-cherry-0195l-hrvatska-Adria-Klik_Supply_brza_dostava_ducan_webshop_Croatia-fast_delivery-wolt-glovo-bolt-food.jpg\",\"datePublished\":\"2021-07-08T23:37:03+00:00\",\"dateModified\":\"2023-04-25T19:32:46+00:00\",\"description\":\"Premium Tonic Water Cherry 0,195 l X 6 komada 6 pack Bontonic naru\u010di online dostavu adria-klik.com i u\u017eivaj u premium pi\u0107ima\",\"breadcrumb\":{\"@id\":\"https:\/\/adria-klik.com\/?post_type=product&p=15682#breadcrumb\"},\"inLanguage\":\"en-US\",\"potentialAction\":[{\"@type\":\"ReadAction\",\"target\":[\"https:\/\/adria-klik.com\/?post_type=product&p=15682\"]}]},{\"@type\":\"ImageObject\",\"inLanguage\":\"en-US\",\"@id\":\"https:\/\/adria-klik.com\/?post_type=product&p=15682#primaryimage\",\"url\":\"https:\/\/adria-klik.com\/wp-content\/uploads\/2021\/07\/Premium-tonic-water-sophisiticated-taste-6pack-6x-6kom-bontonic-bon-tonic-water-cherry-0195l-hrvatska-Adria-Klik_Supply_brza_dostava_ducan_webshop_Croatia-fast_delivery-wolt-glovo-bolt-food.jpg\",\"contentUrl\":\"https:\/\/adria-klik.com\/wp-content\/uploads\/2021\/07\/Premium-tonic-water-sophisiticated-taste-6pack-6x-6kom-bontonic-bon-tonic-water-cherry-0195l-hrvatska-Adria-Klik_Supply_brza_dostava_ducan_webshop_Croatia-fast_delivery-wolt-glovo-bolt-food.jpg\",\"width\":1500,\"height\":1500,\"caption\":\"Premium Tonic Water Ginger Ale 0,195 l X 6 kom Bontonic\"},{\"@type\":\"BreadcrumbList\",\"@id\":\"https:\/\/adria-klik.com\/?post_type=product&p=15682#breadcrumb\",\"itemListElement\":[{\"@type\":\"ListItem\",\"position\":1,\"name\":\"Po\u010detna stranica\",\"item\":\"https:\/\/adria-klik.com\/en\/\"},{\"@type\":\"ListItem\",\"position\":2,\"name\":\"Shop\",\"item\":\"https:\/\/adria-klik.com\/shop\/\"},{\"@type\":\"ListItem\",\"position\":3,\"name\":\"Premium Tonic Water Cherry 0,195 l X 6 kom Bontonic\"}]},{\"@type\":\"WebSite\",\"@id\":\"https:\/\/adria-klik.com\/#website\",\"url\":\"https:\/\/adria-klik.com\/\",\"name\":\"Adria-Klik.com\",\"description\":\"Unikatni poklon paketi, Vina, Craft pivo &amp; Delicije - webshop\",\"publisher\":{\"@id\":\"https:\/\/adria-klik.com\/#organization\"},\"potentialAction\":[{\"@type\":\"SearchAction\",\"target\":{\"@type\":\"EntryPoint\",\"urlTemplate\":\"https:\/\/adria-klik.com\/?s={search_term_string}\"},\"query-input\":{\"@type\":\"PropertyValueSpecification\",\"valueRequired\":true,\"valueName\":\"search_term_string\"}}],\"inLanguage\":\"en-US\"},{\"@type\":\"Organization\",\"@id\":\"https:\/\/adria-klik.com\/#organization\",\"name\":\"Adria-Klik.com\",\"alternateName\":\"AK\",\"url\":\"https:\/\/adria-klik.com\/\",\"logo\":{\"@type\":\"ImageObject\",\"inLanguage\":\"en-US\",\"@id\":\"https:\/\/adria-klik.com\/#\/schema\/logo\/image\/\",\"url\":\"https:\/\/adria-klik.com\/wp-content\/uploads\/2025\/12\/Adria-Klik_com-logo-namirnice-vina-craft-pivo-delikatese-delicije-artisan-cokolada.jpg\",\"contentUrl\":\"https:\/\/adria-klik.com\/wp-content\/uploads\/2025\/12\/Adria-Klik_com-logo-namirnice-vina-craft-pivo-delikatese-delicije-artisan-cokolada.jpg\",\"width\":500,\"height\":500,\"caption\":\"Adria-Klik.com\"},\"image\":{\"@id\":\"https:\/\/adria-klik.com\/#\/schema\/logo\/image\/\"},\"sameAs\":[\"https:\/\/www.facebook.com\/profile.php?id=100064209425136\",\"https:\/\/www.instagram.com\/adriaklik\/\",\"https:\/\/www.youtube.com\/user\/PlavacmaliZagreb\"]}]}<\/script>\n<!-- \/ Yoast SEO plugin. -->","yoast_head_json":{"title":"Premium Tonic Water Cherry 0,195 l X 6 kom Bontonic - Adria-Klik.com","description":"Premium Tonic Water Cherry 0,195 l X 6 komada 6 pack Bontonic naru\u010di online dostavu adria-klik.com i u\u017eivaj u premium pi\u0107ima","robots":{"index":"index","follow":"follow","max-snippet":"max-snippet:-1","max-image-preview":"max-image-preview:large","max-video-preview":"max-video-preview:-1"},"canonical":"https:\/\/adria-klik.com\/?post_type=product&p=15682","og_locale":"en_US","og_type":"article","og_title":"Premium Tonic Water Cherry 0,195 l X 6 komada 6 pack Bontonic naru\u010di online dostavu adria-klik.com i u\u017eivaj u premium pi\u0107ima","og_description":"Premium Tonic Water Cherry 0,195 l X 6 komada 6 pack Bontonic naru\u010di online dostavu adria-klik.com i u\u017eivaj u premium pi\u0107ima","og_url":"https:\/\/adria-klik.com\/?post_type=product&p=15682","og_site_name":"Adria-Klik.com","article_publisher":"https:\/\/www.facebook.com\/profile.php?id=100064209425136","article_modified_time":"2023-04-25T19:32:46+00:00","og_image":[{"url":"https:\/\/adria-klik.com\/wp-content\/uploads\/2021\/07\/Premium-tonic-water-sophisiticated-taste-6pack-6x-6kom-bontonic-bon-tonic-water-cherry-0195l-hrvatska-Adria-Klik_Supply_brza_dostava_ducan_webshop_Croatia-fast_delivery-wolt-glovo-bolt-food.jpg","type":"","width":"","height":""}],"twitter_card":"summary_large_image","twitter_title":"Premium Tonic Water Cherry 0,195 l X 6 komada 6 pack Bontonic naru\u010di online dostavu adria-klik.com i u\u017eivaj u premium pi\u0107ima","twitter_description":"Premium Tonic Water Cherry 0,195 l X 6 komada 6 pack Bontonic naru\u010di online dostavu adria-klik.com i u\u017eivaj u premium pi\u0107ima","twitter_image":"https:\/\/adria-klik.com\/wp-content\/uploads\/2021\/07\/Premium-tonic-water-sophisiticated-taste-6pack-6x-6kom-bontonic-bon-tonic-water-cherry-0195l-hrvatska-Adria-Klik_Supply_brza_dostava_ducan_webshop_Croatia-fast_delivery-wolt-glovo-bolt-food.jpg","schema":{"@context":"https:\/\/schema.org","@graph":[{"@type":"WebPage","@id":"https:\/\/adria-klik.com\/?post_type=product&p=15682","url":"https:\/\/adria-klik.com\/?post_type=product&p=15682","name":"Premium Tonic Water Cherry 0,195 l X 6 kom Bontonic - Adria-Klik.com","isPartOf":{"@id":"https:\/\/adria-klik.com\/#website"},"primaryImageOfPage":{"@id":"https:\/\/adria-klik.com\/?post_type=product&p=15682#primaryimage"},"image":{"@id":"https:\/\/adria-klik.com\/?post_type=product&p=15682#primaryimage"},"thumbnailUrl":"https:\/\/adria-klik.com\/wp-content\/uploads\/2021\/07\/Premium-tonic-water-sophisiticated-taste-6pack-6x-6kom-bontonic-bon-tonic-water-cherry-0195l-hrvatska-Adria-Klik_Supply_brza_dostava_ducan_webshop_Croatia-fast_delivery-wolt-glovo-bolt-food.jpg","datePublished":"2021-07-08T23:37:03+00:00","dateModified":"2023-04-25T19:32:46+00:00","description":"Premium Tonic Water Cherry 0,195 l X 6 komada 6 pack Bontonic naru\u010di online dostavu adria-klik.com i u\u017eivaj u premium pi\u0107ima","breadcrumb":{"@id":"https:\/\/adria-klik.com\/?post_type=product&p=15682#breadcrumb"},"inLanguage":"en-US","potentialAction":[{"@type":"ReadAction","target":["https:\/\/adria-klik.com\/?post_type=product&p=15682"]}]},{"@type":"ImageObject","inLanguage":"en-US","@id":"https:\/\/adria-klik.com\/?post_type=product&p=15682#primaryimage","url":"https:\/\/adria-klik.com\/wp-content\/uploads\/2021\/07\/Premium-tonic-water-sophisiticated-taste-6pack-6x-6kom-bontonic-bon-tonic-water-cherry-0195l-hrvatska-Adria-Klik_Supply_brza_dostava_ducan_webshop_Croatia-fast_delivery-wolt-glovo-bolt-food.jpg","contentUrl":"https:\/\/adria-klik.com\/wp-content\/uploads\/2021\/07\/Premium-tonic-water-sophisiticated-taste-6pack-6x-6kom-bontonic-bon-tonic-water-cherry-0195l-hrvatska-Adria-Klik_Supply_brza_dostava_ducan_webshop_Croatia-fast_delivery-wolt-glovo-bolt-food.jpg","width":1500,"height":1500,"caption":"Premium Tonic Water Ginger Ale 0,195 l X 6 kom Bontonic"},{"@type":"BreadcrumbList","@id":"https:\/\/adria-klik.com\/?post_type=product&p=15682#breadcrumb","itemListElement":[{"@type":"ListItem","position":1,"name":"Po\u010detna stranica","item":"https:\/\/adria-klik.com\/en\/"},{"@type":"ListItem","position":2,"name":"Shop","item":"https:\/\/adria-klik.com\/shop\/"},{"@type":"ListItem","position":3,"name":"Premium Tonic Water Cherry 0,195 l X 6 kom Bontonic"}]},{"@type":"WebSite","@id":"https:\/\/adria-klik.com\/#website","url":"https:\/\/adria-klik.com\/","name":"Adria-Klik.com","description":"Unikatni poklon paketi, Vina, Craft pivo &amp; Delicije - webshop","publisher":{"@id":"https:\/\/adria-klik.com\/#organization"},"potentialAction":[{"@type":"SearchAction","target":{"@type":"EntryPoint","urlTemplate":"https:\/\/adria-klik.com\/?s={search_term_string}"},"query-input":{"@type":"PropertyValueSpecification","valueRequired":true,"valueName":"search_term_string"}}],"inLanguage":"en-US"},{"@type":"Organization","@id":"https:\/\/adria-klik.com\/#organization","name":"Adria-Klik.com","alternateName":"AK","url":"https:\/\/adria-klik.com\/","logo":{"@type":"ImageObject","inLanguage":"en-US","@id":"https:\/\/adria-klik.com\/#\/schema\/logo\/image\/","url":"https:\/\/adria-klik.com\/wp-content\/uploads\/2025\/12\/Adria-Klik_com-logo-namirnice-vina-craft-pivo-delikatese-delicije-artisan-cokolada.jpg","contentUrl":"https:\/\/adria-klik.com\/wp-content\/uploads\/2025\/12\/Adria-Klik_com-logo-namirnice-vina-craft-pivo-delikatese-delicije-artisan-cokolada.jpg","width":500,"height":500,"caption":"Adria-Klik.com"},"image":{"@id":"https:\/\/adria-klik.com\/#\/schema\/logo\/image\/"},"sameAs":["https:\/\/www.facebook.com\/profile.php?id=100064209425136","https:\/\/www.instagram.com\/adriaklik\/","https:\/\/www.youtube.com\/user\/PlavacmaliZagreb"]}]}},"jetpack_sharing_enabled":true,"jetpack-related-posts":[],"_links":{"self":[{"href":"https:\/\/adria-klik.com\/en\/wp-json\/wp\/v2\/product\/15685","targetHints":{"allow":["GET"]}}],"collection":[{"href":"https:\/\/adria-klik.com\/en\/wp-json\/wp\/v2\/product"}],"about":[{"href":"https:\/\/adria-klik.com\/en\/wp-json\/wp\/v2\/types\/product"}],"replies":[{"embeddable":true,"href":"https:\/\/adria-klik.com\/en\/wp-json\/wp\/v2\/comments?post=15685"}],"wp:featuredmedia":[{"embeddable":true,"href":"https:\/\/adria-klik.com\/en\/wp-json\/wp\/v2\/media\/15684"}],"wp:attachment":[{"href":"https:\/\/adria-klik.com\/en\/wp-json\/wp\/v2\/media?parent=15685"}],"wp:term":[{"taxonomy":"product_brand","embeddable":true,"href":"https:\/\/adria-klik.com\/en\/wp-json\/wp\/v2\/product_brand?post=15685"},{"taxonomy":"product_cat","embeddable":true,"href":"https:\/\/adria-klik.com\/en\/wp-json\/wp\/v2\/product_cat?post=15685"},{"taxonomy":"product_tag","embeddable":true,"href":"https:\/\/adria-klik.com\/en\/wp-json\/wp\/v2\/product_tag?post=15685"},{"taxonomy":"berocket_brand","embeddable":true,"href":"https:\/\/adria-klik.com\/en\/wp-json\/wp\/v2\/berocket_brand?post=15685"}],"curies":[{"name":"wp","href":"https:\/\/api.w.org\/{rel}","templated":true}]}}