{"id":15722,"date":"2021-07-18T20:52:28","date_gmt":"2021-07-18T18:52:28","guid":{"rendered":"https:\/\/adria.riot.hr\/?post_type=product&#038;p=15722"},"modified":"2023-04-25T21:31:49","modified_gmt":"2023-04-25T19:31:49","slug":"postup-plavac-mali-peljesac-075l-palihnic","status":"publish","type":"product","link":"https:\/\/adria-klik.com\/en\/proizvod\/postup-plavac-mali-peljesac-075l-palihnic\/","title":{"rendered":"Postup Plavac Mali Pelje\u0161ac 0,75l Palihni\u0107"},"content":{"rendered":"<ul>\n<li>Indigenous grape variety Plavac mali<\/li>\n<li>Premium Top Quality wine<\/li>\n<li>It owes its rich taste to the steep slopes of Postup &#8211; Pelje\u0161ac<\/li>\n<li>Palihni\u0107 Pelje\u0161ac Vineyard<\/li>\n<li>Postup\u00a0 Plavac mali is a premium red dry wine produced from grapes of the autochthonous variety Plavac mali<\/li>\n<li>Proven best position for growing the variety Plavac mali, Dinga\u010d and Postup &#8211; Pelje\u0161ac<\/li>\n<li>A recognizable taste that only Postup Pelje\u0161ac can offer<\/li>\n<li>Careful processing and care in oak barrique barrels<\/li>\n<li>A wine that perfectly presents all the splendor of the Plavac Mali variety<\/li>\n<li>Multiple winner of the championship awards on Sabatina<\/li>\n<li>It is characterized by moderately radiated tannins, full body and aromas of dried berries. We recommend decanting before consumption<\/li>\n<li>Plavac small autochthonous variety of &#8220;parents&#8221; Zinfandel \/ Prmitivo \/ Crljenak \/ Ka\u0161telanski Crljenak \/ Pribridrag<\/li>\n<li>Order online delivery of Plavac mali Postup wine<\/li>\n<\/ul>\n","protected":false},"excerpt":{"rendered":"<ul>\n<li>Indigenous grape variety Plavac mali<\/li>\n<li>Premium Top Quality wine<\/li>\n<li>It owes its rich taste to the steep slopes of Postup &#8211; Pelje\u0161ac<\/li>\n<li>Palihni\u0107 Pelje\u0161ac Vineyard<\/li>\n<li>Postup\u00a0 Plavac mali is a premium red dry wine produced from grapes of the autochthonous variety Plavac mali<\/li>\n<li>Proven best position for growing the variety Plavac mali, Dinga\u010d and Postup &#8211; Pelje\u0161ac<\/li>\n<li>A recognizable taste that only Postup Pelje\u0161ac can offer<\/li>\n<li>Careful processing and care in oak barrique barrels<\/li>\n<li>A wine that perfectly presents all the splendor of the Plavac Mali variety<\/li>\n<li>Multiple winner of the championship awards on Sabatina<\/li>\n<li>It is characterized by moderately radiated tannins, full body and aromas of dried berries. We recommend decanting before consumption<\/li>\n<li>Plavac small autochthonous variety of &#8220;parents&#8221; Zinfandel \/ Prmitivo \/ Crljenak \/ Ka\u0161telanski Crljenak \/ Pribridrag<\/li>\n<li>Order online delivery of Plavac mali Postup wine<\/li>\n<li><\/li>\n<\/ul>\n","protected":false},"featured_media":15724,"comment_status":"open","ping_status":"closed","template":"","meta":{"_acf_changed":false},"product_brand":[],"product_cat":[1381,1382,1380,425,382,1378],"product_tag":[1490,499,501],"berocket_brand":[1485],"class_list":{"0":"post-15722","1":"product","2":"type-product","3":"status-publish","4":"has-post-thumbnail","6":"product_cat-dostava-en","7":"product_cat-europa-en","8":"product_cat-hrvatska-en","9":"product_cat-red","10":"product_cat-wine","11":"product_cat-zagreb-en","12":"product_tag-crljenak","13":"product_tag-plavac-mali","14":"product_tag-plavac-mali-en","15":"berocket_brand-palihnic","17":"first","18":"instock","19":"sale","20":"featured","21":"shipping-taxable","22":"purchasable","23":"product-type-simple"},"acf":[],"yoast_head":"<!-- This site is optimized with the Yoast SEO plugin v26.9 - https:\/\/yoast.com\/product\/yoast-seo-wordpress\/ -->\n<title>Postup Plavac Mali Pelje\u0161ac 0,75l Palihni\u0107 - Adria-Klik.com<\/title>\n<meta name=\"description\" content=\"Poklon paketi | Poslovni pokoni | Poklon za ro\u0111endan | Unikatni autohtoni poklon paketi | Gift Box | Gift basket | Adria-Klik Supply webshop trgovina dostava namirnica, vina, craft piva i delicija Superbrza dostava Zagreb Wolt Glovo Hrvatska i EU DPD GLS - profesionalna vinska logistika #kupujmohrvatsko Naruci online, sigurna kupovina i brza dostava Croatia Unique Craft Beer Gift box \/ basket - Premium Craft beer gift box Nova runda brewery | Croatia autochthonous variety of wine Gift box unique - Autohtona sorta vina Poklon paket - Poslovni pokloni | Pokloni za ro\u0111endan i sve ostale prigode Plavac mali Dinga\u010d i Postup |Po\u0161ip | Grk | Malvazija | \u0160krlet | Pjenu\u0161ci |\" \/>\n<meta name=\"robots\" content=\"index, follow, max-snippet:-1, max-image-preview:large, max-video-preview:-1\" \/>\n<link rel=\"canonical\" href=\"https:\/\/adria-klik.com\/proizvod\/postup-plavac-mali-peljesac-075l-palihnic-postup\/\" \/>\n<meta property=\"og:locale\" content=\"en_US\" \/>\n<meta property=\"og:type\" content=\"article\" \/>\n<meta property=\"og:title\" content=\"Postup Plavac Mali Pelje\u0161ac 0,75l Palihni\u0107 - Adria-Klik.com\" \/>\n<meta property=\"og:description\" content=\"Poklon paketi | Poslovni pokoni | Poklon za ro\u0111endan | Unikatni autohtoni poklon paketi | Gift Box | Gift basket | Adria-Klik Supply webshop trgovina dostava namirnica, vina, craft piva i delicija Superbrza dostava Zagreb Wolt Glovo Hrvatska i EU DPD GLS - profesionalna vinska logistika #kupujmohrvatsko Naruci online, sigurna kupovina i brza dostava Croatia Unique Craft Beer Gift box \/ basket - Premium Craft beer gift box Nova runda brewery | Croatia autochthonous variety of wine Gift box unique - Autohtona sorta vina Poklon paket - Poslovni pokloni | Pokloni za ro\u0111endan i sve ostale prigode Plavac mali Dinga\u010d i Postup |Po\u0161ip | Grk | Malvazija | \u0160krlet | Pjenu\u0161ci |\" \/>\n<meta property=\"og:url\" content=\"https:\/\/adria-klik.com\/proizvod\/postup-plavac-mali-peljesac-075l-palihnic-postup\/\" \/>\n<meta property=\"og:site_name\" content=\"Adria-Klik.com\" \/>\n<meta property=\"article:publisher\" content=\"https:\/\/www.facebook.com\/profile.php?id=100064209425136\" \/>\n<meta property=\"article:modified_time\" content=\"2023-04-25T19:31:49+00:00\" \/>\n<meta property=\"og:image\" content=\"https:\/\/adria-klik.com\/wp-content\/uploads\/2021\/07\/dingac-Palihnic-Peljeski-Vinogradar-Plavac-mali-0-75l-Peljesac-Premium-100-natural-Adria-Klik_Webshop-ducan-eko-croatia-prozvod-wein-kroatien-wine-zinfandel-wolt-glovo-pauza-bolt.jpg\" \/>\n<meta name=\"twitter:card\" content=\"summary_large_image\" \/>\n<meta name=\"twitter:image\" content=\"https:\/\/adria-klik.com\/wp-content\/uploads\/2021\/07\/dingac-Palihnic-Peljeski-Vinogradar-Plavac-mali-0-75l-Peljesac-Premium-100-natural-Adria-Klik_Webshop-ducan-eko-croatia-prozvod-wein-kroatien-wine-zinfandel-wolt-glovo-pauza-bolt.jpg\" \/>\n<meta name=\"twitter:label1\" content=\"Est. reading time\" \/>\n\t<meta name=\"twitter:data1\" content=\"1 minute\" \/>\n<script type=\"application\/ld+json\" class=\"yoast-schema-graph\">{\"@context\":\"https:\/\/schema.org\",\"@graph\":[{\"@type\":\"WebPage\",\"@id\":\"https:\/\/adria-klik.com\/proizvod\/postup-plavac-mali-peljesac-075l-palihnic-postup\/\",\"url\":\"https:\/\/adria-klik.com\/proizvod\/postup-plavac-mali-peljesac-075l-palihnic-postup\/\",\"name\":\"Postup Plavac Mali Pelje\u0161ac 0,75l Palihni\u0107 - Adria-Klik.com\",\"isPartOf\":{\"@id\":\"https:\/\/adria-klik.com\/#website\"},\"primaryImageOfPage\":{\"@id\":\"https:\/\/adria-klik.com\/proizvod\/postup-plavac-mali-peljesac-075l-palihnic-postup\/#primaryimage\"},\"image\":{\"@id\":\"https:\/\/adria-klik.com\/proizvod\/postup-plavac-mali-peljesac-075l-palihnic-postup\/#primaryimage\"},\"thumbnailUrl\":\"https:\/\/adria-klik.com\/wp-content\/uploads\/2021\/07\/Postup-dingac-Palihnic-Peljeski-Vinogradar-Plavac-mali-0-75l-Peljesac-Premium-100-natural-Adria-Klik_Webshop-ducan-eko-croatia-prozvod-wein-kroatien-wine-zinfandel-wolt-glovo-pauza-bolt.jpg\",\"datePublished\":\"2021-07-18T18:52:28+00:00\",\"dateModified\":\"2023-04-25T19:31:49+00:00\",\"description\":\"Poklon paketi | Poslovni pokoni | Poklon za ro\u0111endan | Unikatni autohtoni poklon paketi | Gift Box | Gift basket | Adria-Klik Supply webshop trgovina dostava namirnica, vina, craft piva i delicija Superbrza dostava Zagreb Wolt Glovo Hrvatska i EU DPD GLS - profesionalna vinska logistika #kupujmohrvatsko Naruci online, sigurna kupovina i brza dostava Croatia Unique Craft Beer Gift box \/ basket - Premium Craft beer gift box Nova runda brewery | Croatia autochthonous variety of wine Gift box unique - Autohtona sorta vina Poklon paket - Poslovni pokloni | Pokloni za ro\u0111endan i sve ostale prigode Plavac mali Dinga\u010d i Postup |Po\u0161ip | Grk | Malvazija | \u0160krlet | Pjenu\u0161ci |\",\"breadcrumb\":{\"@id\":\"https:\/\/adria-klik.com\/proizvod\/postup-plavac-mali-peljesac-075l-palihnic-postup\/#breadcrumb\"},\"inLanguage\":\"en-US\",\"potentialAction\":[{\"@type\":\"ReadAction\",\"target\":[\"https:\/\/adria-klik.com\/proizvod\/postup-plavac-mali-peljesac-075l-palihnic-postup\/\"]}]},{\"@type\":\"ImageObject\",\"inLanguage\":\"en-US\",\"@id\":\"https:\/\/adria-klik.com\/proizvod\/postup-plavac-mali-peljesac-075l-palihnic-postup\/#primaryimage\",\"url\":\"https:\/\/adria-klik.com\/wp-content\/uploads\/2021\/07\/Postup-dingac-Palihnic-Peljeski-Vinogradar-Plavac-mali-0-75l-Peljesac-Premium-100-natural-Adria-Klik_Webshop-ducan-eko-croatia-prozvod-wein-kroatien-wine-zinfandel-wolt-glovo-pauza-bolt.jpg\",\"contentUrl\":\"https:\/\/adria-klik.com\/wp-content\/uploads\/2021\/07\/Postup-dingac-Palihnic-Peljeski-Vinogradar-Plavac-mali-0-75l-Peljesac-Premium-100-natural-Adria-Klik_Webshop-ducan-eko-croatia-prozvod-wein-kroatien-wine-zinfandel-wolt-glovo-pauza-bolt.jpg\",\"width\":1500,\"height\":1500,\"caption\":\"Vrhunsko vino Postup sorte Plavac mali\u00a0Svoj bogat okus duguje strmim padinama Postup - Pelje\u0161ac 0,75lPalihni\u0107 Pelje\u0161ki VinogradarPostup Plavac mali je Vrhunsko crno suho vino proizvedeno od gro\u017e\u0111a autohtone sorte Plavac maliDokazano uz Dinga\u010d\u00a0 najbolji polo\u017eaj za uzgoj sorte Plavac mali, Postup - Pelje\u0161acPrepoznatljiv okus koji samo Postup Pelje\u0161ac mo\u017ee ponuditiPa\u017eljiva prerada i njega u hrastovim barrique ba\u010dvamaVino koje odli\u010dno prezentira svu rasko\u0161 sorte plavac maliVi\u0161estruki dobitnik \u0161ampionskih nagrada na SabatiniKarakteriziraju ga srednje izra\u010deni tanini, puno tijelo i arome suhog bobi\u010dastog vo\u0107a. Preporu\u010damo dekantirati prije konzumacijePlavac mali autohtona sorta \\\"roditelja\\\"\u00a0 Zinfandel\/ Prmitivo \/ Crljenak \/ Ka\u0161telanski Crljenak \/ PribridragNaru\u010di online dostavu vina Plavac mali Postup\"},{\"@type\":\"BreadcrumbList\",\"@id\":\"https:\/\/adria-klik.com\/proizvod\/postup-plavac-mali-peljesac-075l-palihnic-postup\/#breadcrumb\",\"itemListElement\":[{\"@type\":\"ListItem\",\"position\":1,\"name\":\"Po\u010detna stranica\",\"item\":\"https:\/\/adria-klik.com\/en\/\"},{\"@type\":\"ListItem\",\"position\":2,\"name\":\"Shop\",\"item\":\"https:\/\/adria-klik.com\/shop\/\"},{\"@type\":\"ListItem\",\"position\":3,\"name\":\"Postup Plavac Mali Pelje\u0161ac 0,75l Palihni\u0107\"}]},{\"@type\":\"WebSite\",\"@id\":\"https:\/\/adria-klik.com\/#website\",\"url\":\"https:\/\/adria-klik.com\/\",\"name\":\"Adria-Klik.com\",\"description\":\"Unikatni poklon paketi, Vina, Craft pivo &amp; Delicije - webshop\",\"publisher\":{\"@id\":\"https:\/\/adria-klik.com\/#organization\"},\"potentialAction\":[{\"@type\":\"SearchAction\",\"target\":{\"@type\":\"EntryPoint\",\"urlTemplate\":\"https:\/\/adria-klik.com\/?s={search_term_string}\"},\"query-input\":{\"@type\":\"PropertyValueSpecification\",\"valueRequired\":true,\"valueName\":\"search_term_string\"}}],\"inLanguage\":\"en-US\"},{\"@type\":\"Organization\",\"@id\":\"https:\/\/adria-klik.com\/#organization\",\"name\":\"Adria-Klik.com\",\"alternateName\":\"AK\",\"url\":\"https:\/\/adria-klik.com\/\",\"logo\":{\"@type\":\"ImageObject\",\"inLanguage\":\"en-US\",\"@id\":\"https:\/\/adria-klik.com\/#\/schema\/logo\/image\/\",\"url\":\"https:\/\/adria-klik.com\/wp-content\/uploads\/2025\/12\/Adria-Klik_com-logo-namirnice-vina-craft-pivo-delikatese-delicije-artisan-cokolada.jpg\",\"contentUrl\":\"https:\/\/adria-klik.com\/wp-content\/uploads\/2025\/12\/Adria-Klik_com-logo-namirnice-vina-craft-pivo-delikatese-delicije-artisan-cokolada.jpg\",\"width\":500,\"height\":500,\"caption\":\"Adria-Klik.com\"},\"image\":{\"@id\":\"https:\/\/adria-klik.com\/#\/schema\/logo\/image\/\"},\"sameAs\":[\"https:\/\/www.facebook.com\/profile.php?id=100064209425136\",\"https:\/\/www.instagram.com\/adriaklik\/\",\"https:\/\/www.youtube.com\/user\/PlavacmaliZagreb\"]}]}<\/script>\n<!-- \/ Yoast SEO plugin. -->","yoast_head_json":{"title":"Postup Plavac Mali Pelje\u0161ac 0,75l Palihni\u0107 - Adria-Klik.com","description":"Poklon paketi | Poslovni pokoni | Poklon za ro\u0111endan | Unikatni autohtoni poklon paketi | Gift Box | Gift basket | Adria-Klik Supply webshop trgovina dostava namirnica, vina, craft piva i delicija Superbrza dostava Zagreb Wolt Glovo Hrvatska i EU DPD GLS - profesionalna vinska logistika #kupujmohrvatsko Naruci online, sigurna kupovina i brza dostava Croatia Unique Craft Beer Gift box \/ basket - Premium Craft beer gift box Nova runda brewery | Croatia autochthonous variety of wine Gift box unique - Autohtona sorta vina Poklon paket - Poslovni pokloni | Pokloni za ro\u0111endan i sve ostale prigode Plavac mali Dinga\u010d i Postup |Po\u0161ip | Grk | Malvazija | \u0160krlet | Pjenu\u0161ci |","robots":{"index":"index","follow":"follow","max-snippet":"max-snippet:-1","max-image-preview":"max-image-preview:large","max-video-preview":"max-video-preview:-1"},"canonical":"https:\/\/adria-klik.com\/proizvod\/postup-plavac-mali-peljesac-075l-palihnic-postup\/","og_locale":"en_US","og_type":"article","og_title":"Postup Plavac Mali Pelje\u0161ac 0,75l Palihni\u0107 - Adria-Klik.com","og_description":"Poklon paketi | Poslovni pokoni | Poklon za ro\u0111endan | Unikatni autohtoni poklon paketi | Gift Box | Gift basket | Adria-Klik Supply webshop trgovina dostava namirnica, vina, craft piva i delicija Superbrza dostava Zagreb Wolt Glovo Hrvatska i EU DPD GLS - profesionalna vinska logistika #kupujmohrvatsko Naruci online, sigurna kupovina i brza dostava Croatia Unique Craft Beer Gift box \/ basket - Premium Craft beer gift box Nova runda brewery | Croatia autochthonous variety of wine Gift box unique - Autohtona sorta vina Poklon paket - Poslovni pokloni | Pokloni za ro\u0111endan i sve ostale prigode Plavac mali Dinga\u010d i Postup |Po\u0161ip | Grk | Malvazija | \u0160krlet | Pjenu\u0161ci |","og_url":"https:\/\/adria-klik.com\/proizvod\/postup-plavac-mali-peljesac-075l-palihnic-postup\/","og_site_name":"Adria-Klik.com","article_publisher":"https:\/\/www.facebook.com\/profile.php?id=100064209425136","article_modified_time":"2023-04-25T19:31:49+00:00","og_image":[{"url":"https:\/\/adria-klik.com\/wp-content\/uploads\/2021\/07\/dingac-Palihnic-Peljeski-Vinogradar-Plavac-mali-0-75l-Peljesac-Premium-100-natural-Adria-Klik_Webshop-ducan-eko-croatia-prozvod-wein-kroatien-wine-zinfandel-wolt-glovo-pauza-bolt.jpg","type":"","width":"","height":""}],"twitter_card":"summary_large_image","twitter_image":"https:\/\/adria-klik.com\/wp-content\/uploads\/2021\/07\/dingac-Palihnic-Peljeski-Vinogradar-Plavac-mali-0-75l-Peljesac-Premium-100-natural-Adria-Klik_Webshop-ducan-eko-croatia-prozvod-wein-kroatien-wine-zinfandel-wolt-glovo-pauza-bolt.jpg","twitter_misc":{"Est. reading time":"1 minute"},"schema":{"@context":"https:\/\/schema.org","@graph":[{"@type":"WebPage","@id":"https:\/\/adria-klik.com\/proizvod\/postup-plavac-mali-peljesac-075l-palihnic-postup\/","url":"https:\/\/adria-klik.com\/proizvod\/postup-plavac-mali-peljesac-075l-palihnic-postup\/","name":"Postup Plavac Mali Pelje\u0161ac 0,75l Palihni\u0107 - Adria-Klik.com","isPartOf":{"@id":"https:\/\/adria-klik.com\/#website"},"primaryImageOfPage":{"@id":"https:\/\/adria-klik.com\/proizvod\/postup-plavac-mali-peljesac-075l-palihnic-postup\/#primaryimage"},"image":{"@id":"https:\/\/adria-klik.com\/proizvod\/postup-plavac-mali-peljesac-075l-palihnic-postup\/#primaryimage"},"thumbnailUrl":"https:\/\/adria-klik.com\/wp-content\/uploads\/2021\/07\/Postup-dingac-Palihnic-Peljeski-Vinogradar-Plavac-mali-0-75l-Peljesac-Premium-100-natural-Adria-Klik_Webshop-ducan-eko-croatia-prozvod-wein-kroatien-wine-zinfandel-wolt-glovo-pauza-bolt.jpg","datePublished":"2021-07-18T18:52:28+00:00","dateModified":"2023-04-25T19:31:49+00:00","description":"Poklon paketi | Poslovni pokoni | Poklon za ro\u0111endan | Unikatni autohtoni poklon paketi | Gift Box | Gift basket | Adria-Klik Supply webshop trgovina dostava namirnica, vina, craft piva i delicija Superbrza dostava Zagreb Wolt Glovo Hrvatska i EU DPD GLS - profesionalna vinska logistika #kupujmohrvatsko Naruci online, sigurna kupovina i brza dostava Croatia Unique Craft Beer Gift box \/ basket - Premium Craft beer gift box Nova runda brewery | Croatia autochthonous variety of wine Gift box unique - Autohtona sorta vina Poklon paket - Poslovni pokloni | Pokloni za ro\u0111endan i sve ostale prigode Plavac mali Dinga\u010d i Postup |Po\u0161ip | Grk | Malvazija | \u0160krlet | Pjenu\u0161ci |","breadcrumb":{"@id":"https:\/\/adria-klik.com\/proizvod\/postup-plavac-mali-peljesac-075l-palihnic-postup\/#breadcrumb"},"inLanguage":"en-US","potentialAction":[{"@type":"ReadAction","target":["https:\/\/adria-klik.com\/proizvod\/postup-plavac-mali-peljesac-075l-palihnic-postup\/"]}]},{"@type":"ImageObject","inLanguage":"en-US","@id":"https:\/\/adria-klik.com\/proizvod\/postup-plavac-mali-peljesac-075l-palihnic-postup\/#primaryimage","url":"https:\/\/adria-klik.com\/wp-content\/uploads\/2021\/07\/Postup-dingac-Palihnic-Peljeski-Vinogradar-Plavac-mali-0-75l-Peljesac-Premium-100-natural-Adria-Klik_Webshop-ducan-eko-croatia-prozvod-wein-kroatien-wine-zinfandel-wolt-glovo-pauza-bolt.jpg","contentUrl":"https:\/\/adria-klik.com\/wp-content\/uploads\/2021\/07\/Postup-dingac-Palihnic-Peljeski-Vinogradar-Plavac-mali-0-75l-Peljesac-Premium-100-natural-Adria-Klik_Webshop-ducan-eko-croatia-prozvod-wein-kroatien-wine-zinfandel-wolt-glovo-pauza-bolt.jpg","width":1500,"height":1500,"caption":"Vrhunsko vino Postup sorte Plavac mali\u00a0Svoj bogat okus duguje strmim padinama Postup - Pelje\u0161ac 0,75lPalihni\u0107 Pelje\u0161ki VinogradarPostup Plavac mali je Vrhunsko crno suho vino proizvedeno od gro\u017e\u0111a autohtone sorte Plavac maliDokazano uz Dinga\u010d\u00a0 najbolji polo\u017eaj za uzgoj sorte Plavac mali, Postup - Pelje\u0161acPrepoznatljiv okus koji samo Postup Pelje\u0161ac mo\u017ee ponuditiPa\u017eljiva prerada i njega u hrastovim barrique ba\u010dvamaVino koje odli\u010dno prezentira svu rasko\u0161 sorte plavac maliVi\u0161estruki dobitnik \u0161ampionskih nagrada na SabatiniKarakteriziraju ga srednje izra\u010deni tanini, puno tijelo i arome suhog bobi\u010dastog vo\u0107a. Preporu\u010damo dekantirati prije konzumacijePlavac mali autohtona sorta \"roditelja\"\u00a0 Zinfandel\/ Prmitivo \/ Crljenak \/ Ka\u0161telanski Crljenak \/ PribridragNaru\u010di online dostavu vina Plavac mali Postup"},{"@type":"BreadcrumbList","@id":"https:\/\/adria-klik.com\/proizvod\/postup-plavac-mali-peljesac-075l-palihnic-postup\/#breadcrumb","itemListElement":[{"@type":"ListItem","position":1,"name":"Po\u010detna stranica","item":"https:\/\/adria-klik.com\/en\/"},{"@type":"ListItem","position":2,"name":"Shop","item":"https:\/\/adria-klik.com\/shop\/"},{"@type":"ListItem","position":3,"name":"Postup Plavac Mali Pelje\u0161ac 0,75l Palihni\u0107"}]},{"@type":"WebSite","@id":"https:\/\/adria-klik.com\/#website","url":"https:\/\/adria-klik.com\/","name":"Adria-Klik.com","description":"Unikatni poklon paketi, Vina, Craft pivo &amp; Delicije - webshop","publisher":{"@id":"https:\/\/adria-klik.com\/#organization"},"potentialAction":[{"@type":"SearchAction","target":{"@type":"EntryPoint","urlTemplate":"https:\/\/adria-klik.com\/?s={search_term_string}"},"query-input":{"@type":"PropertyValueSpecification","valueRequired":true,"valueName":"search_term_string"}}],"inLanguage":"en-US"},{"@type":"Organization","@id":"https:\/\/adria-klik.com\/#organization","name":"Adria-Klik.com","alternateName":"AK","url":"https:\/\/adria-klik.com\/","logo":{"@type":"ImageObject","inLanguage":"en-US","@id":"https:\/\/adria-klik.com\/#\/schema\/logo\/image\/","url":"https:\/\/adria-klik.com\/wp-content\/uploads\/2025\/12\/Adria-Klik_com-logo-namirnice-vina-craft-pivo-delikatese-delicije-artisan-cokolada.jpg","contentUrl":"https:\/\/adria-klik.com\/wp-content\/uploads\/2025\/12\/Adria-Klik_com-logo-namirnice-vina-craft-pivo-delikatese-delicije-artisan-cokolada.jpg","width":500,"height":500,"caption":"Adria-Klik.com"},"image":{"@id":"https:\/\/adria-klik.com\/#\/schema\/logo\/image\/"},"sameAs":["https:\/\/www.facebook.com\/profile.php?id=100064209425136","https:\/\/www.instagram.com\/adriaklik\/","https:\/\/www.youtube.com\/user\/PlavacmaliZagreb"]}]}},"jetpack_sharing_enabled":true,"jetpack-related-posts":[],"_links":{"self":[{"href":"https:\/\/adria-klik.com\/en\/wp-json\/wp\/v2\/product\/15722","targetHints":{"allow":["GET"]}}],"collection":[{"href":"https:\/\/adria-klik.com\/en\/wp-json\/wp\/v2\/product"}],"about":[{"href":"https:\/\/adria-klik.com\/en\/wp-json\/wp\/v2\/types\/product"}],"replies":[{"embeddable":true,"href":"https:\/\/adria-klik.com\/en\/wp-json\/wp\/v2\/comments?post=15722"}],"wp:featuredmedia":[{"embeddable":true,"href":"https:\/\/adria-klik.com\/en\/wp-json\/wp\/v2\/media\/15724"}],"wp:attachment":[{"href":"https:\/\/adria-klik.com\/en\/wp-json\/wp\/v2\/media?parent=15722"}],"wp:term":[{"taxonomy":"product_brand","embeddable":true,"href":"https:\/\/adria-klik.com\/en\/wp-json\/wp\/v2\/product_brand?post=15722"},{"taxonomy":"product_cat","embeddable":true,"href":"https:\/\/adria-klik.com\/en\/wp-json\/wp\/v2\/product_cat?post=15722"},{"taxonomy":"product_tag","embeddable":true,"href":"https:\/\/adria-klik.com\/en\/wp-json\/wp\/v2\/product_tag?post=15722"},{"taxonomy":"berocket_brand","embeddable":true,"href":"https:\/\/adria-klik.com\/en\/wp-json\/wp\/v2\/berocket_brand?post=15722"}],"curies":[{"name":"wp","href":"https:\/\/api.w.org\/{rel}","templated":true}]}}