{"id":15727,"date":"2021-07-18T22:08:30","date_gmt":"2021-07-18T20:08:30","guid":{"rendered":"https:\/\/adria.riot.hr\/?post_type=product&#038;p=15727"},"modified":"2023-04-25T21:31:30","modified_gmt":"2023-04-25T19:31:30","slug":"plavac-mali-peljesac-075l-palihnic","status":"publish","type":"product","link":"https:\/\/adria-klik.com\/en\/proizvod\/plavac-mali-peljesac-075l-palihnic\/","title":{"rendered":"AKCIJA! Plavac Mali Pelje\u0161ac 0,75l Palihni\u0107"},"content":{"rendered":"<ul>\n<li>Indigenous grape variety Plavac mali<br \/>\nPlavac mali Palihni\u0107 Pelje\u0161ac Vineyard<br \/>\nIt owes its rich taste to the steep slopes of Pelje\u0161ac<br \/>\nPlavac mali is a red dry wine produced from grapes of the autochthonous variety Plavac mali<br \/>\nProven best position for growing the variety Plavac mali &#8211; Peljesac<br \/>\nA recognizable taste that only Peljesac can offer<br \/>\nCareful processing and care in barrels<br \/>\nA wine that perfectly presents all the splendor of the Plavac Mali variety<br \/>\nIt is characterized by moderately radiated tannins, full body and aromas of dried berries<br \/>\nPlavac small autochthonous variety of &#8220;parents&#8221; Zinfandel \/ Prmitivo \/ Crljenak \/ Ka\u0161telanski Crljenak \/ Pribridrag<br \/>\nOrder online delivery of Plavac mali wine<\/li>\n<\/ul>\n","protected":false},"excerpt":{"rendered":"<ul>\n<li>Indigenous grape variety Plavac mali<br \/>\nPlavac mali Palihni\u0107 Pelje\u0161ac Vineyard<br \/>\nIt owes its rich taste to the steep slopes of Pelje\u0161ac<br \/>\nPlavac mali is a red dry wine produced from grapes of the autochthonous variety Plavac mali<br \/>\nProven best position for growing the variety Plavac mali &#8211; Peljesac<br \/>\nA recognizable taste that only Peljesac can offer<br \/>\nCareful processing and care in barrels<br \/>\nA wine that perfectly presents all the splendor of the Plavac Mali variety<br \/>\nIt is characterized by moderately radiated tannins, full body and aromas of dried berries<br \/>\nPlavac small autochthonous variety of &#8220;parents&#8221; Zinfandel \/ Prmitivo \/ Crljenak \/ Ka\u0161telanski Crljenak \/ Pribridrag<br \/>\nOrder online delivery of Plavac mali wine<\/li>\n<\/ul>\n","protected":false},"featured_media":15729,"comment_status":"open","ping_status":"closed","template":"","meta":{"_acf_changed":false},"product_brand":[],"product_cat":[1381,1382,1380,425,382,1378],"product_tag":[1978,1509,1507,1508,499,501,1977,1976],"berocket_brand":[1975],"class_list":{"0":"post-15727","1":"product","2":"type-product","3":"status-publish","4":"has-post-thumbnail","6":"product_cat-dostava-en","7":"product_cat-europa-en","8":"product_cat-hrvatska-en","9":"product_cat-red","10":"product_cat-wine","11":"product_cat-zagreb-en","12":"product_tag-crljenak-en","13":"product_tag-order-plavac-mali-child-of-zinfandel-primitivo-crljenak-croatian-premium-wine-webshop-delivery-en-2","14":"product_tag-order-plavac-mali-child-of-zinfandel-primitivo-crljenak-croatian-premium-wine-webshop-delivery","15":"product_tag-order-plavac-mali-child-of-zinfandel-primitivo-crljenak-croatian-premium-wine-webshop-delivery-en","16":"product_tag-plavac-mali","17":"product_tag-plavac-mali-en","18":"product_tag-primitivo-en-2","19":"product_tag-zinfandel-en","20":"berocket_brand-palihnic-en","22":"first","23":"instock","24":"sale","25":"featured","26":"shipping-taxable","27":"purchasable","28":"product-type-simple"},"acf":[],"yoast_head":"<!-- This site is optimized with the Yoast SEO plugin v26.9 - https:\/\/yoast.com\/product\/yoast-seo-wordpress\/ -->\n<title>AKCIJA! Plavac Mali Pelje\u0161ac 0,75l Palihni\u0107 - Adria-Klik.com<\/title>\n<meta name=\"description\" content=\"Indigenous grape variety Plavac mali Plavac mali Palihni\u0107 Pelje\u0161ac Vineyard It owes its rich taste to the steep slopes of Pelje\u0161ac Plavac mali is a red dry wine produced from grapes of the autochthonous variety Plavac mali Proven best position for growing the variety Plavac mali - Peljesac A recognizable taste that only Peljesac can offer Careful processing and care in barrels A wine that perfectly presents all the splendor of the Plavac Mali variety It is characterized by moderately radiated tannins, full body and aromas of dried berries Plavac small autochthonous variety of &quot;parents&quot; Zinfandel \/ Prmitivo \/ Crljenak \/ Ka\u0161telanski Crljenak \/ Pribridrag Order online delivery of Plavac mali wine\" \/>\n<meta name=\"robots\" content=\"index, follow, max-snippet:-1, max-image-preview:large, max-video-preview:-1\" \/>\n<link rel=\"canonical\" href=\"https:\/\/adria-klik.com\/proizvod\/plavac-mali-peljesac-075l-palihnic\/\" \/>\n<meta property=\"og:locale\" content=\"en_US\" \/>\n<meta property=\"og:type\" content=\"article\" \/>\n<meta property=\"og:title\" content=\"Indigenous grape variety Plavac mali Plavac mali Palihni\u0107 Pelje\u0161ac Vineyard It owes its rich taste to the steep slopes of Pelje\u0161ac Plavac mali is a red dry wine produced from grapes of the autochthonous variety Plavac mali Proven best position for growing the variety Plavac mali - Peljesac A recognizable taste that only Peljesac can offer Careful processing and care in barrels A wine that perfectly presents all the splendor of the Plavac Mali variety It is characterized by moderately radiated tannins, full body and aromas of dried berries Plavac small autochthonous variety of &quot;parents&quot; Zinfandel \/ Prmitivo \/ Crljenak \/ Ka\u0161telanski Crljenak \/ Pribridrag Order online delivery of Plavac mali wine\" \/>\n<meta property=\"og:description\" content=\"Indigenous grape variety Plavac mali Plavac mali Palihni\u0107 Pelje\u0161ac Vineyard It owes its rich taste to the steep slopes of Pelje\u0161ac Plavac mali is a red dry wine produced from grapes of the autochthonous variety Plavac mali Proven best position for growing the variety Plavac mali - Peljesac A recognizable taste that only Peljesac can offer Careful processing and care in barrels A wine that perfectly presents all the splendor of the Plavac Mali variety It is characterized by moderately radiated tannins, full body and aromas of dried berries Plavac small autochthonous variety of &quot;parents&quot; Zinfandel \/ Prmitivo \/ Crljenak \/ Ka\u0161telanski Crljenak \/ Pribridrag Order online delivery of Plavac mali wine\" \/>\n<meta property=\"og:url\" content=\"https:\/\/adria-klik.com\/proizvod\/plavac-mali-peljesac-075l-palihnic\/\" \/>\n<meta property=\"og:site_name\" content=\"Adria-Klik.com\" \/>\n<meta property=\"article:publisher\" content=\"https:\/\/www.facebook.com\/profile.php?id=100064209425136\" \/>\n<meta property=\"article:modified_time\" content=\"2023-04-25T19:31:30+00:00\" \/>\n<meta property=\"og:image\" content=\"https:\/\/adria-klik.com\/wp-content\/uploads\/2021\/07\/dingac-Palihnic-Peljeski-Vinogradar-Plavac-mali-0-75l-Peljesac-Premium-100-natural-Adria-Klik_Webshop-ducan-eko-croatia-prozvod-wein-kroatien-wine-zinfandel-wolt-glovo-pauza-bolt.jpg\" \/>\n<meta name=\"twitter:card\" content=\"summary_large_image\" \/>\n<meta name=\"twitter:title\" content=\"Indigenous grape variety Plavac mali Plavac mali Palihni\u0107 Pelje\u0161ac Vineyard It owes its rich taste to the steep slopes of Pelje\u0161ac Plavac mali is a red dry wine produced from grapes of the autochthonous variety Plavac mali Proven best position for growing the variety Plavac mali - Peljesac A recognizable taste that only Peljesac can offer Careful processing and care in barrels A wine that perfectly presents all the splendor of the Plavac Mali variety It is characterized by moderately radiated tannins, full body and aromas of dried berries Plavac small autochthonous variety of &quot;parents&quot; Zinfandel \/ Prmitivo \/ Crljenak \/ Ka\u0161telanski Crljenak \/ Pribridrag Order online delivery of Plavac mali wine\" \/>\n<meta name=\"twitter:description\" content=\"Indigenous grape variety Plavac mali Plavac mali Palihni\u0107 Pelje\u0161ac Vineyard It owes its rich taste to the steep slopes of Pelje\u0161ac Plavac mali is a red dry wine produced from grapes of the autochthonous variety Plavac mali Proven best position for growing the variety Plavac mali - Peljesac A recognizable taste that only Peljesac can offer Careful processing and care in barrels A wine that perfectly presents all the splendor of the Plavac Mali variety It is characterized by moderately radiated tannins, full body and aromas of dried berries Plavac small autochthonous variety of &quot;parents&quot; Zinfandel \/ Prmitivo \/ Crljenak \/ Ka\u0161telanski Crljenak \/ Pribridrag Order online delivery of Plavac mali wine\" \/>\n<meta name=\"twitter:image\" content=\"https:\/\/adria-klik.com\/wp-content\/uploads\/2021\/07\/dingac-Palihnic-Peljeski-Vinogradar-Plavac-mali-0-75l-Peljesac-Premium-100-natural-Adria-Klik_Webshop-ducan-eko-croatia-prozvod-wein-kroatien-wine-zinfandel-wolt-glovo-pauza-bolt.jpg\" \/>\n<meta name=\"twitter:label1\" content=\"Est. reading time\" \/>\n\t<meta name=\"twitter:data1\" content=\"1 minute\" \/>\n<script type=\"application\/ld+json\" class=\"yoast-schema-graph\">{\"@context\":\"https:\/\/schema.org\",\"@graph\":[{\"@type\":\"WebPage\",\"@id\":\"https:\/\/adria-klik.com\/proizvod\/plavac-mali-peljesac-075l-palihnic\/\",\"url\":\"https:\/\/adria-klik.com\/proizvod\/plavac-mali-peljesac-075l-palihnic\/\",\"name\":\"AKCIJA! Plavac Mali Pelje\u0161ac 0,75l Palihni\u0107 - Adria-Klik.com\",\"isPartOf\":{\"@id\":\"https:\/\/adria-klik.com\/#website\"},\"primaryImageOfPage\":{\"@id\":\"https:\/\/adria-klik.com\/proizvod\/plavac-mali-peljesac-075l-palihnic\/#primaryimage\"},\"image\":{\"@id\":\"https:\/\/adria-klik.com\/proizvod\/plavac-mali-peljesac-075l-palihnic\/#primaryimage\"},\"thumbnailUrl\":\"https:\/\/adria-klik.com\/wp-content\/uploads\/2021\/07\/Plavac-mali-0-75l-Peljesac-Premium-100-natural-Adria-Klik_Webshop-ducan-eko-croatia-prozvod-wein-kroatien-wine-zinfandel-wolt-glovo.jpg\",\"datePublished\":\"2021-07-18T20:08:30+00:00\",\"dateModified\":\"2023-04-25T19:31:30+00:00\",\"description\":\"Indigenous grape variety Plavac mali Plavac mali Palihni\u0107 Pelje\u0161ac Vineyard It owes its rich taste to the steep slopes of Pelje\u0161ac Plavac mali is a red dry wine produced from grapes of the autochthonous variety Plavac mali Proven best position for growing the variety Plavac mali - Peljesac A recognizable taste that only Peljesac can offer Careful processing and care in barrels A wine that perfectly presents all the splendor of the Plavac Mali variety It is characterized by moderately radiated tannins, full body and aromas of dried berries Plavac small autochthonous variety of \\\"parents\\\" Zinfandel \/ Prmitivo \/ Crljenak \/ Ka\u0161telanski Crljenak \/ Pribridrag Order online delivery of Plavac mali wine\",\"breadcrumb\":{\"@id\":\"https:\/\/adria-klik.com\/proizvod\/plavac-mali-peljesac-075l-palihnic\/#breadcrumb\"},\"inLanguage\":\"en-US\",\"potentialAction\":[{\"@type\":\"ReadAction\",\"target\":[\"https:\/\/adria-klik.com\/proizvod\/plavac-mali-peljesac-075l-palihnic\/\"]}]},{\"@type\":\"ImageObject\",\"inLanguage\":\"en-US\",\"@id\":\"https:\/\/adria-klik.com\/proizvod\/plavac-mali-peljesac-075l-palihnic\/#primaryimage\",\"url\":\"https:\/\/adria-klik.com\/wp-content\/uploads\/2021\/07\/Plavac-mali-0-75l-Peljesac-Premium-100-natural-Adria-Klik_Webshop-ducan-eko-croatia-prozvod-wein-kroatien-wine-zinfandel-wolt-glovo.jpg\",\"contentUrl\":\"https:\/\/adria-klik.com\/wp-content\/uploads\/2021\/07\/Plavac-mali-0-75l-Peljesac-Premium-100-natural-Adria-Klik_Webshop-ducan-eko-croatia-prozvod-wein-kroatien-wine-zinfandel-wolt-glovo.jpg\",\"width\":1500,\"height\":1500,\"caption\":\"Plavac mali\u00a0Palihni\u0107 Pelje\u0161ki VinogradarSvoj bogat okus duguje strmim padinama Pelje\u0161acaPlavac mali je crno suho vino proizvedeno od gro\u017e\u0111a autohtone sorte Plavac maliDokazano najbolji polo\u017eaj za uzgoj sorte Plavac mali - Pelje\u0161acPrepoznatljiv okus koji samo Pelje\u0161ac mo\u017ee ponuditiPa\u017eljiva prerada i njega u ba\u010dvamaVino koje odli\u010dno prezentira svu rasko\u0161 sorte plavac maliKarakteriziraju ga srednje izra\u010deni tanini, puno tijelo i arome suhog bobi\u010dastog vo\u0107a\u00a0Plavac mali autohtona sorta \\\"roditelja\\\"\u00a0 Zinfandel\/ Prmitivo \/ Crljenak \/ Ka\u0161telanski Crljenak \/ PribridragNaru\u010di online dostavu vina Plavac mali\"},{\"@type\":\"BreadcrumbList\",\"@id\":\"https:\/\/adria-klik.com\/proizvod\/plavac-mali-peljesac-075l-palihnic\/#breadcrumb\",\"itemListElement\":[{\"@type\":\"ListItem\",\"position\":1,\"name\":\"Po\u010detna stranica\",\"item\":\"https:\/\/adria-klik.com\/en\/\"},{\"@type\":\"ListItem\",\"position\":2,\"name\":\"Shop\",\"item\":\"https:\/\/adria-klik.com\/shop\/\"},{\"@type\":\"ListItem\",\"position\":3,\"name\":\"AKCIJA! Plavac Mali Pelje\u0161ac 0,75l Palihni\u0107\"}]},{\"@type\":\"WebSite\",\"@id\":\"https:\/\/adria-klik.com\/#website\",\"url\":\"https:\/\/adria-klik.com\/\",\"name\":\"Adria-Klik.com\",\"description\":\"Unikatni poklon paketi, Vina, Craft pivo &amp; Delicije - webshop\",\"publisher\":{\"@id\":\"https:\/\/adria-klik.com\/#organization\"},\"potentialAction\":[{\"@type\":\"SearchAction\",\"target\":{\"@type\":\"EntryPoint\",\"urlTemplate\":\"https:\/\/adria-klik.com\/?s={search_term_string}\"},\"query-input\":{\"@type\":\"PropertyValueSpecification\",\"valueRequired\":true,\"valueName\":\"search_term_string\"}}],\"inLanguage\":\"en-US\"},{\"@type\":\"Organization\",\"@id\":\"https:\/\/adria-klik.com\/#organization\",\"name\":\"Adria-Klik.com\",\"alternateName\":\"AK\",\"url\":\"https:\/\/adria-klik.com\/\",\"logo\":{\"@type\":\"ImageObject\",\"inLanguage\":\"en-US\",\"@id\":\"https:\/\/adria-klik.com\/#\/schema\/logo\/image\/\",\"url\":\"https:\/\/adria-klik.com\/wp-content\/uploads\/2025\/12\/Adria-Klik_com-logo-namirnice-vina-craft-pivo-delikatese-delicije-artisan-cokolada.jpg\",\"contentUrl\":\"https:\/\/adria-klik.com\/wp-content\/uploads\/2025\/12\/Adria-Klik_com-logo-namirnice-vina-craft-pivo-delikatese-delicije-artisan-cokolada.jpg\",\"width\":500,\"height\":500,\"caption\":\"Adria-Klik.com\"},\"image\":{\"@id\":\"https:\/\/adria-klik.com\/#\/schema\/logo\/image\/\"},\"sameAs\":[\"https:\/\/www.facebook.com\/profile.php?id=100064209425136\",\"https:\/\/www.instagram.com\/adriaklik\/\",\"https:\/\/www.youtube.com\/user\/PlavacmaliZagreb\"]}]}<\/script>\n<!-- \/ Yoast SEO plugin. -->","yoast_head_json":{"title":"AKCIJA! Plavac Mali Pelje\u0161ac 0,75l Palihni\u0107 - Adria-Klik.com","description":"Indigenous grape variety Plavac mali Plavac mali Palihni\u0107 Pelje\u0161ac Vineyard It owes its rich taste to the steep slopes of Pelje\u0161ac Plavac mali is a red dry wine produced from grapes of the autochthonous variety Plavac mali Proven best position for growing the variety Plavac mali - Peljesac A recognizable taste that only Peljesac can offer Careful processing and care in barrels A wine that perfectly presents all the splendor of the Plavac Mali variety It is characterized by moderately radiated tannins, full body and aromas of dried berries Plavac small autochthonous variety of \"parents\" Zinfandel \/ Prmitivo \/ Crljenak \/ Ka\u0161telanski Crljenak \/ Pribridrag Order online delivery of Plavac mali wine","robots":{"index":"index","follow":"follow","max-snippet":"max-snippet:-1","max-image-preview":"max-image-preview:large","max-video-preview":"max-video-preview:-1"},"canonical":"https:\/\/adria-klik.com\/proizvod\/plavac-mali-peljesac-075l-palihnic\/","og_locale":"en_US","og_type":"article","og_title":"Indigenous grape variety Plavac mali Plavac mali Palihni\u0107 Pelje\u0161ac Vineyard It owes its rich taste to the steep slopes of Pelje\u0161ac Plavac mali is a red dry wine produced from grapes of the autochthonous variety Plavac mali Proven best position for growing the variety Plavac mali - Peljesac A recognizable taste that only Peljesac can offer Careful processing and care in barrels A wine that perfectly presents all the splendor of the Plavac Mali variety It is characterized by moderately radiated tannins, full body and aromas of dried berries Plavac small autochthonous variety of \"parents\" Zinfandel \/ Prmitivo \/ Crljenak \/ Ka\u0161telanski Crljenak \/ Pribridrag Order online delivery of Plavac mali wine","og_description":"Indigenous grape variety Plavac mali Plavac mali Palihni\u0107 Pelje\u0161ac Vineyard It owes its rich taste to the steep slopes of Pelje\u0161ac Plavac mali is a red dry wine produced from grapes of the autochthonous variety Plavac mali Proven best position for growing the variety Plavac mali - Peljesac A recognizable taste that only Peljesac can offer Careful processing and care in barrels A wine that perfectly presents all the splendor of the Plavac Mali variety It is characterized by moderately radiated tannins, full body and aromas of dried berries Plavac small autochthonous variety of \"parents\" Zinfandel \/ Prmitivo \/ Crljenak \/ Ka\u0161telanski Crljenak \/ Pribridrag Order online delivery of Plavac mali wine","og_url":"https:\/\/adria-klik.com\/proizvod\/plavac-mali-peljesac-075l-palihnic\/","og_site_name":"Adria-Klik.com","article_publisher":"https:\/\/www.facebook.com\/profile.php?id=100064209425136","article_modified_time":"2023-04-25T19:31:30+00:00","og_image":[{"url":"https:\/\/adria-klik.com\/wp-content\/uploads\/2021\/07\/dingac-Palihnic-Peljeski-Vinogradar-Plavac-mali-0-75l-Peljesac-Premium-100-natural-Adria-Klik_Webshop-ducan-eko-croatia-prozvod-wein-kroatien-wine-zinfandel-wolt-glovo-pauza-bolt.jpg","type":"","width":"","height":""}],"twitter_card":"summary_large_image","twitter_title":"Indigenous grape variety Plavac mali Plavac mali Palihni\u0107 Pelje\u0161ac Vineyard It owes its rich taste to the steep slopes of Pelje\u0161ac Plavac mali is a red dry wine produced from grapes of the autochthonous variety Plavac mali Proven best position for growing the variety Plavac mali - Peljesac A recognizable taste that only Peljesac can offer Careful processing and care in barrels A wine that perfectly presents all the splendor of the Plavac Mali variety It is characterized by moderately radiated tannins, full body and aromas of dried berries Plavac small autochthonous variety of \"parents\" Zinfandel \/ Prmitivo \/ Crljenak \/ Ka\u0161telanski Crljenak \/ Pribridrag Order online delivery of Plavac mali wine","twitter_description":"Indigenous grape variety Plavac mali Plavac mali Palihni\u0107 Pelje\u0161ac Vineyard It owes its rich taste to the steep slopes of Pelje\u0161ac Plavac mali is a red dry wine produced from grapes of the autochthonous variety Plavac mali Proven best position for growing the variety Plavac mali - Peljesac A recognizable taste that only Peljesac can offer Careful processing and care in barrels A wine that perfectly presents all the splendor of the Plavac Mali variety It is characterized by moderately radiated tannins, full body and aromas of dried berries Plavac small autochthonous variety of \"parents\" Zinfandel \/ Prmitivo \/ Crljenak \/ Ka\u0161telanski Crljenak \/ Pribridrag Order online delivery of Plavac mali wine","twitter_image":"https:\/\/adria-klik.com\/wp-content\/uploads\/2021\/07\/dingac-Palihnic-Peljeski-Vinogradar-Plavac-mali-0-75l-Peljesac-Premium-100-natural-Adria-Klik_Webshop-ducan-eko-croatia-prozvod-wein-kroatien-wine-zinfandel-wolt-glovo-pauza-bolt.jpg","twitter_misc":{"Est. reading time":"1 minute"},"schema":{"@context":"https:\/\/schema.org","@graph":[{"@type":"WebPage","@id":"https:\/\/adria-klik.com\/proizvod\/plavac-mali-peljesac-075l-palihnic\/","url":"https:\/\/adria-klik.com\/proizvod\/plavac-mali-peljesac-075l-palihnic\/","name":"AKCIJA! Plavac Mali Pelje\u0161ac 0,75l Palihni\u0107 - Adria-Klik.com","isPartOf":{"@id":"https:\/\/adria-klik.com\/#website"},"primaryImageOfPage":{"@id":"https:\/\/adria-klik.com\/proizvod\/plavac-mali-peljesac-075l-palihnic\/#primaryimage"},"image":{"@id":"https:\/\/adria-klik.com\/proizvod\/plavac-mali-peljesac-075l-palihnic\/#primaryimage"},"thumbnailUrl":"https:\/\/adria-klik.com\/wp-content\/uploads\/2021\/07\/Plavac-mali-0-75l-Peljesac-Premium-100-natural-Adria-Klik_Webshop-ducan-eko-croatia-prozvod-wein-kroatien-wine-zinfandel-wolt-glovo.jpg","datePublished":"2021-07-18T20:08:30+00:00","dateModified":"2023-04-25T19:31:30+00:00","description":"Indigenous grape variety Plavac mali Plavac mali Palihni\u0107 Pelje\u0161ac Vineyard It owes its rich taste to the steep slopes of Pelje\u0161ac Plavac mali is a red dry wine produced from grapes of the autochthonous variety Plavac mali Proven best position for growing the variety Plavac mali - Peljesac A recognizable taste that only Peljesac can offer Careful processing and care in barrels A wine that perfectly presents all the splendor of the Plavac Mali variety It is characterized by moderately radiated tannins, full body and aromas of dried berries Plavac small autochthonous variety of \"parents\" Zinfandel \/ Prmitivo \/ Crljenak \/ Ka\u0161telanski Crljenak \/ Pribridrag Order online delivery of Plavac mali wine","breadcrumb":{"@id":"https:\/\/adria-klik.com\/proizvod\/plavac-mali-peljesac-075l-palihnic\/#breadcrumb"},"inLanguage":"en-US","potentialAction":[{"@type":"ReadAction","target":["https:\/\/adria-klik.com\/proizvod\/plavac-mali-peljesac-075l-palihnic\/"]}]},{"@type":"ImageObject","inLanguage":"en-US","@id":"https:\/\/adria-klik.com\/proizvod\/plavac-mali-peljesac-075l-palihnic\/#primaryimage","url":"https:\/\/adria-klik.com\/wp-content\/uploads\/2021\/07\/Plavac-mali-0-75l-Peljesac-Premium-100-natural-Adria-Klik_Webshop-ducan-eko-croatia-prozvod-wein-kroatien-wine-zinfandel-wolt-glovo.jpg","contentUrl":"https:\/\/adria-klik.com\/wp-content\/uploads\/2021\/07\/Plavac-mali-0-75l-Peljesac-Premium-100-natural-Adria-Klik_Webshop-ducan-eko-croatia-prozvod-wein-kroatien-wine-zinfandel-wolt-glovo.jpg","width":1500,"height":1500,"caption":"Plavac mali\u00a0Palihni\u0107 Pelje\u0161ki VinogradarSvoj bogat okus duguje strmim padinama Pelje\u0161acaPlavac mali je crno suho vino proizvedeno od gro\u017e\u0111a autohtone sorte Plavac maliDokazano najbolji polo\u017eaj za uzgoj sorte Plavac mali - Pelje\u0161acPrepoznatljiv okus koji samo Pelje\u0161ac mo\u017ee ponuditiPa\u017eljiva prerada i njega u ba\u010dvamaVino koje odli\u010dno prezentira svu rasko\u0161 sorte plavac maliKarakteriziraju ga srednje izra\u010deni tanini, puno tijelo i arome suhog bobi\u010dastog vo\u0107a\u00a0Plavac mali autohtona sorta \"roditelja\"\u00a0 Zinfandel\/ Prmitivo \/ Crljenak \/ Ka\u0161telanski Crljenak \/ PribridragNaru\u010di online dostavu vina Plavac mali"},{"@type":"BreadcrumbList","@id":"https:\/\/adria-klik.com\/proizvod\/plavac-mali-peljesac-075l-palihnic\/#breadcrumb","itemListElement":[{"@type":"ListItem","position":1,"name":"Po\u010detna stranica","item":"https:\/\/adria-klik.com\/en\/"},{"@type":"ListItem","position":2,"name":"Shop","item":"https:\/\/adria-klik.com\/shop\/"},{"@type":"ListItem","position":3,"name":"AKCIJA! Plavac Mali Pelje\u0161ac 0,75l Palihni\u0107"}]},{"@type":"WebSite","@id":"https:\/\/adria-klik.com\/#website","url":"https:\/\/adria-klik.com\/","name":"Adria-Klik.com","description":"Unikatni poklon paketi, Vina, Craft pivo &amp; Delicije - webshop","publisher":{"@id":"https:\/\/adria-klik.com\/#organization"},"potentialAction":[{"@type":"SearchAction","target":{"@type":"EntryPoint","urlTemplate":"https:\/\/adria-klik.com\/?s={search_term_string}"},"query-input":{"@type":"PropertyValueSpecification","valueRequired":true,"valueName":"search_term_string"}}],"inLanguage":"en-US"},{"@type":"Organization","@id":"https:\/\/adria-klik.com\/#organization","name":"Adria-Klik.com","alternateName":"AK","url":"https:\/\/adria-klik.com\/","logo":{"@type":"ImageObject","inLanguage":"en-US","@id":"https:\/\/adria-klik.com\/#\/schema\/logo\/image\/","url":"https:\/\/adria-klik.com\/wp-content\/uploads\/2025\/12\/Adria-Klik_com-logo-namirnice-vina-craft-pivo-delikatese-delicije-artisan-cokolada.jpg","contentUrl":"https:\/\/adria-klik.com\/wp-content\/uploads\/2025\/12\/Adria-Klik_com-logo-namirnice-vina-craft-pivo-delikatese-delicije-artisan-cokolada.jpg","width":500,"height":500,"caption":"Adria-Klik.com"},"image":{"@id":"https:\/\/adria-klik.com\/#\/schema\/logo\/image\/"},"sameAs":["https:\/\/www.facebook.com\/profile.php?id=100064209425136","https:\/\/www.instagram.com\/adriaklik\/","https:\/\/www.youtube.com\/user\/PlavacmaliZagreb"]}]}},"jetpack_sharing_enabled":true,"jetpack-related-posts":[],"_links":{"self":[{"href":"https:\/\/adria-klik.com\/en\/wp-json\/wp\/v2\/product\/15727","targetHints":{"allow":["GET"]}}],"collection":[{"href":"https:\/\/adria-klik.com\/en\/wp-json\/wp\/v2\/product"}],"about":[{"href":"https:\/\/adria-klik.com\/en\/wp-json\/wp\/v2\/types\/product"}],"replies":[{"embeddable":true,"href":"https:\/\/adria-klik.com\/en\/wp-json\/wp\/v2\/comments?post=15727"}],"wp:featuredmedia":[{"embeddable":true,"href":"https:\/\/adria-klik.com\/en\/wp-json\/wp\/v2\/media\/15729"}],"wp:attachment":[{"href":"https:\/\/adria-klik.com\/en\/wp-json\/wp\/v2\/media?parent=15727"}],"wp:term":[{"taxonomy":"product_brand","embeddable":true,"href":"https:\/\/adria-klik.com\/en\/wp-json\/wp\/v2\/product_brand?post=15727"},{"taxonomy":"product_cat","embeddable":true,"href":"https:\/\/adria-klik.com\/en\/wp-json\/wp\/v2\/product_cat?post=15727"},{"taxonomy":"product_tag","embeddable":true,"href":"https:\/\/adria-klik.com\/en\/wp-json\/wp\/v2\/product_tag?post=15727"},{"taxonomy":"berocket_brand","embeddable":true,"href":"https:\/\/adria-klik.com\/en\/wp-json\/wp\/v2\/berocket_brand?post=15727"}],"curies":[{"name":"wp","href":"https:\/\/api.w.org\/{rel}","templated":true}]}}