{"id":15732,"date":"2021-07-18T22:16:01","date_gmt":"2021-07-18T20:16:01","guid":{"rendered":"https:\/\/adria.riot.hr\/?post_type=product&#038;p=15732"},"modified":"2023-04-25T21:31:16","modified_gmt":"2023-04-25T19:31:16","slug":"plavac-mali-peljesac-075l-palihnic-kopiraj","status":"publish","type":"product","link":"https:\/\/adria-klik.com\/en\/proizvod\/plavac-mali-peljesac-075l-palihnic-kopiraj\/","title":{"rendered":"Sweet Desert Plavac Mali Pelje\u0161ac 0,75l Palihni\u0107"},"content":{"rendered":"<ul>\n<li>Plavac mali Palihni\u0107 Pelje\u0161ac Vineyard<\/li>\n<li>Dessert wine produced in the traditional way from the highest quality grapes of the Plavac mali variety<\/li>\n<li>It is served chilled as an aperitif, with dessert or dried fruit<\/li>\n<li>It owes its rich taste to the steep slopes of Pelje\u0161ac<\/li>\n<li>Plavac mali is a red dry wine produced from grapes of the autochthonous variety Plavac mali<\/li>\n<li>Proven best position for growing the variety Plavac mali &#8211; Peljesac<\/li>\n<li>A recognizable taste that only Peljesac can offer<br \/>\nCareful processing and care in barrels<\/li>\n<li>A wine that perfectly presents all the splendor of the Plavac Mali variety<\/li>\n<li>Plavac mali autochthonous variety of &#8220;parents&#8221; Zinfandel \/ Prmitivo \/ Crljenak \/ Ka\u0161telanski Crljenak \/ Pribridrag<\/li>\n<li>Order online delivery of Plavac mali wine<\/li>\n<\/ul>\n","protected":false},"excerpt":{"rendered":"<ul>\n<li>Plavac mali Palihni\u0107 Pelje\u0161ac Vineyard<\/li>\n<li>Dessert wine produced in the traditional way from the highest quality grapes of the Plavac mali variety<\/li>\n<li>It is served chilled as an aperitif, with dessert or dried fruit<\/li>\n<li>It owes its rich taste to the steep slopes of Pelje\u0161ac<\/li>\n<li>Plavac mali is a red dry wine produced from grapes of the autochthonous variety Plavac mali<\/li>\n<li>Proven best position for growing the variety Plavac mali &#8211; Peljesac<\/li>\n<li>A recognizable taste that only Peljesac can offer<br \/>\nCareful processing and care in barrels<\/li>\n<li>A wine that perfectly presents all the splendor of the Plavac Mali variety<\/li>\n<li>Plavac mali autochthonous variety of &#8220;parents&#8221; Zinfandel \/ Prmitivo \/ Crljenak \/ Ka\u0161telanski Crljenak \/ Pribridrag<\/li>\n<li>Order online delivery of Plavac mali wine<\/li>\n<li><\/li>\n<\/ul>\n","protected":false},"featured_media":15734,"comment_status":"open","ping_status":"closed","template":"","meta":{"_acf_changed":false},"product_brand":[],"product_cat":[429,1381,1382,1380,1379,1160,384,425,382,1378],"product_tag":[1612,1611,501,1614],"berocket_brand":[],"class_list":{"0":"post-15732","1":"product","2":"type-product","3":"status-publish","4":"has-post-thumbnail","6":"product_cat-desert-en","7":"product_cat-dostava-en","8":"product_cat-europa-en","9":"product_cat-hrvatska-en","10":"product_cat-okusi-adriu","11":"product_cat-our-recommendation","12":"product_cat-promotions","13":"product_cat-red","14":"product_cat-wine","15":"product_cat-zagreb-en","16":"product_tag-crljenak-croatian-premium-wine-webshop-delivery","17":"product_tag-order-plavac-mali-child-of-zinfandel","18":"product_tag-plavac-mali-en","19":"product_tag-primitivo-en","21":"first","22":"instock","23":"featured","24":"shipping-taxable","25":"purchasable","26":"product-type-simple"},"acf":[],"yoast_head":"<!-- This site is optimized with the Yoast SEO plugin v26.9 - https:\/\/yoast.com\/product\/yoast-seo-wordpress\/ -->\n<title>Sweet Desert Plavac Mali Pelje\u0161ac 0,75l Palihni\u0107 - Adria-Klik.com<\/title>\n<meta name=\"description\" content=\"Indigenous grape variety Plavac mali Plavac mali Palihni\u0107 Pelje\u0161ac Vineyard It owes its rich taste to the steep slopes of Pelje\u0161ac Plavac mali is a red dry wine produced from grapes of the autochthonous variety Plavac mali Proven best position for growing the variety Plavac mali - Peljesac A recognizable taste that only Peljesac can offer Careful processing and care in barrels A wine that perfectly presents all the splendor of the Plavac Mali variety It is characterized by moderately radiated tannins, full body and aromas of dried berries Plavac small autochthonous variety of &quot;parents&quot; Zinfandel \/ Prmitivo \/ Crljenak \/ Ka\u0161telanski Crljenak \/ Pribridrag Order online delivery of Plavac mali wine\" \/>\n<meta name=\"robots\" content=\"index, follow, max-snippet:-1, max-image-preview:large, max-video-preview:-1\" \/>\n<link rel=\"canonical\" href=\"https:\/\/adria-klik.com\/proizvod\/slatki-desertni-plavac-mali-prosper-1l-palihnic-peljesac\/\" \/>\n<meta property=\"og:locale\" content=\"en_US\" \/>\n<meta property=\"og:type\" content=\"article\" \/>\n<meta property=\"og:title\" content=\"Indigenous grape variety Plavac mali Plavac mali Palihni\u0107 Pelje\u0161ac Vineyard It owes its rich taste to the steep slopes of Pelje\u0161ac Plavac mali is a red dry wine produced from grapes of the autochthonous variety Plavac mali Proven best position for growing the variety Plavac mali - Peljesac A recognizable taste that only Peljesac can offer Careful processing and care in barrels A wine that perfectly presents all the splendor of the Plavac Mali variety It is characterized by moderately radiated tannins, full body and aromas of dried berries Plavac small autochthonous variety of &quot;parents&quot; Zinfandel \/ Prmitivo \/ Crljenak \/ Ka\u0161telanski Crljenak \/ Pribridrag Order online delivery of Plavac mali wine\" \/>\n<meta property=\"og:description\" content=\"Indigenous grape variety Plavac mali Plavac mali Palihni\u0107 Pelje\u0161ac Vineyard It owes its rich taste to the steep slopes of Pelje\u0161ac Plavac mali is a red dry wine produced from grapes of the autochthonous variety Plavac mali Proven best position for growing the variety Plavac mali - Peljesac A recognizable taste that only Peljesac can offer Careful processing and care in barrels A wine that perfectly presents all the splendor of the Plavac Mali variety It is characterized by moderately radiated tannins, full body and aromas of dried berries Plavac small autochthonous variety of &quot;parents&quot; Zinfandel \/ Prmitivo \/ Crljenak \/ Ka\u0161telanski Crljenak \/ Pribridrag Order online delivery of Plavac mali wine\" \/>\n<meta property=\"og:url\" content=\"https:\/\/adria-klik.com\/proizvod\/slatki-desertni-plavac-mali-prosper-1l-palihnic-peljesac\/\" \/>\n<meta property=\"og:site_name\" content=\"Adria-Klik.com\" \/>\n<meta property=\"article:publisher\" content=\"https:\/\/www.facebook.com\/profile.php?id=100064209425136\" \/>\n<meta property=\"article:modified_time\" content=\"2023-04-25T19:31:16+00:00\" \/>\n<meta property=\"og:image\" content=\"https:\/\/adria-klik.com\/wp-content\/uploads\/2021\/07\/dingac-Palihnic-Peljeski-Vinogradar-Plavac-mali-0-75l-Peljesac-Premium-100-natural-Adria-Klik_Webshop-ducan-eko-croatia-prozvod-wein-kroatien-wine-zinfandel-wolt-glovo-pauza-bolt.jpg\" \/>\n<meta name=\"twitter:card\" content=\"summary_large_image\" \/>\n<meta name=\"twitter:title\" content=\"Indigenous grape variety Plavac mali Plavac mali Palihni\u0107 Pelje\u0161ac Vineyard It owes its rich taste to the steep slopes of Pelje\u0161ac Plavac mali is a red dry wine produced from grapes of the autochthonous variety Plavac mali Proven best position for growing the variety Plavac mali - Peljesac A recognizable taste that only Peljesac can offer Careful processing and care in barrels A wine that perfectly presents all the splendor of the Plavac Mali variety It is characterized by moderately radiated tannins, full body and aromas of dried berries Plavac small autochthonous variety of &quot;parents&quot; Zinfandel \/ Prmitivo \/ Crljenak \/ Ka\u0161telanski Crljenak \/ Pribridrag Order online delivery of Plavac mali wine\" \/>\n<meta name=\"twitter:description\" content=\"Indigenous grape variety Plavac mali Plavac mali Palihni\u0107 Pelje\u0161ac Vineyard It owes its rich taste to the steep slopes of Pelje\u0161ac Plavac mali is a red dry wine produced from grapes of the autochthonous variety Plavac mali Proven best position for growing the variety Plavac mali - Peljesac A recognizable taste that only Peljesac can offer Careful processing and care in barrels A wine that perfectly presents all the splendor of the Plavac Mali variety It is characterized by moderately radiated tannins, full body and aromas of dried berries Plavac small autochthonous variety of &quot;parents&quot; Zinfandel \/ Prmitivo \/ Crljenak \/ Ka\u0161telanski Crljenak \/ Pribridrag Order online delivery of Plavac mali wine\" \/>\n<meta name=\"twitter:image\" content=\"https:\/\/adria-klik.com\/wp-content\/uploads\/2021\/07\/dingac-Palihnic-Peljeski-Vinogradar-Plavac-mali-0-75l-Peljesac-Premium-100-natural-Adria-Klik_Webshop-ducan-eko-croatia-prozvod-wein-kroatien-wine-zinfandel-wolt-glovo-pauza-bolt.jpg\" \/>\n<meta name=\"twitter:label1\" content=\"Est. reading time\" \/>\n\t<meta name=\"twitter:data1\" content=\"1 minute\" \/>\n<script type=\"application\/ld+json\" class=\"yoast-schema-graph\">{\"@context\":\"https:\/\/schema.org\",\"@graph\":[{\"@type\":\"WebPage\",\"@id\":\"https:\/\/adria-klik.com\/proizvod\/slatki-desertni-plavac-mali-prosper-1l-palihnic-peljesac\/\",\"url\":\"https:\/\/adria-klik.com\/proizvod\/slatki-desertni-plavac-mali-prosper-1l-palihnic-peljesac\/\",\"name\":\"Sweet Desert Plavac Mali Pelje\u0161ac 0,75l Palihni\u0107 - Adria-Klik.com\",\"isPartOf\":{\"@id\":\"https:\/\/adria-klik.com\/#website\"},\"primaryImageOfPage\":{\"@id\":\"https:\/\/adria-klik.com\/proizvod\/slatki-desertni-plavac-mali-prosper-1l-palihnic-peljesac\/#primaryimage\"},\"image\":{\"@id\":\"https:\/\/adria-klik.com\/proizvod\/slatki-desertni-plavac-mali-prosper-1l-palihnic-peljesac\/#primaryimage\"},\"thumbnailUrl\":\"https:\/\/adria-klik.com\/wp-content\/uploads\/2021\/07\/plavac-mali-desertno-slatko-prosek-prospe-1l-Palihnic-Peljeski-Vinogradar-Plavac-mali-0-75l-Peljesac-Premium-100-natural-Adria-Klik_Webshop-ducan-eko-croatia-prozvod-wein-kroatien-wine-zinfandel.jpg\",\"datePublished\":\"2021-07-18T20:16:01+00:00\",\"dateModified\":\"2023-04-25T19:31:16+00:00\",\"description\":\"Indigenous grape variety Plavac mali Plavac mali Palihni\u0107 Pelje\u0161ac Vineyard It owes its rich taste to the steep slopes of Pelje\u0161ac Plavac mali is a red dry wine produced from grapes of the autochthonous variety Plavac mali Proven best position for growing the variety Plavac mali - Peljesac A recognizable taste that only Peljesac can offer Careful processing and care in barrels A wine that perfectly presents all the splendor of the Plavac Mali variety It is characterized by moderately radiated tannins, full body and aromas of dried berries Plavac small autochthonous variety of \\\"parents\\\" Zinfandel \/ Prmitivo \/ Crljenak \/ Ka\u0161telanski Crljenak \/ Pribridrag Order online delivery of Plavac mali wine\",\"breadcrumb\":{\"@id\":\"https:\/\/adria-klik.com\/proizvod\/slatki-desertni-plavac-mali-prosper-1l-palihnic-peljesac\/#breadcrumb\"},\"inLanguage\":\"en-US\",\"potentialAction\":[{\"@type\":\"ReadAction\",\"target\":[\"https:\/\/adria-klik.com\/proizvod\/slatki-desertni-plavac-mali-prosper-1l-palihnic-peljesac\/\"]}]},{\"@type\":\"ImageObject\",\"inLanguage\":\"en-US\",\"@id\":\"https:\/\/adria-klik.com\/proizvod\/slatki-desertni-plavac-mali-prosper-1l-palihnic-peljesac\/#primaryimage\",\"url\":\"https:\/\/adria-klik.com\/wp-content\/uploads\/2021\/07\/plavac-mali-desertno-slatko-prosek-prospe-1l-Palihnic-Peljeski-Vinogradar-Plavac-mali-0-75l-Peljesac-Premium-100-natural-Adria-Klik_Webshop-ducan-eko-croatia-prozvod-wein-kroatien-wine-zinfandel.jpg\",\"contentUrl\":\"https:\/\/adria-klik.com\/wp-content\/uploads\/2021\/07\/plavac-mali-desertno-slatko-prosek-prospe-1l-Palihnic-Peljeski-Vinogradar-Plavac-mali-0-75l-Peljesac-Premium-100-natural-Adria-Klik_Webshop-ducan-eko-croatia-prozvod-wein-kroatien-wine-zinfandel.jpg\",\"width\":1500,\"height\":1500,\"caption\":\"Plavac mali\u00a0Palihni\u0107 Pelje\u0161ki VinogradarDesertno vino proizvedeno na tradicionalan na\u010din od najkvalitetnijeg gro\u017e\u0111a sorte plavac maliPPoslu\u017euje se rashla\u0111en kao aperitiv, uz desert ili suho vo\u0107eSvoj bogat okus duguje strmim padinama Pelje\u0161acaPlavac mali je crno suho vino proizvedeno od gro\u017e\u0111a autohtone sorte Plavac maliDokazano najbolji polo\u017eaj za uzgoj sorte Plavac mali - Pelje\u0161acPrepoznatljiv okus koji samo Pelje\u0161ac mo\u017ee ponuditiPa\u017eljiva prerada i njega u ba\u010dvamaVino koje odli\u010dno prezentira svu rasko\u0161 sorte plavac maliPlavac mali autohtona sorta \\\"roditelja\\\"\u00a0 Zinfandel\/ Prmitivo \/ Crljenak \/ Ka\u0161telanski Crljenak \/ PribridragNaru\u010di online dostavu vina Plavac mali\"},{\"@type\":\"BreadcrumbList\",\"@id\":\"https:\/\/adria-klik.com\/proizvod\/slatki-desertni-plavac-mali-prosper-1l-palihnic-peljesac\/#breadcrumb\",\"itemListElement\":[{\"@type\":\"ListItem\",\"position\":1,\"name\":\"Po\u010detna stranica\",\"item\":\"https:\/\/adria-klik.com\/en\/\"},{\"@type\":\"ListItem\",\"position\":2,\"name\":\"Shop\",\"item\":\"https:\/\/adria-klik.com\/shop\/\"},{\"@type\":\"ListItem\",\"position\":3,\"name\":\"Sweet Desert Plavac Mali Pelje\u0161ac 0,75l Palihni\u0107\"}]},{\"@type\":\"WebSite\",\"@id\":\"https:\/\/adria-klik.com\/#website\",\"url\":\"https:\/\/adria-klik.com\/\",\"name\":\"Adria-Klik.com\",\"description\":\"Unikatni poklon paketi, Vina, Craft pivo &amp; Delicije - webshop\",\"publisher\":{\"@id\":\"https:\/\/adria-klik.com\/#organization\"},\"potentialAction\":[{\"@type\":\"SearchAction\",\"target\":{\"@type\":\"EntryPoint\",\"urlTemplate\":\"https:\/\/adria-klik.com\/?s={search_term_string}\"},\"query-input\":{\"@type\":\"PropertyValueSpecification\",\"valueRequired\":true,\"valueName\":\"search_term_string\"}}],\"inLanguage\":\"en-US\"},{\"@type\":\"Organization\",\"@id\":\"https:\/\/adria-klik.com\/#organization\",\"name\":\"Adria-Klik.com\",\"alternateName\":\"AK\",\"url\":\"https:\/\/adria-klik.com\/\",\"logo\":{\"@type\":\"ImageObject\",\"inLanguage\":\"en-US\",\"@id\":\"https:\/\/adria-klik.com\/#\/schema\/logo\/image\/\",\"url\":\"https:\/\/adria-klik.com\/wp-content\/uploads\/2025\/12\/Adria-Klik_com-logo-namirnice-vina-craft-pivo-delikatese-delicije-artisan-cokolada.jpg\",\"contentUrl\":\"https:\/\/adria-klik.com\/wp-content\/uploads\/2025\/12\/Adria-Klik_com-logo-namirnice-vina-craft-pivo-delikatese-delicije-artisan-cokolada.jpg\",\"width\":500,\"height\":500,\"caption\":\"Adria-Klik.com\"},\"image\":{\"@id\":\"https:\/\/adria-klik.com\/#\/schema\/logo\/image\/\"},\"sameAs\":[\"https:\/\/www.facebook.com\/profile.php?id=100064209425136\",\"https:\/\/www.instagram.com\/adriaklik\/\",\"https:\/\/www.youtube.com\/user\/PlavacmaliZagreb\"]}]}<\/script>\n<!-- \/ Yoast SEO plugin. -->","yoast_head_json":{"title":"Sweet Desert Plavac Mali Pelje\u0161ac 0,75l Palihni\u0107 - Adria-Klik.com","description":"Indigenous grape variety Plavac mali Plavac mali Palihni\u0107 Pelje\u0161ac Vineyard It owes its rich taste to the steep slopes of Pelje\u0161ac Plavac mali is a red dry wine produced from grapes of the autochthonous variety Plavac mali Proven best position for growing the variety Plavac mali - Peljesac A recognizable taste that only Peljesac can offer Careful processing and care in barrels A wine that perfectly presents all the splendor of the Plavac Mali variety It is characterized by moderately radiated tannins, full body and aromas of dried berries Plavac small autochthonous variety of \"parents\" Zinfandel \/ Prmitivo \/ Crljenak \/ Ka\u0161telanski Crljenak \/ Pribridrag Order online delivery of Plavac mali wine","robots":{"index":"index","follow":"follow","max-snippet":"max-snippet:-1","max-image-preview":"max-image-preview:large","max-video-preview":"max-video-preview:-1"},"canonical":"https:\/\/adria-klik.com\/proizvod\/slatki-desertni-plavac-mali-prosper-1l-palihnic-peljesac\/","og_locale":"en_US","og_type":"article","og_title":"Indigenous grape variety Plavac mali Plavac mali Palihni\u0107 Pelje\u0161ac Vineyard It owes its rich taste to the steep slopes of Pelje\u0161ac Plavac mali is a red dry wine produced from grapes of the autochthonous variety Plavac mali Proven best position for growing the variety Plavac mali - Peljesac A recognizable taste that only Peljesac can offer Careful processing and care in barrels A wine that perfectly presents all the splendor of the Plavac Mali variety It is characterized by moderately radiated tannins, full body and aromas of dried berries Plavac small autochthonous variety of \"parents\" Zinfandel \/ Prmitivo \/ Crljenak \/ Ka\u0161telanski Crljenak \/ Pribridrag Order online delivery of Plavac mali wine","og_description":"Indigenous grape variety Plavac mali Plavac mali Palihni\u0107 Pelje\u0161ac Vineyard It owes its rich taste to the steep slopes of Pelje\u0161ac Plavac mali is a red dry wine produced from grapes of the autochthonous variety Plavac mali Proven best position for growing the variety Plavac mali - Peljesac A recognizable taste that only Peljesac can offer Careful processing and care in barrels A wine that perfectly presents all the splendor of the Plavac Mali variety It is characterized by moderately radiated tannins, full body and aromas of dried berries Plavac small autochthonous variety of \"parents\" Zinfandel \/ Prmitivo \/ Crljenak \/ Ka\u0161telanski Crljenak \/ Pribridrag Order online delivery of Plavac mali wine","og_url":"https:\/\/adria-klik.com\/proizvod\/slatki-desertni-plavac-mali-prosper-1l-palihnic-peljesac\/","og_site_name":"Adria-Klik.com","article_publisher":"https:\/\/www.facebook.com\/profile.php?id=100064209425136","article_modified_time":"2023-04-25T19:31:16+00:00","og_image":[{"url":"https:\/\/adria-klik.com\/wp-content\/uploads\/2021\/07\/dingac-Palihnic-Peljeski-Vinogradar-Plavac-mali-0-75l-Peljesac-Premium-100-natural-Adria-Klik_Webshop-ducan-eko-croatia-prozvod-wein-kroatien-wine-zinfandel-wolt-glovo-pauza-bolt.jpg","type":"","width":"","height":""}],"twitter_card":"summary_large_image","twitter_title":"Indigenous grape variety Plavac mali Plavac mali Palihni\u0107 Pelje\u0161ac Vineyard It owes its rich taste to the steep slopes of Pelje\u0161ac Plavac mali is a red dry wine produced from grapes of the autochthonous variety Plavac mali Proven best position for growing the variety Plavac mali - Peljesac A recognizable taste that only Peljesac can offer Careful processing and care in barrels A wine that perfectly presents all the splendor of the Plavac Mali variety It is characterized by moderately radiated tannins, full body and aromas of dried berries Plavac small autochthonous variety of \"parents\" Zinfandel \/ Prmitivo \/ Crljenak \/ Ka\u0161telanski Crljenak \/ Pribridrag Order online delivery of Plavac mali wine","twitter_description":"Indigenous grape variety Plavac mali Plavac mali Palihni\u0107 Pelje\u0161ac Vineyard It owes its rich taste to the steep slopes of Pelje\u0161ac Plavac mali is a red dry wine produced from grapes of the autochthonous variety Plavac mali Proven best position for growing the variety Plavac mali - Peljesac A recognizable taste that only Peljesac can offer Careful processing and care in barrels A wine that perfectly presents all the splendor of the Plavac Mali variety It is characterized by moderately radiated tannins, full body and aromas of dried berries Plavac small autochthonous variety of \"parents\" Zinfandel \/ Prmitivo \/ Crljenak \/ Ka\u0161telanski Crljenak \/ Pribridrag Order online delivery of Plavac mali wine","twitter_image":"https:\/\/adria-klik.com\/wp-content\/uploads\/2021\/07\/dingac-Palihnic-Peljeski-Vinogradar-Plavac-mali-0-75l-Peljesac-Premium-100-natural-Adria-Klik_Webshop-ducan-eko-croatia-prozvod-wein-kroatien-wine-zinfandel-wolt-glovo-pauza-bolt.jpg","twitter_misc":{"Est. reading time":"1 minute"},"schema":{"@context":"https:\/\/schema.org","@graph":[{"@type":"WebPage","@id":"https:\/\/adria-klik.com\/proizvod\/slatki-desertni-plavac-mali-prosper-1l-palihnic-peljesac\/","url":"https:\/\/adria-klik.com\/proizvod\/slatki-desertni-plavac-mali-prosper-1l-palihnic-peljesac\/","name":"Sweet Desert Plavac Mali Pelje\u0161ac 0,75l Palihni\u0107 - Adria-Klik.com","isPartOf":{"@id":"https:\/\/adria-klik.com\/#website"},"primaryImageOfPage":{"@id":"https:\/\/adria-klik.com\/proizvod\/slatki-desertni-plavac-mali-prosper-1l-palihnic-peljesac\/#primaryimage"},"image":{"@id":"https:\/\/adria-klik.com\/proizvod\/slatki-desertni-plavac-mali-prosper-1l-palihnic-peljesac\/#primaryimage"},"thumbnailUrl":"https:\/\/adria-klik.com\/wp-content\/uploads\/2021\/07\/plavac-mali-desertno-slatko-prosek-prospe-1l-Palihnic-Peljeski-Vinogradar-Plavac-mali-0-75l-Peljesac-Premium-100-natural-Adria-Klik_Webshop-ducan-eko-croatia-prozvod-wein-kroatien-wine-zinfandel.jpg","datePublished":"2021-07-18T20:16:01+00:00","dateModified":"2023-04-25T19:31:16+00:00","description":"Indigenous grape variety Plavac mali Plavac mali Palihni\u0107 Pelje\u0161ac Vineyard It owes its rich taste to the steep slopes of Pelje\u0161ac Plavac mali is a red dry wine produced from grapes of the autochthonous variety Plavac mali Proven best position for growing the variety Plavac mali - Peljesac A recognizable taste that only Peljesac can offer Careful processing and care in barrels A wine that perfectly presents all the splendor of the Plavac Mali variety It is characterized by moderately radiated tannins, full body and aromas of dried berries Plavac small autochthonous variety of \"parents\" Zinfandel \/ Prmitivo \/ Crljenak \/ Ka\u0161telanski Crljenak \/ Pribridrag Order online delivery of Plavac mali wine","breadcrumb":{"@id":"https:\/\/adria-klik.com\/proizvod\/slatki-desertni-plavac-mali-prosper-1l-palihnic-peljesac\/#breadcrumb"},"inLanguage":"en-US","potentialAction":[{"@type":"ReadAction","target":["https:\/\/adria-klik.com\/proizvod\/slatki-desertni-plavac-mali-prosper-1l-palihnic-peljesac\/"]}]},{"@type":"ImageObject","inLanguage":"en-US","@id":"https:\/\/adria-klik.com\/proizvod\/slatki-desertni-plavac-mali-prosper-1l-palihnic-peljesac\/#primaryimage","url":"https:\/\/adria-klik.com\/wp-content\/uploads\/2021\/07\/plavac-mali-desertno-slatko-prosek-prospe-1l-Palihnic-Peljeski-Vinogradar-Plavac-mali-0-75l-Peljesac-Premium-100-natural-Adria-Klik_Webshop-ducan-eko-croatia-prozvod-wein-kroatien-wine-zinfandel.jpg","contentUrl":"https:\/\/adria-klik.com\/wp-content\/uploads\/2021\/07\/plavac-mali-desertno-slatko-prosek-prospe-1l-Palihnic-Peljeski-Vinogradar-Plavac-mali-0-75l-Peljesac-Premium-100-natural-Adria-Klik_Webshop-ducan-eko-croatia-prozvod-wein-kroatien-wine-zinfandel.jpg","width":1500,"height":1500,"caption":"Plavac mali\u00a0Palihni\u0107 Pelje\u0161ki VinogradarDesertno vino proizvedeno na tradicionalan na\u010din od najkvalitetnijeg gro\u017e\u0111a sorte plavac maliPPoslu\u017euje se rashla\u0111en kao aperitiv, uz desert ili suho vo\u0107eSvoj bogat okus duguje strmim padinama Pelje\u0161acaPlavac mali je crno suho vino proizvedeno od gro\u017e\u0111a autohtone sorte Plavac maliDokazano najbolji polo\u017eaj za uzgoj sorte Plavac mali - Pelje\u0161acPrepoznatljiv okus koji samo Pelje\u0161ac mo\u017ee ponuditiPa\u017eljiva prerada i njega u ba\u010dvamaVino koje odli\u010dno prezentira svu rasko\u0161 sorte plavac maliPlavac mali autohtona sorta \"roditelja\"\u00a0 Zinfandel\/ Prmitivo \/ Crljenak \/ Ka\u0161telanski Crljenak \/ PribridragNaru\u010di online dostavu vina Plavac mali"},{"@type":"BreadcrumbList","@id":"https:\/\/adria-klik.com\/proizvod\/slatki-desertni-plavac-mali-prosper-1l-palihnic-peljesac\/#breadcrumb","itemListElement":[{"@type":"ListItem","position":1,"name":"Po\u010detna stranica","item":"https:\/\/adria-klik.com\/en\/"},{"@type":"ListItem","position":2,"name":"Shop","item":"https:\/\/adria-klik.com\/shop\/"},{"@type":"ListItem","position":3,"name":"Sweet Desert Plavac Mali Pelje\u0161ac 0,75l Palihni\u0107"}]},{"@type":"WebSite","@id":"https:\/\/adria-klik.com\/#website","url":"https:\/\/adria-klik.com\/","name":"Adria-Klik.com","description":"Unikatni poklon paketi, Vina, Craft pivo &amp; Delicije - webshop","publisher":{"@id":"https:\/\/adria-klik.com\/#organization"},"potentialAction":[{"@type":"SearchAction","target":{"@type":"EntryPoint","urlTemplate":"https:\/\/adria-klik.com\/?s={search_term_string}"},"query-input":{"@type":"PropertyValueSpecification","valueRequired":true,"valueName":"search_term_string"}}],"inLanguage":"en-US"},{"@type":"Organization","@id":"https:\/\/adria-klik.com\/#organization","name":"Adria-Klik.com","alternateName":"AK","url":"https:\/\/adria-klik.com\/","logo":{"@type":"ImageObject","inLanguage":"en-US","@id":"https:\/\/adria-klik.com\/#\/schema\/logo\/image\/","url":"https:\/\/adria-klik.com\/wp-content\/uploads\/2025\/12\/Adria-Klik_com-logo-namirnice-vina-craft-pivo-delikatese-delicije-artisan-cokolada.jpg","contentUrl":"https:\/\/adria-klik.com\/wp-content\/uploads\/2025\/12\/Adria-Klik_com-logo-namirnice-vina-craft-pivo-delikatese-delicije-artisan-cokolada.jpg","width":500,"height":500,"caption":"Adria-Klik.com"},"image":{"@id":"https:\/\/adria-klik.com\/#\/schema\/logo\/image\/"},"sameAs":["https:\/\/www.facebook.com\/profile.php?id=100064209425136","https:\/\/www.instagram.com\/adriaklik\/","https:\/\/www.youtube.com\/user\/PlavacmaliZagreb"]}]}},"jetpack_sharing_enabled":true,"jetpack-related-posts":[],"_links":{"self":[{"href":"https:\/\/adria-klik.com\/en\/wp-json\/wp\/v2\/product\/15732","targetHints":{"allow":["GET"]}}],"collection":[{"href":"https:\/\/adria-klik.com\/en\/wp-json\/wp\/v2\/product"}],"about":[{"href":"https:\/\/adria-klik.com\/en\/wp-json\/wp\/v2\/types\/product"}],"replies":[{"embeddable":true,"href":"https:\/\/adria-klik.com\/en\/wp-json\/wp\/v2\/comments?post=15732"}],"wp:featuredmedia":[{"embeddable":true,"href":"https:\/\/adria-klik.com\/en\/wp-json\/wp\/v2\/media\/15734"}],"wp:attachment":[{"href":"https:\/\/adria-klik.com\/en\/wp-json\/wp\/v2\/media?parent=15732"}],"wp:term":[{"taxonomy":"product_brand","embeddable":true,"href":"https:\/\/adria-klik.com\/en\/wp-json\/wp\/v2\/product_brand?post=15732"},{"taxonomy":"product_cat","embeddable":true,"href":"https:\/\/adria-klik.com\/en\/wp-json\/wp\/v2\/product_cat?post=15732"},{"taxonomy":"product_tag","embeddable":true,"href":"https:\/\/adria-klik.com\/en\/wp-json\/wp\/v2\/product_tag?post=15732"},{"taxonomy":"berocket_brand","embeddable":true,"href":"https:\/\/adria-klik.com\/en\/wp-json\/wp\/v2\/berocket_brand?post=15732"}],"curies":[{"name":"wp","href":"https:\/\/api.w.org\/{rel}","templated":true}]}}