{"id":15736,"date":"2021-07-18T23:02:56","date_gmt":"2021-07-18T21:02:56","guid":{"rendered":"https:\/\/adria.riot.hr\/?post_type=product&#038;p=15736"},"modified":"2021-07-18T23:09:18","modified_gmt":"2021-07-18T21:09:18","slug":"posip-075-l-palihnic-peljesac","status":"publish","type":"product","link":"https:\/\/adria-klik.com\/en\/proizvod\/posip-075-l-palihnic-peljesac\/","title":{"rendered":"Po\u0161ip 0,75 l Palihni\u0107 Pelje\u0161ac"},"content":{"rendered":"<ul>\n<li>Indigenous white variety<br \/>\nPalihni\u0107 Pelje\u0161ac Vineyard<br \/>\nQuality white wine Po\u0161ip from the variety of the same name produced on the Pelje\u0161ac peninsula<br \/>\nIt is characterized by a specific floral scent, a full body and a relatively high percentage of alcohol<br \/>\nIt is drunk chilled<br \/>\nIt goes well with white fish and white meat dishes<br \/>\nOrder online delivery of Po\u0161ip wine<\/li>\n<\/ul>\n","protected":false},"excerpt":{"rendered":"<ul>\n<li>Indigenous white variety<br \/>\nPalihni\u0107 Pelje\u0161ac Vineyard<br \/>\nQuality white wine Po\u0161ip from the variety of the same name produced on the Pelje\u0161ac peninsula<br \/>\nIt is characterized by a specific floral scent, a full body and a relatively high percentage of alcohol<br \/>\nIt is drunk chilled<br \/>\nIt goes well with white fish and white meat dishes<br \/>\nOrder online delivery of Po\u0161ip wine<\/li>\n<\/ul>\n","protected":false},"featured_media":15738,"comment_status":"open","ping_status":"closed","template":"","meta":{"_acf_changed":false},"product_brand":[],"product_cat":[1381,1382,1380,426,382,1378],"product_tag":[498],"berocket_brand":[1485],"class_list":{"0":"post-15736","1":"product","2":"type-product","3":"status-publish","4":"has-post-thumbnail","6":"product_cat-dostava-en","7":"product_cat-europa-en","8":"product_cat-hrvatska-en","9":"product_cat-white","10":"product_cat-wine","11":"product_cat-zagreb-en","12":"product_tag-peljesac","13":"berocket_brand-palihnic","15":"first","16":"instock","17":"featured","18":"shipping-taxable","19":"purchasable","20":"product-type-simple"},"acf":[],"yoast_head":"<!-- This site is optimized with the Yoast SEO plugin v26.9 - https:\/\/yoast.com\/product\/yoast-seo-wordpress\/ -->\n<title>Po\u0161ip 0,75 l Palihni\u0107 Pelje\u0161ac - Adria-Klik.com<\/title>\n<meta name=\"description\" content=\"Indigenous grape variety Plavac mali Plavac mali Palihni\u0107 Pelje\u0161ac Vineyard It owes its rich taste to the steep slopes of Pelje\u0161ac Plavac mali is a red dry wine produced from grapes of the autochthonous variety Plavac mali Proven best position for growing the variety Plavac mali - Peljesac A recognizable taste that only Peljesac can offer Careful processing and care in barrels A wine that perfectly presents all the splendor of the Plavac Mali variety It is characterized by moderately radiated tannins, full body and aromas of dried berries Plavac small autochthonous variety of &quot;parents&quot; Zinfandel \/ Prmitivo \/ Crljenak \/ Ka\u0161telanski Crljenak \/ Pribridrag Order online delivery of Plavac mali wine\" \/>\n<meta name=\"robots\" content=\"index, follow, max-snippet:-1, max-image-preview:large, max-video-preview:-1\" \/>\n<link rel=\"canonical\" href=\"https:\/\/adria-klik.com\/proizvod\/posip-075-l-palihnic-peljesac\/\" \/>\n<meta property=\"og:locale\" content=\"en_US\" \/>\n<meta property=\"og:type\" content=\"article\" \/>\n<meta property=\"og:title\" content=\"Indigenous grape variety Plavac mali Plavac mali Palihni\u0107 Pelje\u0161ac Vineyard It owes its rich taste to the steep slopes of Pelje\u0161ac Plavac mali is a red dry wine produced from grapes of the autochthonous variety Plavac mali Proven best position for growing the variety Plavac mali - Peljesac A recognizable taste that only Peljesac can offer Careful processing and care in barrels A wine that perfectly presents all the splendor of the Plavac Mali variety It is characterized by moderately radiated tannins, full body and aromas of dried berries Plavac small autochthonous variety of &quot;parents&quot; Zinfandel \/ Prmitivo \/ Crljenak \/ Ka\u0161telanski Crljenak \/ Pribridrag Order online delivery of Plavac mali wine\" \/>\n<meta property=\"og:description\" content=\"Indigenous grape variety Plavac mali Plavac mali Palihni\u0107 Pelje\u0161ac Vineyard It owes its rich taste to the steep slopes of Pelje\u0161ac Plavac mali is a red dry wine produced from grapes of the autochthonous variety Plavac mali Proven best position for growing the variety Plavac mali - Peljesac A recognizable taste that only Peljesac can offer Careful processing and care in barrels A wine that perfectly presents all the splendor of the Plavac Mali variety It is characterized by moderately radiated tannins, full body and aromas of dried berries Plavac small autochthonous variety of &quot;parents&quot; Zinfandel \/ Prmitivo \/ Crljenak \/ Ka\u0161telanski Crljenak \/ Pribridrag Order online delivery of Plavac mali wine\" \/>\n<meta property=\"og:url\" content=\"https:\/\/adria-klik.com\/proizvod\/posip-075-l-palihnic-peljesac\/\" \/>\n<meta property=\"og:site_name\" content=\"Adria-Klik.com\" \/>\n<meta property=\"article:publisher\" content=\"https:\/\/www.facebook.com\/profile.php?id=100064209425136\" \/>\n<meta property=\"article:modified_time\" content=\"2021-07-18T21:09:18+00:00\" \/>\n<meta property=\"og:image\" content=\"https:\/\/adria-klik.com\/wp-content\/uploads\/2021\/07\/dingac-Palihnic-Peljeski-Vinogradar-Plavac-mali-0-75l-Peljesac-Premium-100-natural-Adria-Klik_Webshop-ducan-eko-croatia-prozvod-wein-kroatien-wine-zinfandel-wolt-glovo-pauza-bolt.jpg\" \/>\n<meta name=\"twitter:card\" content=\"summary_large_image\" \/>\n<meta name=\"twitter:title\" content=\"Indigenous grape variety Plavac mali Plavac mali Palihni\u0107 Pelje\u0161ac Vineyard It owes its rich taste to the steep slopes of Pelje\u0161ac Plavac mali is a red dry wine produced from grapes of the autochthonous variety Plavac mali Proven best position for growing the variety Plavac mali - Peljesac A recognizable taste that only Peljesac can offer Careful processing and care in barrels A wine that perfectly presents all the splendor of the Plavac Mali variety It is characterized by moderately radiated tannins, full body and aromas of dried berries Plavac small autochthonous variety of &quot;parents&quot; Zinfandel \/ Prmitivo \/ Crljenak \/ Ka\u0161telanski Crljenak \/ Pribridrag Order online delivery of Plavac mali wine\" \/>\n<meta name=\"twitter:description\" content=\"Indigenous grape variety Plavac mali Plavac mali Palihni\u0107 Pelje\u0161ac Vineyard It owes its rich taste to the steep slopes of Pelje\u0161ac Plavac mali is a red dry wine produced from grapes of the autochthonous variety Plavac mali Proven best position for growing the variety Plavac mali - Peljesac A recognizable taste that only Peljesac can offer Careful processing and care in barrels A wine that perfectly presents all the splendor of the Plavac Mali variety It is characterized by moderately radiated tannins, full body and aromas of dried berries Plavac small autochthonous variety of &quot;parents&quot; Zinfandel \/ Prmitivo \/ Crljenak \/ Ka\u0161telanski Crljenak \/ Pribridrag Order online delivery of Plavac mali wine\" \/>\n<meta name=\"twitter:image\" content=\"https:\/\/adria-klik.com\/wp-content\/uploads\/2021\/07\/dingac-Palihnic-Peljeski-Vinogradar-Plavac-mali-0-75l-Peljesac-Premium-100-natural-Adria-Klik_Webshop-ducan-eko-croatia-prozvod-wein-kroatien-wine-zinfandel-wolt-glovo-pauza-bolt.jpg\" \/>\n<script type=\"application\/ld+json\" class=\"yoast-schema-graph\">{\"@context\":\"https:\/\/schema.org\",\"@graph\":[{\"@type\":\"WebPage\",\"@id\":\"https:\/\/adria-klik.com\/proizvod\/posip-075-l-palihnic-peljesac\/\",\"url\":\"https:\/\/adria-klik.com\/proizvod\/posip-075-l-palihnic-peljesac\/\",\"name\":\"Po\u0161ip 0,75 l Palihni\u0107 Pelje\u0161ac - Adria-Klik.com\",\"isPartOf\":{\"@id\":\"https:\/\/adria-klik.com\/#website\"},\"primaryImageOfPage\":{\"@id\":\"https:\/\/adria-klik.com\/proizvod\/posip-075-l-palihnic-peljesac\/#primaryimage\"},\"image\":{\"@id\":\"https:\/\/adria-klik.com\/proizvod\/posip-075-l-palihnic-peljesac\/#primaryimage\"},\"thumbnailUrl\":\"https:\/\/adria-klik.com\/wp-content\/uploads\/2021\/07\/Posip-dingac-Palihnic-Peljeski-Vinogradar-Plavac-mali-0-75l-Peljesac-Premium-100-natural-Adria-Klik_Webshop-ducan-eko-croatia-prozvod-wein-kroatien-wine-zinfandel-wolt-glovo-pauza.jpg\",\"datePublished\":\"2021-07-18T21:02:56+00:00\",\"dateModified\":\"2021-07-18T21:09:18+00:00\",\"description\":\"Indigenous grape variety Plavac mali Plavac mali Palihni\u0107 Pelje\u0161ac Vineyard It owes its rich taste to the steep slopes of Pelje\u0161ac Plavac mali is a red dry wine produced from grapes of the autochthonous variety Plavac mali Proven best position for growing the variety Plavac mali - Peljesac A recognizable taste that only Peljesac can offer Careful processing and care in barrels A wine that perfectly presents all the splendor of the Plavac Mali variety It is characterized by moderately radiated tannins, full body and aromas of dried berries Plavac small autochthonous variety of \\\"parents\\\" Zinfandel \/ Prmitivo \/ Crljenak \/ Ka\u0161telanski Crljenak \/ Pribridrag Order online delivery of Plavac mali wine\",\"breadcrumb\":{\"@id\":\"https:\/\/adria-klik.com\/proizvod\/posip-075-l-palihnic-peljesac\/#breadcrumb\"},\"inLanguage\":\"en-US\",\"potentialAction\":[{\"@type\":\"ReadAction\",\"target\":[\"https:\/\/adria-klik.com\/proizvod\/posip-075-l-palihnic-peljesac\/\"]}]},{\"@type\":\"ImageObject\",\"inLanguage\":\"en-US\",\"@id\":\"https:\/\/adria-klik.com\/proizvod\/posip-075-l-palihnic-peljesac\/#primaryimage\",\"url\":\"https:\/\/adria-klik.com\/wp-content\/uploads\/2021\/07\/Posip-dingac-Palihnic-Peljeski-Vinogradar-Plavac-mali-0-75l-Peljesac-Premium-100-natural-Adria-Klik_Webshop-ducan-eko-croatia-prozvod-wein-kroatien-wine-zinfandel-wolt-glovo-pauza.jpg\",\"contentUrl\":\"https:\/\/adria-klik.com\/wp-content\/uploads\/2021\/07\/Posip-dingac-Palihnic-Peljeski-Vinogradar-Plavac-mali-0-75l-Peljesac-Premium-100-natural-Adria-Klik_Webshop-ducan-eko-croatia-prozvod-wein-kroatien-wine-zinfandel-wolt-glovo-pauza.jpg\",\"width\":1500,\"height\":1500,\"caption\":\"Autotona bijela sortaPalihni\u0107 Pelje\u0161ki VinogradarKvalitetno bijelo\u00a0vino\u00a0Po\u0161ip od istoimene sorte proizvedeno na poluotoku Pelje\u0161cuKarakterizira ga specifi\u010dan floralan miris, puno tijelo i relativno visok postotak alkoholaPije se rashla\u0111enoDobro pristaje uz jela od bijele ribe i bijelog mesaNaru\u010di online dostavu vina Po\u0161ip\"},{\"@type\":\"BreadcrumbList\",\"@id\":\"https:\/\/adria-klik.com\/proizvod\/posip-075-l-palihnic-peljesac\/#breadcrumb\",\"itemListElement\":[{\"@type\":\"ListItem\",\"position\":1,\"name\":\"Po\u010detna stranica\",\"item\":\"https:\/\/adria-klik.com\/en\/\"},{\"@type\":\"ListItem\",\"position\":2,\"name\":\"Shop\",\"item\":\"https:\/\/adria-klik.com\/shop\/\"},{\"@type\":\"ListItem\",\"position\":3,\"name\":\"Po\u0161ip 0,75 l Palihni\u0107 Pelje\u0161ac\"}]},{\"@type\":\"WebSite\",\"@id\":\"https:\/\/adria-klik.com\/#website\",\"url\":\"https:\/\/adria-klik.com\/\",\"name\":\"Adria-Klik.com\",\"description\":\"Unikatni poklon paketi, Vina, Craft pivo &amp; Delicije - webshop\",\"publisher\":{\"@id\":\"https:\/\/adria-klik.com\/#organization\"},\"potentialAction\":[{\"@type\":\"SearchAction\",\"target\":{\"@type\":\"EntryPoint\",\"urlTemplate\":\"https:\/\/adria-klik.com\/?s={search_term_string}\"},\"query-input\":{\"@type\":\"PropertyValueSpecification\",\"valueRequired\":true,\"valueName\":\"search_term_string\"}}],\"inLanguage\":\"en-US\"},{\"@type\":\"Organization\",\"@id\":\"https:\/\/adria-klik.com\/#organization\",\"name\":\"Adria-Klik.com\",\"alternateName\":\"AK\",\"url\":\"https:\/\/adria-klik.com\/\",\"logo\":{\"@type\":\"ImageObject\",\"inLanguage\":\"en-US\",\"@id\":\"https:\/\/adria-klik.com\/#\/schema\/logo\/image\/\",\"url\":\"https:\/\/adria-klik.com\/wp-content\/uploads\/2025\/12\/Adria-Klik_com-logo-namirnice-vina-craft-pivo-delikatese-delicije-artisan-cokolada.jpg\",\"contentUrl\":\"https:\/\/adria-klik.com\/wp-content\/uploads\/2025\/12\/Adria-Klik_com-logo-namirnice-vina-craft-pivo-delikatese-delicije-artisan-cokolada.jpg\",\"width\":500,\"height\":500,\"caption\":\"Adria-Klik.com\"},\"image\":{\"@id\":\"https:\/\/adria-klik.com\/#\/schema\/logo\/image\/\"},\"sameAs\":[\"https:\/\/www.facebook.com\/profile.php?id=100064209425136\",\"https:\/\/www.instagram.com\/adriaklik\/\",\"https:\/\/www.youtube.com\/user\/PlavacmaliZagreb\"]}]}<\/script>\n<!-- \/ Yoast SEO plugin. -->","yoast_head_json":{"title":"Po\u0161ip 0,75 l Palihni\u0107 Pelje\u0161ac - Adria-Klik.com","description":"Indigenous grape variety Plavac mali Plavac mali Palihni\u0107 Pelje\u0161ac Vineyard It owes its rich taste to the steep slopes of Pelje\u0161ac Plavac mali is a red dry wine produced from grapes of the autochthonous variety Plavac mali Proven best position for growing the variety Plavac mali - Peljesac A recognizable taste that only Peljesac can offer Careful processing and care in barrels A wine that perfectly presents all the splendor of the Plavac Mali variety It is characterized by moderately radiated tannins, full body and aromas of dried berries Plavac small autochthonous variety of \"parents\" Zinfandel \/ Prmitivo \/ Crljenak \/ Ka\u0161telanski Crljenak \/ Pribridrag Order online delivery of Plavac mali wine","robots":{"index":"index","follow":"follow","max-snippet":"max-snippet:-1","max-image-preview":"max-image-preview:large","max-video-preview":"max-video-preview:-1"},"canonical":"https:\/\/adria-klik.com\/proizvod\/posip-075-l-palihnic-peljesac\/","og_locale":"en_US","og_type":"article","og_title":"Indigenous grape variety Plavac mali Plavac mali Palihni\u0107 Pelje\u0161ac Vineyard It owes its rich taste to the steep slopes of Pelje\u0161ac Plavac mali is a red dry wine produced from grapes of the autochthonous variety Plavac mali Proven best position for growing the variety Plavac mali - Peljesac A recognizable taste that only Peljesac can offer Careful processing and care in barrels A wine that perfectly presents all the splendor of the Plavac Mali variety It is characterized by moderately radiated tannins, full body and aromas of dried berries Plavac small autochthonous variety of \"parents\" Zinfandel \/ Prmitivo \/ Crljenak \/ Ka\u0161telanski Crljenak \/ Pribridrag Order online delivery of Plavac mali wine","og_description":"Indigenous grape variety Plavac mali Plavac mali Palihni\u0107 Pelje\u0161ac Vineyard It owes its rich taste to the steep slopes of Pelje\u0161ac Plavac mali is a red dry wine produced from grapes of the autochthonous variety Plavac mali Proven best position for growing the variety Plavac mali - Peljesac A recognizable taste that only Peljesac can offer Careful processing and care in barrels A wine that perfectly presents all the splendor of the Plavac Mali variety It is characterized by moderately radiated tannins, full body and aromas of dried berries Plavac small autochthonous variety of \"parents\" Zinfandel \/ Prmitivo \/ Crljenak \/ Ka\u0161telanski Crljenak \/ Pribridrag Order online delivery of Plavac mali wine","og_url":"https:\/\/adria-klik.com\/proizvod\/posip-075-l-palihnic-peljesac\/","og_site_name":"Adria-Klik.com","article_publisher":"https:\/\/www.facebook.com\/profile.php?id=100064209425136","article_modified_time":"2021-07-18T21:09:18+00:00","og_image":[{"url":"https:\/\/adria-klik.com\/wp-content\/uploads\/2021\/07\/dingac-Palihnic-Peljeski-Vinogradar-Plavac-mali-0-75l-Peljesac-Premium-100-natural-Adria-Klik_Webshop-ducan-eko-croatia-prozvod-wein-kroatien-wine-zinfandel-wolt-glovo-pauza-bolt.jpg","type":"","width":"","height":""}],"twitter_card":"summary_large_image","twitter_title":"Indigenous grape variety Plavac mali Plavac mali Palihni\u0107 Pelje\u0161ac Vineyard It owes its rich taste to the steep slopes of Pelje\u0161ac Plavac mali is a red dry wine produced from grapes of the autochthonous variety Plavac mali Proven best position for growing the variety Plavac mali - Peljesac A recognizable taste that only Peljesac can offer Careful processing and care in barrels A wine that perfectly presents all the splendor of the Plavac Mali variety It is characterized by moderately radiated tannins, full body and aromas of dried berries Plavac small autochthonous variety of \"parents\" Zinfandel \/ Prmitivo \/ Crljenak \/ Ka\u0161telanski Crljenak \/ Pribridrag Order online delivery of Plavac mali wine","twitter_description":"Indigenous grape variety Plavac mali Plavac mali Palihni\u0107 Pelje\u0161ac Vineyard It owes its rich taste to the steep slopes of Pelje\u0161ac Plavac mali is a red dry wine produced from grapes of the autochthonous variety Plavac mali Proven best position for growing the variety Plavac mali - Peljesac A recognizable taste that only Peljesac can offer Careful processing and care in barrels A wine that perfectly presents all the splendor of the Plavac Mali variety It is characterized by moderately radiated tannins, full body and aromas of dried berries Plavac small autochthonous variety of \"parents\" Zinfandel \/ Prmitivo \/ Crljenak \/ Ka\u0161telanski Crljenak \/ Pribridrag Order online delivery of Plavac mali wine","twitter_image":"https:\/\/adria-klik.com\/wp-content\/uploads\/2021\/07\/dingac-Palihnic-Peljeski-Vinogradar-Plavac-mali-0-75l-Peljesac-Premium-100-natural-Adria-Klik_Webshop-ducan-eko-croatia-prozvod-wein-kroatien-wine-zinfandel-wolt-glovo-pauza-bolt.jpg","schema":{"@context":"https:\/\/schema.org","@graph":[{"@type":"WebPage","@id":"https:\/\/adria-klik.com\/proizvod\/posip-075-l-palihnic-peljesac\/","url":"https:\/\/adria-klik.com\/proizvod\/posip-075-l-palihnic-peljesac\/","name":"Po\u0161ip 0,75 l Palihni\u0107 Pelje\u0161ac - Adria-Klik.com","isPartOf":{"@id":"https:\/\/adria-klik.com\/#website"},"primaryImageOfPage":{"@id":"https:\/\/adria-klik.com\/proizvod\/posip-075-l-palihnic-peljesac\/#primaryimage"},"image":{"@id":"https:\/\/adria-klik.com\/proizvod\/posip-075-l-palihnic-peljesac\/#primaryimage"},"thumbnailUrl":"https:\/\/adria-klik.com\/wp-content\/uploads\/2021\/07\/Posip-dingac-Palihnic-Peljeski-Vinogradar-Plavac-mali-0-75l-Peljesac-Premium-100-natural-Adria-Klik_Webshop-ducan-eko-croatia-prozvod-wein-kroatien-wine-zinfandel-wolt-glovo-pauza.jpg","datePublished":"2021-07-18T21:02:56+00:00","dateModified":"2021-07-18T21:09:18+00:00","description":"Indigenous grape variety Plavac mali Plavac mali Palihni\u0107 Pelje\u0161ac Vineyard It owes its rich taste to the steep slopes of Pelje\u0161ac Plavac mali is a red dry wine produced from grapes of the autochthonous variety Plavac mali Proven best position for growing the variety Plavac mali - Peljesac A recognizable taste that only Peljesac can offer Careful processing and care in barrels A wine that perfectly presents all the splendor of the Plavac Mali variety It is characterized by moderately radiated tannins, full body and aromas of dried berries Plavac small autochthonous variety of \"parents\" Zinfandel \/ Prmitivo \/ Crljenak \/ Ka\u0161telanski Crljenak \/ Pribridrag Order online delivery of Plavac mali wine","breadcrumb":{"@id":"https:\/\/adria-klik.com\/proizvod\/posip-075-l-palihnic-peljesac\/#breadcrumb"},"inLanguage":"en-US","potentialAction":[{"@type":"ReadAction","target":["https:\/\/adria-klik.com\/proizvod\/posip-075-l-palihnic-peljesac\/"]}]},{"@type":"ImageObject","inLanguage":"en-US","@id":"https:\/\/adria-klik.com\/proizvod\/posip-075-l-palihnic-peljesac\/#primaryimage","url":"https:\/\/adria-klik.com\/wp-content\/uploads\/2021\/07\/Posip-dingac-Palihnic-Peljeski-Vinogradar-Plavac-mali-0-75l-Peljesac-Premium-100-natural-Adria-Klik_Webshop-ducan-eko-croatia-prozvod-wein-kroatien-wine-zinfandel-wolt-glovo-pauza.jpg","contentUrl":"https:\/\/adria-klik.com\/wp-content\/uploads\/2021\/07\/Posip-dingac-Palihnic-Peljeski-Vinogradar-Plavac-mali-0-75l-Peljesac-Premium-100-natural-Adria-Klik_Webshop-ducan-eko-croatia-prozvod-wein-kroatien-wine-zinfandel-wolt-glovo-pauza.jpg","width":1500,"height":1500,"caption":"Autotona bijela sortaPalihni\u0107 Pelje\u0161ki VinogradarKvalitetno bijelo\u00a0vino\u00a0Po\u0161ip od istoimene sorte proizvedeno na poluotoku Pelje\u0161cuKarakterizira ga specifi\u010dan floralan miris, puno tijelo i relativno visok postotak alkoholaPije se rashla\u0111enoDobro pristaje uz jela od bijele ribe i bijelog mesaNaru\u010di online dostavu vina Po\u0161ip"},{"@type":"BreadcrumbList","@id":"https:\/\/adria-klik.com\/proizvod\/posip-075-l-palihnic-peljesac\/#breadcrumb","itemListElement":[{"@type":"ListItem","position":1,"name":"Po\u010detna stranica","item":"https:\/\/adria-klik.com\/en\/"},{"@type":"ListItem","position":2,"name":"Shop","item":"https:\/\/adria-klik.com\/shop\/"},{"@type":"ListItem","position":3,"name":"Po\u0161ip 0,75 l Palihni\u0107 Pelje\u0161ac"}]},{"@type":"WebSite","@id":"https:\/\/adria-klik.com\/#website","url":"https:\/\/adria-klik.com\/","name":"Adria-Klik.com","description":"Unikatni poklon paketi, Vina, Craft pivo &amp; Delicije - webshop","publisher":{"@id":"https:\/\/adria-klik.com\/#organization"},"potentialAction":[{"@type":"SearchAction","target":{"@type":"EntryPoint","urlTemplate":"https:\/\/adria-klik.com\/?s={search_term_string}"},"query-input":{"@type":"PropertyValueSpecification","valueRequired":true,"valueName":"search_term_string"}}],"inLanguage":"en-US"},{"@type":"Organization","@id":"https:\/\/adria-klik.com\/#organization","name":"Adria-Klik.com","alternateName":"AK","url":"https:\/\/adria-klik.com\/","logo":{"@type":"ImageObject","inLanguage":"en-US","@id":"https:\/\/adria-klik.com\/#\/schema\/logo\/image\/","url":"https:\/\/adria-klik.com\/wp-content\/uploads\/2025\/12\/Adria-Klik_com-logo-namirnice-vina-craft-pivo-delikatese-delicije-artisan-cokolada.jpg","contentUrl":"https:\/\/adria-klik.com\/wp-content\/uploads\/2025\/12\/Adria-Klik_com-logo-namirnice-vina-craft-pivo-delikatese-delicije-artisan-cokolada.jpg","width":500,"height":500,"caption":"Adria-Klik.com"},"image":{"@id":"https:\/\/adria-klik.com\/#\/schema\/logo\/image\/"},"sameAs":["https:\/\/www.facebook.com\/profile.php?id=100064209425136","https:\/\/www.instagram.com\/adriaklik\/","https:\/\/www.youtube.com\/user\/PlavacmaliZagreb"]}]}},"jetpack_sharing_enabled":true,"jetpack-related-posts":[],"_links":{"self":[{"href":"https:\/\/adria-klik.com\/en\/wp-json\/wp\/v2\/product\/15736","targetHints":{"allow":["GET"]}}],"collection":[{"href":"https:\/\/adria-klik.com\/en\/wp-json\/wp\/v2\/product"}],"about":[{"href":"https:\/\/adria-klik.com\/en\/wp-json\/wp\/v2\/types\/product"}],"replies":[{"embeddable":true,"href":"https:\/\/adria-klik.com\/en\/wp-json\/wp\/v2\/comments?post=15736"}],"wp:featuredmedia":[{"embeddable":true,"href":"https:\/\/adria-klik.com\/en\/wp-json\/wp\/v2\/media\/15738"}],"wp:attachment":[{"href":"https:\/\/adria-klik.com\/en\/wp-json\/wp\/v2\/media?parent=15736"}],"wp:term":[{"taxonomy":"product_brand","embeddable":true,"href":"https:\/\/adria-klik.com\/en\/wp-json\/wp\/v2\/product_brand?post=15736"},{"taxonomy":"product_cat","embeddable":true,"href":"https:\/\/adria-klik.com\/en\/wp-json\/wp\/v2\/product_cat?post=15736"},{"taxonomy":"product_tag","embeddable":true,"href":"https:\/\/adria-klik.com\/en\/wp-json\/wp\/v2\/product_tag?post=15736"},{"taxonomy":"berocket_brand","embeddable":true,"href":"https:\/\/adria-klik.com\/en\/wp-json\/wp\/v2\/berocket_brand?post=15736"}],"curies":[{"name":"wp","href":"https:\/\/api.w.org\/{rel}","templated":true}]}}