{"id":15742,"date":"2021-07-19T01:42:33","date_gmt":"2021-07-18T23:42:33","guid":{"rendered":"https:\/\/adria.riot.hr\/?post_type=product&#038;p=15742"},"modified":"2023-04-25T21:25:50","modified_gmt":"2023-04-25T19:25:50","slug":"plavac-mali-grand-cru-barrique-peljesac-5-l-vina-grgurevic","status":"publish","type":"product","link":"https:\/\/adria-klik.com\/en\/proizvod\/plavac-mali-grand-cru-barrique-peljesac-5-l-vina-grgurevic\/","title":{"rendered":"Plavac Mali Grand Cru Barrique Pelje\u0161ac 5 l Vina Grgurevi\u0107"},"content":{"rendered":"<p>Plavac Mali Grand Cru Barrique Pelje\u0161ac 5 l Vina Grgurevi\u0107<\/p>\n<p><span class=\"tlid-translation translation\" lang=\"en\">Plavac Mali Grand cru Barrique Peljesac 0,75l Grgurevic <span title=\"\">is a premium red dry wine produced from Plavac mali grapes<\/span><\/span><span class=\"tlid-translation translation\" lang=\"en\"><span title=\"\">.<br \/>\n<\/span> <span title=\"\">Grand cru, as the name suggests, is created exceptionally in harvests that allow the clusters of Plavac mali to develop their full potential, and give us the opportunity to transfer it to the glass.<\/span> <span class=\"\" title=\"\">From the exceptional positions of the &#8220;Krive njive&#8221; vineyards, late harvest and long-term maceration and fermentation in &#8220;barrique&#8221; barrels, this Plavac conquers with aromas of dried fruit that are harmoniously complemented with notes of vanilla and oak caramel.<\/span><\/span><\/p>\n<p>Croatia Premium wine delivery<\/p>\n<p>Indigenous grape variety Plavac mali &#8211; Pelje\u0161ac<\/p>\n<p><span title=\"\">Harvest: mid, late October;<\/span> <span title=\"\">only exceptional years<\/span><br \/>\n<span title=\"\">Vinification: maceration for 14-24 days, fermentation in barrique barrels<\/span><br \/>\n<span title=\"\">Maturation: 18-24 months in barrique barrel, 12 months in bottle<\/span><br \/>\n<span title=\"\">Aging potential: 6-9 years<\/span> <span title=\"\">with appropriate storage conditions<\/span><br \/>\n<span title=\"\">Serving: 19 \u00b0 C.<\/span><br \/>\nComposition: Plavac mali 100% (exceptional positions)<\/p>\n<p>Adria-Klik : &#8220;Maybe the best wine in the world!&#8221;<\/p>\n","protected":false},"excerpt":{"rendered":"<ul>\n<li><span class=\"tlid-translation translation\" lang=\"en\">Top P<span title=\"\">remium red dry wine produced from Plavac mali grapes<\/span><\/span><span class=\"tlid-translation translation\" lang=\"en\"><span title=\"\">!<\/span><\/span><\/li>\n<li>Plavac Mali Grand Cru Barrique Pelje\u0161ac 5 l Vina Grgurevi\u0107<\/li>\n<li>Croatia Premium wine delivery<\/li>\n<li>Indigenous grape variety Plavac mali &#8211; Pelje\u0161ac<\/li>\n<li><span class=\"tlid-translation translation\" lang=\"en\">Plavac Mali Grand cru Barrique Peljesac 0,75l Grgurevic <span title=\"\">is a premium red dry wine produced from Plavac mali grapes<\/span><\/span><span class=\"tlid-translation translation\" lang=\"en\"><span title=\"\">.<br \/>\n<\/span> <\/span><\/li>\n<li>Adria-Klik : &#8220;Maybe the best wine in the world!&#8221;<\/li>\n<\/ul>\n","protected":false},"featured_media":15744,"comment_status":"open","ping_status":"closed","template":"","meta":{"_acf_changed":false},"product_brand":[],"product_cat":[1381,1382,1380,1379,425,618,382],"product_tag":[510,1503,502,459],"berocket_brand":[500],"class_list":{"0":"post-15742","1":"product","2":"type-product","3":"status-publish","4":"has-post-thumbnail","6":"product_cat-dostava-en","7":"product_cat-europa-en","8":"product_cat-hrvatska-en","9":"product_cat-okusi-adriu","10":"product_cat-red","11":"product_cat-taste_adria","12":"product_cat-wine","13":"product_tag-grand-cru","14":"product_tag-grgurevic-winery","15":"product_tag-peljesac-en","16":"product_tag-zagreb","17":"berocket_brand-vina-grgurevic-2","19":"first","20":"onbackorder","21":"shipping-taxable","22":"purchasable","23":"product-type-simple"},"acf":[],"yoast_head":"<!-- This site is optimized with the Yoast SEO plugin v26.9 - https:\/\/yoast.com\/product\/yoast-seo-wordpress\/ -->\n<title>Plavac Mali Grand Cru Barrique Pelje\u0161ac 5 l Vina Grgurevi\u0107 - Adria-Klik.com<\/title>\n<meta name=\"description\" content=\"Plavac Mali Grand Cru Barrique Pelje\u0161ac 5 l Vina Grgurevi\u0107 Croatia Premium wine delivery\u00a0Indigenous grape variety Plavac mali - Pelje\u0161ac\u00a0\" \/>\n<meta name=\"robots\" content=\"index, follow, max-snippet:-1, max-image-preview:large, max-video-preview:-1\" \/>\n<link rel=\"canonical\" href=\"https:\/\/adria-klik.com\/proizvod\/plavac-mali-grand-cru-barrique-peljesac-5-l-vina-grgurevic\/\" \/>\n<meta property=\"og:locale\" content=\"en_US\" \/>\n<meta property=\"og:type\" content=\"article\" \/>\n<meta property=\"og:title\" content=\"Plavac Mali Grand Cru Barrique Pelje\u0161ac 5 l Vina Grgurevi\u0107 - Adria-Klik.com\" \/>\n<meta property=\"og:description\" content=\"Plavac Mali Grand Cru Barrique Pelje\u0161ac 5 l Vina Grgurevi\u0107 Croatia Premium wine delivery\u00a0Indigenous grape variety Plavac mali - Pelje\u0161ac\u00a0\" \/>\n<meta property=\"og:url\" content=\"https:\/\/adria-klik.com\/proizvod\/plavac-mali-grand-cru-barrique-peljesac-5-l-vina-grgurevic\/\" \/>\n<meta property=\"og:site_name\" content=\"Adria-Klik.com\" \/>\n<meta property=\"article:publisher\" content=\"https:\/\/www.facebook.com\/profile.php?id=100064209425136\" \/>\n<meta property=\"article:modified_time\" content=\"2023-04-25T19:25:50+00:00\" \/>\n<meta property=\"og:image\" content=\"https:\/\/adria-klik.com\/wp-content\/uploads\/2021\/07\/Plavac-mali-Grand-cru-barrique-5l-boca-5-liters-special-Family-Obitelj-Grgurevic-Tradition-075l-Peljesac-Premium-100-natural-Adria-Klik_Webshop-ducan-eko-croatia-prozvod-.jpg\" \/>\n\t<meta property=\"og:image:width\" content=\"1500\" \/>\n\t<meta property=\"og:image:height\" content=\"1500\" \/>\n\t<meta property=\"og:image:type\" content=\"image\/jpeg\" \/>\n<meta name=\"twitter:card\" content=\"summary_large_image\" \/>\n<meta name=\"twitter:label1\" content=\"Est. reading time\" \/>\n\t<meta name=\"twitter:data1\" content=\"1 minute\" \/>\n<script type=\"application\/ld+json\" class=\"yoast-schema-graph\">{\"@context\":\"https:\/\/schema.org\",\"@graph\":[{\"@type\":\"WebPage\",\"@id\":\"https:\/\/adria-klik.com\/proizvod\/plavac-mali-grand-cru-barrique-peljesac-5-l-vina-grgurevic\/\",\"url\":\"https:\/\/adria-klik.com\/proizvod\/plavac-mali-grand-cru-barrique-peljesac-5-l-vina-grgurevic\/\",\"name\":\"Plavac Mali Grand Cru Barrique Pelje\u0161ac 5 l Vina Grgurevi\u0107 - Adria-Klik.com\",\"isPartOf\":{\"@id\":\"https:\/\/adria-klik.com\/#website\"},\"primaryImageOfPage\":{\"@id\":\"https:\/\/adria-klik.com\/proizvod\/plavac-mali-grand-cru-barrique-peljesac-5-l-vina-grgurevic\/#primaryimage\"},\"image\":{\"@id\":\"https:\/\/adria-klik.com\/proizvod\/plavac-mali-grand-cru-barrique-peljesac-5-l-vina-grgurevic\/#primaryimage\"},\"thumbnailUrl\":\"https:\/\/adria-klik.com\/wp-content\/uploads\/2021\/07\/Plavac-mali-Grand-cru-barrique-5l-boca-5-liters-special-Family-Obitelj-Grgurevic-Tradition-075l-Peljesac-Premium-100-natural-Adria-Klik_Webshop-ducan-eko-croatia-prozvod-.jpg\",\"datePublished\":\"2021-07-18T23:42:33+00:00\",\"dateModified\":\"2023-04-25T19:25:50+00:00\",\"description\":\"Plavac Mali Grand Cru Barrique Pelje\u0161ac 5 l Vina Grgurevi\u0107 Croatia Premium wine delivery\u00a0Indigenous grape variety Plavac mali - Pelje\u0161ac\u00a0\",\"breadcrumb\":{\"@id\":\"https:\/\/adria-klik.com\/proizvod\/plavac-mali-grand-cru-barrique-peljesac-5-l-vina-grgurevic\/#breadcrumb\"},\"inLanguage\":\"en-US\",\"potentialAction\":[{\"@type\":\"ReadAction\",\"target\":[\"https:\/\/adria-klik.com\/proizvod\/plavac-mali-grand-cru-barrique-peljesac-5-l-vina-grgurevic\/\"]}]},{\"@type\":\"ImageObject\",\"inLanguage\":\"en-US\",\"@id\":\"https:\/\/adria-klik.com\/proizvod\/plavac-mali-grand-cru-barrique-peljesac-5-l-vina-grgurevic\/#primaryimage\",\"url\":\"https:\/\/adria-klik.com\/wp-content\/uploads\/2021\/07\/Plavac-mali-Grand-cru-barrique-5l-boca-5-liters-special-Family-Obitelj-Grgurevic-Tradition-075l-Peljesac-Premium-100-natural-Adria-Klik_Webshop-ducan-eko-croatia-prozvod-.jpg\",\"contentUrl\":\"https:\/\/adria-klik.com\/wp-content\/uploads\/2021\/07\/Plavac-mali-Grand-cru-barrique-5l-boca-5-liters-special-Family-Obitelj-Grgurevic-Tradition-075l-Peljesac-Premium-100-natural-Adria-Klik_Webshop-ducan-eko-croatia-prozvod-.jpg\",\"width\":1500,\"height\":1500,\"caption\":\"Plavac Mali Grand Cru Barrique Pelje\u0161ac 5 l Vina Grgurevi\u0107\"},{\"@type\":\"BreadcrumbList\",\"@id\":\"https:\/\/adria-klik.com\/proizvod\/plavac-mali-grand-cru-barrique-peljesac-5-l-vina-grgurevic\/#breadcrumb\",\"itemListElement\":[{\"@type\":\"ListItem\",\"position\":1,\"name\":\"Po\u010detna stranica\",\"item\":\"https:\/\/adria-klik.com\/en\/\"},{\"@type\":\"ListItem\",\"position\":2,\"name\":\"Shop\",\"item\":\"https:\/\/adria-klik.com\/shop\/\"},{\"@type\":\"ListItem\",\"position\":3,\"name\":\"Plavac Mali Grand Cru Barrique Pelje\u0161ac 5 l Vina Grgurevi\u0107\"}]},{\"@type\":\"WebSite\",\"@id\":\"https:\/\/adria-klik.com\/#website\",\"url\":\"https:\/\/adria-klik.com\/\",\"name\":\"Adria-Klik.com\",\"description\":\"Unikatni poklon paketi, Vina, Craft pivo &amp; Delicije - webshop\",\"publisher\":{\"@id\":\"https:\/\/adria-klik.com\/#organization\"},\"potentialAction\":[{\"@type\":\"SearchAction\",\"target\":{\"@type\":\"EntryPoint\",\"urlTemplate\":\"https:\/\/adria-klik.com\/?s={search_term_string}\"},\"query-input\":{\"@type\":\"PropertyValueSpecification\",\"valueRequired\":true,\"valueName\":\"search_term_string\"}}],\"inLanguage\":\"en-US\"},{\"@type\":\"Organization\",\"@id\":\"https:\/\/adria-klik.com\/#organization\",\"name\":\"Adria-Klik.com\",\"alternateName\":\"AK\",\"url\":\"https:\/\/adria-klik.com\/\",\"logo\":{\"@type\":\"ImageObject\",\"inLanguage\":\"en-US\",\"@id\":\"https:\/\/adria-klik.com\/#\/schema\/logo\/image\/\",\"url\":\"https:\/\/adria-klik.com\/wp-content\/uploads\/2025\/12\/Adria-Klik_com-logo-namirnice-vina-craft-pivo-delikatese-delicije-artisan-cokolada.jpg\",\"contentUrl\":\"https:\/\/adria-klik.com\/wp-content\/uploads\/2025\/12\/Adria-Klik_com-logo-namirnice-vina-craft-pivo-delikatese-delicije-artisan-cokolada.jpg\",\"width\":500,\"height\":500,\"caption\":\"Adria-Klik.com\"},\"image\":{\"@id\":\"https:\/\/adria-klik.com\/#\/schema\/logo\/image\/\"},\"sameAs\":[\"https:\/\/www.facebook.com\/profile.php?id=100064209425136\",\"https:\/\/www.instagram.com\/adriaklik\/\",\"https:\/\/www.youtube.com\/user\/PlavacmaliZagreb\"]}]}<\/script>\n<!-- \/ Yoast SEO plugin. -->","yoast_head_json":{"title":"Plavac Mali Grand Cru Barrique Pelje\u0161ac 5 l Vina Grgurevi\u0107 - Adria-Klik.com","description":"Plavac Mali Grand Cru Barrique Pelje\u0161ac 5 l Vina Grgurevi\u0107 Croatia Premium wine delivery\u00a0Indigenous grape variety Plavac mali - Pelje\u0161ac\u00a0","robots":{"index":"index","follow":"follow","max-snippet":"max-snippet:-1","max-image-preview":"max-image-preview:large","max-video-preview":"max-video-preview:-1"},"canonical":"https:\/\/adria-klik.com\/proizvod\/plavac-mali-grand-cru-barrique-peljesac-5-l-vina-grgurevic\/","og_locale":"en_US","og_type":"article","og_title":"Plavac Mali Grand Cru Barrique Pelje\u0161ac 5 l Vina Grgurevi\u0107 - Adria-Klik.com","og_description":"Plavac Mali Grand Cru Barrique Pelje\u0161ac 5 l Vina Grgurevi\u0107 Croatia Premium wine delivery\u00a0Indigenous grape variety Plavac mali - Pelje\u0161ac\u00a0","og_url":"https:\/\/adria-klik.com\/proizvod\/plavac-mali-grand-cru-barrique-peljesac-5-l-vina-grgurevic\/","og_site_name":"Adria-Klik.com","article_publisher":"https:\/\/www.facebook.com\/profile.php?id=100064209425136","article_modified_time":"2023-04-25T19:25:50+00:00","og_image":[{"width":1500,"height":1500,"url":"https:\/\/adria-klik.com\/wp-content\/uploads\/2021\/07\/Plavac-mali-Grand-cru-barrique-5l-boca-5-liters-special-Family-Obitelj-Grgurevic-Tradition-075l-Peljesac-Premium-100-natural-Adria-Klik_Webshop-ducan-eko-croatia-prozvod-.jpg","type":"image\/jpeg"}],"twitter_card":"summary_large_image","twitter_misc":{"Est. reading time":"1 minute"},"schema":{"@context":"https:\/\/schema.org","@graph":[{"@type":"WebPage","@id":"https:\/\/adria-klik.com\/proizvod\/plavac-mali-grand-cru-barrique-peljesac-5-l-vina-grgurevic\/","url":"https:\/\/adria-klik.com\/proizvod\/plavac-mali-grand-cru-barrique-peljesac-5-l-vina-grgurevic\/","name":"Plavac Mali Grand Cru Barrique Pelje\u0161ac 5 l Vina Grgurevi\u0107 - Adria-Klik.com","isPartOf":{"@id":"https:\/\/adria-klik.com\/#website"},"primaryImageOfPage":{"@id":"https:\/\/adria-klik.com\/proizvod\/plavac-mali-grand-cru-barrique-peljesac-5-l-vina-grgurevic\/#primaryimage"},"image":{"@id":"https:\/\/adria-klik.com\/proizvod\/plavac-mali-grand-cru-barrique-peljesac-5-l-vina-grgurevic\/#primaryimage"},"thumbnailUrl":"https:\/\/adria-klik.com\/wp-content\/uploads\/2021\/07\/Plavac-mali-Grand-cru-barrique-5l-boca-5-liters-special-Family-Obitelj-Grgurevic-Tradition-075l-Peljesac-Premium-100-natural-Adria-Klik_Webshop-ducan-eko-croatia-prozvod-.jpg","datePublished":"2021-07-18T23:42:33+00:00","dateModified":"2023-04-25T19:25:50+00:00","description":"Plavac Mali Grand Cru Barrique Pelje\u0161ac 5 l Vina Grgurevi\u0107 Croatia Premium wine delivery\u00a0Indigenous grape variety Plavac mali - Pelje\u0161ac\u00a0","breadcrumb":{"@id":"https:\/\/adria-klik.com\/proizvod\/plavac-mali-grand-cru-barrique-peljesac-5-l-vina-grgurevic\/#breadcrumb"},"inLanguage":"en-US","potentialAction":[{"@type":"ReadAction","target":["https:\/\/adria-klik.com\/proizvod\/plavac-mali-grand-cru-barrique-peljesac-5-l-vina-grgurevic\/"]}]},{"@type":"ImageObject","inLanguage":"en-US","@id":"https:\/\/adria-klik.com\/proizvod\/plavac-mali-grand-cru-barrique-peljesac-5-l-vina-grgurevic\/#primaryimage","url":"https:\/\/adria-klik.com\/wp-content\/uploads\/2021\/07\/Plavac-mali-Grand-cru-barrique-5l-boca-5-liters-special-Family-Obitelj-Grgurevic-Tradition-075l-Peljesac-Premium-100-natural-Adria-Klik_Webshop-ducan-eko-croatia-prozvod-.jpg","contentUrl":"https:\/\/adria-klik.com\/wp-content\/uploads\/2021\/07\/Plavac-mali-Grand-cru-barrique-5l-boca-5-liters-special-Family-Obitelj-Grgurevic-Tradition-075l-Peljesac-Premium-100-natural-Adria-Klik_Webshop-ducan-eko-croatia-prozvod-.jpg","width":1500,"height":1500,"caption":"Plavac Mali Grand Cru Barrique Pelje\u0161ac 5 l Vina Grgurevi\u0107"},{"@type":"BreadcrumbList","@id":"https:\/\/adria-klik.com\/proizvod\/plavac-mali-grand-cru-barrique-peljesac-5-l-vina-grgurevic\/#breadcrumb","itemListElement":[{"@type":"ListItem","position":1,"name":"Po\u010detna stranica","item":"https:\/\/adria-klik.com\/en\/"},{"@type":"ListItem","position":2,"name":"Shop","item":"https:\/\/adria-klik.com\/shop\/"},{"@type":"ListItem","position":3,"name":"Plavac Mali Grand Cru Barrique Pelje\u0161ac 5 l Vina Grgurevi\u0107"}]},{"@type":"WebSite","@id":"https:\/\/adria-klik.com\/#website","url":"https:\/\/adria-klik.com\/","name":"Adria-Klik.com","description":"Unikatni poklon paketi, Vina, Craft pivo &amp; Delicije - webshop","publisher":{"@id":"https:\/\/adria-klik.com\/#organization"},"potentialAction":[{"@type":"SearchAction","target":{"@type":"EntryPoint","urlTemplate":"https:\/\/adria-klik.com\/?s={search_term_string}"},"query-input":{"@type":"PropertyValueSpecification","valueRequired":true,"valueName":"search_term_string"}}],"inLanguage":"en-US"},{"@type":"Organization","@id":"https:\/\/adria-klik.com\/#organization","name":"Adria-Klik.com","alternateName":"AK","url":"https:\/\/adria-klik.com\/","logo":{"@type":"ImageObject","inLanguage":"en-US","@id":"https:\/\/adria-klik.com\/#\/schema\/logo\/image\/","url":"https:\/\/adria-klik.com\/wp-content\/uploads\/2025\/12\/Adria-Klik_com-logo-namirnice-vina-craft-pivo-delikatese-delicije-artisan-cokolada.jpg","contentUrl":"https:\/\/adria-klik.com\/wp-content\/uploads\/2025\/12\/Adria-Klik_com-logo-namirnice-vina-craft-pivo-delikatese-delicije-artisan-cokolada.jpg","width":500,"height":500,"caption":"Adria-Klik.com"},"image":{"@id":"https:\/\/adria-klik.com\/#\/schema\/logo\/image\/"},"sameAs":["https:\/\/www.facebook.com\/profile.php?id=100064209425136","https:\/\/www.instagram.com\/adriaklik\/","https:\/\/www.youtube.com\/user\/PlavacmaliZagreb"]}]}},"jetpack_sharing_enabled":true,"jetpack-related-posts":[],"_links":{"self":[{"href":"https:\/\/adria-klik.com\/en\/wp-json\/wp\/v2\/product\/15742","targetHints":{"allow":["GET"]}}],"collection":[{"href":"https:\/\/adria-klik.com\/en\/wp-json\/wp\/v2\/product"}],"about":[{"href":"https:\/\/adria-klik.com\/en\/wp-json\/wp\/v2\/types\/product"}],"replies":[{"embeddable":true,"href":"https:\/\/adria-klik.com\/en\/wp-json\/wp\/v2\/comments?post=15742"}],"wp:featuredmedia":[{"embeddable":true,"href":"https:\/\/adria-klik.com\/en\/wp-json\/wp\/v2\/media\/15744"}],"wp:attachment":[{"href":"https:\/\/adria-klik.com\/en\/wp-json\/wp\/v2\/media?parent=15742"}],"wp:term":[{"taxonomy":"product_brand","embeddable":true,"href":"https:\/\/adria-klik.com\/en\/wp-json\/wp\/v2\/product_brand?post=15742"},{"taxonomy":"product_cat","embeddable":true,"href":"https:\/\/adria-klik.com\/en\/wp-json\/wp\/v2\/product_cat?post=15742"},{"taxonomy":"product_tag","embeddable":true,"href":"https:\/\/adria-klik.com\/en\/wp-json\/wp\/v2\/product_tag?post=15742"},{"taxonomy":"berocket_brand","embeddable":true,"href":"https:\/\/adria-klik.com\/en\/wp-json\/wp\/v2\/berocket_brand?post=15742"}],"curies":[{"name":"wp","href":"https:\/\/api.w.org\/{rel}","templated":true}]}}