{"id":15814,"date":"2021-07-20T23:21:43","date_gmt":"2021-07-20T21:21:43","guid":{"rendered":"https:\/\/adria.riot.hr\/?post_type=product&#038;p=15814"},"modified":"2023-04-20T23:51:41","modified_gmt":"2023-04-20T21:51:41","slug":"promo-pack-gin-greenalls-07l-1gin-wild-berry-greenalls-07-l-6-x-premium-tonic-water-cherry-0-195l-bontonic-order-gin-delivery-now","status":"publish","type":"product","link":"https:\/\/adria-klik.com\/en\/proizvod\/promo-pack-gin-greenalls-07l-1gin-wild-berry-greenalls-07-l-6-x-premium-tonic-water-cherry-0-195l-bontonic-order-gin-delivery-now\/","title":{"rendered":"Gin Wild Berry Greenall&#8217;s 0,7 l + 6 X Premium Tonic Water Cherry 0.195l Bontonic"},"content":{"rendered":"<ul>\n<li>Adria-Klik.com Gin-Tonic Package<\/li>\n<li>Original British Gin Greenall&#8217;s Wild Berry 0.7l<\/li>\n<li>Premium Tonic Cherry 0.195l Bontonic for sophisticated ladies and gentlemen<\/li>\n<li>For sophisticated ladies and gentlemen #kupujmohrvatsko<\/li>\n<li>Carbonated refreshing non-alcoholic drink with added sugar<\/li>\n<li>Bontonic Gin&#8217;s best friend<\/li>\n<li>Super fast delivery Zagreb up to 60 min.<\/li>\n<li>Pre-orders &#8211; Scheduled orders<\/li>\n<li>Delivery to Croatia and the EU<\/li>\n<\/ul>\n","protected":false},"excerpt":{"rendered":"<ul>\n<li>Adria-Klik.com Gin-Tonic Package<\/li>\n<li>Original British Gin Greenalls Wild Berry 0.7l<\/li>\n<li>Indian Tonic Schweppes 0.2 l &#8211; Refreshing non-alcoholic carbonated drink with quinine flavor. With sugar and sweetener. An original, superb taste that has required character since 1783!<br \/>\nSuper fast delivery Zagreb up to 60 minutes.<\/li>\n<li>Pre-orders &#8211; Scheduled orders<\/li>\n<li>Delivery to Croatia and the EU<\/li>\n<\/ul>\n","protected":false},"featured_media":15816,"comment_status":"open","ping_status":"closed","template":"","meta":{"_acf_changed":false},"product_brand":[],"product_cat":[1381,1382,1162,1380,443,1160],"product_tag":[818,883,1521,884],"berocket_brand":[882],"class_list":{"0":"post-15814","1":"product","2":"type-product","3":"status-publish","4":"has-post-thumbnail","6":"product_cat-dostava-en","7":"product_cat-europa-en","8":"product_cat-happy-packs-promo","9":"product_cat-hrvatska-en","10":"product_cat-other-liquor","11":"product_cat-our-recommendation","12":"product_tag-fast-delivery","13":"product_tag-greenalls","14":"product_tag-premium-tonic-water-cherry","15":"product_tag-zagreb-eu-usa","16":"berocket_brand-greenalls","18":"first","19":"instock","20":"sale","21":"featured","22":"shipping-taxable","23":"purchasable","24":"product-type-simple"},"acf":[],"yoast_head":"<!-- This site is optimized with the Yoast SEO plugin v26.9 - https:\/\/yoast.com\/product\/yoast-seo-wordpress\/ -->\n<title>Gin Wild Berry Greenall&#039;s 0,7 l + 6 X Premium Tonic Water Cherry 0.195l Bontonic - Adria-Klik.com<\/title>\n<meta name=\"description\" content=\"Promo Pack Gin Greenalls 0,7l + 1Gin Wild Berry Greenall&#039;s 0,7 l + 6 X Premium Tonic Water Cherry 0.195l Bontonic | Order Gin Delivery now\" \/>\n<meta name=\"robots\" content=\"index, follow, max-snippet:-1, max-image-preview:large, max-video-preview:-1\" \/>\n<link rel=\"canonical\" href=\"https:\/\/adria-klik.com\/proizvod\/cherryberry-gin-wild-berry-greenalls-07-l-6-x-premium-tonic-cherry-0195l\/\" \/>\n<meta property=\"og:locale\" content=\"en_US\" \/>\n<meta property=\"og:type\" content=\"article\" \/>\n<meta property=\"og:title\" content=\"Promo Pack Gin Greenalls 0,7l + 1Gin Wild Berry Greenall&#039;s 0,7 l + 6 X Premium Tonic Water Cherry 0.195l Bontonic | Order Gin Delivery now\" \/>\n<meta property=\"og:description\" content=\"Promo Pack Gin Greenalls 0,7l + 1Gin Wild Berry Greenall&#039;s 0,7 l + 6 X Premium Tonic Water Cherry 0.195l Bontonic | Order Gin Delivery now\" \/>\n<meta property=\"og:url\" content=\"https:\/\/adria-klik.com\/proizvod\/cherryberry-gin-wild-berry-greenalls-07-l-6-x-premium-tonic-cherry-0195l\/\" \/>\n<meta property=\"og:site_name\" content=\"Adria-Klik.com\" \/>\n<meta property=\"article:publisher\" content=\"https:\/\/www.facebook.com\/profile.php?id=100064209425136\" \/>\n<meta property=\"article:modified_time\" content=\"2023-04-20T21:51:41+00:00\" \/>\n<meta property=\"og:image\" content=\"https:\/\/adria-klik.com\/wp-content\/uploads\/2021\/07\/Greenalls-Original-British-wildberry-Gin-07l-premium-Tonic-water-cherry-6pcs-6kom-akcija-Adria-Klik-webshop-ducan-brza-dostava-Zagreb-fast-delivery-store-market-wolt-bolt-internet-ducan.jpeg\" \/>\n\t<meta property=\"og:image:width\" content=\"1500\" \/>\n\t<meta property=\"og:image:height\" content=\"1500\" \/>\n\t<meta property=\"og:image:type\" content=\"image\/jpeg\" \/>\n<meta name=\"twitter:card\" content=\"summary_large_image\" \/>\n<meta name=\"twitter:title\" content=\"Promo Pack Gin Greenalls 0,7l + 1Gin Wild Berry Greenall&#039;s 0,7 l + 6 X Premium Tonic Water Cherry 0.195l Bontonic | Order Gin Delivery now\" \/>\n<meta name=\"twitter:description\" content=\"Promo Pack Gin Greenalls 0,7l + 1Gin Wild Berry Greenall&#039;s 0,7 l + 6 X Premium Tonic Water Cherry 0.195l Bontonic | Order Gin Delivery now\" \/>\n<meta name=\"twitter:image\" content=\"https:\/\/adria-klik.com\/wp-content\/uploads\/2021\/07\/Greenalls-Original-British-wildberry-Gin-07l-premium-Tonic-water-cherry-6pcs-6kom-akcija-Adria-Klik-webshop-ducan-brza-dostava-Zagreb-fast-delivery-store-market-wolt-bolt-internet-ducan.jpeg\" \/>\n<meta name=\"twitter:label1\" content=\"Est. reading time\" \/>\n\t<meta name=\"twitter:data1\" content=\"1 minute\" \/>\n<script type=\"application\/ld+json\" class=\"yoast-schema-graph\">{\"@context\":\"https:\/\/schema.org\",\"@graph\":[{\"@type\":\"WebPage\",\"@id\":\"https:\/\/adria-klik.com\/proizvod\/cherryberry-gin-wild-berry-greenalls-07-l-6-x-premium-tonic-cherry-0195l\/\",\"url\":\"https:\/\/adria-klik.com\/proizvod\/cherryberry-gin-wild-berry-greenalls-07-l-6-x-premium-tonic-cherry-0195l\/\",\"name\":\"Gin Wild Berry Greenall's 0,7 l + 6 X Premium Tonic Water Cherry 0.195l Bontonic - Adria-Klik.com\",\"isPartOf\":{\"@id\":\"https:\/\/adria-klik.com\/#website\"},\"primaryImageOfPage\":{\"@id\":\"https:\/\/adria-klik.com\/proizvod\/cherryberry-gin-wild-berry-greenalls-07-l-6-x-premium-tonic-cherry-0195l\/#primaryimage\"},\"image\":{\"@id\":\"https:\/\/adria-klik.com\/proizvod\/cherryberry-gin-wild-berry-greenalls-07-l-6-x-premium-tonic-cherry-0195l\/#primaryimage\"},\"thumbnailUrl\":\"https:\/\/adria-klik.com\/wp-content\/uploads\/2021\/07\/Greenalls-Original-British-wildberry-Gin-07l-premium-Tonic-water-cherry-6pcs-6kom-akcija-Adria-Klik-webshop-ducan-brza-dostava-Zagreb-fast-delivery-store-market-wolt-bolt-internet-ducan.jpeg\",\"datePublished\":\"2021-07-20T21:21:43+00:00\",\"dateModified\":\"2023-04-20T21:51:41+00:00\",\"description\":\"Promo Pack Gin Greenalls 0,7l + 1Gin Wild Berry Greenall's 0,7 l + 6 X Premium Tonic Water Cherry 0.195l Bontonic | Order Gin Delivery now\",\"breadcrumb\":{\"@id\":\"https:\/\/adria-klik.com\/proizvod\/cherryberry-gin-wild-berry-greenalls-07-l-6-x-premium-tonic-cherry-0195l\/#breadcrumb\"},\"inLanguage\":\"en-US\",\"potentialAction\":[{\"@type\":\"ReadAction\",\"target\":[\"https:\/\/adria-klik.com\/proizvod\/cherryberry-gin-wild-berry-greenalls-07-l-6-x-premium-tonic-cherry-0195l\/\"]}]},{\"@type\":\"ImageObject\",\"inLanguage\":\"en-US\",\"@id\":\"https:\/\/adria-klik.com\/proizvod\/cherryberry-gin-wild-berry-greenalls-07-l-6-x-premium-tonic-cherry-0195l\/#primaryimage\",\"url\":\"https:\/\/adria-klik.com\/wp-content\/uploads\/2021\/07\/Greenalls-Original-British-wildberry-Gin-07l-premium-Tonic-water-cherry-6pcs-6kom-akcija-Adria-Klik-webshop-ducan-brza-dostava-Zagreb-fast-delivery-store-market-wolt-bolt-internet-ducan.jpeg\",\"contentUrl\":\"https:\/\/adria-klik.com\/wp-content\/uploads\/2021\/07\/Greenalls-Original-British-wildberry-Gin-07l-premium-Tonic-water-cherry-6pcs-6kom-akcija-Adria-Klik-webshop-ducan-brza-dostava-Zagreb-fast-delivery-store-market-wolt-bolt-internet-ducan.jpeg\",\"width\":1500,\"height\":1500,\"caption\":\"Adria-Klik Gin-Tonic Paket Original British Gin Greenall's Wild Berry 0,7l Premium Tonic Cherry 0,195l Bontonic za profinjene dame i gospodu.\u00a0 For sophisticated ladies and gentlemen #kupujmohrvatsko Gazirano osvje\u017eavaju\u0107e bezalkoholno pi\u0107e s dodatkom \u0161e\u010dera. Bontonic Gin's best friend Superbrza dostava Zagreb do 60min. Prednarud\u017ebe \u2013 Zakazane narud\u017ebe Dostava RH i EU\"},{\"@type\":\"BreadcrumbList\",\"@id\":\"https:\/\/adria-klik.com\/proizvod\/cherryberry-gin-wild-berry-greenalls-07-l-6-x-premium-tonic-cherry-0195l\/#breadcrumb\",\"itemListElement\":[{\"@type\":\"ListItem\",\"position\":1,\"name\":\"Po\u010detna stranica\",\"item\":\"https:\/\/adria-klik.com\/en\/\"},{\"@type\":\"ListItem\",\"position\":2,\"name\":\"Shop\",\"item\":\"https:\/\/adria-klik.com\/shop\/\"},{\"@type\":\"ListItem\",\"position\":3,\"name\":\"Gin Wild Berry Greenall&#8217;s 0,7 l + 6 X Premium Tonic Water Cherry 0.195l Bontonic\"}]},{\"@type\":\"WebSite\",\"@id\":\"https:\/\/adria-klik.com\/#website\",\"url\":\"https:\/\/adria-klik.com\/\",\"name\":\"Adria-Klik.com\",\"description\":\"Unikatni poklon paketi, Vina, Craft pivo &amp; Delicije - webshop\",\"publisher\":{\"@id\":\"https:\/\/adria-klik.com\/#organization\"},\"potentialAction\":[{\"@type\":\"SearchAction\",\"target\":{\"@type\":\"EntryPoint\",\"urlTemplate\":\"https:\/\/adria-klik.com\/?s={search_term_string}\"},\"query-input\":{\"@type\":\"PropertyValueSpecification\",\"valueRequired\":true,\"valueName\":\"search_term_string\"}}],\"inLanguage\":\"en-US\"},{\"@type\":\"Organization\",\"@id\":\"https:\/\/adria-klik.com\/#organization\",\"name\":\"Adria-Klik.com\",\"alternateName\":\"AK\",\"url\":\"https:\/\/adria-klik.com\/\",\"logo\":{\"@type\":\"ImageObject\",\"inLanguage\":\"en-US\",\"@id\":\"https:\/\/adria-klik.com\/#\/schema\/logo\/image\/\",\"url\":\"https:\/\/adria-klik.com\/wp-content\/uploads\/2025\/12\/Adria-Klik_com-logo-namirnice-vina-craft-pivo-delikatese-delicije-artisan-cokolada.jpg\",\"contentUrl\":\"https:\/\/adria-klik.com\/wp-content\/uploads\/2025\/12\/Adria-Klik_com-logo-namirnice-vina-craft-pivo-delikatese-delicije-artisan-cokolada.jpg\",\"width\":500,\"height\":500,\"caption\":\"Adria-Klik.com\"},\"image\":{\"@id\":\"https:\/\/adria-klik.com\/#\/schema\/logo\/image\/\"},\"sameAs\":[\"https:\/\/www.facebook.com\/profile.php?id=100064209425136\",\"https:\/\/www.instagram.com\/adriaklik\/\",\"https:\/\/www.youtube.com\/user\/PlavacmaliZagreb\"]}]}<\/script>\n<!-- \/ Yoast SEO plugin. -->","yoast_head_json":{"title":"Gin Wild Berry Greenall's 0,7 l + 6 X Premium Tonic Water Cherry 0.195l Bontonic - Adria-Klik.com","description":"Promo Pack Gin Greenalls 0,7l + 1Gin Wild Berry Greenall's 0,7 l + 6 X Premium Tonic Water Cherry 0.195l Bontonic | Order Gin Delivery now","robots":{"index":"index","follow":"follow","max-snippet":"max-snippet:-1","max-image-preview":"max-image-preview:large","max-video-preview":"max-video-preview:-1"},"canonical":"https:\/\/adria-klik.com\/proizvod\/cherryberry-gin-wild-berry-greenalls-07-l-6-x-premium-tonic-cherry-0195l\/","og_locale":"en_US","og_type":"article","og_title":"Promo Pack Gin Greenalls 0,7l + 1Gin Wild Berry Greenall's 0,7 l + 6 X Premium Tonic Water Cherry 0.195l Bontonic | Order Gin Delivery now","og_description":"Promo Pack Gin Greenalls 0,7l + 1Gin Wild Berry Greenall's 0,7 l + 6 X Premium Tonic Water Cherry 0.195l Bontonic | Order Gin Delivery now","og_url":"https:\/\/adria-klik.com\/proizvod\/cherryberry-gin-wild-berry-greenalls-07-l-6-x-premium-tonic-cherry-0195l\/","og_site_name":"Adria-Klik.com","article_publisher":"https:\/\/www.facebook.com\/profile.php?id=100064209425136","article_modified_time":"2023-04-20T21:51:41+00:00","og_image":[{"width":1500,"height":1500,"url":"https:\/\/adria-klik.com\/wp-content\/uploads\/2021\/07\/Greenalls-Original-British-wildberry-Gin-07l-premium-Tonic-water-cherry-6pcs-6kom-akcija-Adria-Klik-webshop-ducan-brza-dostava-Zagreb-fast-delivery-store-market-wolt-bolt-internet-ducan.jpeg","type":"image\/jpeg"}],"twitter_card":"summary_large_image","twitter_title":"Promo Pack Gin Greenalls 0,7l + 1Gin Wild Berry Greenall's 0,7 l + 6 X Premium Tonic Water Cherry 0.195l Bontonic | Order Gin Delivery now","twitter_description":"Promo Pack Gin Greenalls 0,7l + 1Gin Wild Berry Greenall's 0,7 l + 6 X Premium Tonic Water Cherry 0.195l Bontonic | Order Gin Delivery now","twitter_image":"https:\/\/adria-klik.com\/wp-content\/uploads\/2021\/07\/Greenalls-Original-British-wildberry-Gin-07l-premium-Tonic-water-cherry-6pcs-6kom-akcija-Adria-Klik-webshop-ducan-brza-dostava-Zagreb-fast-delivery-store-market-wolt-bolt-internet-ducan.jpeg","twitter_misc":{"Est. reading time":"1 minute"},"schema":{"@context":"https:\/\/schema.org","@graph":[{"@type":"WebPage","@id":"https:\/\/adria-klik.com\/proizvod\/cherryberry-gin-wild-berry-greenalls-07-l-6-x-premium-tonic-cherry-0195l\/","url":"https:\/\/adria-klik.com\/proizvod\/cherryberry-gin-wild-berry-greenalls-07-l-6-x-premium-tonic-cherry-0195l\/","name":"Gin Wild Berry Greenall's 0,7 l + 6 X Premium Tonic Water Cherry 0.195l Bontonic - Adria-Klik.com","isPartOf":{"@id":"https:\/\/adria-klik.com\/#website"},"primaryImageOfPage":{"@id":"https:\/\/adria-klik.com\/proizvod\/cherryberry-gin-wild-berry-greenalls-07-l-6-x-premium-tonic-cherry-0195l\/#primaryimage"},"image":{"@id":"https:\/\/adria-klik.com\/proizvod\/cherryberry-gin-wild-berry-greenalls-07-l-6-x-premium-tonic-cherry-0195l\/#primaryimage"},"thumbnailUrl":"https:\/\/adria-klik.com\/wp-content\/uploads\/2021\/07\/Greenalls-Original-British-wildberry-Gin-07l-premium-Tonic-water-cherry-6pcs-6kom-akcija-Adria-Klik-webshop-ducan-brza-dostava-Zagreb-fast-delivery-store-market-wolt-bolt-internet-ducan.jpeg","datePublished":"2021-07-20T21:21:43+00:00","dateModified":"2023-04-20T21:51:41+00:00","description":"Promo Pack Gin Greenalls 0,7l + 1Gin Wild Berry Greenall's 0,7 l + 6 X Premium Tonic Water Cherry 0.195l Bontonic | Order Gin Delivery now","breadcrumb":{"@id":"https:\/\/adria-klik.com\/proizvod\/cherryberry-gin-wild-berry-greenalls-07-l-6-x-premium-tonic-cherry-0195l\/#breadcrumb"},"inLanguage":"en-US","potentialAction":[{"@type":"ReadAction","target":["https:\/\/adria-klik.com\/proizvod\/cherryberry-gin-wild-berry-greenalls-07-l-6-x-premium-tonic-cherry-0195l\/"]}]},{"@type":"ImageObject","inLanguage":"en-US","@id":"https:\/\/adria-klik.com\/proizvod\/cherryberry-gin-wild-berry-greenalls-07-l-6-x-premium-tonic-cherry-0195l\/#primaryimage","url":"https:\/\/adria-klik.com\/wp-content\/uploads\/2021\/07\/Greenalls-Original-British-wildberry-Gin-07l-premium-Tonic-water-cherry-6pcs-6kom-akcija-Adria-Klik-webshop-ducan-brza-dostava-Zagreb-fast-delivery-store-market-wolt-bolt-internet-ducan.jpeg","contentUrl":"https:\/\/adria-klik.com\/wp-content\/uploads\/2021\/07\/Greenalls-Original-British-wildberry-Gin-07l-premium-Tonic-water-cherry-6pcs-6kom-akcija-Adria-Klik-webshop-ducan-brza-dostava-Zagreb-fast-delivery-store-market-wolt-bolt-internet-ducan.jpeg","width":1500,"height":1500,"caption":"Adria-Klik Gin-Tonic Paket Original British Gin Greenall's Wild Berry 0,7l Premium Tonic Cherry 0,195l Bontonic za profinjene dame i gospodu.\u00a0 For sophisticated ladies and gentlemen #kupujmohrvatsko Gazirano osvje\u017eavaju\u0107e bezalkoholno pi\u0107e s dodatkom \u0161e\u010dera. Bontonic Gin's best friend Superbrza dostava Zagreb do 60min. Prednarud\u017ebe \u2013 Zakazane narud\u017ebe Dostava RH i EU"},{"@type":"BreadcrumbList","@id":"https:\/\/adria-klik.com\/proizvod\/cherryberry-gin-wild-berry-greenalls-07-l-6-x-premium-tonic-cherry-0195l\/#breadcrumb","itemListElement":[{"@type":"ListItem","position":1,"name":"Po\u010detna stranica","item":"https:\/\/adria-klik.com\/en\/"},{"@type":"ListItem","position":2,"name":"Shop","item":"https:\/\/adria-klik.com\/shop\/"},{"@type":"ListItem","position":3,"name":"Gin Wild Berry Greenall&#8217;s 0,7 l + 6 X Premium Tonic Water Cherry 0.195l Bontonic"}]},{"@type":"WebSite","@id":"https:\/\/adria-klik.com\/#website","url":"https:\/\/adria-klik.com\/","name":"Adria-Klik.com","description":"Unikatni poklon paketi, Vina, Craft pivo &amp; Delicije - webshop","publisher":{"@id":"https:\/\/adria-klik.com\/#organization"},"potentialAction":[{"@type":"SearchAction","target":{"@type":"EntryPoint","urlTemplate":"https:\/\/adria-klik.com\/?s={search_term_string}"},"query-input":{"@type":"PropertyValueSpecification","valueRequired":true,"valueName":"search_term_string"}}],"inLanguage":"en-US"},{"@type":"Organization","@id":"https:\/\/adria-klik.com\/#organization","name":"Adria-Klik.com","alternateName":"AK","url":"https:\/\/adria-klik.com\/","logo":{"@type":"ImageObject","inLanguage":"en-US","@id":"https:\/\/adria-klik.com\/#\/schema\/logo\/image\/","url":"https:\/\/adria-klik.com\/wp-content\/uploads\/2025\/12\/Adria-Klik_com-logo-namirnice-vina-craft-pivo-delikatese-delicije-artisan-cokolada.jpg","contentUrl":"https:\/\/adria-klik.com\/wp-content\/uploads\/2025\/12\/Adria-Klik_com-logo-namirnice-vina-craft-pivo-delikatese-delicije-artisan-cokolada.jpg","width":500,"height":500,"caption":"Adria-Klik.com"},"image":{"@id":"https:\/\/adria-klik.com\/#\/schema\/logo\/image\/"},"sameAs":["https:\/\/www.facebook.com\/profile.php?id=100064209425136","https:\/\/www.instagram.com\/adriaklik\/","https:\/\/www.youtube.com\/user\/PlavacmaliZagreb"]}]}},"jetpack_sharing_enabled":true,"jetpack-related-posts":[],"_links":{"self":[{"href":"https:\/\/adria-klik.com\/en\/wp-json\/wp\/v2\/product\/15814","targetHints":{"allow":["GET"]}}],"collection":[{"href":"https:\/\/adria-klik.com\/en\/wp-json\/wp\/v2\/product"}],"about":[{"href":"https:\/\/adria-klik.com\/en\/wp-json\/wp\/v2\/types\/product"}],"replies":[{"embeddable":true,"href":"https:\/\/adria-klik.com\/en\/wp-json\/wp\/v2\/comments?post=15814"}],"wp:featuredmedia":[{"embeddable":true,"href":"https:\/\/adria-klik.com\/en\/wp-json\/wp\/v2\/media\/15816"}],"wp:attachment":[{"href":"https:\/\/adria-klik.com\/en\/wp-json\/wp\/v2\/media?parent=15814"}],"wp:term":[{"taxonomy":"product_brand","embeddable":true,"href":"https:\/\/adria-klik.com\/en\/wp-json\/wp\/v2\/product_brand?post=15814"},{"taxonomy":"product_cat","embeddable":true,"href":"https:\/\/adria-klik.com\/en\/wp-json\/wp\/v2\/product_cat?post=15814"},{"taxonomy":"product_tag","embeddable":true,"href":"https:\/\/adria-klik.com\/en\/wp-json\/wp\/v2\/product_tag?post=15814"},{"taxonomy":"berocket_brand","embeddable":true,"href":"https:\/\/adria-klik.com\/en\/wp-json\/wp\/v2\/berocket_brand?post=15814"}],"curies":[{"name":"wp","href":"https:\/\/api.w.org\/{rel}","templated":true}]}}