{"id":15825,"date":"2021-07-21T00:33:23","date_gmt":"2021-07-20T22:33:23","guid":{"rendered":"https:\/\/adria.riot.hr\/?post_type=product&#038;p=15825"},"modified":"2021-07-21T01:20:04","modified_gmt":"2021-07-20T23:20:04","slug":"pink-gin-wild-berry-original-british-07l-greenalls","status":"publish","type":"product","link":"https:\/\/adria-klik.com\/en\/proizvod\/pink-gin-wild-berry-original-british-07l-greenalls\/","title":{"rendered":"Pink Gin Wild Berry Original British 0,7l Greenall&#8217;s"},"content":{"rendered":"<ul>\n<li>Adria-Klik.com Superfast Delivery Zagreb, Eu, USA<\/li>\n<li>Original British Gin Grenall&#8217;s<\/li>\n<li>Pink Gin Wild Berry Original British 0.7l Greenall&#8217;s<\/li>\n<li>Greenall&#8217;s is produced with a blend of 8 plants, such as: spruce, coriander seeds, angelica, iris, almond, cinnamon, lemon peel, and licorice root, which have been carefully selected from manufacturers around the world.<\/li>\n<li>Greenall\u2019s is an original London Dry Gin that has been distilled according to the same recipe for over 250 years.<\/li>\n<li>WILD BERRY PINK GIN<\/li>\n<li>The original London recipe for dried gin was poured into Scottish raspberries and blackberries to create a fruity gin that has a light and delicate sweetness.<br \/>\nUnlike many other pink gins, Greenall\u2019s Wild Berry Gin contains 0g of sugar and has no sweeteners.<\/li>\n<li>It is made from 100% natural ingredients<\/li>\n<li>Real fruit, real taste<\/li>\n<li>For a refreshing drink, simply enjoy Greenall\u2019s wild berry gin with Bontonic tonic water or lemonade<\/li>\n<li>Order delivery Gin<\/li>\n<li>Order fast delivery or schedule an order at the desired time and day<\/li>\n<\/ul>\n","protected":false},"excerpt":{"rendered":"<ul>\n<li>Adria-Klik.com Superfast Delivery Zagreb, Eu, USA<\/li>\n<li>Original British Gin Grenall&#8217;s<\/li>\n<li>Pink Gin Wild Berry Original British 0.7l Greenall&#8217;s<\/li>\n<li>Greenall&#8217;s is produced with a blend of 8 plants, such as: spruce, coriander seeds, angelica, iris, almond, cinnamon, lemon peel, and licorice root, which have been carefully selected from manufacturers around the world.<\/li>\n<li>Greenall\u2019s is an original London Dry Gin that has been distilled according to the same recipe for over 250 years.<\/li>\n<li>WILD BERRY PINK GIN<\/li>\n<li>The original London recipe for dried gin was poured into Scottish raspberries and blackberries to create a fruity gin that has a light and delicate sweetness.<br \/>\nUnlike many other pink gins, Greenall\u2019s Wild Berry Gin contains 0g of sugar and has no sweeteners.<\/li>\n<li>It is made from 100% natural ingredients<\/li>\n<li>Real fruit, real taste<\/li>\n<li>For a refreshing drink, simply enjoy Greenall\u2019s wild berry gin with Bontonic tonic water or lemonade<\/li>\n<li>Order delivery Gin<\/li>\n<li>Order fast delivery or schedule an order at the desired time and day<\/li>\n<li><\/li>\n<\/ul>\n","protected":false},"featured_media":15827,"comment_status":"open","ping_status":"closed","template":"","meta":{"_acf_changed":false},"product_brand":[],"product_cat":[1381,1382,439,1380,378,443,1160,384,1378],"product_tag":[],"berocket_brand":[],"class_list":{"0":"post-15825","1":"product","2":"type-product","3":"status-publish","4":"has-post-thumbnail","6":"product_cat-dostava-en","7":"product_cat-europa-en","8":"product_cat-gin-en","9":"product_cat-hrvatska-en","10":"product_cat-liquor","11":"product_cat-other-liquor","12":"product_cat-our-recommendation","13":"product_cat-promotions","14":"product_cat-zagreb-en","16":"first","17":"outofstock","18":"sale","19":"shipping-taxable","20":"purchasable","21":"product-type-simple"},"acf":[],"yoast_head":"<!-- This site is optimized with the Yoast SEO plugin v27.5 - https:\/\/yoast.com\/product\/yoast-seo-wordpress\/ -->\n<title>Pink Gin Wild Berry Original British 0,7l Greenall&#039;s - Adria-Klik.com<\/title>\n<meta name=\"description\" content=\"Original British Gin 0,7l Greenalls Fastest delivery Zagreb City - Adria-Klik webshop Croatia - secure and fast\" \/>\n<meta name=\"robots\" content=\"index, follow, max-snippet:-1, max-image-preview:large, max-video-preview:-1\" \/>\n<link rel=\"canonical\" href=\"https:\/\/adria-klik.com\/proizvod\/pink-gin-wild-berry-original-british-07l-greenalls\/\" \/>\n<meta property=\"og:locale\" content=\"en_US\" \/>\n<meta property=\"og:type\" content=\"article\" \/>\n<meta property=\"og:title\" content=\"Pink Gin Wild Berry Original British 0,7l Greenall&#039;s - Adria-Klik.com\" \/>\n<meta property=\"og:description\" content=\"Original British Gin 0,7l Greenalls Fastest delivery Zagreb City - Adria-Klik webshop Croatia - secure and fast\" \/>\n<meta property=\"og:url\" content=\"https:\/\/adria-klik.com\/proizvod\/pink-gin-wild-berry-original-british-07l-greenalls\/\" \/>\n<meta property=\"og:site_name\" content=\"Adria-Klik.com\" \/>\n<meta property=\"article:publisher\" content=\"https:\/\/www.facebook.com\/profile.php?id=100064209425136\" \/>\n<meta property=\"article:modified_time\" content=\"2021-07-20T23:20:04+00:00\" \/>\n<meta property=\"og:image\" content=\"https:\/\/adria-klik.com\/wp-content\/uploads\/2021\/02\/Greenalls-Original-British-Gin-07l-Adria-Klik-webshop-ducan-brza-dostava-Zagreb-fast-delivery-store-market.jpeg\" \/>\n\t<meta property=\"og:image:width\" content=\"1500\" \/>\n\t<meta property=\"og:image:height\" content=\"1500\" \/>\n\t<meta property=\"og:image:type\" content=\"image\/jpeg\" \/>\n<meta name=\"twitter:card\" content=\"summary_large_image\" \/>\n<meta name=\"twitter:image\" content=\"https:\/\/adria-klik.com\/wp-content\/uploads\/2021\/02\/Greenalls-Original-British-Gin-07l-Adria-Klik-webshop-ducan-brza-dostava-Zagreb-fast-delivery-store-market.jpeg\" \/>\n<meta name=\"twitter:label1\" content=\"Est. reading time\" \/>\n\t<meta name=\"twitter:data1\" content=\"1 minute\" \/>\n<script type=\"application\/ld+json\" class=\"yoast-schema-graph\">{\"@context\":\"https:\\\/\\\/schema.org\",\"@graph\":[{\"@type\":\"WebPage\",\"@id\":\"https:\\\/\\\/adria-klik.com\\\/proizvod\\\/pink-gin-wild-berry-original-british-07l-greenalls\\\/\",\"url\":\"https:\\\/\\\/adria-klik.com\\\/proizvod\\\/pink-gin-wild-berry-original-british-07l-greenalls\\\/\",\"name\":\"Pink Gin Wild Berry Original British 0,7l Greenall's - Adria-Klik.com\",\"isPartOf\":{\"@id\":\"https:\\\/\\\/adria-klik.com\\\/#website\"},\"primaryImageOfPage\":{\"@id\":\"https:\\\/\\\/adria-klik.com\\\/proizvod\\\/pink-gin-wild-berry-original-british-07l-greenalls\\\/#primaryimage\"},\"image\":{\"@id\":\"https:\\\/\\\/adria-klik.com\\\/proizvod\\\/pink-gin-wild-berry-original-british-07l-greenalls\\\/#primaryimage\"},\"thumbnailUrl\":\"https:\\\/\\\/adria-klik.com\\\/wp-content\\\/uploads\\\/2021\\\/07\\\/Greenalls-Original-British-wild-berry-Gin-Adria-Klik-webshop-ducan-brza-dostava-Zagreb-fast-delivery-store-market-wolt-bolt-internet-ducan.jpeg\",\"datePublished\":\"2021-07-20T22:33:23+00:00\",\"dateModified\":\"2021-07-20T23:20:04+00:00\",\"description\":\"Original British Gin 0,7l Greenalls Fastest delivery Zagreb City - Adria-Klik webshop Croatia - secure and fast\",\"breadcrumb\":{\"@id\":\"https:\\\/\\\/adria-klik.com\\\/proizvod\\\/pink-gin-wild-berry-original-british-07l-greenalls\\\/#breadcrumb\"},\"inLanguage\":\"en-US\",\"potentialAction\":[{\"@type\":\"ReadAction\",\"target\":[\"https:\\\/\\\/adria-klik.com\\\/proizvod\\\/pink-gin-wild-berry-original-british-07l-greenalls\\\/\"]}]},{\"@type\":\"ImageObject\",\"inLanguage\":\"en-US\",\"@id\":\"https:\\\/\\\/adria-klik.com\\\/proizvod\\\/pink-gin-wild-berry-original-british-07l-greenalls\\\/#primaryimage\",\"url\":\"https:\\\/\\\/adria-klik.com\\\/wp-content\\\/uploads\\\/2021\\\/07\\\/Greenalls-Original-British-wild-berry-Gin-Adria-Klik-webshop-ducan-brza-dostava-Zagreb-fast-delivery-store-market-wolt-bolt-internet-ducan.jpeg\",\"contentUrl\":\"https:\\\/\\\/adria-klik.com\\\/wp-content\\\/uploads\\\/2021\\\/07\\\/Greenalls-Original-British-wild-berry-Gin-Adria-Klik-webshop-ducan-brza-dostava-Zagreb-fast-delivery-store-market-wolt-bolt-internet-ducan.jpeg\",\"width\":1500,\"height\":1500,\"caption\":\"Adria-Klik Superbrza Dostava ZagrebOriginal British Gin Grenall'sPink Gin Wild Berry Original British 0,7l Greenall'sGreenall's je proizveden mje\u0161avinom 8 biljaka, kao \u0161to su: smreka, sjeme korijandera, angelica, perunika, badem, cimet, limunova kora, te korijen sladi\u0107a , koji su pa\u017eljivo odabrani od proizvo\u0111a\u010da \u0161irom svijeta.Greenall's je izvorni London Dry Gin koji se destilira po istom receptu vi\u0161e od 250 godina.Naru\u010di dostavu GinaNaru\u010di brzu dostavu ili zaka\u017ei narud\u017ebu u \u017eeljeno vrijeme i dan\"},{\"@type\":\"BreadcrumbList\",\"@id\":\"https:\\\/\\\/adria-klik.com\\\/proizvod\\\/pink-gin-wild-berry-original-british-07l-greenalls\\\/#breadcrumb\",\"itemListElement\":[{\"@type\":\"ListItem\",\"position\":1,\"name\":\"Po\u010detna stranica\",\"item\":\"https:\\\/\\\/adria-klik.com\\\/en\\\/\"},{\"@type\":\"ListItem\",\"position\":2,\"name\":\"Shop\",\"item\":\"https:\\\/\\\/adria-klik.com\\\/shop\\\/\"},{\"@type\":\"ListItem\",\"position\":3,\"name\":\"Pink Gin Wild Berry Original British 0,7l Greenall&#8217;s\"}]},{\"@type\":\"WebSite\",\"@id\":\"https:\\\/\\\/adria-klik.com\\\/#website\",\"url\":\"https:\\\/\\\/adria-klik.com\\\/\",\"name\":\"Adria-Klik.com\",\"description\":\"Unikatni poklon paketi, Vina, Craft pivo &amp; Delicije - webshop\",\"publisher\":{\"@id\":\"https:\\\/\\\/adria-klik.com\\\/#organization\"},\"potentialAction\":[{\"@type\":\"SearchAction\",\"target\":{\"@type\":\"EntryPoint\",\"urlTemplate\":\"https:\\\/\\\/adria-klik.com\\\/?s={search_term_string}\"},\"query-input\":{\"@type\":\"PropertyValueSpecification\",\"valueRequired\":true,\"valueName\":\"search_term_string\"}}],\"inLanguage\":\"en-US\"},{\"@type\":\"Organization\",\"@id\":\"https:\\\/\\\/adria-klik.com\\\/#organization\",\"name\":\"Adria-Klik.com\",\"alternateName\":\"AK\",\"url\":\"https:\\\/\\\/adria-klik.com\\\/\",\"logo\":{\"@type\":\"ImageObject\",\"inLanguage\":\"en-US\",\"@id\":\"https:\\\/\\\/adria-klik.com\\\/#\\\/schema\\\/logo\\\/image\\\/\",\"url\":\"https:\\\/\\\/adria-klik.com\\\/wp-content\\\/uploads\\\/2025\\\/12\\\/Adria-Klik_com-logo-namirnice-vina-craft-pivo-delikatese-delicije-artisan-cokolada.jpg\",\"contentUrl\":\"https:\\\/\\\/adria-klik.com\\\/wp-content\\\/uploads\\\/2025\\\/12\\\/Adria-Klik_com-logo-namirnice-vina-craft-pivo-delikatese-delicije-artisan-cokolada.jpg\",\"width\":500,\"height\":500,\"caption\":\"Adria-Klik.com\"},\"image\":{\"@id\":\"https:\\\/\\\/adria-klik.com\\\/#\\\/schema\\\/logo\\\/image\\\/\"},\"sameAs\":[\"https:\\\/\\\/www.facebook.com\\\/profile.php?id=100064209425136\",\"https:\\\/\\\/www.instagram.com\\\/adriaklik\\\/\",\"https:\\\/\\\/www.youtube.com\\\/user\\\/PlavacmaliZagreb\"]}]}<\/script>\n<!-- \/ Yoast SEO plugin. -->","yoast_head_json":{"title":"Pink Gin Wild Berry Original British 0,7l Greenall's - Adria-Klik.com","description":"Original British Gin 0,7l Greenalls Fastest delivery Zagreb City - Adria-Klik webshop Croatia - secure and fast","robots":{"index":"index","follow":"follow","max-snippet":"max-snippet:-1","max-image-preview":"max-image-preview:large","max-video-preview":"max-video-preview:-1"},"canonical":"https:\/\/adria-klik.com\/proizvod\/pink-gin-wild-berry-original-british-07l-greenalls\/","og_locale":"en_US","og_type":"article","og_title":"Pink Gin Wild Berry Original British 0,7l Greenall's - Adria-Klik.com","og_description":"Original British Gin 0,7l Greenalls Fastest delivery Zagreb City - Adria-Klik webshop Croatia - secure and fast","og_url":"https:\/\/adria-klik.com\/proizvod\/pink-gin-wild-berry-original-british-07l-greenalls\/","og_site_name":"Adria-Klik.com","article_publisher":"https:\/\/www.facebook.com\/profile.php?id=100064209425136","article_modified_time":"2021-07-20T23:20:04+00:00","og_image":[{"width":1500,"height":1500,"url":"https:\/\/adria-klik.com\/wp-content\/uploads\/2021\/02\/Greenalls-Original-British-Gin-07l-Adria-Klik-webshop-ducan-brza-dostava-Zagreb-fast-delivery-store-market.jpeg","type":"image\/jpeg"}],"twitter_card":"summary_large_image","twitter_image":"https:\/\/adria-klik.com\/wp-content\/uploads\/2021\/02\/Greenalls-Original-British-Gin-07l-Adria-Klik-webshop-ducan-brza-dostava-Zagreb-fast-delivery-store-market.jpeg","twitter_misc":{"Est. reading time":"1 minute"},"schema":{"@context":"https:\/\/schema.org","@graph":[{"@type":"WebPage","@id":"https:\/\/adria-klik.com\/proizvod\/pink-gin-wild-berry-original-british-07l-greenalls\/","url":"https:\/\/adria-klik.com\/proizvod\/pink-gin-wild-berry-original-british-07l-greenalls\/","name":"Pink Gin Wild Berry Original British 0,7l Greenall's - Adria-Klik.com","isPartOf":{"@id":"https:\/\/adria-klik.com\/#website"},"primaryImageOfPage":{"@id":"https:\/\/adria-klik.com\/proizvod\/pink-gin-wild-berry-original-british-07l-greenalls\/#primaryimage"},"image":{"@id":"https:\/\/adria-klik.com\/proizvod\/pink-gin-wild-berry-original-british-07l-greenalls\/#primaryimage"},"thumbnailUrl":"https:\/\/adria-klik.com\/wp-content\/uploads\/2021\/07\/Greenalls-Original-British-wild-berry-Gin-Adria-Klik-webshop-ducan-brza-dostava-Zagreb-fast-delivery-store-market-wolt-bolt-internet-ducan.jpeg","datePublished":"2021-07-20T22:33:23+00:00","dateModified":"2021-07-20T23:20:04+00:00","description":"Original British Gin 0,7l Greenalls Fastest delivery Zagreb City - Adria-Klik webshop Croatia - secure and fast","breadcrumb":{"@id":"https:\/\/adria-klik.com\/proizvod\/pink-gin-wild-berry-original-british-07l-greenalls\/#breadcrumb"},"inLanguage":"en-US","potentialAction":[{"@type":"ReadAction","target":["https:\/\/adria-klik.com\/proizvod\/pink-gin-wild-berry-original-british-07l-greenalls\/"]}]},{"@type":"ImageObject","inLanguage":"en-US","@id":"https:\/\/adria-klik.com\/proizvod\/pink-gin-wild-berry-original-british-07l-greenalls\/#primaryimage","url":"https:\/\/adria-klik.com\/wp-content\/uploads\/2021\/07\/Greenalls-Original-British-wild-berry-Gin-Adria-Klik-webshop-ducan-brza-dostava-Zagreb-fast-delivery-store-market-wolt-bolt-internet-ducan.jpeg","contentUrl":"https:\/\/adria-klik.com\/wp-content\/uploads\/2021\/07\/Greenalls-Original-British-wild-berry-Gin-Adria-Klik-webshop-ducan-brza-dostava-Zagreb-fast-delivery-store-market-wolt-bolt-internet-ducan.jpeg","width":1500,"height":1500,"caption":"Adria-Klik Superbrza Dostava ZagrebOriginal British Gin Grenall'sPink Gin Wild Berry Original British 0,7l Greenall'sGreenall's je proizveden mje\u0161avinom 8 biljaka, kao \u0161to su: smreka, sjeme korijandera, angelica, perunika, badem, cimet, limunova kora, te korijen sladi\u0107a , koji su pa\u017eljivo odabrani od proizvo\u0111a\u010da \u0161irom svijeta.Greenall's je izvorni London Dry Gin koji se destilira po istom receptu vi\u0161e od 250 godina.Naru\u010di dostavu GinaNaru\u010di brzu dostavu ili zaka\u017ei narud\u017ebu u \u017eeljeno vrijeme i dan"},{"@type":"BreadcrumbList","@id":"https:\/\/adria-klik.com\/proizvod\/pink-gin-wild-berry-original-british-07l-greenalls\/#breadcrumb","itemListElement":[{"@type":"ListItem","position":1,"name":"Po\u010detna stranica","item":"https:\/\/adria-klik.com\/en\/"},{"@type":"ListItem","position":2,"name":"Shop","item":"https:\/\/adria-klik.com\/shop\/"},{"@type":"ListItem","position":3,"name":"Pink Gin Wild Berry Original British 0,7l Greenall&#8217;s"}]},{"@type":"WebSite","@id":"https:\/\/adria-klik.com\/#website","url":"https:\/\/adria-klik.com\/","name":"Adria-Klik.com","description":"Unikatni poklon paketi, Vina, Craft pivo &amp; Delicije - webshop","publisher":{"@id":"https:\/\/adria-klik.com\/#organization"},"potentialAction":[{"@type":"SearchAction","target":{"@type":"EntryPoint","urlTemplate":"https:\/\/adria-klik.com\/?s={search_term_string}"},"query-input":{"@type":"PropertyValueSpecification","valueRequired":true,"valueName":"search_term_string"}}],"inLanguage":"en-US"},{"@type":"Organization","@id":"https:\/\/adria-klik.com\/#organization","name":"Adria-Klik.com","alternateName":"AK","url":"https:\/\/adria-klik.com\/","logo":{"@type":"ImageObject","inLanguage":"en-US","@id":"https:\/\/adria-klik.com\/#\/schema\/logo\/image\/","url":"https:\/\/adria-klik.com\/wp-content\/uploads\/2025\/12\/Adria-Klik_com-logo-namirnice-vina-craft-pivo-delikatese-delicije-artisan-cokolada.jpg","contentUrl":"https:\/\/adria-klik.com\/wp-content\/uploads\/2025\/12\/Adria-Klik_com-logo-namirnice-vina-craft-pivo-delikatese-delicije-artisan-cokolada.jpg","width":500,"height":500,"caption":"Adria-Klik.com"},"image":{"@id":"https:\/\/adria-klik.com\/#\/schema\/logo\/image\/"},"sameAs":["https:\/\/www.facebook.com\/profile.php?id=100064209425136","https:\/\/www.instagram.com\/adriaklik\/","https:\/\/www.youtube.com\/user\/PlavacmaliZagreb"]}]}},"jetpack_sharing_enabled":true,"jetpack-related-posts":[],"_links":{"self":[{"href":"https:\/\/adria-klik.com\/en\/wp-json\/wp\/v2\/product\/15825","targetHints":{"allow":["GET"]}}],"collection":[{"href":"https:\/\/adria-klik.com\/en\/wp-json\/wp\/v2\/product"}],"about":[{"href":"https:\/\/adria-klik.com\/en\/wp-json\/wp\/v2\/types\/product"}],"replies":[{"embeddable":true,"href":"https:\/\/adria-klik.com\/en\/wp-json\/wp\/v2\/comments?post=15825"}],"wp:featuredmedia":[{"embeddable":true,"href":"https:\/\/adria-klik.com\/en\/wp-json\/wp\/v2\/media\/15827"}],"wp:attachment":[{"href":"https:\/\/adria-klik.com\/en\/wp-json\/wp\/v2\/media?parent=15825"}],"wp:term":[{"taxonomy":"product_brand","embeddable":true,"href":"https:\/\/adria-klik.com\/en\/wp-json\/wp\/v2\/product_brand?post=15825"},{"taxonomy":"product_cat","embeddable":true,"href":"https:\/\/adria-klik.com\/en\/wp-json\/wp\/v2\/product_cat?post=15825"},{"taxonomy":"product_tag","embeddable":true,"href":"https:\/\/adria-klik.com\/en\/wp-json\/wp\/v2\/product_tag?post=15825"},{"taxonomy":"berocket_brand","embeddable":true,"href":"https:\/\/adria-klik.com\/en\/wp-json\/wp\/v2\/berocket_brand?post=15825"}],"curies":[{"name":"wp","href":"https:\/\/api.w.org\/{rel}","templated":true}]}}