{"id":15834,"date":"2021-07-21T01:40:59","date_gmt":"2021-07-20T23:40:59","guid":{"rendered":"https:\/\/adria.riot.hr\/?post_type=product&#038;p=15834"},"modified":"2023-04-20T23:53:18","modified_gmt":"2023-04-20T21:53:18","slug":"smirnoff-vodka-1l-3-x-raspberry-3-x-elderberry-juice-250ml-agroposta","status":"publish","type":"product","link":"https:\/\/adria-klik.com\/en\/proizvod\/smirnoff-vodka-1l-3-x-raspberry-3-x-elderberry-juice-250ml-agroposta\/","title":{"rendered":"Smirnoff Vodka 1l + 3 x Raspberry + 3 x Elderberry Juice 250ml Agropo\u0161ta"},"content":{"rendered":"<ul>\n<li>Adria-Click recommendation &#8220;You must try this!&#8221;<\/li>\n<li>Smirnoff Vodka 1l + 3 x Raspberry + 3 x Elderberry Juice 250ml Agropo\u0161ta<\/li>\n<li>World&#8217;s favorite premium vodka<\/li>\n<li>Triple distilled from different mixed grains, filtered ten times through seven columns of charcoal<\/li>\n<li>Extremely smooth with a clean palate<\/li>\n<li>Extremely smooth taste of pure flavor used in a wide range of popular drinks.<\/li>\n<li>Smirnoff is the most award-winning name in vodka, with countless years of heritage and unsurpassed quality sold in over 130 countries.<\/li>\n<li>It is distilled three times from a mixture of different grains and filtered ten times through seven columns of environmentally friendly charcoal for an extremely smooth pure flavor<\/li>\n<li>Agropo\u0161ta is a brand of the \u0160vaic Family Farm, which presents healthy handmade syrups and juices from natural fruits from untouched locations in Croatia.<\/li>\n<li>Sweeten up with the subtle aroma of sage in a completely natural drink made from young flowers harvested on wild Dalmatian karst.<\/li>\n<li>As with other Agroposta juices and syrups, this product also does not contain artificial and added flavors, extracts or preservatives. Gluten-free product with low sugar content.<\/li>\n<li>Order a delivery of Vodka<\/li>\n<\/ul>\n","protected":false},"excerpt":{"rendered":"<ul>\n<li>Adria-Click recommendation &#8220;You must try this!&#8221;<\/li>\n<li>Smirnoff Vodka 1l + 3 x Raspberry + 3 x Elderberry Juice 250ml Agropo\u0161ta<\/li>\n<li>World&#8217;s favorite premium vodka<\/li>\n<li>Triple distilled from different mixed grains, filtered ten times through seven columns of charcoal<\/li>\n<li>Extremely smooth with a clean palate<\/li>\n<li>Extremely smooth taste of pure flavor used in a wide range of popular drinks.<\/li>\n<li>Smirnoff is the most award-winning name in vodka, with countless years of heritage and unsurpassed quality sold in over 130 countries.<\/li>\n<li>It is distilled three times from a mixture of different grains and filtered ten times through seven columns of environmentally friendly charcoal for an extremely smooth pure flavor<\/li>\n<li>Agropo\u0161ta is a brand of the \u0160vaic Family Farm, which presents healthy handmade syrups and juices from natural fruits from untouched locations in Croatia.<\/li>\n<li>Sweeten up with the subtle aroma of sage in a completely natural drink made from young flowers harvested on wild Dalmatian karst.<\/li>\n<li>As with other Agroposta juices and syrups, this product also does not contain artificial and added flavors, extracts or preservatives. Gluten-free product with low sugar content.<\/li>\n<li>Order a delivery of Vodka<\/li>\n<li><\/li>\n<\/ul>\n","protected":false},"featured_media":15836,"comment_status":"open","ping_status":"closed","template":"","meta":{"_acf_changed":false},"product_brand":[],"product_cat":[1381,1382,1162,1380,378,1160,438,1378],"product_tag":[1533,1530,1537,1534,1528,1535,1536],"berocket_brand":[1543],"class_list":{"0":"post-15834","1":"product","2":"type-product","3":"status-publish","4":"has-post-thumbnail","6":"product_cat-dostava-en","7":"product_cat-europa-en","8":"product_cat-happy-packs-promo","9":"product_cat-hrvatska-en","10":"product_cat-liquor","11":"product_cat-our-recommendation","12":"product_cat-vodka-en","13":"product_cat-zagreb-en","14":"product_tag-agroposta","15":"product_tag-dostava-vodke","16":"product_tag-kadulja","17":"product_tag-lavander","18":"product_tag-naruci-dotavu-vodke-en","19":"product_tag-sage","20":"product_tag-salvia","21":"berocket_brand-agroposta","23":"first","24":"instock","25":"featured","26":"shipping-taxable","27":"purchasable","28":"product-type-simple"},"acf":[],"yoast_head":"<!-- This site is optimized with the Yoast SEO plugin v26.9 - https:\/\/yoast.com\/product\/yoast-seo-wordpress\/ -->\n<title>Smirnoff Vodka 1l + 3 x Raspberry + 3 x Elderberry Juice 250ml Agropo\u0161ta - Adria-Klik.com<\/title>\n<meta name=\"description\" content=\"Smirnoff Vodka 1l + 3 x Lavender + 3 x Sage Juice 250ml Agropo\u0161ta Order express delivery! Premium juice 100% Natural Croatia Dalmatia\" \/>\n<meta name=\"robots\" content=\"index, follow, max-snippet:-1, max-image-preview:large, max-video-preview:-1\" \/>\n<link rel=\"canonical\" href=\"https:\/\/adria-klik.com\/proizvod\/smirnoff-vodka-1l-3-x-malina-3-x-bazga-sok-250ml-agroposta-kopiraj\/\" \/>\n<meta property=\"og:locale\" content=\"en_US\" \/>\n<meta property=\"og:type\" content=\"article\" \/>\n<meta property=\"og:title\" content=\"Adria Klik Famously triple distilled, this is an ideal vodka for long drinks and cocktails. Smirnoff Red Vodka 1l Order express delivery!\" \/>\n<meta property=\"og:description\" content=\"Adria Klik Famously triple distilled, this is an ideal vodka for long drinks and cocktails. Smirnoff Red Vodka 1l Order express delivery!\" \/>\n<meta property=\"og:url\" content=\"https:\/\/adria-klik.com\/proizvod\/smirnoff-vodka-1l-3-x-malina-3-x-bazga-sok-250ml-agroposta-kopiraj\/\" \/>\n<meta property=\"og:site_name\" content=\"Adria-Klik.com\" \/>\n<meta property=\"article:publisher\" content=\"https:\/\/www.facebook.com\/profile.php?id=100064209425136\" \/>\n<meta property=\"article:modified_time\" content=\"2023-04-20T21:53:18+00:00\" \/>\n<meta property=\"og:image\" content=\"https:\/\/adria-klik.com\/wp-content\/uploads\/2021\/07\/agroposta-malina-bazga-mix-Smirnoff_Red_Vodka_1l_Adria_Supply_Kupipovoljno_brza_dostava_hladno_pice_ducan_webshop_Croatia.jpg\" \/>\n\t<meta property=\"og:image:width\" content=\"1500\" \/>\n\t<meta property=\"og:image:height\" content=\"1500\" \/>\n\t<meta property=\"og:image:type\" content=\"image\/jpeg\" \/>\n<meta name=\"twitter:card\" content=\"summary_large_image\" \/>\n<meta name=\"twitter:title\" content=\"Adria Klik Famously triple distilled, this is an ideal vodka for long drinks and cocktails. Smirnoff Red Vodka 1l Order express delivery!\" \/>\n<meta name=\"twitter:description\" content=\"Adria Klik Famously triple distilled, this is an ideal vodka for long drinks and cocktails. Smirnoff Red Vodka 1l Order express delivery!\" \/>\n<meta name=\"twitter:image\" content=\"https:\/\/adria-klik.com\/wp-content\/uploads\/2021\/07\/agroposta-malina-bazga-mix-Smirnoff_Red_Vodka_1l_Adria_Supply_Kupipovoljno_brza_dostava_hladno_pice_ducan_webshop_Croatia.jpg\" \/>\n<meta name=\"twitter:label1\" content=\"Est. reading time\" \/>\n\t<meta name=\"twitter:data1\" content=\"1 minute\" \/>\n<script type=\"application\/ld+json\" class=\"yoast-schema-graph\">{\"@context\":\"https:\/\/schema.org\",\"@graph\":[{\"@type\":\"WebPage\",\"@id\":\"https:\/\/adria-klik.com\/proizvod\/smirnoff-vodka-1l-3-x-malina-3-x-bazga-sok-250ml-agroposta-kopiraj\/\",\"url\":\"https:\/\/adria-klik.com\/proizvod\/smirnoff-vodka-1l-3-x-malina-3-x-bazga-sok-250ml-agroposta-kopiraj\/\",\"name\":\"Smirnoff Vodka 1l + 3 x Raspberry + 3 x Elderberry Juice 250ml Agropo\u0161ta - Adria-Klik.com\",\"isPartOf\":{\"@id\":\"https:\/\/adria-klik.com\/#website\"},\"primaryImageOfPage\":{\"@id\":\"https:\/\/adria-klik.com\/proizvod\/smirnoff-vodka-1l-3-x-malina-3-x-bazga-sok-250ml-agroposta-kopiraj\/#primaryimage\"},\"image\":{\"@id\":\"https:\/\/adria-klik.com\/proizvod\/smirnoff-vodka-1l-3-x-malina-3-x-bazga-sok-250ml-agroposta-kopiraj\/#primaryimage\"},\"thumbnailUrl\":\"https:\/\/adria-klik.com\/wp-content\/uploads\/2021\/07\/agroposta-malina-bazga-mix-Smirnoff_Red_Vodka_1l_Adria_Supply_Kupipovoljno_brza_dostava_hladno_pice_ducan_webshop_Croatia.jpg\",\"datePublished\":\"2021-07-20T23:40:59+00:00\",\"dateModified\":\"2023-04-20T21:53:18+00:00\",\"description\":\"Smirnoff Vodka 1l + 3 x Lavender + 3 x Sage Juice 250ml Agropo\u0161ta Order express delivery! Premium juice 100% Natural Croatia Dalmatia\",\"breadcrumb\":{\"@id\":\"https:\/\/adria-klik.com\/proizvod\/smirnoff-vodka-1l-3-x-malina-3-x-bazga-sok-250ml-agroposta-kopiraj\/#breadcrumb\"},\"inLanguage\":\"en-US\",\"potentialAction\":[{\"@type\":\"ReadAction\",\"target\":[\"https:\/\/adria-klik.com\/proizvod\/smirnoff-vodka-1l-3-x-malina-3-x-bazga-sok-250ml-agroposta-kopiraj\/\"]}]},{\"@type\":\"ImageObject\",\"inLanguage\":\"en-US\",\"@id\":\"https:\/\/adria-klik.com\/proizvod\/smirnoff-vodka-1l-3-x-malina-3-x-bazga-sok-250ml-agroposta-kopiraj\/#primaryimage\",\"url\":\"https:\/\/adria-klik.com\/wp-content\/uploads\/2021\/07\/agroposta-malina-bazga-mix-Smirnoff_Red_Vodka_1l_Adria_Supply_Kupipovoljno_brza_dostava_hladno_pice_ducan_webshop_Croatia.jpg\",\"contentUrl\":\"https:\/\/adria-klik.com\/wp-content\/uploads\/2021\/07\/agroposta-malina-bazga-mix-Smirnoff_Red_Vodka_1l_Adria_Supply_Kupipovoljno_brza_dostava_hladno_pice_ducan_webshop_Croatia.jpg\",\"width\":1500,\"height\":1500,\"caption\":\"Adria-Klik preporuka \\\"Ovo morate probati!\\\" Smirnoff Premium Vodka 1l + 3 x Malina + 3 x Bazga Sok 250ml Agropo\u0161ta Svjetski omiljena premium vodka Trostruko destilirana iz razli\u010ditih mije\u0161anih zrna, filtrirana deset puta kroz sedam stupaca ugljena Izuzetno glatko s \u010distim nepcem Izuzetno glatkog okusa \u010distog okusa koji se koristi u \u0161irokoj paleti popularnih pi\u0107a. Smirnoff je najnagra\u0111ivanije ime u votki, s nebrojenim godinama naslije\u0111a i nenadma\u0161nom kvalitetom koje se prodaju u preko 130 zemalja. Trostruko se destilira iz mje\u0161avine razli\u010ditih zrna i filtrira deset puta kroz sedam stupaca ekolo\u0161ki odr\u017eivog ugljena za iznimno glatkog okusa \u010distog okusa Agropo\u0161ta je brend Obiteljskog poljoprivrednog gospodarstva \u0160vaic koje vam predstavlja zdrave ru\u010dno ra\u0111ene\u00a0\u00a0sirupe i sokove od prirodnih plodova s neaknutih lokacija u Hrvatskoj. Osladite se suptilnom aromom kadulje u potpuno prirodnom napitku spravljenom od mladih cvjetova branih na divljem dalmatinskom kr\u0161u. Kao i kod ostalih Agropo\u0161tinih sokova i sirupa, ovaj proizvod tako\u0111er ne sadr\u017ei umjetne i dodane arome, ekstrakte ni konzervanse. Bezglutenski proizvod s niskim udjelom \u0161e\u0107era. Naru\u010di dotavu Vodke\"},{\"@type\":\"BreadcrumbList\",\"@id\":\"https:\/\/adria-klik.com\/proizvod\/smirnoff-vodka-1l-3-x-malina-3-x-bazga-sok-250ml-agroposta-kopiraj\/#breadcrumb\",\"itemListElement\":[{\"@type\":\"ListItem\",\"position\":1,\"name\":\"Po\u010detna stranica\",\"item\":\"https:\/\/adria-klik.com\/en\/\"},{\"@type\":\"ListItem\",\"position\":2,\"name\":\"Shop\",\"item\":\"https:\/\/adria-klik.com\/shop\/\"},{\"@type\":\"ListItem\",\"position\":3,\"name\":\"Smirnoff Vodka 1l + 3 x Raspberry + 3 x Elderberry Juice 250ml Agropo\u0161ta\"}]},{\"@type\":\"WebSite\",\"@id\":\"https:\/\/adria-klik.com\/#website\",\"url\":\"https:\/\/adria-klik.com\/\",\"name\":\"Adria-Klik.com\",\"description\":\"Unikatni poklon paketi, Vina, Craft pivo &amp; Delicije - webshop\",\"publisher\":{\"@id\":\"https:\/\/adria-klik.com\/#organization\"},\"potentialAction\":[{\"@type\":\"SearchAction\",\"target\":{\"@type\":\"EntryPoint\",\"urlTemplate\":\"https:\/\/adria-klik.com\/?s={search_term_string}\"},\"query-input\":{\"@type\":\"PropertyValueSpecification\",\"valueRequired\":true,\"valueName\":\"search_term_string\"}}],\"inLanguage\":\"en-US\"},{\"@type\":\"Organization\",\"@id\":\"https:\/\/adria-klik.com\/#organization\",\"name\":\"Adria-Klik.com\",\"alternateName\":\"AK\",\"url\":\"https:\/\/adria-klik.com\/\",\"logo\":{\"@type\":\"ImageObject\",\"inLanguage\":\"en-US\",\"@id\":\"https:\/\/adria-klik.com\/#\/schema\/logo\/image\/\",\"url\":\"https:\/\/adria-klik.com\/wp-content\/uploads\/2025\/12\/Adria-Klik_com-logo-namirnice-vina-craft-pivo-delikatese-delicije-artisan-cokolada.jpg\",\"contentUrl\":\"https:\/\/adria-klik.com\/wp-content\/uploads\/2025\/12\/Adria-Klik_com-logo-namirnice-vina-craft-pivo-delikatese-delicije-artisan-cokolada.jpg\",\"width\":500,\"height\":500,\"caption\":\"Adria-Klik.com\"},\"image\":{\"@id\":\"https:\/\/adria-klik.com\/#\/schema\/logo\/image\/\"},\"sameAs\":[\"https:\/\/www.facebook.com\/profile.php?id=100064209425136\",\"https:\/\/www.instagram.com\/adriaklik\/\",\"https:\/\/www.youtube.com\/user\/PlavacmaliZagreb\"]}]}<\/script>\n<!-- \/ Yoast SEO plugin. -->","yoast_head_json":{"title":"Smirnoff Vodka 1l + 3 x Raspberry + 3 x Elderberry Juice 250ml Agropo\u0161ta - Adria-Klik.com","description":"Smirnoff Vodka 1l + 3 x Lavender + 3 x Sage Juice 250ml Agropo\u0161ta Order express delivery! Premium juice 100% Natural Croatia Dalmatia","robots":{"index":"index","follow":"follow","max-snippet":"max-snippet:-1","max-image-preview":"max-image-preview:large","max-video-preview":"max-video-preview:-1"},"canonical":"https:\/\/adria-klik.com\/proizvod\/smirnoff-vodka-1l-3-x-malina-3-x-bazga-sok-250ml-agroposta-kopiraj\/","og_locale":"en_US","og_type":"article","og_title":"Adria Klik Famously triple distilled, this is an ideal vodka for long drinks and cocktails. Smirnoff Red Vodka 1l Order express delivery!","og_description":"Adria Klik Famously triple distilled, this is an ideal vodka for long drinks and cocktails. Smirnoff Red Vodka 1l Order express delivery!","og_url":"https:\/\/adria-klik.com\/proizvod\/smirnoff-vodka-1l-3-x-malina-3-x-bazga-sok-250ml-agroposta-kopiraj\/","og_site_name":"Adria-Klik.com","article_publisher":"https:\/\/www.facebook.com\/profile.php?id=100064209425136","article_modified_time":"2023-04-20T21:53:18+00:00","og_image":[{"width":1500,"height":1500,"url":"https:\/\/adria-klik.com\/wp-content\/uploads\/2021\/07\/agroposta-malina-bazga-mix-Smirnoff_Red_Vodka_1l_Adria_Supply_Kupipovoljno_brza_dostava_hladno_pice_ducan_webshop_Croatia.jpg","type":"image\/jpeg"}],"twitter_card":"summary_large_image","twitter_title":"Adria Klik Famously triple distilled, this is an ideal vodka for long drinks and cocktails. Smirnoff Red Vodka 1l Order express delivery!","twitter_description":"Adria Klik Famously triple distilled, this is an ideal vodka for long drinks and cocktails. Smirnoff Red Vodka 1l Order express delivery!","twitter_image":"https:\/\/adria-klik.com\/wp-content\/uploads\/2021\/07\/agroposta-malina-bazga-mix-Smirnoff_Red_Vodka_1l_Adria_Supply_Kupipovoljno_brza_dostava_hladno_pice_ducan_webshop_Croatia.jpg","twitter_misc":{"Est. reading time":"1 minute"},"schema":{"@context":"https:\/\/schema.org","@graph":[{"@type":"WebPage","@id":"https:\/\/adria-klik.com\/proizvod\/smirnoff-vodka-1l-3-x-malina-3-x-bazga-sok-250ml-agroposta-kopiraj\/","url":"https:\/\/adria-klik.com\/proizvod\/smirnoff-vodka-1l-3-x-malina-3-x-bazga-sok-250ml-agroposta-kopiraj\/","name":"Smirnoff Vodka 1l + 3 x Raspberry + 3 x Elderberry Juice 250ml Agropo\u0161ta - Adria-Klik.com","isPartOf":{"@id":"https:\/\/adria-klik.com\/#website"},"primaryImageOfPage":{"@id":"https:\/\/adria-klik.com\/proizvod\/smirnoff-vodka-1l-3-x-malina-3-x-bazga-sok-250ml-agroposta-kopiraj\/#primaryimage"},"image":{"@id":"https:\/\/adria-klik.com\/proizvod\/smirnoff-vodka-1l-3-x-malina-3-x-bazga-sok-250ml-agroposta-kopiraj\/#primaryimage"},"thumbnailUrl":"https:\/\/adria-klik.com\/wp-content\/uploads\/2021\/07\/agroposta-malina-bazga-mix-Smirnoff_Red_Vodka_1l_Adria_Supply_Kupipovoljno_brza_dostava_hladno_pice_ducan_webshop_Croatia.jpg","datePublished":"2021-07-20T23:40:59+00:00","dateModified":"2023-04-20T21:53:18+00:00","description":"Smirnoff Vodka 1l + 3 x Lavender + 3 x Sage Juice 250ml Agropo\u0161ta Order express delivery! Premium juice 100% Natural Croatia Dalmatia","breadcrumb":{"@id":"https:\/\/adria-klik.com\/proizvod\/smirnoff-vodka-1l-3-x-malina-3-x-bazga-sok-250ml-agroposta-kopiraj\/#breadcrumb"},"inLanguage":"en-US","potentialAction":[{"@type":"ReadAction","target":["https:\/\/adria-klik.com\/proizvod\/smirnoff-vodka-1l-3-x-malina-3-x-bazga-sok-250ml-agroposta-kopiraj\/"]}]},{"@type":"ImageObject","inLanguage":"en-US","@id":"https:\/\/adria-klik.com\/proizvod\/smirnoff-vodka-1l-3-x-malina-3-x-bazga-sok-250ml-agroposta-kopiraj\/#primaryimage","url":"https:\/\/adria-klik.com\/wp-content\/uploads\/2021\/07\/agroposta-malina-bazga-mix-Smirnoff_Red_Vodka_1l_Adria_Supply_Kupipovoljno_brza_dostava_hladno_pice_ducan_webshop_Croatia.jpg","contentUrl":"https:\/\/adria-klik.com\/wp-content\/uploads\/2021\/07\/agroposta-malina-bazga-mix-Smirnoff_Red_Vodka_1l_Adria_Supply_Kupipovoljno_brza_dostava_hladno_pice_ducan_webshop_Croatia.jpg","width":1500,"height":1500,"caption":"Adria-Klik preporuka \"Ovo morate probati!\" Smirnoff Premium Vodka 1l + 3 x Malina + 3 x Bazga Sok 250ml Agropo\u0161ta Svjetski omiljena premium vodka Trostruko destilirana iz razli\u010ditih mije\u0161anih zrna, filtrirana deset puta kroz sedam stupaca ugljena Izuzetno glatko s \u010distim nepcem Izuzetno glatkog okusa \u010distog okusa koji se koristi u \u0161irokoj paleti popularnih pi\u0107a. Smirnoff je najnagra\u0111ivanije ime u votki, s nebrojenim godinama naslije\u0111a i nenadma\u0161nom kvalitetom koje se prodaju u preko 130 zemalja. Trostruko se destilira iz mje\u0161avine razli\u010ditih zrna i filtrira deset puta kroz sedam stupaca ekolo\u0161ki odr\u017eivog ugljena za iznimno glatkog okusa \u010distog okusa Agropo\u0161ta je brend Obiteljskog poljoprivrednog gospodarstva \u0160vaic koje vam predstavlja zdrave ru\u010dno ra\u0111ene\u00a0\u00a0sirupe i sokove od prirodnih plodova s neaknutih lokacija u Hrvatskoj. Osladite se suptilnom aromom kadulje u potpuno prirodnom napitku spravljenom od mladih cvjetova branih na divljem dalmatinskom kr\u0161u. Kao i kod ostalih Agropo\u0161tinih sokova i sirupa, ovaj proizvod tako\u0111er ne sadr\u017ei umjetne i dodane arome, ekstrakte ni konzervanse. Bezglutenski proizvod s niskim udjelom \u0161e\u0107era. Naru\u010di dotavu Vodke"},{"@type":"BreadcrumbList","@id":"https:\/\/adria-klik.com\/proizvod\/smirnoff-vodka-1l-3-x-malina-3-x-bazga-sok-250ml-agroposta-kopiraj\/#breadcrumb","itemListElement":[{"@type":"ListItem","position":1,"name":"Po\u010detna stranica","item":"https:\/\/adria-klik.com\/en\/"},{"@type":"ListItem","position":2,"name":"Shop","item":"https:\/\/adria-klik.com\/shop\/"},{"@type":"ListItem","position":3,"name":"Smirnoff Vodka 1l + 3 x Raspberry + 3 x Elderberry Juice 250ml Agropo\u0161ta"}]},{"@type":"WebSite","@id":"https:\/\/adria-klik.com\/#website","url":"https:\/\/adria-klik.com\/","name":"Adria-Klik.com","description":"Unikatni poklon paketi, Vina, Craft pivo &amp; Delicije - webshop","publisher":{"@id":"https:\/\/adria-klik.com\/#organization"},"potentialAction":[{"@type":"SearchAction","target":{"@type":"EntryPoint","urlTemplate":"https:\/\/adria-klik.com\/?s={search_term_string}"},"query-input":{"@type":"PropertyValueSpecification","valueRequired":true,"valueName":"search_term_string"}}],"inLanguage":"en-US"},{"@type":"Organization","@id":"https:\/\/adria-klik.com\/#organization","name":"Adria-Klik.com","alternateName":"AK","url":"https:\/\/adria-klik.com\/","logo":{"@type":"ImageObject","inLanguage":"en-US","@id":"https:\/\/adria-klik.com\/#\/schema\/logo\/image\/","url":"https:\/\/adria-klik.com\/wp-content\/uploads\/2025\/12\/Adria-Klik_com-logo-namirnice-vina-craft-pivo-delikatese-delicije-artisan-cokolada.jpg","contentUrl":"https:\/\/adria-klik.com\/wp-content\/uploads\/2025\/12\/Adria-Klik_com-logo-namirnice-vina-craft-pivo-delikatese-delicije-artisan-cokolada.jpg","width":500,"height":500,"caption":"Adria-Klik.com"},"image":{"@id":"https:\/\/adria-klik.com\/#\/schema\/logo\/image\/"},"sameAs":["https:\/\/www.facebook.com\/profile.php?id=100064209425136","https:\/\/www.instagram.com\/adriaklik\/","https:\/\/www.youtube.com\/user\/PlavacmaliZagreb"]}]}},"jetpack_sharing_enabled":true,"jetpack-related-posts":[],"_links":{"self":[{"href":"https:\/\/adria-klik.com\/en\/wp-json\/wp\/v2\/product\/15834","targetHints":{"allow":["GET"]}}],"collection":[{"href":"https:\/\/adria-klik.com\/en\/wp-json\/wp\/v2\/product"}],"about":[{"href":"https:\/\/adria-klik.com\/en\/wp-json\/wp\/v2\/types\/product"}],"replies":[{"embeddable":true,"href":"https:\/\/adria-klik.com\/en\/wp-json\/wp\/v2\/comments?post=15834"}],"wp:featuredmedia":[{"embeddable":true,"href":"https:\/\/adria-klik.com\/en\/wp-json\/wp\/v2\/media\/15836"}],"wp:attachment":[{"href":"https:\/\/adria-klik.com\/en\/wp-json\/wp\/v2\/media?parent=15834"}],"wp:term":[{"taxonomy":"product_brand","embeddable":true,"href":"https:\/\/adria-klik.com\/en\/wp-json\/wp\/v2\/product_brand?post=15834"},{"taxonomy":"product_cat","embeddable":true,"href":"https:\/\/adria-klik.com\/en\/wp-json\/wp\/v2\/product_cat?post=15834"},{"taxonomy":"product_tag","embeddable":true,"href":"https:\/\/adria-klik.com\/en\/wp-json\/wp\/v2\/product_tag?post=15834"},{"taxonomy":"berocket_brand","embeddable":true,"href":"https:\/\/adria-klik.com\/en\/wp-json\/wp\/v2\/berocket_brand?post=15834"}],"curies":[{"name":"wp","href":"https:\/\/api.w.org\/{rel}","templated":true}]}}