{"id":16057,"date":"2022-04-07T19:17:24","date_gmt":"2022-04-07T17:17:24","guid":{"rendered":"https:\/\/adria.riot.hr\/?post_type=product&#038;p=16057"},"modified":"2022-12-23T18:14:20","modified_gmt":"2022-12-23T17:14:20","slug":"gift-box-4-pack-05l-mix-medimurski-lepi-decki-london-beer-awards-premium-croatian-craft-beers-order-delivery-now","status":"publish","type":"product","link":"https:\/\/adria-klik.com\/en\/proizvod\/gift-box-4-pack-05l-mix-medimurski-lepi-decki-london-beer-awards-premium-croatian-craft-beers-order-delivery-now\/","title":{"rendered":"Gift Box 4-pack 0,5l mix Me\u0111imurski Lepi De\u010dki"},"content":{"rendered":"<ul>\n<li>Gift 4-pack 0,5l mix Me\u0111imurski Lepi De\u010dki<\/li>\n<li>Fantastic gift mix of 4 Croatian craft\u00a0 beers 0,5l &#8216;from Me\u0111imurje:<\/li>\n<li>* Kaj El APA &#8211; New Edition<\/li>\n<li>* Waitapu Blond Ale<\/li>\n<li>* \u010cakovec Pilsner<\/li>\n<li>* Me\u0111imursko Lager<\/li>\n<li>Craft Brewery Me\u0111imurski Lepi De\u010dki, \u010cakovec<\/li>\n<li>Harmonious taste of balanced aromas. Balanced, sweet and refreshing<\/li>\n<li>Order delivery of Me\u0111imurje Craft beer Breweries Lepi De\u010dki<\/li>\n<li>Lepi De\u010dki Brewery has many London beer arawds<\/li>\n<li>Croatia gift box<\/li>\n<\/ul>\n","protected":false},"excerpt":{"rendered":"<ul>\n<li>Gift 4-pack 0,5l mix Me\u0111imurski Lepi De\u010dki<\/li>\n<li>Fantastic gift mix of 4 Croatian craft\u00a0 beers 0,5l &#8216;from Me\u0111imurje:<\/li>\n<li>* Kaj El APA &#8211; New Edition<\/li>\n<li>* Waitapu Blond Ale<\/li>\n<li>* \u010cakovec Pilsner<\/li>\n<li>* Me\u0111imursko Lager<\/li>\n<li>Craft Brewery Me\u0111imurski Lepi De\u010dki, \u010cakovec<\/li>\n<li>Harmonious taste of balanced aromas. Balanced, sweet and refreshing<\/li>\n<li>Order delivery of Me\u0111imurje Craft beer Breweries Lepi De\u010dki<\/li>\n<li>Lepi De\u010dki Brewery has many London beer award<\/li>\n<li><\/li>\n<\/ul>\n","protected":false},"featured_media":16300,"comment_status":"open","ping_status":"closed","template":"","meta":{"_acf_changed":false},"product_brand":[],"product_cat":[381,1381,1382,986,1380,1379,1160,387,1378],"product_tag":[2094],"berocket_brand":[],"class_list":{"0":"post-16057","1":"product","2":"type-product","3":"status-publish","4":"has-post-thumbnail","6":"product_cat-beer","7":"product_cat-dostava-en","8":"product_cat-europa-en","9":"product_cat-gift-baskets","10":"product_cat-hrvatska-en","11":"product_cat-okusi-adriu","12":"product_cat-our-recommendation","13":"product_cat-premium","14":"product_cat-zagreb-en","15":"product_tag-lepi-decki-pivovara-en","17":"first","18":"instock","19":"featured","20":"shipping-taxable","21":"purchasable","22":"product-type-simple"},"acf":[],"yoast_head":"<!-- This site is optimized with the Yoast SEO plugin v27.5 - https:\/\/yoast.com\/product\/yoast-seo-wordpress\/ -->\n<title>Gift Box 4-pack 0,5l mix Me\u0111imurski Lepi De\u010dki - Adria-Klik.com<\/title>\n<meta name=\"description\" content=\"Gift Box 4-pack 0,5l mix Me\u0111imurski Lepi De\u010dki London Beer awards Premium Croatian Craft Beers! Order delivery now!\" \/>\n<meta name=\"robots\" content=\"index, follow, max-snippet:-1, max-image-preview:large, max-video-preview:-1\" \/>\n<link rel=\"canonical\" href=\"https:\/\/adria-klik.com\/proizvod\/poklon-paket-4-pack-05l-mix-medimurski-lepi-decki\/\" \/>\n<meta property=\"og:locale\" content=\"en_US\" \/>\n<meta property=\"og:type\" content=\"article\" \/>\n<meta property=\"og:title\" content=\"Gift Box 4-pack 0,5l mix Me\u0111imurski Lepi De\u010dki London Beer awards Premium Croatian Craft Beers! Order delivery now!\" \/>\n<meta property=\"og:description\" content=\"Gift Box 4-pack 0,5l mix Me\u0111imurski Lepi De\u010dki London Beer awards Premium Croatian Craft Beers! Order delivery now!\" \/>\n<meta property=\"og:url\" content=\"https:\/\/adria-klik.com\/proizvod\/poklon-paket-4-pack-05l-mix-medimurski-lepi-decki\/\" \/>\n<meta property=\"og:site_name\" content=\"Adria-Klik.com\" \/>\n<meta property=\"article:publisher\" content=\"https:\/\/www.facebook.com\/profile.php?id=100064209425136\" \/>\n<meta property=\"article:modified_time\" content=\"2022-12-23T17:14:20+00:00\" \/>\n<meta property=\"og:image\" content=\"https:\/\/adria-klik.com\/wp-content\/uploads\/2022\/04\/lepi-decki-pivo-z-medimurja-Kaj-El-XO-Nikola-Zrinski-Waitapu-craft-pivovara-adria-klik-brza-dostava-zagreb-internet-ducan-shop-Fastest-delivery-in-zagreb-hrvatska.jpg\" \/>\n\t<meta property=\"og:image:width\" content=\"1500\" \/>\n\t<meta property=\"og:image:height\" content=\"1500\" \/>\n\t<meta property=\"og:image:type\" content=\"image\/jpeg\" \/>\n<meta name=\"twitter:card\" content=\"summary_large_image\" \/>\n<meta name=\"twitter:title\" content=\"Gift Box 4-pack 0,5l mix Me\u0111imurski Lepi De\u010dki London Beer awards Premium Croatian Craft Beers! Order delivery now!\" \/>\n<meta name=\"twitter:description\" content=\"Gift Box 4-pack 0,5l mix Me\u0111imurski Lepi De\u010dki London Beer awards Premium Croatian Craft Beers! Order delivery now!\" \/>\n<meta name=\"twitter:image\" content=\"https:\/\/adria-klik.com\/wp-content\/uploads\/2022\/04\/lepi-decki-pivo-z-medimurja-Kaj-El-XO-Nikola-Zrinski-Waitapu-craft-pivovara-adria-klik-brza-dostava-zagreb-internet-ducan-shop-Fastest-delivery-in-zagreb-hrvatska.jpg\" \/>\n<meta name=\"twitter:label1\" content=\"Est. reading time\" \/>\n\t<meta name=\"twitter:data1\" content=\"1 minute\" \/>\n<script type=\"application\/ld+json\" class=\"yoast-schema-graph\">{\"@context\":\"https:\\\/\\\/schema.org\",\"@graph\":[{\"@type\":\"WebPage\",\"@id\":\"https:\\\/\\\/adria-klik.com\\\/proizvod\\\/poklon-paket-4-pack-05l-mix-medimurski-lepi-decki\\\/\",\"url\":\"https:\\\/\\\/adria-klik.com\\\/proizvod\\\/poklon-paket-4-pack-05l-mix-medimurski-lepi-decki\\\/\",\"name\":\"Gift Box 4-pack 0,5l mix Me\u0111imurski Lepi De\u010dki - Adria-Klik.com\",\"isPartOf\":{\"@id\":\"https:\\\/\\\/adria-klik.com\\\/#website\"},\"primaryImageOfPage\":{\"@id\":\"https:\\\/\\\/adria-klik.com\\\/proizvod\\\/poklon-paket-4-pack-05l-mix-medimurski-lepi-decki\\\/#primaryimage\"},\"image\":{\"@id\":\"https:\\\/\\\/adria-klik.com\\\/proizvod\\\/poklon-paket-4-pack-05l-mix-medimurski-lepi-decki\\\/#primaryimage\"},\"thumbnailUrl\":\"https:\\\/\\\/adria-klik.com\\\/wp-content\\\/uploads\\\/2022\\\/04\\\/lepi-decki-pivovara-mix-Cakovecko-Pilsner-Medimursko-lager-Kaj-El-APA-XO-Waitapu-blond-craft-beer-croatia-pivo-adria-klik-brza-dostava-internet-ducan-akcija-Wolt-Glovo-Bolt-Zagreb.jpg\",\"datePublished\":\"2022-04-07T17:17:24+00:00\",\"dateModified\":\"2022-12-23T17:14:20+00:00\",\"description\":\"Gift Box 4-pack 0,5l mix Me\u0111imurski Lepi De\u010dki London Beer awards Premium Croatian Craft Beers! Order delivery now!\",\"breadcrumb\":{\"@id\":\"https:\\\/\\\/adria-klik.com\\\/proizvod\\\/poklon-paket-4-pack-05l-mix-medimurski-lepi-decki\\\/#breadcrumb\"},\"inLanguage\":\"en-US\",\"potentialAction\":[{\"@type\":\"ReadAction\",\"target\":[\"https:\\\/\\\/adria-klik.com\\\/proizvod\\\/poklon-paket-4-pack-05l-mix-medimurski-lepi-decki\\\/\"]}]},{\"@type\":\"ImageObject\",\"inLanguage\":\"en-US\",\"@id\":\"https:\\\/\\\/adria-klik.com\\\/proizvod\\\/poklon-paket-4-pack-05l-mix-medimurski-lepi-decki\\\/#primaryimage\",\"url\":\"https:\\\/\\\/adria-klik.com\\\/wp-content\\\/uploads\\\/2022\\\/04\\\/lepi-decki-pivovara-mix-Cakovecko-Pilsner-Medimursko-lager-Kaj-El-APA-XO-Waitapu-blond-craft-beer-croatia-pivo-adria-klik-brza-dostava-internet-ducan-akcija-Wolt-Glovo-Bolt-Zagreb.jpg\",\"contentUrl\":\"https:\\\/\\\/adria-klik.com\\\/wp-content\\\/uploads\\\/2022\\\/04\\\/lepi-decki-pivovara-mix-Cakovecko-Pilsner-Medimursko-lager-Kaj-El-APA-XO-Waitapu-blond-craft-beer-croatia-pivo-adria-klik-brza-dostava-internet-ducan-akcija-Wolt-Glovo-Bolt-Zagreb.jpg\",\"width\":1500,\"height\":1500,\"caption\":\"Schweppes Ginger Berry taste 0,2l 200ml Cabernet vino \u0110akovo O\u017eujsko svijetlo pivo superbrza dostava HEINEKEN 4PACK Labud proizvodi #kupujmohrvatsko | Adria-Klik Supply superparket superbrza dostava namirnica, vina i delicija doma\u0107ih proizvoda\"},{\"@type\":\"BreadcrumbList\",\"@id\":\"https:\\\/\\\/adria-klik.com\\\/proizvod\\\/poklon-paket-4-pack-05l-mix-medimurski-lepi-decki\\\/#breadcrumb\",\"itemListElement\":[{\"@type\":\"ListItem\",\"position\":1,\"name\":\"Po\u010detna stranica\",\"item\":\"https:\\\/\\\/adria-klik.com\\\/en\\\/\"},{\"@type\":\"ListItem\",\"position\":2,\"name\":\"Shop\",\"item\":\"https:\\\/\\\/adria-klik.com\\\/shop\\\/\"},{\"@type\":\"ListItem\",\"position\":3,\"name\":\"Gift Box 4-pack 0,5l mix Me\u0111imurski Lepi De\u010dki\"}]},{\"@type\":\"WebSite\",\"@id\":\"https:\\\/\\\/adria-klik.com\\\/#website\",\"url\":\"https:\\\/\\\/adria-klik.com\\\/\",\"name\":\"Adria-Klik.com\",\"description\":\"Unikatni poklon paketi, Vina, Craft pivo &amp; Delicije - webshop\",\"publisher\":{\"@id\":\"https:\\\/\\\/adria-klik.com\\\/#organization\"},\"potentialAction\":[{\"@type\":\"SearchAction\",\"target\":{\"@type\":\"EntryPoint\",\"urlTemplate\":\"https:\\\/\\\/adria-klik.com\\\/?s={search_term_string}\"},\"query-input\":{\"@type\":\"PropertyValueSpecification\",\"valueRequired\":true,\"valueName\":\"search_term_string\"}}],\"inLanguage\":\"en-US\"},{\"@type\":\"Organization\",\"@id\":\"https:\\\/\\\/adria-klik.com\\\/#organization\",\"name\":\"Adria-Klik.com\",\"alternateName\":\"AK\",\"url\":\"https:\\\/\\\/adria-klik.com\\\/\",\"logo\":{\"@type\":\"ImageObject\",\"inLanguage\":\"en-US\",\"@id\":\"https:\\\/\\\/adria-klik.com\\\/#\\\/schema\\\/logo\\\/image\\\/\",\"url\":\"https:\\\/\\\/adria-klik.com\\\/wp-content\\\/uploads\\\/2025\\\/12\\\/Adria-Klik_com-logo-namirnice-vina-craft-pivo-delikatese-delicije-artisan-cokolada.jpg\",\"contentUrl\":\"https:\\\/\\\/adria-klik.com\\\/wp-content\\\/uploads\\\/2025\\\/12\\\/Adria-Klik_com-logo-namirnice-vina-craft-pivo-delikatese-delicije-artisan-cokolada.jpg\",\"width\":500,\"height\":500,\"caption\":\"Adria-Klik.com\"},\"image\":{\"@id\":\"https:\\\/\\\/adria-klik.com\\\/#\\\/schema\\\/logo\\\/image\\\/\"},\"sameAs\":[\"https:\\\/\\\/www.facebook.com\\\/profile.php?id=100064209425136\",\"https:\\\/\\\/www.instagram.com\\\/adriaklik\\\/\",\"https:\\\/\\\/www.youtube.com\\\/user\\\/PlavacmaliZagreb\"]}]}<\/script>\n<!-- \/ Yoast SEO plugin. -->","yoast_head_json":{"title":"Gift Box 4-pack 0,5l mix Me\u0111imurski Lepi De\u010dki - Adria-Klik.com","description":"Gift Box 4-pack 0,5l mix Me\u0111imurski Lepi De\u010dki London Beer awards Premium Croatian Craft Beers! Order delivery now!","robots":{"index":"index","follow":"follow","max-snippet":"max-snippet:-1","max-image-preview":"max-image-preview:large","max-video-preview":"max-video-preview:-1"},"canonical":"https:\/\/adria-klik.com\/proizvod\/poklon-paket-4-pack-05l-mix-medimurski-lepi-decki\/","og_locale":"en_US","og_type":"article","og_title":"Gift Box 4-pack 0,5l mix Me\u0111imurski Lepi De\u010dki London Beer awards Premium Croatian Craft Beers! Order delivery now!","og_description":"Gift Box 4-pack 0,5l mix Me\u0111imurski Lepi De\u010dki London Beer awards Premium Croatian Craft Beers! Order delivery now!","og_url":"https:\/\/adria-klik.com\/proizvod\/poklon-paket-4-pack-05l-mix-medimurski-lepi-decki\/","og_site_name":"Adria-Klik.com","article_publisher":"https:\/\/www.facebook.com\/profile.php?id=100064209425136","article_modified_time":"2022-12-23T17:14:20+00:00","og_image":[{"width":1500,"height":1500,"url":"https:\/\/adria-klik.com\/wp-content\/uploads\/2022\/04\/lepi-decki-pivo-z-medimurja-Kaj-El-XO-Nikola-Zrinski-Waitapu-craft-pivovara-adria-klik-brza-dostava-zagreb-internet-ducan-shop-Fastest-delivery-in-zagreb-hrvatska.jpg","type":"image\/jpeg"}],"twitter_card":"summary_large_image","twitter_title":"Gift Box 4-pack 0,5l mix Me\u0111imurski Lepi De\u010dki London Beer awards Premium Croatian Craft Beers! Order delivery now!","twitter_description":"Gift Box 4-pack 0,5l mix Me\u0111imurski Lepi De\u010dki London Beer awards Premium Croatian Craft Beers! Order delivery now!","twitter_image":"https:\/\/adria-klik.com\/wp-content\/uploads\/2022\/04\/lepi-decki-pivo-z-medimurja-Kaj-El-XO-Nikola-Zrinski-Waitapu-craft-pivovara-adria-klik-brza-dostava-zagreb-internet-ducan-shop-Fastest-delivery-in-zagreb-hrvatska.jpg","twitter_misc":{"Est. reading time":"1 minute"},"schema":{"@context":"https:\/\/schema.org","@graph":[{"@type":"WebPage","@id":"https:\/\/adria-klik.com\/proizvod\/poklon-paket-4-pack-05l-mix-medimurski-lepi-decki\/","url":"https:\/\/adria-klik.com\/proizvod\/poklon-paket-4-pack-05l-mix-medimurski-lepi-decki\/","name":"Gift Box 4-pack 0,5l mix Me\u0111imurski Lepi De\u010dki - Adria-Klik.com","isPartOf":{"@id":"https:\/\/adria-klik.com\/#website"},"primaryImageOfPage":{"@id":"https:\/\/adria-klik.com\/proizvod\/poklon-paket-4-pack-05l-mix-medimurski-lepi-decki\/#primaryimage"},"image":{"@id":"https:\/\/adria-klik.com\/proizvod\/poklon-paket-4-pack-05l-mix-medimurski-lepi-decki\/#primaryimage"},"thumbnailUrl":"https:\/\/adria-klik.com\/wp-content\/uploads\/2022\/04\/lepi-decki-pivovara-mix-Cakovecko-Pilsner-Medimursko-lager-Kaj-El-APA-XO-Waitapu-blond-craft-beer-croatia-pivo-adria-klik-brza-dostava-internet-ducan-akcija-Wolt-Glovo-Bolt-Zagreb.jpg","datePublished":"2022-04-07T17:17:24+00:00","dateModified":"2022-12-23T17:14:20+00:00","description":"Gift Box 4-pack 0,5l mix Me\u0111imurski Lepi De\u010dki London Beer awards Premium Croatian Craft Beers! Order delivery now!","breadcrumb":{"@id":"https:\/\/adria-klik.com\/proizvod\/poklon-paket-4-pack-05l-mix-medimurski-lepi-decki\/#breadcrumb"},"inLanguage":"en-US","potentialAction":[{"@type":"ReadAction","target":["https:\/\/adria-klik.com\/proizvod\/poklon-paket-4-pack-05l-mix-medimurski-lepi-decki\/"]}]},{"@type":"ImageObject","inLanguage":"en-US","@id":"https:\/\/adria-klik.com\/proizvod\/poklon-paket-4-pack-05l-mix-medimurski-lepi-decki\/#primaryimage","url":"https:\/\/adria-klik.com\/wp-content\/uploads\/2022\/04\/lepi-decki-pivovara-mix-Cakovecko-Pilsner-Medimursko-lager-Kaj-El-APA-XO-Waitapu-blond-craft-beer-croatia-pivo-adria-klik-brza-dostava-internet-ducan-akcija-Wolt-Glovo-Bolt-Zagreb.jpg","contentUrl":"https:\/\/adria-klik.com\/wp-content\/uploads\/2022\/04\/lepi-decki-pivovara-mix-Cakovecko-Pilsner-Medimursko-lager-Kaj-El-APA-XO-Waitapu-blond-craft-beer-croatia-pivo-adria-klik-brza-dostava-internet-ducan-akcija-Wolt-Glovo-Bolt-Zagreb.jpg","width":1500,"height":1500,"caption":"Schweppes Ginger Berry taste 0,2l 200ml Cabernet vino \u0110akovo O\u017eujsko svijetlo pivo superbrza dostava HEINEKEN 4PACK Labud proizvodi #kupujmohrvatsko | Adria-Klik Supply superparket superbrza dostava namirnica, vina i delicija doma\u0107ih proizvoda"},{"@type":"BreadcrumbList","@id":"https:\/\/adria-klik.com\/proizvod\/poklon-paket-4-pack-05l-mix-medimurski-lepi-decki\/#breadcrumb","itemListElement":[{"@type":"ListItem","position":1,"name":"Po\u010detna stranica","item":"https:\/\/adria-klik.com\/en\/"},{"@type":"ListItem","position":2,"name":"Shop","item":"https:\/\/adria-klik.com\/shop\/"},{"@type":"ListItem","position":3,"name":"Gift Box 4-pack 0,5l mix Me\u0111imurski Lepi De\u010dki"}]},{"@type":"WebSite","@id":"https:\/\/adria-klik.com\/#website","url":"https:\/\/adria-klik.com\/","name":"Adria-Klik.com","description":"Unikatni poklon paketi, Vina, Craft pivo &amp; Delicije - webshop","publisher":{"@id":"https:\/\/adria-klik.com\/#organization"},"potentialAction":[{"@type":"SearchAction","target":{"@type":"EntryPoint","urlTemplate":"https:\/\/adria-klik.com\/?s={search_term_string}"},"query-input":{"@type":"PropertyValueSpecification","valueRequired":true,"valueName":"search_term_string"}}],"inLanguage":"en-US"},{"@type":"Organization","@id":"https:\/\/adria-klik.com\/#organization","name":"Adria-Klik.com","alternateName":"AK","url":"https:\/\/adria-klik.com\/","logo":{"@type":"ImageObject","inLanguage":"en-US","@id":"https:\/\/adria-klik.com\/#\/schema\/logo\/image\/","url":"https:\/\/adria-klik.com\/wp-content\/uploads\/2025\/12\/Adria-Klik_com-logo-namirnice-vina-craft-pivo-delikatese-delicije-artisan-cokolada.jpg","contentUrl":"https:\/\/adria-klik.com\/wp-content\/uploads\/2025\/12\/Adria-Klik_com-logo-namirnice-vina-craft-pivo-delikatese-delicije-artisan-cokolada.jpg","width":500,"height":500,"caption":"Adria-Klik.com"},"image":{"@id":"https:\/\/adria-klik.com\/#\/schema\/logo\/image\/"},"sameAs":["https:\/\/www.facebook.com\/profile.php?id=100064209425136","https:\/\/www.instagram.com\/adriaklik\/","https:\/\/www.youtube.com\/user\/PlavacmaliZagreb"]}]}},"jetpack_sharing_enabled":true,"jetpack-related-posts":[],"_links":{"self":[{"href":"https:\/\/adria-klik.com\/en\/wp-json\/wp\/v2\/product\/16057","targetHints":{"allow":["GET"]}}],"collection":[{"href":"https:\/\/adria-klik.com\/en\/wp-json\/wp\/v2\/product"}],"about":[{"href":"https:\/\/adria-klik.com\/en\/wp-json\/wp\/v2\/types\/product"}],"replies":[{"embeddable":true,"href":"https:\/\/adria-klik.com\/en\/wp-json\/wp\/v2\/comments?post=16057"}],"wp:featuredmedia":[{"embeddable":true,"href":"https:\/\/adria-klik.com\/en\/wp-json\/wp\/v2\/media\/16300"}],"wp:attachment":[{"href":"https:\/\/adria-klik.com\/en\/wp-json\/wp\/v2\/media?parent=16057"}],"wp:term":[{"taxonomy":"product_brand","embeddable":true,"href":"https:\/\/adria-klik.com\/en\/wp-json\/wp\/v2\/product_brand?post=16057"},{"taxonomy":"product_cat","embeddable":true,"href":"https:\/\/adria-klik.com\/en\/wp-json\/wp\/v2\/product_cat?post=16057"},{"taxonomy":"product_tag","embeddable":true,"href":"https:\/\/adria-klik.com\/en\/wp-json\/wp\/v2\/product_tag?post=16057"},{"taxonomy":"berocket_brand","embeddable":true,"href":"https:\/\/adria-klik.com\/en\/wp-json\/wp\/v2\/berocket_brand?post=16057"}],"curies":[{"name":"wp","href":"https:\/\/api.w.org\/{rel}","templated":true}]}}