{"id":16149,"date":"2022-05-05T12:50:17","date_gmt":"2022-05-05T10:50:17","guid":{"rendered":"https:\/\/adria.riot.hr\/?post_type=product&#038;p=16149"},"modified":"2022-05-05T22:57:45","modified_gmt":"2022-05-05T20:57:45","slug":"merlot-075l-ravalico-istria-kopiraj","status":"publish","type":"product","link":"https:\/\/adria-klik.com\/en\/proizvod\/merlot-075l-ravalico-istria-kopiraj\/","title":{"rendered":"Mu\u0161kat Bijeli 0,75l Ravalico Istria"},"content":{"rendered":"<div class=\"sc-juXuuo cOCLFW\">\n<div class=\"sc-jlQhLH dAWwZs\">\n<ul>\n<li class=\"sc-jlQhLH dAWwZs\">Extremely aromatic <strong>sweet<\/strong> wine<\/li>\n<li class=\"sc-jlQhLH dAWwZs\"><strong>Beautiful<\/strong> yellow color of golden reflections<\/li>\n<li class=\"sc-jlQhLH dAWwZs\"><strong>Pleasant<\/strong> on the palate, rich and harmonious<\/li>\n<li class=\"sc-jlQhLH dAWwZs\">By producing wine in the best family tradition, ancient fruit aromas and flavors from our country are extracted from the clusters<\/li>\n<li class=\"sc-jlQhLH dAWwZs\">F&amp;F <strong>RAVALICO<\/strong> &#8211; WINERY<\/li>\n<li class=\"sc-jlQhLH dAWwZs\">A long tradition of the<strong> Ravalico family<\/strong>.<\/li>\n<li class=\"sc-jlQhLH dAWwZs\">Northwestern Istria, <strong>Nova Vas Brtonigla<\/strong><\/li>\n<li class=\"sc-jlQhLH dAWwZs\">#kupujmohrvatsko<\/li>\n<\/ul>\n<\/div>\n<\/div>\n<div><\/div>\n<div><em>The <strong>Ravalico family<\/strong> originates from Piran where they were<\/em><br \/>\n<em>engaged in fishing. In the mid 19th century, one member<\/em><br \/>\n<em>of the family moved to Nova Vas on the river Mirna and<\/em><br \/>\n<em>built a house, starting virtually from scratch. He became a<\/em><br \/>\n<em>farmer. <\/em><\/div>\n<div><em>Those were difficult years, times of many sacrifices,<\/em><br \/>\n<em>people worked \u201cfrom dark to dark\u201d. However, step-by-step,<\/em><br \/>\n<em>the income grew. In 1903, with the grand grandfather<\/em><br \/>\n<em>Giovanni, the wine production began. The hours, days, years<\/em><br \/>\n<em>and summers passed by quickly around the tower bell.<\/em><br \/>\n<em><strong>The<\/strong> <strong>patriarchal family<\/strong>, which cultivated the surrounding<\/em><br \/>\n<em>fields with its sagacity, became a very united and dynamic<\/em><br \/>\n<em>community. The enterprise of the grandfathers turned into<\/em><br \/>\n<em>hard work and self-sacrifice of fathers while the sons have<\/em><br \/>\n<em>gathered this heritage, got modernised and became the largest<\/em><br \/>\n<em>and most influential private producers on the peninsula. In<\/em><br \/>\n<em>addition, the application of innovation and modernization in<\/em><br \/>\n<em>the field of wine making contributed to obtaining the most<\/em><br \/>\n<em>genuine taste and aroma from the precious grapes. Wine and<\/em><br \/>\n<em>grappa Ravalico have crossed the national borders, winning<\/em><br \/>\n<em>numerous gold medals and awards at major enological fairs.<\/em><br \/>\n<em>With renewed symbol on its sign, the Ravalico family remains<\/em><br \/>\n<em>recognisable by the authenticity and specific characteristics<\/em><br \/>\n<em>of production \u2013 a precious gift of the family <strong>Ravalico<\/strong> from<\/em><br \/>\n<em>the fertile<strong> Istrian soil.<\/strong><\/em><\/div>\n","protected":false},"excerpt":{"rendered":"<div class=\"sc-juXuuo cOCLFW\">\n<blockquote>\n<div class=\"sc-jlQhLH dAWwZs\">\n<ul>\n<li class=\"sc-jlQhLH dAWwZs\">Extremely aromatic <strong>sweet<\/strong> wine<\/li>\n<li class=\"sc-jlQhLH dAWwZs\"><strong>Beautiful<\/strong> yellow color of golden reflections<\/li>\n<li class=\"sc-jlQhLH dAWwZs\"><strong>Pleasant<\/strong> on the palate, rich and harmonious<\/li>\n<li class=\"sc-jlQhLH dAWwZs\">By producing wine in the best family tradition, ancient fruit aromas and flavors from our country are extracted from the clusters<\/li>\n<li class=\"sc-jlQhLH dAWwZs\">F&amp;F <strong>RAVALICO<\/strong> &#8211; WINERY<\/li>\n<li class=\"sc-jlQhLH dAWwZs\">A long tradition of the<strong> Ravalico family<\/strong>.<\/li>\n<li class=\"sc-jlQhLH dAWwZs\">Northwestern Istria, <strong>Nova Vas Brtonigla<\/strong><\/li>\n<li class=\"sc-jlQhLH dAWwZs\">#kupujmohrvatsko<\/li>\n<li class=\"sc-jlQhLH dAWwZs\"><\/li>\n<\/ul>\n<\/div>\n<\/blockquote>\n<\/div>\n","protected":false},"featured_media":16151,"comment_status":"open","ping_status":"closed","template":"","meta":{"_acf_changed":false},"product_brand":[],"product_cat":[429,1381,1382,1380,1379,1160,384,426,382,1378],"product_tag":[1628],"berocket_brand":[1625],"class_list":{"0":"post-16149","1":"product","2":"type-product","3":"status-publish","4":"has-post-thumbnail","6":"product_cat-desert-en","7":"product_cat-dostava-en","8":"product_cat-europa-en","9":"product_cat-hrvatska-en","10":"product_cat-okusi-adriu","11":"product_cat-our-recommendation","12":"product_cat-promotions","13":"product_cat-white","14":"product_cat-wine","15":"product_cat-zagreb-en","16":"product_tag-ravalico-en","17":"berocket_brand-ravalico-2","19":"first","20":"instock","21":"featured","22":"shipping-taxable","23":"purchasable","24":"product-type-simple"},"acf":[],"yoast_head":"<!-- This site is optimized with the Yoast SEO plugin v26.9 - https:\/\/yoast.com\/product\/yoast-seo-wordpress\/ -->\n<title>Mu\u0161kat Bijeli 0,75l Ravalico Istria - Adria-Klik.com<\/title>\n<meta name=\"description\" content=\"Mu\u0161kat Bijeli 0,75l Ravalico Istria Order now fastest Istrian premium tradition wine delivery Croatia - secure delivery and payments\" \/>\n<meta name=\"robots\" content=\"index, follow, max-snippet:-1, max-image-preview:large, max-video-preview:-1\" \/>\n<link rel=\"canonical\" href=\"https:\/\/adria-klik.com\/proizvod\/muskat-bijeli-075l-ravalico-istra-brtonigla\/\" \/>\n<meta property=\"og:locale\" content=\"en_US\" \/>\n<meta property=\"og:type\" content=\"article\" \/>\n<meta property=\"og:title\" content=\"Mu\u0161kat Bijeli 0,75l Ravalico Istria Order now fastest Istrian premium tradition wine delivery Croatia - secure delivery and payments\" \/>\n<meta property=\"og:description\" content=\"Mu\u0161kat Bijeli 0,75l Ravalico Istria Order now fastest Istrian premium tradition wine delivery Croatia - secure delivery and payments\" \/>\n<meta property=\"og:url\" content=\"https:\/\/adria-klik.com\/proizvod\/muskat-bijeli-075l-ravalico-istra-brtonigla\/\" \/>\n<meta property=\"og:site_name\" content=\"Adria-Klik.com\" \/>\n<meta property=\"article:publisher\" content=\"https:\/\/www.facebook.com\/profile.php?id=100064209425136\" \/>\n<meta property=\"article:modified_time\" content=\"2022-05-05T20:57:45+00:00\" \/>\n<meta property=\"og:image\" content=\"https:\/\/adria-klik.com\/wp-content\/uploads\/2022\/05\/muskat-bijeli-ravalico-istra-05l-pjenusac-brza_dostava_hladno_pice_ducan_webshop_Croatia-wolt-glovo-bolt-food-dakovacka-vina-wine-shop-croatia.jpg\" \/>\n\t<meta property=\"og:image:width\" content=\"1500\" \/>\n\t<meta property=\"og:image:height\" content=\"1500\" \/>\n\t<meta property=\"og:image:type\" content=\"image\/jpeg\" \/>\n<meta name=\"twitter:card\" content=\"summary_large_image\" \/>\n<meta name=\"twitter:title\" content=\"Mu\u0161kat Bijeli 0,75l Ravalico Istria Order now fastest Istrian premium tradition wine delivery Croatia - secure delivery and payments\" \/>\n<meta name=\"twitter:description\" content=\"Mu\u0161kat Bijeli 0,75l Ravalico Istria Order now fastest Istrian premium tradition wine delivery Croatia - secure delivery and payments\" \/>\n<meta name=\"twitter:image\" content=\"https:\/\/adria-klik.com\/wp-content\/uploads\/2022\/05\/muskat-bijeli-ravalico-istra-05l-pjenusac-brza_dostava_hladno_pice_ducan_webshop_Croatia-wolt-glovo-bolt-food-dakovacka-vina-wine-shop-croatia.jpg\" \/>\n<meta name=\"twitter:label1\" content=\"Est. reading time\" \/>\n\t<meta name=\"twitter:data1\" content=\"2 minutes\" \/>\n<script type=\"application\/ld+json\" class=\"yoast-schema-graph\">{\"@context\":\"https:\/\/schema.org\",\"@graph\":[{\"@type\":\"WebPage\",\"@id\":\"https:\/\/adria-klik.com\/proizvod\/muskat-bijeli-075l-ravalico-istra-brtonigla\/\",\"url\":\"https:\/\/adria-klik.com\/proizvod\/muskat-bijeli-075l-ravalico-istra-brtonigla\/\",\"name\":\"Mu\u0161kat Bijeli 0,75l Ravalico Istria - Adria-Klik.com\",\"isPartOf\":{\"@id\":\"https:\/\/adria-klik.com\/#website\"},\"primaryImageOfPage\":{\"@id\":\"https:\/\/adria-klik.com\/proizvod\/muskat-bijeli-075l-ravalico-istra-brtonigla\/#primaryimage\"},\"image\":{\"@id\":\"https:\/\/adria-klik.com\/proizvod\/muskat-bijeli-075l-ravalico-istra-brtonigla\/#primaryimage\"},\"thumbnailUrl\":\"https:\/\/adria-klik.com\/wp-content\/uploads\/2022\/05\/muskat-bijeli-ravalico-istra-05l-pjenusac-brza_dostava_hladno_pice_ducan_webshop_Croatia-wolt-glovo-bolt-food-dakovacka-vina-wine-shop-croatia.jpg\",\"datePublished\":\"2022-05-05T10:50:17+00:00\",\"dateModified\":\"2022-05-05T20:57:45+00:00\",\"description\":\"Mu\u0161kat Bijeli 0,75l Ravalico Istria Order now fastest Istrian premium tradition wine delivery Croatia - secure delivery and payments\",\"breadcrumb\":{\"@id\":\"https:\/\/adria-klik.com\/proizvod\/muskat-bijeli-075l-ravalico-istra-brtonigla\/#breadcrumb\"},\"inLanguage\":\"en-US\",\"potentialAction\":[{\"@type\":\"ReadAction\",\"target\":[\"https:\/\/adria-klik.com\/proizvod\/muskat-bijeli-075l-ravalico-istra-brtonigla\/\"]}]},{\"@type\":\"ImageObject\",\"inLanguage\":\"en-US\",\"@id\":\"https:\/\/adria-klik.com\/proizvod\/muskat-bijeli-075l-ravalico-istra-brtonigla\/#primaryimage\",\"url\":\"https:\/\/adria-klik.com\/wp-content\/uploads\/2022\/05\/muskat-bijeli-ravalico-istra-05l-pjenusac-brza_dostava_hladno_pice_ducan_webshop_Croatia-wolt-glovo-bolt-food-dakovacka-vina-wine-shop-croatia.jpg\",\"contentUrl\":\"https:\/\/adria-klik.com\/wp-content\/uploads\/2022\/05\/muskat-bijeli-ravalico-istra-05l-pjenusac-brza_dostava_hladno_pice_ducan_webshop_Croatia-wolt-glovo-bolt-food-dakovacka-vina-wine-shop-croatia.jpg\",\"width\":1500,\"height\":1500,\"caption\":\"Izrazito aromati\u010dno slatko vino Lijepe \u017eute boje zla\u0107anih odsjaja Ugodan na nepcu, bogat i skladan F&F RAVALICO \u2013 VINARSTVO Dugogodi\u0161nja tradicija obitelji Ravalico. Sjeverozapadna Istra, Nova Vas Brtonigla #kupujmohrvatsko\"},{\"@type\":\"BreadcrumbList\",\"@id\":\"https:\/\/adria-klik.com\/proizvod\/muskat-bijeli-075l-ravalico-istra-brtonigla\/#breadcrumb\",\"itemListElement\":[{\"@type\":\"ListItem\",\"position\":1,\"name\":\"Po\u010detna stranica\",\"item\":\"https:\/\/adria-klik.com\/en\/\"},{\"@type\":\"ListItem\",\"position\":2,\"name\":\"Shop\",\"item\":\"https:\/\/adria-klik.com\/shop\/\"},{\"@type\":\"ListItem\",\"position\":3,\"name\":\"Mu\u0161kat Bijeli 0,75l Ravalico Istria\"}]},{\"@type\":\"WebSite\",\"@id\":\"https:\/\/adria-klik.com\/#website\",\"url\":\"https:\/\/adria-klik.com\/\",\"name\":\"Adria-Klik.com\",\"description\":\"Unikatni poklon paketi, Vina, Craft pivo &amp; Delicije - webshop\",\"publisher\":{\"@id\":\"https:\/\/adria-klik.com\/#organization\"},\"potentialAction\":[{\"@type\":\"SearchAction\",\"target\":{\"@type\":\"EntryPoint\",\"urlTemplate\":\"https:\/\/adria-klik.com\/?s={search_term_string}\"},\"query-input\":{\"@type\":\"PropertyValueSpecification\",\"valueRequired\":true,\"valueName\":\"search_term_string\"}}],\"inLanguage\":\"en-US\"},{\"@type\":\"Organization\",\"@id\":\"https:\/\/adria-klik.com\/#organization\",\"name\":\"Adria-Klik.com\",\"alternateName\":\"AK\",\"url\":\"https:\/\/adria-klik.com\/\",\"logo\":{\"@type\":\"ImageObject\",\"inLanguage\":\"en-US\",\"@id\":\"https:\/\/adria-klik.com\/#\/schema\/logo\/image\/\",\"url\":\"https:\/\/adria-klik.com\/wp-content\/uploads\/2025\/12\/Adria-Klik_com-logo-namirnice-vina-craft-pivo-delikatese-delicije-artisan-cokolada.jpg\",\"contentUrl\":\"https:\/\/adria-klik.com\/wp-content\/uploads\/2025\/12\/Adria-Klik_com-logo-namirnice-vina-craft-pivo-delikatese-delicije-artisan-cokolada.jpg\",\"width\":500,\"height\":500,\"caption\":\"Adria-Klik.com\"},\"image\":{\"@id\":\"https:\/\/adria-klik.com\/#\/schema\/logo\/image\/\"},\"sameAs\":[\"https:\/\/www.facebook.com\/profile.php?id=100064209425136\",\"https:\/\/www.instagram.com\/adriaklik\/\",\"https:\/\/www.youtube.com\/user\/PlavacmaliZagreb\"]}]}<\/script>\n<!-- \/ Yoast SEO plugin. -->","yoast_head_json":{"title":"Mu\u0161kat Bijeli 0,75l Ravalico Istria - Adria-Klik.com","description":"Mu\u0161kat Bijeli 0,75l Ravalico Istria Order now fastest Istrian premium tradition wine delivery Croatia - secure delivery and payments","robots":{"index":"index","follow":"follow","max-snippet":"max-snippet:-1","max-image-preview":"max-image-preview:large","max-video-preview":"max-video-preview:-1"},"canonical":"https:\/\/adria-klik.com\/proizvod\/muskat-bijeli-075l-ravalico-istra-brtonigla\/","og_locale":"en_US","og_type":"article","og_title":"Mu\u0161kat Bijeli 0,75l Ravalico Istria Order now fastest Istrian premium tradition wine delivery Croatia - secure delivery and payments","og_description":"Mu\u0161kat Bijeli 0,75l Ravalico Istria Order now fastest Istrian premium tradition wine delivery Croatia - secure delivery and payments","og_url":"https:\/\/adria-klik.com\/proizvod\/muskat-bijeli-075l-ravalico-istra-brtonigla\/","og_site_name":"Adria-Klik.com","article_publisher":"https:\/\/www.facebook.com\/profile.php?id=100064209425136","article_modified_time":"2022-05-05T20:57:45+00:00","og_image":[{"width":1500,"height":1500,"url":"https:\/\/adria-klik.com\/wp-content\/uploads\/2022\/05\/muskat-bijeli-ravalico-istra-05l-pjenusac-brza_dostava_hladno_pice_ducan_webshop_Croatia-wolt-glovo-bolt-food-dakovacka-vina-wine-shop-croatia.jpg","type":"image\/jpeg"}],"twitter_card":"summary_large_image","twitter_title":"Mu\u0161kat Bijeli 0,75l Ravalico Istria Order now fastest Istrian premium tradition wine delivery Croatia - secure delivery and payments","twitter_description":"Mu\u0161kat Bijeli 0,75l Ravalico Istria Order now fastest Istrian premium tradition wine delivery Croatia - secure delivery and payments","twitter_image":"https:\/\/adria-klik.com\/wp-content\/uploads\/2022\/05\/muskat-bijeli-ravalico-istra-05l-pjenusac-brza_dostava_hladno_pice_ducan_webshop_Croatia-wolt-glovo-bolt-food-dakovacka-vina-wine-shop-croatia.jpg","twitter_misc":{"Est. reading time":"2 minutes"},"schema":{"@context":"https:\/\/schema.org","@graph":[{"@type":"WebPage","@id":"https:\/\/adria-klik.com\/proizvod\/muskat-bijeli-075l-ravalico-istra-brtonigla\/","url":"https:\/\/adria-klik.com\/proizvod\/muskat-bijeli-075l-ravalico-istra-brtonigla\/","name":"Mu\u0161kat Bijeli 0,75l Ravalico Istria - Adria-Klik.com","isPartOf":{"@id":"https:\/\/adria-klik.com\/#website"},"primaryImageOfPage":{"@id":"https:\/\/adria-klik.com\/proizvod\/muskat-bijeli-075l-ravalico-istra-brtonigla\/#primaryimage"},"image":{"@id":"https:\/\/adria-klik.com\/proizvod\/muskat-bijeli-075l-ravalico-istra-brtonigla\/#primaryimage"},"thumbnailUrl":"https:\/\/adria-klik.com\/wp-content\/uploads\/2022\/05\/muskat-bijeli-ravalico-istra-05l-pjenusac-brza_dostava_hladno_pice_ducan_webshop_Croatia-wolt-glovo-bolt-food-dakovacka-vina-wine-shop-croatia.jpg","datePublished":"2022-05-05T10:50:17+00:00","dateModified":"2022-05-05T20:57:45+00:00","description":"Mu\u0161kat Bijeli 0,75l Ravalico Istria Order now fastest Istrian premium tradition wine delivery Croatia - secure delivery and payments","breadcrumb":{"@id":"https:\/\/adria-klik.com\/proizvod\/muskat-bijeli-075l-ravalico-istra-brtonigla\/#breadcrumb"},"inLanguage":"en-US","potentialAction":[{"@type":"ReadAction","target":["https:\/\/adria-klik.com\/proizvod\/muskat-bijeli-075l-ravalico-istra-brtonigla\/"]}]},{"@type":"ImageObject","inLanguage":"en-US","@id":"https:\/\/adria-klik.com\/proizvod\/muskat-bijeli-075l-ravalico-istra-brtonigla\/#primaryimage","url":"https:\/\/adria-klik.com\/wp-content\/uploads\/2022\/05\/muskat-bijeli-ravalico-istra-05l-pjenusac-brza_dostava_hladno_pice_ducan_webshop_Croatia-wolt-glovo-bolt-food-dakovacka-vina-wine-shop-croatia.jpg","contentUrl":"https:\/\/adria-klik.com\/wp-content\/uploads\/2022\/05\/muskat-bijeli-ravalico-istra-05l-pjenusac-brza_dostava_hladno_pice_ducan_webshop_Croatia-wolt-glovo-bolt-food-dakovacka-vina-wine-shop-croatia.jpg","width":1500,"height":1500,"caption":"Izrazito aromati\u010dno slatko vino Lijepe \u017eute boje zla\u0107anih odsjaja Ugodan na nepcu, bogat i skladan F&F RAVALICO \u2013 VINARSTVO Dugogodi\u0161nja tradicija obitelji Ravalico. Sjeverozapadna Istra, Nova Vas Brtonigla #kupujmohrvatsko"},{"@type":"BreadcrumbList","@id":"https:\/\/adria-klik.com\/proizvod\/muskat-bijeli-075l-ravalico-istra-brtonigla\/#breadcrumb","itemListElement":[{"@type":"ListItem","position":1,"name":"Po\u010detna stranica","item":"https:\/\/adria-klik.com\/en\/"},{"@type":"ListItem","position":2,"name":"Shop","item":"https:\/\/adria-klik.com\/shop\/"},{"@type":"ListItem","position":3,"name":"Mu\u0161kat Bijeli 0,75l Ravalico Istria"}]},{"@type":"WebSite","@id":"https:\/\/adria-klik.com\/#website","url":"https:\/\/adria-klik.com\/","name":"Adria-Klik.com","description":"Unikatni poklon paketi, Vina, Craft pivo &amp; Delicije - webshop","publisher":{"@id":"https:\/\/adria-klik.com\/#organization"},"potentialAction":[{"@type":"SearchAction","target":{"@type":"EntryPoint","urlTemplate":"https:\/\/adria-klik.com\/?s={search_term_string}"},"query-input":{"@type":"PropertyValueSpecification","valueRequired":true,"valueName":"search_term_string"}}],"inLanguage":"en-US"},{"@type":"Organization","@id":"https:\/\/adria-klik.com\/#organization","name":"Adria-Klik.com","alternateName":"AK","url":"https:\/\/adria-klik.com\/","logo":{"@type":"ImageObject","inLanguage":"en-US","@id":"https:\/\/adria-klik.com\/#\/schema\/logo\/image\/","url":"https:\/\/adria-klik.com\/wp-content\/uploads\/2025\/12\/Adria-Klik_com-logo-namirnice-vina-craft-pivo-delikatese-delicije-artisan-cokolada.jpg","contentUrl":"https:\/\/adria-klik.com\/wp-content\/uploads\/2025\/12\/Adria-Klik_com-logo-namirnice-vina-craft-pivo-delikatese-delicije-artisan-cokolada.jpg","width":500,"height":500,"caption":"Adria-Klik.com"},"image":{"@id":"https:\/\/adria-klik.com\/#\/schema\/logo\/image\/"},"sameAs":["https:\/\/www.facebook.com\/profile.php?id=100064209425136","https:\/\/www.instagram.com\/adriaklik\/","https:\/\/www.youtube.com\/user\/PlavacmaliZagreb"]}]}},"jetpack_sharing_enabled":true,"jetpack-related-posts":[],"_links":{"self":[{"href":"https:\/\/adria-klik.com\/en\/wp-json\/wp\/v2\/product\/16149","targetHints":{"allow":["GET"]}}],"collection":[{"href":"https:\/\/adria-klik.com\/en\/wp-json\/wp\/v2\/product"}],"about":[{"href":"https:\/\/adria-klik.com\/en\/wp-json\/wp\/v2\/types\/product"}],"replies":[{"embeddable":true,"href":"https:\/\/adria-klik.com\/en\/wp-json\/wp\/v2\/comments?post=16149"}],"wp:featuredmedia":[{"embeddable":true,"href":"https:\/\/adria-klik.com\/en\/wp-json\/wp\/v2\/media\/16151"}],"wp:attachment":[{"href":"https:\/\/adria-klik.com\/en\/wp-json\/wp\/v2\/media?parent=16149"}],"wp:term":[{"taxonomy":"product_brand","embeddable":true,"href":"https:\/\/adria-klik.com\/en\/wp-json\/wp\/v2\/product_brand?post=16149"},{"taxonomy":"product_cat","embeddable":true,"href":"https:\/\/adria-klik.com\/en\/wp-json\/wp\/v2\/product_cat?post=16149"},{"taxonomy":"product_tag","embeddable":true,"href":"https:\/\/adria-klik.com\/en\/wp-json\/wp\/v2\/product_tag?post=16149"},{"taxonomy":"berocket_brand","embeddable":true,"href":"https:\/\/adria-klik.com\/en\/wp-json\/wp\/v2\/berocket_brand?post=16149"}],"curies":[{"name":"wp","href":"https:\/\/api.w.org\/{rel}","templated":true}]}}