{"id":16204,"date":"2022-05-07T00:28:47","date_gmt":"2022-05-06T22:28:47","guid":{"rendered":"https:\/\/adria.riot.hr\/?post_type=product&#038;p=16204"},"modified":"2024-12-16T09:40:37","modified_gmt":"2024-12-16T08:40:37","slug":"croatian-tradition-peljesac-drnis-bukara-susak","status":"publish","type":"product","link":"https:\/\/adria-klik.com\/en\/proizvod\/croatian-tradition-peljesac-drnis-bukara-susak\/","title":{"rendered":"Drni\u0161 Bukara-Susak &#8211; Croatian tradition"},"content":{"rendered":"<ul>\n<li>Top indigenous gift package <strong>Croatian tradition<\/strong><\/li>\n<li>The most potent autochthonous variety<strong> Plavac mali<\/strong> from <strong>Pelje\u0161ac<\/strong><\/li>\n<li><b>Plavac mali OPG Grgurevi\u0107 <\/b>0,75l <strong>Top quality wine<\/strong> that owes its rich taste to steep, geographically protected slopes, <strong>sunny Pelje\u0161ac Krive njive , Janjina\u00a0<\/strong><\/li>\n<li><strong>ZOI<\/strong> Central and Southern Dalmatia, <strong>Pelje\u0161ac<\/strong> vineyards<\/li>\n<li><strong>Bukara-Susak<\/strong> top quality <strong>unique\u00a0<\/strong><\/li>\n<li>Handwork<\/li>\n<li>Croatian tradition<\/li>\n<li><strong>Handle<\/strong> made of specially selected branches in <strong>nature<\/strong><\/li>\n<li><strong>Metal<\/strong> hoop<\/li>\n<li>Does <strong>not<\/strong> contain <strong>glue<\/strong><\/li>\n<li><strong>Award<\/strong> of the Coat of Arms of the town of <strong>Drni\u0161<\/strong> for the preservation of the cultural <strong>heritage<\/strong> of its <strong>region<\/strong><\/li>\n<li><strong>Spruce<\/strong> wood has a pleasant aroma and healing properties<\/li>\n<li>&#8220;<strong>After<\/strong> finding the branch needed to make the handle, it is heated and rolled to get an identical shape to that of the ancient bukars. Again not too much to avoid cracking. After the handle gets a satisfactory shape, it is tied with wire and put to dry for a year and a half so that the wood retains the required shape.&#8221;<\/li>\n<\/ul>\n","protected":false},"excerpt":{"rendered":"<ul>\n<li>Top indigenous gift package <strong>Croatian tradition<\/strong><\/li>\n<li>The most potent autochthonous variety<strong> Plavac mali<\/strong> from <strong>Pelje\u0161ac<\/strong><\/li>\n<li><b>Plavac mali OPG Grgurevi\u0107 <\/b>0,75l <strong>Top quality wine<\/strong> that owes its rich taste to steep, geographically protected slopes, <strong>sunny Pelje\u0161ac Krive njive , Janjina\u00a0<\/strong><\/li>\n<li><strong>ZOI<\/strong> Central and Southern Dalmatia, <strong>Pelje\u0161ac<\/strong> vineyards<\/li>\n<li><strong>Bukara-Susak<\/strong> top quality <strong>unique\u00a0<\/strong><\/li>\n<li>Handwork<\/li>\n<li>Croatian tradition<\/li>\n<li><strong>Handle<\/strong> made of specially selected branches in <strong>nature<\/strong><\/li>\n<li><strong>Metal<\/strong> hoop<\/li>\n<li>Does <strong>not<\/strong> contain <strong>glue<\/strong><\/li>\n<li><strong>Award<\/strong> of the Coat of Arms of the town of <strong>Drni\u0161<\/strong> for the preservation of the cultural <strong>heritage<\/strong> of its <strong>region<\/strong><\/li>\n<li><strong>Spruce<\/strong> wood has a pleasant aroma and healing properties<\/li>\n<li>&#8220;<strong>After<\/strong> finding the branch needed to make the handle, it is heated and rolled to get an identical shape to that of the ancient bukars. Again not too much to avoid cracking. After the handle gets a satisfactory shape, it is tied with wire and put to dry for a year and a half so that the wood retains the required shape.&#8221;<\/li>\n<li><\/li>\n<\/ul>\n","protected":false},"featured_media":16195,"comment_status":"open","ping_status":"closed","template":"","meta":{"_acf_changed":false},"product_brand":[],"product_cat":[386,1381,1382,986,1380,1379,1160,387,425,382,1378],"product_tag":[1978,1612,1979,1611,1509,1614,1489,1977,1980,1976],"berocket_brand":[1975],"class_list":{"0":"post-16204","1":"product","2":"type-product","3":"status-publish","4":"has-post-thumbnail","6":"product_cat-adria-package","7":"product_cat-dostava-en","8":"product_cat-europa-en","9":"product_cat-gift-baskets","10":"product_cat-hrvatska-en","11":"product_cat-okusi-adriu","12":"product_cat-our-recommendation","13":"product_cat-premium","14":"product_cat-red","15":"product_cat-wine","16":"product_cat-zagreb-en","17":"product_tag-crljenak-en","18":"product_tag-crljenak-croatian-premium-wine-webshop-delivery","19":"product_tag-drniska-bukara-susak-en","20":"product_tag-order-plavac-mali-child-of-zinfandel","21":"product_tag-order-plavac-mali-child-of-zinfandel-primitivo-crljenak-croatian-premium-wine-webshop-delivery-en-2","22":"product_tag-primitivo-en","23":"product_tag-primitivo","24":"product_tag-primitivo-en-2","25":"product_tag-vrhunski-autohtoni-poklon-paket-hrvatska-tradicija-en","26":"product_tag-zinfandel-en","27":"berocket_brand-palihnic-en","29":"first","30":"instock","31":"featured","32":"shipping-taxable","33":"purchasable","34":"product-type-simple"},"acf":[],"yoast_head":"<!-- This site is optimized with the Yoast SEO plugin v26.9 - https:\/\/yoast.com\/product\/yoast-seo-wordpress\/ -->\n<title>Drni\u0161 Bukara-Susak - Croatian tradition - Adria-Klik.com<\/title>\n<meta name=\"description\" content=\"Plavac mali Grgurevi\u0107 Pelje\u0161ac &amp; Drni\u0161 Bukara-Susak order delivery now Top indigenous gift package Croatian tradition secure &amp;6 fast\" \/>\n<meta name=\"robots\" content=\"index, follow, max-snippet:-1, max-image-preview:large, max-video-preview:-1\" \/>\n<link rel=\"canonical\" href=\"https:\/\/adria-klik.com\/en\/proizvod\/croatian-tradition-peljesac-drnis-bukara-susak\/\" \/>\n<meta property=\"og:locale\" content=\"en_US\" \/>\n<meta property=\"og:type\" content=\"article\" \/>\n<meta property=\"og:title\" content=\"Top indigenous gift package Croatian tradition\" \/>\n<meta property=\"og:description\" content=\"Plavac mali Grgurevi\u0107 Pelje\u0161ac &amp; Drni\u0161 Bukara-Susak order delivery now Top indigenous gift package Croatian tradition secure &amp;6 fast\" \/>\n<meta property=\"og:url\" content=\"https:\/\/adria-klik.com\/en\/proizvod\/croatian-tradition-peljesac-drnis-bukara-susak\/\" \/>\n<meta property=\"og:site_name\" content=\"Adria-Klik.com\" \/>\n<meta property=\"article:publisher\" content=\"https:\/\/www.facebook.com\/profile.php?id=100064209425136\" \/>\n<meta property=\"article:modified_time\" content=\"2024-12-16T08:40:37+00:00\" \/>\n<meta property=\"og:image\" content=\"https:\/\/adria-klik.com\/wp-content\/uploads\/2022\/05\/Plavac-Mali-Dingac-Palihnic-Bukara-Drniska-Susak-auttohtono-Crljenak-Peljesac-Adria-Klik_Webshop-ducan-eko-croatia-prozvod-wein-kroatien-wine-zinfandel-primitivo-wolt-glovo-bolt-delivery.jpg\" \/>\n\t<meta property=\"og:image:width\" content=\"1500\" \/>\n\t<meta property=\"og:image:height\" content=\"1500\" \/>\n\t<meta property=\"og:image:type\" content=\"image\/jpeg\" \/>\n<meta name=\"twitter:card\" content=\"summary_large_image\" \/>\n<meta name=\"twitter:title\" content=\"Top indigenous gift package Croatian tradition\" \/>\n<meta name=\"twitter:description\" content=\"Plavac mali Grgurevi\u0107 Pelje\u0161ac &amp; Drni\u0161 Bukara-Susak order delivery now Top indigenous gift package Croatian tradition secure &amp;6 fast\" \/>\n<meta name=\"twitter:image\" content=\"https:\/\/adria-klik.com\/wp-content\/uploads\/2022\/05\/Plavac-Mali-Dingac-Palihnic-Bukara-Drniska-Susak-auttohtono-Crljenak-Peljesac-Adria-Klik_Webshop-ducan-eko-croatia-prozvod-wein-kroatien-wine-zinfandel-primitivo-wolt-glovo-bolt-delivery.jpg\" \/>\n<meta name=\"twitter:label1\" content=\"Est. reading time\" \/>\n\t<meta name=\"twitter:data1\" content=\"1 minute\" \/>\n<script type=\"application\/ld+json\" class=\"yoast-schema-graph\">{\"@context\":\"https:\/\/schema.org\",\"@graph\":[{\"@type\":\"WebPage\",\"@id\":\"https:\/\/adria-klik.com\/en\/proizvod\/croatian-tradition-peljesac-drnis-bukara-susak\/\",\"url\":\"https:\/\/adria-klik.com\/en\/proizvod\/croatian-tradition-peljesac-drnis-bukara-susak\/\",\"name\":\"Drni\u0161 Bukara-Susak - Croatian tradition - Adria-Klik.com\",\"isPartOf\":{\"@id\":\"https:\/\/adria-klik.com\/#website\"},\"primaryImageOfPage\":{\"@id\":\"https:\/\/adria-klik.com\/en\/proizvod\/croatian-tradition-peljesac-drnis-bukara-susak\/#primaryimage\"},\"image\":{\"@id\":\"https:\/\/adria-klik.com\/en\/proizvod\/croatian-tradition-peljesac-drnis-bukara-susak\/#primaryimage\"},\"thumbnailUrl\":\"https:\/\/adria-klik.com\/wp-content\/uploads\/2022\/05\/Bukara-Drniska-Susak-autohtono-smreka-grana-Plavac-mali-Crljenak-Peljesac-Adria-Klik_Webshop-eko-croatia-prozvod-wein-kroatien-wine-zinfandel-primitivo-wolt-glovo-bolt-fast-delivery.jpg\",\"datePublished\":\"2022-05-06T22:28:47+00:00\",\"dateModified\":\"2024-12-16T08:40:37+00:00\",\"description\":\"Plavac mali Grgurevi\u0107 Pelje\u0161ac & Drni\u0161 Bukara-Susak order delivery now Top indigenous gift package Croatian tradition secure &6 fast\",\"breadcrumb\":{\"@id\":\"https:\/\/adria-klik.com\/en\/proizvod\/croatian-tradition-peljesac-drnis-bukara-susak\/#breadcrumb\"},\"inLanguage\":\"en-US\",\"potentialAction\":[{\"@type\":\"ReadAction\",\"target\":[\"https:\/\/adria-klik.com\/en\/proizvod\/croatian-tradition-peljesac-drnis-bukara-susak\/\"]}]},{\"@type\":\"ImageObject\",\"inLanguage\":\"en-US\",\"@id\":\"https:\/\/adria-klik.com\/en\/proizvod\/croatian-tradition-peljesac-drnis-bukara-susak\/#primaryimage\",\"url\":\"https:\/\/adria-klik.com\/wp-content\/uploads\/2022\/05\/Bukara-Drniska-Susak-autohtono-smreka-grana-Plavac-mali-Crljenak-Peljesac-Adria-Klik_Webshop-eko-croatia-prozvod-wein-kroatien-wine-zinfandel-primitivo-wolt-glovo-bolt-fast-delivery.jpg\",\"contentUrl\":\"https:\/\/adria-klik.com\/wp-content\/uploads\/2022\/05\/Bukara-Drniska-Susak-autohtono-smreka-grana-Plavac-mali-Crljenak-Peljesac-Adria-Klik_Webshop-eko-croatia-prozvod-wein-kroatien-wine-zinfandel-primitivo-wolt-glovo-bolt-fast-delivery.jpg\",\"width\":1500,\"height\":1500,\"caption\":\"Dinga\u010d Plavac mali i Drni\u0161ka Bukara-Susak -Vrhunski autohtoni poklon paket Hrvatska tradicija naru\u010di dostavu\"},{\"@type\":\"BreadcrumbList\",\"@id\":\"https:\/\/adria-klik.com\/en\/proizvod\/croatian-tradition-peljesac-drnis-bukara-susak\/#breadcrumb\",\"itemListElement\":[{\"@type\":\"ListItem\",\"position\":1,\"name\":\"Po\u010detna stranica\",\"item\":\"https:\/\/adria-klik.com\/en\/\"},{\"@type\":\"ListItem\",\"position\":2,\"name\":\"Shop\",\"item\":\"https:\/\/adria-klik.com\/shop\/\"},{\"@type\":\"ListItem\",\"position\":3,\"name\":\"Drni\u0161 Bukara-Susak &#8211; Croatian tradition\"}]},{\"@type\":\"WebSite\",\"@id\":\"https:\/\/adria-klik.com\/#website\",\"url\":\"https:\/\/adria-klik.com\/\",\"name\":\"Adria-Klik.com\",\"description\":\"Unikatni poklon paketi, Vina, Craft pivo &amp; Delicije - webshop\",\"publisher\":{\"@id\":\"https:\/\/adria-klik.com\/#organization\"},\"potentialAction\":[{\"@type\":\"SearchAction\",\"target\":{\"@type\":\"EntryPoint\",\"urlTemplate\":\"https:\/\/adria-klik.com\/?s={search_term_string}\"},\"query-input\":{\"@type\":\"PropertyValueSpecification\",\"valueRequired\":true,\"valueName\":\"search_term_string\"}}],\"inLanguage\":\"en-US\"},{\"@type\":\"Organization\",\"@id\":\"https:\/\/adria-klik.com\/#organization\",\"name\":\"Adria-Klik.com\",\"alternateName\":\"AK\",\"url\":\"https:\/\/adria-klik.com\/\",\"logo\":{\"@type\":\"ImageObject\",\"inLanguage\":\"en-US\",\"@id\":\"https:\/\/adria-klik.com\/#\/schema\/logo\/image\/\",\"url\":\"https:\/\/adria-klik.com\/wp-content\/uploads\/2025\/12\/Adria-Klik_com-logo-namirnice-vina-craft-pivo-delikatese-delicije-artisan-cokolada.jpg\",\"contentUrl\":\"https:\/\/adria-klik.com\/wp-content\/uploads\/2025\/12\/Adria-Klik_com-logo-namirnice-vina-craft-pivo-delikatese-delicije-artisan-cokolada.jpg\",\"width\":500,\"height\":500,\"caption\":\"Adria-Klik.com\"},\"image\":{\"@id\":\"https:\/\/adria-klik.com\/#\/schema\/logo\/image\/\"},\"sameAs\":[\"https:\/\/www.facebook.com\/profile.php?id=100064209425136\",\"https:\/\/www.instagram.com\/adriaklik\/\",\"https:\/\/www.youtube.com\/user\/PlavacmaliZagreb\"]}]}<\/script>\n<!-- \/ Yoast SEO plugin. -->","yoast_head_json":{"title":"Drni\u0161 Bukara-Susak - Croatian tradition - Adria-Klik.com","description":"Plavac mali Grgurevi\u0107 Pelje\u0161ac & Drni\u0161 Bukara-Susak order delivery now Top indigenous gift package Croatian tradition secure &6 fast","robots":{"index":"index","follow":"follow","max-snippet":"max-snippet:-1","max-image-preview":"max-image-preview:large","max-video-preview":"max-video-preview:-1"},"canonical":"https:\/\/adria-klik.com\/en\/proizvod\/croatian-tradition-peljesac-drnis-bukara-susak\/","og_locale":"en_US","og_type":"article","og_title":"Top indigenous gift package Croatian tradition","og_description":"Plavac mali Grgurevi\u0107 Pelje\u0161ac & Drni\u0161 Bukara-Susak order delivery now Top indigenous gift package Croatian tradition secure &6 fast","og_url":"https:\/\/adria-klik.com\/en\/proizvod\/croatian-tradition-peljesac-drnis-bukara-susak\/","og_site_name":"Adria-Klik.com","article_publisher":"https:\/\/www.facebook.com\/profile.php?id=100064209425136","article_modified_time":"2024-12-16T08:40:37+00:00","og_image":[{"width":1500,"height":1500,"url":"https:\/\/adria-klik.com\/wp-content\/uploads\/2022\/05\/Plavac-Mali-Dingac-Palihnic-Bukara-Drniska-Susak-auttohtono-Crljenak-Peljesac-Adria-Klik_Webshop-ducan-eko-croatia-prozvod-wein-kroatien-wine-zinfandel-primitivo-wolt-glovo-bolt-delivery.jpg","type":"image\/jpeg"}],"twitter_card":"summary_large_image","twitter_title":"Top indigenous gift package Croatian tradition","twitter_description":"Plavac mali Grgurevi\u0107 Pelje\u0161ac & Drni\u0161 Bukara-Susak order delivery now Top indigenous gift package Croatian tradition secure &6 fast","twitter_image":"https:\/\/adria-klik.com\/wp-content\/uploads\/2022\/05\/Plavac-Mali-Dingac-Palihnic-Bukara-Drniska-Susak-auttohtono-Crljenak-Peljesac-Adria-Klik_Webshop-ducan-eko-croatia-prozvod-wein-kroatien-wine-zinfandel-primitivo-wolt-glovo-bolt-delivery.jpg","twitter_misc":{"Est. reading time":"1 minute"},"schema":{"@context":"https:\/\/schema.org","@graph":[{"@type":"WebPage","@id":"https:\/\/adria-klik.com\/en\/proizvod\/croatian-tradition-peljesac-drnis-bukara-susak\/","url":"https:\/\/adria-klik.com\/en\/proizvod\/croatian-tradition-peljesac-drnis-bukara-susak\/","name":"Drni\u0161 Bukara-Susak - Croatian tradition - Adria-Klik.com","isPartOf":{"@id":"https:\/\/adria-klik.com\/#website"},"primaryImageOfPage":{"@id":"https:\/\/adria-klik.com\/en\/proizvod\/croatian-tradition-peljesac-drnis-bukara-susak\/#primaryimage"},"image":{"@id":"https:\/\/adria-klik.com\/en\/proizvod\/croatian-tradition-peljesac-drnis-bukara-susak\/#primaryimage"},"thumbnailUrl":"https:\/\/adria-klik.com\/wp-content\/uploads\/2022\/05\/Bukara-Drniska-Susak-autohtono-smreka-grana-Plavac-mali-Crljenak-Peljesac-Adria-Klik_Webshop-eko-croatia-prozvod-wein-kroatien-wine-zinfandel-primitivo-wolt-glovo-bolt-fast-delivery.jpg","datePublished":"2022-05-06T22:28:47+00:00","dateModified":"2024-12-16T08:40:37+00:00","description":"Plavac mali Grgurevi\u0107 Pelje\u0161ac & Drni\u0161 Bukara-Susak order delivery now Top indigenous gift package Croatian tradition secure &6 fast","breadcrumb":{"@id":"https:\/\/adria-klik.com\/en\/proizvod\/croatian-tradition-peljesac-drnis-bukara-susak\/#breadcrumb"},"inLanguage":"en-US","potentialAction":[{"@type":"ReadAction","target":["https:\/\/adria-klik.com\/en\/proizvod\/croatian-tradition-peljesac-drnis-bukara-susak\/"]}]},{"@type":"ImageObject","inLanguage":"en-US","@id":"https:\/\/adria-klik.com\/en\/proizvod\/croatian-tradition-peljesac-drnis-bukara-susak\/#primaryimage","url":"https:\/\/adria-klik.com\/wp-content\/uploads\/2022\/05\/Bukara-Drniska-Susak-autohtono-smreka-grana-Plavac-mali-Crljenak-Peljesac-Adria-Klik_Webshop-eko-croatia-prozvod-wein-kroatien-wine-zinfandel-primitivo-wolt-glovo-bolt-fast-delivery.jpg","contentUrl":"https:\/\/adria-klik.com\/wp-content\/uploads\/2022\/05\/Bukara-Drniska-Susak-autohtono-smreka-grana-Plavac-mali-Crljenak-Peljesac-Adria-Klik_Webshop-eko-croatia-prozvod-wein-kroatien-wine-zinfandel-primitivo-wolt-glovo-bolt-fast-delivery.jpg","width":1500,"height":1500,"caption":"Dinga\u010d Plavac mali i Drni\u0161ka Bukara-Susak -Vrhunski autohtoni poklon paket Hrvatska tradicija naru\u010di dostavu"},{"@type":"BreadcrumbList","@id":"https:\/\/adria-klik.com\/en\/proizvod\/croatian-tradition-peljesac-drnis-bukara-susak\/#breadcrumb","itemListElement":[{"@type":"ListItem","position":1,"name":"Po\u010detna stranica","item":"https:\/\/adria-klik.com\/en\/"},{"@type":"ListItem","position":2,"name":"Shop","item":"https:\/\/adria-klik.com\/shop\/"},{"@type":"ListItem","position":3,"name":"Drni\u0161 Bukara-Susak &#8211; Croatian tradition"}]},{"@type":"WebSite","@id":"https:\/\/adria-klik.com\/#website","url":"https:\/\/adria-klik.com\/","name":"Adria-Klik.com","description":"Unikatni poklon paketi, Vina, Craft pivo &amp; Delicije - webshop","publisher":{"@id":"https:\/\/adria-klik.com\/#organization"},"potentialAction":[{"@type":"SearchAction","target":{"@type":"EntryPoint","urlTemplate":"https:\/\/adria-klik.com\/?s={search_term_string}"},"query-input":{"@type":"PropertyValueSpecification","valueRequired":true,"valueName":"search_term_string"}}],"inLanguage":"en-US"},{"@type":"Organization","@id":"https:\/\/adria-klik.com\/#organization","name":"Adria-Klik.com","alternateName":"AK","url":"https:\/\/adria-klik.com\/","logo":{"@type":"ImageObject","inLanguage":"en-US","@id":"https:\/\/adria-klik.com\/#\/schema\/logo\/image\/","url":"https:\/\/adria-klik.com\/wp-content\/uploads\/2025\/12\/Adria-Klik_com-logo-namirnice-vina-craft-pivo-delikatese-delicije-artisan-cokolada.jpg","contentUrl":"https:\/\/adria-klik.com\/wp-content\/uploads\/2025\/12\/Adria-Klik_com-logo-namirnice-vina-craft-pivo-delikatese-delicije-artisan-cokolada.jpg","width":500,"height":500,"caption":"Adria-Klik.com"},"image":{"@id":"https:\/\/adria-klik.com\/#\/schema\/logo\/image\/"},"sameAs":["https:\/\/www.facebook.com\/profile.php?id=100064209425136","https:\/\/www.instagram.com\/adriaklik\/","https:\/\/www.youtube.com\/user\/PlavacmaliZagreb"]}]}},"jetpack_sharing_enabled":true,"jetpack-related-posts":[],"_links":{"self":[{"href":"https:\/\/adria-klik.com\/en\/wp-json\/wp\/v2\/product\/16204","targetHints":{"allow":["GET"]}}],"collection":[{"href":"https:\/\/adria-klik.com\/en\/wp-json\/wp\/v2\/product"}],"about":[{"href":"https:\/\/adria-klik.com\/en\/wp-json\/wp\/v2\/types\/product"}],"replies":[{"embeddable":true,"href":"https:\/\/adria-klik.com\/en\/wp-json\/wp\/v2\/comments?post=16204"}],"wp:featuredmedia":[{"embeddable":true,"href":"https:\/\/adria-klik.com\/en\/wp-json\/wp\/v2\/media\/16195"}],"wp:attachment":[{"href":"https:\/\/adria-klik.com\/en\/wp-json\/wp\/v2\/media?parent=16204"}],"wp:term":[{"taxonomy":"product_brand","embeddable":true,"href":"https:\/\/adria-klik.com\/en\/wp-json\/wp\/v2\/product_brand?post=16204"},{"taxonomy":"product_cat","embeddable":true,"href":"https:\/\/adria-klik.com\/en\/wp-json\/wp\/v2\/product_cat?post=16204"},{"taxonomy":"product_tag","embeddable":true,"href":"https:\/\/adria-klik.com\/en\/wp-json\/wp\/v2\/product_tag?post=16204"},{"taxonomy":"berocket_brand","embeddable":true,"href":"https:\/\/adria-klik.com\/en\/wp-json\/wp\/v2\/berocket_brand?post=16204"}],"curies":[{"name":"wp","href":"https:\/\/api.w.org\/{rel}","templated":true}]}}