{"id":16225,"date":"2022-05-18T01:41:29","date_gmt":"2022-05-17T23:41:29","guid":{"rendered":"https:\/\/adria.riot.hr\/?post_type=product&#038;p=16225"},"modified":"2022-05-18T01:51:36","modified_gmt":"2022-05-17T23:51:36","slug":"limoncello-05l-05l-vislander-05l-vislander-grappa","status":"publish","type":"product","link":"https:\/\/adria-klik.com\/en\/proizvod\/limoncello-05l-05l-vislander-05l-vislander-grappa\/","title":{"rendered":"Limoncello 0,5l  Vislander"},"content":{"rendered":"<ul>\n<li>NEW and Exclusive! <strong>VISLANDER GRAPPA &#8211; GRAPPA FOR LIFE<\/strong><\/li>\n<li>Limoncello 0,5l<br \/>\nWith the colour of a sunny kiss, Limoncello da Issa is a reflection of the rich cultural heritage of the island Vis.<\/li>\n<li>One of the most popular Italian aperitifs made its way to our island, and with the addition of the peel of an indigenous variety of Vis lemon, rich in aromatic oils and natural bitterness, the drink gained an original local note.<\/li>\n<li>On hot summer nights an ice cold Limoncello will fill your palate with the freshness, smell and optimism of lemons.<\/li>\n<li><\/li>\n<li><strong>VISLANDER GRAPPA<\/strong><br \/>\nVislander grappa is the Grappa for life<\/p>\n<p>In our region, grappas are known as universal medicine, magic fluids that alleviate all possible ailments: toothache, headache, heartache &#8230;<\/p>\n<p>It is time to introduce the world to the wonderful properties of our native herbs and fruits.<\/p>\n<p>Order Vislander Premium Gin now Adria Klik Premium Delivery<\/li>\n<\/ul>\n","protected":false},"excerpt":{"rendered":"<ul>\n<li>New and exclusive!<\/li>\n<li>Sir William Hoste London dry Gin 0,5l<\/li>\n<li>The victory of the British fleet, commanded by Sir William Hoste, over the more powerful French fleet was the beginning of the end of the French domination on the Adriatic<\/li>\n<li>The classic London dry gin with Sir William Hoste\u2019s name was created for complete enjoyment on one of the last paradise islands.<\/li>\n<\/ul>\n<p><strong>VISLANDER GRAPPA<\/strong><br \/>\nVislander grappa is the Grappa for life<\/p>\n<p>In our region, grappas are known as universal medicine, magic fluids that alleviate all possible ailments: toothache, headache, heartache &#8230;<\/p>\n<p>It is time to introduce the world to the wonderful properties of our native herbs and fruits.<\/p>\n<p>Order Vislander Premium Gin now Adria Klik Premium Delivery<\/p>\n","protected":false},"featured_media":16227,"comment_status":"open","ping_status":"closed","template":"","meta":{"_acf_changed":false},"product_brand":[],"product_cat":[386,442,1381,1382,1380,378,1379,443,1160,387,384,1378],"product_tag":[1454],"berocket_brand":[1452],"class_list":{"0":"post-16225","1":"product","2":"type-product","3":"status-publish","4":"has-post-thumbnail","6":"product_cat-adria-package","7":"product_cat-brandy","8":"product_cat-dostava-en","9":"product_cat-europa-en","10":"product_cat-hrvatska-en","11":"product_cat-liquor","12":"product_cat-okusi-adriu","13":"product_cat-other-liquor","14":"product_cat-our-recommendation","15":"product_cat-premium","16":"product_cat-promotions","17":"product_cat-zagreb-en","18":"product_tag-vislander-en-2","19":"berocket_brand-vislander-vina-i-rakije-en","21":"first","22":"outofstock","23":"sale","24":"featured","25":"shipping-taxable","26":"purchasable","27":"product-type-simple"},"acf":[],"yoast_head":"<!-- This site is optimized with the Yoast SEO plugin v26.9 - https:\/\/yoast.com\/product\/yoast-seo-wordpress\/ -->\n<title>Limoncello 0,5l Vislander - Adria-Klik.com<\/title>\n<meta name=\"description\" content=\"Modern webshop where you can simply order your groceries, wine and gourmet. Limoncello 0,5l 0,5l Vislander grappa premium Vis order now\" \/>\n<meta name=\"robots\" content=\"index, follow, max-snippet:-1, max-image-preview:large, max-video-preview:-1\" \/>\n<link rel=\"canonical\" href=\"https:\/\/adria-klik.com\/proizvod\/limoncello-05-l-vislander-vislanderlimoncello-05-l-vislander\/\" \/>\n<meta property=\"og:locale\" content=\"en_US\" \/>\n<meta property=\"og:type\" content=\"article\" \/>\n<meta property=\"og:title\" content=\"Modern webshop where you can simply order your groceries, wine and gourmet. Limoncello 0,5l 0,5l Vislander grappa premium Vis order now\" \/>\n<meta property=\"og:description\" content=\"Modern webshop where you can simply order your groceries, wine and gourmet. Limoncello 0,5l 0,5l Vislander grappa premium Vis order now\" \/>\n<meta property=\"og:url\" content=\"https:\/\/adria-klik.com\/proizvod\/limoncello-05-l-vislander-vislanderlimoncello-05-l-vislander\/\" \/>\n<meta property=\"og:site_name\" content=\"Adria-Klik.com\" \/>\n<meta property=\"article:publisher\" content=\"https:\/\/www.facebook.com\/profile.php?id=100064209425136\" \/>\n<meta property=\"article:modified_time\" content=\"2022-05-17T23:51:36+00:00\" \/>\n<meta property=\"og:image\" content=\"https:\/\/adria-klik.com\/wp-content\/uploads\/2022\/05\/Vislander-Limoncello-Vis-high-quality-Spirit-Adria-Klik-Fast-Delivery-Brza-dostava-Zagreb-webshop-premium-EU-DPD-Glovo-Wolt-Bolt-brza-dostava-rakije-za-zivot-dostava.jpg\" \/>\n\t<meta property=\"og:image:width\" content=\"1500\" \/>\n\t<meta property=\"og:image:height\" content=\"1500\" \/>\n\t<meta property=\"og:image:type\" content=\"image\/jpeg\" \/>\n<meta name=\"twitter:card\" content=\"summary_large_image\" \/>\n<meta name=\"twitter:title\" content=\"Modern webshop where you can simply order your groceries, wine and gourmet. Limoncello 0,5l 0,5l Vislander grappa premium Vis order now\" \/>\n<meta name=\"twitter:description\" content=\"Modern webshop where you can simply order your groceries, wine and gourmet. Limoncello 0,5l 0,5l Vislander grappa premium Vis order now\" \/>\n<meta name=\"twitter:image\" content=\"https:\/\/adria-klik.com\/wp-content\/uploads\/2022\/05\/Vislander-Limoncello-Vis-high-quality-Spirit-Adria-Klik-Fast-Delivery-Brza-dostava-Zagreb-webshop-premium-EU-DPD-Glovo-Wolt-Bolt-brza-dostava-rakije-za-zivot-dostava.jpg\" \/>\n<meta name=\"twitter:label1\" content=\"Est. reading time\" \/>\n\t<meta name=\"twitter:data1\" content=\"1 minute\" \/>\n<script type=\"application\/ld+json\" class=\"yoast-schema-graph\">{\"@context\":\"https:\/\/schema.org\",\"@graph\":[{\"@type\":\"WebPage\",\"@id\":\"https:\/\/adria-klik.com\/proizvod\/limoncello-05-l-vislander-vislanderlimoncello-05-l-vislander\/\",\"url\":\"https:\/\/adria-klik.com\/proizvod\/limoncello-05-l-vislander-vislanderlimoncello-05-l-vislander\/\",\"name\":\"Limoncello 0,5l Vislander - Adria-Klik.com\",\"isPartOf\":{\"@id\":\"https:\/\/adria-klik.com\/#website\"},\"primaryImageOfPage\":{\"@id\":\"https:\/\/adria-klik.com\/proizvod\/limoncello-05-l-vislander-vislanderlimoncello-05-l-vislander\/#primaryimage\"},\"image\":{\"@id\":\"https:\/\/adria-klik.com\/proizvod\/limoncello-05-l-vislander-vislanderlimoncello-05-l-vislander\/#primaryimage\"},\"thumbnailUrl\":\"https:\/\/adria-klik.com\/wp-content\/uploads\/2022\/05\/Vislander-Limoncello-Vis-high-quality-Spirit-Adria-Klik-Fast-Delivery-Brza-dostava-Zagreb-webshop-premium-EU-DPD-Glovo-Wolt-Bolt-brza-dostava-rakije-za-zivot-dostava.jpg\",\"datePublished\":\"2022-05-17T23:41:29+00:00\",\"dateModified\":\"2022-05-17T23:51:36+00:00\",\"description\":\"Modern webshop where you can simply order your groceries, wine and gourmet. Limoncello 0,5l 0,5l Vislander grappa premium Vis order now\",\"breadcrumb\":{\"@id\":\"https:\/\/adria-klik.com\/proizvod\/limoncello-05-l-vislander-vislanderlimoncello-05-l-vislander\/#breadcrumb\"},\"inLanguage\":\"en-US\",\"potentialAction\":[{\"@type\":\"ReadAction\",\"target\":[\"https:\/\/adria-klik.com\/proizvod\/limoncello-05-l-vislander-vislanderlimoncello-05-l-vislander\/\"]}]},{\"@type\":\"ImageObject\",\"inLanguage\":\"en-US\",\"@id\":\"https:\/\/adria-klik.com\/proizvod\/limoncello-05-l-vislander-vislanderlimoncello-05-l-vislander\/#primaryimage\",\"url\":\"https:\/\/adria-klik.com\/wp-content\/uploads\/2022\/05\/Vislander-Limoncello-Vis-high-quality-Spirit-Adria-Klik-Fast-Delivery-Brza-dostava-Zagreb-webshop-premium-EU-DPD-Glovo-Wolt-Bolt-brza-dostava-rakije-za-zivot-dostava.jpg\",\"contentUrl\":\"https:\/\/adria-klik.com\/wp-content\/uploads\/2022\/05\/Vislander-Limoncello-Vis-high-quality-Spirit-Adria-Klik-Fast-Delivery-Brza-dostava-Zagreb-webshop-premium-EU-DPD-Glovo-Wolt-Bolt-brza-dostava-rakije-za-zivot-dostava.jpg\",\"width\":1500,\"height\":1500,\"caption\":\"Limoncello 0,5 l Vislander Adria Klik Najbr\u017ea dostava naru\u010di odmah Vislander vina i rakije za \u017eivot direkt dostava\"},{\"@type\":\"BreadcrumbList\",\"@id\":\"https:\/\/adria-klik.com\/proizvod\/limoncello-05-l-vislander-vislanderlimoncello-05-l-vislander\/#breadcrumb\",\"itemListElement\":[{\"@type\":\"ListItem\",\"position\":1,\"name\":\"Po\u010detna stranica\",\"item\":\"https:\/\/adria-klik.com\/en\/\"},{\"@type\":\"ListItem\",\"position\":2,\"name\":\"Shop\",\"item\":\"https:\/\/adria-klik.com\/shop\/\"},{\"@type\":\"ListItem\",\"position\":3,\"name\":\"Limoncello 0,5l Vislander\"}]},{\"@type\":\"WebSite\",\"@id\":\"https:\/\/adria-klik.com\/#website\",\"url\":\"https:\/\/adria-klik.com\/\",\"name\":\"Adria-Klik.com\",\"description\":\"Unikatni poklon paketi, Vina, Craft pivo &amp; Delicije - webshop\",\"publisher\":{\"@id\":\"https:\/\/adria-klik.com\/#organization\"},\"potentialAction\":[{\"@type\":\"SearchAction\",\"target\":{\"@type\":\"EntryPoint\",\"urlTemplate\":\"https:\/\/adria-klik.com\/?s={search_term_string}\"},\"query-input\":{\"@type\":\"PropertyValueSpecification\",\"valueRequired\":true,\"valueName\":\"search_term_string\"}}],\"inLanguage\":\"en-US\"},{\"@type\":\"Organization\",\"@id\":\"https:\/\/adria-klik.com\/#organization\",\"name\":\"Adria-Klik.com\",\"alternateName\":\"AK\",\"url\":\"https:\/\/adria-klik.com\/\",\"logo\":{\"@type\":\"ImageObject\",\"inLanguage\":\"en-US\",\"@id\":\"https:\/\/adria-klik.com\/#\/schema\/logo\/image\/\",\"url\":\"https:\/\/adria-klik.com\/wp-content\/uploads\/2025\/12\/Adria-Klik_com-logo-namirnice-vina-craft-pivo-delikatese-delicije-artisan-cokolada.jpg\",\"contentUrl\":\"https:\/\/adria-klik.com\/wp-content\/uploads\/2025\/12\/Adria-Klik_com-logo-namirnice-vina-craft-pivo-delikatese-delicije-artisan-cokolada.jpg\",\"width\":500,\"height\":500,\"caption\":\"Adria-Klik.com\"},\"image\":{\"@id\":\"https:\/\/adria-klik.com\/#\/schema\/logo\/image\/\"},\"sameAs\":[\"https:\/\/www.facebook.com\/profile.php?id=100064209425136\",\"https:\/\/www.instagram.com\/adriaklik\/\",\"https:\/\/www.youtube.com\/user\/PlavacmaliZagreb\"]}]}<\/script>\n<!-- \/ Yoast SEO plugin. -->","yoast_head_json":{"title":"Limoncello 0,5l Vislander - Adria-Klik.com","description":"Modern webshop where you can simply order your groceries, wine and gourmet. Limoncello 0,5l 0,5l Vislander grappa premium Vis order now","robots":{"index":"index","follow":"follow","max-snippet":"max-snippet:-1","max-image-preview":"max-image-preview:large","max-video-preview":"max-video-preview:-1"},"canonical":"https:\/\/adria-klik.com\/proizvod\/limoncello-05-l-vislander-vislanderlimoncello-05-l-vislander\/","og_locale":"en_US","og_type":"article","og_title":"Modern webshop where you can simply order your groceries, wine and gourmet. Limoncello 0,5l 0,5l Vislander grappa premium Vis order now","og_description":"Modern webshop where you can simply order your groceries, wine and gourmet. Limoncello 0,5l 0,5l Vislander grappa premium Vis order now","og_url":"https:\/\/adria-klik.com\/proizvod\/limoncello-05-l-vislander-vislanderlimoncello-05-l-vislander\/","og_site_name":"Adria-Klik.com","article_publisher":"https:\/\/www.facebook.com\/profile.php?id=100064209425136","article_modified_time":"2022-05-17T23:51:36+00:00","og_image":[{"width":1500,"height":1500,"url":"https:\/\/adria-klik.com\/wp-content\/uploads\/2022\/05\/Vislander-Limoncello-Vis-high-quality-Spirit-Adria-Klik-Fast-Delivery-Brza-dostava-Zagreb-webshop-premium-EU-DPD-Glovo-Wolt-Bolt-brza-dostava-rakije-za-zivot-dostava.jpg","type":"image\/jpeg"}],"twitter_card":"summary_large_image","twitter_title":"Modern webshop where you can simply order your groceries, wine and gourmet. Limoncello 0,5l 0,5l Vislander grappa premium Vis order now","twitter_description":"Modern webshop where you can simply order your groceries, wine and gourmet. Limoncello 0,5l 0,5l Vislander grappa premium Vis order now","twitter_image":"https:\/\/adria-klik.com\/wp-content\/uploads\/2022\/05\/Vislander-Limoncello-Vis-high-quality-Spirit-Adria-Klik-Fast-Delivery-Brza-dostava-Zagreb-webshop-premium-EU-DPD-Glovo-Wolt-Bolt-brza-dostava-rakije-za-zivot-dostava.jpg","twitter_misc":{"Est. reading time":"1 minute"},"schema":{"@context":"https:\/\/schema.org","@graph":[{"@type":"WebPage","@id":"https:\/\/adria-klik.com\/proizvod\/limoncello-05-l-vislander-vislanderlimoncello-05-l-vislander\/","url":"https:\/\/adria-klik.com\/proizvod\/limoncello-05-l-vislander-vislanderlimoncello-05-l-vislander\/","name":"Limoncello 0,5l Vislander - Adria-Klik.com","isPartOf":{"@id":"https:\/\/adria-klik.com\/#website"},"primaryImageOfPage":{"@id":"https:\/\/adria-klik.com\/proizvod\/limoncello-05-l-vislander-vislanderlimoncello-05-l-vislander\/#primaryimage"},"image":{"@id":"https:\/\/adria-klik.com\/proizvod\/limoncello-05-l-vislander-vislanderlimoncello-05-l-vislander\/#primaryimage"},"thumbnailUrl":"https:\/\/adria-klik.com\/wp-content\/uploads\/2022\/05\/Vislander-Limoncello-Vis-high-quality-Spirit-Adria-Klik-Fast-Delivery-Brza-dostava-Zagreb-webshop-premium-EU-DPD-Glovo-Wolt-Bolt-brza-dostava-rakije-za-zivot-dostava.jpg","datePublished":"2022-05-17T23:41:29+00:00","dateModified":"2022-05-17T23:51:36+00:00","description":"Modern webshop where you can simply order your groceries, wine and gourmet. Limoncello 0,5l 0,5l Vislander grappa premium Vis order now","breadcrumb":{"@id":"https:\/\/adria-klik.com\/proizvod\/limoncello-05-l-vislander-vislanderlimoncello-05-l-vislander\/#breadcrumb"},"inLanguage":"en-US","potentialAction":[{"@type":"ReadAction","target":["https:\/\/adria-klik.com\/proizvod\/limoncello-05-l-vislander-vislanderlimoncello-05-l-vislander\/"]}]},{"@type":"ImageObject","inLanguage":"en-US","@id":"https:\/\/adria-klik.com\/proizvod\/limoncello-05-l-vislander-vislanderlimoncello-05-l-vislander\/#primaryimage","url":"https:\/\/adria-klik.com\/wp-content\/uploads\/2022\/05\/Vislander-Limoncello-Vis-high-quality-Spirit-Adria-Klik-Fast-Delivery-Brza-dostava-Zagreb-webshop-premium-EU-DPD-Glovo-Wolt-Bolt-brza-dostava-rakije-za-zivot-dostava.jpg","contentUrl":"https:\/\/adria-klik.com\/wp-content\/uploads\/2022\/05\/Vislander-Limoncello-Vis-high-quality-Spirit-Adria-Klik-Fast-Delivery-Brza-dostava-Zagreb-webshop-premium-EU-DPD-Glovo-Wolt-Bolt-brza-dostava-rakije-za-zivot-dostava.jpg","width":1500,"height":1500,"caption":"Limoncello 0,5 l Vislander Adria Klik Najbr\u017ea dostava naru\u010di odmah Vislander vina i rakije za \u017eivot direkt dostava"},{"@type":"BreadcrumbList","@id":"https:\/\/adria-klik.com\/proizvod\/limoncello-05-l-vislander-vislanderlimoncello-05-l-vislander\/#breadcrumb","itemListElement":[{"@type":"ListItem","position":1,"name":"Po\u010detna stranica","item":"https:\/\/adria-klik.com\/en\/"},{"@type":"ListItem","position":2,"name":"Shop","item":"https:\/\/adria-klik.com\/shop\/"},{"@type":"ListItem","position":3,"name":"Limoncello 0,5l Vislander"}]},{"@type":"WebSite","@id":"https:\/\/adria-klik.com\/#website","url":"https:\/\/adria-klik.com\/","name":"Adria-Klik.com","description":"Unikatni poklon paketi, Vina, Craft pivo &amp; Delicije - webshop","publisher":{"@id":"https:\/\/adria-klik.com\/#organization"},"potentialAction":[{"@type":"SearchAction","target":{"@type":"EntryPoint","urlTemplate":"https:\/\/adria-klik.com\/?s={search_term_string}"},"query-input":{"@type":"PropertyValueSpecification","valueRequired":true,"valueName":"search_term_string"}}],"inLanguage":"en-US"},{"@type":"Organization","@id":"https:\/\/adria-klik.com\/#organization","name":"Adria-Klik.com","alternateName":"AK","url":"https:\/\/adria-klik.com\/","logo":{"@type":"ImageObject","inLanguage":"en-US","@id":"https:\/\/adria-klik.com\/#\/schema\/logo\/image\/","url":"https:\/\/adria-klik.com\/wp-content\/uploads\/2025\/12\/Adria-Klik_com-logo-namirnice-vina-craft-pivo-delikatese-delicije-artisan-cokolada.jpg","contentUrl":"https:\/\/adria-klik.com\/wp-content\/uploads\/2025\/12\/Adria-Klik_com-logo-namirnice-vina-craft-pivo-delikatese-delicije-artisan-cokolada.jpg","width":500,"height":500,"caption":"Adria-Klik.com"},"image":{"@id":"https:\/\/adria-klik.com\/#\/schema\/logo\/image\/"},"sameAs":["https:\/\/www.facebook.com\/profile.php?id=100064209425136","https:\/\/www.instagram.com\/adriaklik\/","https:\/\/www.youtube.com\/user\/PlavacmaliZagreb"]}]}},"jetpack_sharing_enabled":true,"jetpack-related-posts":[],"_links":{"self":[{"href":"https:\/\/adria-klik.com\/en\/wp-json\/wp\/v2\/product\/16225","targetHints":{"allow":["GET"]}}],"collection":[{"href":"https:\/\/adria-klik.com\/en\/wp-json\/wp\/v2\/product"}],"about":[{"href":"https:\/\/adria-klik.com\/en\/wp-json\/wp\/v2\/types\/product"}],"replies":[{"embeddable":true,"href":"https:\/\/adria-klik.com\/en\/wp-json\/wp\/v2\/comments?post=16225"}],"wp:featuredmedia":[{"embeddable":true,"href":"https:\/\/adria-klik.com\/en\/wp-json\/wp\/v2\/media\/16227"}],"wp:attachment":[{"href":"https:\/\/adria-klik.com\/en\/wp-json\/wp\/v2\/media?parent=16225"}],"wp:term":[{"taxonomy":"product_brand","embeddable":true,"href":"https:\/\/adria-klik.com\/en\/wp-json\/wp\/v2\/product_brand?post=16225"},{"taxonomy":"product_cat","embeddable":true,"href":"https:\/\/adria-klik.com\/en\/wp-json\/wp\/v2\/product_cat?post=16225"},{"taxonomy":"product_tag","embeddable":true,"href":"https:\/\/adria-klik.com\/en\/wp-json\/wp\/v2\/product_tag?post=16225"},{"taxonomy":"berocket_brand","embeddable":true,"href":"https:\/\/adria-klik.com\/en\/wp-json\/wp\/v2\/berocket_brand?post=16225"}],"curies":[{"name":"wp","href":"https:\/\/api.w.org\/{rel}","templated":true}]}}