{"id":16276,"date":"2022-12-22T01:27:46","date_gmt":"2022-12-22T00:27:46","guid":{"rendered":"https:\/\/adria.riot.hr\/?post_type=product&#038;p=16276"},"modified":"2022-12-22T01:35:49","modified_gmt":"2022-12-22T00:35:49","slug":"three-kings-dingac-paski-cheese-2storije","status":"publish","type":"product","link":"https:\/\/adria-klik.com\/en\/proizvod\/three-kings-dingac-paski-cheese-2storije\/","title":{"rendered":"Three Kings &#8211; Dingac &#8211; Paski cheese &#038; 2Storije"},"content":{"rendered":"<p id=\"tw-target-text\" class=\"tw-data-text tw-text-large tw-ta\" dir=\"ltr\" data-placeholder=\"Prijevod\"><span class=\"Y2IQFc\" lang=\"en\">Top Unique Premium Indigenous gift box package of the Three Kings! #buyCroatia<\/span><\/p>\n<ul>\n<li class=\"tw-data-text tw-text-large tw-ta\" dir=\"ltr\" data-placeholder=\"Prijevod\"><span class=\"Y2IQFc\" lang=\"en\">Overall Gold winner Champion Sabatina 2022 &#8211; Dinga\u010d Palihni\u0107 0.75l<\/span><\/li>\n<li class=\"tw-data-text tw-text-large tw-ta\" dir=\"ltr\" data-placeholder=\"Prijevod\"><span class=\"Y2IQFc\" lang=\"en\">A superb wine that owes its rich taste to the steep, geographically protected slopes of sunny Dinga\u010d.<\/span><\/li>\n<li class=\"tw-data-text tw-text-large tw-ta\" dir=\"ltr\" data-placeholder=\"Prijevod\"><span class=\"Y2IQFc\" lang=\"en\">Pa\u0161ka sheep&#8217;s cheese 200 g. Pa\u0161ka sirana is the most valued Croatian cheese of geographical origin produced from the milk of the Pa\u0161ka sheep<\/span><\/li>\n<li class=\"tw-data-text tw-text-large tw-ta\" dir=\"ltr\" data-placeholder=\"Prijevod\"><span class=\"Y2IQFc\" lang=\"en\">\u00a0Oldest Cheese Factory in Croatia Pag.<\/span><\/li>\n<li class=\"tw-data-text tw-text-large tw-ta\" dir=\"ltr\" data-placeholder=\"Prijevod\"><span class=\"Y2IQFc\" lang=\"en\">Organic\u00a0 Olive Oil 2 Stories Gold Medal NEY YORK IOCC 2021 and Gold Medal NEY YORK IOCC 2022<\/span><\/li>\n<li class=\"tw-data-text tw-text-large tw-ta\" dir=\"ltr\" data-placeholder=\"Prijevod\"><span class=\"Y2IQFc\" lang=\"en\">Gold Medal\u00a0 2022 JAPAN International Extra Virgin Olive Oil Competition! Black Matt box with window and decoration<strong>.<\/strong><\/span><\/li>\n<\/ul>\n","protected":false},"excerpt":{"rendered":"<p id=\"tw-target-text\" class=\"tw-data-text tw-text-large tw-ta\" dir=\"ltr\" data-placeholder=\"Prijevod\"><span class=\"Y2IQFc\" lang=\"en\">Top Unique Premium Indigenous gift box package of the Three Kings! #buyCroatia<\/span><\/p>\n<ul>\n<li class=\"tw-data-text tw-text-large tw-ta\" dir=\"ltr\" data-placeholder=\"Prijevod\"><span class=\"Y2IQFc\" lang=\"en\">Overall Gold winner Champion Sabatina 2022 &#8211; Dinga\u010d Palihni\u0107 0.75l<\/span><\/li>\n<li class=\"tw-data-text tw-text-large tw-ta\" dir=\"ltr\" data-placeholder=\"Prijevod\"><span class=\"Y2IQFc\" lang=\"en\">A superb wine that owes its rich taste to the steep, geographically protected slopes of sunny Dinga\u010d.<\/span><\/li>\n<li class=\"tw-data-text tw-text-large tw-ta\" dir=\"ltr\" data-placeholder=\"Prijevod\"><span class=\"Y2IQFc\" lang=\"en\">Pa\u0161ka sheep&#8217;s cheese 200 g. Pa\u0161ka sirana is the most valued Croatian cheese of geographical origin produced from the milk of the Pa\u0161ka sheep<\/span><\/li>\n<li class=\"tw-data-text tw-text-large tw-ta\" dir=\"ltr\" data-placeholder=\"Prijevod\"><span class=\"Y2IQFc\" lang=\"en\">\u00a0Oldest Cheese Factory in Croatia Pag.<\/span><\/li>\n<li class=\"tw-data-text tw-text-large tw-ta\" dir=\"ltr\" data-placeholder=\"Prijevod\"><span class=\"Y2IQFc\" lang=\"en\">Organic\u00a0 Olive Oil 2 Stories Gold Medal NEY YORK IOCC 2021 and Gold Medal NEY YORK IOCC 2022<\/span><\/li>\n<li class=\"tw-data-text tw-text-large tw-ta\" dir=\"ltr\" data-placeholder=\"Prijevod\"><span class=\"Y2IQFc\" lang=\"en\">Gold Medal\u00a0 2022 JAPAN International Extra Virgin Olive Oil Competition! Black Matt box with window and decoration<strong>.<\/strong><\/span><\/li>\n<\/ul>\n","protected":false},"featured_media":16273,"comment_status":"open","ping_status":"closed","template":"","meta":{"_acf_changed":false},"product_brand":[],"product_cat":[386,1381,1382,986,1380,1379,1160,1378],"product_tag":[1678,1955],"berocket_brand":[1485,1975],"class_list":{"0":"post-16276","1":"product","2":"type-product","3":"status-publish","4":"has-post-thumbnail","6":"product_cat-adria-package","7":"product_cat-dostava-en","8":"product_cat-europa-en","9":"product_cat-gift-baskets","10":"product_cat-hrvatska-en","11":"product_cat-okusi-adriu","12":"product_cat-our-recommendation","13":"product_cat-zagreb-en","14":"product_tag-paska-sirana","15":"product_tag-paska-sirana-en","16":"berocket_brand-palihnic","17":"berocket_brand-palihnic-en","19":"first","20":"outofstock","21":"sale","22":"featured","23":"shipping-taxable","24":"purchasable","25":"product-type-simple"},"acf":[],"yoast_head":"<!-- This site is optimized with the Yoast SEO plugin v26.9 - https:\/\/yoast.com\/product\/yoast-seo-wordpress\/ -->\n<title>Three Kings - Dingac - Paski cheese &amp; 2Storije - Adria-Klik.com<\/title>\n<meta name=\"description\" content=\"Three Kings - Dingac - Paski cheese &amp; 2Storije Top Unique Premium Indigenous gift box package of the Three Kings! #buyCroatia oredr delivery\" \/>\n<meta name=\"robots\" content=\"index, follow, max-snippet:-1, max-image-preview:large, max-video-preview:-1\" \/>\n<link rel=\"canonical\" href=\"https:\/\/adria-klik.com\/proizvod\/tri-kralja-dingac-paski-sir-i-2storije\/\" \/>\n<meta property=\"og:locale\" content=\"en_US\" \/>\n<meta property=\"og:type\" content=\"article\" \/>\n<meta property=\"og:title\" content=\"Three Kings - Dingac - Paski cheese &amp; 2Storije - Adria-Klik.com\" \/>\n<meta property=\"og:description\" content=\"Three Kings - Dingac - Paski cheese &amp; 2Storije Top Unique Premium Indigenous gift box package of the Three Kings! #buyCroatia oredr delivery\" \/>\n<meta property=\"og:url\" content=\"https:\/\/adria-klik.com\/proizvod\/tri-kralja-dingac-paski-sir-i-2storije\/\" \/>\n<meta property=\"og:site_name\" content=\"Adria-Klik.com\" \/>\n<meta property=\"article:publisher\" content=\"https:\/\/www.facebook.com\/profile.php?id=100064209425136\" \/>\n<meta property=\"article:modified_time\" content=\"2022-12-22T00:35:49+00:00\" \/>\n<meta property=\"og:image\" content=\"https:\/\/adria-klik.com\/wp-content\/uploads\/2022\/12\/3-Kralja-2storije-Dingac-Paski-Sir-Ovcji-Poklon-Premkum-Paket-autohtoni-Hrvatski-Adria-Klik-Croatia-gift-Box-Taste-of-Premium-Fast-delivery-dostava-Zagreb-Hrvatska-EU-Fast-delivery.jpg\" \/>\n\t<meta property=\"og:image:width\" content=\"1500\" \/>\n\t<meta property=\"og:image:height\" content=\"1500\" \/>\n\t<meta property=\"og:image:type\" content=\"image\/jpeg\" \/>\n<meta name=\"twitter:card\" content=\"summary_large_image\" \/>\n<meta name=\"twitter:label1\" content=\"Est. reading time\" \/>\n\t<meta name=\"twitter:data1\" content=\"1 minute\" \/>\n<script type=\"application\/ld+json\" class=\"yoast-schema-graph\">{\"@context\":\"https:\/\/schema.org\",\"@graph\":[{\"@type\":\"WebPage\",\"@id\":\"https:\/\/adria-klik.com\/proizvod\/tri-kralja-dingac-paski-sir-i-2storije\/\",\"url\":\"https:\/\/adria-klik.com\/proizvod\/tri-kralja-dingac-paski-sir-i-2storije\/\",\"name\":\"Three Kings - Dingac - Paski cheese & 2Storije - Adria-Klik.com\",\"isPartOf\":{\"@id\":\"https:\/\/adria-klik.com\/#website\"},\"primaryImageOfPage\":{\"@id\":\"https:\/\/adria-klik.com\/proizvod\/tri-kralja-dingac-paski-sir-i-2storije\/#primaryimage\"},\"image\":{\"@id\":\"https:\/\/adria-klik.com\/proizvod\/tri-kralja-dingac-paski-sir-i-2storije\/#primaryimage\"},\"thumbnailUrl\":\"https:\/\/adria-klik.com\/wp-content\/uploads\/2022\/12\/3-Kralja-2storije-Dingac-Paski-Sir-Ovcji-Poklon-Premkum-Paket-autohtoni-Hrvatski-Adria-Klik-Croatia-gift-Box-Taste-of-Premium-Fast-delivery-dostava-Zagreb-Hrvatska-EU-Fast-delivery.jpg\",\"datePublished\":\"2022-12-22T00:27:46+00:00\",\"dateModified\":\"2022-12-22T00:35:49+00:00\",\"description\":\"Three Kings - Dingac - Paski cheese & 2Storije Top Unique Premium Indigenous gift box package of the Three Kings! #buyCroatia oredr delivery\",\"breadcrumb\":{\"@id\":\"https:\/\/adria-klik.com\/proizvod\/tri-kralja-dingac-paski-sir-i-2storije\/#breadcrumb\"},\"inLanguage\":\"en-US\",\"potentialAction\":[{\"@type\":\"ReadAction\",\"target\":[\"https:\/\/adria-klik.com\/proizvod\/tri-kralja-dingac-paski-sir-i-2storije\/\"]}]},{\"@type\":\"ImageObject\",\"inLanguage\":\"en-US\",\"@id\":\"https:\/\/adria-klik.com\/proizvod\/tri-kralja-dingac-paski-sir-i-2storije\/#primaryimage\",\"url\":\"https:\/\/adria-klik.com\/wp-content\/uploads\/2022\/12\/3-Kralja-2storije-Dingac-Paski-Sir-Ovcji-Poklon-Premkum-Paket-autohtoni-Hrvatski-Adria-Klik-Croatia-gift-Box-Taste-of-Premium-Fast-delivery-dostava-Zagreb-Hrvatska-EU-Fast-delivery.jpg\",\"contentUrl\":\"https:\/\/adria-klik.com\/wp-content\/uploads\/2022\/12\/3-Kralja-2storije-Dingac-Paski-Sir-Ovcji-Poklon-Premkum-Paket-autohtoni-Hrvatski-Adria-Klik-Croatia-gift-Box-Taste-of-Premium-Fast-delivery-dostava-Zagreb-Hrvatska-EU-Fast-delivery.jpg\",\"width\":1500,\"height\":1500,\"caption\":\"Dinga\u010d Pa\u0161ki Sir Craft pivo paket Schweppes Ginger Berry taste 0,2l 200ml Cabernet vino \u0110akovo O\u017eujsko svijetlo pivo superbrza dostava HEINEKEN 4PACK Labud proizvodi #kupujmohrvatsko | Adria-Klik Supply superparket superbrza dostava namirnica, vina i delicija doma\u0107ih proizvoda\"},{\"@type\":\"BreadcrumbList\",\"@id\":\"https:\/\/adria-klik.com\/proizvod\/tri-kralja-dingac-paski-sir-i-2storije\/#breadcrumb\",\"itemListElement\":[{\"@type\":\"ListItem\",\"position\":1,\"name\":\"Po\u010detna stranica\",\"item\":\"https:\/\/adria-klik.com\/en\/\"},{\"@type\":\"ListItem\",\"position\":2,\"name\":\"Shop\",\"item\":\"https:\/\/adria-klik.com\/shop\/\"},{\"@type\":\"ListItem\",\"position\":3,\"name\":\"Three Kings &#8211; Dingac &#8211; Paski cheese &#038; 2Storije\"}]},{\"@type\":\"WebSite\",\"@id\":\"https:\/\/adria-klik.com\/#website\",\"url\":\"https:\/\/adria-klik.com\/\",\"name\":\"Adria-Klik.com\",\"description\":\"Unikatni poklon paketi, Vina, Craft pivo &amp; Delicije - webshop\",\"publisher\":{\"@id\":\"https:\/\/adria-klik.com\/#organization\"},\"potentialAction\":[{\"@type\":\"SearchAction\",\"target\":{\"@type\":\"EntryPoint\",\"urlTemplate\":\"https:\/\/adria-klik.com\/?s={search_term_string}\"},\"query-input\":{\"@type\":\"PropertyValueSpecification\",\"valueRequired\":true,\"valueName\":\"search_term_string\"}}],\"inLanguage\":\"en-US\"},{\"@type\":\"Organization\",\"@id\":\"https:\/\/adria-klik.com\/#organization\",\"name\":\"Adria-Klik.com\",\"alternateName\":\"AK\",\"url\":\"https:\/\/adria-klik.com\/\",\"logo\":{\"@type\":\"ImageObject\",\"inLanguage\":\"en-US\",\"@id\":\"https:\/\/adria-klik.com\/#\/schema\/logo\/image\/\",\"url\":\"https:\/\/adria-klik.com\/wp-content\/uploads\/2025\/12\/Adria-Klik_com-logo-namirnice-vina-craft-pivo-delikatese-delicije-artisan-cokolada.jpg\",\"contentUrl\":\"https:\/\/adria-klik.com\/wp-content\/uploads\/2025\/12\/Adria-Klik_com-logo-namirnice-vina-craft-pivo-delikatese-delicije-artisan-cokolada.jpg\",\"width\":500,\"height\":500,\"caption\":\"Adria-Klik.com\"},\"image\":{\"@id\":\"https:\/\/adria-klik.com\/#\/schema\/logo\/image\/\"},\"sameAs\":[\"https:\/\/www.facebook.com\/profile.php?id=100064209425136\",\"https:\/\/www.instagram.com\/adriaklik\/\",\"https:\/\/www.youtube.com\/user\/PlavacmaliZagreb\"]}]}<\/script>\n<!-- \/ Yoast SEO plugin. -->","yoast_head_json":{"title":"Three Kings - Dingac - Paski cheese & 2Storije - Adria-Klik.com","description":"Three Kings - Dingac - Paski cheese & 2Storije Top Unique Premium Indigenous gift box package of the Three Kings! #buyCroatia oredr delivery","robots":{"index":"index","follow":"follow","max-snippet":"max-snippet:-1","max-image-preview":"max-image-preview:large","max-video-preview":"max-video-preview:-1"},"canonical":"https:\/\/adria-klik.com\/proizvod\/tri-kralja-dingac-paski-sir-i-2storije\/","og_locale":"en_US","og_type":"article","og_title":"Three Kings - Dingac - Paski cheese & 2Storije - Adria-Klik.com","og_description":"Three Kings - Dingac - Paski cheese & 2Storije Top Unique Premium Indigenous gift box package of the Three Kings! #buyCroatia oredr delivery","og_url":"https:\/\/adria-klik.com\/proizvod\/tri-kralja-dingac-paski-sir-i-2storije\/","og_site_name":"Adria-Klik.com","article_publisher":"https:\/\/www.facebook.com\/profile.php?id=100064209425136","article_modified_time":"2022-12-22T00:35:49+00:00","og_image":[{"width":1500,"height":1500,"url":"https:\/\/adria-klik.com\/wp-content\/uploads\/2022\/12\/3-Kralja-2storije-Dingac-Paski-Sir-Ovcji-Poklon-Premkum-Paket-autohtoni-Hrvatski-Adria-Klik-Croatia-gift-Box-Taste-of-Premium-Fast-delivery-dostava-Zagreb-Hrvatska-EU-Fast-delivery.jpg","type":"image\/jpeg"}],"twitter_card":"summary_large_image","twitter_misc":{"Est. reading time":"1 minute"},"schema":{"@context":"https:\/\/schema.org","@graph":[{"@type":"WebPage","@id":"https:\/\/adria-klik.com\/proizvod\/tri-kralja-dingac-paski-sir-i-2storije\/","url":"https:\/\/adria-klik.com\/proizvod\/tri-kralja-dingac-paski-sir-i-2storije\/","name":"Three Kings - Dingac - Paski cheese & 2Storije - Adria-Klik.com","isPartOf":{"@id":"https:\/\/adria-klik.com\/#website"},"primaryImageOfPage":{"@id":"https:\/\/adria-klik.com\/proizvod\/tri-kralja-dingac-paski-sir-i-2storije\/#primaryimage"},"image":{"@id":"https:\/\/adria-klik.com\/proizvod\/tri-kralja-dingac-paski-sir-i-2storije\/#primaryimage"},"thumbnailUrl":"https:\/\/adria-klik.com\/wp-content\/uploads\/2022\/12\/3-Kralja-2storije-Dingac-Paski-Sir-Ovcji-Poklon-Premkum-Paket-autohtoni-Hrvatski-Adria-Klik-Croatia-gift-Box-Taste-of-Premium-Fast-delivery-dostava-Zagreb-Hrvatska-EU-Fast-delivery.jpg","datePublished":"2022-12-22T00:27:46+00:00","dateModified":"2022-12-22T00:35:49+00:00","description":"Three Kings - Dingac - Paski cheese & 2Storije Top Unique Premium Indigenous gift box package of the Three Kings! #buyCroatia oredr delivery","breadcrumb":{"@id":"https:\/\/adria-klik.com\/proizvod\/tri-kralja-dingac-paski-sir-i-2storije\/#breadcrumb"},"inLanguage":"en-US","potentialAction":[{"@type":"ReadAction","target":["https:\/\/adria-klik.com\/proizvod\/tri-kralja-dingac-paski-sir-i-2storije\/"]}]},{"@type":"ImageObject","inLanguage":"en-US","@id":"https:\/\/adria-klik.com\/proizvod\/tri-kralja-dingac-paski-sir-i-2storije\/#primaryimage","url":"https:\/\/adria-klik.com\/wp-content\/uploads\/2022\/12\/3-Kralja-2storije-Dingac-Paski-Sir-Ovcji-Poklon-Premkum-Paket-autohtoni-Hrvatski-Adria-Klik-Croatia-gift-Box-Taste-of-Premium-Fast-delivery-dostava-Zagreb-Hrvatska-EU-Fast-delivery.jpg","contentUrl":"https:\/\/adria-klik.com\/wp-content\/uploads\/2022\/12\/3-Kralja-2storije-Dingac-Paski-Sir-Ovcji-Poklon-Premkum-Paket-autohtoni-Hrvatski-Adria-Klik-Croatia-gift-Box-Taste-of-Premium-Fast-delivery-dostava-Zagreb-Hrvatska-EU-Fast-delivery.jpg","width":1500,"height":1500,"caption":"Dinga\u010d Pa\u0161ki Sir Craft pivo paket Schweppes Ginger Berry taste 0,2l 200ml Cabernet vino \u0110akovo O\u017eujsko svijetlo pivo superbrza dostava HEINEKEN 4PACK Labud proizvodi #kupujmohrvatsko | Adria-Klik Supply superparket superbrza dostava namirnica, vina i delicija doma\u0107ih proizvoda"},{"@type":"BreadcrumbList","@id":"https:\/\/adria-klik.com\/proizvod\/tri-kralja-dingac-paski-sir-i-2storije\/#breadcrumb","itemListElement":[{"@type":"ListItem","position":1,"name":"Po\u010detna stranica","item":"https:\/\/adria-klik.com\/en\/"},{"@type":"ListItem","position":2,"name":"Shop","item":"https:\/\/adria-klik.com\/shop\/"},{"@type":"ListItem","position":3,"name":"Three Kings &#8211; Dingac &#8211; Paski cheese &#038; 2Storije"}]},{"@type":"WebSite","@id":"https:\/\/adria-klik.com\/#website","url":"https:\/\/adria-klik.com\/","name":"Adria-Klik.com","description":"Unikatni poklon paketi, Vina, Craft pivo &amp; Delicije - webshop","publisher":{"@id":"https:\/\/adria-klik.com\/#organization"},"potentialAction":[{"@type":"SearchAction","target":{"@type":"EntryPoint","urlTemplate":"https:\/\/adria-klik.com\/?s={search_term_string}"},"query-input":{"@type":"PropertyValueSpecification","valueRequired":true,"valueName":"search_term_string"}}],"inLanguage":"en-US"},{"@type":"Organization","@id":"https:\/\/adria-klik.com\/#organization","name":"Adria-Klik.com","alternateName":"AK","url":"https:\/\/adria-klik.com\/","logo":{"@type":"ImageObject","inLanguage":"en-US","@id":"https:\/\/adria-klik.com\/#\/schema\/logo\/image\/","url":"https:\/\/adria-klik.com\/wp-content\/uploads\/2025\/12\/Adria-Klik_com-logo-namirnice-vina-craft-pivo-delikatese-delicije-artisan-cokolada.jpg","contentUrl":"https:\/\/adria-klik.com\/wp-content\/uploads\/2025\/12\/Adria-Klik_com-logo-namirnice-vina-craft-pivo-delikatese-delicije-artisan-cokolada.jpg","width":500,"height":500,"caption":"Adria-Klik.com"},"image":{"@id":"https:\/\/adria-klik.com\/#\/schema\/logo\/image\/"},"sameAs":["https:\/\/www.facebook.com\/profile.php?id=100064209425136","https:\/\/www.instagram.com\/adriaklik\/","https:\/\/www.youtube.com\/user\/PlavacmaliZagreb"]}]}},"jetpack_sharing_enabled":true,"jetpack-related-posts":[],"_links":{"self":[{"href":"https:\/\/adria-klik.com\/en\/wp-json\/wp\/v2\/product\/16276","targetHints":{"allow":["GET"]}}],"collection":[{"href":"https:\/\/adria-klik.com\/en\/wp-json\/wp\/v2\/product"}],"about":[{"href":"https:\/\/adria-klik.com\/en\/wp-json\/wp\/v2\/types\/product"}],"replies":[{"embeddable":true,"href":"https:\/\/adria-klik.com\/en\/wp-json\/wp\/v2\/comments?post=16276"}],"wp:featuredmedia":[{"embeddable":true,"href":"https:\/\/adria-klik.com\/en\/wp-json\/wp\/v2\/media\/16273"}],"wp:attachment":[{"href":"https:\/\/adria-klik.com\/en\/wp-json\/wp\/v2\/media?parent=16276"}],"wp:term":[{"taxonomy":"product_brand","embeddable":true,"href":"https:\/\/adria-klik.com\/en\/wp-json\/wp\/v2\/product_brand?post=16276"},{"taxonomy":"product_cat","embeddable":true,"href":"https:\/\/adria-klik.com\/en\/wp-json\/wp\/v2\/product_cat?post=16276"},{"taxonomy":"product_tag","embeddable":true,"href":"https:\/\/adria-klik.com\/en\/wp-json\/wp\/v2\/product_tag?post=16276"},{"taxonomy":"berocket_brand","embeddable":true,"href":"https:\/\/adria-klik.com\/en\/wp-json\/wp\/v2\/berocket_brand?post=16276"}],"curies":[{"name":"wp","href":"https:\/\/api.w.org\/{rel}","templated":true}]}}