{"id":16700,"date":"2023-04-22T15:45:07","date_gmt":"2023-04-22T13:45:07","guid":{"rendered":"https:\/\/adria.riot.hr\/?post_type=product&#038;p=16700"},"modified":"2023-04-22T15:55:34","modified_gmt":"2023-04-22T13:55:34","slug":"magnum-rose-premium-kutjevo-bottle-15-l","status":"publish","type":"product","link":"https:\/\/adria-klik.com\/en\/proizvod\/magnum-rose-premium-kutjevo-bottle-15-l\/","title":{"rendered":"Magnum Rose Premium Kutjevo bottle 1,5 l"},"content":{"rendered":"<ul>\n<li>\n<div class=\"sc-kmtlux bkeIsJ\"><span class=\"sc-jIILKH jWsSLy\" dir=\"auto\" lang=\"hr\">1,5 l Magnum boca Rose Premium Kutjevo <span class=\"HwtZe\" lang=\"en\"><span class=\"jCAhz ChMk0b\"><span class=\"ryNqvb\">1.5 l <\/span><\/span><\/span><\/span><\/div>\n<\/li>\n<li>\n<div class=\"sc-kmtlux bkeIsJ\"><span class=\"sc-jIILKH jWsSLy\" dir=\"auto\" lang=\"hr\"><span class=\"HwtZe\" lang=\"en\"><span class=\"jCAhz ChMk0b\"><span class=\"ryNqvb\">Magnum bottle Rose Premium Kutjevo<\/span><\/span> <span class=\"jCAhz ChMk0b\"><span class=\"ryNqvb\">The best ros\u00e9 of the region of Slavonia and Danube!<\/span><\/span><\/span><\/span><\/div>\n<\/li>\n<li>\n<div class=\"sc-kmtlux bkeIsJ\"><span class=\"sc-jIILKH jWsSLy\" dir=\"auto\" lang=\"hr\"><span class=\"HwtZe\" lang=\"en\"> <span class=\"jCAhz ChMk0b\"><span class=\"ryNqvb\">Premium blend of the world-famous Zweigelt and Pinot noir varieties<\/span><\/span><\/span><\/span><\/div>\n<\/li>\n<li>\n<div class=\"sc-kmtlux bkeIsJ\"><span class=\"sc-jIILKH jWsSLy\" dir=\"auto\" lang=\"hr\"><span class=\"HwtZe\" lang=\"en\"> <span class=\"jCAhz ChMk0b\"><span class=\"ryNqvb\">Rose is a wine with a bright and lively reddish color<\/span><\/span><\/span><\/span><\/div>\n<\/li>\n<li>\n<div class=\"sc-kmtlux bkeIsJ\"><span class=\"sc-jIILKH jWsSLy\" dir=\"auto\" lang=\"hr\"><span class=\"HwtZe\" lang=\"en\"><span class=\"jCAhz ChMk0b\"><span class=\"ryNqvb\">It has a luxurious and rich body, and freshly harmonized aromas of the delicate fruity taste of raspberry and strawberry<\/span><\/span><\/span><\/span><\/div>\n<\/li>\n<li>\n<div class=\"sc-kmtlux bkeIsJ\"><span class=\"sc-jIILKH jWsSLy\" dir=\"auto\" lang=\"hr\"><span class=\"HwtZe\" lang=\"en\"><span class=\"jCAhz ChMk0b\"><span class=\"ryNqvb\">Its taste is characterized by exceptional drinkability and mild acidity<\/span><\/span><\/span><\/span><\/div>\n<\/li>\n<li>\n<div class=\"sc-kmtlux bkeIsJ\"><span class=\"sc-jIILKH jWsSLy\" dir=\"auto\" lang=\"hr\"><span class=\"HwtZe\" lang=\"en\"><span class=\"jCAhz ChMk0b\"><span class=\"ryNqvb\">It can be drunk on its own or as an aperitif, but goes well with lighter dishes such as pasta, risotto with shellfish, white fish or salmon<\/span><\/span><\/span><\/span><\/div>\n<\/li>\n<\/ul>\n","protected":false},"excerpt":{"rendered":"<ul>\n<li>\n<div class=\"sc-kmtlux bkeIsJ\"><span class=\"sc-jIILKH jWsSLy\" dir=\"auto\" lang=\"hr\">1,5 l Magnum boca Rose Premium Kutjevo <span class=\"HwtZe\" lang=\"en\"><span class=\"jCAhz ChMk0b\"><span class=\"ryNqvb\">1.5 l <\/span><\/span><\/span><\/span><\/div>\n<\/li>\n<li>\n<div class=\"sc-kmtlux bkeIsJ\"><span class=\"sc-jIILKH jWsSLy\" dir=\"auto\" lang=\"hr\"><span class=\"HwtZe\" lang=\"en\"><span class=\"jCAhz ChMk0b\"><span class=\"ryNqvb\">Magnum bottle Rose Premium Kutjevo<\/span><\/span> <span class=\"jCAhz ChMk0b\"><span class=\"ryNqvb\">The best ros\u00e9 of the region of Slavonia and Danube!<\/span><\/span><\/span><\/span><\/div>\n<\/li>\n<li>\n<div class=\"sc-kmtlux bkeIsJ\"><span class=\"sc-jIILKH jWsSLy\" dir=\"auto\" lang=\"hr\"><span class=\"HwtZe\" lang=\"en\"> <span class=\"jCAhz ChMk0b\"><span class=\"ryNqvb\">Premium blend of the world-famous Zweigelt and Pinot noir varieties<\/span><\/span><\/span><\/span><\/div>\n<\/li>\n<li>\n<div class=\"sc-kmtlux bkeIsJ\"><span class=\"sc-jIILKH jWsSLy\" dir=\"auto\" lang=\"hr\"><span class=\"HwtZe\" lang=\"en\"> <span class=\"jCAhz ChMk0b\"><span class=\"ryNqvb\">Rose is a wine with a bright and lively reddish color<\/span><\/span><\/span><\/span><\/div>\n<\/li>\n<li>\n<div class=\"sc-kmtlux bkeIsJ\"><span class=\"sc-jIILKH jWsSLy\" dir=\"auto\" lang=\"hr\"><span class=\"HwtZe\" lang=\"en\"><span class=\"jCAhz ChMk0b\"><span class=\"ryNqvb\">It has a luxurious and rich body, and freshly harmonized aromas of the delicate fruity taste of raspberry and strawberry<\/span><\/span><\/span><\/span><\/div>\n<\/li>\n<li>\n<div class=\"sc-kmtlux bkeIsJ\"><span class=\"sc-jIILKH jWsSLy\" dir=\"auto\" lang=\"hr\"><span class=\"HwtZe\" lang=\"en\"><span class=\"jCAhz ChMk0b\"><span class=\"ryNqvb\">Its taste is characterized by exceptional drinkability and mild acidity<\/span><\/span><\/span><\/span><\/div>\n<\/li>\n<li>\n<div class=\"sc-kmtlux bkeIsJ\"><span class=\"sc-jIILKH jWsSLy\" dir=\"auto\" lang=\"hr\"><span class=\"HwtZe\" lang=\"en\"><span class=\"jCAhz ChMk0b\"><span class=\"ryNqvb\">It can be drunk on its own or as an aperitif, but goes well with lighter dishes such as pasta, risotto with shellfish, white fish or salmon<\/span><\/span><\/span><\/span><\/div>\n<\/li>\n<\/ul>\n","protected":false},"featured_media":16699,"comment_status":"open","ping_status":"closed","template":"","meta":{"_acf_changed":false},"product_brand":[],"product_cat":[1381,1382,1162,1380,1379,1160,387,384,427,382,1378],"product_tag":[1925,1923,1922,1507,1924,460],"berocket_brand":[],"class_list":{"0":"post-16700","1":"product","2":"type-product","3":"status-publish","4":"has-post-thumbnail","6":"product_cat-dostava-en","7":"product_cat-europa-en","8":"product_cat-happy-packs-promo","9":"product_cat-hrvatska-en","10":"product_cat-okusi-adriu","11":"product_cat-our-recommendation","12":"product_cat-premium","13":"product_cat-promotions","14":"product_cat-rose","15":"product_cat-wine","16":"product_cat-zagreb-en","17":"product_tag-1-5l-bottle","18":"product_tag-magnum","19":"product_tag-magnum-rose-premium-kutjevo-bottle","20":"product_tag-order-plavac-mali-child-of-zinfandel-primitivo-crljenak-croatian-premium-wine-webshop-delivery","21":"product_tag-order-wine-delivery-croatia-eu-gls-dpd-express","22":"product_tag-zagreb-2","24":"first","25":"instock","26":"sale","27":"featured","28":"shipping-taxable","29":"purchasable","30":"product-type-simple"},"acf":[],"yoast_head":"<!-- This site is optimized with the Yoast SEO plugin v27.5 - https:\/\/yoast.com\/product\/yoast-seo-wordpress\/ -->\n<title>Magnum Rose Premium Kutjevo bottle 1,5 l - Adria-Klik.com<\/title>\n<meta name=\"description\" content=\"Poklon paketi | Poslovni pokoni | Poklon za ro\u0111endan | Unikatni autohtoni poklon paketi | Gift Box | Gift basket | Adria-Klik Supply webshop trgovina dostava namirnica, vina, craft piva i delicija Superbrza dostava Zagreb Wolt Glovo Hrvatska i EU DPD GLS - profesionalna vinska logistika #kupujmohrvatsko Naruci online, sigurna kupovina i brza dostava Croatia Unique Craft Beer Gift box \/ basket - Premium Craft beer gift box Nova runda brewery | Croatia autochthonous variety of wine Gift box unique - Autohtona sorta vina Poklon paket - Poslovni pokloni | Pokloni za ro\u0111endan i sve ostale prigode Plavac mali Dinga\u010d i Postup |Po\u0161ip | Grk | Malvazija | \u0160krlet | Pjenu\u0161ci |\" \/>\n<meta name=\"robots\" content=\"index, follow, max-snippet:-1, max-image-preview:large, max-video-preview:-1\" \/>\n<link rel=\"canonical\" href=\"https:\/\/adria-klik.com\/proizvod\/magnum-rose-premium-kutjevo-boca-15-l\/\" \/>\n<meta property=\"og:locale\" content=\"en_US\" \/>\n<meta property=\"og:type\" content=\"article\" \/>\n<meta property=\"og:title\" content=\"Magnum Rose Premium Kutjevo bottle 1,5 l - Adria-Klik.com\" \/>\n<meta property=\"og:description\" content=\"Poklon paketi | Poslovni pokoni | Poklon za ro\u0111endan | Unikatni autohtoni poklon paketi | Gift Box | Gift basket | Adria-Klik Supply webshop trgovina dostava namirnica, vina, craft piva i delicija Superbrza dostava Zagreb Wolt Glovo Hrvatska i EU DPD GLS - profesionalna vinska logistika #kupujmohrvatsko Naruci online, sigurna kupovina i brza dostava Croatia Unique Craft Beer Gift box \/ basket - Premium Craft beer gift box Nova runda brewery | Croatia autochthonous variety of wine Gift box unique - Autohtona sorta vina Poklon paket - Poslovni pokloni | Pokloni za ro\u0111endan i sve ostale prigode Plavac mali Dinga\u010d i Postup |Po\u0161ip | Grk | Malvazija | \u0160krlet | Pjenu\u0161ci |\" \/>\n<meta property=\"og:url\" content=\"https:\/\/adria-klik.com\/proizvod\/magnum-rose-premium-kutjevo-boca-15-l\/\" \/>\n<meta property=\"og:site_name\" content=\"Adria-Klik.com\" \/>\n<meta property=\"article:publisher\" content=\"https:\/\/www.facebook.com\/profile.php?id=100064209425136\" \/>\n<meta property=\"article:modified_time\" content=\"2023-04-22T13:55:34+00:00\" \/>\n<meta property=\"og:image\" content=\"https:\/\/adria-klik.com\/wp-content\/uploads\/2023\/04\/rose_premium_Magnum-1-5l_kutjevo-Adria-Klik-Naruci-dostavu_super-brza_dostava_ducan_webshop_Croatia-wine-shop-fast-delivery-Croatia-EU-Zagreb.jpg\" \/>\n\t<meta property=\"og:image:width\" content=\"1500\" \/>\n\t<meta property=\"og:image:height\" content=\"1500\" \/>\n\t<meta property=\"og:image:type\" content=\"image\/jpeg\" \/>\n<meta name=\"twitter:card\" content=\"summary_large_image\" \/>\n<meta name=\"twitter:label1\" content=\"Est. reading time\" \/>\n\t<meta name=\"twitter:data1\" content=\"1 minute\" \/>\n<script type=\"application\/ld+json\" class=\"yoast-schema-graph\">{\"@context\":\"https:\\\/\\\/schema.org\",\"@graph\":[{\"@type\":\"WebPage\",\"@id\":\"https:\\\/\\\/adria-klik.com\\\/proizvod\\\/magnum-rose-premium-kutjevo-boca-15-l\\\/\",\"url\":\"https:\\\/\\\/adria-klik.com\\\/proizvod\\\/magnum-rose-premium-kutjevo-boca-15-l\\\/\",\"name\":\"Magnum Rose Premium Kutjevo bottle 1,5 l - Adria-Klik.com\",\"isPartOf\":{\"@id\":\"https:\\\/\\\/adria-klik.com\\\/#website\"},\"primaryImageOfPage\":{\"@id\":\"https:\\\/\\\/adria-klik.com\\\/proizvod\\\/magnum-rose-premium-kutjevo-boca-15-l\\\/#primaryimage\"},\"image\":{\"@id\":\"https:\\\/\\\/adria-klik.com\\\/proizvod\\\/magnum-rose-premium-kutjevo-boca-15-l\\\/#primaryimage\"},\"thumbnailUrl\":\"https:\\\/\\\/adria-klik.com\\\/wp-content\\\/uploads\\\/2023\\\/04\\\/rose_premium_Magnum-1-5l_kutjevo-Adria-Klik-Naruci-dostavu_super-brza_dostava_ducan_webshop_Croatia-wine-shop-fast-delivery-Croatia-EU-Zagreb.jpg\",\"datePublished\":\"2023-04-22T13:45:07+00:00\",\"dateModified\":\"2023-04-22T13:55:34+00:00\",\"description\":\"Poklon paketi | Poslovni pokoni | Poklon za ro\u0111endan | Unikatni autohtoni poklon paketi | Gift Box | Gift basket | Adria-Klik Supply webshop trgovina dostava namirnica, vina, craft piva i delicija Superbrza dostava Zagreb Wolt Glovo Hrvatska i EU DPD GLS - profesionalna vinska logistika #kupujmohrvatsko Naruci online, sigurna kupovina i brza dostava Croatia Unique Craft Beer Gift box \\\/ basket - Premium Craft beer gift box Nova runda brewery | Croatia autochthonous variety of wine Gift box unique - Autohtona sorta vina Poklon paket - Poslovni pokloni | Pokloni za ro\u0111endan i sve ostale prigode Plavac mali Dinga\u010d i Postup |Po\u0161ip | Grk | Malvazija | \u0160krlet | Pjenu\u0161ci |\",\"breadcrumb\":{\"@id\":\"https:\\\/\\\/adria-klik.com\\\/proizvod\\\/magnum-rose-premium-kutjevo-boca-15-l\\\/#breadcrumb\"},\"inLanguage\":\"en-US\",\"potentialAction\":[{\"@type\":\"ReadAction\",\"target\":[\"https:\\\/\\\/adria-klik.com\\\/proizvod\\\/magnum-rose-premium-kutjevo-boca-15-l\\\/\"]}]},{\"@type\":\"ImageObject\",\"inLanguage\":\"en-US\",\"@id\":\"https:\\\/\\\/adria-klik.com\\\/proizvod\\\/magnum-rose-premium-kutjevo-boca-15-l\\\/#primaryimage\",\"url\":\"https:\\\/\\\/adria-klik.com\\\/wp-content\\\/uploads\\\/2023\\\/04\\\/rose_premium_Magnum-1-5l_kutjevo-Adria-Klik-Naruci-dostavu_super-brza_dostava_ducan_webshop_Croatia-wine-shop-fast-delivery-Croatia-EU-Zagreb.jpg\",\"contentUrl\":\"https:\\\/\\\/adria-klik.com\\\/wp-content\\\/uploads\\\/2023\\\/04\\\/rose_premium_Magnum-1-5l_kutjevo-Adria-Klik-Naruci-dostavu_super-brza_dostava_ducan_webshop_Croatia-wine-shop-fast-delivery-Croatia-EU-Zagreb.jpg\",\"width\":1500,\"height\":1500,\"caption\":\"Magnum Rose Premium Kutjevo boca 1,5 l\"},{\"@type\":\"BreadcrumbList\",\"@id\":\"https:\\\/\\\/adria-klik.com\\\/proizvod\\\/magnum-rose-premium-kutjevo-boca-15-l\\\/#breadcrumb\",\"itemListElement\":[{\"@type\":\"ListItem\",\"position\":1,\"name\":\"Po\u010detna stranica\",\"item\":\"https:\\\/\\\/adria-klik.com\\\/en\\\/\"},{\"@type\":\"ListItem\",\"position\":2,\"name\":\"Shop\",\"item\":\"https:\\\/\\\/adria-klik.com\\\/shop\\\/\"},{\"@type\":\"ListItem\",\"position\":3,\"name\":\"Magnum Rose Premium Kutjevo bottle 1,5 l\"}]},{\"@type\":\"WebSite\",\"@id\":\"https:\\\/\\\/adria-klik.com\\\/#website\",\"url\":\"https:\\\/\\\/adria-klik.com\\\/\",\"name\":\"Adria-Klik.com\",\"description\":\"Unikatni poklon paketi, Vina, Craft pivo &amp; Delicije - webshop\",\"publisher\":{\"@id\":\"https:\\\/\\\/adria-klik.com\\\/#organization\"},\"potentialAction\":[{\"@type\":\"SearchAction\",\"target\":{\"@type\":\"EntryPoint\",\"urlTemplate\":\"https:\\\/\\\/adria-klik.com\\\/?s={search_term_string}\"},\"query-input\":{\"@type\":\"PropertyValueSpecification\",\"valueRequired\":true,\"valueName\":\"search_term_string\"}}],\"inLanguage\":\"en-US\"},{\"@type\":\"Organization\",\"@id\":\"https:\\\/\\\/adria-klik.com\\\/#organization\",\"name\":\"Adria-Klik.com\",\"alternateName\":\"AK\",\"url\":\"https:\\\/\\\/adria-klik.com\\\/\",\"logo\":{\"@type\":\"ImageObject\",\"inLanguage\":\"en-US\",\"@id\":\"https:\\\/\\\/adria-klik.com\\\/#\\\/schema\\\/logo\\\/image\\\/\",\"url\":\"https:\\\/\\\/adria-klik.com\\\/wp-content\\\/uploads\\\/2025\\\/12\\\/Adria-Klik_com-logo-namirnice-vina-craft-pivo-delikatese-delicije-artisan-cokolada.jpg\",\"contentUrl\":\"https:\\\/\\\/adria-klik.com\\\/wp-content\\\/uploads\\\/2025\\\/12\\\/Adria-Klik_com-logo-namirnice-vina-craft-pivo-delikatese-delicije-artisan-cokolada.jpg\",\"width\":500,\"height\":500,\"caption\":\"Adria-Klik.com\"},\"image\":{\"@id\":\"https:\\\/\\\/adria-klik.com\\\/#\\\/schema\\\/logo\\\/image\\\/\"},\"sameAs\":[\"https:\\\/\\\/www.facebook.com\\\/profile.php?id=100064209425136\",\"https:\\\/\\\/www.instagram.com\\\/adriaklik\\\/\",\"https:\\\/\\\/www.youtube.com\\\/user\\\/PlavacmaliZagreb\"]}]}<\/script>\n<!-- \/ Yoast SEO plugin. -->","yoast_head_json":{"title":"Magnum Rose Premium Kutjevo bottle 1,5 l - Adria-Klik.com","description":"Poklon paketi | Poslovni pokoni | Poklon za ro\u0111endan | Unikatni autohtoni poklon paketi | Gift Box | Gift basket | Adria-Klik Supply webshop trgovina dostava namirnica, vina, craft piva i delicija Superbrza dostava Zagreb Wolt Glovo Hrvatska i EU DPD GLS - profesionalna vinska logistika #kupujmohrvatsko Naruci online, sigurna kupovina i brza dostava Croatia Unique Craft Beer Gift box \/ basket - Premium Craft beer gift box Nova runda brewery | Croatia autochthonous variety of wine Gift box unique - Autohtona sorta vina Poklon paket - Poslovni pokloni | Pokloni za ro\u0111endan i sve ostale prigode Plavac mali Dinga\u010d i Postup |Po\u0161ip | Grk | Malvazija | \u0160krlet | Pjenu\u0161ci |","robots":{"index":"index","follow":"follow","max-snippet":"max-snippet:-1","max-image-preview":"max-image-preview:large","max-video-preview":"max-video-preview:-1"},"canonical":"https:\/\/adria-klik.com\/proizvod\/magnum-rose-premium-kutjevo-boca-15-l\/","og_locale":"en_US","og_type":"article","og_title":"Magnum Rose Premium Kutjevo bottle 1,5 l - Adria-Klik.com","og_description":"Poklon paketi | Poslovni pokoni | Poklon za ro\u0111endan | Unikatni autohtoni poklon paketi | Gift Box | Gift basket | Adria-Klik Supply webshop trgovina dostava namirnica, vina, craft piva i delicija Superbrza dostava Zagreb Wolt Glovo Hrvatska i EU DPD GLS - profesionalna vinska logistika #kupujmohrvatsko Naruci online, sigurna kupovina i brza dostava Croatia Unique Craft Beer Gift box \/ basket - Premium Craft beer gift box Nova runda brewery | Croatia autochthonous variety of wine Gift box unique - Autohtona sorta vina Poklon paket - Poslovni pokloni | Pokloni za ro\u0111endan i sve ostale prigode Plavac mali Dinga\u010d i Postup |Po\u0161ip | Grk | Malvazija | \u0160krlet | Pjenu\u0161ci |","og_url":"https:\/\/adria-klik.com\/proizvod\/magnum-rose-premium-kutjevo-boca-15-l\/","og_site_name":"Adria-Klik.com","article_publisher":"https:\/\/www.facebook.com\/profile.php?id=100064209425136","article_modified_time":"2023-04-22T13:55:34+00:00","og_image":[{"width":1500,"height":1500,"url":"https:\/\/adria-klik.com\/wp-content\/uploads\/2023\/04\/rose_premium_Magnum-1-5l_kutjevo-Adria-Klik-Naruci-dostavu_super-brza_dostava_ducan_webshop_Croatia-wine-shop-fast-delivery-Croatia-EU-Zagreb.jpg","type":"image\/jpeg"}],"twitter_card":"summary_large_image","twitter_misc":{"Est. reading time":"1 minute"},"schema":{"@context":"https:\/\/schema.org","@graph":[{"@type":"WebPage","@id":"https:\/\/adria-klik.com\/proizvod\/magnum-rose-premium-kutjevo-boca-15-l\/","url":"https:\/\/adria-klik.com\/proizvod\/magnum-rose-premium-kutjevo-boca-15-l\/","name":"Magnum Rose Premium Kutjevo bottle 1,5 l - Adria-Klik.com","isPartOf":{"@id":"https:\/\/adria-klik.com\/#website"},"primaryImageOfPage":{"@id":"https:\/\/adria-klik.com\/proizvod\/magnum-rose-premium-kutjevo-boca-15-l\/#primaryimage"},"image":{"@id":"https:\/\/adria-klik.com\/proizvod\/magnum-rose-premium-kutjevo-boca-15-l\/#primaryimage"},"thumbnailUrl":"https:\/\/adria-klik.com\/wp-content\/uploads\/2023\/04\/rose_premium_Magnum-1-5l_kutjevo-Adria-Klik-Naruci-dostavu_super-brza_dostava_ducan_webshop_Croatia-wine-shop-fast-delivery-Croatia-EU-Zagreb.jpg","datePublished":"2023-04-22T13:45:07+00:00","dateModified":"2023-04-22T13:55:34+00:00","description":"Poklon paketi | Poslovni pokoni | Poklon za ro\u0111endan | Unikatni autohtoni poklon paketi | Gift Box | Gift basket | Adria-Klik Supply webshop trgovina dostava namirnica, vina, craft piva i delicija Superbrza dostava Zagreb Wolt Glovo Hrvatska i EU DPD GLS - profesionalna vinska logistika #kupujmohrvatsko Naruci online, sigurna kupovina i brza dostava Croatia Unique Craft Beer Gift box \/ basket - Premium Craft beer gift box Nova runda brewery | Croatia autochthonous variety of wine Gift box unique - Autohtona sorta vina Poklon paket - Poslovni pokloni | Pokloni za ro\u0111endan i sve ostale prigode Plavac mali Dinga\u010d i Postup |Po\u0161ip | Grk | Malvazija | \u0160krlet | Pjenu\u0161ci |","breadcrumb":{"@id":"https:\/\/adria-klik.com\/proizvod\/magnum-rose-premium-kutjevo-boca-15-l\/#breadcrumb"},"inLanguage":"en-US","potentialAction":[{"@type":"ReadAction","target":["https:\/\/adria-klik.com\/proizvod\/magnum-rose-premium-kutjevo-boca-15-l\/"]}]},{"@type":"ImageObject","inLanguage":"en-US","@id":"https:\/\/adria-klik.com\/proizvod\/magnum-rose-premium-kutjevo-boca-15-l\/#primaryimage","url":"https:\/\/adria-klik.com\/wp-content\/uploads\/2023\/04\/rose_premium_Magnum-1-5l_kutjevo-Adria-Klik-Naruci-dostavu_super-brza_dostava_ducan_webshop_Croatia-wine-shop-fast-delivery-Croatia-EU-Zagreb.jpg","contentUrl":"https:\/\/adria-klik.com\/wp-content\/uploads\/2023\/04\/rose_premium_Magnum-1-5l_kutjevo-Adria-Klik-Naruci-dostavu_super-brza_dostava_ducan_webshop_Croatia-wine-shop-fast-delivery-Croatia-EU-Zagreb.jpg","width":1500,"height":1500,"caption":"Magnum Rose Premium Kutjevo boca 1,5 l"},{"@type":"BreadcrumbList","@id":"https:\/\/adria-klik.com\/proizvod\/magnum-rose-premium-kutjevo-boca-15-l\/#breadcrumb","itemListElement":[{"@type":"ListItem","position":1,"name":"Po\u010detna stranica","item":"https:\/\/adria-klik.com\/en\/"},{"@type":"ListItem","position":2,"name":"Shop","item":"https:\/\/adria-klik.com\/shop\/"},{"@type":"ListItem","position":3,"name":"Magnum Rose Premium Kutjevo bottle 1,5 l"}]},{"@type":"WebSite","@id":"https:\/\/adria-klik.com\/#website","url":"https:\/\/adria-klik.com\/","name":"Adria-Klik.com","description":"Unikatni poklon paketi, Vina, Craft pivo &amp; Delicije - webshop","publisher":{"@id":"https:\/\/adria-klik.com\/#organization"},"potentialAction":[{"@type":"SearchAction","target":{"@type":"EntryPoint","urlTemplate":"https:\/\/adria-klik.com\/?s={search_term_string}"},"query-input":{"@type":"PropertyValueSpecification","valueRequired":true,"valueName":"search_term_string"}}],"inLanguage":"en-US"},{"@type":"Organization","@id":"https:\/\/adria-klik.com\/#organization","name":"Adria-Klik.com","alternateName":"AK","url":"https:\/\/adria-klik.com\/","logo":{"@type":"ImageObject","inLanguage":"en-US","@id":"https:\/\/adria-klik.com\/#\/schema\/logo\/image\/","url":"https:\/\/adria-klik.com\/wp-content\/uploads\/2025\/12\/Adria-Klik_com-logo-namirnice-vina-craft-pivo-delikatese-delicije-artisan-cokolada.jpg","contentUrl":"https:\/\/adria-klik.com\/wp-content\/uploads\/2025\/12\/Adria-Klik_com-logo-namirnice-vina-craft-pivo-delikatese-delicije-artisan-cokolada.jpg","width":500,"height":500,"caption":"Adria-Klik.com"},"image":{"@id":"https:\/\/adria-klik.com\/#\/schema\/logo\/image\/"},"sameAs":["https:\/\/www.facebook.com\/profile.php?id=100064209425136","https:\/\/www.instagram.com\/adriaklik\/","https:\/\/www.youtube.com\/user\/PlavacmaliZagreb"]}]}},"jetpack_sharing_enabled":true,"jetpack-related-posts":[],"_links":{"self":[{"href":"https:\/\/adria-klik.com\/en\/wp-json\/wp\/v2\/product\/16700","targetHints":{"allow":["GET"]}}],"collection":[{"href":"https:\/\/adria-klik.com\/en\/wp-json\/wp\/v2\/product"}],"about":[{"href":"https:\/\/adria-klik.com\/en\/wp-json\/wp\/v2\/types\/product"}],"replies":[{"embeddable":true,"href":"https:\/\/adria-klik.com\/en\/wp-json\/wp\/v2\/comments?post=16700"}],"wp:featuredmedia":[{"embeddable":true,"href":"https:\/\/adria-klik.com\/en\/wp-json\/wp\/v2\/media\/16699"}],"wp:attachment":[{"href":"https:\/\/adria-klik.com\/en\/wp-json\/wp\/v2\/media?parent=16700"}],"wp:term":[{"taxonomy":"product_brand","embeddable":true,"href":"https:\/\/adria-klik.com\/en\/wp-json\/wp\/v2\/product_brand?post=16700"},{"taxonomy":"product_cat","embeddable":true,"href":"https:\/\/adria-klik.com\/en\/wp-json\/wp\/v2\/product_cat?post=16700"},{"taxonomy":"product_tag","embeddable":true,"href":"https:\/\/adria-klik.com\/en\/wp-json\/wp\/v2\/product_tag?post=16700"},{"taxonomy":"berocket_brand","embeddable":true,"href":"https:\/\/adria-klik.com\/en\/wp-json\/wp\/v2\/berocket_brand?post=16700"}],"curies":[{"name":"wp","href":"https:\/\/api.w.org\/{rel}","templated":true}]}}