{"id":16726,"date":"2023-04-23T13:33:18","date_gmt":"2023-04-23T11:33:18","guid":{"rendered":"https:\/\/adria.riot.hr\/?post_type=product&#038;p=16726"},"modified":"2023-04-24T21:18:01","modified_gmt":"2023-04-24T19:18:01","slug":"kokice-za-mikrovalnu-slane-100g-natura","status":"publish","type":"product","link":"https:\/\/adria-klik.com\/en\/proizvod\/kokice-za-mikrovalnu-slane-100g-natura\/","title":{"rendered":"Kokice za Mikrovalnu Slane 100g Natura"},"content":{"rendered":"<p>Kokice za Mikrovalnu Slane 100g Natura<\/p>\n<p>Kukuruz koki\u010dar je jedina vrsta kukuruza koja \u201cpuca\u201d i tako stvara omiljene nam grickalice.<\/p>\n<p>Ne samo da sadr\u017ee mnogo vlakana nego imaju i vrlo malo kalorija kada ih se pe\u010de bez mnogo masno\u0107e. Zbog velikog volumena daju osje\u0107aj sitosti.<\/p>\n<p>Predstavljaju savr\u0161en me\u0111uobrok jer \u0161alju mozgu signal sitosti pa se naredni obrok doista odla\u017ee.<\/p>\n<p>Jedine grickalice koje sadr\u017ee 100% neobra\u0111eno cjelovito zrno pa samo jedna porcija kokica mo\u017ee zadovoljiti \u010dak 70% dnevne ljudske potrebe za cjelovitim \u017eitaricama.<\/p>\n<p>Oba popcorna su pakirana isklju\u010divo u na\u0161em proizvodnom pogonu u kojemu se posebno posve\u0107uje pa\u017enja na sustav kontrole i upravljanja kvalitetom. Kao dokaz tome posjedujemo certifikat HACCP i IFS-a gdje smo ocjenjeni s visokim postotkom prolaznosti.<br \/>\nSastojci:<\/p>\n<p>Kukuruz za pripremanje kokica u mikrovalnoj pe\u0107nici &#8211; slani<\/p>\n<p>kukuruz koki\u010dar, palmina mast, sol (1,5 %).<\/p>\n<p>Proizvod mo\u017ee sadr\u017eavati tragove ora\u0161astog vo\u0107a, kikirikija i sezama.<br \/>\nZemlja podrijetla:<\/p>\n<p>Hrvatska<br \/>\nZemlja podrijetla kukuruz koki\u010dara:<\/p>\n<p>Hrvatska<br \/>\nUputa za upotrebu:<\/p>\n<p>Ra\u0161irenu neotvorenu vre\u0107icu stavite u sredinu mikrovalne pe\u0107nice na rotacijski tanjur paze\u0107i na uputu \u201eOVA STRANA GORE\u201c.<br \/>\nOdaberite maksimalnu ja\u010dinu mikrovalne pe\u0107nice. Vrijeme pripreme varira, ovisno o ja\u010dini mikrovalne pe\u0107nice. Pribli\u017eno vrijeme pripreme je: 3-4 min na 450-600 W, 2-3 min na 600-700 W, 1-2 min na 1000 W.<br \/>\nPe\u0107nicu za vrijeme pripreme kokica nemojte ostavljati bez nadzora. Pa\u017eljivo slu\u0161ajte i \u010dim se interval izme\u0111u pucketanja produ\u017ei na 1-2 sekunde, pe\u0107nicu odmah isklju\u010dite, tako da kokice ne zagore.<br \/>\nVre\u0107icu prije otvaranja temeljito protresite (tako da se sadr\u017eaj ravnomjerno rasporedi) i otvorite povla\u010denjem dijagonalno suprotnih kutova.<br \/>\nUPOZORENJE! Proizvod je vru\u0107! Kod otvaranja pripazite na vrelu paru koja izlazi iz vre\u0107ice. Ne zagrijavajte ponovno zrna koja su ostala cijela. Nemojte ponovno rabiti vre\u0107icu.<br \/>\nPazite! Opasnost od opeklina!<\/p>\n<p>Najbolje upotrijebiti do:<\/p>\n<p>datuma otisnutog na pole\u0111ini ambala\u017ee.<\/p>\n<p>\u010cuvati na suhom i hladnom mjestu dalje od izvora svjetlosti.<br \/>\nLOT broj:<\/p>\n<p>otisnut na pole\u0111ini ambala\u017ee<br \/>\nEAN KOD:<\/p>\n<p>3859891427901<\/p>\n<p>&nbsp;<\/p>\n","protected":false},"excerpt":{"rendered":"<p>Kokice za Mikrovalnu Slane 100g Natura<\/p>\n<p><span class=\"sc-jIILKH jWsSLy\" dir=\"auto\" lang=\"hr\">Zemlja podrijetla: Hrvatska<\/span><\/p>\n<div class=\"sc-kmtlux bkeIsJ\"><span class=\"sc-jIILKH jWsSLy\" dir=\"auto\" lang=\"hr\">Zemlja podrijetla kukuruz koki\u010dara: Hrvatska <\/span><\/div>\n<div><\/div>\n<div class=\"sc-kmtlux bkeIsJ\"><span class=\"sc-jIILKH jWsSLy\" dir=\"auto\" lang=\"hr\">#kupujmohrvatsko<\/span><\/div>\n<div><\/div>\n<div>Naru\u010di dostavu<\/div>\n","protected":false},"featured_media":16727,"comment_status":"open","ping_status":"closed","template":"","meta":{"_acf_changed":false},"product_brand":[],"product_cat":[395,1175,1176,370,1174,560],"product_tag":[1167,1931,1668,1929,1933,1932],"berocket_brand":[],"class_list":{"0":"post-16726","1":"product","2":"type-product","3":"status-publish","4":"has-post-thumbnail","6":"product_cat-cips-i-grickalice","7":"product_cat-dostava","8":"product_cat-europa","9":"product_cat-hrana","10":"product_cat-hrvatska","11":"product_cat-zagreb","12":"product_tag-kupujmohrvatsko","13":"product_tag-kokice-za-mikrovalnu-slane","14":"product_tag-naruci-dostavu","15":"product_tag-natura-kokice","16":"product_tag-zemlja-podrijetla-kukuruz-kokicara-hrvatska","17":"product_tag-zemlja-podrijetla-hrvatska","19":"first","20":"instock","21":"shipping-taxable","22":"purchasable","23":"product-type-simple"},"acf":[],"yoast_head":"<!-- This site is optimized with the Yoast SEO plugin v26.9 - https:\/\/yoast.com\/product\/yoast-seo-wordpress\/ -->\n<title>Kokice za Mikrovalnu Slane 100g Natura - Adria-Klik.com<\/title>\n<meta name=\"description\" content=\"Kikiriki Suhopr\u017eeni bez Ulja 250g Franck | Klikni, provjeri, prona\u0111i, kupi Adria Klik supply dostavlja do vas!\" \/>\n<meta name=\"robots\" content=\"index, follow, max-snippet:-1, max-image-preview:large, max-video-preview:-1\" \/>\n<link rel=\"canonical\" href=\"https:\/\/adria-klik.com\/proizvod\/kokice-za-mikrovalnu-slane-100g-natura\/\" \/>\n<meta property=\"og:locale\" content=\"en_US\" \/>\n<meta property=\"og:type\" content=\"article\" \/>\n<meta property=\"og:title\" content=\"Kikiriki Suhopr\u017eeni bez Ulja 250g Franck | Klikni, provjeri, prona\u0111i, kupi Adia supply dostavlja!\" \/>\n<meta property=\"og:description\" content=\"Kikiriki Suhopr\u017eeni bez Ulja 250g Franck | Klikni, provjeri, prona\u0111i, kupi Adia supply dostavlja!\" \/>\n<meta property=\"og:url\" content=\"https:\/\/adria-klik.com\/proizvod\/kokice-za-mikrovalnu-slane-100g-natura\/\" \/>\n<meta property=\"og:site_name\" content=\"Adria-Klik.com\" \/>\n<meta property=\"article:publisher\" content=\"https:\/\/www.facebook.com\/profile.php?id=100064209425136\" \/>\n<meta property=\"article:modified_time\" content=\"2023-04-24T19:18:01+00:00\" \/>\n<meta property=\"og:image\" content=\"https:\/\/adria-klik.com\/wp-content\/uploads\/2023\/04\/popcorn-kokice-slane-natura-100g-micro-adria-klik-webshop-croatia-kroatien-delivery-naruci-dostavu-Glovo-Wolt-Bolt-Zagreb-HR-EU-DPD-dostava.jpg\" \/>\n\t<meta property=\"og:image:width\" content=\"1500\" \/>\n\t<meta property=\"og:image:height\" content=\"1500\" \/>\n\t<meta property=\"og:image:type\" content=\"image\/jpeg\" \/>\n<meta name=\"twitter:card\" content=\"summary_large_image\" \/>\n<meta name=\"twitter:title\" content=\"| Klikni, provjeri, prona\u0111i, kupi Adia supply dostavlja! Kikiriki Suhopr\u017eeni bez Ulja 250g Franck\" \/>\n<meta name=\"twitter:description\" content=\"Kikiriki Suhopr\u017eeni bez Ulja 250g Franck| Klikni, provjeri, prona\u0111i, kupi Adia supply dostavlja!\" \/>\n<meta name=\"twitter:label1\" content=\"Est. reading time\" \/>\n\t<meta name=\"twitter:data1\" content=\"2 minutes\" \/>\n<script type=\"application\/ld+json\" class=\"yoast-schema-graph\">{\"@context\":\"https:\/\/schema.org\",\"@graph\":[{\"@type\":\"WebPage\",\"@id\":\"https:\/\/adria-klik.com\/proizvod\/kokice-za-mikrovalnu-slane-100g-natura\/\",\"url\":\"https:\/\/adria-klik.com\/proizvod\/kokice-za-mikrovalnu-slane-100g-natura\/\",\"name\":\"Kokice za Mikrovalnu Slane 100g Natura - Adria-Klik.com\",\"isPartOf\":{\"@id\":\"https:\/\/adria-klik.com\/#website\"},\"primaryImageOfPage\":{\"@id\":\"https:\/\/adria-klik.com\/proizvod\/kokice-za-mikrovalnu-slane-100g-natura\/#primaryimage\"},\"image\":{\"@id\":\"https:\/\/adria-klik.com\/proizvod\/kokice-za-mikrovalnu-slane-100g-natura\/#primaryimage\"},\"thumbnailUrl\":\"https:\/\/adria-klik.com\/wp-content\/uploads\/2023\/04\/popcorn-kokice-slane-natura-100g-micro-adria-klik-webshop-croatia-kroatien-delivery-naruci-dostavu-Glovo-Wolt-Bolt-Zagreb-HR-EU-DPD-dostava.jpg\",\"datePublished\":\"2023-04-23T11:33:18+00:00\",\"dateModified\":\"2023-04-24T19:18:01+00:00\",\"description\":\"Kikiriki Suhopr\u017eeni bez Ulja 250g Franck | Klikni, provjeri, prona\u0111i, kupi Adria Klik supply dostavlja do vas!\",\"breadcrumb\":{\"@id\":\"https:\/\/adria-klik.com\/proizvod\/kokice-za-mikrovalnu-slane-100g-natura\/#breadcrumb\"},\"inLanguage\":\"en-US\",\"potentialAction\":[{\"@type\":\"ReadAction\",\"target\":[\"https:\/\/adria-klik.com\/proizvod\/kokice-za-mikrovalnu-slane-100g-natura\/\"]}]},{\"@type\":\"ImageObject\",\"inLanguage\":\"en-US\",\"@id\":\"https:\/\/adria-klik.com\/proizvod\/kokice-za-mikrovalnu-slane-100g-natura\/#primaryimage\",\"url\":\"https:\/\/adria-klik.com\/wp-content\/uploads\/2023\/04\/popcorn-kokice-slane-natura-100g-micro-adria-klik-webshop-croatia-kroatien-delivery-naruci-dostavu-Glovo-Wolt-Bolt-Zagreb-HR-EU-DPD-dostava.jpg\",\"contentUrl\":\"https:\/\/adria-klik.com\/wp-content\/uploads\/2023\/04\/popcorn-kokice-slane-natura-100g-micro-adria-klik-webshop-croatia-kroatien-delivery-naruci-dostavu-Glovo-Wolt-Bolt-Zagreb-HR-EU-DPD-dostava.jpg\",\"width\":1500,\"height\":1500,\"caption\":\"Kokice za Mikrovalnu Slane 100g Natura Zemlja podrijetla: Hrvatska Zemlja podrijetla kukuruz koki\u010dara: Hrvatska #kupujmohrvatsko Naru\u010di dostavu\"},{\"@type\":\"BreadcrumbList\",\"@id\":\"https:\/\/adria-klik.com\/proizvod\/kokice-za-mikrovalnu-slane-100g-natura\/#breadcrumb\",\"itemListElement\":[{\"@type\":\"ListItem\",\"position\":1,\"name\":\"Po\u010detna stranica\",\"item\":\"https:\/\/adria-klik.com\/en\/\"},{\"@type\":\"ListItem\",\"position\":2,\"name\":\"Shop\",\"item\":\"https:\/\/adria-klik.com\/shop\/\"},{\"@type\":\"ListItem\",\"position\":3,\"name\":\"Kokice za Mikrovalnu Slane 100g Natura\"}]},{\"@type\":\"WebSite\",\"@id\":\"https:\/\/adria-klik.com\/#website\",\"url\":\"https:\/\/adria-klik.com\/\",\"name\":\"Adria-Klik.com\",\"description\":\"Unikatni poklon paketi, Vina, Craft pivo &amp; Delicije - webshop\",\"publisher\":{\"@id\":\"https:\/\/adria-klik.com\/#organization\"},\"potentialAction\":[{\"@type\":\"SearchAction\",\"target\":{\"@type\":\"EntryPoint\",\"urlTemplate\":\"https:\/\/adria-klik.com\/?s={search_term_string}\"},\"query-input\":{\"@type\":\"PropertyValueSpecification\",\"valueRequired\":true,\"valueName\":\"search_term_string\"}}],\"inLanguage\":\"en-US\"},{\"@type\":\"Organization\",\"@id\":\"https:\/\/adria-klik.com\/#organization\",\"name\":\"Adria-Klik.com\",\"alternateName\":\"AK\",\"url\":\"https:\/\/adria-klik.com\/\",\"logo\":{\"@type\":\"ImageObject\",\"inLanguage\":\"en-US\",\"@id\":\"https:\/\/adria-klik.com\/#\/schema\/logo\/image\/\",\"url\":\"https:\/\/adria-klik.com\/wp-content\/uploads\/2025\/12\/Adria-Klik_com-logo-namirnice-vina-craft-pivo-delikatese-delicije-artisan-cokolada.jpg\",\"contentUrl\":\"https:\/\/adria-klik.com\/wp-content\/uploads\/2025\/12\/Adria-Klik_com-logo-namirnice-vina-craft-pivo-delikatese-delicije-artisan-cokolada.jpg\",\"width\":500,\"height\":500,\"caption\":\"Adria-Klik.com\"},\"image\":{\"@id\":\"https:\/\/adria-klik.com\/#\/schema\/logo\/image\/\"},\"sameAs\":[\"https:\/\/www.facebook.com\/profile.php?id=100064209425136\",\"https:\/\/www.instagram.com\/adriaklik\/\",\"https:\/\/www.youtube.com\/user\/PlavacmaliZagreb\"]}]}<\/script>\n<!-- \/ Yoast SEO plugin. -->","yoast_head_json":{"title":"Kokice za Mikrovalnu Slane 100g Natura - Adria-Klik.com","description":"Kikiriki Suhopr\u017eeni bez Ulja 250g Franck | Klikni, provjeri, prona\u0111i, kupi Adria Klik supply dostavlja do vas!","robots":{"index":"index","follow":"follow","max-snippet":"max-snippet:-1","max-image-preview":"max-image-preview:large","max-video-preview":"max-video-preview:-1"},"canonical":"https:\/\/adria-klik.com\/proizvod\/kokice-za-mikrovalnu-slane-100g-natura\/","og_locale":"en_US","og_type":"article","og_title":"Kikiriki Suhopr\u017eeni bez Ulja 250g Franck | Klikni, provjeri, prona\u0111i, kupi Adia supply dostavlja!","og_description":"Kikiriki Suhopr\u017eeni bez Ulja 250g Franck | Klikni, provjeri, prona\u0111i, kupi Adia supply dostavlja!","og_url":"https:\/\/adria-klik.com\/proizvod\/kokice-za-mikrovalnu-slane-100g-natura\/","og_site_name":"Adria-Klik.com","article_publisher":"https:\/\/www.facebook.com\/profile.php?id=100064209425136","article_modified_time":"2023-04-24T19:18:01+00:00","og_image":[{"width":1500,"height":1500,"url":"https:\/\/adria-klik.com\/wp-content\/uploads\/2023\/04\/popcorn-kokice-slane-natura-100g-micro-adria-klik-webshop-croatia-kroatien-delivery-naruci-dostavu-Glovo-Wolt-Bolt-Zagreb-HR-EU-DPD-dostava.jpg","type":"image\/jpeg"}],"twitter_card":"summary_large_image","twitter_title":"| Klikni, provjeri, prona\u0111i, kupi Adia supply dostavlja! Kikiriki Suhopr\u017eeni bez Ulja 250g Franck","twitter_description":"Kikiriki Suhopr\u017eeni bez Ulja 250g Franck| Klikni, provjeri, prona\u0111i, kupi Adia supply dostavlja!","twitter_misc":{"Est. reading time":"2 minutes"},"schema":{"@context":"https:\/\/schema.org","@graph":[{"@type":"WebPage","@id":"https:\/\/adria-klik.com\/proizvod\/kokice-za-mikrovalnu-slane-100g-natura\/","url":"https:\/\/adria-klik.com\/proizvod\/kokice-za-mikrovalnu-slane-100g-natura\/","name":"Kokice za Mikrovalnu Slane 100g Natura - Adria-Klik.com","isPartOf":{"@id":"https:\/\/adria-klik.com\/#website"},"primaryImageOfPage":{"@id":"https:\/\/adria-klik.com\/proizvod\/kokice-za-mikrovalnu-slane-100g-natura\/#primaryimage"},"image":{"@id":"https:\/\/adria-klik.com\/proizvod\/kokice-za-mikrovalnu-slane-100g-natura\/#primaryimage"},"thumbnailUrl":"https:\/\/adria-klik.com\/wp-content\/uploads\/2023\/04\/popcorn-kokice-slane-natura-100g-micro-adria-klik-webshop-croatia-kroatien-delivery-naruci-dostavu-Glovo-Wolt-Bolt-Zagreb-HR-EU-DPD-dostava.jpg","datePublished":"2023-04-23T11:33:18+00:00","dateModified":"2023-04-24T19:18:01+00:00","description":"Kikiriki Suhopr\u017eeni bez Ulja 250g Franck | Klikni, provjeri, prona\u0111i, kupi Adria Klik supply dostavlja do vas!","breadcrumb":{"@id":"https:\/\/adria-klik.com\/proizvod\/kokice-za-mikrovalnu-slane-100g-natura\/#breadcrumb"},"inLanguage":"en-US","potentialAction":[{"@type":"ReadAction","target":["https:\/\/adria-klik.com\/proizvod\/kokice-za-mikrovalnu-slane-100g-natura\/"]}]},{"@type":"ImageObject","inLanguage":"en-US","@id":"https:\/\/adria-klik.com\/proizvod\/kokice-za-mikrovalnu-slane-100g-natura\/#primaryimage","url":"https:\/\/adria-klik.com\/wp-content\/uploads\/2023\/04\/popcorn-kokice-slane-natura-100g-micro-adria-klik-webshop-croatia-kroatien-delivery-naruci-dostavu-Glovo-Wolt-Bolt-Zagreb-HR-EU-DPD-dostava.jpg","contentUrl":"https:\/\/adria-klik.com\/wp-content\/uploads\/2023\/04\/popcorn-kokice-slane-natura-100g-micro-adria-klik-webshop-croatia-kroatien-delivery-naruci-dostavu-Glovo-Wolt-Bolt-Zagreb-HR-EU-DPD-dostava.jpg","width":1500,"height":1500,"caption":"Kokice za Mikrovalnu Slane 100g Natura Zemlja podrijetla: Hrvatska Zemlja podrijetla kukuruz koki\u010dara: Hrvatska #kupujmohrvatsko Naru\u010di dostavu"},{"@type":"BreadcrumbList","@id":"https:\/\/adria-klik.com\/proizvod\/kokice-za-mikrovalnu-slane-100g-natura\/#breadcrumb","itemListElement":[{"@type":"ListItem","position":1,"name":"Po\u010detna stranica","item":"https:\/\/adria-klik.com\/en\/"},{"@type":"ListItem","position":2,"name":"Shop","item":"https:\/\/adria-klik.com\/shop\/"},{"@type":"ListItem","position":3,"name":"Kokice za Mikrovalnu Slane 100g Natura"}]},{"@type":"WebSite","@id":"https:\/\/adria-klik.com\/#website","url":"https:\/\/adria-klik.com\/","name":"Adria-Klik.com","description":"Unikatni poklon paketi, Vina, Craft pivo &amp; Delicije - webshop","publisher":{"@id":"https:\/\/adria-klik.com\/#organization"},"potentialAction":[{"@type":"SearchAction","target":{"@type":"EntryPoint","urlTemplate":"https:\/\/adria-klik.com\/?s={search_term_string}"},"query-input":{"@type":"PropertyValueSpecification","valueRequired":true,"valueName":"search_term_string"}}],"inLanguage":"en-US"},{"@type":"Organization","@id":"https:\/\/adria-klik.com\/#organization","name":"Adria-Klik.com","alternateName":"AK","url":"https:\/\/adria-klik.com\/","logo":{"@type":"ImageObject","inLanguage":"en-US","@id":"https:\/\/adria-klik.com\/#\/schema\/logo\/image\/","url":"https:\/\/adria-klik.com\/wp-content\/uploads\/2025\/12\/Adria-Klik_com-logo-namirnice-vina-craft-pivo-delikatese-delicije-artisan-cokolada.jpg","contentUrl":"https:\/\/adria-klik.com\/wp-content\/uploads\/2025\/12\/Adria-Klik_com-logo-namirnice-vina-craft-pivo-delikatese-delicije-artisan-cokolada.jpg","width":500,"height":500,"caption":"Adria-Klik.com"},"image":{"@id":"https:\/\/adria-klik.com\/#\/schema\/logo\/image\/"},"sameAs":["https:\/\/www.facebook.com\/profile.php?id=100064209425136","https:\/\/www.instagram.com\/adriaklik\/","https:\/\/www.youtube.com\/user\/PlavacmaliZagreb"]}]}},"jetpack_sharing_enabled":true,"jetpack-related-posts":[],"_links":{"self":[{"href":"https:\/\/adria-klik.com\/en\/wp-json\/wp\/v2\/product\/16726","targetHints":{"allow":["GET"]}}],"collection":[{"href":"https:\/\/adria-klik.com\/en\/wp-json\/wp\/v2\/product"}],"about":[{"href":"https:\/\/adria-klik.com\/en\/wp-json\/wp\/v2\/types\/product"}],"replies":[{"embeddable":true,"href":"https:\/\/adria-klik.com\/en\/wp-json\/wp\/v2\/comments?post=16726"}],"wp:featuredmedia":[{"embeddable":true,"href":"https:\/\/adria-klik.com\/en\/wp-json\/wp\/v2\/media\/16727"}],"wp:attachment":[{"href":"https:\/\/adria-klik.com\/en\/wp-json\/wp\/v2\/media?parent=16726"}],"wp:term":[{"taxonomy":"product_brand","embeddable":true,"href":"https:\/\/adria-klik.com\/en\/wp-json\/wp\/v2\/product_brand?post=16726"},{"taxonomy":"product_cat","embeddable":true,"href":"https:\/\/adria-klik.com\/en\/wp-json\/wp\/v2\/product_cat?post=16726"},{"taxonomy":"product_tag","embeddable":true,"href":"https:\/\/adria-klik.com\/en\/wp-json\/wp\/v2\/product_tag?post=16726"},{"taxonomy":"berocket_brand","embeddable":true,"href":"https:\/\/adria-klik.com\/en\/wp-json\/wp\/v2\/berocket_brand?post=16726"}],"curies":[{"name":"wp","href":"https:\/\/api.w.org\/{rel}","templated":true}]}}