{"id":16914,"date":"2023-05-28T23:04:09","date_gmt":"2023-05-28T21:04:09","guid":{"rendered":"https:\/\/adria-klik.com\/?post_type=product&#038;p=16914"},"modified":"2023-05-28T23:11:07","modified_gmt":"2023-05-28T21:11:07","slug":"paski-sir-200-g-paska-sirana","status":"publish","type":"product","link":"https:\/\/adria-klik.com\/en\/proizvod\/paski-sir-200-g-paska-sirana\/","title":{"rendered":"Pa\u0161ki sir 200 g Pa\u0161ka sirana"},"content":{"rendered":"<p><span class=\"HwtZe\" lang=\"en\"><span class=\"jCAhz ChMk0b\"><span class=\"ryNqvb\">Pag cheese is the <strong>oldest<\/strong> cheese on the island of Pag.<\/span><\/span> <span class=\"jCAhz ChMk0b\"><span class=\"ryNqvb\">The story of PASKA CHEESE, the most famous and <strong>most<\/strong> <strong>awarded<\/strong> <strong>Croatian<\/strong> <strong>cheese<\/strong>, began with us.<\/span><\/span> <span class=\"jCAhz ChMk0b\"><span class=\"ryNqvb\">We were the first to place Pag cheese on the market, the first to give it a label, the first to send it to competitions and win medals for it&#8230;<\/span><\/span> <span class=\"jCAhz ChMk0b\"><span class=\"ryNqvb\"><strong>We were the first to create a brand from Pag<\/strong> cheese that is known today not only in Croatia but also throughout the world.<\/span><\/span> <span class=\"jCAhz ChMk0b\"><span class=\"ryNqvb\">We can freely call the Pag cheese factory the &#8220;mother of Pag cheese&#8221; because it is the only one with more than 70 years of tradition in the production of Pag cheese.<\/span><\/span> <span class=\"jCAhz ChMk0b\"><span class=\"ryNqvb\">Premium Pag cheese products &#8211; You don&#8217;t have to look far for a proven aphrodisiac;<\/span><\/span> <span class=\"jCAhz ChMk0b\"><span class=\"ryNqvb\">it is a Croatian island product, and it is even on the list of Croatian intangible cultural heritage, so by consuming it, you directly become a consumer of culture &#8211; it is the one and only Pa\u0161ki cheese of Pa\u0161ka sirane!<\/span><\/span><\/span><\/p>\n<p>Some exotic ingredients are a real taboo when it comes to consuming them and the passion that they produce. Luckily, for the real aphrodisiac you don\u2019t have to go far, it is the one &amp; only Croatian island product, our star- Pa\u0161ki sir cheese!<\/p>\n<p>Cheeses are on every list of super food but our Pa\u0161ki sir cheese is really a super cheese! One of its components which makes its x factor is a nice quantity of Zinc ( Zn ) \u2013 an extremely powerful essential mineral that is \u201eresponsible\u201c for hmm\u2026man\u2019s sexual functions\u2026\u263a Zinc increases a man\u2019s potency and makes it easier for a woman to \u201esurvive\u201c PMS and also helps a woman\u2019s fertility\u2026So, consuming Pa\u0161ki sir cheese is not only a guarantee of pleasure, it is also very good for health\u2026<\/p>\n<p>There are young &amp; aged Pa\u0161ki sir cheese. They are the same product, but taste and look is so different. Young cheese is bright, softer and easier, mild and tender. It is eaten as an appetizer together with Dalmatian prosciutto or Slavonic kulen sausage. And some white wine goes nice with it\u2026<\/p>\n<p>Aged Pa\u0161ki sir cheese, on the other hand, is of harder, stronger flavour. It is eaten as dessert and it goes nice with some stronger white wine or, even better, red wine.<\/p>\n<p>&nbsp;<\/p>\n<p>And there is also MINI PA\u0160KI SIR cheese\u2026a little wheel of cheese, about 900 g. Great for a present or a nice souvenir from Pag\u2026And when you put it in this blue package\u2026you have a beautiful present for any occasion\u2026<\/p>\n<p>For the stronger taste in food, we also have GRATED PA\u0160KI SIR cheese ( RIBANI PA\u0160KI SIR ). It is grated, aged cheese that will make your meal more special\u2026<\/p>\n<p>\u201eBehind Pa\u0161ki sir cheese there is special landscape, special pastures; a rocky island full of aromatic herbs and salt brought from the Adriatic Sea by bura, a strong wind\u2026The secret of Pa\u0161ki sir cheese is the island of Pag. Pa\u0161ki sir cheese contains its essence\u2026<\/p>\n<p>The American journalist Carey Polis even wanted to marry our Pa\u0161ki sir cheese\u2026She made a list of cheeses she wants to marry\u2026Our Pa\u0161ki sir cheese is on this hot list.<\/p>\n<p>For it, she says:<\/p>\n<p>\u201ePa\u0161ki Sir, you little Croatian minx. You look pretty drab at the cheese counter with your not- particularly-lovely-yellow-brown inside. But maybe, that\u2019s just because you are hiding your beauty from undeserving suitors. But we get you. We like you. We are proud to take your buttery self to dance.\u201c<\/p>\n<p>The whole article can be seen here.<\/p>\n<p>We are specially proud that our Pa\u0161ki sir has won the Super Gold medal on World Cheese Awards 2016. in San Sebastian and was awarded as The Best Central &amp; Eastern European cheese!<\/p>\n","protected":false},"excerpt":{"rendered":"<ul>\n<li>Pa\u0161ki sir 200 g Pa\u0161ka sirana<\/li>\n<li><span class=\"HwtZe\" lang=\"en\"><span class=\"jCAhz ChMk0b\"><span class=\"ryNqvb\">Pag cheese is the <strong>oldest<\/strong> cheese on the island of Pag, it is where it all started<br \/>\n<\/span><\/span><\/span><\/li>\n<li><span class=\"HwtZe\" lang=\"en\"><span class=\"jCAhz ChMk0b\"><span class=\"ryNqvb\">We can freely call the Pag cheese factory the &#8220;mother of Pag cheese&#8221; because it is the only one with more than 70 years of tradition<\/span><\/span><\/span><\/li>\n<li><span class=\"HwtZe\" lang=\"en\"><span class=\"jCAhz ChMk0b\"><span class=\"ryNqvb\">Croatian island product<\/span><\/span><\/span><\/li>\n<li><span class=\"HwtZe\" lang=\"en\"><span class=\"jCAhz ChMk0b\"><span class=\"ryNqvb\">It is even on the list of Croatian intangible cultural heritage<\/span><\/span><\/span><\/li>\n<\/ul>\n","protected":false},"featured_media":16910,"comment_status":"open","ping_status":"closed","template":"","meta":{"_acf_changed":false},"product_brand":[],"product_cat":[408,1381,1382,377,1380,1379,1160,1152,1378],"product_tag":[1954,1953,1952,1955],"berocket_brand":[1951],"class_list":{"0":"post-16914","1":"product","2":"type-product","3":"status-publish","4":"has-post-thumbnail","6":"product_cat-dairy-eggs","7":"product_cat-dostava-en","8":"product_cat-europa-en","9":"product_cat-food2","10":"product_cat-hrvatska-en","11":"product_cat-okusi-adriu","12":"product_cat-our-recommendation","13":"product_cat-paska-sirana-pag-en","14":"product_cat-zagreb-en","15":"product_tag-croatian-island-product","16":"product_tag-order-delivery","17":"product_tag-pag-cheese-goat","18":"product_tag-paska-sirana-en","19":"berocket_brand-paska-sirana-2","21":"first","22":"instock","23":"shipping-taxable","24":"purchasable","25":"product-type-simple"},"acf":[],"yoast_head":"<!-- This site is optimized with the Yoast SEO plugin v26.9 - https:\/\/yoast.com\/product\/yoast-seo-wordpress\/ -->\n<title>Pa\u0161ki sir 200 g Pa\u0161ka sirana - Adria-Klik.com<\/title>\n<meta name=\"description\" content=\"Pa\u0161ki sir 200 g Pa\u0161ka siranaPag cheese is the oldest cheese on the island of Pag, it is where it all started order now\" \/>\n<meta name=\"robots\" content=\"index, follow, max-snippet:-1, max-image-preview:large, max-video-preview:-1\" \/>\n<link rel=\"canonical\" href=\"https:\/\/adria-klik.com\/en\/proizvod\/paski-sir-200-g-paska-sirana\/\" \/>\n<meta property=\"og:locale\" content=\"en_US\" \/>\n<meta property=\"og:type\" content=\"article\" \/>\n<meta property=\"og:title\" content=\"Pa\u0161ki sir 200 g Pa\u0161ka sirana - Adria-Klik.com\" \/>\n<meta property=\"og:description\" content=\"Pa\u0161ki sir 200 g Pa\u0161ka siranaPag cheese is the oldest cheese on the island of Pag, it is where it all started order now\" \/>\n<meta property=\"og:url\" content=\"https:\/\/adria-klik.com\/en\/proizvod\/paski-sir-200-g-paska-sirana\/\" \/>\n<meta property=\"og:site_name\" content=\"Adria-Klik.com\" \/>\n<meta property=\"article:publisher\" content=\"https:\/\/www.facebook.com\/profile.php?id=100064209425136\" \/>\n<meta property=\"article:modified_time\" content=\"2023-05-28T21:11:07+00:00\" \/>\n<meta property=\"og:image\" content=\"https:\/\/adria-klik.com\/wp-content\/uploads\/2023\/05\/Ovcji-sir-Paski-Paska-sirana-Top-premium-200g-premium-naruci-dostavu-adria-klik-supply-webshop-delivery-dostava-bolt-food-Zagreb-croatia-groceries.jpg\" \/>\n\t<meta property=\"og:image:width\" content=\"1500\" \/>\n\t<meta property=\"og:image:height\" content=\"1500\" \/>\n\t<meta property=\"og:image:type\" content=\"image\/jpeg\" \/>\n<meta name=\"twitter:card\" content=\"summary_large_image\" \/>\n<meta name=\"twitter:label1\" content=\"Est. reading time\" \/>\n\t<meta name=\"twitter:data1\" content=\"3 minutes\" \/>\n<script type=\"application\/ld+json\" class=\"yoast-schema-graph\">{\"@context\":\"https:\/\/schema.org\",\"@graph\":[{\"@type\":\"WebPage\",\"@id\":\"https:\/\/adria-klik.com\/en\/proizvod\/paski-sir-200-g-paska-sirana\/\",\"url\":\"https:\/\/adria-klik.com\/en\/proizvod\/paski-sir-200-g-paska-sirana\/\",\"name\":\"Pa\u0161ki sir 200 g Pa\u0161ka sirana - Adria-Klik.com\",\"isPartOf\":{\"@id\":\"https:\/\/adria-klik.com\/#website\"},\"primaryImageOfPage\":{\"@id\":\"https:\/\/adria-klik.com\/en\/proizvod\/paski-sir-200-g-paska-sirana\/#primaryimage\"},\"image\":{\"@id\":\"https:\/\/adria-klik.com\/en\/proizvod\/paski-sir-200-g-paska-sirana\/#primaryimage\"},\"thumbnailUrl\":\"https:\/\/adria-klik.com\/wp-content\/uploads\/2023\/05\/Ovcji-sir-Paski-Paska-sirana-Top-premium-200g-premium-naruci-dostavu-adria-klik-supply-webshop-delivery-dostava-bolt-food-Zagreb-croatia-groceries.jpg\",\"datePublished\":\"2023-05-28T21:04:09+00:00\",\"dateModified\":\"2023-05-28T21:11:07+00:00\",\"description\":\"Pa\u0161ki sir 200 g Pa\u0161ka siranaPag cheese is the oldest cheese on the island of Pag, it is where it all started order now\",\"breadcrumb\":{\"@id\":\"https:\/\/adria-klik.com\/en\/proizvod\/paski-sir-200-g-paska-sirana\/#breadcrumb\"},\"inLanguage\":\"en-US\",\"potentialAction\":[{\"@type\":\"ReadAction\",\"target\":[\"https:\/\/adria-klik.com\/en\/proizvod\/paski-sir-200-g-paska-sirana\/\"]}]},{\"@type\":\"ImageObject\",\"inLanguage\":\"en-US\",\"@id\":\"https:\/\/adria-klik.com\/en\/proizvod\/paski-sir-200-g-paska-sirana\/#primaryimage\",\"url\":\"https:\/\/adria-klik.com\/wp-content\/uploads\/2023\/05\/Ovcji-sir-Paski-Paska-sirana-Top-premium-200g-premium-naruci-dostavu-adria-klik-supply-webshop-delivery-dostava-bolt-food-Zagreb-croatia-groceries.jpg\",\"contentUrl\":\"https:\/\/adria-klik.com\/wp-content\/uploads\/2023\/05\/Ovcji-sir-Paski-Paska-sirana-Top-premium-200g-premium-naruci-dostavu-adria-klik-supply-webshop-delivery-dostava-bolt-food-Zagreb-croatia-groceries.jpg\",\"width\":1500,\"height\":1500,\"caption\":\"Pa\u0161ka Sirana proizvodi - Pa\u0161ki Sir, Dalamtinac, Parenjak , Pa\u0161kinjice- Mister Bokuni\u0107 superbrza dostava Pa\u0161kog Sira DPD GLS Wolt Glovo Bolt Food Zagreb Akcija Kupi povoljno cijena proizvodi #kupujmohrvatsko | Adria-Klik Supply superparket superbrza dostava namirnica, vina, craft piva i delicija\"},{\"@type\":\"BreadcrumbList\",\"@id\":\"https:\/\/adria-klik.com\/en\/proizvod\/paski-sir-200-g-paska-sirana\/#breadcrumb\",\"itemListElement\":[{\"@type\":\"ListItem\",\"position\":1,\"name\":\"Po\u010detna stranica\",\"item\":\"https:\/\/adria-klik.com\/en\/\"},{\"@type\":\"ListItem\",\"position\":2,\"name\":\"Shop\",\"item\":\"https:\/\/adria-klik.com\/shop\/\"},{\"@type\":\"ListItem\",\"position\":3,\"name\":\"Pa\u0161ki sir 200 g Pa\u0161ka sirana\"}]},{\"@type\":\"WebSite\",\"@id\":\"https:\/\/adria-klik.com\/#website\",\"url\":\"https:\/\/adria-klik.com\/\",\"name\":\"Adria-Klik.com\",\"description\":\"Unikatni poklon paketi, Vina, Craft pivo &amp; Delicije - webshop\",\"publisher\":{\"@id\":\"https:\/\/adria-klik.com\/#organization\"},\"potentialAction\":[{\"@type\":\"SearchAction\",\"target\":{\"@type\":\"EntryPoint\",\"urlTemplate\":\"https:\/\/adria-klik.com\/?s={search_term_string}\"},\"query-input\":{\"@type\":\"PropertyValueSpecification\",\"valueRequired\":true,\"valueName\":\"search_term_string\"}}],\"inLanguage\":\"en-US\"},{\"@type\":\"Organization\",\"@id\":\"https:\/\/adria-klik.com\/#organization\",\"name\":\"Adria-Klik.com\",\"alternateName\":\"AK\",\"url\":\"https:\/\/adria-klik.com\/\",\"logo\":{\"@type\":\"ImageObject\",\"inLanguage\":\"en-US\",\"@id\":\"https:\/\/adria-klik.com\/#\/schema\/logo\/image\/\",\"url\":\"https:\/\/adria-klik.com\/wp-content\/uploads\/2025\/12\/Adria-Klik_com-logo-namirnice-vina-craft-pivo-delikatese-delicije-artisan-cokolada.jpg\",\"contentUrl\":\"https:\/\/adria-klik.com\/wp-content\/uploads\/2025\/12\/Adria-Klik_com-logo-namirnice-vina-craft-pivo-delikatese-delicije-artisan-cokolada.jpg\",\"width\":500,\"height\":500,\"caption\":\"Adria-Klik.com\"},\"image\":{\"@id\":\"https:\/\/adria-klik.com\/#\/schema\/logo\/image\/\"},\"sameAs\":[\"https:\/\/www.facebook.com\/profile.php?id=100064209425136\",\"https:\/\/www.instagram.com\/adriaklik\/\",\"https:\/\/www.youtube.com\/user\/PlavacmaliZagreb\"]}]}<\/script>\n<!-- \/ Yoast SEO plugin. -->","yoast_head_json":{"title":"Pa\u0161ki sir 200 g Pa\u0161ka sirana - Adria-Klik.com","description":"Pa\u0161ki sir 200 g Pa\u0161ka siranaPag cheese is the oldest cheese on the island of Pag, it is where it all started order now","robots":{"index":"index","follow":"follow","max-snippet":"max-snippet:-1","max-image-preview":"max-image-preview:large","max-video-preview":"max-video-preview:-1"},"canonical":"https:\/\/adria-klik.com\/en\/proizvod\/paski-sir-200-g-paska-sirana\/","og_locale":"en_US","og_type":"article","og_title":"Pa\u0161ki sir 200 g Pa\u0161ka sirana - Adria-Klik.com","og_description":"Pa\u0161ki sir 200 g Pa\u0161ka siranaPag cheese is the oldest cheese on the island of Pag, it is where it all started order now","og_url":"https:\/\/adria-klik.com\/en\/proizvod\/paski-sir-200-g-paska-sirana\/","og_site_name":"Adria-Klik.com","article_publisher":"https:\/\/www.facebook.com\/profile.php?id=100064209425136","article_modified_time":"2023-05-28T21:11:07+00:00","og_image":[{"width":1500,"height":1500,"url":"https:\/\/adria-klik.com\/wp-content\/uploads\/2023\/05\/Ovcji-sir-Paski-Paska-sirana-Top-premium-200g-premium-naruci-dostavu-adria-klik-supply-webshop-delivery-dostava-bolt-food-Zagreb-croatia-groceries.jpg","type":"image\/jpeg"}],"twitter_card":"summary_large_image","twitter_misc":{"Est. reading time":"3 minutes"},"schema":{"@context":"https:\/\/schema.org","@graph":[{"@type":"WebPage","@id":"https:\/\/adria-klik.com\/en\/proizvod\/paski-sir-200-g-paska-sirana\/","url":"https:\/\/adria-klik.com\/en\/proizvod\/paski-sir-200-g-paska-sirana\/","name":"Pa\u0161ki sir 200 g Pa\u0161ka sirana - Adria-Klik.com","isPartOf":{"@id":"https:\/\/adria-klik.com\/#website"},"primaryImageOfPage":{"@id":"https:\/\/adria-klik.com\/en\/proizvod\/paski-sir-200-g-paska-sirana\/#primaryimage"},"image":{"@id":"https:\/\/adria-klik.com\/en\/proizvod\/paski-sir-200-g-paska-sirana\/#primaryimage"},"thumbnailUrl":"https:\/\/adria-klik.com\/wp-content\/uploads\/2023\/05\/Ovcji-sir-Paski-Paska-sirana-Top-premium-200g-premium-naruci-dostavu-adria-klik-supply-webshop-delivery-dostava-bolt-food-Zagreb-croatia-groceries.jpg","datePublished":"2023-05-28T21:04:09+00:00","dateModified":"2023-05-28T21:11:07+00:00","description":"Pa\u0161ki sir 200 g Pa\u0161ka siranaPag cheese is the oldest cheese on the island of Pag, it is where it all started order now","breadcrumb":{"@id":"https:\/\/adria-klik.com\/en\/proizvod\/paski-sir-200-g-paska-sirana\/#breadcrumb"},"inLanguage":"en-US","potentialAction":[{"@type":"ReadAction","target":["https:\/\/adria-klik.com\/en\/proizvod\/paski-sir-200-g-paska-sirana\/"]}]},{"@type":"ImageObject","inLanguage":"en-US","@id":"https:\/\/adria-klik.com\/en\/proizvod\/paski-sir-200-g-paska-sirana\/#primaryimage","url":"https:\/\/adria-klik.com\/wp-content\/uploads\/2023\/05\/Ovcji-sir-Paski-Paska-sirana-Top-premium-200g-premium-naruci-dostavu-adria-klik-supply-webshop-delivery-dostava-bolt-food-Zagreb-croatia-groceries.jpg","contentUrl":"https:\/\/adria-klik.com\/wp-content\/uploads\/2023\/05\/Ovcji-sir-Paski-Paska-sirana-Top-premium-200g-premium-naruci-dostavu-adria-klik-supply-webshop-delivery-dostava-bolt-food-Zagreb-croatia-groceries.jpg","width":1500,"height":1500,"caption":"Pa\u0161ka Sirana proizvodi - Pa\u0161ki Sir, Dalamtinac, Parenjak , Pa\u0161kinjice- Mister Bokuni\u0107 superbrza dostava Pa\u0161kog Sira DPD GLS Wolt Glovo Bolt Food Zagreb Akcija Kupi povoljno cijena proizvodi #kupujmohrvatsko | Adria-Klik Supply superparket superbrza dostava namirnica, vina, craft piva i delicija"},{"@type":"BreadcrumbList","@id":"https:\/\/adria-klik.com\/en\/proizvod\/paski-sir-200-g-paska-sirana\/#breadcrumb","itemListElement":[{"@type":"ListItem","position":1,"name":"Po\u010detna stranica","item":"https:\/\/adria-klik.com\/en\/"},{"@type":"ListItem","position":2,"name":"Shop","item":"https:\/\/adria-klik.com\/shop\/"},{"@type":"ListItem","position":3,"name":"Pa\u0161ki sir 200 g Pa\u0161ka sirana"}]},{"@type":"WebSite","@id":"https:\/\/adria-klik.com\/#website","url":"https:\/\/adria-klik.com\/","name":"Adria-Klik.com","description":"Unikatni poklon paketi, Vina, Craft pivo &amp; Delicije - webshop","publisher":{"@id":"https:\/\/adria-klik.com\/#organization"},"potentialAction":[{"@type":"SearchAction","target":{"@type":"EntryPoint","urlTemplate":"https:\/\/adria-klik.com\/?s={search_term_string}"},"query-input":{"@type":"PropertyValueSpecification","valueRequired":true,"valueName":"search_term_string"}}],"inLanguage":"en-US"},{"@type":"Organization","@id":"https:\/\/adria-klik.com\/#organization","name":"Adria-Klik.com","alternateName":"AK","url":"https:\/\/adria-klik.com\/","logo":{"@type":"ImageObject","inLanguage":"en-US","@id":"https:\/\/adria-klik.com\/#\/schema\/logo\/image\/","url":"https:\/\/adria-klik.com\/wp-content\/uploads\/2025\/12\/Adria-Klik_com-logo-namirnice-vina-craft-pivo-delikatese-delicije-artisan-cokolada.jpg","contentUrl":"https:\/\/adria-klik.com\/wp-content\/uploads\/2025\/12\/Adria-Klik_com-logo-namirnice-vina-craft-pivo-delikatese-delicije-artisan-cokolada.jpg","width":500,"height":500,"caption":"Adria-Klik.com"},"image":{"@id":"https:\/\/adria-klik.com\/#\/schema\/logo\/image\/"},"sameAs":["https:\/\/www.facebook.com\/profile.php?id=100064209425136","https:\/\/www.instagram.com\/adriaklik\/","https:\/\/www.youtube.com\/user\/PlavacmaliZagreb"]}]}},"jetpack_sharing_enabled":true,"jetpack-related-posts":[],"_links":{"self":[{"href":"https:\/\/adria-klik.com\/en\/wp-json\/wp\/v2\/product\/16914","targetHints":{"allow":["GET"]}}],"collection":[{"href":"https:\/\/adria-klik.com\/en\/wp-json\/wp\/v2\/product"}],"about":[{"href":"https:\/\/adria-klik.com\/en\/wp-json\/wp\/v2\/types\/product"}],"replies":[{"embeddable":true,"href":"https:\/\/adria-klik.com\/en\/wp-json\/wp\/v2\/comments?post=16914"}],"wp:featuredmedia":[{"embeddable":true,"href":"https:\/\/adria-klik.com\/en\/wp-json\/wp\/v2\/media\/16910"}],"wp:attachment":[{"href":"https:\/\/adria-klik.com\/en\/wp-json\/wp\/v2\/media?parent=16914"}],"wp:term":[{"taxonomy":"product_brand","embeddable":true,"href":"https:\/\/adria-klik.com\/en\/wp-json\/wp\/v2\/product_brand?post=16914"},{"taxonomy":"product_cat","embeddable":true,"href":"https:\/\/adria-klik.com\/en\/wp-json\/wp\/v2\/product_cat?post=16914"},{"taxonomy":"product_tag","embeddable":true,"href":"https:\/\/adria-klik.com\/en\/wp-json\/wp\/v2\/product_tag?post=16914"},{"taxonomy":"berocket_brand","embeddable":true,"href":"https:\/\/adria-klik.com\/en\/wp-json\/wp\/v2\/berocket_brand?post=16914"}],"curies":[{"name":"wp","href":"https:\/\/api.w.org\/{rel}","templated":true}]}}