{"id":16949,"date":"2023-06-10T21:00:39","date_gmt":"2023-06-10T19:00:39","guid":{"rendered":"https:\/\/adria-klik.com\/?post_type=product&#038;p=16949"},"modified":"2023-06-10T21:07:59","modified_gmt":"2023-06-10T19:07:59","slug":"paskinjice-chocolate-pralines-with-pag-goat-cheese-40g-paska-sirana","status":"publish","type":"product","link":"https:\/\/adria-klik.com\/en\/proizvod\/paskinjice-chocolate-pralines-with-pag-goat-cheese-40g-paska-sirana\/","title":{"rendered":"Pa\u0161kinjice &#8211; chocolate pralines with Pag Goat cheese 40g Pa\u0161ka sirana"},"content":{"rendered":"<ul>\n<li><span class=\"HwtZe\" lang=\"en\"><span class=\"jCAhz ChMk0b\"><span class=\"ryNqvb\">Pa\u0161kinjice &#8211; chocolate pralines with Pag cheese &#8211; are a romance that only happens once<\/span><\/span><\/span><\/li>\n<li><span class=\"HwtZe\" lang=\"en\"> <span class=\"jCAhz ChMk0b\"><span class=\"ryNqvb\">Dark chocolate and old Pag cheese &#8211; they are passionate lovers whose romance is known only to sophisticated taste buds.<\/span><\/span><\/span><\/li>\n<li class=\"sc-eoOUpm hkGvPr\"><span class=\"HwtZe\" lang=\"en\"><span class=\"jCAhz ChMk0b\"><span class=\"ryNqvb\">Pag cheese is the oldest cheese on the island of Pag<\/span><\/span> <\/span><\/li>\n<li class=\"sc-eoOUpm hkGvPr\"><span class=\"HwtZe\" lang=\"en\"><span class=\"jCAhz ChMk0b\"><span class=\"ryNqvb\">The story of PA\u0160KI CHEESE, the most famous and most awarded Croatian cheese, began with us<\/span><\/span> <span class=\"jCAhz ChMk0b\"><span class=\"ryNqvb\">Original island product<\/span><\/span><\/span><\/li>\n<li><span class=\"HwtZe\" lang=\"en\"><span class=\"jCAhz ChMk0b\"><span class=\"ryNqvb\"><strong>Croatian island product<\/strong><\/span><\/span><\/span><\/li>\n<li><span class=\"HwtZe\" lang=\"en\"><span class=\"jCAhz ChMk0b\"><span class=\"ryNqvb\"><strong>Pa\u0161ka sirana\u00a0<\/strong> is the <strong>oldest<\/strong> cheese on the island of Pag.<\/span><\/span><\/span><\/li>\n<li><span class=\"HwtZe\" lang=\"en\"> <span class=\"jCAhz ChMk0b\"><span class=\"ryNqvb\">The story of PASKA CHEESE, the most famous and most awarded Croatian cheese, began with us.<\/span><\/span> <\/span><\/li>\n<li><span class=\"HwtZe\" lang=\"en\"><span class=\"jCAhz ChMk0b\"><span class=\"ryNqvb\">We were the first to place Pag cheese on the market, the first to give it a label, the first to send it to competitions and win medals for it\u2026<\/span><\/span><\/span><\/li>\n<li><span class=\"HwtZe\" lang=\"en\"> <span class=\"jCAhz ChMk0b\"><span class=\"ryNqvb\">We were the first to create a brand from Pag cheese that is known today not only in Croatia but also throughout the world.<\/span><\/span><\/span><\/li>\n<li><span class=\"HwtZe\" lang=\"en\"> <span class=\"jCAhz ChMk0b\"><span class=\"ryNqvb\">We can freely call the Pag cheese factory the \u201cmother of Pag cheese\u201d because it is the only one with more than 70 years of tradition in the production of Pag cheese.<\/span><\/span><\/span><\/li>\n<li><span class=\"HwtZe\" lang=\"en\"> <span class=\"jCAhz ChMk0b\"><span class=\"ryNqvb\"><strong>Premium Pag cheese products<\/strong> \u2013 You don\u2019t have to look far for a proven aphrodisiac;<\/span><\/span> <\/span><\/li>\n<li><span class=\"HwtZe\" lang=\"en\"><span class=\"jCAhz ChMk0b\"><span class=\"ryNqvb\"><strong>Croatian island product<\/strong>, and it is even on the <strong>List of Croatian Intangible Cultural Heritage<\/strong>, so by consuming it, <strong>you directly become a consumer of culture<\/strong> \u2013 it is the <strong>one and only Pa\u0161ki cheese from Pa\u0161ka sirane!<\/strong><\/span><\/span><\/span><\/li>\n<li><\/li>\n<\/ul>\n","protected":false},"excerpt":{"rendered":"<ul>\n<li><span class=\"HwtZe\" lang=\"en\"><span class=\"jCAhz ChMk0b\"><span class=\"ryNqvb\">Pa\u0161kinjice &#8211; chocolate pralines with Pag cheese &#8211; are a romance that only happens once<\/span><\/span><\/span><\/li>\n<li><span class=\"HwtZe\" lang=\"en\"> <span class=\"jCAhz ChMk0b\"><span class=\"ryNqvb\">Dark chocolate and old Pag cheese &#8211; they are passionate lovers whose romance is known only to sophisticated taste buds.<\/span><\/span><\/span><\/li>\n<li class=\"sc-eoOUpm hkGvPr\"><span class=\"HwtZe\" lang=\"en\"><span class=\"jCAhz ChMk0b\"><span class=\"ryNqvb\">Pag cheese is the oldest cheese on the island of Pag<\/span><\/span> <\/span><\/li>\n<li class=\"sc-eoOUpm hkGvPr\"><span class=\"HwtZe\" lang=\"en\"><span class=\"jCAhz ChMk0b\"><span class=\"ryNqvb\">The story of PA\u0160KI CHEESE, the most famous and most awarded Croatian cheese, began with us<\/span><\/span> <span class=\"jCAhz ChMk0b\"><span class=\"ryNqvb\">Original island product<\/span><\/span><\/span><\/li>\n<li><span class=\"HwtZe\" lang=\"en\"><span class=\"jCAhz ChMk0b\"><span class=\"ryNqvb\"><strong>Croatian island product<\/strong><\/span><\/span><\/span><\/li>\n<li><span class=\"HwtZe\" lang=\"en\"><span class=\"jCAhz ChMk0b\"><span class=\"ryNqvb\"><strong>Pa\u0161ka sirana\u00a0<\/strong> is the <strong>oldest<\/strong> cheese on the island of Pag.<\/span><\/span><\/span><\/li>\n<\/ul>\n","protected":false},"featured_media":16947,"comment_status":"open","ping_status":"closed","template":"","meta":{"_acf_changed":false},"product_brand":[],"product_cat":[408,1381,1382,377,1380,1379,1160,1152,384,1378],"product_tag":[1968,1952,1955],"berocket_brand":[1951],"class_list":{"0":"post-16949","1":"product","2":"type-product","3":"status-publish","4":"has-post-thumbnail","6":"product_cat-dairy-eggs","7":"product_cat-dostava-en","8":"product_cat-europa-en","9":"product_cat-food2","10":"product_cat-hrvatska-en","11":"product_cat-okusi-adriu","12":"product_cat-our-recommendation","13":"product_cat-paska-sirana-pag-en","14":"product_cat-promotions","15":"product_cat-zagreb-en","16":"product_tag-chicolate-praline-premium-paska-sirana","17":"product_tag-pag-cheese-goat","18":"product_tag-paska-sirana-en","19":"berocket_brand-paska-sirana-2","21":"first","22":"outofstock","23":"shipping-taxable","24":"purchasable","25":"product-type-simple"},"acf":[],"yoast_head":"<!-- This site is optimized with the Yoast SEO plugin v26.9 - https:\/\/yoast.com\/product\/yoast-seo-wordpress\/ -->\n<title>Pa\u0161kinjice - chocolate pralines with Pag Goat cheese 40g Pa\u0161ka sirana - Adria-Klik.com<\/title>\n<meta name=\"description\" content=\"Pa\u0161kinjice - chocolate pralines with Pag Goat cheese 40g Pa\u0161ka sirana - Order now delivery Pa\u0161ka sirana products Croatia finest\" \/>\n<meta name=\"robots\" content=\"index, follow, max-snippet:-1, max-image-preview:large, max-video-preview:-1\" \/>\n<link rel=\"canonical\" href=\"https:\/\/adria-klik.com\/en\/proizvod\/paskinjice-chocolate-pralines-with-pag-goat-cheese-40g-paska-sirana\/\" \/>\n<meta property=\"og:locale\" content=\"en_US\" \/>\n<meta property=\"og:type\" content=\"article\" \/>\n<meta property=\"og:title\" content=\"Pa\u0161kinjice - chocolate pralines with Pag Goat cheese 40g Pa\u0161ka sirana - Adria-Klik.com\" \/>\n<meta property=\"og:description\" content=\"Pa\u0161kinjice - chocolate pralines with Pag Goat cheese 40g Pa\u0161ka sirana - Order now delivery Pa\u0161ka sirana products Croatia finest\" \/>\n<meta property=\"og:url\" content=\"https:\/\/adria-klik.com\/en\/proizvod\/paskinjice-chocolate-pralines-with-pag-goat-cheese-40g-paska-sirana\/\" \/>\n<meta property=\"og:site_name\" content=\"Adria-Klik.com\" \/>\n<meta property=\"article:publisher\" content=\"https:\/\/www.facebook.com\/profile.php?id=100064209425136\" \/>\n<meta property=\"article:modified_time\" content=\"2023-06-10T19:07:59+00:00\" \/>\n<meta property=\"og:image\" content=\"https:\/\/adria-klik.com\/wp-content\/uploads\/2023\/06\/Paskinjice-Paska-sirana-praline-cokolada-s-paskim-sirom-40g-naruci-dostavu-adria-klik-supply-webshop-delivery-dostava-wolt-glovo-bolt-food-croatia-groceries.jpg\" \/>\n\t<meta property=\"og:image:width\" content=\"1500\" \/>\n\t<meta property=\"og:image:height\" content=\"1500\" \/>\n\t<meta property=\"og:image:type\" content=\"image\/jpeg\" \/>\n<meta name=\"twitter:card\" content=\"summary_large_image\" \/>\n<meta name=\"twitter:label1\" content=\"Est. reading time\" \/>\n\t<meta name=\"twitter:data1\" content=\"1 minute\" \/>\n<script type=\"application\/ld+json\" class=\"yoast-schema-graph\">{\"@context\":\"https:\/\/schema.org\",\"@graph\":[{\"@type\":\"WebPage\",\"@id\":\"https:\/\/adria-klik.com\/en\/proizvod\/paskinjice-chocolate-pralines-with-pag-goat-cheese-40g-paska-sirana\/\",\"url\":\"https:\/\/adria-klik.com\/en\/proizvod\/paskinjice-chocolate-pralines-with-pag-goat-cheese-40g-paska-sirana\/\",\"name\":\"Pa\u0161kinjice - chocolate pralines with Pag Goat cheese 40g Pa\u0161ka sirana - Adria-Klik.com\",\"isPartOf\":{\"@id\":\"https:\/\/adria-klik.com\/#website\"},\"primaryImageOfPage\":{\"@id\":\"https:\/\/adria-klik.com\/en\/proizvod\/paskinjice-chocolate-pralines-with-pag-goat-cheese-40g-paska-sirana\/#primaryimage\"},\"image\":{\"@id\":\"https:\/\/adria-klik.com\/en\/proizvod\/paskinjice-chocolate-pralines-with-pag-goat-cheese-40g-paska-sirana\/#primaryimage\"},\"thumbnailUrl\":\"https:\/\/adria-klik.com\/wp-content\/uploads\/2023\/06\/Paskinjice-Paska-sirana-praline-cokolada-s-paskim-sirom-40g-naruci-dostavu-adria-klik-supply-webshop-delivery-dostava-wolt-glovo-bolt-food-croatia-groceries.jpg\",\"datePublished\":\"2023-06-10T19:00:39+00:00\",\"dateModified\":\"2023-06-10T19:07:59+00:00\",\"description\":\"Pa\u0161kinjice - chocolate pralines with Pag Goat cheese 40g Pa\u0161ka sirana - Order now delivery Pa\u0161ka sirana products Croatia finest\",\"breadcrumb\":{\"@id\":\"https:\/\/adria-klik.com\/en\/proizvod\/paskinjice-chocolate-pralines-with-pag-goat-cheese-40g-paska-sirana\/#breadcrumb\"},\"inLanguage\":\"en-US\",\"potentialAction\":[{\"@type\":\"ReadAction\",\"target\":[\"https:\/\/adria-klik.com\/en\/proizvod\/paskinjice-chocolate-pralines-with-pag-goat-cheese-40g-paska-sirana\/\"]}]},{\"@type\":\"ImageObject\",\"inLanguage\":\"en-US\",\"@id\":\"https:\/\/adria-klik.com\/en\/proizvod\/paskinjice-chocolate-pralines-with-pag-goat-cheese-40g-paska-sirana\/#primaryimage\",\"url\":\"https:\/\/adria-klik.com\/wp-content\/uploads\/2023\/06\/Paskinjice-Paska-sirana-praline-cokolada-s-paskim-sirom-40g-naruci-dostavu-adria-klik-supply-webshop-delivery-dostava-wolt-glovo-bolt-food-croatia-groceries.jpg\",\"contentUrl\":\"https:\/\/adria-klik.com\/wp-content\/uploads\/2023\/06\/Paskinjice-Paska-sirana-praline-cokolada-s-paskim-sirom-40g-naruci-dostavu-adria-klik-supply-webshop-delivery-dostava-wolt-glovo-bolt-food-croatia-groceries.jpg\",\"width\":1500,\"height\":1500,\"caption\":\"Pa\u0161ka Sirana proizvodi - Pa\u0161ki Sir, Dalamtinac, Parenjak , Pa\u0161kinjice- Mister Bokuni\u0107 superbrza dostava Pa\u0161kog Sira DPD GLS Wolt Glovo Bolt Food Zagreb Akcija Kupi povoljno cijena proizvodi #kupujmohrvatsko | Adria-Klik Supply superparket superbrza dostava namirnica, vina, craft piva i delicija\"},{\"@type\":\"BreadcrumbList\",\"@id\":\"https:\/\/adria-klik.com\/en\/proizvod\/paskinjice-chocolate-pralines-with-pag-goat-cheese-40g-paska-sirana\/#breadcrumb\",\"itemListElement\":[{\"@type\":\"ListItem\",\"position\":1,\"name\":\"Po\u010detna stranica\",\"item\":\"https:\/\/adria-klik.com\/en\/\"},{\"@type\":\"ListItem\",\"position\":2,\"name\":\"Shop\",\"item\":\"https:\/\/adria-klik.com\/shop\/\"},{\"@type\":\"ListItem\",\"position\":3,\"name\":\"Pa\u0161kinjice &#8211; chocolate pralines with Pag Goat cheese 40g Pa\u0161ka sirana\"}]},{\"@type\":\"WebSite\",\"@id\":\"https:\/\/adria-klik.com\/#website\",\"url\":\"https:\/\/adria-klik.com\/\",\"name\":\"Adria-Klik.com\",\"description\":\"Unikatni poklon paketi, Vina, Craft pivo &amp; Delicije - webshop\",\"publisher\":{\"@id\":\"https:\/\/adria-klik.com\/#organization\"},\"potentialAction\":[{\"@type\":\"SearchAction\",\"target\":{\"@type\":\"EntryPoint\",\"urlTemplate\":\"https:\/\/adria-klik.com\/?s={search_term_string}\"},\"query-input\":{\"@type\":\"PropertyValueSpecification\",\"valueRequired\":true,\"valueName\":\"search_term_string\"}}],\"inLanguage\":\"en-US\"},{\"@type\":\"Organization\",\"@id\":\"https:\/\/adria-klik.com\/#organization\",\"name\":\"Adria-Klik.com\",\"alternateName\":\"AK\",\"url\":\"https:\/\/adria-klik.com\/\",\"logo\":{\"@type\":\"ImageObject\",\"inLanguage\":\"en-US\",\"@id\":\"https:\/\/adria-klik.com\/#\/schema\/logo\/image\/\",\"url\":\"https:\/\/adria-klik.com\/wp-content\/uploads\/2025\/12\/Adria-Klik_com-logo-namirnice-vina-craft-pivo-delikatese-delicije-artisan-cokolada.jpg\",\"contentUrl\":\"https:\/\/adria-klik.com\/wp-content\/uploads\/2025\/12\/Adria-Klik_com-logo-namirnice-vina-craft-pivo-delikatese-delicije-artisan-cokolada.jpg\",\"width\":500,\"height\":500,\"caption\":\"Adria-Klik.com\"},\"image\":{\"@id\":\"https:\/\/adria-klik.com\/#\/schema\/logo\/image\/\"},\"sameAs\":[\"https:\/\/www.facebook.com\/profile.php?id=100064209425136\",\"https:\/\/www.instagram.com\/adriaklik\/\",\"https:\/\/www.youtube.com\/user\/PlavacmaliZagreb\"]}]}<\/script>\n<!-- \/ Yoast SEO plugin. -->","yoast_head_json":{"title":"Pa\u0161kinjice - chocolate pralines with Pag Goat cheese 40g Pa\u0161ka sirana - Adria-Klik.com","description":"Pa\u0161kinjice - chocolate pralines with Pag Goat cheese 40g Pa\u0161ka sirana - Order now delivery Pa\u0161ka sirana products Croatia finest","robots":{"index":"index","follow":"follow","max-snippet":"max-snippet:-1","max-image-preview":"max-image-preview:large","max-video-preview":"max-video-preview:-1"},"canonical":"https:\/\/adria-klik.com\/en\/proizvod\/paskinjice-chocolate-pralines-with-pag-goat-cheese-40g-paska-sirana\/","og_locale":"en_US","og_type":"article","og_title":"Pa\u0161kinjice - chocolate pralines with Pag Goat cheese 40g Pa\u0161ka sirana - Adria-Klik.com","og_description":"Pa\u0161kinjice - chocolate pralines with Pag Goat cheese 40g Pa\u0161ka sirana - Order now delivery Pa\u0161ka sirana products Croatia finest","og_url":"https:\/\/adria-klik.com\/en\/proizvod\/paskinjice-chocolate-pralines-with-pag-goat-cheese-40g-paska-sirana\/","og_site_name":"Adria-Klik.com","article_publisher":"https:\/\/www.facebook.com\/profile.php?id=100064209425136","article_modified_time":"2023-06-10T19:07:59+00:00","og_image":[{"width":1500,"height":1500,"url":"https:\/\/adria-klik.com\/wp-content\/uploads\/2023\/06\/Paskinjice-Paska-sirana-praline-cokolada-s-paskim-sirom-40g-naruci-dostavu-adria-klik-supply-webshop-delivery-dostava-wolt-glovo-bolt-food-croatia-groceries.jpg","type":"image\/jpeg"}],"twitter_card":"summary_large_image","twitter_misc":{"Est. reading time":"1 minute"},"schema":{"@context":"https:\/\/schema.org","@graph":[{"@type":"WebPage","@id":"https:\/\/adria-klik.com\/en\/proizvod\/paskinjice-chocolate-pralines-with-pag-goat-cheese-40g-paska-sirana\/","url":"https:\/\/adria-klik.com\/en\/proizvod\/paskinjice-chocolate-pralines-with-pag-goat-cheese-40g-paska-sirana\/","name":"Pa\u0161kinjice - chocolate pralines with Pag Goat cheese 40g Pa\u0161ka sirana - Adria-Klik.com","isPartOf":{"@id":"https:\/\/adria-klik.com\/#website"},"primaryImageOfPage":{"@id":"https:\/\/adria-klik.com\/en\/proizvod\/paskinjice-chocolate-pralines-with-pag-goat-cheese-40g-paska-sirana\/#primaryimage"},"image":{"@id":"https:\/\/adria-klik.com\/en\/proizvod\/paskinjice-chocolate-pralines-with-pag-goat-cheese-40g-paska-sirana\/#primaryimage"},"thumbnailUrl":"https:\/\/adria-klik.com\/wp-content\/uploads\/2023\/06\/Paskinjice-Paska-sirana-praline-cokolada-s-paskim-sirom-40g-naruci-dostavu-adria-klik-supply-webshop-delivery-dostava-wolt-glovo-bolt-food-croatia-groceries.jpg","datePublished":"2023-06-10T19:00:39+00:00","dateModified":"2023-06-10T19:07:59+00:00","description":"Pa\u0161kinjice - chocolate pralines with Pag Goat cheese 40g Pa\u0161ka sirana - Order now delivery Pa\u0161ka sirana products Croatia finest","breadcrumb":{"@id":"https:\/\/adria-klik.com\/en\/proizvod\/paskinjice-chocolate-pralines-with-pag-goat-cheese-40g-paska-sirana\/#breadcrumb"},"inLanguage":"en-US","potentialAction":[{"@type":"ReadAction","target":["https:\/\/adria-klik.com\/en\/proizvod\/paskinjice-chocolate-pralines-with-pag-goat-cheese-40g-paska-sirana\/"]}]},{"@type":"ImageObject","inLanguage":"en-US","@id":"https:\/\/adria-klik.com\/en\/proizvod\/paskinjice-chocolate-pralines-with-pag-goat-cheese-40g-paska-sirana\/#primaryimage","url":"https:\/\/adria-klik.com\/wp-content\/uploads\/2023\/06\/Paskinjice-Paska-sirana-praline-cokolada-s-paskim-sirom-40g-naruci-dostavu-adria-klik-supply-webshop-delivery-dostava-wolt-glovo-bolt-food-croatia-groceries.jpg","contentUrl":"https:\/\/adria-klik.com\/wp-content\/uploads\/2023\/06\/Paskinjice-Paska-sirana-praline-cokolada-s-paskim-sirom-40g-naruci-dostavu-adria-klik-supply-webshop-delivery-dostava-wolt-glovo-bolt-food-croatia-groceries.jpg","width":1500,"height":1500,"caption":"Pa\u0161ka Sirana proizvodi - Pa\u0161ki Sir, Dalamtinac, Parenjak , Pa\u0161kinjice- Mister Bokuni\u0107 superbrza dostava Pa\u0161kog Sira DPD GLS Wolt Glovo Bolt Food Zagreb Akcija Kupi povoljno cijena proizvodi #kupujmohrvatsko | Adria-Klik Supply superparket superbrza dostava namirnica, vina, craft piva i delicija"},{"@type":"BreadcrumbList","@id":"https:\/\/adria-klik.com\/en\/proizvod\/paskinjice-chocolate-pralines-with-pag-goat-cheese-40g-paska-sirana\/#breadcrumb","itemListElement":[{"@type":"ListItem","position":1,"name":"Po\u010detna stranica","item":"https:\/\/adria-klik.com\/en\/"},{"@type":"ListItem","position":2,"name":"Shop","item":"https:\/\/adria-klik.com\/shop\/"},{"@type":"ListItem","position":3,"name":"Pa\u0161kinjice &#8211; chocolate pralines with Pag Goat cheese 40g Pa\u0161ka sirana"}]},{"@type":"WebSite","@id":"https:\/\/adria-klik.com\/#website","url":"https:\/\/adria-klik.com\/","name":"Adria-Klik.com","description":"Unikatni poklon paketi, Vina, Craft pivo &amp; Delicije - webshop","publisher":{"@id":"https:\/\/adria-klik.com\/#organization"},"potentialAction":[{"@type":"SearchAction","target":{"@type":"EntryPoint","urlTemplate":"https:\/\/adria-klik.com\/?s={search_term_string}"},"query-input":{"@type":"PropertyValueSpecification","valueRequired":true,"valueName":"search_term_string"}}],"inLanguage":"en-US"},{"@type":"Organization","@id":"https:\/\/adria-klik.com\/#organization","name":"Adria-Klik.com","alternateName":"AK","url":"https:\/\/adria-klik.com\/","logo":{"@type":"ImageObject","inLanguage":"en-US","@id":"https:\/\/adria-klik.com\/#\/schema\/logo\/image\/","url":"https:\/\/adria-klik.com\/wp-content\/uploads\/2025\/12\/Adria-Klik_com-logo-namirnice-vina-craft-pivo-delikatese-delicije-artisan-cokolada.jpg","contentUrl":"https:\/\/adria-klik.com\/wp-content\/uploads\/2025\/12\/Adria-Klik_com-logo-namirnice-vina-craft-pivo-delikatese-delicije-artisan-cokolada.jpg","width":500,"height":500,"caption":"Adria-Klik.com"},"image":{"@id":"https:\/\/adria-klik.com\/#\/schema\/logo\/image\/"},"sameAs":["https:\/\/www.facebook.com\/profile.php?id=100064209425136","https:\/\/www.instagram.com\/adriaklik\/","https:\/\/www.youtube.com\/user\/PlavacmaliZagreb"]}]}},"jetpack_sharing_enabled":true,"jetpack-related-posts":[],"_links":{"self":[{"href":"https:\/\/adria-klik.com\/en\/wp-json\/wp\/v2\/product\/16949","targetHints":{"allow":["GET"]}}],"collection":[{"href":"https:\/\/adria-klik.com\/en\/wp-json\/wp\/v2\/product"}],"about":[{"href":"https:\/\/adria-klik.com\/en\/wp-json\/wp\/v2\/types\/product"}],"replies":[{"embeddable":true,"href":"https:\/\/adria-klik.com\/en\/wp-json\/wp\/v2\/comments?post=16949"}],"wp:featuredmedia":[{"embeddable":true,"href":"https:\/\/adria-klik.com\/en\/wp-json\/wp\/v2\/media\/16947"}],"wp:attachment":[{"href":"https:\/\/adria-klik.com\/en\/wp-json\/wp\/v2\/media?parent=16949"}],"wp:term":[{"taxonomy":"product_brand","embeddable":true,"href":"https:\/\/adria-klik.com\/en\/wp-json\/wp\/v2\/product_brand?post=16949"},{"taxonomy":"product_cat","embeddable":true,"href":"https:\/\/adria-klik.com\/en\/wp-json\/wp\/v2\/product_cat?post=16949"},{"taxonomy":"product_tag","embeddable":true,"href":"https:\/\/adria-klik.com\/en\/wp-json\/wp\/v2\/product_tag?post=16949"},{"taxonomy":"berocket_brand","embeddable":true,"href":"https:\/\/adria-klik.com\/en\/wp-json\/wp\/v2\/berocket_brand?post=16949"}],"curies":[{"name":"wp","href":"https:\/\/api.w.org\/{rel}","templated":true}]}}