{"id":16983,"date":"2023-07-29T01:13:06","date_gmt":"2023-07-28T23:13:06","guid":{"rendered":"https:\/\/adria-klik.com\/?post_type=product&#038;p=16983"},"modified":"2023-07-29T01:29:02","modified_gmt":"2023-07-28T23:29:02","slug":"new-vinkomir-premium-grasevina-2022-0-75l","status":"publish","type":"product","link":"https:\/\/adria-klik.com\/en\/proizvod\/new-vinkomir-premium-grasevina-2022-0-75l\/","title":{"rendered":"NEW!  Vinkomir Premium Gra\u0161evina 2022 0,75l Kutjevo"},"content":{"rendered":"<ul>\n<li><span class=\"HwtZe\" lang=\"en\"><span class=\"jCAhz ChMk0b\"><span class=\"ryNqvb\"><strong>NEW<\/strong>!<\/span><\/span> <span class=\"jCAhz ChMk0b\"><span class=\"ryNqvb\">Vinkomir Premium Gra\u0161evina 2022 0.75l <\/span><\/span><\/span><\/li>\n<li><span class=\"HwtZe\" lang=\"en\"><span class=\"jCAhz ChMk0b\"><span class=\"ryNqvb\">Kutjevo<\/span><\/span> <span class=\"jCAhz ChMk0b\"><span class=\"ryNqvb\"><strong>Single vineyard<\/strong> line of premium Gra\u0161evina produced from hand-picked and selected grapes<\/span><\/span><\/span><\/li>\n<li><span class=\"HwtZe\" lang=\"en\">\u00a0<span class=\"jCAhz ChMk0b\"><span class=\"ryNqvb\">A striking wine with a golden-yellow color, a seductive appearance and an effective label that maintains the distinctive style of the Kutjevac terroir<\/span><\/span><\/span><\/li>\n<li><span class=\"HwtZe\" lang=\"en\"> <span class=\"jCAhz ChMk0b\"><span class=\"ryNqvb\">It emits a <strong>seductive<\/strong> fragrance with a handful of fruity aromas such as pear, apple and citrus<\/span><\/span> <\/span><\/li>\n<li><span class=\"HwtZe\" lang=\"en\"><span class=\"jCAhz ChMk0b\"><span class=\"ryNqvb\">On the palate, it has an enticing branched, smooth and juicy texture and is intensely melodic<\/span><\/span> <\/span><\/li>\n<li><span class=\"HwtZe\" lang=\"en\"><span class=\"jCAhz ChMk0b\"><span class=\"ryNqvb\">It summarizes pleasant freshness with a light floral and mineral note, but also a long crisp finish with a mild malty taste<\/span><\/span><\/span><\/li>\n<li><span class=\"HwtZe\" lang=\"en\"> <span class=\"jCAhz ChMk0b\"><span class=\"ryNqvb\">It <strong>should<\/strong> be cooled to 13-14\u00b0C with fish specialties and white meat dishes<\/span><\/span><\/span><\/li>\n<li><span class=\"HwtZe\" lang=\"en\"> <span class=\"jCAhz ChMk0b\"><span class=\"ryNqvb\">On the southern slopes of Mount Krndija, at the foot of the top of Kapovac, there is a unique wine-growing location called Vinkomir<\/span><\/span> <\/span><\/li>\n<li><span class=\"HwtZe\" lang=\"en\"><span class=\"jCAhz ChMk0b\"><span class=\"ryNqvb\">The specified position gives the <strong>single vineyard line<\/strong> of wines with the same name<\/span><\/span> <\/span><\/li>\n<li><span class=\"HwtZe\" lang=\"en\"><span class=\"jCAhz ChMk0b\"><span class=\"ryNqvb\">With every glass, you can feel the charm of the place where this extremely harmonious and harmonious wine was created with special gastronomic delicacies<\/span><\/span><\/span><\/li>\n<li><span class=\"HwtZe\" lang=\"en\"> <span class=\"jCAhz ChMk0b\"><span class=\"ryNqvb\"><strong>Order<\/strong> the delivery of top wines Kutjevo<\/span><\/span><\/span><\/li>\n<\/ul>\n","protected":false},"excerpt":{"rendered":"<ul>\n<li><span class=\"HwtZe\" lang=\"en\"><span class=\"jCAhz ChMk0b\"><span class=\"ryNqvb\"><strong>NEW!<\/strong><\/span><\/span> <span class=\"jCAhz ChMk0b\"><span class=\"ryNqvb\">Vinkomir Premium Gra\u0161evina 2022 0.75l <\/span><\/span><\/span><\/li>\n<li><span class=\"HwtZe\" lang=\"en\"><span class=\"jCAhz ChMk0b\"><span class=\"ryNqvb\">Kutjevo<\/span><\/span> <span class=\"jCAhz ChMk0b\"><span class=\"ryNqvb\"><strong>Single vineyard<\/strong> line of premium Gra\u0161evina produced from hand-picked and selected grapes<\/span><\/span><\/span><\/li>\n<li><span class=\"HwtZe\" lang=\"en\"><span class=\"jCAhz ChMk0b\"><span class=\"ryNqvb\">The specified position gives the <strong>single vineyard line<\/strong> of wines with the same name<\/span><\/span><\/span><\/li>\n<li><span class=\"HwtZe\" lang=\"en\"><span class=\"jCAhz ChMk0b\"><span class=\"ryNqvb\">It emits a <strong>seductive<\/strong> fragrance with a handful of fruity aromas such as pear, apple and citrus<\/span><\/span><\/span><\/li>\n<li>Top <strong>Premium<\/strong> wine<\/li>\n<li><span class=\"HwtZe\" lang=\"en\"><span class=\"jCAhz ChMk0b\"><span class=\"ryNqvb\"><strong>Order<\/strong> the delivery of top wines Kutjevo<\/span><\/span><\/span><\/li>\n<\/ul>\n","protected":false},"featured_media":16982,"comment_status":"open","ping_status":"closed","template":"","meta":{"_acf_changed":false},"product_brand":[],"product_cat":[1381,1382,1380,1379,1160,387,384,426,382,1378],"product_tag":[2003,2004,2002],"berocket_brand":[474],"class_list":{"0":"post-16983","1":"product","2":"type-product","3":"status-publish","4":"has-post-thumbnail","6":"product_cat-dostava-en","7":"product_cat-europa-en","8":"product_cat-hrvatska-en","9":"product_cat-okusi-adriu","10":"product_cat-our-recommendation","11":"product_cat-premium","12":"product_cat-promotions","13":"product_cat-white","14":"product_cat-wine","15":"product_cat-zagreb-en","16":"product_tag-new-wine-from-kutjevo","17":"product_tag-single-vineyard-en","18":"product_tag-vinkomir-premium-grasevina","19":"berocket_brand-kutjevo","21":"first","22":"outofstock","23":"sale","24":"featured","25":"shipping-taxable","26":"purchasable","27":"product-type-simple"},"acf":[],"yoast_head":"<!-- This site is optimized with the Yoast SEO plugin v26.9 - https:\/\/yoast.com\/product\/yoast-seo-wordpress\/ -->\n<title>NEW! Vinkomir Premium Gra\u0161evina 2022 0,75l Kutjevo - Adria-Klik.com<\/title>\n<meta name=\"description\" content=\"NEW! Vinkomir Premium Gra\u0161evina 2022 0.75l Kutjevo Single vineyard line of premium Gra\u0161evina produced from hand-picked and selected grapes\" \/>\n<meta name=\"robots\" content=\"index, follow, max-snippet:-1, max-image-preview:large, max-video-preview:-1\" \/>\n<link rel=\"canonical\" href=\"https:\/\/adria-klik.com\/proizvod\/novo-vinkomir-vrhunska-grasevina-2022-075l-kutjevo\/\" \/>\n<meta property=\"og:locale\" content=\"en_US\" \/>\n<meta property=\"og:type\" content=\"article\" \/>\n<meta property=\"og:title\" content=\"NEW! Vinkomir Premium Gra\u0161evina 2022 0.75l Kutjevo Single vineyard line of premium Gra\u0161evina produced from hand-picked and selected grapes\" \/>\n<meta property=\"og:description\" content=\"NEW! Vinkomir Premium Gra\u0161evina 2022 0.75l Kutjevo Single vineyard line of premium Gra\u0161evina produced from hand-picked and selected grapes\" \/>\n<meta property=\"og:url\" content=\"https:\/\/adria-klik.com\/proizvod\/novo-vinkomir-vrhunska-grasevina-2022-075l-kutjevo\/\" \/>\n<meta property=\"og:site_name\" content=\"Adria-Klik.com\" \/>\n<meta property=\"article:publisher\" content=\"https:\/\/www.facebook.com\/profile.php?id=100064209425136\" \/>\n<meta property=\"article:modified_time\" content=\"2023-07-28T23:29:02+00:00\" \/>\n<meta property=\"og:image\" content=\"https:\/\/adria-klik.com\/wp-content\/uploads\/2023\/07\/Vinkomir-NOVO-075l-Vrhunska-grasevina_kutjevo-premium-high-quality-top-wein-kroatien-Kutjevo-Vrhunska-Grasevina_brza_dostava_webshop_Croatia-zagreb.jpg\" \/>\n\t<meta property=\"og:image:width\" content=\"1500\" \/>\n\t<meta property=\"og:image:height\" content=\"1500\" \/>\n\t<meta property=\"og:image:type\" content=\"image\/jpeg\" \/>\n<meta name=\"twitter:card\" content=\"summary_large_image\" \/>\n<meta name=\"twitter:title\" content=\"NEW! Vinkomir Premium Gra\u0161evina 2022 0.75l Kutjevo Single vineyard line of premium Gra\u0161evina produced from hand-picked and selected grapes\" \/>\n<meta name=\"twitter:description\" content=\"NEW! Vinkomir Premium Gra\u0161evina 2022 0.75l Kutjevo Single vineyard line of premium Gra\u0161evina produced from hand-picked and selected grapes\" \/>\n<meta name=\"twitter:image\" content=\"https:\/\/adria-klik.com\/wp-content\/uploads\/2023\/07\/Vinkomir-NOVO-075l-Vrhunska-grasevina_kutjevo-premium-high-quality-top-wein-kroatien-Kutjevo-Vrhunska-Grasevina_brza_dostava_webshop_Croatia-zagreb.jpg\" \/>\n<meta name=\"twitter:label1\" content=\"Est. reading time\" \/>\n\t<meta name=\"twitter:data1\" content=\"1 minute\" \/>\n<script type=\"application\/ld+json\" class=\"yoast-schema-graph\">{\"@context\":\"https:\/\/schema.org\",\"@graph\":[{\"@type\":\"WebPage\",\"@id\":\"https:\/\/adria-klik.com\/proizvod\/novo-vinkomir-vrhunska-grasevina-2022-075l-kutjevo\/\",\"url\":\"https:\/\/adria-klik.com\/proizvod\/novo-vinkomir-vrhunska-grasevina-2022-075l-kutjevo\/\",\"name\":\"NEW! Vinkomir Premium Gra\u0161evina 2022 0,75l Kutjevo - Adria-Klik.com\",\"isPartOf\":{\"@id\":\"https:\/\/adria-klik.com\/#website\"},\"primaryImageOfPage\":{\"@id\":\"https:\/\/adria-klik.com\/proizvod\/novo-vinkomir-vrhunska-grasevina-2022-075l-kutjevo\/#primaryimage\"},\"image\":{\"@id\":\"https:\/\/adria-klik.com\/proizvod\/novo-vinkomir-vrhunska-grasevina-2022-075l-kutjevo\/#primaryimage\"},\"thumbnailUrl\":\"https:\/\/adria-klik.com\/wp-content\/uploads\/2023\/07\/Vinkomir-NOVO-075l-Vrhunska-grasevina_kutjevo-premium-high-quality-top-wein-kroatien-Kutjevo-Vrhunska-Grasevina_brza_dostava_webshop_Croatia-zagreb.jpg\",\"datePublished\":\"2023-07-28T23:13:06+00:00\",\"dateModified\":\"2023-07-28T23:29:02+00:00\",\"description\":\"NEW! Vinkomir Premium Gra\u0161evina 2022 0.75l Kutjevo Single vineyard line of premium Gra\u0161evina produced from hand-picked and selected grapes\",\"breadcrumb\":{\"@id\":\"https:\/\/adria-klik.com\/proizvod\/novo-vinkomir-vrhunska-grasevina-2022-075l-kutjevo\/#breadcrumb\"},\"inLanguage\":\"en-US\",\"potentialAction\":[{\"@type\":\"ReadAction\",\"target\":[\"https:\/\/adria-klik.com\/proizvod\/novo-vinkomir-vrhunska-grasevina-2022-075l-kutjevo\/\"]}]},{\"@type\":\"ImageObject\",\"inLanguage\":\"en-US\",\"@id\":\"https:\/\/adria-klik.com\/proizvod\/novo-vinkomir-vrhunska-grasevina-2022-075l-kutjevo\/#primaryimage\",\"url\":\"https:\/\/adria-klik.com\/wp-content\/uploads\/2023\/07\/Vinkomir-NOVO-075l-Vrhunska-grasevina_kutjevo-premium-high-quality-top-wein-kroatien-Kutjevo-Vrhunska-Grasevina_brza_dostava_webshop_Croatia-zagreb.jpg\",\"contentUrl\":\"https:\/\/adria-klik.com\/wp-content\/uploads\/2023\/07\/Vinkomir-NOVO-075l-Vrhunska-grasevina_kutjevo-premium-high-quality-top-wein-kroatien-Kutjevo-Vrhunska-Grasevina_brza_dostava_webshop_Croatia-zagreb.jpg\",\"width\":1500,\"height\":1500,\"caption\":\"| Adria-Klik Supply webshop trgovina dostava namirnica, vina, craft piva i delicija Superbrza dostava Zagreb Wolt Glovo Bolt-Food i Hrvatska i EU DPD GLS - vinska logistika #kupujmohrvatsko Naru\u00c3\u201e\u00c2\u008di dostavu Adria Klik dostava Namirnica, Vina, Craft piva, Delicija, Organsko, Eko, Bio, ekskluzivan izbor domacih vinara! Unikati pokloni Bontonic Canna Mariniana, CBD CBG Croatia Organic HEMP industrijska konoplja Cannabiotics Cannabiotics CroCanna Devetka Free Spirit Me\u00c3\u201e\u00e2\u20ac\u02dcimurje Greenall's Original Johhnie Walker Karlova\u00c3\u201e\u00c2\u008dko Kostelac rakije LAB Split pivovara Lepi De\u00c3\u201e\u00c2\u008dki Li\u00c3\u201e\u00c2\u008danka Pivovara Nova Runda Nova Runda OPG Marevi\u00c3\u201e\u00e2\u20ac\u00a1 Palihni\u00c3\u201e\u00e2\u20ac\u00a1 Pelje\u00c3\u2026\u00c2\u00a1ki Vrhovi - PZ Janjina Pelje\u00c3\u2026\u00c2\u00a1ki Vrhovi - PZ Janjina Ravalico Saperlot Saperlot Brewery StartCBD Tvornica leda Velebitska Degenija Vislander Vislander Vislander Vislander Volimljuto Zlatarna \u00c3\u2026\u00c2\u00a0iroka 2Storije aDorable aDorable Adria Darovni Poklon Paketi Argeta Argeta Azrri Azrri Bel-Cro Bel-Cro Benediktinke Sv. Marije Zadar Benediktinke Sv. Marije Zadar Benediktinke Zadar Benediktinke Zadar Bobi Snacks Buzdovan Buzdovan cchellenic Cmre\u00c3\u201e\u00c2\u008dnjak Cmre\u00c3\u201e\u00c2\u008dnjak Coca-Cola Coca-Cola Hrvatska Cockta Cogito Coffee Cogito Coffee \u00c3\u201e\u00c2\u0090akova\u00c3\u201e\u00c2\u008dka Vina \u00c3\u201e\u00c2\u0090akovo vina ekoEna ekoEna Elda Fentimans Feravino Ferrero Franck Gordon's Grad-Export Gray Goose Gray Goose Greenalls Greenalls Gin Greenalls Gin Original British Heineken Hrvatska Jagermeister Jagermeister Jaguni\u00c3\u201e\u00e2\u20ac\u00a1 Vina Jamnica Jamnica Jana Jana Josi\u00c3\u201e\u00e2\u20ac\u00a1 vinarija Kinder Konoplja.shop Kra\u00c3\u2026\u00c2\u00a1 Kutjevo Kutjevo Labud Latus Mljekara Istra Latus Mljekara Istra Lay's Lay's Chips Maraska Merci Storck Mljekara Latus Mljekara Latus Istra Na\u00c3\u2026\u00c2\u00a1 Okus Na\u00c3\u2026\u00c2\u00a1 Okus Nescafe OPG Cari\u00c3\u201e\u00e2\u20ac\u00a1 Papak Ilok Pavlomir Pavlomir Vinska Ku\u00c3\u201e\u00e2\u20ac\u00a1a Pivovara Medvedgrad Pringles \/ Kellogg's Red Bull \u00c3\u2026\u00c2\u00a0ibenska Pivovara \u00c3\u2026\u00c2\u00a0ibenska Pivovara (5) SMID SMID Taman Artisan Chocolates Thomas Henry Tuc Krekeri Valenta Family Wines Vina Grgurevi\u00c3\u201e\u00e2\u20ac\u00a1 Vina Grgurevi\u00c3\u201e\u00e2\u20ac\u00a1 Vinarija Benkovac Vinarija Mik\u00c3\u2026\u00c2\u00a1a Vislander Vina i Rakije Vizba Valandovo Vizba Valandovo Makedonija\"},{\"@type\":\"BreadcrumbList\",\"@id\":\"https:\/\/adria-klik.com\/proizvod\/novo-vinkomir-vrhunska-grasevina-2022-075l-kutjevo\/#breadcrumb\",\"itemListElement\":[{\"@type\":\"ListItem\",\"position\":1,\"name\":\"Po\u010detna stranica\",\"item\":\"https:\/\/adria-klik.com\/en\/\"},{\"@type\":\"ListItem\",\"position\":2,\"name\":\"Shop\",\"item\":\"https:\/\/adria-klik.com\/shop\/\"},{\"@type\":\"ListItem\",\"position\":3,\"name\":\"NEW! Vinkomir Premium Gra\u0161evina 2022 0,75l Kutjevo\"}]},{\"@type\":\"WebSite\",\"@id\":\"https:\/\/adria-klik.com\/#website\",\"url\":\"https:\/\/adria-klik.com\/\",\"name\":\"Adria-Klik.com\",\"description\":\"Unikatni poklon paketi, Vina, Craft pivo &amp; Delicije - webshop\",\"publisher\":{\"@id\":\"https:\/\/adria-klik.com\/#organization\"},\"potentialAction\":[{\"@type\":\"SearchAction\",\"target\":{\"@type\":\"EntryPoint\",\"urlTemplate\":\"https:\/\/adria-klik.com\/?s={search_term_string}\"},\"query-input\":{\"@type\":\"PropertyValueSpecification\",\"valueRequired\":true,\"valueName\":\"search_term_string\"}}],\"inLanguage\":\"en-US\"},{\"@type\":\"Organization\",\"@id\":\"https:\/\/adria-klik.com\/#organization\",\"name\":\"Adria-Klik.com\",\"alternateName\":\"AK\",\"url\":\"https:\/\/adria-klik.com\/\",\"logo\":{\"@type\":\"ImageObject\",\"inLanguage\":\"en-US\",\"@id\":\"https:\/\/adria-klik.com\/#\/schema\/logo\/image\/\",\"url\":\"https:\/\/adria-klik.com\/wp-content\/uploads\/2025\/12\/Adria-Klik_com-logo-namirnice-vina-craft-pivo-delikatese-delicije-artisan-cokolada.jpg\",\"contentUrl\":\"https:\/\/adria-klik.com\/wp-content\/uploads\/2025\/12\/Adria-Klik_com-logo-namirnice-vina-craft-pivo-delikatese-delicije-artisan-cokolada.jpg\",\"width\":500,\"height\":500,\"caption\":\"Adria-Klik.com\"},\"image\":{\"@id\":\"https:\/\/adria-klik.com\/#\/schema\/logo\/image\/\"},\"sameAs\":[\"https:\/\/www.facebook.com\/profile.php?id=100064209425136\",\"https:\/\/www.instagram.com\/adriaklik\/\",\"https:\/\/www.youtube.com\/user\/PlavacmaliZagreb\"]}]}<\/script>\n<!-- \/ Yoast SEO plugin. -->","yoast_head_json":{"title":"NEW! Vinkomir Premium Gra\u0161evina 2022 0,75l Kutjevo - Adria-Klik.com","description":"NEW! Vinkomir Premium Gra\u0161evina 2022 0.75l Kutjevo Single vineyard line of premium Gra\u0161evina produced from hand-picked and selected grapes","robots":{"index":"index","follow":"follow","max-snippet":"max-snippet:-1","max-image-preview":"max-image-preview:large","max-video-preview":"max-video-preview:-1"},"canonical":"https:\/\/adria-klik.com\/proizvod\/novo-vinkomir-vrhunska-grasevina-2022-075l-kutjevo\/","og_locale":"en_US","og_type":"article","og_title":"NEW! Vinkomir Premium Gra\u0161evina 2022 0.75l Kutjevo Single vineyard line of premium Gra\u0161evina produced from hand-picked and selected grapes","og_description":"NEW! Vinkomir Premium Gra\u0161evina 2022 0.75l Kutjevo Single vineyard line of premium Gra\u0161evina produced from hand-picked and selected grapes","og_url":"https:\/\/adria-klik.com\/proizvod\/novo-vinkomir-vrhunska-grasevina-2022-075l-kutjevo\/","og_site_name":"Adria-Klik.com","article_publisher":"https:\/\/www.facebook.com\/profile.php?id=100064209425136","article_modified_time":"2023-07-28T23:29:02+00:00","og_image":[{"width":1500,"height":1500,"url":"https:\/\/adria-klik.com\/wp-content\/uploads\/2023\/07\/Vinkomir-NOVO-075l-Vrhunska-grasevina_kutjevo-premium-high-quality-top-wein-kroatien-Kutjevo-Vrhunska-Grasevina_brza_dostava_webshop_Croatia-zagreb.jpg","type":"image\/jpeg"}],"twitter_card":"summary_large_image","twitter_title":"NEW! Vinkomir Premium Gra\u0161evina 2022 0.75l Kutjevo Single vineyard line of premium Gra\u0161evina produced from hand-picked and selected grapes","twitter_description":"NEW! Vinkomir Premium Gra\u0161evina 2022 0.75l Kutjevo Single vineyard line of premium Gra\u0161evina produced from hand-picked and selected grapes","twitter_image":"https:\/\/adria-klik.com\/wp-content\/uploads\/2023\/07\/Vinkomir-NOVO-075l-Vrhunska-grasevina_kutjevo-premium-high-quality-top-wein-kroatien-Kutjevo-Vrhunska-Grasevina_brza_dostava_webshop_Croatia-zagreb.jpg","twitter_misc":{"Est. reading time":"1 minute"},"schema":{"@context":"https:\/\/schema.org","@graph":[{"@type":"WebPage","@id":"https:\/\/adria-klik.com\/proizvod\/novo-vinkomir-vrhunska-grasevina-2022-075l-kutjevo\/","url":"https:\/\/adria-klik.com\/proizvod\/novo-vinkomir-vrhunska-grasevina-2022-075l-kutjevo\/","name":"NEW! Vinkomir Premium Gra\u0161evina 2022 0,75l Kutjevo - Adria-Klik.com","isPartOf":{"@id":"https:\/\/adria-klik.com\/#website"},"primaryImageOfPage":{"@id":"https:\/\/adria-klik.com\/proizvod\/novo-vinkomir-vrhunska-grasevina-2022-075l-kutjevo\/#primaryimage"},"image":{"@id":"https:\/\/adria-klik.com\/proizvod\/novo-vinkomir-vrhunska-grasevina-2022-075l-kutjevo\/#primaryimage"},"thumbnailUrl":"https:\/\/adria-klik.com\/wp-content\/uploads\/2023\/07\/Vinkomir-NOVO-075l-Vrhunska-grasevina_kutjevo-premium-high-quality-top-wein-kroatien-Kutjevo-Vrhunska-Grasevina_brza_dostava_webshop_Croatia-zagreb.jpg","datePublished":"2023-07-28T23:13:06+00:00","dateModified":"2023-07-28T23:29:02+00:00","description":"NEW! Vinkomir Premium Gra\u0161evina 2022 0.75l Kutjevo Single vineyard line of premium Gra\u0161evina produced from hand-picked and selected grapes","breadcrumb":{"@id":"https:\/\/adria-klik.com\/proizvod\/novo-vinkomir-vrhunska-grasevina-2022-075l-kutjevo\/#breadcrumb"},"inLanguage":"en-US","potentialAction":[{"@type":"ReadAction","target":["https:\/\/adria-klik.com\/proizvod\/novo-vinkomir-vrhunska-grasevina-2022-075l-kutjevo\/"]}]},{"@type":"ImageObject","inLanguage":"en-US","@id":"https:\/\/adria-klik.com\/proizvod\/novo-vinkomir-vrhunska-grasevina-2022-075l-kutjevo\/#primaryimage","url":"https:\/\/adria-klik.com\/wp-content\/uploads\/2023\/07\/Vinkomir-NOVO-075l-Vrhunska-grasevina_kutjevo-premium-high-quality-top-wein-kroatien-Kutjevo-Vrhunska-Grasevina_brza_dostava_webshop_Croatia-zagreb.jpg","contentUrl":"https:\/\/adria-klik.com\/wp-content\/uploads\/2023\/07\/Vinkomir-NOVO-075l-Vrhunska-grasevina_kutjevo-premium-high-quality-top-wein-kroatien-Kutjevo-Vrhunska-Grasevina_brza_dostava_webshop_Croatia-zagreb.jpg","width":1500,"height":1500,"caption":"| Adria-Klik Supply webshop trgovina dostava namirnica, vina, craft piva i delicija Superbrza dostava Zagreb Wolt Glovo Bolt-Food i Hrvatska i EU DPD GLS - vinska logistika #kupujmohrvatsko Naru\u00c3\u201e\u00c2\u008di dostavu Adria Klik dostava Namirnica, Vina, Craft piva, Delicija, Organsko, Eko, Bio, ekskluzivan izbor domacih vinara! Unikati pokloni Bontonic Canna Mariniana, CBD CBG Croatia Organic HEMP industrijska konoplja Cannabiotics Cannabiotics CroCanna Devetka Free Spirit Me\u00c3\u201e\u00e2\u20ac\u02dcimurje Greenall's Original Johhnie Walker Karlova\u00c3\u201e\u00c2\u008dko Kostelac rakije LAB Split pivovara Lepi De\u00c3\u201e\u00c2\u008dki Li\u00c3\u201e\u00c2\u008danka Pivovara Nova Runda Nova Runda OPG Marevi\u00c3\u201e\u00e2\u20ac\u00a1 Palihni\u00c3\u201e\u00e2\u20ac\u00a1 Pelje\u00c3\u2026\u00c2\u00a1ki Vrhovi - PZ Janjina Pelje\u00c3\u2026\u00c2\u00a1ki Vrhovi - PZ Janjina Ravalico Saperlot Saperlot Brewery StartCBD Tvornica leda Velebitska Degenija Vislander Vislander Vislander Vislander Volimljuto Zlatarna \u00c3\u2026\u00c2\u00a0iroka 2Storije aDorable aDorable Adria Darovni Poklon Paketi Argeta Argeta Azrri Azrri Bel-Cro Bel-Cro Benediktinke Sv. Marije Zadar Benediktinke Sv. Marije Zadar Benediktinke Zadar Benediktinke Zadar Bobi Snacks Buzdovan Buzdovan cchellenic Cmre\u00c3\u201e\u00c2\u008dnjak Cmre\u00c3\u201e\u00c2\u008dnjak Coca-Cola Coca-Cola Hrvatska Cockta Cogito Coffee Cogito Coffee \u00c3\u201e\u00c2\u0090akova\u00c3\u201e\u00c2\u008dka Vina \u00c3\u201e\u00c2\u0090akovo vina ekoEna ekoEna Elda Fentimans Feravino Ferrero Franck Gordon's Grad-Export Gray Goose Gray Goose Greenalls Greenalls Gin Greenalls Gin Original British Heineken Hrvatska Jagermeister Jagermeister Jaguni\u00c3\u201e\u00e2\u20ac\u00a1 Vina Jamnica Jamnica Jana Jana Josi\u00c3\u201e\u00e2\u20ac\u00a1 vinarija Kinder Konoplja.shop Kra\u00c3\u2026\u00c2\u00a1 Kutjevo Kutjevo Labud Latus Mljekara Istra Latus Mljekara Istra Lay's Lay's Chips Maraska Merci Storck Mljekara Latus Mljekara Latus Istra Na\u00c3\u2026\u00c2\u00a1 Okus Na\u00c3\u2026\u00c2\u00a1 Okus Nescafe OPG Cari\u00c3\u201e\u00e2\u20ac\u00a1 Papak Ilok Pavlomir Pavlomir Vinska Ku\u00c3\u201e\u00e2\u20ac\u00a1a Pivovara Medvedgrad Pringles \/ Kellogg's Red Bull \u00c3\u2026\u00c2\u00a0ibenska Pivovara \u00c3\u2026\u00c2\u00a0ibenska Pivovara (5) SMID SMID Taman Artisan Chocolates Thomas Henry Tuc Krekeri Valenta Family Wines Vina Grgurevi\u00c3\u201e\u00e2\u20ac\u00a1 Vina Grgurevi\u00c3\u201e\u00e2\u20ac\u00a1 Vinarija Benkovac Vinarija Mik\u00c3\u2026\u00c2\u00a1a Vislander Vina i Rakije Vizba Valandovo Vizba Valandovo Makedonija"},{"@type":"BreadcrumbList","@id":"https:\/\/adria-klik.com\/proizvod\/novo-vinkomir-vrhunska-grasevina-2022-075l-kutjevo\/#breadcrumb","itemListElement":[{"@type":"ListItem","position":1,"name":"Po\u010detna stranica","item":"https:\/\/adria-klik.com\/en\/"},{"@type":"ListItem","position":2,"name":"Shop","item":"https:\/\/adria-klik.com\/shop\/"},{"@type":"ListItem","position":3,"name":"NEW! Vinkomir Premium Gra\u0161evina 2022 0,75l Kutjevo"}]},{"@type":"WebSite","@id":"https:\/\/adria-klik.com\/#website","url":"https:\/\/adria-klik.com\/","name":"Adria-Klik.com","description":"Unikatni poklon paketi, Vina, Craft pivo &amp; Delicije - webshop","publisher":{"@id":"https:\/\/adria-klik.com\/#organization"},"potentialAction":[{"@type":"SearchAction","target":{"@type":"EntryPoint","urlTemplate":"https:\/\/adria-klik.com\/?s={search_term_string}"},"query-input":{"@type":"PropertyValueSpecification","valueRequired":true,"valueName":"search_term_string"}}],"inLanguage":"en-US"},{"@type":"Organization","@id":"https:\/\/adria-klik.com\/#organization","name":"Adria-Klik.com","alternateName":"AK","url":"https:\/\/adria-klik.com\/","logo":{"@type":"ImageObject","inLanguage":"en-US","@id":"https:\/\/adria-klik.com\/#\/schema\/logo\/image\/","url":"https:\/\/adria-klik.com\/wp-content\/uploads\/2025\/12\/Adria-Klik_com-logo-namirnice-vina-craft-pivo-delikatese-delicije-artisan-cokolada.jpg","contentUrl":"https:\/\/adria-klik.com\/wp-content\/uploads\/2025\/12\/Adria-Klik_com-logo-namirnice-vina-craft-pivo-delikatese-delicije-artisan-cokolada.jpg","width":500,"height":500,"caption":"Adria-Klik.com"},"image":{"@id":"https:\/\/adria-klik.com\/#\/schema\/logo\/image\/"},"sameAs":["https:\/\/www.facebook.com\/profile.php?id=100064209425136","https:\/\/www.instagram.com\/adriaklik\/","https:\/\/www.youtube.com\/user\/PlavacmaliZagreb"]}]}},"jetpack_sharing_enabled":true,"jetpack-related-posts":[],"_links":{"self":[{"href":"https:\/\/adria-klik.com\/en\/wp-json\/wp\/v2\/product\/16983","targetHints":{"allow":["GET"]}}],"collection":[{"href":"https:\/\/adria-klik.com\/en\/wp-json\/wp\/v2\/product"}],"about":[{"href":"https:\/\/adria-klik.com\/en\/wp-json\/wp\/v2\/types\/product"}],"replies":[{"embeddable":true,"href":"https:\/\/adria-klik.com\/en\/wp-json\/wp\/v2\/comments?post=16983"}],"wp:featuredmedia":[{"embeddable":true,"href":"https:\/\/adria-klik.com\/en\/wp-json\/wp\/v2\/media\/16982"}],"wp:attachment":[{"href":"https:\/\/adria-klik.com\/en\/wp-json\/wp\/v2\/media?parent=16983"}],"wp:term":[{"taxonomy":"product_brand","embeddable":true,"href":"https:\/\/adria-klik.com\/en\/wp-json\/wp\/v2\/product_brand?post=16983"},{"taxonomy":"product_cat","embeddable":true,"href":"https:\/\/adria-klik.com\/en\/wp-json\/wp\/v2\/product_cat?post=16983"},{"taxonomy":"product_tag","embeddable":true,"href":"https:\/\/adria-klik.com\/en\/wp-json\/wp\/v2\/product_tag?post=16983"},{"taxonomy":"berocket_brand","embeddable":true,"href":"https:\/\/adria-klik.com\/en\/wp-json\/wp\/v2\/berocket_brand?post=16983"}],"curies":[{"name":"wp","href":"https:\/\/api.w.org\/{rel}","templated":true}]}}