{"id":17007,"date":"2023-07-29T23:29:59","date_gmt":"2023-07-29T21:29:59","guid":{"rendered":"https:\/\/adria-klik.com\/?post_type=product&#038;p=17007"},"modified":"2024-07-02T19:32:16","modified_gmt":"2024-07-02T17:32:16","slug":"prosek-desertno-vino-plavac-mali-05l-peljeski-vrhovi-janjina","status":"publish","type":"product","link":"https:\/\/adria-klik.com\/en\/proizvod\/prosek-desertno-vino-plavac-mali-05l-peljeski-vrhovi-janjina\/","title":{"rendered":"Pro\u0161ek Desertno vino Plavac mali 0,5l Pelje\u0161ki Vrhovi Janjina"},"content":{"rendered":"<div class=\"sc-juXuuo lfkDkx\">\n<ul>\n<li class=\"sc-jlQhLH dAWwZs\">Najpotentnija autohtona sorta<strong> Plavac mali<\/strong><\/li>\n<li class=\"sc-jlQhLH dAWwZs\"><strong>Pelje\u0161ki<\/strong> Vrhovi &#8211; PZ Janjina<\/li>\n<li class=\"sc-jlQhLH dAWwZs\">Plavac mali Janjina je na\u0161 brend jo\u0161 od 1997. godine gdje me\u0111u prvima nagala\u0161avamo sortnost (Plavac mali) na\u0161ih vina<\/li>\n<li class=\"sc-jlQhLH dAWwZs\"><span class=\"sc-AHaJN eYogQn\" dir=\"auto\" lang=\"hr\"><strong>Desertno Slatko vino<\/strong> s 15.5 % alk. i oko 128 g\/l neprovrelog \u0161e\u0107era.<\/span><\/li>\n<li class=\"sc-jlQhLH dAWwZs\"><span class=\"sc-AHaJN eYogQn\" dir=\"auto\" lang=\"hr\"><strong> &#8220;Pravi&#8221; Pro\u0161ek<\/strong> radi se od <strong>prosu\u0161enog<\/strong> gro\u017e\u0111a <strong>Plavac mali<\/strong>, koji se na vrelom suncu i odsjaju mora su\u0161i na krovu vinarije i do <strong>40 dana<\/strong><\/span><\/li>\n<li class=\"sc-jlQhLH dAWwZs\"><span class=\"sc-AHaJN eYogQn\" dir=\"auto\" lang=\"hr\">\u00a0Jedan od <strong>aduta<\/strong> Zadruge Pelje\u0161ki vrhovi ve\u0107 nekoliko godina<\/span><\/li>\n<li class=\"sc-jlQhLH dAWwZs\"><span class=\"sc-AHaJN eYogQn\" dir=\"auto\" lang=\"hr\"><strong> Ograni\u010dena serija<\/strong>, <strong>male koli\u010dine, jedinstvena ponuda<\/strong><\/span><\/li>\n<li class=\"sc-jlQhLH dAWwZs\"><span class=\"sc-AHaJN eYogQn\" dir=\"auto\" lang=\"hr\"> PZ Pelje\u0161ki Vrhovi, Vinarija Dra\u010de, ZOI Pelje\u0161ac #kupujmohrvatsko<\/span><\/li>\n<li class=\"sc-jlQhLH dAWwZs\">Pravilan omjer vina iz Janjinskih strana(brda) i polo\u017eaja u polju.<\/li>\n<li>Naru\u010di dostavu vina Plavac mali<\/li>\n<li>Hrvatski oto\u010dni proizvod<\/li>\n<li>Izvorno Hrvatsko<\/li>\n<li>#KupujmoHrvatsko\n<p class=\"text-justify\"><b>Pelje\u0161ki vrhovi poljoprivredna zadruga Janjina<\/b>\u00a0osnovana je\u00a0<b>1902. godine<\/b>, kao seoska blagajna za \u0161tednju i zajmove. Od osnutka pa do sada radi u kontinuitetu i broji vi\u0161e od\u00a0<b>152 zadrugara<\/b>. Zadruga se nalazi u\u00a0<b>Op\u0107ini Janjina<\/b>, centralnom dijelu poluotoka\u00a0<b>Pelje\u0161ca<\/b>.<\/p>\n<p class=\"text-justify\">Osim\u00a0<b>vinarije<\/b>\u00a0kao glavne djelatnosti, posjeduje\u00a0<b>uljaru i kavanu u Janjini<\/b>. Na Dra\u010du se vinarija nalazi\u00a0<b>neposredno uz more<\/b>\u00a0gdje se u pro\u0161lom stolje\u0107u koristila starim mulom za punjenje vina u brodove.<\/p>\n<\/li>\n<\/ul>\n<\/div>\n","protected":false},"excerpt":{"rendered":"<ul>\n<li class=\"sc-jlQhLH dAWwZs\">Najpotentnija autohtona sorta Plavac mali<\/li>\n<li class=\"sc-jlQhLH dAWwZs\">Pelje\u0161ki Vrhovi &#8211; PZ Janjina<\/li>\n<li class=\"sc-jlQhLH dAWwZs\">Plavac mali Janjina je na\u0161 brend jo\u0161 od 1997. godine gdje me\u0111u prvima nagala\u0161avamo sortnost (Plavac mali) na\u0161ih vina<\/li>\n<li class=\"sc-jlQhLH dAWwZs\"><span class=\"sc-AHaJN eYogQn\" dir=\"auto\" lang=\"hr\"><strong>Desertno Slatko vino<\/strong> s 15.5 % alk. i oko 128 g\/l neprovrelog \u0161e\u0107era.<\/span><\/li>\n<li class=\"sc-jlQhLH dAWwZs\"><span class=\"sc-AHaJN eYogQn\" dir=\"auto\" lang=\"hr\"><strong> &#8220;Pravi&#8221; Pro\u0161ek<\/strong> radi se od <strong>prosu\u0161enog<\/strong> gro\u017e\u0111a <strong>Plavac mali<\/strong>, koji se na vrelom suncu i odsjaju mora su\u0161i na krovu vinarije i do <strong>40 dana<\/strong><\/span><\/li>\n<li class=\"sc-jlQhLH dAWwZs\"><span class=\"sc-AHaJN eYogQn\" dir=\"auto\" lang=\"hr\">\u00a0Jedan od <strong>aduta<\/strong> Zadruge Pelje\u0161ki vrhovi ve\u0107 nekoliko godina<\/span><\/li>\n<li class=\"sc-jlQhLH dAWwZs\"><span class=\"sc-AHaJN eYogQn\" dir=\"auto\" lang=\"hr\"><strong> Ograni\u010dena serija<\/strong>, <strong>male koli\u010dine, jedinstvena ponuda<\/strong><\/span><\/li>\n<li class=\"sc-jlQhLH dAWwZs\"><span class=\"sc-AHaJN eYogQn\" dir=\"auto\" lang=\"hr\"> PZ Pelje\u0161ki Vrhovi, Vinarija Dra\u010de, ZOI Pelje\u0161ac #kupujmohrvatsko<\/span><\/li>\n<li class=\"sc-jlQhLH dAWwZs\">Pravilan omjer vina iz Janjinskih strana(brda) i polo\u017eaja u polju.<\/li>\n<\/ul>\n","protected":false},"featured_media":17008,"comment_status":"open","ping_status":"closed","template":"","meta":{"_acf_changed":false},"product_brand":[],"product_cat":[383,421,1175,1176,1174,1159,619,376,373,560],"product_tag":[1670,1671,1668,1667,499,2033],"berocket_brand":[1665],"class_list":{"0":"post-17007","1":"product","2":"type-product","3":"status-publish","4":"has-post-thumbnail","6":"product_cat-akcije","7":"product_cat-crna","8":"product_cat-dostava","9":"product_cat-europa","10":"product_cat-hrvatska","11":"product_cat-nasa-preporuka","12":"product_cat-okusi_adriu","13":"product_cat-premium-proizvodi","14":"product_cat-vina","15":"product_cat-zagreb","16":"product_tag-hrvatski-otocni-proizvod","17":"product_tag-izvorno-hrvatsko","18":"product_tag-naruci-dostavu","19":"product_tag-peljeski-vrhovi-pz-janjina","20":"product_tag-plavac-mali","21":"product_tag-prosek","22":"berocket_brand-peljeski-vrhovi-pz-janjina","24":"first","25":"outofstock","26":"sale","27":"featured","28":"shipping-taxable","29":"purchasable","30":"product-type-simple"},"acf":[],"yoast_head":"<!-- This site is optimized with the Yoast SEO plugin v26.9 - https:\/\/yoast.com\/product\/yoast-seo-wordpress\/ -->\n<title>Pro\u0161ek Desertno vino Plavac mali 0,5l Pelje\u0161ki Vrhovi Janjina - Adria-Klik.com<\/title>\n<meta name=\"description\" content=\"Pro\u0161ek Desertno vino Plavac mali 0,5l Pelje\u0161ki Vrhovi Janjina - Naru\u010di dostavu Pro\u0161eka - ograni\u010dene koli\u010dine naru\u010di odmah\" \/>\n<meta name=\"robots\" content=\"index, follow, max-snippet:-1, max-image-preview:large, max-video-preview:-1\" \/>\n<link rel=\"canonical\" href=\"https:\/\/adria-klik.com\/proizvod\/prosek-desertno-vino-plavac-mali-05l-peljeski-vrhovi-janjina\/\" \/>\n<meta property=\"og:locale\" content=\"en_US\" \/>\n<meta property=\"og:type\" content=\"article\" \/>\n<meta property=\"og:title\" content=\"Plavac mali Janjina 0,75l Pelje\u0161ki Vrhovi PZ Janjina Naru\u010di dostavu vina Plavac mali\u00a0Hrvatski oto\u010dni proizvod Izvorno Hrvatsko\u00a0\" \/>\n<meta property=\"og:description\" content=\"Plavac mali Janjina 0,75l Pelje\u0161ki Vrhovi PZ Janjina Naru\u010di dostavu vina Plavac mali\u00a0Hrvatski oto\u010dni proizvod Izvorno Hrvatsko\u00a0\" \/>\n<meta property=\"og:url\" content=\"https:\/\/adria-klik.com\/proizvod\/prosek-desertno-vino-plavac-mali-05l-peljeski-vrhovi-janjina\/\" \/>\n<meta property=\"og:site_name\" content=\"Adria-Klik.com\" \/>\n<meta property=\"article:publisher\" content=\"https:\/\/www.facebook.com\/profile.php?id=100064209425136\" \/>\n<meta property=\"article:modified_time\" content=\"2024-07-02T17:32:16+00:00\" \/>\n<meta property=\"og:image\" content=\"https:\/\/adria-klik.com\/wp-content\/uploads\/2023\/07\/Prosek-Prosek-Plavac-malo-Desertno-Vino-Peljesac-Drace-Janjina-05l-Adria-Klik-webshop-ducan-brza-dostava-vina-Zagreb-Hrvatska-EU-fast-delivery-store-market-bolt-internet-ducan.jpeg\" \/>\n\t<meta property=\"og:image:width\" content=\"1500\" \/>\n\t<meta property=\"og:image:height\" content=\"1500\" \/>\n\t<meta property=\"og:image:type\" content=\"image\/jpeg\" \/>\n<meta name=\"twitter:card\" content=\"summary_large_image\" \/>\n<meta name=\"twitter:title\" content=\"Plavac mali Janjina 0,75l Pelje\u0161ki Vrhovi PZ Janjina Naru\u010di dostavu vina Plavac mali\u00a0Hrvatski oto\u010dni proizvod Izvorno Hrvatsko\u00a0\" \/>\n<meta name=\"twitter:description\" content=\"Plavac mali Janjina 0,75l Pelje\u0161ki Vrhovi PZ Janjina Naru\u010di dostavu vina Plavac mali\u00a0Hrvatski oto\u010dni proizvod Izvorno Hrvatsko\u00a0\" \/>\n<meta name=\"twitter:image\" content=\"https:\/\/adria-klik.com\/wp-content\/uploads\/2023\/07\/Prosek-Prosek-Plavac-malo-Desertno-Vino-Peljesac-Drace-Janjina-05l-Adria-Klik-webshop-ducan-brza-dostava-vina-Zagreb-Hrvatska-EU-fast-delivery-store-market-bolt-internet-ducan.jpeg\" \/>\n<meta name=\"twitter:label1\" content=\"Est. reading time\" \/>\n\t<meta name=\"twitter:data1\" content=\"1 minute\" \/>\n<script type=\"application\/ld+json\" class=\"yoast-schema-graph\">{\"@context\":\"https:\/\/schema.org\",\"@graph\":[{\"@type\":\"WebPage\",\"@id\":\"https:\/\/adria-klik.com\/proizvod\/prosek-desertno-vino-plavac-mali-05l-peljeski-vrhovi-janjina\/\",\"url\":\"https:\/\/adria-klik.com\/proizvod\/prosek-desertno-vino-plavac-mali-05l-peljeski-vrhovi-janjina\/\",\"name\":\"Pro\u0161ek Desertno vino Plavac mali 0,5l Pelje\u0161ki Vrhovi Janjina - Adria-Klik.com\",\"isPartOf\":{\"@id\":\"https:\/\/adria-klik.com\/#website\"},\"primaryImageOfPage\":{\"@id\":\"https:\/\/adria-klik.com\/proizvod\/prosek-desertno-vino-plavac-mali-05l-peljeski-vrhovi-janjina\/#primaryimage\"},\"image\":{\"@id\":\"https:\/\/adria-klik.com\/proizvod\/prosek-desertno-vino-plavac-mali-05l-peljeski-vrhovi-janjina\/#primaryimage\"},\"thumbnailUrl\":\"https:\/\/adria-klik.com\/wp-content\/uploads\/2023\/07\/Prosek-Prosek-Plavac-malo-Desertno-Vino-Peljesac-Drace-Janjina-05l-Adria-Klik-webshop-ducan-brza-dostava-vina-Zagreb-Hrvatska-EU-fast-delivery-store-market-bolt-internet-ducan.jpeg\",\"datePublished\":\"2023-07-29T21:29:59+00:00\",\"dateModified\":\"2024-07-02T17:32:16+00:00\",\"description\":\"Pro\u0161ek Desertno vino Plavac mali 0,5l Pelje\u0161ki Vrhovi Janjina - Naru\u010di dostavu Pro\u0161eka - ograni\u010dene koli\u010dine naru\u010di odmah\",\"breadcrumb\":{\"@id\":\"https:\/\/adria-klik.com\/proizvod\/prosek-desertno-vino-plavac-mali-05l-peljeski-vrhovi-janjina\/#breadcrumb\"},\"inLanguage\":\"en-US\",\"potentialAction\":[{\"@type\":\"ReadAction\",\"target\":[\"https:\/\/adria-klik.com\/proizvod\/prosek-desertno-vino-plavac-mali-05l-peljeski-vrhovi-janjina\/\"]}]},{\"@type\":\"ImageObject\",\"inLanguage\":\"en-US\",\"@id\":\"https:\/\/adria-klik.com\/proizvod\/prosek-desertno-vino-plavac-mali-05l-peljeski-vrhovi-janjina\/#primaryimage\",\"url\":\"https:\/\/adria-klik.com\/wp-content\/uploads\/2023\/07\/Prosek-Prosek-Plavac-malo-Desertno-Vino-Peljesac-Drace-Janjina-05l-Adria-Klik-webshop-ducan-brza-dostava-vina-Zagreb-Hrvatska-EU-fast-delivery-store-market-bolt-internet-ducan.jpeg\",\"contentUrl\":\"https:\/\/adria-klik.com\/wp-content\/uploads\/2023\/07\/Prosek-Prosek-Plavac-malo-Desertno-Vino-Peljesac-Drace-Janjina-05l-Adria-Klik-webshop-ducan-brza-dostava-vina-Zagreb-Hrvatska-EU-fast-delivery-store-market-bolt-internet-ducan.jpeg\",\"width\":1500,\"height\":1500,\"caption\":\"| Adria-Klik Supply webshop trgovina dostava namirnica, vina, craft piva i delicija Superbrza dostava Zagreb Wolt Glovo Bolt-Food i Hrvatska i EU DPD GLS - vinska logistika #kupujmohrvatsko Naru\u00c3\u201e\u00c2\u008di dostavu Adria Klik dostava Namirnica, Vina, Craft piva, Delicija, Organsko, Eko, Bio, ekskluzivan izbor domacih vinara! Unikati pokloni Bontonic Canna Mariniana, CBD CBG Croatia Organic HEMP industrijska konoplja Cannabiotics Cannabiotics CroCanna Devetka Free Spirit Me\u00c3\u201e\u00e2\u20ac\u02dcimurje Greenall's Original Johhnie Walker Karlova\u00c3\u201e\u00c2\u008dko Kostelac rakije LAB Split pivovara Lepi De\u00c3\u201e\u00c2\u008dki Li\u00c3\u201e\u00c2\u008danka Pivovara Nova Runda Nova Runda OPG Marevi\u00c3\u201e\u00e2\u20ac\u00a1 Palihni\u00c3\u201e\u00e2\u20ac\u00a1 Pelje\u00c3\u2026\u00c2\u00a1ki Vrhovi - PZ Janjina Pelje\u00c3\u2026\u00c2\u00a1ki Vrhovi - PZ Janjina Ravalico Saperlot Saperlot Brewery StartCBD Tvornica leda Velebitska Degenija Vislander Vislander Vislander Vislander Volimljuto Zlatarna \u00c3\u2026\u00c2\u00a0iroka 2Storije aDorable aDorable Adria Darovni Poklon Paketi Argeta Argeta Azrri Azrri Bel-Cro Bel-Cro Benediktinke Sv. Marije Zadar Benediktinke Sv. Marije Zadar Benediktinke Zadar Benediktinke Zadar Bobi Snacks Buzdovan Buzdovan cchellenic Cmre\u00c3\u201e\u00c2\u008dnjak Cmre\u00c3\u201e\u00c2\u008dnjak Coca-Cola Coca-Cola Hrvatska Cockta Cogito Coffee Cogito Coffee \u00c3\u201e\u00c2\u0090akova\u00c3\u201e\u00c2\u008dka Vina \u00c3\u201e\u00c2\u0090akovo vina ekoEna ekoEna Elda Fentimans Feravino Ferrero Franck Gordon's Grad-Export Gray Goose Gray Goose Greenalls Greenalls Gin Greenalls Gin Original British Heineken Hrvatska Jagermeister Jagermeister Jaguni\u00c3\u201e\u00e2\u20ac\u00a1 Vina Jamnica Jamnica Jana Jana Josi\u00c3\u201e\u00e2\u20ac\u00a1 vinarija Kinder Konoplja.shop Kra\u00c3\u2026\u00c2\u00a1 Kutjevo Kutjevo Labud Latus Mljekara Istra Latus Mljekara Istra Lay's Lay's Chips Maraska Merci Storck Mljekara Latus Mljekara Latus Istra Na\u00c3\u2026\u00c2\u00a1 Okus Na\u00c3\u2026\u00c2\u00a1 Okus Nescafe OPG Cari\u00c3\u201e\u00e2\u20ac\u00a1 Papak Ilok Pavlomir Pavlomir Vinska Ku\u00c3\u201e\u00e2\u20ac\u00a1a Pivovara Medvedgrad Pringles \/ Kellogg's Red Bull \u00c3\u2026\u00c2\u00a0ibenska Pivovara \u00c3\u2026\u00c2\u00a0ibenska Pivovara (5) SMID SMID Taman Artisan Chocolates Thomas Henry Tuc Krekeri Valenta Family Wines Vina Grgurevi\u00c3\u201e\u00e2\u20ac\u00a1 Vina Grgurevi\u00c3\u201e\u00e2\u20ac\u00a1 Vinarija Benkovac Vinarija Mik\u00c3\u2026\u00c2\u00a1a Vislander Vina i Rakije Vizba Valandovo Vizba Valandovo Makedonija\"},{\"@type\":\"BreadcrumbList\",\"@id\":\"https:\/\/adria-klik.com\/proizvod\/prosek-desertno-vino-plavac-mali-05l-peljeski-vrhovi-janjina\/#breadcrumb\",\"itemListElement\":[{\"@type\":\"ListItem\",\"position\":1,\"name\":\"Po\u010detna stranica\",\"item\":\"https:\/\/adria-klik.com\/en\/\"},{\"@type\":\"ListItem\",\"position\":2,\"name\":\"Shop\",\"item\":\"https:\/\/adria-klik.com\/shop\/\"},{\"@type\":\"ListItem\",\"position\":3,\"name\":\"Pro\u0161ek Desertno vino Plavac mali 0,5l Pelje\u0161ki Vrhovi Janjina\"}]},{\"@type\":\"WebSite\",\"@id\":\"https:\/\/adria-klik.com\/#website\",\"url\":\"https:\/\/adria-klik.com\/\",\"name\":\"Adria-Klik.com\",\"description\":\"Unikatni poklon paketi, Vina, Craft pivo &amp; Delicije - webshop\",\"publisher\":{\"@id\":\"https:\/\/adria-klik.com\/#organization\"},\"potentialAction\":[{\"@type\":\"SearchAction\",\"target\":{\"@type\":\"EntryPoint\",\"urlTemplate\":\"https:\/\/adria-klik.com\/?s={search_term_string}\"},\"query-input\":{\"@type\":\"PropertyValueSpecification\",\"valueRequired\":true,\"valueName\":\"search_term_string\"}}],\"inLanguage\":\"en-US\"},{\"@type\":\"Organization\",\"@id\":\"https:\/\/adria-klik.com\/#organization\",\"name\":\"Adria-Klik.com\",\"alternateName\":\"AK\",\"url\":\"https:\/\/adria-klik.com\/\",\"logo\":{\"@type\":\"ImageObject\",\"inLanguage\":\"en-US\",\"@id\":\"https:\/\/adria-klik.com\/#\/schema\/logo\/image\/\",\"url\":\"https:\/\/adria-klik.com\/wp-content\/uploads\/2025\/12\/Adria-Klik_com-logo-namirnice-vina-craft-pivo-delikatese-delicije-artisan-cokolada.jpg\",\"contentUrl\":\"https:\/\/adria-klik.com\/wp-content\/uploads\/2025\/12\/Adria-Klik_com-logo-namirnice-vina-craft-pivo-delikatese-delicije-artisan-cokolada.jpg\",\"width\":500,\"height\":500,\"caption\":\"Adria-Klik.com\"},\"image\":{\"@id\":\"https:\/\/adria-klik.com\/#\/schema\/logo\/image\/\"},\"sameAs\":[\"https:\/\/www.facebook.com\/profile.php?id=100064209425136\",\"https:\/\/www.instagram.com\/adriaklik\/\",\"https:\/\/www.youtube.com\/user\/PlavacmaliZagreb\"]}]}<\/script>\n<!-- \/ Yoast SEO plugin. -->","yoast_head_json":{"title":"Pro\u0161ek Desertno vino Plavac mali 0,5l Pelje\u0161ki Vrhovi Janjina - Adria-Klik.com","description":"Pro\u0161ek Desertno vino Plavac mali 0,5l Pelje\u0161ki Vrhovi Janjina - Naru\u010di dostavu Pro\u0161eka - ograni\u010dene koli\u010dine naru\u010di odmah","robots":{"index":"index","follow":"follow","max-snippet":"max-snippet:-1","max-image-preview":"max-image-preview:large","max-video-preview":"max-video-preview:-1"},"canonical":"https:\/\/adria-klik.com\/proizvod\/prosek-desertno-vino-plavac-mali-05l-peljeski-vrhovi-janjina\/","og_locale":"en_US","og_type":"article","og_title":"Plavac mali Janjina 0,75l Pelje\u0161ki Vrhovi PZ Janjina Naru\u010di dostavu vina Plavac mali\u00a0Hrvatski oto\u010dni proizvod Izvorno Hrvatsko\u00a0","og_description":"Plavac mali Janjina 0,75l Pelje\u0161ki Vrhovi PZ Janjina Naru\u010di dostavu vina Plavac mali\u00a0Hrvatski oto\u010dni proizvod Izvorno Hrvatsko\u00a0","og_url":"https:\/\/adria-klik.com\/proizvod\/prosek-desertno-vino-plavac-mali-05l-peljeski-vrhovi-janjina\/","og_site_name":"Adria-Klik.com","article_publisher":"https:\/\/www.facebook.com\/profile.php?id=100064209425136","article_modified_time":"2024-07-02T17:32:16+00:00","og_image":[{"width":1500,"height":1500,"url":"https:\/\/adria-klik.com\/wp-content\/uploads\/2023\/07\/Prosek-Prosek-Plavac-malo-Desertno-Vino-Peljesac-Drace-Janjina-05l-Adria-Klik-webshop-ducan-brza-dostava-vina-Zagreb-Hrvatska-EU-fast-delivery-store-market-bolt-internet-ducan.jpeg","type":"image\/jpeg"}],"twitter_card":"summary_large_image","twitter_title":"Plavac mali Janjina 0,75l Pelje\u0161ki Vrhovi PZ Janjina Naru\u010di dostavu vina Plavac mali\u00a0Hrvatski oto\u010dni proizvod Izvorno Hrvatsko\u00a0","twitter_description":"Plavac mali Janjina 0,75l Pelje\u0161ki Vrhovi PZ Janjina Naru\u010di dostavu vina Plavac mali\u00a0Hrvatski oto\u010dni proizvod Izvorno Hrvatsko\u00a0","twitter_image":"https:\/\/adria-klik.com\/wp-content\/uploads\/2023\/07\/Prosek-Prosek-Plavac-malo-Desertno-Vino-Peljesac-Drace-Janjina-05l-Adria-Klik-webshop-ducan-brza-dostava-vina-Zagreb-Hrvatska-EU-fast-delivery-store-market-bolt-internet-ducan.jpeg","twitter_misc":{"Est. reading time":"1 minute"},"schema":{"@context":"https:\/\/schema.org","@graph":[{"@type":"WebPage","@id":"https:\/\/adria-klik.com\/proizvod\/prosek-desertno-vino-plavac-mali-05l-peljeski-vrhovi-janjina\/","url":"https:\/\/adria-klik.com\/proizvod\/prosek-desertno-vino-plavac-mali-05l-peljeski-vrhovi-janjina\/","name":"Pro\u0161ek Desertno vino Plavac mali 0,5l Pelje\u0161ki Vrhovi Janjina - Adria-Klik.com","isPartOf":{"@id":"https:\/\/adria-klik.com\/#website"},"primaryImageOfPage":{"@id":"https:\/\/adria-klik.com\/proizvod\/prosek-desertno-vino-plavac-mali-05l-peljeski-vrhovi-janjina\/#primaryimage"},"image":{"@id":"https:\/\/adria-klik.com\/proizvod\/prosek-desertno-vino-plavac-mali-05l-peljeski-vrhovi-janjina\/#primaryimage"},"thumbnailUrl":"https:\/\/adria-klik.com\/wp-content\/uploads\/2023\/07\/Prosek-Prosek-Plavac-malo-Desertno-Vino-Peljesac-Drace-Janjina-05l-Adria-Klik-webshop-ducan-brza-dostava-vina-Zagreb-Hrvatska-EU-fast-delivery-store-market-bolt-internet-ducan.jpeg","datePublished":"2023-07-29T21:29:59+00:00","dateModified":"2024-07-02T17:32:16+00:00","description":"Pro\u0161ek Desertno vino Plavac mali 0,5l Pelje\u0161ki Vrhovi Janjina - Naru\u010di dostavu Pro\u0161eka - ograni\u010dene koli\u010dine naru\u010di odmah","breadcrumb":{"@id":"https:\/\/adria-klik.com\/proizvod\/prosek-desertno-vino-plavac-mali-05l-peljeski-vrhovi-janjina\/#breadcrumb"},"inLanguage":"en-US","potentialAction":[{"@type":"ReadAction","target":["https:\/\/adria-klik.com\/proizvod\/prosek-desertno-vino-plavac-mali-05l-peljeski-vrhovi-janjina\/"]}]},{"@type":"ImageObject","inLanguage":"en-US","@id":"https:\/\/adria-klik.com\/proizvod\/prosek-desertno-vino-plavac-mali-05l-peljeski-vrhovi-janjina\/#primaryimage","url":"https:\/\/adria-klik.com\/wp-content\/uploads\/2023\/07\/Prosek-Prosek-Plavac-malo-Desertno-Vino-Peljesac-Drace-Janjina-05l-Adria-Klik-webshop-ducan-brza-dostava-vina-Zagreb-Hrvatska-EU-fast-delivery-store-market-bolt-internet-ducan.jpeg","contentUrl":"https:\/\/adria-klik.com\/wp-content\/uploads\/2023\/07\/Prosek-Prosek-Plavac-malo-Desertno-Vino-Peljesac-Drace-Janjina-05l-Adria-Klik-webshop-ducan-brza-dostava-vina-Zagreb-Hrvatska-EU-fast-delivery-store-market-bolt-internet-ducan.jpeg","width":1500,"height":1500,"caption":"| Adria-Klik Supply webshop trgovina dostava namirnica, vina, craft piva i delicija Superbrza dostava Zagreb Wolt Glovo Bolt-Food i Hrvatska i EU DPD GLS - vinska logistika #kupujmohrvatsko Naru\u00c3\u201e\u00c2\u008di dostavu Adria Klik dostava Namirnica, Vina, Craft piva, Delicija, Organsko, Eko, Bio, ekskluzivan izbor domacih vinara! Unikati pokloni Bontonic Canna Mariniana, CBD CBG Croatia Organic HEMP industrijska konoplja Cannabiotics Cannabiotics CroCanna Devetka Free Spirit Me\u00c3\u201e\u00e2\u20ac\u02dcimurje Greenall's Original Johhnie Walker Karlova\u00c3\u201e\u00c2\u008dko Kostelac rakije LAB Split pivovara Lepi De\u00c3\u201e\u00c2\u008dki Li\u00c3\u201e\u00c2\u008danka Pivovara Nova Runda Nova Runda OPG Marevi\u00c3\u201e\u00e2\u20ac\u00a1 Palihni\u00c3\u201e\u00e2\u20ac\u00a1 Pelje\u00c3\u2026\u00c2\u00a1ki Vrhovi - PZ Janjina Pelje\u00c3\u2026\u00c2\u00a1ki Vrhovi - PZ Janjina Ravalico Saperlot Saperlot Brewery StartCBD Tvornica leda Velebitska Degenija Vislander Vislander Vislander Vislander Volimljuto Zlatarna \u00c3\u2026\u00c2\u00a0iroka 2Storije aDorable aDorable Adria Darovni Poklon Paketi Argeta Argeta Azrri Azrri Bel-Cro Bel-Cro Benediktinke Sv. Marije Zadar Benediktinke Sv. Marije Zadar Benediktinke Zadar Benediktinke Zadar Bobi Snacks Buzdovan Buzdovan cchellenic Cmre\u00c3\u201e\u00c2\u008dnjak Cmre\u00c3\u201e\u00c2\u008dnjak Coca-Cola Coca-Cola Hrvatska Cockta Cogito Coffee Cogito Coffee \u00c3\u201e\u00c2\u0090akova\u00c3\u201e\u00c2\u008dka Vina \u00c3\u201e\u00c2\u0090akovo vina ekoEna ekoEna Elda Fentimans Feravino Ferrero Franck Gordon's Grad-Export Gray Goose Gray Goose Greenalls Greenalls Gin Greenalls Gin Original British Heineken Hrvatska Jagermeister Jagermeister Jaguni\u00c3\u201e\u00e2\u20ac\u00a1 Vina Jamnica Jamnica Jana Jana Josi\u00c3\u201e\u00e2\u20ac\u00a1 vinarija Kinder Konoplja.shop Kra\u00c3\u2026\u00c2\u00a1 Kutjevo Kutjevo Labud Latus Mljekara Istra Latus Mljekara Istra Lay's Lay's Chips Maraska Merci Storck Mljekara Latus Mljekara Latus Istra Na\u00c3\u2026\u00c2\u00a1 Okus Na\u00c3\u2026\u00c2\u00a1 Okus Nescafe OPG Cari\u00c3\u201e\u00e2\u20ac\u00a1 Papak Ilok Pavlomir Pavlomir Vinska Ku\u00c3\u201e\u00e2\u20ac\u00a1a Pivovara Medvedgrad Pringles \/ Kellogg's Red Bull \u00c3\u2026\u00c2\u00a0ibenska Pivovara \u00c3\u2026\u00c2\u00a0ibenska Pivovara (5) SMID SMID Taman Artisan Chocolates Thomas Henry Tuc Krekeri Valenta Family Wines Vina Grgurevi\u00c3\u201e\u00e2\u20ac\u00a1 Vina Grgurevi\u00c3\u201e\u00e2\u20ac\u00a1 Vinarija Benkovac Vinarija Mik\u00c3\u2026\u00c2\u00a1a Vislander Vina i Rakije Vizba Valandovo Vizba Valandovo Makedonija"},{"@type":"BreadcrumbList","@id":"https:\/\/adria-klik.com\/proizvod\/prosek-desertno-vino-plavac-mali-05l-peljeski-vrhovi-janjina\/#breadcrumb","itemListElement":[{"@type":"ListItem","position":1,"name":"Po\u010detna stranica","item":"https:\/\/adria-klik.com\/en\/"},{"@type":"ListItem","position":2,"name":"Shop","item":"https:\/\/adria-klik.com\/shop\/"},{"@type":"ListItem","position":3,"name":"Pro\u0161ek Desertno vino Plavac mali 0,5l Pelje\u0161ki Vrhovi Janjina"}]},{"@type":"WebSite","@id":"https:\/\/adria-klik.com\/#website","url":"https:\/\/adria-klik.com\/","name":"Adria-Klik.com","description":"Unikatni poklon paketi, Vina, Craft pivo &amp; Delicije - webshop","publisher":{"@id":"https:\/\/adria-klik.com\/#organization"},"potentialAction":[{"@type":"SearchAction","target":{"@type":"EntryPoint","urlTemplate":"https:\/\/adria-klik.com\/?s={search_term_string}"},"query-input":{"@type":"PropertyValueSpecification","valueRequired":true,"valueName":"search_term_string"}}],"inLanguage":"en-US"},{"@type":"Organization","@id":"https:\/\/adria-klik.com\/#organization","name":"Adria-Klik.com","alternateName":"AK","url":"https:\/\/adria-klik.com\/","logo":{"@type":"ImageObject","inLanguage":"en-US","@id":"https:\/\/adria-klik.com\/#\/schema\/logo\/image\/","url":"https:\/\/adria-klik.com\/wp-content\/uploads\/2025\/12\/Adria-Klik_com-logo-namirnice-vina-craft-pivo-delikatese-delicije-artisan-cokolada.jpg","contentUrl":"https:\/\/adria-klik.com\/wp-content\/uploads\/2025\/12\/Adria-Klik_com-logo-namirnice-vina-craft-pivo-delikatese-delicije-artisan-cokolada.jpg","width":500,"height":500,"caption":"Adria-Klik.com"},"image":{"@id":"https:\/\/adria-klik.com\/#\/schema\/logo\/image\/"},"sameAs":["https:\/\/www.facebook.com\/profile.php?id=100064209425136","https:\/\/www.instagram.com\/adriaklik\/","https:\/\/www.youtube.com\/user\/PlavacmaliZagreb"]}]}},"jetpack_sharing_enabled":true,"jetpack-related-posts":[],"_links":{"self":[{"href":"https:\/\/adria-klik.com\/en\/wp-json\/wp\/v2\/product\/17007","targetHints":{"allow":["GET"]}}],"collection":[{"href":"https:\/\/adria-klik.com\/en\/wp-json\/wp\/v2\/product"}],"about":[{"href":"https:\/\/adria-klik.com\/en\/wp-json\/wp\/v2\/types\/product"}],"replies":[{"embeddable":true,"href":"https:\/\/adria-klik.com\/en\/wp-json\/wp\/v2\/comments?post=17007"}],"wp:featuredmedia":[{"embeddable":true,"href":"https:\/\/adria-klik.com\/en\/wp-json\/wp\/v2\/media\/17008"}],"wp:attachment":[{"href":"https:\/\/adria-klik.com\/en\/wp-json\/wp\/v2\/media?parent=17007"}],"wp:term":[{"taxonomy":"product_brand","embeddable":true,"href":"https:\/\/adria-klik.com\/en\/wp-json\/wp\/v2\/product_brand?post=17007"},{"taxonomy":"product_cat","embeddable":true,"href":"https:\/\/adria-klik.com\/en\/wp-json\/wp\/v2\/product_cat?post=17007"},{"taxonomy":"product_tag","embeddable":true,"href":"https:\/\/adria-klik.com\/en\/wp-json\/wp\/v2\/product_tag?post=17007"},{"taxonomy":"berocket_brand","embeddable":true,"href":"https:\/\/adria-klik.com\/en\/wp-json\/wp\/v2\/berocket_brand?post=17007"}],"curies":[{"name":"wp","href":"https:\/\/api.w.org\/{rel}","templated":true}]}}