{"id":17054,"date":"2023-09-17T01:44:09","date_gmt":"2023-09-16T23:44:09","guid":{"rendered":"https:\/\/adria-klik.com\/?post_type=product&#038;p=17054"},"modified":"2023-09-17T01:49:58","modified_gmt":"2023-09-16T23:49:58","slug":"grey-goose-vodka-07-l-paket-agroposta","status":"publish","type":"product","link":"https:\/\/adria-klik.com\/en\/proizvod\/grey-goose-vodka-07-l-paket-agroposta\/","title":{"rendered":"Grey Goose 0,7l Vodka+ 3 x Malina + 3 x Bazga Sok 250ml Agropo\u0161ta"},"content":{"rendered":"<div class=\"text-wrap tlid-copy-target\">\n<div class=\"result-shield-container tlid-copy-target\" tabindex=\"0\">\n<p><span class=\"tlid-translation translation\" lang=\"hr\"><span title=\"\">&#8220;Moje pi\u0107e po izboru, broj jedan, je votka &#8230; Mi ju pijemo \u010distu. Pijemo puno Gray Goosa.&#8221;<\/span> <span title=\"\">&#8211; Lil Jon<\/span><\/span><\/p>\n<p><span title=\"\">Lil Jon nije novak kada je u pitanju pijenje.<\/span> <span class=\"\" title=\"\">A njegov omiljeni izbor votke je Gray Goose.<\/span> <span class=\"\" title=\"\">I nije sam &#8211; votka Grey Goose jedna je od najpopularnijih votki me\u0111u slavnim li\u010dnostima, a obo\u017eavaju je zvijezde za \u010dija imena nikad nisam \u010duo poput Ying Yang Twins, Jamie Foxx, Lil Jon, Young Jeezy i Lil Wayne.<\/span><\/p>\n<p><span title=\"\">Vodku Gray Goose pokrenuo je Sydney Frank 1997. godine. <\/span><\/p>\n<\/div>\n<div class=\"result-shield-container tlid-copy-target\" tabindex=\"0\"><span class=\"tlid-translation translation\" lang=\"hr\"><span title=\"\">Trudio se da u Ameriku dovede najbolju vodku na svijetu.<\/span><\/span><\/div>\n<div class=\"result-shield-container tlid-copy-target\" tabindex=\"0\"><span class=\"tlid-translation translation\" lang=\"hr\"> <span title=\"\">Samo je prvo morao to stvoriti.<\/span> <span title=\"\">Znanje koje je bilo potrebno prona\u0161ao je u konjaku u Francuskoj, gdje se siva guska proizvodi i danas.<\/span> <span title=\"\">Ova votka prve klase napravljena je od najkvalitetnije francuske p\u0161enice i \u010diste artezijske izvorske vode, koja se zatim destilira pet puta.<\/span><\/span><\/div>\n<div class=\"result-shield-container tlid-copy-target\" tabindex=\"0\"><span class=\"tlid-translation translation\" lang=\"hr\"> <span title=\"\">Gray Goose rezultat je vi\u0161egodi\u0161njeg vje\u0161tina izrade.<\/span><\/span><\/div>\n<div class=\"result-shield-container tlid-copy-target\" tabindex=\"0\"><span class=\"tlid-translation translation\" lang=\"hr\"> <span title=\"\">Ima jasan, hrskav okus i nje\u017ean je na nepcu.<\/span> <span title=\"\">Ostavlja blagi, mekani okus okusa badema.<\/span><\/span><\/div>\n<\/div>\n<div class=\"tlid-result-transliteration-container result-transliteration-container transliteration-container\">\n<div class=\"tlid-transliteration-content transliteration-content full\"><\/div>\n<\/div>\n<div class=\"result-footer source-or-target-footer tlid-copy-target\">\n<ul>\n<li class=\"result-shield-container tlid-copy-target\" tabindex=\"0\"><span class=\"sc-AHaJN eYogQn\" dir=\"auto\" lang=\"hr\">Grey Goose 0,7l Vodka+ 3 x Malina 250 ml + 3 x Bazga Sok 250ml u Agropo\u0161ta doma\u0107i Premium sokovi<\/span><\/li>\n<li class=\"result-shield-container tlid-copy-target\" tabindex=\"0\"><span class=\"sc-AHaJN eYogQn\" dir=\"auto\" lang=\"hr\">Po\u0161iljka iz prirode &#8211; Agropo\u0161ta &#8211; Ru\u010dno brano samoniklo i uzgojeno bilje! #kupujmohrvatsko<\/span><\/li>\n<\/ul>\n<\/div>\n<div class=\"container\">\n<div class=\"frame\">\n<div class=\"page tlid-homepage homepage translate-text\">\n<div class=\"homepage-content-wrap\">\n<div class=\"tlid-source-target main-header small-font\">\n<div class=\"source-target-row\">\n<div class=\"tlid-results-container results-container\">\n<div class=\"tlid-result result-dict-wrapper\"><\/div>\n<\/div>\n<\/div>\n<\/div>\n<\/div>\n<\/div>\n<\/div>\n<\/div>\n<p>&nbsp;<\/p>\n","protected":false},"excerpt":{"rendered":"<ul>\n<li class=\"result-shield-container tlid-copy-target\" tabindex=\"0\"><span class=\"tlid-translation translation\" lang=\"hr\"><span class=\"tlid-translation translation\" lang=\"hr\"><span title=\"\">Premium paket. <\/span><\/span><\/span><span class=\"sc-AHaJN eYogQn\" dir=\"auto\" lang=\"hr\">Jednostavno fantasti\u010dno! <\/span><\/li>\n<li class=\"result-shield-container tlid-copy-target\" tabindex=\"0\"><span class=\"sc-AHaJN eYogQn\" dir=\"auto\" lang=\"hr\">Grey Goose 0,7l Vodka+ 3 x Malina 250 ml + 3 x Bazga Sok 250ml u Agropo\u0161ta doma\u0107i Premium sokovi<\/span><\/li>\n<li class=\"result-shield-container tlid-copy-target\" tabindex=\"0\"><span class=\"sc-AHaJN eYogQn\" dir=\"auto\" lang=\"hr\">Po\u0161iljka iz prirode &#8211; Agropo\u0161ta &#8211; Ru\u010dno brano samoniklo i uzgojeno bilje! #kupujmohrvatsko<\/span><\/li>\n<li class=\"result-shield-container tlid-copy-target\" tabindex=\"0\"><span class=\"sc-AHaJN eYogQn\" dir=\"auto\" lang=\"hr\"> Bo\u010dica staklo nepovratna ambala\u017ea.<\/span><\/li>\n<li class=\"result-shield-container tlid-copy-target\" tabindex=\"0\"><span class=\"tlid-translation translation\" lang=\"hr\"><span title=\"\">Gray Goose rezultat je vi\u0161egodi\u0161njeg vje\u0161tine izrade.<\/span><\/span><\/li>\n<li class=\"result-shield-container tlid-copy-target\" tabindex=\"0\"><span class=\"tlid-translation translation\" lang=\"hr\"> <span title=\"\">Ima jasan, hrskav okus i nje\u017ean je na nepcu.<\/span><\/span><\/li>\n<li class=\"result-shield-container tlid-copy-target\" tabindex=\"0\"><span class=\"tlid-translation translation\" lang=\"hr\"> <span title=\"\">Ostavlja blagi, mekani okus okusa badema.<\/span><\/span><\/li>\n<\/ul>\n","protected":false},"featured_media":17055,"comment_status":"open","ping_status":"closed","template":"","meta":{"_acf_changed":false},"product_brand":[],"product_cat":[374,1175,1176,1174,1159,1161,431,560],"product_tag":[1542,2051,2052,1525],"berocket_brand":[2050,558],"class_list":{"0":"post-17054","1":"product","2":"type-product","3":"status-publish","4":"has-post-thumbnail","6":"product_cat-alkoholna-pica","7":"product_cat-dostava","8":"product_cat-europa","9":"product_cat-hrvatska","10":"product_cat-nasa-preporuka","11":"product_cat-veseli-paketi-promo","12":"product_cat-vodka","13":"product_cat-zagreb","14":"product_tag-agroposta-2","15":"product_tag-grey-goose","16":"product_tag-malina-i-bazga","17":"product_tag-naruci-dotavu-vodke","18":"berocket_brand-agroposta-3","19":"berocket_brand-gray-goose","21":"first","22":"instock","23":"featured","24":"shipping-taxable","25":"purchasable","26":"product-type-simple"},"acf":[],"yoast_head":"<!-- This site is optimized with the Yoast SEO plugin v26.9 - https:\/\/yoast.com\/product\/yoast-seo-wordpress\/ -->\n<title>Grey Goose 0,7l Vodka+ 3 x Malina + 3 x Bazga Sok 250ml Agropo\u0161ta - Adria-Klik.com<\/title>\n<meta name=\"description\" content=\"Grey Goose 0,7l Vodka+Prirodni sok\u00a0 3 x Malina + 3 x Bazga Sok 250ml Agropo\u0161ta Naru\u010di dostavu Agropo\u0161te i vodke\" \/>\n<meta name=\"robots\" content=\"index, follow, max-snippet:-1, max-image-preview:large, max-video-preview:-1\" \/>\n<link rel=\"canonical\" href=\"https:\/\/adria-klik.com\/en\/proizvod\/grey-goose-vodka-07-l-paket-agroposta\/\" \/>\n<meta property=\"og:locale\" content=\"en_US\" \/>\n<meta property=\"og:type\" content=\"article\" \/>\n<meta property=\"og:title\" content=\"Grey Goose 0,7l Vodka+ 3 x Malina + 3 x Bazga Sok 250ml Agropo\u0161ta - Adria-Klik.com\" \/>\n<meta property=\"og:description\" content=\"Grey Goose 0,7l Vodka+Prirodni sok\u00a0 3 x Malina + 3 x Bazga Sok 250ml Agropo\u0161ta Naru\u010di dostavu Agropo\u0161te i vodke\" \/>\n<meta property=\"og:url\" content=\"https:\/\/adria-klik.com\/en\/proizvod\/grey-goose-vodka-07-l-paket-agroposta\/\" \/>\n<meta property=\"og:site_name\" content=\"Adria-Klik.com\" \/>\n<meta property=\"article:publisher\" content=\"https:\/\/www.facebook.com\/profile.php?id=100064209425136\" \/>\n<meta property=\"article:modified_time\" content=\"2023-09-16T23:49:58+00:00\" \/>\n<meta property=\"og:image\" content=\"https:\/\/adria-klik.com\/wp-content\/uploads\/2023\/09\/Grey-Goose-Vodka-07l-agroposta-sok-Malina-Bazga-250ml-mix-Adria-Klik-Supply_Kupipovoljno_brza_dostava_hladno_pice_ducan_webshop_Croatia-Bolt-Food-Glovo-Wolt.jpg\" \/>\n\t<meta property=\"og:image:width\" content=\"1500\" \/>\n\t<meta property=\"og:image:height\" content=\"1500\" \/>\n\t<meta property=\"og:image:type\" content=\"image\/jpeg\" \/>\n<meta name=\"twitter:card\" content=\"summary_large_image\" \/>\n<meta name=\"twitter:label1\" content=\"Est. reading time\" \/>\n\t<meta name=\"twitter:data1\" content=\"1 minute\" \/>\n<script type=\"application\/ld+json\" class=\"yoast-schema-graph\">{\"@context\":\"https:\/\/schema.org\",\"@graph\":[{\"@type\":\"WebPage\",\"@id\":\"https:\/\/adria-klik.com\/en\/proizvod\/grey-goose-vodka-07-l-paket-agroposta\/\",\"url\":\"https:\/\/adria-klik.com\/en\/proizvod\/grey-goose-vodka-07-l-paket-agroposta\/\",\"name\":\"Grey Goose 0,7l Vodka+ 3 x Malina + 3 x Bazga Sok 250ml Agropo\u0161ta - Adria-Klik.com\",\"isPartOf\":{\"@id\":\"https:\/\/adria-klik.com\/#website\"},\"primaryImageOfPage\":{\"@id\":\"https:\/\/adria-klik.com\/en\/proizvod\/grey-goose-vodka-07-l-paket-agroposta\/#primaryimage\"},\"image\":{\"@id\":\"https:\/\/adria-klik.com\/en\/proizvod\/grey-goose-vodka-07-l-paket-agroposta\/#primaryimage\"},\"thumbnailUrl\":\"https:\/\/adria-klik.com\/wp-content\/uploads\/2023\/09\/Grey-Goose-Vodka-07l-agroposta-sok-Malina-Bazga-250ml-mix-Adria-Klik-Supply_Kupipovoljno_brza_dostava_hladno_pice_ducan_webshop_Croatia-Bolt-Food-Glovo-Wolt.jpg\",\"datePublished\":\"2023-09-16T23:44:09+00:00\",\"dateModified\":\"2023-09-16T23:49:58+00:00\",\"description\":\"Grey Goose 0,7l Vodka+Prirodni sok\u00a0 3 x Malina + 3 x Bazga Sok 250ml Agropo\u0161ta Naru\u010di dostavu Agropo\u0161te i vodke\",\"breadcrumb\":{\"@id\":\"https:\/\/adria-klik.com\/en\/proizvod\/grey-goose-vodka-07-l-paket-agroposta\/#breadcrumb\"},\"inLanguage\":\"en-US\",\"potentialAction\":[{\"@type\":\"ReadAction\",\"target\":[\"https:\/\/adria-klik.com\/en\/proizvod\/grey-goose-vodka-07-l-paket-agroposta\/\"]}]},{\"@type\":\"ImageObject\",\"inLanguage\":\"en-US\",\"@id\":\"https:\/\/adria-klik.com\/en\/proizvod\/grey-goose-vodka-07-l-paket-agroposta\/#primaryimage\",\"url\":\"https:\/\/adria-klik.com\/wp-content\/uploads\/2023\/09\/Grey-Goose-Vodka-07l-agroposta-sok-Malina-Bazga-250ml-mix-Adria-Klik-Supply_Kupipovoljno_brza_dostava_hladno_pice_ducan_webshop_Croatia-Bolt-Food-Glovo-Wolt.jpg\",\"contentUrl\":\"https:\/\/adria-klik.com\/wp-content\/uploads\/2023\/09\/Grey-Goose-Vodka-07l-agroposta-sok-Malina-Bazga-250ml-mix-Adria-Klik-Supply_Kupipovoljno_brza_dostava_hladno_pice_ducan_webshop_Croatia-Bolt-Food-Glovo-Wolt.jpg\",\"width\":1500,\"height\":1500,\"caption\":\"Grey Goose 0,7l Vodka+Prirodni sok\u00a0 3 x Malina + 3 x Bazga Sok 250ml Agropo\u0161ta Naru\u010di dostavu Agropo\u0161te i vodke\"},{\"@type\":\"BreadcrumbList\",\"@id\":\"https:\/\/adria-klik.com\/en\/proizvod\/grey-goose-vodka-07-l-paket-agroposta\/#breadcrumb\",\"itemListElement\":[{\"@type\":\"ListItem\",\"position\":1,\"name\":\"Po\u010detna stranica\",\"item\":\"https:\/\/adria-klik.com\/en\/\"},{\"@type\":\"ListItem\",\"position\":2,\"name\":\"Shop\",\"item\":\"https:\/\/adria-klik.com\/shop\/\"},{\"@type\":\"ListItem\",\"position\":3,\"name\":\"Grey Goose 0,7l Vodka+ 3 x Malina + 3 x Bazga Sok 250ml Agropo\u0161ta\"}]},{\"@type\":\"WebSite\",\"@id\":\"https:\/\/adria-klik.com\/#website\",\"url\":\"https:\/\/adria-klik.com\/\",\"name\":\"Adria-Klik.com\",\"description\":\"Unikatni poklon paketi, Vina, Craft pivo &amp; Delicije - webshop\",\"publisher\":{\"@id\":\"https:\/\/adria-klik.com\/#organization\"},\"potentialAction\":[{\"@type\":\"SearchAction\",\"target\":{\"@type\":\"EntryPoint\",\"urlTemplate\":\"https:\/\/adria-klik.com\/?s={search_term_string}\"},\"query-input\":{\"@type\":\"PropertyValueSpecification\",\"valueRequired\":true,\"valueName\":\"search_term_string\"}}],\"inLanguage\":\"en-US\"},{\"@type\":\"Organization\",\"@id\":\"https:\/\/adria-klik.com\/#organization\",\"name\":\"Adria-Klik.com\",\"alternateName\":\"AK\",\"url\":\"https:\/\/adria-klik.com\/\",\"logo\":{\"@type\":\"ImageObject\",\"inLanguage\":\"en-US\",\"@id\":\"https:\/\/adria-klik.com\/#\/schema\/logo\/image\/\",\"url\":\"https:\/\/adria-klik.com\/wp-content\/uploads\/2025\/12\/Adria-Klik_com-logo-namirnice-vina-craft-pivo-delikatese-delicije-artisan-cokolada.jpg\",\"contentUrl\":\"https:\/\/adria-klik.com\/wp-content\/uploads\/2025\/12\/Adria-Klik_com-logo-namirnice-vina-craft-pivo-delikatese-delicije-artisan-cokolada.jpg\",\"width\":500,\"height\":500,\"caption\":\"Adria-Klik.com\"},\"image\":{\"@id\":\"https:\/\/adria-klik.com\/#\/schema\/logo\/image\/\"},\"sameAs\":[\"https:\/\/www.facebook.com\/profile.php?id=100064209425136\",\"https:\/\/www.instagram.com\/adriaklik\/\",\"https:\/\/www.youtube.com\/user\/PlavacmaliZagreb\"]}]}<\/script>\n<!-- \/ Yoast SEO plugin. -->","yoast_head_json":{"title":"Grey Goose 0,7l Vodka+ 3 x Malina + 3 x Bazga Sok 250ml Agropo\u0161ta - Adria-Klik.com","description":"Grey Goose 0,7l Vodka+Prirodni sok\u00a0 3 x Malina + 3 x Bazga Sok 250ml Agropo\u0161ta Naru\u010di dostavu Agropo\u0161te i vodke","robots":{"index":"index","follow":"follow","max-snippet":"max-snippet:-1","max-image-preview":"max-image-preview:large","max-video-preview":"max-video-preview:-1"},"canonical":"https:\/\/adria-klik.com\/en\/proizvod\/grey-goose-vodka-07-l-paket-agroposta\/","og_locale":"en_US","og_type":"article","og_title":"Grey Goose 0,7l Vodka+ 3 x Malina + 3 x Bazga Sok 250ml Agropo\u0161ta - Adria-Klik.com","og_description":"Grey Goose 0,7l Vodka+Prirodni sok\u00a0 3 x Malina + 3 x Bazga Sok 250ml Agropo\u0161ta Naru\u010di dostavu Agropo\u0161te i vodke","og_url":"https:\/\/adria-klik.com\/en\/proizvod\/grey-goose-vodka-07-l-paket-agroposta\/","og_site_name":"Adria-Klik.com","article_publisher":"https:\/\/www.facebook.com\/profile.php?id=100064209425136","article_modified_time":"2023-09-16T23:49:58+00:00","og_image":[{"width":1500,"height":1500,"url":"https:\/\/adria-klik.com\/wp-content\/uploads\/2023\/09\/Grey-Goose-Vodka-07l-agroposta-sok-Malina-Bazga-250ml-mix-Adria-Klik-Supply_Kupipovoljno_brza_dostava_hladno_pice_ducan_webshop_Croatia-Bolt-Food-Glovo-Wolt.jpg","type":"image\/jpeg"}],"twitter_card":"summary_large_image","twitter_misc":{"Est. reading time":"1 minute"},"schema":{"@context":"https:\/\/schema.org","@graph":[{"@type":"WebPage","@id":"https:\/\/adria-klik.com\/en\/proizvod\/grey-goose-vodka-07-l-paket-agroposta\/","url":"https:\/\/adria-klik.com\/en\/proizvod\/grey-goose-vodka-07-l-paket-agroposta\/","name":"Grey Goose 0,7l Vodka+ 3 x Malina + 3 x Bazga Sok 250ml Agropo\u0161ta - Adria-Klik.com","isPartOf":{"@id":"https:\/\/adria-klik.com\/#website"},"primaryImageOfPage":{"@id":"https:\/\/adria-klik.com\/en\/proizvod\/grey-goose-vodka-07-l-paket-agroposta\/#primaryimage"},"image":{"@id":"https:\/\/adria-klik.com\/en\/proizvod\/grey-goose-vodka-07-l-paket-agroposta\/#primaryimage"},"thumbnailUrl":"https:\/\/adria-klik.com\/wp-content\/uploads\/2023\/09\/Grey-Goose-Vodka-07l-agroposta-sok-Malina-Bazga-250ml-mix-Adria-Klik-Supply_Kupipovoljno_brza_dostava_hladno_pice_ducan_webshop_Croatia-Bolt-Food-Glovo-Wolt.jpg","datePublished":"2023-09-16T23:44:09+00:00","dateModified":"2023-09-16T23:49:58+00:00","description":"Grey Goose 0,7l Vodka+Prirodni sok\u00a0 3 x Malina + 3 x Bazga Sok 250ml Agropo\u0161ta Naru\u010di dostavu Agropo\u0161te i vodke","breadcrumb":{"@id":"https:\/\/adria-klik.com\/en\/proizvod\/grey-goose-vodka-07-l-paket-agroposta\/#breadcrumb"},"inLanguage":"en-US","potentialAction":[{"@type":"ReadAction","target":["https:\/\/adria-klik.com\/en\/proizvod\/grey-goose-vodka-07-l-paket-agroposta\/"]}]},{"@type":"ImageObject","inLanguage":"en-US","@id":"https:\/\/adria-klik.com\/en\/proizvod\/grey-goose-vodka-07-l-paket-agroposta\/#primaryimage","url":"https:\/\/adria-klik.com\/wp-content\/uploads\/2023\/09\/Grey-Goose-Vodka-07l-agroposta-sok-Malina-Bazga-250ml-mix-Adria-Klik-Supply_Kupipovoljno_brza_dostava_hladno_pice_ducan_webshop_Croatia-Bolt-Food-Glovo-Wolt.jpg","contentUrl":"https:\/\/adria-klik.com\/wp-content\/uploads\/2023\/09\/Grey-Goose-Vodka-07l-agroposta-sok-Malina-Bazga-250ml-mix-Adria-Klik-Supply_Kupipovoljno_brza_dostava_hladno_pice_ducan_webshop_Croatia-Bolt-Food-Glovo-Wolt.jpg","width":1500,"height":1500,"caption":"Grey Goose 0,7l Vodka+Prirodni sok\u00a0 3 x Malina + 3 x Bazga Sok 250ml Agropo\u0161ta Naru\u010di dostavu Agropo\u0161te i vodke"},{"@type":"BreadcrumbList","@id":"https:\/\/adria-klik.com\/en\/proizvod\/grey-goose-vodka-07-l-paket-agroposta\/#breadcrumb","itemListElement":[{"@type":"ListItem","position":1,"name":"Po\u010detna stranica","item":"https:\/\/adria-klik.com\/en\/"},{"@type":"ListItem","position":2,"name":"Shop","item":"https:\/\/adria-klik.com\/shop\/"},{"@type":"ListItem","position":3,"name":"Grey Goose 0,7l Vodka+ 3 x Malina + 3 x Bazga Sok 250ml Agropo\u0161ta"}]},{"@type":"WebSite","@id":"https:\/\/adria-klik.com\/#website","url":"https:\/\/adria-klik.com\/","name":"Adria-Klik.com","description":"Unikatni poklon paketi, Vina, Craft pivo &amp; Delicije - webshop","publisher":{"@id":"https:\/\/adria-klik.com\/#organization"},"potentialAction":[{"@type":"SearchAction","target":{"@type":"EntryPoint","urlTemplate":"https:\/\/adria-klik.com\/?s={search_term_string}"},"query-input":{"@type":"PropertyValueSpecification","valueRequired":true,"valueName":"search_term_string"}}],"inLanguage":"en-US"},{"@type":"Organization","@id":"https:\/\/adria-klik.com\/#organization","name":"Adria-Klik.com","alternateName":"AK","url":"https:\/\/adria-klik.com\/","logo":{"@type":"ImageObject","inLanguage":"en-US","@id":"https:\/\/adria-klik.com\/#\/schema\/logo\/image\/","url":"https:\/\/adria-klik.com\/wp-content\/uploads\/2025\/12\/Adria-Klik_com-logo-namirnice-vina-craft-pivo-delikatese-delicije-artisan-cokolada.jpg","contentUrl":"https:\/\/adria-klik.com\/wp-content\/uploads\/2025\/12\/Adria-Klik_com-logo-namirnice-vina-craft-pivo-delikatese-delicije-artisan-cokolada.jpg","width":500,"height":500,"caption":"Adria-Klik.com"},"image":{"@id":"https:\/\/adria-klik.com\/#\/schema\/logo\/image\/"},"sameAs":["https:\/\/www.facebook.com\/profile.php?id=100064209425136","https:\/\/www.instagram.com\/adriaklik\/","https:\/\/www.youtube.com\/user\/PlavacmaliZagreb"]}]}},"jetpack_sharing_enabled":true,"jetpack-related-posts":[],"_links":{"self":[{"href":"https:\/\/adria-klik.com\/en\/wp-json\/wp\/v2\/product\/17054","targetHints":{"allow":["GET"]}}],"collection":[{"href":"https:\/\/adria-klik.com\/en\/wp-json\/wp\/v2\/product"}],"about":[{"href":"https:\/\/adria-klik.com\/en\/wp-json\/wp\/v2\/types\/product"}],"replies":[{"embeddable":true,"href":"https:\/\/adria-klik.com\/en\/wp-json\/wp\/v2\/comments?post=17054"}],"wp:featuredmedia":[{"embeddable":true,"href":"https:\/\/adria-klik.com\/en\/wp-json\/wp\/v2\/media\/17055"}],"wp:attachment":[{"href":"https:\/\/adria-klik.com\/en\/wp-json\/wp\/v2\/media?parent=17054"}],"wp:term":[{"taxonomy":"product_brand","embeddable":true,"href":"https:\/\/adria-klik.com\/en\/wp-json\/wp\/v2\/product_brand?post=17054"},{"taxonomy":"product_cat","embeddable":true,"href":"https:\/\/adria-klik.com\/en\/wp-json\/wp\/v2\/product_cat?post=17054"},{"taxonomy":"product_tag","embeddable":true,"href":"https:\/\/adria-klik.com\/en\/wp-json\/wp\/v2\/product_tag?post=17054"},{"taxonomy":"berocket_brand","embeddable":true,"href":"https:\/\/adria-klik.com\/en\/wp-json\/wp\/v2\/berocket_brand?post=17054"}],"curies":[{"name":"wp","href":"https:\/\/api.w.org\/{rel}","templated":true}]}}