{"id":17069,"date":"2023-09-17T12:04:44","date_gmt":"2023-09-17T10:04:44","guid":{"rendered":"https:\/\/adria-klik.com\/?post_type=product&#038;p=17069"},"modified":"2023-09-17T13:31:28","modified_gmt":"2023-09-17T11:31:28","slug":"elderflower-syrup-100-natural-500-ml-agroposta","status":"publish","type":"product","link":"https:\/\/adria-klik.com\/en\/proizvod\/elderflower-syrup-100-natural-500-ml-agroposta\/","title":{"rendered":"Elderflower Syrup 100% Natural 500 ml Agropo\u0161ta"},"content":{"rendered":"<div id=\"tab_description\" class=\"panel active entry-content\" role=\"tabpanel\" aria-labelledby=\"tab-description\">\n<div class=\"product-short-description\">\n<ul>\n<li>Europeans have been in love with the taste of Elderflower from the Roman times<\/li>\n<li>These were used to flavor food and drink at the time<\/li>\n<li>The intense and clear taste and smell of Elderflowers comes from a special variety that grow in the continental part of Croatia #Croatia<\/li>\n<li>We use only fresh flowers picked at the right moment when the flowers aroma is optimal<\/li>\n<li>From this bottle you get at least 22 glasses of elderflower drink<\/li>\n<li>You can of course also use the syrup in a dessert or make a mocktail or cocktail with it.<\/li>\n<li>Agropo\u0161ta literally means \u201cpost from nature\u201d. Isn\u2019t it beautiful? Who doesn\u2019t want to drink 100% natural syrup, prepared with love and care?<\/li>\n<li>Actually, our syrups are liquid love letters.<\/li>\n<li>Love letters in classic flavors like strawberry and lemon and with a surprising twist, like sage and lavender.<\/li>\n<li>Elderflower Syrup 100% Natural 500 ml Agropo\u0161ta<\/li>\n<li><span class=\"HwtZe\" lang=\"en\"><span class=\"jCAhz ChMk0b\"><span class=\"ryNqvb\">100% natural drink prepared with love and care<\/span><\/span> <\/span><\/li>\n<li><span class=\"HwtZe\" lang=\"en\"><span class=\"jCAhz ChMk0b\"><span class=\"ryNqvb\">Environmental sustainability as a priority<\/span><\/span> <span class=\"jCAhz ChMk0b\"><span class=\"ryNqvb\">Syrups prepared from hand-picked wild and cultivated herbs<\/span><\/span><\/span><\/li>\n<li><span class=\"HwtZe\" lang=\"en\"> <span class=\"jCAhz ChMk0b\"><span class=\"ryNqvb\">Ingredients: Water, sugar, elderberry, pasteurized.<\/span><\/span> <span class=\"jCAhz ChMk0b\"><span class=\"ryNqvb\">#buyCroatia<\/span><\/span><\/span><\/li>\n<\/ul>\n<\/div>\n<\/div>\n","protected":false},"excerpt":{"rendered":"<ul>\n<li>We use only fresh flowers picked at the right moment when the flowers aroma is optimal<\/li>\n<li>Agropo\u0161ta literally means \u201cpost from nature\u201d. Isn\u2019t it beautiful? Who doesn\u2019t want to drink 100% natural syrup, prepared with love and care<\/li>\n<li>With great care and respect for nature, the ingredients are picked by hand<\/li>\n<li>Only the best fruit and plants are selected and processed into Agropo\u0161ta syrups!<\/li>\n<li>From this bottle you get at least 22 glasses of Elderflower drink<\/li>\n<li>Order delivery now DPD Europe<\/li>\n<li>Elderflower Syrup 100% Natural 500 ml Agropo\u0161ta #Croatia<\/li>\n<\/ul>\n","protected":false},"featured_media":17068,"comment_status":"open","ping_status":"closed","template":"","meta":{"_acf_changed":false},"product_brand":[],"product_cat":[379,1381,1382,1380,416,1379,1160,419,387,618,1378],"product_tag":[1463,2059,2062,2061,2063],"berocket_brand":[1543],"class_list":{"0":"post-17069","1":"product","2":"type-product","3":"status-publish","4":"has-post-thumbnail","6":"product_cat-beverages","7":"product_cat-dostava-en","8":"product_cat-europa-en","9":"product_cat-hrvatska-en","10":"product_cat-juices","11":"product_cat-okusi-adriu","12":"product_cat-our-recommendation","13":"product_cat-powders-syrups","14":"product_cat-premium","15":"product_cat-taste_adria","16":"product_cat-zagreb-en","17":"product_tag-kupujmohrvatsko-en","18":"product_tag-100-natural-en","19":"product_tag-dpd-gls-delivery-eu","20":"product_tag-elderflower-syrup","21":"product_tag-order-online","22":"berocket_brand-agroposta","24":"first","25":"instock","26":"sale","27":"shipping-taxable","28":"purchasable","29":"product-type-simple"},"acf":[],"yoast_head":"<!-- This site is optimized with the Yoast SEO plugin v26.9 - https:\/\/yoast.com\/product\/yoast-seo-wordpress\/ -->\n<title>Elderflower Syrup 100% Natural 500 ml Agropo\u0161ta - Adria-Klik.com<\/title>\n<meta name=\"description\" content=\"Only the best fruit and plants are selected and processed into Agropo\u0161ta syrups! Elderflower Syrup 100% Natural 500 ml Agropo\u0161ta Order now\" \/>\n<meta name=\"robots\" content=\"index, follow, max-snippet:-1, max-image-preview:large, max-video-preview:-1\" \/>\n<link rel=\"canonical\" href=\"https:\/\/adria-klik.com\/proizvod\/bazga-100-prirodni-sirup-500-ml-agroposta\/\" \/>\n<meta property=\"og:locale\" content=\"en_US\" \/>\n<meta property=\"og:type\" content=\"article\" \/>\n<meta property=\"og:title\" content=\"Elderflower Syrup 100% Natural 500 ml Agropo\u0161ta\" \/>\n<meta property=\"og:description\" content=\"Only the best fruit and plants are selected and processed into Agropo\u0161ta syrups! Elderflower Syrup 100% Natural 500 ml Agropo\u0161ta Order now\" \/>\n<meta property=\"og:url\" content=\"https:\/\/adria-klik.com\/proizvod\/bazga-100-prirodni-sirup-500-ml-agroposta\/\" \/>\n<meta property=\"og:site_name\" content=\"Adria-Klik.com\" \/>\n<meta property=\"article:publisher\" content=\"https:\/\/www.facebook.com\/profile.php?id=100064209425136\" \/>\n<meta property=\"article:modified_time\" content=\"2023-09-17T11:31:28+00:00\" \/>\n<meta property=\"og:image\" content=\"https:\/\/adria-klik.com\/wp-content\/uploads\/2023\/09\/agroposta-Bazga-Eldelflover-500ml-sirup-syrup-natural-Superbra-Dostava-Adria-Klik_Supply_Kupipovoljno_pice_ducan_webshop_Croatia-Adria-Klik-EU-Delivery-fast-Bolt-Food-Zagreb.jpg\" \/>\n\t<meta property=\"og:image:width\" content=\"1500\" \/>\n\t<meta property=\"og:image:height\" content=\"1500\" \/>\n\t<meta property=\"og:image:type\" content=\"image\/jpeg\" \/>\n<meta name=\"twitter:card\" content=\"summary_large_image\" \/>\n<meta name=\"twitter:title\" content=\"Elderflower Syrup 100% Natural 500 ml Agropo\u0161ta\" \/>\n<meta name=\"twitter:description\" content=\"Only the best fruit and plants are selected and processed into Agropo\u0161ta syrups! Elderflower Syrup 100% Natural 500 ml Agropo\u0161ta Order now\" \/>\n<meta name=\"twitter:image\" content=\"https:\/\/adria-klik.com\/wp-content\/uploads\/2023\/09\/agroposta-Bazga-Eldelflover-500ml-sirup-syrup-natural-Superbra-Dostava-Adria-Klik_Supply_Kupipovoljno_pice_ducan_webshop_Croatia-Adria-Klik-EU-Delivery-fast-Bolt-Food-Zagreb.jpg\" \/>\n<meta name=\"twitter:label1\" content=\"Est. reading time\" \/>\n\t<meta name=\"twitter:data1\" content=\"1 minute\" \/>\n<script type=\"application\/ld+json\" class=\"yoast-schema-graph\">{\"@context\":\"https:\/\/schema.org\",\"@graph\":[{\"@type\":\"WebPage\",\"@id\":\"https:\/\/adria-klik.com\/proizvod\/bazga-100-prirodni-sirup-500-ml-agroposta\/\",\"url\":\"https:\/\/adria-klik.com\/proizvod\/bazga-100-prirodni-sirup-500-ml-agroposta\/\",\"name\":\"Elderflower Syrup 100% Natural 500 ml Agropo\u0161ta - Adria-Klik.com\",\"isPartOf\":{\"@id\":\"https:\/\/adria-klik.com\/#website\"},\"primaryImageOfPage\":{\"@id\":\"https:\/\/adria-klik.com\/proizvod\/bazga-100-prirodni-sirup-500-ml-agroposta\/#primaryimage\"},\"image\":{\"@id\":\"https:\/\/adria-klik.com\/proizvod\/bazga-100-prirodni-sirup-500-ml-agroposta\/#primaryimage\"},\"thumbnailUrl\":\"https:\/\/adria-klik.com\/wp-content\/uploads\/2023\/09\/agroposta-Bazga-Eldelflover-500ml-sirup-syrup-natural-Superbra-Dostava-Adria-Klik_Supply_Kupipovoljno_pice_ducan_webshop_Croatia-Adria-Klik-EU-Delivery-fast-Bolt-Food-Zagreb.jpg\",\"datePublished\":\"2023-09-17T10:04:44+00:00\",\"dateModified\":\"2023-09-17T11:31:28+00:00\",\"description\":\"Only the best fruit and plants are selected and processed into Agropo\u0161ta syrups! Elderflower Syrup 100% Natural 500 ml Agropo\u0161ta Order now\",\"breadcrumb\":{\"@id\":\"https:\/\/adria-klik.com\/proizvod\/bazga-100-prirodni-sirup-500-ml-agroposta\/#breadcrumb\"},\"inLanguage\":\"en-US\",\"potentialAction\":[{\"@type\":\"ReadAction\",\"target\":[\"https:\/\/adria-klik.com\/proizvod\/bazga-100-prirodni-sirup-500-ml-agroposta\/\"]}]},{\"@type\":\"ImageObject\",\"inLanguage\":\"en-US\",\"@id\":\"https:\/\/adria-klik.com\/proizvod\/bazga-100-prirodni-sirup-500-ml-agroposta\/#primaryimage\",\"url\":\"https:\/\/adria-klik.com\/wp-content\/uploads\/2023\/09\/agroposta-Bazga-Eldelflover-500ml-sirup-syrup-natural-Superbra-Dostava-Adria-Klik_Supply_Kupipovoljno_pice_ducan_webshop_Croatia-Adria-Klik-EU-Delivery-fast-Bolt-Food-Zagreb.jpg\",\"contentUrl\":\"https:\/\/adria-klik.com\/wp-content\/uploads\/2023\/09\/agroposta-Bazga-Eldelflover-500ml-sirup-syrup-natural-Superbra-Dostava-Adria-Klik_Supply_Kupipovoljno_pice_ducan_webshop_Croatia-Adria-Klik-EU-Delivery-fast-Bolt-Food-Zagreb.jpg\",\"width\":1500,\"height\":1500,\"caption\":\"Only the best fruit and plants are selected and processed into Agropo\u0161ta syrups! Elderflower Syrup 100% Natural 500 ml Agropo\u0161ta Order now\"},{\"@type\":\"BreadcrumbList\",\"@id\":\"https:\/\/adria-klik.com\/proizvod\/bazga-100-prirodni-sirup-500-ml-agroposta\/#breadcrumb\",\"itemListElement\":[{\"@type\":\"ListItem\",\"position\":1,\"name\":\"Po\u010detna stranica\",\"item\":\"https:\/\/adria-klik.com\/en\/\"},{\"@type\":\"ListItem\",\"position\":2,\"name\":\"Shop\",\"item\":\"https:\/\/adria-klik.com\/shop\/\"},{\"@type\":\"ListItem\",\"position\":3,\"name\":\"Elderflower Syrup 100% Natural 500 ml Agropo\u0161ta\"}]},{\"@type\":\"WebSite\",\"@id\":\"https:\/\/adria-klik.com\/#website\",\"url\":\"https:\/\/adria-klik.com\/\",\"name\":\"Adria-Klik.com\",\"description\":\"Unikatni poklon paketi, Vina, Craft pivo &amp; Delicije - webshop\",\"publisher\":{\"@id\":\"https:\/\/adria-klik.com\/#organization\"},\"potentialAction\":[{\"@type\":\"SearchAction\",\"target\":{\"@type\":\"EntryPoint\",\"urlTemplate\":\"https:\/\/adria-klik.com\/?s={search_term_string}\"},\"query-input\":{\"@type\":\"PropertyValueSpecification\",\"valueRequired\":true,\"valueName\":\"search_term_string\"}}],\"inLanguage\":\"en-US\"},{\"@type\":\"Organization\",\"@id\":\"https:\/\/adria-klik.com\/#organization\",\"name\":\"Adria-Klik.com\",\"alternateName\":\"AK\",\"url\":\"https:\/\/adria-klik.com\/\",\"logo\":{\"@type\":\"ImageObject\",\"inLanguage\":\"en-US\",\"@id\":\"https:\/\/adria-klik.com\/#\/schema\/logo\/image\/\",\"url\":\"https:\/\/adria-klik.com\/wp-content\/uploads\/2025\/12\/Adria-Klik_com-logo-namirnice-vina-craft-pivo-delikatese-delicije-artisan-cokolada.jpg\",\"contentUrl\":\"https:\/\/adria-klik.com\/wp-content\/uploads\/2025\/12\/Adria-Klik_com-logo-namirnice-vina-craft-pivo-delikatese-delicije-artisan-cokolada.jpg\",\"width\":500,\"height\":500,\"caption\":\"Adria-Klik.com\"},\"image\":{\"@id\":\"https:\/\/adria-klik.com\/#\/schema\/logo\/image\/\"},\"sameAs\":[\"https:\/\/www.facebook.com\/profile.php?id=100064209425136\",\"https:\/\/www.instagram.com\/adriaklik\/\",\"https:\/\/www.youtube.com\/user\/PlavacmaliZagreb\"]}]}<\/script>\n<!-- \/ Yoast SEO plugin. -->","yoast_head_json":{"title":"Elderflower Syrup 100% Natural 500 ml Agropo\u0161ta - Adria-Klik.com","description":"Only the best fruit and plants are selected and processed into Agropo\u0161ta syrups! Elderflower Syrup 100% Natural 500 ml Agropo\u0161ta Order now","robots":{"index":"index","follow":"follow","max-snippet":"max-snippet:-1","max-image-preview":"max-image-preview:large","max-video-preview":"max-video-preview:-1"},"canonical":"https:\/\/adria-klik.com\/proizvod\/bazga-100-prirodni-sirup-500-ml-agroposta\/","og_locale":"en_US","og_type":"article","og_title":"Elderflower Syrup 100% Natural 500 ml Agropo\u0161ta","og_description":"Only the best fruit and plants are selected and processed into Agropo\u0161ta syrups! Elderflower Syrup 100% Natural 500 ml Agropo\u0161ta Order now","og_url":"https:\/\/adria-klik.com\/proizvod\/bazga-100-prirodni-sirup-500-ml-agroposta\/","og_site_name":"Adria-Klik.com","article_publisher":"https:\/\/www.facebook.com\/profile.php?id=100064209425136","article_modified_time":"2023-09-17T11:31:28+00:00","og_image":[{"width":1500,"height":1500,"url":"https:\/\/adria-klik.com\/wp-content\/uploads\/2023\/09\/agroposta-Bazga-Eldelflover-500ml-sirup-syrup-natural-Superbra-Dostava-Adria-Klik_Supply_Kupipovoljno_pice_ducan_webshop_Croatia-Adria-Klik-EU-Delivery-fast-Bolt-Food-Zagreb.jpg","type":"image\/jpeg"}],"twitter_card":"summary_large_image","twitter_title":"Elderflower Syrup 100% Natural 500 ml Agropo\u0161ta","twitter_description":"Only the best fruit and plants are selected and processed into Agropo\u0161ta syrups! Elderflower Syrup 100% Natural 500 ml Agropo\u0161ta Order now","twitter_image":"https:\/\/adria-klik.com\/wp-content\/uploads\/2023\/09\/agroposta-Bazga-Eldelflover-500ml-sirup-syrup-natural-Superbra-Dostava-Adria-Klik_Supply_Kupipovoljno_pice_ducan_webshop_Croatia-Adria-Klik-EU-Delivery-fast-Bolt-Food-Zagreb.jpg","twitter_misc":{"Est. reading time":"1 minute"},"schema":{"@context":"https:\/\/schema.org","@graph":[{"@type":"WebPage","@id":"https:\/\/adria-klik.com\/proizvod\/bazga-100-prirodni-sirup-500-ml-agroposta\/","url":"https:\/\/adria-klik.com\/proizvod\/bazga-100-prirodni-sirup-500-ml-agroposta\/","name":"Elderflower Syrup 100% Natural 500 ml Agropo\u0161ta - Adria-Klik.com","isPartOf":{"@id":"https:\/\/adria-klik.com\/#website"},"primaryImageOfPage":{"@id":"https:\/\/adria-klik.com\/proizvod\/bazga-100-prirodni-sirup-500-ml-agroposta\/#primaryimage"},"image":{"@id":"https:\/\/adria-klik.com\/proizvod\/bazga-100-prirodni-sirup-500-ml-agroposta\/#primaryimage"},"thumbnailUrl":"https:\/\/adria-klik.com\/wp-content\/uploads\/2023\/09\/agroposta-Bazga-Eldelflover-500ml-sirup-syrup-natural-Superbra-Dostava-Adria-Klik_Supply_Kupipovoljno_pice_ducan_webshop_Croatia-Adria-Klik-EU-Delivery-fast-Bolt-Food-Zagreb.jpg","datePublished":"2023-09-17T10:04:44+00:00","dateModified":"2023-09-17T11:31:28+00:00","description":"Only the best fruit and plants are selected and processed into Agropo\u0161ta syrups! Elderflower Syrup 100% Natural 500 ml Agropo\u0161ta Order now","breadcrumb":{"@id":"https:\/\/adria-klik.com\/proizvod\/bazga-100-prirodni-sirup-500-ml-agroposta\/#breadcrumb"},"inLanguage":"en-US","potentialAction":[{"@type":"ReadAction","target":["https:\/\/adria-klik.com\/proizvod\/bazga-100-prirodni-sirup-500-ml-agroposta\/"]}]},{"@type":"ImageObject","inLanguage":"en-US","@id":"https:\/\/adria-klik.com\/proizvod\/bazga-100-prirodni-sirup-500-ml-agroposta\/#primaryimage","url":"https:\/\/adria-klik.com\/wp-content\/uploads\/2023\/09\/agroposta-Bazga-Eldelflover-500ml-sirup-syrup-natural-Superbra-Dostava-Adria-Klik_Supply_Kupipovoljno_pice_ducan_webshop_Croatia-Adria-Klik-EU-Delivery-fast-Bolt-Food-Zagreb.jpg","contentUrl":"https:\/\/adria-klik.com\/wp-content\/uploads\/2023\/09\/agroposta-Bazga-Eldelflover-500ml-sirup-syrup-natural-Superbra-Dostava-Adria-Klik_Supply_Kupipovoljno_pice_ducan_webshop_Croatia-Adria-Klik-EU-Delivery-fast-Bolt-Food-Zagreb.jpg","width":1500,"height":1500,"caption":"Only the best fruit and plants are selected and processed into Agropo\u0161ta syrups! Elderflower Syrup 100% Natural 500 ml Agropo\u0161ta Order now"},{"@type":"BreadcrumbList","@id":"https:\/\/adria-klik.com\/proizvod\/bazga-100-prirodni-sirup-500-ml-agroposta\/#breadcrumb","itemListElement":[{"@type":"ListItem","position":1,"name":"Po\u010detna stranica","item":"https:\/\/adria-klik.com\/en\/"},{"@type":"ListItem","position":2,"name":"Shop","item":"https:\/\/adria-klik.com\/shop\/"},{"@type":"ListItem","position":3,"name":"Elderflower Syrup 100% Natural 500 ml Agropo\u0161ta"}]},{"@type":"WebSite","@id":"https:\/\/adria-klik.com\/#website","url":"https:\/\/adria-klik.com\/","name":"Adria-Klik.com","description":"Unikatni poklon paketi, Vina, Craft pivo &amp; Delicije - webshop","publisher":{"@id":"https:\/\/adria-klik.com\/#organization"},"potentialAction":[{"@type":"SearchAction","target":{"@type":"EntryPoint","urlTemplate":"https:\/\/adria-klik.com\/?s={search_term_string}"},"query-input":{"@type":"PropertyValueSpecification","valueRequired":true,"valueName":"search_term_string"}}],"inLanguage":"en-US"},{"@type":"Organization","@id":"https:\/\/adria-klik.com\/#organization","name":"Adria-Klik.com","alternateName":"AK","url":"https:\/\/adria-klik.com\/","logo":{"@type":"ImageObject","inLanguage":"en-US","@id":"https:\/\/adria-klik.com\/#\/schema\/logo\/image\/","url":"https:\/\/adria-klik.com\/wp-content\/uploads\/2025\/12\/Adria-Klik_com-logo-namirnice-vina-craft-pivo-delikatese-delicije-artisan-cokolada.jpg","contentUrl":"https:\/\/adria-klik.com\/wp-content\/uploads\/2025\/12\/Adria-Klik_com-logo-namirnice-vina-craft-pivo-delikatese-delicije-artisan-cokolada.jpg","width":500,"height":500,"caption":"Adria-Klik.com"},"image":{"@id":"https:\/\/adria-klik.com\/#\/schema\/logo\/image\/"},"sameAs":["https:\/\/www.facebook.com\/profile.php?id=100064209425136","https:\/\/www.instagram.com\/adriaklik\/","https:\/\/www.youtube.com\/user\/PlavacmaliZagreb"]}]}},"jetpack_sharing_enabled":true,"jetpack-related-posts":[],"_links":{"self":[{"href":"https:\/\/adria-klik.com\/en\/wp-json\/wp\/v2\/product\/17069","targetHints":{"allow":["GET"]}}],"collection":[{"href":"https:\/\/adria-klik.com\/en\/wp-json\/wp\/v2\/product"}],"about":[{"href":"https:\/\/adria-klik.com\/en\/wp-json\/wp\/v2\/types\/product"}],"replies":[{"embeddable":true,"href":"https:\/\/adria-klik.com\/en\/wp-json\/wp\/v2\/comments?post=17069"}],"wp:featuredmedia":[{"embeddable":true,"href":"https:\/\/adria-klik.com\/en\/wp-json\/wp\/v2\/media\/17068"}],"wp:attachment":[{"href":"https:\/\/adria-klik.com\/en\/wp-json\/wp\/v2\/media?parent=17069"}],"wp:term":[{"taxonomy":"product_brand","embeddable":true,"href":"https:\/\/adria-klik.com\/en\/wp-json\/wp\/v2\/product_brand?post=17069"},{"taxonomy":"product_cat","embeddable":true,"href":"https:\/\/adria-klik.com\/en\/wp-json\/wp\/v2\/product_cat?post=17069"},{"taxonomy":"product_tag","embeddable":true,"href":"https:\/\/adria-klik.com\/en\/wp-json\/wp\/v2\/product_tag?post=17069"},{"taxonomy":"berocket_brand","embeddable":true,"href":"https:\/\/adria-klik.com\/en\/wp-json\/wp\/v2\/berocket_brand?post=17069"}],"curies":[{"name":"wp","href":"https:\/\/api.w.org\/{rel}","templated":true}]}}