{"id":17103,"date":"2021-05-03T00:52:42","date_gmt":"2021-05-02T22:52:42","guid":{"rendered":"https:\/\/adria-klik.com\/?post_type=product&#038;p=17103"},"modified":"2023-09-19T13:40:37","modified_gmt":"2023-09-19T11:40:37","slug":"cherry-brandy-1l-velebit-degenija-priest-brandy-and-liqueur","status":"publish","type":"product","link":"https:\/\/adria-klik.com\/en\/proizvod\/cherry-brandy-1l-velebit-degenija-priest-brandy-and-liqueur\/","title":{"rendered":"Cherry Brandy 1l Velebit Degenija Priest Brandy and Liqueur"},"content":{"rendered":"<ul>\n<li>Fruit liqueur of cherry flavor<\/li>\n<li>It is produced from natural juice of selected mature fruits of cherries<\/li>\n<li>It is characterized by its sweet taste, moderate density and natural, dark red color of mature cherries<\/li>\n<li>It is a great choice when it is lightly chilled for consumption with desserts.<\/li>\n<li>\u201cI\u2019m a <strong>priest<\/strong>, but every week I <strong>dedicate<\/strong> a few days <strong>to alcohol<\/strong>\u201c<\/li>\n<li><strong>Dear friends!<\/strong> All the beauty and splendor of the VELEBIT mountain, the richness of nature from the fruits, and thousands of years of tradition of making and producing liqueurs and other popular drinks, we have produced these drinks for you, your friends and your loved ones.<\/li>\n<li><strong>Today<\/strong>, we produce between 200,000 and 300,000 thousand liters of alcoholic drinks and half of Europe and America \u201cfight\u201d for our brandy and liqueur. Without shame we can say that we produce the <strong>best<\/strong> brandies in the world \u2013 travarica, pelinkovac, amaro, kru\u0161kovac, orahovac, cherry brandy, medica, and Vila Velebita. In every drink there are alcohol and aroma, just like in every other drink in the world, but what makes our drink<strong> special is 21 kinds of medicinal Velebit herb<\/strong>s, whose aromas permeate in each bottle. From angelica, anise and blueberries to lemon balm, fennel and mint.<br \/>\nIn the first place for me, there is a <strong>church<\/strong>, of course, and this <strong>sanctuary<\/strong>. Well, it\u2019s logical, I am a <strong>priest<\/strong>, but at least one or two days a week I dedicate to <strong>alcohol<\/strong>.<\/li>\n<\/ul>\n","protected":false},"excerpt":{"rendered":"<ul>\n<li>Fruit liqueur of cherry flavor<\/li>\n<li>It is produced from natural juice of selected mature fruits of cherries<\/li>\n<li>It is characterized by its sweet taste, moderate density and natural, dark red color of mature cherries<\/li>\n<li>It is a great choice when it is lightly chilled for consumption with desserts.<\/li>\n<li>\u201cI\u2019m a <strong>priest<\/strong>, but every week I dedicate a few days to <strong>alcohol<\/strong>\u201c<\/li>\n<li><strong>Dear friends!<\/strong> All the beauty and splendor of the VELEBIT mountain, the richness of nature from the fruits, and thousands of years of tradition of making and producing liqueurs and other popular drinks, we have produced these drinks for you, your friends and your loved ones.<\/li>\n<li>Order Premium delivery<\/li>\n<\/ul>\n","protected":false},"featured_media":15471,"comment_status":"open","ping_status":"closed","template":"","meta":{"_acf_changed":false},"product_brand":[],"product_cat":[442,1381,1382,1380,378,1379,443,1160,384,618,1378],"product_tag":[2046],"berocket_brand":[1336],"class_list":{"0":"post-17103","1":"product","2":"type-product","3":"status-publish","4":"has-post-thumbnail","6":"product_cat-brandy","7":"product_cat-dostava-en","8":"product_cat-europa-en","9":"product_cat-hrvatska-en","10":"product_cat-liquor","11":"product_cat-okusi-adriu","12":"product_cat-other-liquor","13":"product_cat-our-recommendation","14":"product_cat-promotions","15":"product_cat-taste_adria","16":"product_cat-zagreb-en","17":"product_tag-velebitska-degenija-en","18":"berocket_brand-velebit-degenija","20":"first","21":"instock","22":"sale","23":"shipping-taxable","24":"purchasable","25":"product-type-simple"},"acf":[],"yoast_head":"<!-- This site is optimized with the Yoast SEO plugin v26.9 - https:\/\/yoast.com\/product\/yoast-seo-wordpress\/ -->\n<title>Cherry Brandy 1l Velebit Degenija Priest Brandy and Liqueur - Adria-Klik.com<\/title>\n<meta name=\"description\" content=\"Cherry Brandy 1l Velebit Degenija Priest Brandy and Liqueur - natural juice of selected mature fruits of cherries order delivery UP DPD\" \/>\n<meta name=\"robots\" content=\"index, follow, max-snippet:-1, max-image-preview:large, max-video-preview:-1\" \/>\n<link rel=\"canonical\" href=\"https:\/\/adria-klik.com\/proizvod\/cherry-brandy-1l-velebitska-degenija-svecenicke-rakije-likeri-adria-klik-internet-ducan-superbrza-premium-dostava-do-vrata\/\" \/>\n<meta property=\"og:locale\" content=\"en_US\" \/>\n<meta property=\"og:type\" content=\"article\" \/>\n<meta property=\"og:title\" content=\"Cherry Brandy 1l Velebit Degenija Priest Brandy and Liqueur - Adria-Klik.com\" \/>\n<meta property=\"og:description\" content=\"Cherry Brandy 1l Velebit Degenija Priest Brandy and Liqueur - natural juice of selected mature fruits of cherries order delivery UP DPD\" \/>\n<meta property=\"og:url\" content=\"https:\/\/adria-klik.com\/proizvod\/cherry-brandy-1l-velebitska-degenija-svecenicke-rakije-likeri-adria-klik-internet-ducan-superbrza-premium-dostava-do-vrata\/\" \/>\n<meta property=\"og:site_name\" content=\"Adria-Klik.com\" \/>\n<meta property=\"article:publisher\" content=\"https:\/\/www.facebook.com\/profile.php?id=100064209425136\" \/>\n<meta property=\"article:modified_time\" content=\"2023-09-19T11:40:37+00:00\" \/>\n<meta property=\"og:image\" content=\"https:\/\/adria-klik.com\/wp-content\/uploads\/2021\/05\/cherry-brandy-velebitske-raike-deganija-svecenicke-rakije-kupipovoljno-adria-klik-brza-dostava-zagreb-internet-ducan-shop-Fastest-delivery-in-zagreb-groceries-supermaket-hrvatska.jpg\" \/>\n\t<meta property=\"og:image:width\" content=\"1500\" \/>\n\t<meta property=\"og:image:height\" content=\"1500\" \/>\n\t<meta property=\"og:image:type\" content=\"image\/jpeg\" \/>\n<meta name=\"twitter:card\" content=\"summary_large_image\" \/>\n<meta name=\"twitter:label1\" content=\"Est. reading time\" \/>\n\t<meta name=\"twitter:data1\" content=\"1 minute\" \/>\n<script type=\"application\/ld+json\" class=\"yoast-schema-graph\">{\"@context\":\"https:\/\/schema.org\",\"@graph\":[{\"@type\":\"WebPage\",\"@id\":\"https:\/\/adria-klik.com\/proizvod\/cherry-brandy-1l-velebitska-degenija-svecenicke-rakije-likeri-adria-klik-internet-ducan-superbrza-premium-dostava-do-vrata\/\",\"url\":\"https:\/\/adria-klik.com\/proizvod\/cherry-brandy-1l-velebitska-degenija-svecenicke-rakije-likeri-adria-klik-internet-ducan-superbrza-premium-dostava-do-vrata\/\",\"name\":\"Cherry Brandy 1l Velebit Degenija Priest Brandy and Liqueur - Adria-Klik.com\",\"isPartOf\":{\"@id\":\"https:\/\/adria-klik.com\/#website\"},\"primaryImageOfPage\":{\"@id\":\"https:\/\/adria-klik.com\/proizvod\/cherry-brandy-1l-velebitska-degenija-svecenicke-rakije-likeri-adria-klik-internet-ducan-superbrza-premium-dostava-do-vrata\/#primaryimage\"},\"image\":{\"@id\":\"https:\/\/adria-klik.com\/proizvod\/cherry-brandy-1l-velebitska-degenija-svecenicke-rakije-likeri-adria-klik-internet-ducan-superbrza-premium-dostava-do-vrata\/#primaryimage\"},\"thumbnailUrl\":\"https:\/\/adria-klik.com\/wp-content\/uploads\/2021\/05\/cherry-brandy-velebitske-raike-deganija-svecenicke-rakije-kupipovoljno-adria-klik-brza-dostava-zagreb-internet-ducan-shop-Fastest-delivery-in-zagreb-groceries-supermaket-hrvatska.jpg\",\"datePublished\":\"2021-05-02T22:52:42+00:00\",\"dateModified\":\"2023-09-19T11:40:37+00:00\",\"description\":\"Cherry Brandy 1l Velebit Degenija Priest Brandy and Liqueur - natural juice of selected mature fruits of cherries order delivery UP DPD\",\"breadcrumb\":{\"@id\":\"https:\/\/adria-klik.com\/proizvod\/cherry-brandy-1l-velebitska-degenija-svecenicke-rakije-likeri-adria-klik-internet-ducan-superbrza-premium-dostava-do-vrata\/#breadcrumb\"},\"inLanguage\":\"en-US\",\"potentialAction\":[{\"@type\":\"ReadAction\",\"target\":[\"https:\/\/adria-klik.com\/proizvod\/cherry-brandy-1l-velebitska-degenija-svecenicke-rakije-likeri-adria-klik-internet-ducan-superbrza-premium-dostava-do-vrata\/\"]}]},{\"@type\":\"ImageObject\",\"inLanguage\":\"en-US\",\"@id\":\"https:\/\/adria-klik.com\/proizvod\/cherry-brandy-1l-velebitska-degenija-svecenicke-rakije-likeri-adria-klik-internet-ducan-superbrza-premium-dostava-do-vrata\/#primaryimage\",\"url\":\"https:\/\/adria-klik.com\/wp-content\/uploads\/2021\/05\/cherry-brandy-velebitske-raike-deganija-svecenicke-rakije-kupipovoljno-adria-klik-brza-dostava-zagreb-internet-ducan-shop-Fastest-delivery-in-zagreb-groceries-supermaket-hrvatska.jpg\",\"contentUrl\":\"https:\/\/adria-klik.com\/wp-content\/uploads\/2021\/05\/cherry-brandy-velebitske-raike-deganija-svecenicke-rakije-kupipovoljno-adria-klik-brza-dostava-zagreb-internet-ducan-shop-Fastest-delivery-in-zagreb-groceries-supermaket-hrvatska.jpg\",\"width\":1500,\"height\":1500,\"caption\":\"Cherry Brandy 1l Velebit Degenija Priest Brandy and Liqueur - natural juice of selected mature fruits of cherries order delivery UP DPD Cherry Brandy 1l Velebitska Degenija Sve\u0107eni\u010dke rakije & likeri | Adria Klik Internet du\u0107an Superbrza premium dostava do vrata\"},{\"@type\":\"BreadcrumbList\",\"@id\":\"https:\/\/adria-klik.com\/proizvod\/cherry-brandy-1l-velebitska-degenija-svecenicke-rakije-likeri-adria-klik-internet-ducan-superbrza-premium-dostava-do-vrata\/#breadcrumb\",\"itemListElement\":[{\"@type\":\"ListItem\",\"position\":1,\"name\":\"Po\u010detna stranica\",\"item\":\"https:\/\/adria-klik.com\/en\/\"},{\"@type\":\"ListItem\",\"position\":2,\"name\":\"Shop\",\"item\":\"https:\/\/adria-klik.com\/shop\/\"},{\"@type\":\"ListItem\",\"position\":3,\"name\":\"Cherry Brandy 1l Velebit Degenija Priest Brandy and Liqueur\"}]},{\"@type\":\"WebSite\",\"@id\":\"https:\/\/adria-klik.com\/#website\",\"url\":\"https:\/\/adria-klik.com\/\",\"name\":\"Adria-Klik.com\",\"description\":\"Unikatni poklon paketi, Vina, Craft pivo &amp; Delicije - webshop\",\"publisher\":{\"@id\":\"https:\/\/adria-klik.com\/#organization\"},\"potentialAction\":[{\"@type\":\"SearchAction\",\"target\":{\"@type\":\"EntryPoint\",\"urlTemplate\":\"https:\/\/adria-klik.com\/?s={search_term_string}\"},\"query-input\":{\"@type\":\"PropertyValueSpecification\",\"valueRequired\":true,\"valueName\":\"search_term_string\"}}],\"inLanguage\":\"en-US\"},{\"@type\":\"Organization\",\"@id\":\"https:\/\/adria-klik.com\/#organization\",\"name\":\"Adria-Klik.com\",\"alternateName\":\"AK\",\"url\":\"https:\/\/adria-klik.com\/\",\"logo\":{\"@type\":\"ImageObject\",\"inLanguage\":\"en-US\",\"@id\":\"https:\/\/adria-klik.com\/#\/schema\/logo\/image\/\",\"url\":\"https:\/\/adria-klik.com\/wp-content\/uploads\/2025\/12\/Adria-Klik_com-logo-namirnice-vina-craft-pivo-delikatese-delicije-artisan-cokolada.jpg\",\"contentUrl\":\"https:\/\/adria-klik.com\/wp-content\/uploads\/2025\/12\/Adria-Klik_com-logo-namirnice-vina-craft-pivo-delikatese-delicije-artisan-cokolada.jpg\",\"width\":500,\"height\":500,\"caption\":\"Adria-Klik.com\"},\"image\":{\"@id\":\"https:\/\/adria-klik.com\/#\/schema\/logo\/image\/\"},\"sameAs\":[\"https:\/\/www.facebook.com\/profile.php?id=100064209425136\",\"https:\/\/www.instagram.com\/adriaklik\/\",\"https:\/\/www.youtube.com\/user\/PlavacmaliZagreb\"]}]}<\/script>\n<!-- \/ Yoast SEO plugin. -->","yoast_head_json":{"title":"Cherry Brandy 1l Velebit Degenija Priest Brandy and Liqueur - Adria-Klik.com","description":"Cherry Brandy 1l Velebit Degenija Priest Brandy and Liqueur - natural juice of selected mature fruits of cherries order delivery UP DPD","robots":{"index":"index","follow":"follow","max-snippet":"max-snippet:-1","max-image-preview":"max-image-preview:large","max-video-preview":"max-video-preview:-1"},"canonical":"https:\/\/adria-klik.com\/proizvod\/cherry-brandy-1l-velebitska-degenija-svecenicke-rakije-likeri-adria-klik-internet-ducan-superbrza-premium-dostava-do-vrata\/","og_locale":"en_US","og_type":"article","og_title":"Cherry Brandy 1l Velebit Degenija Priest Brandy and Liqueur - Adria-Klik.com","og_description":"Cherry Brandy 1l Velebit Degenija Priest Brandy and Liqueur - natural juice of selected mature fruits of cherries order delivery UP DPD","og_url":"https:\/\/adria-klik.com\/proizvod\/cherry-brandy-1l-velebitska-degenija-svecenicke-rakije-likeri-adria-klik-internet-ducan-superbrza-premium-dostava-do-vrata\/","og_site_name":"Adria-Klik.com","article_publisher":"https:\/\/www.facebook.com\/profile.php?id=100064209425136","article_modified_time":"2023-09-19T11:40:37+00:00","og_image":[{"width":1500,"height":1500,"url":"https:\/\/adria-klik.com\/wp-content\/uploads\/2021\/05\/cherry-brandy-velebitske-raike-deganija-svecenicke-rakije-kupipovoljno-adria-klik-brza-dostava-zagreb-internet-ducan-shop-Fastest-delivery-in-zagreb-groceries-supermaket-hrvatska.jpg","type":"image\/jpeg"}],"twitter_card":"summary_large_image","twitter_misc":{"Est. reading time":"1 minute"},"schema":{"@context":"https:\/\/schema.org","@graph":[{"@type":"WebPage","@id":"https:\/\/adria-klik.com\/proizvod\/cherry-brandy-1l-velebitska-degenija-svecenicke-rakije-likeri-adria-klik-internet-ducan-superbrza-premium-dostava-do-vrata\/","url":"https:\/\/adria-klik.com\/proizvod\/cherry-brandy-1l-velebitska-degenija-svecenicke-rakije-likeri-adria-klik-internet-ducan-superbrza-premium-dostava-do-vrata\/","name":"Cherry Brandy 1l Velebit Degenija Priest Brandy and Liqueur - Adria-Klik.com","isPartOf":{"@id":"https:\/\/adria-klik.com\/#website"},"primaryImageOfPage":{"@id":"https:\/\/adria-klik.com\/proizvod\/cherry-brandy-1l-velebitska-degenija-svecenicke-rakije-likeri-adria-klik-internet-ducan-superbrza-premium-dostava-do-vrata\/#primaryimage"},"image":{"@id":"https:\/\/adria-klik.com\/proizvod\/cherry-brandy-1l-velebitska-degenija-svecenicke-rakije-likeri-adria-klik-internet-ducan-superbrza-premium-dostava-do-vrata\/#primaryimage"},"thumbnailUrl":"https:\/\/adria-klik.com\/wp-content\/uploads\/2021\/05\/cherry-brandy-velebitske-raike-deganija-svecenicke-rakije-kupipovoljno-adria-klik-brza-dostava-zagreb-internet-ducan-shop-Fastest-delivery-in-zagreb-groceries-supermaket-hrvatska.jpg","datePublished":"2021-05-02T22:52:42+00:00","dateModified":"2023-09-19T11:40:37+00:00","description":"Cherry Brandy 1l Velebit Degenija Priest Brandy and Liqueur - natural juice of selected mature fruits of cherries order delivery UP DPD","breadcrumb":{"@id":"https:\/\/adria-klik.com\/proizvod\/cherry-brandy-1l-velebitska-degenija-svecenicke-rakije-likeri-adria-klik-internet-ducan-superbrza-premium-dostava-do-vrata\/#breadcrumb"},"inLanguage":"en-US","potentialAction":[{"@type":"ReadAction","target":["https:\/\/adria-klik.com\/proizvod\/cherry-brandy-1l-velebitska-degenija-svecenicke-rakije-likeri-adria-klik-internet-ducan-superbrza-premium-dostava-do-vrata\/"]}]},{"@type":"ImageObject","inLanguage":"en-US","@id":"https:\/\/adria-klik.com\/proizvod\/cherry-brandy-1l-velebitska-degenija-svecenicke-rakije-likeri-adria-klik-internet-ducan-superbrza-premium-dostava-do-vrata\/#primaryimage","url":"https:\/\/adria-klik.com\/wp-content\/uploads\/2021\/05\/cherry-brandy-velebitske-raike-deganija-svecenicke-rakije-kupipovoljno-adria-klik-brza-dostava-zagreb-internet-ducan-shop-Fastest-delivery-in-zagreb-groceries-supermaket-hrvatska.jpg","contentUrl":"https:\/\/adria-klik.com\/wp-content\/uploads\/2021\/05\/cherry-brandy-velebitske-raike-deganija-svecenicke-rakije-kupipovoljno-adria-klik-brza-dostava-zagreb-internet-ducan-shop-Fastest-delivery-in-zagreb-groceries-supermaket-hrvatska.jpg","width":1500,"height":1500,"caption":"Cherry Brandy 1l Velebit Degenija Priest Brandy and Liqueur - natural juice of selected mature fruits of cherries order delivery UP DPD Cherry Brandy 1l Velebitska Degenija Sve\u0107eni\u010dke rakije & likeri | Adria Klik Internet du\u0107an Superbrza premium dostava do vrata"},{"@type":"BreadcrumbList","@id":"https:\/\/adria-klik.com\/proizvod\/cherry-brandy-1l-velebitska-degenija-svecenicke-rakije-likeri-adria-klik-internet-ducan-superbrza-premium-dostava-do-vrata\/#breadcrumb","itemListElement":[{"@type":"ListItem","position":1,"name":"Po\u010detna stranica","item":"https:\/\/adria-klik.com\/en\/"},{"@type":"ListItem","position":2,"name":"Shop","item":"https:\/\/adria-klik.com\/shop\/"},{"@type":"ListItem","position":3,"name":"Cherry Brandy 1l Velebit Degenija Priest Brandy and Liqueur"}]},{"@type":"WebSite","@id":"https:\/\/adria-klik.com\/#website","url":"https:\/\/adria-klik.com\/","name":"Adria-Klik.com","description":"Unikatni poklon paketi, Vina, Craft pivo &amp; Delicije - webshop","publisher":{"@id":"https:\/\/adria-klik.com\/#organization"},"potentialAction":[{"@type":"SearchAction","target":{"@type":"EntryPoint","urlTemplate":"https:\/\/adria-klik.com\/?s={search_term_string}"},"query-input":{"@type":"PropertyValueSpecification","valueRequired":true,"valueName":"search_term_string"}}],"inLanguage":"en-US"},{"@type":"Organization","@id":"https:\/\/adria-klik.com\/#organization","name":"Adria-Klik.com","alternateName":"AK","url":"https:\/\/adria-klik.com\/","logo":{"@type":"ImageObject","inLanguage":"en-US","@id":"https:\/\/adria-klik.com\/#\/schema\/logo\/image\/","url":"https:\/\/adria-klik.com\/wp-content\/uploads\/2025\/12\/Adria-Klik_com-logo-namirnice-vina-craft-pivo-delikatese-delicije-artisan-cokolada.jpg","contentUrl":"https:\/\/adria-klik.com\/wp-content\/uploads\/2025\/12\/Adria-Klik_com-logo-namirnice-vina-craft-pivo-delikatese-delicije-artisan-cokolada.jpg","width":500,"height":500,"caption":"Adria-Klik.com"},"image":{"@id":"https:\/\/adria-klik.com\/#\/schema\/logo\/image\/"},"sameAs":["https:\/\/www.facebook.com\/profile.php?id=100064209425136","https:\/\/www.instagram.com\/adriaklik\/","https:\/\/www.youtube.com\/user\/PlavacmaliZagreb"]}]}},"jetpack_sharing_enabled":true,"jetpack-related-posts":[],"_links":{"self":[{"href":"https:\/\/adria-klik.com\/en\/wp-json\/wp\/v2\/product\/17103","targetHints":{"allow":["GET"]}}],"collection":[{"href":"https:\/\/adria-klik.com\/en\/wp-json\/wp\/v2\/product"}],"about":[{"href":"https:\/\/adria-klik.com\/en\/wp-json\/wp\/v2\/types\/product"}],"replies":[{"embeddable":true,"href":"https:\/\/adria-klik.com\/en\/wp-json\/wp\/v2\/comments?post=17103"}],"wp:featuredmedia":[{"embeddable":true,"href":"https:\/\/adria-klik.com\/en\/wp-json\/wp\/v2\/media\/15471"}],"wp:attachment":[{"href":"https:\/\/adria-klik.com\/en\/wp-json\/wp\/v2\/media?parent=17103"}],"wp:term":[{"taxonomy":"product_brand","embeddable":true,"href":"https:\/\/adria-klik.com\/en\/wp-json\/wp\/v2\/product_brand?post=17103"},{"taxonomy":"product_cat","embeddable":true,"href":"https:\/\/adria-klik.com\/en\/wp-json\/wp\/v2\/product_cat?post=17103"},{"taxonomy":"product_tag","embeddable":true,"href":"https:\/\/adria-klik.com\/en\/wp-json\/wp\/v2\/product_tag?post=17103"},{"taxonomy":"berocket_brand","embeddable":true,"href":"https:\/\/adria-klik.com\/en\/wp-json\/wp\/v2\/berocket_brand?post=17103"}],"curies":[{"name":"wp","href":"https:\/\/api.w.org\/{rel}","templated":true}]}}