{"id":17115,"date":"2023-09-19T21:06:22","date_gmt":"2023-09-19T19:06:22","guid":{"rendered":"https:\/\/adria-klik.com\/?post_type=product&#038;p=17115"},"modified":"2023-09-20T00:18:10","modified_gmt":"2023-09-19T22:18:10","slug":"dakovacki-rizling-1-l-dakovacka-vina-eng","status":"publish","type":"product","link":"https:\/\/adria-klik.com\/en\/proizvod\/dakovacki-rizling-1-l-dakovacka-vina-eng\/","title":{"rendered":"\u0110akova\u010dki Rizling 1 l \u0110akova\u010dka vina"},"content":{"rendered":"<ul>\n<li class=\"MenuItem__content___BHqdW\" data-test-id=\"MenuItemContent\"><span class=\"HwtZe\" lang=\"en\"><span class=\"jCAhz ChMk0b\"><span class=\"ryNqvb\">Riesling Italian 1 L<\/span><\/span><\/span><\/li>\n<li class=\"MenuItem__content___BHqdW\" data-test-id=\"MenuItemContent\"><span class=\"HwtZe\" lang=\"en\"> <span class=\"jCAhz ChMk0b\"><span class=\"ryNqvb\">Better known as \u0110akovo Riesling<\/span><\/span><\/span><\/li>\n<li class=\"MenuItem__content___BHqdW\" data-test-id=\"MenuItemContent\"><span class=\"HwtZe\" lang=\"en\"> <span class=\"jCAhz ChMk0b\"><span class=\"ryNqvb\">A quality white dry wine, with a pleasant smell, fresh and drinkable, was obtained by adding risvanca to gra\u0161evina<\/span><\/span><\/span><\/li>\n<li class=\"MenuItem__content___BHqdW\" data-test-id=\"MenuItemContent\"><span class=\"HwtZe\" lang=\"en\"> <span class=\"jCAhz ChMk0b\"><span class=\"ryNqvb\">Its rounded taste, fresh and sour, fruity character makes it ideal for everyday friendly gatherings<\/span><\/span><\/span><\/li>\n<li class=\"MenuItem__content___BHqdW\" data-test-id=\"MenuItemContent\"><span class=\"HwtZe\" lang=\"en\"> <span class=\"jCAhz ChMk0b\"><span class=\"ryNqvb\">Because as the old saying goes: Friendship multiplies joys and divides sorrows.<\/span><\/span> <\/span><\/li>\n<li class=\"MenuItem__content___BHqdW\" data-test-id=\"MenuItemContent\"><span class=\"HwtZe\" lang=\"en\"><span class=\"jCAhz ChMk0b\"><span class=\"ryNqvb\">Cheers!<\/span><\/span> <span class=\"jCAhz ChMk0b\"><span class=\"ryNqvb\">\u0110akovo wines<\/span><\/span> <span class=\"jCAhz ChMk0b\"><span class=\"ryNqvb\">Order wine delivery to \u0110akovo<\/span><\/span><\/span><\/li>\n<\/ul>\n","protected":false},"excerpt":{"rendered":"<ul>\n<li class=\"MenuItem__content___BHqdW\" data-test-id=\"MenuItemContent\"><span class=\"HwtZe\" lang=\"en\"><span class=\"jCAhz ChMk0b\"><span class=\"ryNqvb\">Riesling Italian 1 L<\/span><\/span><\/span><\/li>\n<li class=\"MenuItem__content___BHqdW\" data-test-id=\"MenuItemContent\"><span class=\"HwtZe\" lang=\"en\"> <span class=\"jCAhz ChMk0b\"><span class=\"ryNqvb\">Better known as \u0110akovo Riesling<\/span><\/span><\/span><\/li>\n<li class=\"MenuItem__content___BHqdW\" data-test-id=\"MenuItemContent\"><span class=\"HwtZe\" lang=\"en\"> <span class=\"jCAhz ChMk0b\"><span class=\"ryNqvb\">A quality white dry wine, with a pleasant smell, fresh and drinkable, was obtained by adding risvanca to gra\u0161evina<\/span><\/span><\/span><\/li>\n<li class=\"MenuItem__content___BHqdW\" data-test-id=\"MenuItemContent\"><span class=\"HwtZe\" lang=\"en\"> <span class=\"jCAhz ChMk0b\"><span class=\"ryNqvb\">Its rounded taste, fresh and sour, fruity character makes it ideal for everyday friendly gatherings<\/span><\/span><\/span><\/li>\n<li class=\"MenuItem__content___BHqdW\" data-test-id=\"MenuItemContent\"><span class=\"HwtZe\" lang=\"en\"> <span class=\"jCAhz ChMk0b\"><span class=\"ryNqvb\">Because as the old saying goes: Friendship multiplies joys and divides sorrows.<\/span><\/span> <\/span><\/li>\n<li class=\"MenuItem__content___BHqdW\" data-test-id=\"MenuItemContent\"><span class=\"HwtZe\" lang=\"en\"><span class=\"jCAhz ChMk0b\"><span class=\"ryNqvb\">Cheers!<\/span><\/span> <span class=\"jCAhz ChMk0b\"><span class=\"ryNqvb\">\u0110akovo wines<\/span><\/span> <span class=\"jCAhz ChMk0b\"><span class=\"ryNqvb\">Order wine delivery to \u0110akovo<\/span><\/span><\/span><\/li>\n<\/ul>\n","protected":false},"featured_media":17114,"comment_status":"open","ping_status":"closed","template":"","meta":{"_acf_changed":false},"product_brand":[],"product_cat":[1381,1382,1380,1160,426,382,1378],"product_tag":[2085,2087,2086],"berocket_brand":[793],"class_list":{"0":"post-17115","1":"product","2":"type-product","3":"status-publish","4":"has-post-thumbnail","6":"product_cat-dostava-en","7":"product_cat-europa-en","8":"product_cat-hrvatska-en","9":"product_cat-our-recommendation","10":"product_cat-white","11":"product_cat-wine","12":"product_cat-zagreb-en","13":"product_tag-dakovacki-rizling","14":"product_tag-dpd-wine-delivery","15":"product_tag-vina-dakovo","16":"berocket_brand-dakovacka-vina","18":"first","19":"instock","20":"featured","21":"shipping-taxable","22":"purchasable","23":"product-type-simple"},"acf":[],"yoast_head":"<!-- This site is optimized with the Yoast SEO plugin v26.9 - https:\/\/yoast.com\/product\/yoast-seo-wordpress\/ -->\n<title>\u0110akova\u010dki Rizling 1 l \u0110akova\u010dka vina - Adria-Klik.com<\/title>\n<meta name=\"description\" content=\"\u0110akova\u010dki Rizling 1 l \u0110akova\u010dka vina Order Croatian wine delivery now online! Directly from stock, fast delivery EU DPD\" \/>\n<meta name=\"robots\" content=\"index, follow, max-snippet:-1, max-image-preview:large, max-video-preview:-1\" \/>\n<link rel=\"canonical\" href=\"https:\/\/adria-klik.com\/proizvod\/dakovo-rizling-1l-vino-dostava\/\" \/>\n<meta property=\"og:locale\" content=\"en_US\" \/>\n<meta property=\"og:type\" content=\"article\" \/>\n<meta property=\"og:title\" content=\"\u0110akova\u010dki Rizling 1 l \u0110akova\u010dka vina - Adria-Klik.com\" \/>\n<meta property=\"og:description\" content=\"\u0110akova\u010dki Rizling 1 l \u0110akova\u010dka vina Order Croatian wine delivery now online! Directly from stock, fast delivery EU DPD\" \/>\n<meta property=\"og:url\" content=\"https:\/\/adria-klik.com\/proizvod\/dakovo-rizling-1l-vino-dostava\/\" \/>\n<meta property=\"og:site_name\" content=\"Adria-Klik.com\" \/>\n<meta property=\"article:publisher\" content=\"https:\/\/www.facebook.com\/profile.php?id=100064209425136\" \/>\n<meta property=\"article:modified_time\" content=\"2023-09-19T22:18:10+00:00\" \/>\n<meta property=\"og:image\" content=\"https:\/\/adria-klik.com\/wp-content\/uploads\/2023\/09\/Dakovacki-Rizling-1l-akcija-Wein-Kroatien-adria-klik-brza-dostava_supply_store_delivery_zagreb_croatia-internet-ducan-Bolt-Food-Zagreb-Hrvatska.jpg\" \/>\n\t<meta property=\"og:image:width\" content=\"1500\" \/>\n\t<meta property=\"og:image:height\" content=\"1500\" \/>\n\t<meta property=\"og:image:type\" content=\"image\/jpeg\" \/>\n<meta name=\"twitter:card\" content=\"summary_large_image\" \/>\n<script type=\"application\/ld+json\" class=\"yoast-schema-graph\">{\"@context\":\"https:\/\/schema.org\",\"@graph\":[{\"@type\":\"WebPage\",\"@id\":\"https:\/\/adria-klik.com\/proizvod\/dakovo-rizling-1l-vino-dostava\/\",\"url\":\"https:\/\/adria-klik.com\/proizvod\/dakovo-rizling-1l-vino-dostava\/\",\"name\":\"\u0110akova\u010dki Rizling 1 l \u0110akova\u010dka vina - Adria-Klik.com\",\"isPartOf\":{\"@id\":\"https:\/\/adria-klik.com\/#website\"},\"primaryImageOfPage\":{\"@id\":\"https:\/\/adria-klik.com\/proizvod\/dakovo-rizling-1l-vino-dostava\/#primaryimage\"},\"image\":{\"@id\":\"https:\/\/adria-klik.com\/proizvod\/dakovo-rizling-1l-vino-dostava\/#primaryimage\"},\"thumbnailUrl\":\"https:\/\/adria-klik.com\/wp-content\/uploads\/2023\/09\/Dakovacki-Rizling-1l-akcija-Wein-Kroatien-adria-klik-brza-dostava_supply_store_delivery_zagreb_croatia-internet-ducan-Bolt-Food-Zagreb-Hrvatska.jpg\",\"datePublished\":\"2023-09-19T19:06:22+00:00\",\"dateModified\":\"2023-09-19T22:18:10+00:00\",\"description\":\"\u0110akova\u010dki Rizling 1 l \u0110akova\u010dka vina Order Croatian wine delivery now online! Directly from stock, fast delivery EU DPD\",\"breadcrumb\":{\"@id\":\"https:\/\/adria-klik.com\/proizvod\/dakovo-rizling-1l-vino-dostava\/#breadcrumb\"},\"inLanguage\":\"en-US\",\"potentialAction\":[{\"@type\":\"ReadAction\",\"target\":[\"https:\/\/adria-klik.com\/proizvod\/dakovo-rizling-1l-vino-dostava\/\"]}]},{\"@type\":\"ImageObject\",\"inLanguage\":\"en-US\",\"@id\":\"https:\/\/adria-klik.com\/proizvod\/dakovo-rizling-1l-vino-dostava\/#primaryimage\",\"url\":\"https:\/\/adria-klik.com\/wp-content\/uploads\/2023\/09\/Dakovacki-Rizling-1l-akcija-Wein-Kroatien-adria-klik-brza-dostava_supply_store_delivery_zagreb_croatia-internet-ducan-Bolt-Food-Zagreb-Hrvatska.jpg\",\"contentUrl\":\"https:\/\/adria-klik.com\/wp-content\/uploads\/2023\/09\/Dakovacki-Rizling-1l-akcija-Wein-Kroatien-adria-klik-brza-dostava_supply_store_delivery_zagreb_croatia-internet-ducan-Bolt-Food-Zagreb-Hrvatska.jpg\",\"width\":1500,\"height\":1500,\"caption\":\"| Adria-Klik Supply webshop trgovina dostava namirnica, vina, craft piva i delicija Superbrza dostava Zagreb Wolt Glovo Bolt-Food i Hrvatska i EU DPD GLS - vinska logistika #kupujmohrvatsko Naru\u00c3\u201e\u00c2\u008di dostavu Adria Klik dostava Namirnica, Vina, Craft piva, Delicija, Organsko, Eko, Bio, ekskluzivan izbor domacih vinara! Unikati pokloni Bontonic Canna Mariniana, CBD CBG Croatia Organic HEMP industrijska konoplja Cannabiotics Cannabiotics CroCanna Devetka Free Spirit Me\u00c3\u201e\u00e2\u20ac\u02dcimurje Greenall's Original Johhnie Walker Karlova\u00c3\u201e\u00c2\u008dko Kostelac rakije LAB Split pivovara Lepi De\u00c3\u201e\u00c2\u008dki Li\u00c3\u201e\u00c2\u008danka Pivovara Nova Runda Nova Runda OPG Marevi\u00c3\u201e\u00e2\u20ac\u00a1 Palihni\u00c3\u201e\u00e2\u20ac\u00a1 Pelje\u00c3\u2026\u00c2\u00a1ki Vrhovi - PZ Janjina Pelje\u00c3\u2026\u00c2\u00a1ki Vrhovi - PZ Janjina Ravalico Saperlot Saperlot Brewery StartCBD Tvornica leda Velebitska Degenija Vislander Vislander Vislander Vislander Volimljuto Zlatarna \u00c3\u2026\u00c2\u00a0iroka 2Storije aDorable aDorable Adria Darovni Poklon Paketi Argeta Argeta Azrri Azrri Bel-Cro Bel-Cro Benediktinke Sv. Marije Zadar Benediktinke Sv. Marije Zadar Benediktinke Zadar Benediktinke Zadar Bobi Snacks Buzdovan Buzdovan cchellenic Cmre\u00c3\u201e\u00c2\u008dnjak Cmre\u00c3\u201e\u00c2\u008dnjak Coca-Cola Coca-Cola Hrvatska Cockta Cogito Coffee Cogito Coffee \u00c3\u201e\u00c2\u0090akova\u00c3\u201e\u00c2\u008dka Vina \u00c3\u201e\u00c2\u0090akovo vina ekoEna ekoEna Elda Fentimans Feravino Ferrero Franck Gordon's Grad-Export Gray Goose Gray Goose Greenalls Greenalls Gin Greenalls Gin Original British Heineken Hrvatska Jagermeister Jagermeister Jaguni\u00c3\u201e\u00e2\u20ac\u00a1 Vina Jamnica Jamnica Jana Jana Josi\u00c3\u201e\u00e2\u20ac\u00a1 vinarija Kinder Konoplja.shop Kra\u00c3\u2026\u00c2\u00a1 Kutjevo Kutjevo Labud Latus Mljekara Istra Latus Mljekara Istra Lay's Lay's Chips Maraska Merci Storck Mljekara Latus Mljekara Latus Istra Na\u00c3\u2026\u00c2\u00a1 Okus Na\u00c3\u2026\u00c2\u00a1 Okus Nescafe OPG Cari\u00c3\u201e\u00e2\u20ac\u00a1 Papak Ilok Pavlomir Pavlomir Vinska Ku\u00c3\u201e\u00e2\u20ac\u00a1a Pivovara Medvedgrad Pringles \/ Kellogg's Red Bull \u00c3\u2026\u00c2\u00a0ibenska Pivovara \u00c3\u2026\u00c2\u00a0ibenska Pivovara (5) SMID SMID Taman Artisan Chocolates Thomas Henry Tuc Krekeri Valenta Family Wines Vina Grgurevi\u00c3\u201e\u00e2\u20ac\u00a1 Vina Grgurevi\u00c3\u201e\u00e2\u20ac\u00a1 Vinarija Benkovac Vinarija Mik\u00c3\u2026\u00c2\u00a1a Vislander Vina i Rakije Vizba Valandovo Vizba Valandovo Makedonija\"},{\"@type\":\"BreadcrumbList\",\"@id\":\"https:\/\/adria-klik.com\/proizvod\/dakovo-rizling-1l-vino-dostava\/#breadcrumb\",\"itemListElement\":[{\"@type\":\"ListItem\",\"position\":1,\"name\":\"Po\u010detna stranica\",\"item\":\"https:\/\/adria-klik.com\/en\/\"},{\"@type\":\"ListItem\",\"position\":2,\"name\":\"Shop\",\"item\":\"https:\/\/adria-klik.com\/shop\/\"},{\"@type\":\"ListItem\",\"position\":3,\"name\":\"\u0110akova\u010dki Rizling 1 l \u0110akova\u010dka vina\"}]},{\"@type\":\"WebSite\",\"@id\":\"https:\/\/adria-klik.com\/#website\",\"url\":\"https:\/\/adria-klik.com\/\",\"name\":\"Adria-Klik.com\",\"description\":\"Unikatni poklon paketi, Vina, Craft pivo &amp; Delicije - webshop\",\"publisher\":{\"@id\":\"https:\/\/adria-klik.com\/#organization\"},\"potentialAction\":[{\"@type\":\"SearchAction\",\"target\":{\"@type\":\"EntryPoint\",\"urlTemplate\":\"https:\/\/adria-klik.com\/?s={search_term_string}\"},\"query-input\":{\"@type\":\"PropertyValueSpecification\",\"valueRequired\":true,\"valueName\":\"search_term_string\"}}],\"inLanguage\":\"en-US\"},{\"@type\":\"Organization\",\"@id\":\"https:\/\/adria-klik.com\/#organization\",\"name\":\"Adria-Klik.com\",\"alternateName\":\"AK\",\"url\":\"https:\/\/adria-klik.com\/\",\"logo\":{\"@type\":\"ImageObject\",\"inLanguage\":\"en-US\",\"@id\":\"https:\/\/adria-klik.com\/#\/schema\/logo\/image\/\",\"url\":\"https:\/\/adria-klik.com\/wp-content\/uploads\/2025\/12\/Adria-Klik_com-logo-namirnice-vina-craft-pivo-delikatese-delicije-artisan-cokolada.jpg\",\"contentUrl\":\"https:\/\/adria-klik.com\/wp-content\/uploads\/2025\/12\/Adria-Klik_com-logo-namirnice-vina-craft-pivo-delikatese-delicije-artisan-cokolada.jpg\",\"width\":500,\"height\":500,\"caption\":\"Adria-Klik.com\"},\"image\":{\"@id\":\"https:\/\/adria-klik.com\/#\/schema\/logo\/image\/\"},\"sameAs\":[\"https:\/\/www.facebook.com\/profile.php?id=100064209425136\",\"https:\/\/www.instagram.com\/adriaklik\/\",\"https:\/\/www.youtube.com\/user\/PlavacmaliZagreb\"]}]}<\/script>\n<!-- \/ Yoast SEO plugin. -->","yoast_head_json":{"title":"\u0110akova\u010dki Rizling 1 l \u0110akova\u010dka vina - Adria-Klik.com","description":"\u0110akova\u010dki Rizling 1 l \u0110akova\u010dka vina Order Croatian wine delivery now online! Directly from stock, fast delivery EU DPD","robots":{"index":"index","follow":"follow","max-snippet":"max-snippet:-1","max-image-preview":"max-image-preview:large","max-video-preview":"max-video-preview:-1"},"canonical":"https:\/\/adria-klik.com\/proizvod\/dakovo-rizling-1l-vino-dostava\/","og_locale":"en_US","og_type":"article","og_title":"\u0110akova\u010dki Rizling 1 l \u0110akova\u010dka vina - Adria-Klik.com","og_description":"\u0110akova\u010dki Rizling 1 l \u0110akova\u010dka vina Order Croatian wine delivery now online! Directly from stock, fast delivery EU DPD","og_url":"https:\/\/adria-klik.com\/proizvod\/dakovo-rizling-1l-vino-dostava\/","og_site_name":"Adria-Klik.com","article_publisher":"https:\/\/www.facebook.com\/profile.php?id=100064209425136","article_modified_time":"2023-09-19T22:18:10+00:00","og_image":[{"width":1500,"height":1500,"url":"https:\/\/adria-klik.com\/wp-content\/uploads\/2023\/09\/Dakovacki-Rizling-1l-akcija-Wein-Kroatien-adria-klik-brza-dostava_supply_store_delivery_zagreb_croatia-internet-ducan-Bolt-Food-Zagreb-Hrvatska.jpg","type":"image\/jpeg"}],"twitter_card":"summary_large_image","schema":{"@context":"https:\/\/schema.org","@graph":[{"@type":"WebPage","@id":"https:\/\/adria-klik.com\/proizvod\/dakovo-rizling-1l-vino-dostava\/","url":"https:\/\/adria-klik.com\/proizvod\/dakovo-rizling-1l-vino-dostava\/","name":"\u0110akova\u010dki Rizling 1 l \u0110akova\u010dka vina - Adria-Klik.com","isPartOf":{"@id":"https:\/\/adria-klik.com\/#website"},"primaryImageOfPage":{"@id":"https:\/\/adria-klik.com\/proizvod\/dakovo-rizling-1l-vino-dostava\/#primaryimage"},"image":{"@id":"https:\/\/adria-klik.com\/proizvod\/dakovo-rizling-1l-vino-dostava\/#primaryimage"},"thumbnailUrl":"https:\/\/adria-klik.com\/wp-content\/uploads\/2023\/09\/Dakovacki-Rizling-1l-akcija-Wein-Kroatien-adria-klik-brza-dostava_supply_store_delivery_zagreb_croatia-internet-ducan-Bolt-Food-Zagreb-Hrvatska.jpg","datePublished":"2023-09-19T19:06:22+00:00","dateModified":"2023-09-19T22:18:10+00:00","description":"\u0110akova\u010dki Rizling 1 l \u0110akova\u010dka vina Order Croatian wine delivery now online! Directly from stock, fast delivery EU DPD","breadcrumb":{"@id":"https:\/\/adria-klik.com\/proizvod\/dakovo-rizling-1l-vino-dostava\/#breadcrumb"},"inLanguage":"en-US","potentialAction":[{"@type":"ReadAction","target":["https:\/\/adria-klik.com\/proizvod\/dakovo-rizling-1l-vino-dostava\/"]}]},{"@type":"ImageObject","inLanguage":"en-US","@id":"https:\/\/adria-klik.com\/proizvod\/dakovo-rizling-1l-vino-dostava\/#primaryimage","url":"https:\/\/adria-klik.com\/wp-content\/uploads\/2023\/09\/Dakovacki-Rizling-1l-akcija-Wein-Kroatien-adria-klik-brza-dostava_supply_store_delivery_zagreb_croatia-internet-ducan-Bolt-Food-Zagreb-Hrvatska.jpg","contentUrl":"https:\/\/adria-klik.com\/wp-content\/uploads\/2023\/09\/Dakovacki-Rizling-1l-akcija-Wein-Kroatien-adria-klik-brza-dostava_supply_store_delivery_zagreb_croatia-internet-ducan-Bolt-Food-Zagreb-Hrvatska.jpg","width":1500,"height":1500,"caption":"| Adria-Klik Supply webshop trgovina dostava namirnica, vina, craft piva i delicija Superbrza dostava Zagreb Wolt Glovo Bolt-Food i Hrvatska i EU DPD GLS - vinska logistika #kupujmohrvatsko Naru\u00c3\u201e\u00c2\u008di dostavu Adria Klik dostava Namirnica, Vina, Craft piva, Delicija, Organsko, Eko, Bio, ekskluzivan izbor domacih vinara! Unikati pokloni Bontonic Canna Mariniana, CBD CBG Croatia Organic HEMP industrijska konoplja Cannabiotics Cannabiotics CroCanna Devetka Free Spirit Me\u00c3\u201e\u00e2\u20ac\u02dcimurje Greenall's Original Johhnie Walker Karlova\u00c3\u201e\u00c2\u008dko Kostelac rakije LAB Split pivovara Lepi De\u00c3\u201e\u00c2\u008dki Li\u00c3\u201e\u00c2\u008danka Pivovara Nova Runda Nova Runda OPG Marevi\u00c3\u201e\u00e2\u20ac\u00a1 Palihni\u00c3\u201e\u00e2\u20ac\u00a1 Pelje\u00c3\u2026\u00c2\u00a1ki Vrhovi - PZ Janjina Pelje\u00c3\u2026\u00c2\u00a1ki Vrhovi - PZ Janjina Ravalico Saperlot Saperlot Brewery StartCBD Tvornica leda Velebitska Degenija Vislander Vislander Vislander Vislander Volimljuto Zlatarna \u00c3\u2026\u00c2\u00a0iroka 2Storije aDorable aDorable Adria Darovni Poklon Paketi Argeta Argeta Azrri Azrri Bel-Cro Bel-Cro Benediktinke Sv. Marije Zadar Benediktinke Sv. Marije Zadar Benediktinke Zadar Benediktinke Zadar Bobi Snacks Buzdovan Buzdovan cchellenic Cmre\u00c3\u201e\u00c2\u008dnjak Cmre\u00c3\u201e\u00c2\u008dnjak Coca-Cola Coca-Cola Hrvatska Cockta Cogito Coffee Cogito Coffee \u00c3\u201e\u00c2\u0090akova\u00c3\u201e\u00c2\u008dka Vina \u00c3\u201e\u00c2\u0090akovo vina ekoEna ekoEna Elda Fentimans Feravino Ferrero Franck Gordon's Grad-Export Gray Goose Gray Goose Greenalls Greenalls Gin Greenalls Gin Original British Heineken Hrvatska Jagermeister Jagermeister Jaguni\u00c3\u201e\u00e2\u20ac\u00a1 Vina Jamnica Jamnica Jana Jana Josi\u00c3\u201e\u00e2\u20ac\u00a1 vinarija Kinder Konoplja.shop Kra\u00c3\u2026\u00c2\u00a1 Kutjevo Kutjevo Labud Latus Mljekara Istra Latus Mljekara Istra Lay's Lay's Chips Maraska Merci Storck Mljekara Latus Mljekara Latus Istra Na\u00c3\u2026\u00c2\u00a1 Okus Na\u00c3\u2026\u00c2\u00a1 Okus Nescafe OPG Cari\u00c3\u201e\u00e2\u20ac\u00a1 Papak Ilok Pavlomir Pavlomir Vinska Ku\u00c3\u201e\u00e2\u20ac\u00a1a Pivovara Medvedgrad Pringles \/ Kellogg's Red Bull \u00c3\u2026\u00c2\u00a0ibenska Pivovara \u00c3\u2026\u00c2\u00a0ibenska Pivovara (5) SMID SMID Taman Artisan Chocolates Thomas Henry Tuc Krekeri Valenta Family Wines Vina Grgurevi\u00c3\u201e\u00e2\u20ac\u00a1 Vina Grgurevi\u00c3\u201e\u00e2\u20ac\u00a1 Vinarija Benkovac Vinarija Mik\u00c3\u2026\u00c2\u00a1a Vislander Vina i Rakije Vizba Valandovo Vizba Valandovo Makedonija"},{"@type":"BreadcrumbList","@id":"https:\/\/adria-klik.com\/proizvod\/dakovo-rizling-1l-vino-dostava\/#breadcrumb","itemListElement":[{"@type":"ListItem","position":1,"name":"Po\u010detna stranica","item":"https:\/\/adria-klik.com\/en\/"},{"@type":"ListItem","position":2,"name":"Shop","item":"https:\/\/adria-klik.com\/shop\/"},{"@type":"ListItem","position":3,"name":"\u0110akova\u010dki Rizling 1 l \u0110akova\u010dka vina"}]},{"@type":"WebSite","@id":"https:\/\/adria-klik.com\/#website","url":"https:\/\/adria-klik.com\/","name":"Adria-Klik.com","description":"Unikatni poklon paketi, Vina, Craft pivo &amp; Delicije - webshop","publisher":{"@id":"https:\/\/adria-klik.com\/#organization"},"potentialAction":[{"@type":"SearchAction","target":{"@type":"EntryPoint","urlTemplate":"https:\/\/adria-klik.com\/?s={search_term_string}"},"query-input":{"@type":"PropertyValueSpecification","valueRequired":true,"valueName":"search_term_string"}}],"inLanguage":"en-US"},{"@type":"Organization","@id":"https:\/\/adria-klik.com\/#organization","name":"Adria-Klik.com","alternateName":"AK","url":"https:\/\/adria-klik.com\/","logo":{"@type":"ImageObject","inLanguage":"en-US","@id":"https:\/\/adria-klik.com\/#\/schema\/logo\/image\/","url":"https:\/\/adria-klik.com\/wp-content\/uploads\/2025\/12\/Adria-Klik_com-logo-namirnice-vina-craft-pivo-delikatese-delicije-artisan-cokolada.jpg","contentUrl":"https:\/\/adria-klik.com\/wp-content\/uploads\/2025\/12\/Adria-Klik_com-logo-namirnice-vina-craft-pivo-delikatese-delicije-artisan-cokolada.jpg","width":500,"height":500,"caption":"Adria-Klik.com"},"image":{"@id":"https:\/\/adria-klik.com\/#\/schema\/logo\/image\/"},"sameAs":["https:\/\/www.facebook.com\/profile.php?id=100064209425136","https:\/\/www.instagram.com\/adriaklik\/","https:\/\/www.youtube.com\/user\/PlavacmaliZagreb"]}]}},"jetpack_sharing_enabled":true,"jetpack-related-posts":[],"_links":{"self":[{"href":"https:\/\/adria-klik.com\/en\/wp-json\/wp\/v2\/product\/17115","targetHints":{"allow":["GET"]}}],"collection":[{"href":"https:\/\/adria-klik.com\/en\/wp-json\/wp\/v2\/product"}],"about":[{"href":"https:\/\/adria-klik.com\/en\/wp-json\/wp\/v2\/types\/product"}],"replies":[{"embeddable":true,"href":"https:\/\/adria-klik.com\/en\/wp-json\/wp\/v2\/comments?post=17115"}],"wp:featuredmedia":[{"embeddable":true,"href":"https:\/\/adria-klik.com\/en\/wp-json\/wp\/v2\/media\/17114"}],"wp:attachment":[{"href":"https:\/\/adria-klik.com\/en\/wp-json\/wp\/v2\/media?parent=17115"}],"wp:term":[{"taxonomy":"product_brand","embeddable":true,"href":"https:\/\/adria-klik.com\/en\/wp-json\/wp\/v2\/product_brand?post=17115"},{"taxonomy":"product_cat","embeddable":true,"href":"https:\/\/adria-klik.com\/en\/wp-json\/wp\/v2\/product_cat?post=17115"},{"taxonomy":"product_tag","embeddable":true,"href":"https:\/\/adria-klik.com\/en\/wp-json\/wp\/v2\/product_tag?post=17115"},{"taxonomy":"berocket_brand","embeddable":true,"href":"https:\/\/adria-klik.com\/en\/wp-json\/wp\/v2\/berocket_brand?post=17115"}],"curies":[{"name":"wp","href":"https:\/\/api.w.org\/{rel}","templated":true}]}}