{"id":17129,"date":"2021-05-03T23:47:04","date_gmt":"2021-05-03T21:47:04","guid":{"rendered":"https:\/\/adria-klik.com\/?post_type=product&#038;p=17129"},"modified":"2023-09-21T11:01:30","modified_gmt":"2023-09-21T09:01:30","slug":"cakovecko-pilsner-05-l-lepi-decki-pivovara-delivery","status":"publish","type":"product","link":"https:\/\/adria-klik.com\/en\/proizvod\/cakovecko-pilsner-05-l-lepi-decki-pivovara-delivery\/","title":{"rendered":"\u010cakove\u010dko Pilsner 0,5 l Lepi De\u010dki Brewery"},"content":{"rendered":"<ul>\n<li>\u010cakove\u010dko Pilsner 0,5 l Lepi De\u010dki Pivovara Me\u0111imurje Croatia<\/li>\n<li><span class=\"HwtZe\" lang=\"en\"><span class=\"jCAhz ChMk0b\"><span class=\"ryNqvb\">Silver medal 2021 London Beer Competition!<\/span><\/span> <\/span><\/li>\n<li><span class=\"HwtZe\" lang=\"en\"><span class=\"jCAhz ChMk0b\"><span class=\"ryNqvb\">Extremely drinkable and light pilsner, with clean and balanced aromas<\/span><\/span><\/span><\/li>\n<li><span class=\"HwtZe\" lang=\"en\"> <span class=\"jCAhz ChMk0b\"><span class=\"ryNqvb\">The label pays tribute to the city of \u010cakovec, the city of hidden legends and a dragon, of course<\/span><\/span><\/span><\/li>\n<li><span class=\"HwtZe\" lang=\"en\"> <span class=\"jCAhz ChMk0b\"><span class=\"ryNqvb\">Order the delivery of Me\u0111imurje Craft beer from Lepi De\u010dki Brewery<\/span><\/span><\/span><\/li>\n<li><span class=\"HwtZe\" lang=\"en\"> <span class=\"jCAhz ChMk0b\"><span class=\"ryNqvb\">Safe and verified delivery<\/span><\/span><\/span><\/li>\n<li>Croatia Craft Beer delivery<\/li>\n<\/ul>\n<div class=\"et_pb_text_inner\"><\/div>\n","protected":false},"excerpt":{"rendered":"<ul>\n<li><span class=\"HwtZe\" lang=\"en\"><span class=\"jCAhz ChMk0b\"><span class=\"ryNqvb\">Silver medal 2021 London Beer Competition!<\/span><\/span> <\/span><\/li>\n<li><span class=\"HwtZe\" lang=\"en\"><span class=\"jCAhz ChMk0b\"><span class=\"ryNqvb\">Extremely drinkable and light pilsner, with clean and balanced aromas<\/span><\/span><\/span><\/li>\n<li><span class=\"HwtZe\" lang=\"en\"> <span class=\"jCAhz ChMk0b\"><span class=\"ryNqvb\">The label pays tribute to the city of \u010cakovec, the city of hidden legends and a dragon, of course<\/span><\/span><\/span><\/li>\n<li><span class=\"HwtZe\" lang=\"en\"> <span class=\"jCAhz ChMk0b\"><span class=\"ryNqvb\">Order the delivery of Me\u0111imurje Craft beer from Lepi De\u010dki Brewery<\/span><\/span><\/span><\/li>\n<li><span class=\"HwtZe\" lang=\"en\"> <span class=\"jCAhz ChMk0b\"><span class=\"ryNqvb\">Safe and verified delivery<\/span><\/span><\/span><\/li>\n<li>Croatia Craft Beer delivery<\/li>\n<\/ul>\n<div class=\"et_pb_text_inner\"><\/div>\n","protected":false},"featured_media":17128,"comment_status":"open","ping_status":"closed","template":"","meta":{"_acf_changed":false},"product_brand":[],"product_cat":[381,1381,1382,1380,1379,1160,387,1378],"product_tag":[2093,2092,821,2094],"berocket_brand":[1580],"class_list":{"0":"post-17129","1":"product","2":"type-product","3":"status-publish","4":"has-post-thumbnail","6":"product_cat-beer","7":"product_cat-dostava-en","8":"product_cat-europa-en","9":"product_cat-hrvatska-en","10":"product_cat-okusi-adriu","11":"product_cat-our-recommendation","12":"product_cat-premium","13":"product_cat-zagreb-en","14":"product_tag-cakovecko-pilsner-en","15":"product_tag-cold-beers","16":"product_tag-craft-beer-croatia","17":"product_tag-lepi-decki-pivovara-en","18":"berocket_brand-lepi-decki-pivovara","20":"first","21":"instock","22":"featured","23":"shipping-taxable","24":"purchasable","25":"product-type-simple"},"acf":[],"yoast_head":"<!-- This site is optimized with the Yoast SEO plugin v26.9 - https:\/\/yoast.com\/product\/yoast-seo-wordpress\/ -->\n<title>\u010cakove\u010dko Pilsner 0,5 l Lepi De\u010dki Brewery - Adria-Klik.com<\/title>\n<meta name=\"description\" content=\"\u010cakove\u010dko Pilsner 0,5 l Lepi De\u010dki PivovaraSilver medal 2021 London Beer Competition! Order Croatia Craft Beer delivery\" \/>\n<meta name=\"robots\" content=\"index, follow, max-snippet:-1, max-image-preview:large, max-video-preview:-1\" \/>\n<link rel=\"canonical\" href=\"https:\/\/adria-klik.com\/proizvod\/cakovecko-pilsner-05-l-lepi-decki-pivovara\/\" \/>\n<meta property=\"og:locale\" content=\"en_US\" \/>\n<meta property=\"og:type\" content=\"article\" \/>\n<meta property=\"og:title\" content=\"\u010cakove\u010dko Pilsner 0,5 l Lepi De\u010dki PivovaraSilver medal 2021 London Beer Competition! Order Croatia Craft Beer delivery\" \/>\n<meta property=\"og:description\" content=\"\u010cakove\u010dko Pilsner 0,5 l Lepi De\u010dki PivovaraSilver medal 2021 London Beer Competition! Order Croatia Craft Beer delivery\" \/>\n<meta property=\"og:url\" content=\"https:\/\/adria-klik.com\/proizvod\/cakovecko-pilsner-05-l-lepi-decki-pivovara\/\" \/>\n<meta property=\"og:site_name\" content=\"Adria-Klik.com\" \/>\n<meta property=\"article:publisher\" content=\"https:\/\/www.facebook.com\/profile.php?id=100064209425136\" \/>\n<meta property=\"article:modified_time\" content=\"2023-09-21T09:01:30+00:00\" \/>\n<meta property=\"og:image\" content=\"https:\/\/adria-klik.com\/wp-content\/uploads\/2021\/05\/cakovecko-05l-novo-akcija-craft-pivo-lepi-decki-brewery-silver-winner-London-beer-award-silver-Croatia-Premium-Internet-ducan-superbrza-dostava-lepi-decki-pivovara-Bolt-Food.jpg\" \/>\n\t<meta property=\"og:image:width\" content=\"1500\" \/>\n\t<meta property=\"og:image:height\" content=\"1500\" \/>\n\t<meta property=\"og:image:type\" content=\"image\/jpeg\" \/>\n<meta name=\"twitter:card\" content=\"summary_large_image\" \/>\n<meta name=\"twitter:title\" content=\"\u010cakove\u010dko Pilsner 0,5 l Lepi De\u010dki PivovaraSilver medal 2021 London Beer Competition! Order Croatia Craft Beer delivery\" \/>\n<meta name=\"twitter:description\" content=\"\u010cakove\u010dko Pilsner 0,5 l Lepi De\u010dki PivovaraSilver medal 2021 London Beer Competition! Order Croatia Craft Beer delivery\" \/>\n<meta name=\"twitter:image\" content=\"https:\/\/adria-klik.com\/wp-content\/uploads\/2021\/05\/cakovecko-05l-novo-akcija-craft-pivo-lepi-decki-brewery-silver-winner-London-beer-award-silver-Croatia-Premium-Internet-ducan-superbrza-dostava-lepi-decki-pivovara-Bolt-Food.jpg\" \/>\n<script type=\"application\/ld+json\" class=\"yoast-schema-graph\">{\"@context\":\"https:\/\/schema.org\",\"@graph\":[{\"@type\":\"WebPage\",\"@id\":\"https:\/\/adria-klik.com\/proizvod\/cakovecko-pilsner-05-l-lepi-decki-pivovara\/\",\"url\":\"https:\/\/adria-klik.com\/proizvod\/cakovecko-pilsner-05-l-lepi-decki-pivovara\/\",\"name\":\"\u010cakove\u010dko Pilsner 0,5 l Lepi De\u010dki Brewery - Adria-Klik.com\",\"isPartOf\":{\"@id\":\"https:\/\/adria-klik.com\/#website\"},\"primaryImageOfPage\":{\"@id\":\"https:\/\/adria-klik.com\/proizvod\/cakovecko-pilsner-05-l-lepi-decki-pivovara\/#primaryimage\"},\"image\":{\"@id\":\"https:\/\/adria-klik.com\/proizvod\/cakovecko-pilsner-05-l-lepi-decki-pivovara\/#primaryimage\"},\"thumbnailUrl\":\"https:\/\/adria-klik.com\/wp-content\/uploads\/2021\/05\/cakovecko-05l-novo-akcija-craft-pivo-lepi-decki-brewery-silver-winner-London-beer-award-silver-Croatia-Premium-Internet-ducan-superbrza-dostava-lepi-decki-pivovara-Bolt-Food.jpg\",\"datePublished\":\"2021-05-03T21:47:04+00:00\",\"dateModified\":\"2023-09-21T09:01:30+00:00\",\"description\":\"\u010cakove\u010dko Pilsner 0,5 l Lepi De\u010dki PivovaraSilver medal 2021 London Beer Competition! Order Croatia Craft Beer delivery\",\"breadcrumb\":{\"@id\":\"https:\/\/adria-klik.com\/proizvod\/cakovecko-pilsner-05-l-lepi-decki-pivovara\/#breadcrumb\"},\"inLanguage\":\"en-US\",\"potentialAction\":[{\"@type\":\"ReadAction\",\"target\":[\"https:\/\/adria-klik.com\/proizvod\/cakovecko-pilsner-05-l-lepi-decki-pivovara\/\"]}]},{\"@type\":\"ImageObject\",\"inLanguage\":\"en-US\",\"@id\":\"https:\/\/adria-klik.com\/proizvod\/cakovecko-pilsner-05-l-lepi-decki-pivovara\/#primaryimage\",\"url\":\"https:\/\/adria-klik.com\/wp-content\/uploads\/2021\/05\/cakovecko-05l-novo-akcija-craft-pivo-lepi-decki-brewery-silver-winner-London-beer-award-silver-Croatia-Premium-Internet-ducan-superbrza-dostava-lepi-decki-pivovara-Bolt-Food.jpg\",\"contentUrl\":\"https:\/\/adria-klik.com\/wp-content\/uploads\/2021\/05\/cakovecko-05l-novo-akcija-craft-pivo-lepi-decki-brewery-silver-winner-London-beer-award-silver-Croatia-Premium-Internet-ducan-superbrza-dostava-lepi-decki-pivovara-Bolt-Food.jpg\",\"width\":1500,\"height\":1500,\"caption\":\"| Adria-Klik Supply webshop trgovina dostava namirnica, vina, craft piva i delicija Superbrza dostava Zagreb Wolt Glovo Bolt-Food i Hrvatska i EU DPD GLS - vinska logistika #kupujmohrvatsko Naru\u00c3\u201e\u00c2\u008di dostavu Adria Klik dostava Namirnica, Vina, Craft piva, Delicija, Organsko, Eko, Bio, ekskluzivan izbor domacih vinara! Unikati pokloni Bontonic Canna Mariniana, CBD CBG Croatia Organic HEMP industrijska konoplja Cannabiotics Cannabiotics CroCanna Devetka Free Spirit Me\u00c3\u201e\u00e2\u20ac\u02dcimurje Greenall's Original Johhnie Walker Karlova\u00c3\u201e\u00c2\u008dko Kostelac rakije LAB Split pivovara Lepi De\u00c3\u201e\u00c2\u008dki Li\u00c3\u201e\u00c2\u008danka Pivovara Nova Runda Nova Runda OPG Marevi\u00c3\u201e\u00e2\u20ac\u00a1 Palihni\u00c3\u201e\u00e2\u20ac\u00a1 Pelje\u00c3\u2026\u00c2\u00a1ki Vrhovi - PZ Janjina Pelje\u00c3\u2026\u00c2\u00a1ki Vrhovi - PZ Janjina Ravalico Saperlot Saperlot Brewery StartCBD Tvornica leda Velebitska Degenija Vislander Vislander Vislander Vislander Volimljuto Zlatarna \u00c3\u2026\u00c2\u00a0iroka 2Storije aDorable aDorable Adria Darovni Poklon Paketi Argeta Argeta Azrri Azrri Bel-Cro Bel-Cro Benediktinke Sv. Marije Zadar Benediktinke Sv. Marije Zadar Benediktinke Zadar Benediktinke Zadar Bobi Snacks Buzdovan Buzdovan cchellenic Cmre\u00c3\u201e\u00c2\u008dnjak Cmre\u00c3\u201e\u00c2\u008dnjak Coca-Cola Coca-Cola Hrvatska Cockta Cogito Coffee Cogito Coffee \u00c3\u201e\u00c2\u0090akova\u00c3\u201e\u00c2\u008dka Vina \u00c3\u201e\u00c2\u0090akovo vina ekoEna ekoEna Elda Fentimans Feravino Ferrero Franck Gordon's Grad-Export Gray Goose Gray Goose Greenalls Greenalls Gin Greenalls Gin Original British Heineken Hrvatska Jagermeister Jagermeister Jaguni\u00c3\u201e\u00e2\u20ac\u00a1 Vina Jamnica Jamnica Jana Jana Josi\u00c3\u201e\u00e2\u20ac\u00a1 vinarija Kinder Konoplja.shop Kra\u00c3\u2026\u00c2\u00a1 Kutjevo Kutjevo Labud Latus Mljekara Istra Latus Mljekara Istra Lay's Lay's Chips Maraska Merci Storck Mljekara Latus Mljekara Latus Istra Na\u00c3\u2026\u00c2\u00a1 Okus Na\u00c3\u2026\u00c2\u00a1 Okus Nescafe OPG Cari\u00c3\u201e\u00e2\u20ac\u00a1 Papak Ilok Pavlomir Pavlomir Vinska Ku\u00c3\u201e\u00e2\u20ac\u00a1a Pivovara Medvedgrad Pringles \/ Kellogg's Red Bull \u00c3\u2026\u00c2\u00a0ibenska Pivovara \u00c3\u2026\u00c2\u00a0ibenska Pivovara (5) SMID SMID Taman Artisan Chocolates Thomas Henry Tuc Krekeri Valenta Family Wines Vina Grgurevi\u00c3\u201e\u00e2\u20ac\u00a1 Vina Grgurevi\u00c3\u201e\u00e2\u20ac\u00a1 Vinarija Benkovac Vinarija Mik\u00c3\u2026\u00c2\u00a1a Vislander Vina i Rakije Vizba Valandovo Vizba Valandovo Makedonija\"},{\"@type\":\"BreadcrumbList\",\"@id\":\"https:\/\/adria-klik.com\/proizvod\/cakovecko-pilsner-05-l-lepi-decki-pivovara\/#breadcrumb\",\"itemListElement\":[{\"@type\":\"ListItem\",\"position\":1,\"name\":\"Po\u010detna stranica\",\"item\":\"https:\/\/adria-klik.com\/en\/\"},{\"@type\":\"ListItem\",\"position\":2,\"name\":\"Shop\",\"item\":\"https:\/\/adria-klik.com\/shop\/\"},{\"@type\":\"ListItem\",\"position\":3,\"name\":\"\u010cakove\u010dko Pilsner 0,5 l Lepi De\u010dki Brewery\"}]},{\"@type\":\"WebSite\",\"@id\":\"https:\/\/adria-klik.com\/#website\",\"url\":\"https:\/\/adria-klik.com\/\",\"name\":\"Adria-Klik.com\",\"description\":\"Unikatni poklon paketi, Vina, Craft pivo &amp; Delicije - webshop\",\"publisher\":{\"@id\":\"https:\/\/adria-klik.com\/#organization\"},\"potentialAction\":[{\"@type\":\"SearchAction\",\"target\":{\"@type\":\"EntryPoint\",\"urlTemplate\":\"https:\/\/adria-klik.com\/?s={search_term_string}\"},\"query-input\":{\"@type\":\"PropertyValueSpecification\",\"valueRequired\":true,\"valueName\":\"search_term_string\"}}],\"inLanguage\":\"en-US\"},{\"@type\":\"Organization\",\"@id\":\"https:\/\/adria-klik.com\/#organization\",\"name\":\"Adria-Klik.com\",\"alternateName\":\"AK\",\"url\":\"https:\/\/adria-klik.com\/\",\"logo\":{\"@type\":\"ImageObject\",\"inLanguage\":\"en-US\",\"@id\":\"https:\/\/adria-klik.com\/#\/schema\/logo\/image\/\",\"url\":\"https:\/\/adria-klik.com\/wp-content\/uploads\/2025\/12\/Adria-Klik_com-logo-namirnice-vina-craft-pivo-delikatese-delicije-artisan-cokolada.jpg\",\"contentUrl\":\"https:\/\/adria-klik.com\/wp-content\/uploads\/2025\/12\/Adria-Klik_com-logo-namirnice-vina-craft-pivo-delikatese-delicije-artisan-cokolada.jpg\",\"width\":500,\"height\":500,\"caption\":\"Adria-Klik.com\"},\"image\":{\"@id\":\"https:\/\/adria-klik.com\/#\/schema\/logo\/image\/\"},\"sameAs\":[\"https:\/\/www.facebook.com\/profile.php?id=100064209425136\",\"https:\/\/www.instagram.com\/adriaklik\/\",\"https:\/\/www.youtube.com\/user\/PlavacmaliZagreb\"]}]}<\/script>\n<!-- \/ Yoast SEO plugin. -->","yoast_head_json":{"title":"\u010cakove\u010dko Pilsner 0,5 l Lepi De\u010dki Brewery - Adria-Klik.com","description":"\u010cakove\u010dko Pilsner 0,5 l Lepi De\u010dki PivovaraSilver medal 2021 London Beer Competition! Order Croatia Craft Beer delivery","robots":{"index":"index","follow":"follow","max-snippet":"max-snippet:-1","max-image-preview":"max-image-preview:large","max-video-preview":"max-video-preview:-1"},"canonical":"https:\/\/adria-klik.com\/proizvod\/cakovecko-pilsner-05-l-lepi-decki-pivovara\/","og_locale":"en_US","og_type":"article","og_title":"\u010cakove\u010dko Pilsner 0,5 l Lepi De\u010dki PivovaraSilver medal 2021 London Beer Competition! Order Croatia Craft Beer delivery","og_description":"\u010cakove\u010dko Pilsner 0,5 l Lepi De\u010dki PivovaraSilver medal 2021 London Beer Competition! Order Croatia Craft Beer delivery","og_url":"https:\/\/adria-klik.com\/proizvod\/cakovecko-pilsner-05-l-lepi-decki-pivovara\/","og_site_name":"Adria-Klik.com","article_publisher":"https:\/\/www.facebook.com\/profile.php?id=100064209425136","article_modified_time":"2023-09-21T09:01:30+00:00","og_image":[{"width":1500,"height":1500,"url":"https:\/\/adria-klik.com\/wp-content\/uploads\/2021\/05\/cakovecko-05l-novo-akcija-craft-pivo-lepi-decki-brewery-silver-winner-London-beer-award-silver-Croatia-Premium-Internet-ducan-superbrza-dostava-lepi-decki-pivovara-Bolt-Food.jpg","type":"image\/jpeg"}],"twitter_card":"summary_large_image","twitter_title":"\u010cakove\u010dko Pilsner 0,5 l Lepi De\u010dki PivovaraSilver medal 2021 London Beer Competition! Order Croatia Craft Beer delivery","twitter_description":"\u010cakove\u010dko Pilsner 0,5 l Lepi De\u010dki PivovaraSilver medal 2021 London Beer Competition! Order Croatia Craft Beer delivery","twitter_image":"https:\/\/adria-klik.com\/wp-content\/uploads\/2021\/05\/cakovecko-05l-novo-akcija-craft-pivo-lepi-decki-brewery-silver-winner-London-beer-award-silver-Croatia-Premium-Internet-ducan-superbrza-dostava-lepi-decki-pivovara-Bolt-Food.jpg","schema":{"@context":"https:\/\/schema.org","@graph":[{"@type":"WebPage","@id":"https:\/\/adria-klik.com\/proizvod\/cakovecko-pilsner-05-l-lepi-decki-pivovara\/","url":"https:\/\/adria-klik.com\/proizvod\/cakovecko-pilsner-05-l-lepi-decki-pivovara\/","name":"\u010cakove\u010dko Pilsner 0,5 l Lepi De\u010dki Brewery - Adria-Klik.com","isPartOf":{"@id":"https:\/\/adria-klik.com\/#website"},"primaryImageOfPage":{"@id":"https:\/\/adria-klik.com\/proizvod\/cakovecko-pilsner-05-l-lepi-decki-pivovara\/#primaryimage"},"image":{"@id":"https:\/\/adria-klik.com\/proizvod\/cakovecko-pilsner-05-l-lepi-decki-pivovara\/#primaryimage"},"thumbnailUrl":"https:\/\/adria-klik.com\/wp-content\/uploads\/2021\/05\/cakovecko-05l-novo-akcija-craft-pivo-lepi-decki-brewery-silver-winner-London-beer-award-silver-Croatia-Premium-Internet-ducan-superbrza-dostava-lepi-decki-pivovara-Bolt-Food.jpg","datePublished":"2021-05-03T21:47:04+00:00","dateModified":"2023-09-21T09:01:30+00:00","description":"\u010cakove\u010dko Pilsner 0,5 l Lepi De\u010dki PivovaraSilver medal 2021 London Beer Competition! Order Croatia Craft Beer delivery","breadcrumb":{"@id":"https:\/\/adria-klik.com\/proizvod\/cakovecko-pilsner-05-l-lepi-decki-pivovara\/#breadcrumb"},"inLanguage":"en-US","potentialAction":[{"@type":"ReadAction","target":["https:\/\/adria-klik.com\/proizvod\/cakovecko-pilsner-05-l-lepi-decki-pivovara\/"]}]},{"@type":"ImageObject","inLanguage":"en-US","@id":"https:\/\/adria-klik.com\/proizvod\/cakovecko-pilsner-05-l-lepi-decki-pivovara\/#primaryimage","url":"https:\/\/adria-klik.com\/wp-content\/uploads\/2021\/05\/cakovecko-05l-novo-akcija-craft-pivo-lepi-decki-brewery-silver-winner-London-beer-award-silver-Croatia-Premium-Internet-ducan-superbrza-dostava-lepi-decki-pivovara-Bolt-Food.jpg","contentUrl":"https:\/\/adria-klik.com\/wp-content\/uploads\/2021\/05\/cakovecko-05l-novo-akcija-craft-pivo-lepi-decki-brewery-silver-winner-London-beer-award-silver-Croatia-Premium-Internet-ducan-superbrza-dostava-lepi-decki-pivovara-Bolt-Food.jpg","width":1500,"height":1500,"caption":"| Adria-Klik Supply webshop trgovina dostava namirnica, vina, craft piva i delicija Superbrza dostava Zagreb Wolt Glovo Bolt-Food i Hrvatska i EU DPD GLS - vinska logistika #kupujmohrvatsko Naru\u00c3\u201e\u00c2\u008di dostavu Adria Klik dostava Namirnica, Vina, Craft piva, Delicija, Organsko, Eko, Bio, ekskluzivan izbor domacih vinara! Unikati pokloni Bontonic Canna Mariniana, CBD CBG Croatia Organic HEMP industrijska konoplja Cannabiotics Cannabiotics CroCanna Devetka Free Spirit Me\u00c3\u201e\u00e2\u20ac\u02dcimurje Greenall's Original Johhnie Walker Karlova\u00c3\u201e\u00c2\u008dko Kostelac rakije LAB Split pivovara Lepi De\u00c3\u201e\u00c2\u008dki Li\u00c3\u201e\u00c2\u008danka Pivovara Nova Runda Nova Runda OPG Marevi\u00c3\u201e\u00e2\u20ac\u00a1 Palihni\u00c3\u201e\u00e2\u20ac\u00a1 Pelje\u00c3\u2026\u00c2\u00a1ki Vrhovi - PZ Janjina Pelje\u00c3\u2026\u00c2\u00a1ki Vrhovi - PZ Janjina Ravalico Saperlot Saperlot Brewery StartCBD Tvornica leda Velebitska Degenija Vislander Vislander Vislander Vislander Volimljuto Zlatarna \u00c3\u2026\u00c2\u00a0iroka 2Storije aDorable aDorable Adria Darovni Poklon Paketi Argeta Argeta Azrri Azrri Bel-Cro Bel-Cro Benediktinke Sv. Marije Zadar Benediktinke Sv. Marije Zadar Benediktinke Zadar Benediktinke Zadar Bobi Snacks Buzdovan Buzdovan cchellenic Cmre\u00c3\u201e\u00c2\u008dnjak Cmre\u00c3\u201e\u00c2\u008dnjak Coca-Cola Coca-Cola Hrvatska Cockta Cogito Coffee Cogito Coffee \u00c3\u201e\u00c2\u0090akova\u00c3\u201e\u00c2\u008dka Vina \u00c3\u201e\u00c2\u0090akovo vina ekoEna ekoEna Elda Fentimans Feravino Ferrero Franck Gordon's Grad-Export Gray Goose Gray Goose Greenalls Greenalls Gin Greenalls Gin Original British Heineken Hrvatska Jagermeister Jagermeister Jaguni\u00c3\u201e\u00e2\u20ac\u00a1 Vina Jamnica Jamnica Jana Jana Josi\u00c3\u201e\u00e2\u20ac\u00a1 vinarija Kinder Konoplja.shop Kra\u00c3\u2026\u00c2\u00a1 Kutjevo Kutjevo Labud Latus Mljekara Istra Latus Mljekara Istra Lay's Lay's Chips Maraska Merci Storck Mljekara Latus Mljekara Latus Istra Na\u00c3\u2026\u00c2\u00a1 Okus Na\u00c3\u2026\u00c2\u00a1 Okus Nescafe OPG Cari\u00c3\u201e\u00e2\u20ac\u00a1 Papak Ilok Pavlomir Pavlomir Vinska Ku\u00c3\u201e\u00e2\u20ac\u00a1a Pivovara Medvedgrad Pringles \/ Kellogg's Red Bull \u00c3\u2026\u00c2\u00a0ibenska Pivovara \u00c3\u2026\u00c2\u00a0ibenska Pivovara (5) SMID SMID Taman Artisan Chocolates Thomas Henry Tuc Krekeri Valenta Family Wines Vina Grgurevi\u00c3\u201e\u00e2\u20ac\u00a1 Vina Grgurevi\u00c3\u201e\u00e2\u20ac\u00a1 Vinarija Benkovac Vinarija Mik\u00c3\u2026\u00c2\u00a1a Vislander Vina i Rakije Vizba Valandovo Vizba Valandovo Makedonija"},{"@type":"BreadcrumbList","@id":"https:\/\/adria-klik.com\/proizvod\/cakovecko-pilsner-05-l-lepi-decki-pivovara\/#breadcrumb","itemListElement":[{"@type":"ListItem","position":1,"name":"Po\u010detna stranica","item":"https:\/\/adria-klik.com\/en\/"},{"@type":"ListItem","position":2,"name":"Shop","item":"https:\/\/adria-klik.com\/shop\/"},{"@type":"ListItem","position":3,"name":"\u010cakove\u010dko Pilsner 0,5 l Lepi De\u010dki Brewery"}]},{"@type":"WebSite","@id":"https:\/\/adria-klik.com\/#website","url":"https:\/\/adria-klik.com\/","name":"Adria-Klik.com","description":"Unikatni poklon paketi, Vina, Craft pivo &amp; Delicije - webshop","publisher":{"@id":"https:\/\/adria-klik.com\/#organization"},"potentialAction":[{"@type":"SearchAction","target":{"@type":"EntryPoint","urlTemplate":"https:\/\/adria-klik.com\/?s={search_term_string}"},"query-input":{"@type":"PropertyValueSpecification","valueRequired":true,"valueName":"search_term_string"}}],"inLanguage":"en-US"},{"@type":"Organization","@id":"https:\/\/adria-klik.com\/#organization","name":"Adria-Klik.com","alternateName":"AK","url":"https:\/\/adria-klik.com\/","logo":{"@type":"ImageObject","inLanguage":"en-US","@id":"https:\/\/adria-klik.com\/#\/schema\/logo\/image\/","url":"https:\/\/adria-klik.com\/wp-content\/uploads\/2025\/12\/Adria-Klik_com-logo-namirnice-vina-craft-pivo-delikatese-delicije-artisan-cokolada.jpg","contentUrl":"https:\/\/adria-klik.com\/wp-content\/uploads\/2025\/12\/Adria-Klik_com-logo-namirnice-vina-craft-pivo-delikatese-delicije-artisan-cokolada.jpg","width":500,"height":500,"caption":"Adria-Klik.com"},"image":{"@id":"https:\/\/adria-klik.com\/#\/schema\/logo\/image\/"},"sameAs":["https:\/\/www.facebook.com\/profile.php?id=100064209425136","https:\/\/www.instagram.com\/adriaklik\/","https:\/\/www.youtube.com\/user\/PlavacmaliZagreb"]}]}},"jetpack_sharing_enabled":true,"jetpack-related-posts":[],"_links":{"self":[{"href":"https:\/\/adria-klik.com\/en\/wp-json\/wp\/v2\/product\/17129","targetHints":{"allow":["GET"]}}],"collection":[{"href":"https:\/\/adria-klik.com\/en\/wp-json\/wp\/v2\/product"}],"about":[{"href":"https:\/\/adria-klik.com\/en\/wp-json\/wp\/v2\/types\/product"}],"replies":[{"embeddable":true,"href":"https:\/\/adria-klik.com\/en\/wp-json\/wp\/v2\/comments?post=17129"}],"wp:featuredmedia":[{"embeddable":true,"href":"https:\/\/adria-klik.com\/en\/wp-json\/wp\/v2\/media\/17128"}],"wp:attachment":[{"href":"https:\/\/adria-klik.com\/en\/wp-json\/wp\/v2\/media?parent=17129"}],"wp:term":[{"taxonomy":"product_brand","embeddable":true,"href":"https:\/\/adria-klik.com\/en\/wp-json\/wp\/v2\/product_brand?post=17129"},{"taxonomy":"product_cat","embeddable":true,"href":"https:\/\/adria-klik.com\/en\/wp-json\/wp\/v2\/product_cat?post=17129"},{"taxonomy":"product_tag","embeddable":true,"href":"https:\/\/adria-klik.com\/en\/wp-json\/wp\/v2\/product_tag?post=17129"},{"taxonomy":"berocket_brand","embeddable":true,"href":"https:\/\/adria-klik.com\/en\/wp-json\/wp\/v2\/berocket_brand?post=17129"}],"curies":[{"name":"wp","href":"https:\/\/api.w.org\/{rel}","templated":true}]}}