{"id":17140,"date":"2023-09-23T01:31:59","date_gmt":"2023-09-22T23:31:59","guid":{"rendered":"https:\/\/adria-klik.com\/?post_type=product&#038;p=17140"},"modified":"2023-09-23T01:37:18","modified_gmt":"2023-09-22T23:37:18","slug":"pelinkovac-07l-maraska-zadar","status":"publish","type":"product","link":"https:\/\/adria-klik.com\/en\/proizvod\/pelinkovac-07l-maraska-zadar\/","title":{"rendered":"Pelinkovac 0,7l Maraska Zadar"},"content":{"rendered":"<div class=\"sc-leiOXd kXkPgR\">\n<div class=\"sc-lbWGbb etdDhq\"><\/div>\n<\/div>\n<ul>\n<li class=\"sc-hDbpAC DqDrG\">\n<div class=\"sc-hDbpAC DqDrG\"><span class=\"sc-AHaJN eYogQn\" dir=\"auto\" lang=\"hr\">Tradicionalni Hrvatski liker<\/span><\/div>\n<\/li>\n<li class=\"sc-hDbpAC DqDrG\">\n<div class=\"sc-hDbpAC DqDrG\"><span class=\"sc-AHaJN eYogQn\" dir=\"auto\" lang=\"hr\"> Pelinkovac Zadar Maraska sa svojim orginalnim na\u010dinom proizvodnje kao i tradicionalnim receptom zasnovanim na skladnosti pelina i pa\u017eljivo odabranog bilja jedan je od na\u0161ih najprepoznatljivijih i najprodavanijih proizvoda<\/span><\/div>\n<\/li>\n<li class=\"sc-hDbpAC DqDrG\">\n<div class=\"sc-hDbpAC DqDrG\"><span class=\"sc-AHaJN eYogQn\" dir=\"auto\" lang=\"hr\"> Servira se \u010dist, s ledom i limunom, naj\u010de\u0161\u0107e kao aperitiv<\/span><\/div>\n<\/li>\n<li class=\"sc-hDbpAC DqDrG\">\n<div class=\"sc-hDbpAC DqDrG\"><span class=\"sc-AHaJN eYogQn\" dir=\"auto\" lang=\"hr\"> Posebno osvje\u017eavaju\u0107e djeluje u kombinaciji s tonicom.<\/span><\/div>\n<\/li>\n<\/ul>\n","protected":false},"excerpt":{"rendered":"<ul>\n<li class=\"sc-hDbpAC DqDrG\">\n<div class=\"sc-hDbpAC DqDrG\"><span class=\"sc-AHaJN eYogQn\" dir=\"auto\" lang=\"hr\">Tradicionalni Hrvatski liker<\/span><\/div>\n<\/li>\n<li class=\"sc-hDbpAC DqDrG\">\n<div class=\"sc-hDbpAC DqDrG\"><span class=\"sc-AHaJN eYogQn\" dir=\"auto\" lang=\"hr\"> Pelinkovac Zadar Maraska sa svojim orginalnim na\u010dinom proizvodnje kao i tradicionalnim receptom zasnovanim na skladnosti pelina i pa\u017eljivo odabranog bilja jedan je od na\u0161ih najprepoznatljivijih i najprodavanijih proizvoda<\/span><\/div>\n<\/li>\n<li class=\"sc-hDbpAC DqDrG\">\n<div class=\"sc-hDbpAC DqDrG\"><span class=\"sc-AHaJN eYogQn\" dir=\"auto\" lang=\"hr\"> Servira se \u010dist, s ledom i limunom, naj\u010de\u0161\u0107e kao aperitiv<\/span><\/div>\n<\/li>\n<li class=\"sc-hDbpAC DqDrG\">\n<div class=\"sc-hDbpAC DqDrG\"><span class=\"sc-AHaJN eYogQn\" dir=\"auto\" lang=\"hr\"> Posebno osvje\u017eavaju\u0107e djeluje u kombinaciji s tonicom.<\/span><\/div>\n<\/li>\n<\/ul>\n","protected":false},"featured_media":17141,"comment_status":"open","ping_status":"closed","template":"","meta":{"_acf_changed":false},"product_brand":[],"product_cat":[374,1175,1176,1174,1159,619,436,435,560],"product_tag":[1335,1332,2104,2103,2102],"berocket_brand":[888],"class_list":{"0":"post-17140","1":"product","2":"type-product","3":"status-publish","4":"has-post-thumbnail","6":"product_cat-alkoholna-pica","7":"product_cat-dostava","8":"product_cat-europa","9":"product_cat-hrvatska","10":"product_cat-nasa-preporuka","11":"product_cat-okusi_adriu","12":"product_cat-ostalo","13":"product_cat-rakije","14":"product_cat-zagreb","15":"product_tag-dostava-rakija-i-likera","16":"product_tag-hrvatski-pelinkovac","17":"product_tag-maraska-zadar-2","18":"product_tag-tradicionalni-hrvatski-liker","19":"product_tag-zadarski-pelinkovac","20":"berocket_brand-maraska","22":"first","23":"instock","24":"featured","25":"shipping-taxable","26":"purchasable","27":"product-type-simple"},"acf":[],"yoast_head":"<!-- This site is optimized with the Yoast SEO plugin v26.9 - https:\/\/yoast.com\/product\/yoast-seo-wordpress\/ -->\n<title>Pelinkovac 0,7l Maraska Zadar - Adria-Klik.com<\/title>\n<meta name=\"description\" content=\"Pelinkovac 0,7l Maraska Zadar Pelinkovac Zadar Maraska sa svojim orginalnim na\u010dinom proizvodnje - Naru\u010di dostavu Maraska proizvoda\" \/>\n<meta name=\"robots\" content=\"index, follow, max-snippet:-1, max-image-preview:large, max-video-preview:-1\" \/>\n<link rel=\"canonical\" href=\"https:\/\/adria-klik.com\/proizvod\/pelinkovac-07l-maraska-zadar\/\" \/>\n<meta property=\"og:locale\" content=\"en_US\" \/>\n<meta property=\"og:type\" content=\"article\" \/>\n<meta property=\"og:title\" content=\"Pelinkovac 0,7l Maraska Zadar Pelinkovac Zadar Maraska sa svojim orginalnim na\u010dinom proizvodnje - Naru\u010di dostavu Maraska proizvoda\" \/>\n<meta property=\"og:description\" content=\"Pelinkovac 0,7l Maraska Zadar Pelinkovac Zadar Maraska sa svojim orginalnim na\u010dinom proizvodnje - Naru\u010di dostavu Maraska proizvoda\" \/>\n<meta property=\"og:url\" content=\"https:\/\/adria-klik.com\/proizvod\/pelinkovac-07l-maraska-zadar\/\" \/>\n<meta property=\"og:site_name\" content=\"Adria-Klik.com\" \/>\n<meta property=\"article:publisher\" content=\"https:\/\/www.facebook.com\/profile.php?id=100064209425136\" \/>\n<meta property=\"article:modified_time\" content=\"2023-09-22T23:37:18+00:00\" \/>\n<meta property=\"og:image\" content=\"https:\/\/adria-klik.com\/wp-content\/uploads\/2021\/05\/hrvatski-pelinkovac-biljni-liker-velebitske-rakije-degenja-svecenicke-rakije-kupipovoljno-adria-klik-brza-dostava-zagreb-internet-ducan-shop-Fastest-delivery-in-zagreb-groceries-supermaket-hrvatska.jpg\" \/>\n\t<meta property=\"og:image:width\" content=\"1500\" \/>\n\t<meta property=\"og:image:height\" content=\"1500\" \/>\n\t<meta property=\"og:image:type\" content=\"image\/jpeg\" \/>\n<meta name=\"twitter:card\" content=\"summary_large_image\" \/>\n<meta name=\"twitter:title\" content=\"HrvatPelinkovac 0,7l Maraska Zadar Pelinkovac Zadar Maraska sa svojim orginalnim na\u010dinom proizvodnje - Naru\u010di dostavu Maraska proizvoda\" \/>\n<meta name=\"twitter:description\" content=\"Pelinkovac 0,7l Maraska Zadar Pelinkovac Zadar Maraska sa svojim orginalnim na\u010dinom proizvodnje - Naru\u010di dostavu Maraska proizvoda\" \/>\n<meta name=\"twitter:image\" content=\"https:\/\/adria-klik.com\/wp-content\/uploads\/2021\/05\/hrvatski-pelinkovac-biljni-liker-velebitske-rakije-degenja-svecenicke-rakije-kupipovoljno-adria-klik-brza-dostava-zagreb-internet-ducan-shop-Fastest-delivery-in-zagreb-groceries-supermaket-hrvatska.jpg\" \/>\n<meta name=\"twitter:label1\" content=\"Est. reading time\" \/>\n\t<meta name=\"twitter:data1\" content=\"1 minute\" \/>\n<script type=\"application\/ld+json\" class=\"yoast-schema-graph\">{\"@context\":\"https:\/\/schema.org\",\"@graph\":[{\"@type\":\"WebPage\",\"@id\":\"https:\/\/adria-klik.com\/proizvod\/pelinkovac-07l-maraska-zadar\/\",\"url\":\"https:\/\/adria-klik.com\/proizvod\/pelinkovac-07l-maraska-zadar\/\",\"name\":\"Pelinkovac 0,7l Maraska Zadar - Adria-Klik.com\",\"isPartOf\":{\"@id\":\"https:\/\/adria-klik.com\/#website\"},\"primaryImageOfPage\":{\"@id\":\"https:\/\/adria-klik.com\/proizvod\/pelinkovac-07l-maraska-zadar\/#primaryimage\"},\"image\":{\"@id\":\"https:\/\/adria-klik.com\/proizvod\/pelinkovac-07l-maraska-zadar\/#primaryimage\"},\"thumbnailUrl\":\"https:\/\/adria-klik.com\/wp-content\/uploads\/2023\/09\/Pelinkovac-gorki-Zadarski-Original-Tradicija-liker-maraska-07l-Akcija-Adria-Klik-webshop-brza-dostava-Zagreb-fast-delivery.jpeg\",\"datePublished\":\"2023-09-22T23:31:59+00:00\",\"dateModified\":\"2023-09-22T23:37:18+00:00\",\"description\":\"Pelinkovac 0,7l Maraska Zadar Pelinkovac Zadar Maraska sa svojim orginalnim na\u010dinom proizvodnje - Naru\u010di dostavu Maraska proizvoda\",\"breadcrumb\":{\"@id\":\"https:\/\/adria-klik.com\/proizvod\/pelinkovac-07l-maraska-zadar\/#breadcrumb\"},\"inLanguage\":\"en-US\",\"potentialAction\":[{\"@type\":\"ReadAction\",\"target\":[\"https:\/\/adria-klik.com\/proizvod\/pelinkovac-07l-maraska-zadar\/\"]}]},{\"@type\":\"ImageObject\",\"inLanguage\":\"en-US\",\"@id\":\"https:\/\/adria-klik.com\/proizvod\/pelinkovac-07l-maraska-zadar\/#primaryimage\",\"url\":\"https:\/\/adria-klik.com\/wp-content\/uploads\/2023\/09\/Pelinkovac-gorki-Zadarski-Original-Tradicija-liker-maraska-07l-Akcija-Adria-Klik-webshop-brza-dostava-Zagreb-fast-delivery.jpeg\",\"contentUrl\":\"https:\/\/adria-klik.com\/wp-content\/uploads\/2023\/09\/Pelinkovac-gorki-Zadarski-Original-Tradicija-liker-maraska-07l-Akcija-Adria-Klik-webshop-brza-dostava-Zagreb-fast-delivery.jpeg\",\"width\":1500,\"height\":1500,\"caption\":\"Cherry Brendy Maraska Vi\u0161nja Zadar Original super cijena naru\u010di dostavu ! | Adria-Klik Supply superparket superbrza dostava namirnica, vina i delicija doma\u0107ih proizvoda\"},{\"@type\":\"BreadcrumbList\",\"@id\":\"https:\/\/adria-klik.com\/proizvod\/pelinkovac-07l-maraska-zadar\/#breadcrumb\",\"itemListElement\":[{\"@type\":\"ListItem\",\"position\":1,\"name\":\"Po\u010detna stranica\",\"item\":\"https:\/\/adria-klik.com\/en\/\"},{\"@type\":\"ListItem\",\"position\":2,\"name\":\"Shop\",\"item\":\"https:\/\/adria-klik.com\/shop\/\"},{\"@type\":\"ListItem\",\"position\":3,\"name\":\"Pelinkovac 0,7l Maraska Zadar\"}]},{\"@type\":\"WebSite\",\"@id\":\"https:\/\/adria-klik.com\/#website\",\"url\":\"https:\/\/adria-klik.com\/\",\"name\":\"Adria-Klik.com\",\"description\":\"Unikatni poklon paketi, Vina, Craft pivo &amp; Delicije - webshop\",\"publisher\":{\"@id\":\"https:\/\/adria-klik.com\/#organization\"},\"potentialAction\":[{\"@type\":\"SearchAction\",\"target\":{\"@type\":\"EntryPoint\",\"urlTemplate\":\"https:\/\/adria-klik.com\/?s={search_term_string}\"},\"query-input\":{\"@type\":\"PropertyValueSpecification\",\"valueRequired\":true,\"valueName\":\"search_term_string\"}}],\"inLanguage\":\"en-US\"},{\"@type\":\"Organization\",\"@id\":\"https:\/\/adria-klik.com\/#organization\",\"name\":\"Adria-Klik.com\",\"alternateName\":\"AK\",\"url\":\"https:\/\/adria-klik.com\/\",\"logo\":{\"@type\":\"ImageObject\",\"inLanguage\":\"en-US\",\"@id\":\"https:\/\/adria-klik.com\/#\/schema\/logo\/image\/\",\"url\":\"https:\/\/adria-klik.com\/wp-content\/uploads\/2025\/12\/Adria-Klik_com-logo-namirnice-vina-craft-pivo-delikatese-delicije-artisan-cokolada.jpg\",\"contentUrl\":\"https:\/\/adria-klik.com\/wp-content\/uploads\/2025\/12\/Adria-Klik_com-logo-namirnice-vina-craft-pivo-delikatese-delicije-artisan-cokolada.jpg\",\"width\":500,\"height\":500,\"caption\":\"Adria-Klik.com\"},\"image\":{\"@id\":\"https:\/\/adria-klik.com\/#\/schema\/logo\/image\/\"},\"sameAs\":[\"https:\/\/www.facebook.com\/profile.php?id=100064209425136\",\"https:\/\/www.instagram.com\/adriaklik\/\",\"https:\/\/www.youtube.com\/user\/PlavacmaliZagreb\"]}]}<\/script>\n<!-- \/ Yoast SEO plugin. -->","yoast_head_json":{"title":"Pelinkovac 0,7l Maraska Zadar - Adria-Klik.com","description":"Pelinkovac 0,7l Maraska Zadar Pelinkovac Zadar Maraska sa svojim orginalnim na\u010dinom proizvodnje - Naru\u010di dostavu Maraska proizvoda","robots":{"index":"index","follow":"follow","max-snippet":"max-snippet:-1","max-image-preview":"max-image-preview:large","max-video-preview":"max-video-preview:-1"},"canonical":"https:\/\/adria-klik.com\/proizvod\/pelinkovac-07l-maraska-zadar\/","og_locale":"en_US","og_type":"article","og_title":"Pelinkovac 0,7l Maraska Zadar Pelinkovac Zadar Maraska sa svojim orginalnim na\u010dinom proizvodnje - Naru\u010di dostavu Maraska proizvoda","og_description":"Pelinkovac 0,7l Maraska Zadar Pelinkovac Zadar Maraska sa svojim orginalnim na\u010dinom proizvodnje - Naru\u010di dostavu Maraska proizvoda","og_url":"https:\/\/adria-klik.com\/proizvod\/pelinkovac-07l-maraska-zadar\/","og_site_name":"Adria-Klik.com","article_publisher":"https:\/\/www.facebook.com\/profile.php?id=100064209425136","article_modified_time":"2023-09-22T23:37:18+00:00","og_image":[{"width":1500,"height":1500,"url":"https:\/\/adria-klik.com\/wp-content\/uploads\/2021\/05\/hrvatski-pelinkovac-biljni-liker-velebitske-rakije-degenja-svecenicke-rakije-kupipovoljno-adria-klik-brza-dostava-zagreb-internet-ducan-shop-Fastest-delivery-in-zagreb-groceries-supermaket-hrvatska.jpg","type":"image\/jpeg"}],"twitter_card":"summary_large_image","twitter_title":"HrvatPelinkovac 0,7l Maraska Zadar Pelinkovac Zadar Maraska sa svojim orginalnim na\u010dinom proizvodnje - Naru\u010di dostavu Maraska proizvoda","twitter_description":"Pelinkovac 0,7l Maraska Zadar Pelinkovac Zadar Maraska sa svojim orginalnim na\u010dinom proizvodnje - Naru\u010di dostavu Maraska proizvoda","twitter_image":"https:\/\/adria-klik.com\/wp-content\/uploads\/2021\/05\/hrvatski-pelinkovac-biljni-liker-velebitske-rakije-degenja-svecenicke-rakije-kupipovoljno-adria-klik-brza-dostava-zagreb-internet-ducan-shop-Fastest-delivery-in-zagreb-groceries-supermaket-hrvatska.jpg","twitter_misc":{"Est. reading time":"1 minute"},"schema":{"@context":"https:\/\/schema.org","@graph":[{"@type":"WebPage","@id":"https:\/\/adria-klik.com\/proizvod\/pelinkovac-07l-maraska-zadar\/","url":"https:\/\/adria-klik.com\/proizvod\/pelinkovac-07l-maraska-zadar\/","name":"Pelinkovac 0,7l Maraska Zadar - Adria-Klik.com","isPartOf":{"@id":"https:\/\/adria-klik.com\/#website"},"primaryImageOfPage":{"@id":"https:\/\/adria-klik.com\/proizvod\/pelinkovac-07l-maraska-zadar\/#primaryimage"},"image":{"@id":"https:\/\/adria-klik.com\/proizvod\/pelinkovac-07l-maraska-zadar\/#primaryimage"},"thumbnailUrl":"https:\/\/adria-klik.com\/wp-content\/uploads\/2023\/09\/Pelinkovac-gorki-Zadarski-Original-Tradicija-liker-maraska-07l-Akcija-Adria-Klik-webshop-brza-dostava-Zagreb-fast-delivery.jpeg","datePublished":"2023-09-22T23:31:59+00:00","dateModified":"2023-09-22T23:37:18+00:00","description":"Pelinkovac 0,7l Maraska Zadar Pelinkovac Zadar Maraska sa svojim orginalnim na\u010dinom proizvodnje - Naru\u010di dostavu Maraska proizvoda","breadcrumb":{"@id":"https:\/\/adria-klik.com\/proizvod\/pelinkovac-07l-maraska-zadar\/#breadcrumb"},"inLanguage":"en-US","potentialAction":[{"@type":"ReadAction","target":["https:\/\/adria-klik.com\/proizvod\/pelinkovac-07l-maraska-zadar\/"]}]},{"@type":"ImageObject","inLanguage":"en-US","@id":"https:\/\/adria-klik.com\/proizvod\/pelinkovac-07l-maraska-zadar\/#primaryimage","url":"https:\/\/adria-klik.com\/wp-content\/uploads\/2023\/09\/Pelinkovac-gorki-Zadarski-Original-Tradicija-liker-maraska-07l-Akcija-Adria-Klik-webshop-brza-dostava-Zagreb-fast-delivery.jpeg","contentUrl":"https:\/\/adria-klik.com\/wp-content\/uploads\/2023\/09\/Pelinkovac-gorki-Zadarski-Original-Tradicija-liker-maraska-07l-Akcija-Adria-Klik-webshop-brza-dostava-Zagreb-fast-delivery.jpeg","width":1500,"height":1500,"caption":"Cherry Brendy Maraska Vi\u0161nja Zadar Original super cijena naru\u010di dostavu ! | Adria-Klik Supply superparket superbrza dostava namirnica, vina i delicija doma\u0107ih proizvoda"},{"@type":"BreadcrumbList","@id":"https:\/\/adria-klik.com\/proizvod\/pelinkovac-07l-maraska-zadar\/#breadcrumb","itemListElement":[{"@type":"ListItem","position":1,"name":"Po\u010detna stranica","item":"https:\/\/adria-klik.com\/en\/"},{"@type":"ListItem","position":2,"name":"Shop","item":"https:\/\/adria-klik.com\/shop\/"},{"@type":"ListItem","position":3,"name":"Pelinkovac 0,7l Maraska Zadar"}]},{"@type":"WebSite","@id":"https:\/\/adria-klik.com\/#website","url":"https:\/\/adria-klik.com\/","name":"Adria-Klik.com","description":"Unikatni poklon paketi, Vina, Craft pivo &amp; Delicije - webshop","publisher":{"@id":"https:\/\/adria-klik.com\/#organization"},"potentialAction":[{"@type":"SearchAction","target":{"@type":"EntryPoint","urlTemplate":"https:\/\/adria-klik.com\/?s={search_term_string}"},"query-input":{"@type":"PropertyValueSpecification","valueRequired":true,"valueName":"search_term_string"}}],"inLanguage":"en-US"},{"@type":"Organization","@id":"https:\/\/adria-klik.com\/#organization","name":"Adria-Klik.com","alternateName":"AK","url":"https:\/\/adria-klik.com\/","logo":{"@type":"ImageObject","inLanguage":"en-US","@id":"https:\/\/adria-klik.com\/#\/schema\/logo\/image\/","url":"https:\/\/adria-klik.com\/wp-content\/uploads\/2025\/12\/Adria-Klik_com-logo-namirnice-vina-craft-pivo-delikatese-delicije-artisan-cokolada.jpg","contentUrl":"https:\/\/adria-klik.com\/wp-content\/uploads\/2025\/12\/Adria-Klik_com-logo-namirnice-vina-craft-pivo-delikatese-delicije-artisan-cokolada.jpg","width":500,"height":500,"caption":"Adria-Klik.com"},"image":{"@id":"https:\/\/adria-klik.com\/#\/schema\/logo\/image\/"},"sameAs":["https:\/\/www.facebook.com\/profile.php?id=100064209425136","https:\/\/www.instagram.com\/adriaklik\/","https:\/\/www.youtube.com\/user\/PlavacmaliZagreb"]}]}},"jetpack_sharing_enabled":true,"jetpack-related-posts":[],"_links":{"self":[{"href":"https:\/\/adria-klik.com\/en\/wp-json\/wp\/v2\/product\/17140","targetHints":{"allow":["GET"]}}],"collection":[{"href":"https:\/\/adria-klik.com\/en\/wp-json\/wp\/v2\/product"}],"about":[{"href":"https:\/\/adria-klik.com\/en\/wp-json\/wp\/v2\/types\/product"}],"replies":[{"embeddable":true,"href":"https:\/\/adria-klik.com\/en\/wp-json\/wp\/v2\/comments?post=17140"}],"wp:featuredmedia":[{"embeddable":true,"href":"https:\/\/adria-klik.com\/en\/wp-json\/wp\/v2\/media\/17141"}],"wp:attachment":[{"href":"https:\/\/adria-klik.com\/en\/wp-json\/wp\/v2\/media?parent=17140"}],"wp:term":[{"taxonomy":"product_brand","embeddable":true,"href":"https:\/\/adria-klik.com\/en\/wp-json\/wp\/v2\/product_brand?post=17140"},{"taxonomy":"product_cat","embeddable":true,"href":"https:\/\/adria-klik.com\/en\/wp-json\/wp\/v2\/product_cat?post=17140"},{"taxonomy":"product_tag","embeddable":true,"href":"https:\/\/adria-klik.com\/en\/wp-json\/wp\/v2\/product_tag?post=17140"},{"taxonomy":"berocket_brand","embeddable":true,"href":"https:\/\/adria-klik.com\/en\/wp-json\/wp\/v2\/berocket_brand?post=17140"}],"curies":[{"name":"wp","href":"https:\/\/api.w.org\/{rel}","templated":true}]}}