{"id":17158,"date":"2023-09-28T00:22:02","date_gmt":"2023-09-27T22:22:02","guid":{"rendered":"https:\/\/adria-klik.com\/?post_type=product&#038;p=17158"},"modified":"2025-02-12T15:08:03","modified_gmt":"2025-02-12T14:08:03","slug":"arhivsko-predikatno-traminac-ledeno-vino-2003-kutjevo","status":"publish","type":"product","link":"https:\/\/adria-klik.com\/en\/proizvod\/arhivsko-predikatno-traminac-ledeno-vino-2003-kutjevo\/","title":{"rendered":"Arhivsko Predikatno Traminac Ledeno Vino 2003 Kutjevo"},"content":{"rendered":"<div class=\"sc-kmtlux bkeIsJ\">\n<div class=\"sc-kpPvGe dkCuoh\">\n<ul>\n<li class=\"sc-jIkldg jsjlLH\"><span class=\"sc-cOxWqc blSAIG\" dir=\"auto\" lang=\"hr\">Vinska arhiva Kutjevo, Berba 2003 g.! <\/span><\/li>\n<li>Predikatno vino<\/li>\n<li>Vino zlatno-\u017eute boje, sirupasto, gusto te izrazite pitkosti<\/li>\n<li>Miris otvaraju izra\u017eajni cvjetno-medonosni tonovi, su\u0161ena kamilica, kompoti dunje i kru\u0161ke<\/li>\n<li>U okusu dominira kandirano vo\u0107e, datulje i suhe marelice<\/li>\n<li>Takav cvjetni bouquet je upravo ono \u0161to odu\u0161evljava i najzahtjevnije ljubitelje vina<\/li>\n<li>U svijetu je malo vinogorja u kojima uspijeva ovakav tip senzualnog, emotivnog, harmoni\u010dnog i profinjenog aftertastea, \u0161to ga \u010dini jedinstvenim<\/li>\n<li class=\"sc-jIkldg jsjlLH\">Naru\u010di dostavu Arhivskih vina Kutjevo<\/li>\n<li>Najstariji terroir u Europi &#8211; Vino se u Kutjevu proizvodi od 13. stoljec\u0301a.<br \/>\nTako duga, neprekidna proizvodnja vina na jednoj lokaciji potvr\u0111uje Kutjevo jednim od najvaz\u030cnijih vinskih terroira u ovom dijelu Europe.<\/li>\n<\/ul>\n<\/div>\n<\/div>\n<p>&nbsp;<\/p>\n","protected":false},"excerpt":{"rendered":"<ul>\n<li class=\"sc-jIkldg jsjlLH\"><span class=\"sc-cOxWqc blSAIG\" dir=\"auto\" lang=\"hr\">Vinska arhiva Kutjevo, Berba 2003 g.! <\/span><\/li>\n<li>Predikatno vino<\/li>\n<li>Vino zlatno-\u017eute boje, sirupasto, gusto te izrazite pitkosti<\/li>\n<li>Miris otvaraju izra\u017eajni cvjetno-medonosni tonovi, su\u0161ena kamilica, kompoti dunje i kru\u0161ke<\/li>\n<li>U okusu dominira kandirano vo\u0107e, datulje i suhe marelice<\/li>\n<li>Takav cvjetni bouquet je upravo ono \u0161to odu\u0161evljava i najzahtjevnije ljubitelje vina<\/li>\n<li>U svijetu je malo vinogorja u kojima uspijeva ovakav tip senzualnog, emotivnog, harmoni\u010dnog i profinjenog aftertastea, \u0161to ga \u010dini jedinstvenim<\/li>\n<li class=\"sc-jIkldg jsjlLH\">Naru\u010di dostavu Arhivskih vina Kutjevo<\/li>\n<\/ul>\n","protected":false},"featured_media":17159,"comment_status":"open","ping_status":"closed","template":"","meta":{"_acf_changed":false},"product_brand":[],"product_cat":[383,422,424,1175,1176,1174,1159,619,376,373,560],"product_tag":[1985,1990,477,2118,1920,1983,2117,1984,460],"berocket_brand":[487],"class_list":{"0":"post-17158","1":"product","2":"type-product","3":"status-publish","4":"has-post-thumbnail","6":"product_cat-akcije","7":"product_cat-bijela","8":"product_cat-desert","9":"product_cat-dostava","10":"product_cat-europa","11":"product_cat-hrvatska","12":"product_cat-nasa-preporuka","13":"product_cat-okusi_adriu","14":"product_cat-premium-proizvodi","15":"product_cat-vina","16":"product_cat-zagreb","17":"product_tag-arhiva-kutjevo","18":"product_tag-arhivsko-vino","19":"product_tag-kutjevo","20":"product_tag-ledeno-vino","21":"product_tag-naruci-dostavu-vina","22":"product_tag-predikatno-vino","23":"product_tag-traminac","24":"product_tag-vrhunsko-vino","25":"product_tag-zagreb-2","26":"berocket_brand-kutjevo-2","28":"first","29":"instock","30":"featured","31":"shipping-taxable","32":"purchasable","33":"product-type-simple"},"acf":[],"yoast_head":"<!-- This site is optimized with the Yoast SEO plugin v26.9 - https:\/\/yoast.com\/product\/yoast-seo-wordpress\/ -->\n<title>Arhivsko Predikatno Traminac Ledeno Vino 2003 Kutjevo - Adria-Klik.com<\/title>\n<meta name=\"description\" content=\"Arhivsko Predikatno Traminac Ledeno Vino 2003 Kutjevo - Naru\u010di dostavu vrhunskih arhivskih vina Kutjevo - Naru\u010di odmah premium dostavu vina\" \/>\n<meta name=\"robots\" content=\"index, follow, max-snippet:-1, max-image-preview:large, max-video-preview:-1\" \/>\n<link rel=\"canonical\" href=\"https:\/\/adria-klik.com\/proizvod\/arhivsko-predikatno-traminac-ledeno-vino-2003-kutjevo\/\" \/>\n<meta property=\"og:locale\" content=\"en_US\" \/>\n<meta property=\"og:type\" content=\"article\" \/>\n<meta property=\"og:title\" content=\"Arhivsko vino Mu\u0161kat Chardonnay 0,75 l 2002 g. Kutjevo\" \/>\n<meta property=\"og:description\" content=\"Arhivsko vino Mu\u0161kat Chardonnay 0,75 l 2002 g. Kutjevo - Naru\u010di dostavu vrhunskih arhivskih vina Kutjevo - Naru\u010di odmah premium dostavu vina\" \/>\n<meta property=\"og:url\" content=\"https:\/\/adria-klik.com\/proizvod\/arhivsko-predikatno-traminac-ledeno-vino-2003-kutjevo\/\" \/>\n<meta property=\"og:site_name\" content=\"Adria-Klik.com\" \/>\n<meta property=\"article:publisher\" content=\"https:\/\/www.facebook.com\/profile.php?id=100064209425136\" \/>\n<meta property=\"article:modified_time\" content=\"2025-02-12T14:08:03+00:00\" \/>\n<meta property=\"og:image\" content=\"https:\/\/adria-klik.com\/wp-content\/uploads\/2023\/07\/Arhivsko-vino-Muskat-Chardonnay-2002g-Kutjevo-075l-Arhiva-Wein-Kroatien-adria-klik-dostava_supply_store_delivery_zagreb_croatia-internet-ducan-Zagreb-Bolt-Food-Wolt-Glovo-2.jpg\" \/>\n\t<meta property=\"og:image:width\" content=\"1500\" \/>\n\t<meta property=\"og:image:height\" content=\"1500\" \/>\n\t<meta property=\"og:image:type\" content=\"image\/jpeg\" \/>\n<meta name=\"twitter:card\" content=\"summary_large_image\" \/>\n<meta name=\"twitter:title\" content=\"Arhivsko vino Mu\u0161kat Chardonnay 0,75 l 2002 g. Kutjevo\" \/>\n<meta name=\"twitter:description\" content=\"Arhivsko vino Mu\u0161kat Chardonnay 0,75 l 2002 g. Kutjevo - Naru\u010di dostavu vrhunskih arhivskih vina Kutjevo - Naru\u010di odmah premium dostavu vina\" \/>\n<meta name=\"twitter:image\" content=\"https:\/\/adria-klik.com\/wp-content\/uploads\/2023\/07\/Arhivsko-vino-Muskat-Chardonnay-2002g-Kutjevo-075l-Arhiva-Wein-Kroatien-adria-klik-dostava_supply_store_delivery_zagreb_croatia-internet-ducan-Zagreb-Bolt-Food-Wolt-Glovo-2.jpg\" \/>\n<meta name=\"twitter:label1\" content=\"Est. reading time\" \/>\n\t<meta name=\"twitter:data1\" content=\"1 minute\" \/>\n<script type=\"application\/ld+json\" class=\"yoast-schema-graph\">{\"@context\":\"https:\/\/schema.org\",\"@graph\":[{\"@type\":\"WebPage\",\"@id\":\"https:\/\/adria-klik.com\/proizvod\/arhivsko-predikatno-traminac-ledeno-vino-2003-kutjevo\/\",\"url\":\"https:\/\/adria-klik.com\/proizvod\/arhivsko-predikatno-traminac-ledeno-vino-2003-kutjevo\/\",\"name\":\"Arhivsko Predikatno Traminac Ledeno Vino 2003 Kutjevo - Adria-Klik.com\",\"isPartOf\":{\"@id\":\"https:\/\/adria-klik.com\/#website\"},\"primaryImageOfPage\":{\"@id\":\"https:\/\/adria-klik.com\/proizvod\/arhivsko-predikatno-traminac-ledeno-vino-2003-kutjevo\/#primaryimage\"},\"image\":{\"@id\":\"https:\/\/adria-klik.com\/proizvod\/arhivsko-predikatno-traminac-ledeno-vino-2003-kutjevo\/#primaryimage\"},\"thumbnailUrl\":\"https:\/\/adria-klik.com\/wp-content\/uploads\/2023\/09\/Arhivsko-Predikatno-vino-Ledeno-vino-2003g-Kutjevo-0375l-Wein-Kroatien-adria-klik-dostava_supply_store_delivery_zagreb_croatia-internet-ducan-Bolt-Food-Wolt-Glovo-Zagreb.jpg\",\"datePublished\":\"2023-09-27T22:22:02+00:00\",\"dateModified\":\"2025-02-12T14:08:03+00:00\",\"description\":\"Arhivsko Predikatno Traminac Ledeno Vino 2003 Kutjevo - Naru\u010di dostavu vrhunskih arhivskih vina Kutjevo - Naru\u010di odmah premium dostavu vina\",\"breadcrumb\":{\"@id\":\"https:\/\/adria-klik.com\/proizvod\/arhivsko-predikatno-traminac-ledeno-vino-2003-kutjevo\/#breadcrumb\"},\"inLanguage\":\"en-US\",\"potentialAction\":[{\"@type\":\"ReadAction\",\"target\":[\"https:\/\/adria-klik.com\/proizvod\/arhivsko-predikatno-traminac-ledeno-vino-2003-kutjevo\/\"]}]},{\"@type\":\"ImageObject\",\"inLanguage\":\"en-US\",\"@id\":\"https:\/\/adria-klik.com\/proizvod\/arhivsko-predikatno-traminac-ledeno-vino-2003-kutjevo\/#primaryimage\",\"url\":\"https:\/\/adria-klik.com\/wp-content\/uploads\/2023\/09\/Arhivsko-Predikatno-vino-Ledeno-vino-2003g-Kutjevo-0375l-Wein-Kroatien-adria-klik-dostava_supply_store_delivery_zagreb_croatia-internet-ducan-Bolt-Food-Wolt-Glovo-Zagreb.jpg\",\"contentUrl\":\"https:\/\/adria-klik.com\/wp-content\/uploads\/2023\/09\/Arhivsko-Predikatno-vino-Ledeno-vino-2003g-Kutjevo-0375l-Wein-Kroatien-adria-klik-dostava_supply_store_delivery_zagreb_croatia-internet-ducan-Bolt-Food-Wolt-Glovo-Zagreb.jpg\",\"width\":1500,\"height\":1500,\"caption\":\"| Adria-Klik Supply webshop trgovina dostava namirnica, vina, craft piva i delicija Superbrza dostava Zagreb Wolt Glovo Bolt-Food i Hrvatska i EU DPD GLS - vinska logistika #kupujmohrvatsko Naru\u00c3\u201e\u00c2\u008di dostavu Adria Klik dostava Namirnica, Vina, Craft piva, Delicija, Organsko, Eko, Bio, ekskluzivan izbor domacih vinara! Unikati pokloni Bontonic Canna Mariniana, CBD CBG Croatia Organic HEMP industrijska konoplja Cannabiotics Cannabiotics CroCanna Devetka Free Spirit Me\u00c3\u201e\u00e2\u20ac\u02dcimurje Greenall's Original Johhnie Walker Karlova\u00c3\u201e\u00c2\u008dko Kostelac rakije LAB Split pivovara Lepi De\u00c3\u201e\u00c2\u008dki Li\u00c3\u201e\u00c2\u008danka Pivovara Nova Runda Nova Runda OPG Marevi\u00c3\u201e\u00e2\u20ac\u00a1 Palihni\u00c3\u201e\u00e2\u20ac\u00a1 Pelje\u00c3\u2026\u00c2\u00a1ki Vrhovi - PZ Janjina Pelje\u00c3\u2026\u00c2\u00a1ki Vrhovi - PZ Janjina Ravalico Saperlot Saperlot Brewery StartCBD Tvornica leda Velebitska Degenija Vislander Vislander Vislander Vislander Volimljuto Zlatarna \u00c3\u2026\u00c2\u00a0iroka 2Storije aDorable aDorable Adria Darovni Poklon Paketi Argeta Argeta Azrri Azrri Bel-Cro Bel-Cro Benediktinke Sv. Marije Zadar Benediktinke Sv. Marije Zadar Benediktinke Zadar Benediktinke Zadar Bobi Snacks Buzdovan Buzdovan cchellenic Cmre\u00c3\u201e\u00c2\u008dnjak Cmre\u00c3\u201e\u00c2\u008dnjak Coca-Cola Coca-Cola Hrvatska Cockta Cogito Coffee Cogito Coffee \u00c3\u201e\u00c2\u0090akova\u00c3\u201e\u00c2\u008dka Vina \u00c3\u201e\u00c2\u0090akovo vina ekoEna ekoEna Elda Fentimans Feravino Ferrero Franck Gordon's Grad-Export Gray Goose Gray Goose Greenalls Greenalls Gin Greenalls Gin Original British Heineken Hrvatska Jagermeister Jagermeister Jaguni\u00c3\u201e\u00e2\u20ac\u00a1 Vina Jamnica Jamnica Jana Jana Josi\u00c3\u201e\u00e2\u20ac\u00a1 vinarija Kinder Konoplja.shop Kra\u00c3\u2026\u00c2\u00a1 Kutjevo Kutjevo Labud Latus Mljekara Istra Latus Mljekara Istra Lay's Lay's Chips Maraska Merci Storck Mljekara Latus Mljekara Latus Istra Na\u00c3\u2026\u00c2\u00a1 Okus Na\u00c3\u2026\u00c2\u00a1 Okus Nescafe OPG Cari\u00c3\u201e\u00e2\u20ac\u00a1 Papak Ilok Pavlomir Pavlomir Vinska Ku\u00c3\u201e\u00e2\u20ac\u00a1a Pivovara Medvedgrad Pringles \/ Kellogg's Red Bull \u00c3\u2026\u00c2\u00a0ibenska Pivovara \u00c3\u2026\u00c2\u00a0ibenska Pivovara (5) SMID SMID Taman Artisan Chocolates Thomas Henry Tuc Krekeri Valenta Family Wines Vina Grgurevi\u00c3\u201e\u00e2\u20ac\u00a1 Vina Grgurevi\u00c3\u201e\u00e2\u20ac\u00a1 Vinarija Benkovac Vinarija Mik\u00c3\u2026\u00c2\u00a1a Vislander Vina i Rakije Vizba Valandovo Vizba Valandovo Makedonija\"},{\"@type\":\"BreadcrumbList\",\"@id\":\"https:\/\/adria-klik.com\/proizvod\/arhivsko-predikatno-traminac-ledeno-vino-2003-kutjevo\/#breadcrumb\",\"itemListElement\":[{\"@type\":\"ListItem\",\"position\":1,\"name\":\"Po\u010detna stranica\",\"item\":\"https:\/\/adria-klik.com\/en\/\"},{\"@type\":\"ListItem\",\"position\":2,\"name\":\"Shop\",\"item\":\"https:\/\/adria-klik.com\/shop\/\"},{\"@type\":\"ListItem\",\"position\":3,\"name\":\"Arhivsko Predikatno Traminac Ledeno Vino 2003 Kutjevo\"}]},{\"@type\":\"WebSite\",\"@id\":\"https:\/\/adria-klik.com\/#website\",\"url\":\"https:\/\/adria-klik.com\/\",\"name\":\"Adria-Klik.com\",\"description\":\"Unikatni poklon paketi, Vina, Craft pivo &amp; Delicije - webshop\",\"publisher\":{\"@id\":\"https:\/\/adria-klik.com\/#organization\"},\"potentialAction\":[{\"@type\":\"SearchAction\",\"target\":{\"@type\":\"EntryPoint\",\"urlTemplate\":\"https:\/\/adria-klik.com\/?s={search_term_string}\"},\"query-input\":{\"@type\":\"PropertyValueSpecification\",\"valueRequired\":true,\"valueName\":\"search_term_string\"}}],\"inLanguage\":\"en-US\"},{\"@type\":\"Organization\",\"@id\":\"https:\/\/adria-klik.com\/#organization\",\"name\":\"Adria-Klik.com\",\"alternateName\":\"AK\",\"url\":\"https:\/\/adria-klik.com\/\",\"logo\":{\"@type\":\"ImageObject\",\"inLanguage\":\"en-US\",\"@id\":\"https:\/\/adria-klik.com\/#\/schema\/logo\/image\/\",\"url\":\"https:\/\/adria-klik.com\/wp-content\/uploads\/2025\/12\/Adria-Klik_com-logo-namirnice-vina-craft-pivo-delikatese-delicije-artisan-cokolada.jpg\",\"contentUrl\":\"https:\/\/adria-klik.com\/wp-content\/uploads\/2025\/12\/Adria-Klik_com-logo-namirnice-vina-craft-pivo-delikatese-delicije-artisan-cokolada.jpg\",\"width\":500,\"height\":500,\"caption\":\"Adria-Klik.com\"},\"image\":{\"@id\":\"https:\/\/adria-klik.com\/#\/schema\/logo\/image\/\"},\"sameAs\":[\"https:\/\/www.facebook.com\/profile.php?id=100064209425136\",\"https:\/\/www.instagram.com\/adriaklik\/\",\"https:\/\/www.youtube.com\/user\/PlavacmaliZagreb\"]}]}<\/script>\n<!-- \/ Yoast SEO plugin. -->","yoast_head_json":{"title":"Arhivsko Predikatno Traminac Ledeno Vino 2003 Kutjevo - Adria-Klik.com","description":"Arhivsko Predikatno Traminac Ledeno Vino 2003 Kutjevo - Naru\u010di dostavu vrhunskih arhivskih vina Kutjevo - Naru\u010di odmah premium dostavu vina","robots":{"index":"index","follow":"follow","max-snippet":"max-snippet:-1","max-image-preview":"max-image-preview:large","max-video-preview":"max-video-preview:-1"},"canonical":"https:\/\/adria-klik.com\/proizvod\/arhivsko-predikatno-traminac-ledeno-vino-2003-kutjevo\/","og_locale":"en_US","og_type":"article","og_title":"Arhivsko vino Mu\u0161kat Chardonnay 0,75 l 2002 g. Kutjevo","og_description":"Arhivsko vino Mu\u0161kat Chardonnay 0,75 l 2002 g. Kutjevo - Naru\u010di dostavu vrhunskih arhivskih vina Kutjevo - Naru\u010di odmah premium dostavu vina","og_url":"https:\/\/adria-klik.com\/proizvod\/arhivsko-predikatno-traminac-ledeno-vino-2003-kutjevo\/","og_site_name":"Adria-Klik.com","article_publisher":"https:\/\/www.facebook.com\/profile.php?id=100064209425136","article_modified_time":"2025-02-12T14:08:03+00:00","og_image":[{"width":1500,"height":1500,"url":"https:\/\/adria-klik.com\/wp-content\/uploads\/2023\/07\/Arhivsko-vino-Muskat-Chardonnay-2002g-Kutjevo-075l-Arhiva-Wein-Kroatien-adria-klik-dostava_supply_store_delivery_zagreb_croatia-internet-ducan-Zagreb-Bolt-Food-Wolt-Glovo-2.jpg","type":"image\/jpeg"}],"twitter_card":"summary_large_image","twitter_title":"Arhivsko vino Mu\u0161kat Chardonnay 0,75 l 2002 g. Kutjevo","twitter_description":"Arhivsko vino Mu\u0161kat Chardonnay 0,75 l 2002 g. Kutjevo - Naru\u010di dostavu vrhunskih arhivskih vina Kutjevo - Naru\u010di odmah premium dostavu vina","twitter_image":"https:\/\/adria-klik.com\/wp-content\/uploads\/2023\/07\/Arhivsko-vino-Muskat-Chardonnay-2002g-Kutjevo-075l-Arhiva-Wein-Kroatien-adria-klik-dostava_supply_store_delivery_zagreb_croatia-internet-ducan-Zagreb-Bolt-Food-Wolt-Glovo-2.jpg","twitter_misc":{"Est. reading time":"1 minute"},"schema":{"@context":"https:\/\/schema.org","@graph":[{"@type":"WebPage","@id":"https:\/\/adria-klik.com\/proizvod\/arhivsko-predikatno-traminac-ledeno-vino-2003-kutjevo\/","url":"https:\/\/adria-klik.com\/proizvod\/arhivsko-predikatno-traminac-ledeno-vino-2003-kutjevo\/","name":"Arhivsko Predikatno Traminac Ledeno Vino 2003 Kutjevo - Adria-Klik.com","isPartOf":{"@id":"https:\/\/adria-klik.com\/#website"},"primaryImageOfPage":{"@id":"https:\/\/adria-klik.com\/proizvod\/arhivsko-predikatno-traminac-ledeno-vino-2003-kutjevo\/#primaryimage"},"image":{"@id":"https:\/\/adria-klik.com\/proizvod\/arhivsko-predikatno-traminac-ledeno-vino-2003-kutjevo\/#primaryimage"},"thumbnailUrl":"https:\/\/adria-klik.com\/wp-content\/uploads\/2023\/09\/Arhivsko-Predikatno-vino-Ledeno-vino-2003g-Kutjevo-0375l-Wein-Kroatien-adria-klik-dostava_supply_store_delivery_zagreb_croatia-internet-ducan-Bolt-Food-Wolt-Glovo-Zagreb.jpg","datePublished":"2023-09-27T22:22:02+00:00","dateModified":"2025-02-12T14:08:03+00:00","description":"Arhivsko Predikatno Traminac Ledeno Vino 2003 Kutjevo - Naru\u010di dostavu vrhunskih arhivskih vina Kutjevo - Naru\u010di odmah premium dostavu vina","breadcrumb":{"@id":"https:\/\/adria-klik.com\/proizvod\/arhivsko-predikatno-traminac-ledeno-vino-2003-kutjevo\/#breadcrumb"},"inLanguage":"en-US","potentialAction":[{"@type":"ReadAction","target":["https:\/\/adria-klik.com\/proizvod\/arhivsko-predikatno-traminac-ledeno-vino-2003-kutjevo\/"]}]},{"@type":"ImageObject","inLanguage":"en-US","@id":"https:\/\/adria-klik.com\/proizvod\/arhivsko-predikatno-traminac-ledeno-vino-2003-kutjevo\/#primaryimage","url":"https:\/\/adria-klik.com\/wp-content\/uploads\/2023\/09\/Arhivsko-Predikatno-vino-Ledeno-vino-2003g-Kutjevo-0375l-Wein-Kroatien-adria-klik-dostava_supply_store_delivery_zagreb_croatia-internet-ducan-Bolt-Food-Wolt-Glovo-Zagreb.jpg","contentUrl":"https:\/\/adria-klik.com\/wp-content\/uploads\/2023\/09\/Arhivsko-Predikatno-vino-Ledeno-vino-2003g-Kutjevo-0375l-Wein-Kroatien-adria-klik-dostava_supply_store_delivery_zagreb_croatia-internet-ducan-Bolt-Food-Wolt-Glovo-Zagreb.jpg","width":1500,"height":1500,"caption":"| Adria-Klik Supply webshop trgovina dostava namirnica, vina, craft piva i delicija Superbrza dostava Zagreb Wolt Glovo Bolt-Food i Hrvatska i EU DPD GLS - vinska logistika #kupujmohrvatsko Naru\u00c3\u201e\u00c2\u008di dostavu Adria Klik dostava Namirnica, Vina, Craft piva, Delicija, Organsko, Eko, Bio, ekskluzivan izbor domacih vinara! Unikati pokloni Bontonic Canna Mariniana, CBD CBG Croatia Organic HEMP industrijska konoplja Cannabiotics Cannabiotics CroCanna Devetka Free Spirit Me\u00c3\u201e\u00e2\u20ac\u02dcimurje Greenall's Original Johhnie Walker Karlova\u00c3\u201e\u00c2\u008dko Kostelac rakije LAB Split pivovara Lepi De\u00c3\u201e\u00c2\u008dki Li\u00c3\u201e\u00c2\u008danka Pivovara Nova Runda Nova Runda OPG Marevi\u00c3\u201e\u00e2\u20ac\u00a1 Palihni\u00c3\u201e\u00e2\u20ac\u00a1 Pelje\u00c3\u2026\u00c2\u00a1ki Vrhovi - PZ Janjina Pelje\u00c3\u2026\u00c2\u00a1ki Vrhovi - PZ Janjina Ravalico Saperlot Saperlot Brewery StartCBD Tvornica leda Velebitska Degenija Vislander Vislander Vislander Vislander Volimljuto Zlatarna \u00c3\u2026\u00c2\u00a0iroka 2Storije aDorable aDorable Adria Darovni Poklon Paketi Argeta Argeta Azrri Azrri Bel-Cro Bel-Cro Benediktinke Sv. Marije Zadar Benediktinke Sv. Marije Zadar Benediktinke Zadar Benediktinke Zadar Bobi Snacks Buzdovan Buzdovan cchellenic Cmre\u00c3\u201e\u00c2\u008dnjak Cmre\u00c3\u201e\u00c2\u008dnjak Coca-Cola Coca-Cola Hrvatska Cockta Cogito Coffee Cogito Coffee \u00c3\u201e\u00c2\u0090akova\u00c3\u201e\u00c2\u008dka Vina \u00c3\u201e\u00c2\u0090akovo vina ekoEna ekoEna Elda Fentimans Feravino Ferrero Franck Gordon's Grad-Export Gray Goose Gray Goose Greenalls Greenalls Gin Greenalls Gin Original British Heineken Hrvatska Jagermeister Jagermeister Jaguni\u00c3\u201e\u00e2\u20ac\u00a1 Vina Jamnica Jamnica Jana Jana Josi\u00c3\u201e\u00e2\u20ac\u00a1 vinarija Kinder Konoplja.shop Kra\u00c3\u2026\u00c2\u00a1 Kutjevo Kutjevo Labud Latus Mljekara Istra Latus Mljekara Istra Lay's Lay's Chips Maraska Merci Storck Mljekara Latus Mljekara Latus Istra Na\u00c3\u2026\u00c2\u00a1 Okus Na\u00c3\u2026\u00c2\u00a1 Okus Nescafe OPG Cari\u00c3\u201e\u00e2\u20ac\u00a1 Papak Ilok Pavlomir Pavlomir Vinska Ku\u00c3\u201e\u00e2\u20ac\u00a1a Pivovara Medvedgrad Pringles \/ Kellogg's Red Bull \u00c3\u2026\u00c2\u00a0ibenska Pivovara \u00c3\u2026\u00c2\u00a0ibenska Pivovara (5) SMID SMID Taman Artisan Chocolates Thomas Henry Tuc Krekeri Valenta Family Wines Vina Grgurevi\u00c3\u201e\u00e2\u20ac\u00a1 Vina Grgurevi\u00c3\u201e\u00e2\u20ac\u00a1 Vinarija Benkovac Vinarija Mik\u00c3\u2026\u00c2\u00a1a Vislander Vina i Rakije Vizba Valandovo Vizba Valandovo Makedonija"},{"@type":"BreadcrumbList","@id":"https:\/\/adria-klik.com\/proizvod\/arhivsko-predikatno-traminac-ledeno-vino-2003-kutjevo\/#breadcrumb","itemListElement":[{"@type":"ListItem","position":1,"name":"Po\u010detna stranica","item":"https:\/\/adria-klik.com\/en\/"},{"@type":"ListItem","position":2,"name":"Shop","item":"https:\/\/adria-klik.com\/shop\/"},{"@type":"ListItem","position":3,"name":"Arhivsko Predikatno Traminac Ledeno Vino 2003 Kutjevo"}]},{"@type":"WebSite","@id":"https:\/\/adria-klik.com\/#website","url":"https:\/\/adria-klik.com\/","name":"Adria-Klik.com","description":"Unikatni poklon paketi, Vina, Craft pivo &amp; Delicije - webshop","publisher":{"@id":"https:\/\/adria-klik.com\/#organization"},"potentialAction":[{"@type":"SearchAction","target":{"@type":"EntryPoint","urlTemplate":"https:\/\/adria-klik.com\/?s={search_term_string}"},"query-input":{"@type":"PropertyValueSpecification","valueRequired":true,"valueName":"search_term_string"}}],"inLanguage":"en-US"},{"@type":"Organization","@id":"https:\/\/adria-klik.com\/#organization","name":"Adria-Klik.com","alternateName":"AK","url":"https:\/\/adria-klik.com\/","logo":{"@type":"ImageObject","inLanguage":"en-US","@id":"https:\/\/adria-klik.com\/#\/schema\/logo\/image\/","url":"https:\/\/adria-klik.com\/wp-content\/uploads\/2025\/12\/Adria-Klik_com-logo-namirnice-vina-craft-pivo-delikatese-delicije-artisan-cokolada.jpg","contentUrl":"https:\/\/adria-klik.com\/wp-content\/uploads\/2025\/12\/Adria-Klik_com-logo-namirnice-vina-craft-pivo-delikatese-delicije-artisan-cokolada.jpg","width":500,"height":500,"caption":"Adria-Klik.com"},"image":{"@id":"https:\/\/adria-klik.com\/#\/schema\/logo\/image\/"},"sameAs":["https:\/\/www.facebook.com\/profile.php?id=100064209425136","https:\/\/www.instagram.com\/adriaklik\/","https:\/\/www.youtube.com\/user\/PlavacmaliZagreb"]}]}},"jetpack_sharing_enabled":true,"jetpack-related-posts":[],"_links":{"self":[{"href":"https:\/\/adria-klik.com\/en\/wp-json\/wp\/v2\/product\/17158","targetHints":{"allow":["GET"]}}],"collection":[{"href":"https:\/\/adria-klik.com\/en\/wp-json\/wp\/v2\/product"}],"about":[{"href":"https:\/\/adria-klik.com\/en\/wp-json\/wp\/v2\/types\/product"}],"replies":[{"embeddable":true,"href":"https:\/\/adria-klik.com\/en\/wp-json\/wp\/v2\/comments?post=17158"}],"wp:featuredmedia":[{"embeddable":true,"href":"https:\/\/adria-klik.com\/en\/wp-json\/wp\/v2\/media\/17159"}],"wp:attachment":[{"href":"https:\/\/adria-klik.com\/en\/wp-json\/wp\/v2\/media?parent=17158"}],"wp:term":[{"taxonomy":"product_brand","embeddable":true,"href":"https:\/\/adria-klik.com\/en\/wp-json\/wp\/v2\/product_brand?post=17158"},{"taxonomy":"product_cat","embeddable":true,"href":"https:\/\/adria-klik.com\/en\/wp-json\/wp\/v2\/product_cat?post=17158"},{"taxonomy":"product_tag","embeddable":true,"href":"https:\/\/adria-klik.com\/en\/wp-json\/wp\/v2\/product_tag?post=17158"},{"taxonomy":"berocket_brand","embeddable":true,"href":"https:\/\/adria-klik.com\/en\/wp-json\/wp\/v2\/berocket_brand?post=17158"}],"curies":[{"name":"wp","href":"https:\/\/api.w.org\/{rel}","templated":true}]}}