{"id":17179,"date":"2023-10-10T21:41:07","date_gmt":"2023-10-10T19:41:07","guid":{"rendered":"https:\/\/adria-klik.com\/?post_type=product&#038;p=17179"},"modified":"2023-10-11T00:32:04","modified_gmt":"2023-10-10T22:32:04","slug":"zlahtina-sv-lucija-075l-katunar-estate-winery","status":"publish","type":"product","link":"https:\/\/adria-klik.com\/en\/proizvod\/zlahtina-sv-lucija-075l-katunar-estate-winery\/","title":{"rendered":"\u017dlahtina Sv. Lucija 0,75l Katunar Estate Winery"},"content":{"rendered":"<ul>\n<li>Sveta Lucija spravljena je iz <strong>autohtone<\/strong> <strong>sorte<\/strong> otoka Krka: <strong>\u017elahtine<\/strong> bijele, sa polo\u017eaja Supele nedaleko od znamenite crkvice sv. Lucija (<strong>Ba\u0161\u0107anska<\/strong> <strong>plo\u010da<\/strong>)<\/li>\n<li>Obzirom na polo\u017eaj sa kojeg potje\u010de o\u010darati \u0107e nas svojom \u017eutozelenom do zlatnozelenom bojom dubljih tonova<\/li>\n<li>Arome podsje\u0107aju na dunju, breskvu, agrume, ru\u017ee&#8230;.<\/li>\n<li>Igra kiselina i sladkora pokazuje njegovu elegancu, rekli bi grandecu<\/li>\n<li>Nagla\u0161ena je mineralnost sa lijepim zavr\u0161etkom koji mu, oplemenjenom ananasom i zrelim gro\u017e\u0111em daje elegantnu slatkost, tako da jo\u0161 dugo ostavlja ugodu na nepcu pilca<\/li>\n<li>Preporu\u010damo uz sva jela od bijelog mesa, ribe, pa\u0161te i ri\u017ee sa plodovima mora, a i uz brodet sa palentom te poznatom kr\u010dkom janjetinom<\/li>\n<\/ul>\n<p>&#8230;Imamo i podatak da je prije filoksere (kraj 19. I po\u010detak 20. Stolje\u0107a) bilo ukupno 4.500 ha vinograda, danas ima oko 150 ha.<\/p>\n<p>KATUNAR ESTATE WINERY nastavak je obiteljske tradicije vinogradarstva i vinarstva.<\/p>\n<p>Gruntovni zapisi, kao i jedna od starijih oto\u010dnih vinskih arhiva govori o stoljetnoj vinarskoj tradiciji obitelji Katunar, koja je procvat do\u017eivjela 90 ih godina pro\u0161log stolje\u0107a.<\/p>\n<p>Kao i cjelokupna vinarska proizvodnja ovog podru\u010dja do kraja 80-ih godina, i proizvodnja vina obitelji Katunar bila je usmjerena lokalnu zadru\u017enu vinariju \u2013 jer je zadrugarstvo do 1990. bilo jedini mogu\u0107i na\u010din poslovanja.<\/p>\n<p>U devedesetima Katunar vinarija u op\u0107em procvatu vinarstva ula\u017ee u nove tehnologije \u2013 spaja oto\u010dki tradicionalni na\u010din vinogradarstva sa novim praksama u vinarstvu \u2013 me\u0111u prvima uvodi kontroliranu hladnu fermentraciju, nabavlja nove barike od slavonskog hrasta i jedina u Hrvatskoj savladava proizvodnju pjenu\u0161aca po Charmat (tankovskoj) metodi.<\/p>\n<p>Nakon proizvodnje jedinog Hrvatskog biser-vina vinarija se okre\u0107e ka sadnji novih nasada vinove loze na staroj vinorodnoj poziciji Supele pokraj Ba\u0161ke na otoku Krku.<br \/>\nESTATE WINERY svoju proizvodnju bazira na vlastitom gro\u017e\u0111u, budu\u0107i da obitelj Katunar posjeduje preko 200.000 tisu\u0107a trsova vinove loze. I to na dva lokaliteta: Vrbni\u010dko polje i Ba\u0161\u0107anska kotlina.<br \/>\nNa rubu vrbni\u010dkog polja posjeduje vinariju u kojoj se radi prerada gro\u017e\u0111a kao i proizvodnja i odle\u017eavanje te buteljiranje vina.<\/p>\n<p>Iako za Hrvatske prilike i kao oto\u010dna vinarija ima znatne povr\u0161ine i kapacitete, u svjetskim mjerilima ESTATE WINERY spada u manje boutique vinarije, i u tim okvirima uspje\u0161no \u0161iri prisutnost na izvoznim tr\u017ei\u0161tima.<\/p>\n<p>Daljnje pobolj\u0161anje kvalitete i napredovanje ESTATE WINERY nastoji posti\u0107i okretanjem vlastitoj kontroliranoj proizvodnji gro\u017eda po ekolo\u0161kim standardima na tipi\u010dnim lokacijama, okretanjem autohtonim sortama vinove loze i tradicionalnom vinogradarstvu.<\/p>\n","protected":false},"excerpt":{"rendered":"<ul>\n<li>Sveta Lucija spravljena je iz <strong>autohtone<\/strong> <strong>sorte<\/strong> otoka Krka: <strong>\u017elahtine<\/strong> bijele, sa polo\u017eaja Supele nedaleko od znamenite crkvice sv. Lucija (<strong>Ba\u0161\u0107anska<\/strong> <strong>plo\u010da<\/strong>)<\/li>\n<li>Obzirom na polo\u017eaj sa kojeg potje\u010de o\u010darati \u0107e nas svojom \u017eutozelenom do zlatnozelenom bojom dubljih tonova<\/li>\n<li>Arome podsje\u0107aju na dunju, breskvu, agrume, ru\u017ee&#8230;.<\/li>\n<li>Igra kiselina i sladkora pokazuje njegovu elegancu, rekli bi grandecu<\/li>\n<li>Preporu\u010damo uz sva jela od bijelog mesa, ribe, pa\u0161te i ri\u017ee sa plodovima mora, a i uz brodet sa palentom te poznatom kr\u010dkom janjetinom<\/li>\n<li>Naru\u010di dostavu vina Katunar Estate Winery<\/li>\n<\/ul>\n","protected":false},"featured_media":17180,"comment_status":"open","ping_status":"closed","template":"","meta":{"_acf_changed":false},"product_brand":[],"product_cat":[422,1175,1176,1174,373,560],"product_tag":[1397,2125,2126,2122,2124,2121],"berocket_brand":[2119],"class_list":{"0":"post-17179","1":"product","2":"type-product","3":"status-publish","4":"has-post-thumbnail","6":"product_cat-bijela","7":"product_cat-dostava","8":"product_cat-europa","9":"product_cat-hrvatska","10":"product_cat-vina","11":"product_cat-zagreb","12":"product_tag-autohtona-sorta","13":"product_tag-bascanska-ploca","14":"product_tag-decanter-2","15":"product_tag-otok-krk","16":"product_tag-sveta-lucija","17":"product_tag-zlahtina-katunar-estate-winery","18":"berocket_brand-katunar-estate-winery","20":"first","21":"instock","22":"shipping-taxable","23":"purchasable","24":"product-type-simple"},"acf":[],"yoast_head":"<!-- This site is optimized with the Yoast SEO plugin v26.9 - https:\/\/yoast.com\/product\/yoast-seo-wordpress\/ -->\n<title>\u017dlahtina Sv. Lucija 0,75l Katunar Estate Winery - Adria-Klik.com<\/title>\n<meta name=\"description\" content=\"\u017dlahtina Sv. Lucija 0,75l Katunar Estate Winery autohtona sorta, sa polo\u017eaja Supele nedaleko od znamenite crkvice sv. Lucija (Ba\u0161\u0107anska plo\u010da)\" \/>\n<meta name=\"robots\" content=\"index, follow, max-snippet:-1, max-image-preview:large, max-video-preview:-1\" \/>\n<link rel=\"canonical\" href=\"https:\/\/adria-klik.com\/proizvod\/zlahtina-sv-lucija-075l-katunar-estate-winery\/\" \/>\n<meta property=\"og:locale\" content=\"en_US\" \/>\n<meta property=\"og:type\" content=\"article\" \/>\n<meta property=\"og:title\" content=\"\u017dlahtina Sv. Lucija 0,75l Katunar Estate Winery\" \/>\n<meta property=\"og:description\" content=\"\u017dlahtina Sv. Lucija 0,75l Katunar Estate Winery autohtona sorta, sa polo\u017eaja Supele nedaleko od znamenite crkvice sv. Lucija (Ba\u0161\u0107anska plo\u010da)\" \/>\n<meta property=\"og:url\" content=\"https:\/\/adria-klik.com\/proizvod\/zlahtina-sv-lucija-075l-katunar-estate-winery\/\" \/>\n<meta property=\"og:site_name\" content=\"Adria-Klik.com\" \/>\n<meta property=\"article:publisher\" content=\"https:\/\/www.facebook.com\/profile.php?id=100064209425136\" \/>\n<meta property=\"article:modified_time\" content=\"2023-10-10T22:32:04+00:00\" \/>\n<meta property=\"og:image\" content=\"https:\/\/adria-klik.com\/wp-content\/uploads\/2023\/10\/Sveta-Lucija-Zlahtina-Katunar-Decanter-award-0-75l-Adria-Klik-Brza-dostava-vina-webshop-wein-wine-delivery-eu-DPD-wolt-bolt-glovo-zagreb.jpeg\" \/>\n\t<meta property=\"og:image:width\" content=\"1500\" \/>\n\t<meta property=\"og:image:height\" content=\"1500\" \/>\n\t<meta property=\"og:image:type\" content=\"image\/jpeg\" \/>\n<meta name=\"twitter:card\" content=\"summary_large_image\" \/>\n<meta name=\"twitter:title\" content=\"\u017dlahtina Sv. Lucija 0,75l Katunar Estate Winery\" \/>\n<meta name=\"twitter:description\" content=\"\u017dlahtina Sv. Lucija 0,75l Katunar Estate Winery autohtona sorta, sa polo\u017eaja Supele nedaleko od znamenite crkvice sv. Lucija (Ba\u0161\u0107anska plo\u010da)\" \/>\n<meta name=\"twitter:image\" content=\"https:\/\/adria-klik.com\/wp-content\/uploads\/2023\/10\/Sveta-Lucija-Zlahtina-Katunar-Decanter-award-0-75l-Adria-Klik-Brza-dostava-vina-webshop-wein-wine-delivery-eu-DPD-wolt-bolt-glovo-zagreb.jpeg\" \/>\n<meta name=\"twitter:label1\" content=\"Est. reading time\" \/>\n\t<meta name=\"twitter:data1\" content=\"2 minutes\" \/>\n<script type=\"application\/ld+json\" class=\"yoast-schema-graph\">{\"@context\":\"https:\/\/schema.org\",\"@graph\":[{\"@type\":\"WebPage\",\"@id\":\"https:\/\/adria-klik.com\/proizvod\/zlahtina-sv-lucija-075l-katunar-estate-winery\/\",\"url\":\"https:\/\/adria-klik.com\/proizvod\/zlahtina-sv-lucija-075l-katunar-estate-winery\/\",\"name\":\"\u017dlahtina Sv. Lucija 0,75l Katunar Estate Winery - Adria-Klik.com\",\"isPartOf\":{\"@id\":\"https:\/\/adria-klik.com\/#website\"},\"primaryImageOfPage\":{\"@id\":\"https:\/\/adria-klik.com\/proizvod\/zlahtina-sv-lucija-075l-katunar-estate-winery\/#primaryimage\"},\"image\":{\"@id\":\"https:\/\/adria-klik.com\/proizvod\/zlahtina-sv-lucija-075l-katunar-estate-winery\/#primaryimage\"},\"thumbnailUrl\":\"https:\/\/adria-klik.com\/wp-content\/uploads\/2023\/10\/Sveta-Lucija-Zlahtina-Katunar-Decanter-award-0-75l-Adria-Klik-Brza-dostava-vina-webshop-wein-wine-delivery-eu-DPD-wolt-bolt-glovo-zagreb.jpeg\",\"datePublished\":\"2023-10-10T19:41:07+00:00\",\"dateModified\":\"2023-10-10T22:32:04+00:00\",\"description\":\"\u017dlahtina Sv. Lucija 0,75l Katunar Estate Winery autohtona sorta, sa polo\u017eaja Supele nedaleko od znamenite crkvice sv. Lucija (Ba\u0161\u0107anska plo\u010da)\",\"breadcrumb\":{\"@id\":\"https:\/\/adria-klik.com\/proizvod\/zlahtina-sv-lucija-075l-katunar-estate-winery\/#breadcrumb\"},\"inLanguage\":\"en-US\",\"potentialAction\":[{\"@type\":\"ReadAction\",\"target\":[\"https:\/\/adria-klik.com\/proizvod\/zlahtina-sv-lucija-075l-katunar-estate-winery\/\"]}]},{\"@type\":\"ImageObject\",\"inLanguage\":\"en-US\",\"@id\":\"https:\/\/adria-klik.com\/proizvod\/zlahtina-sv-lucija-075l-katunar-estate-winery\/#primaryimage\",\"url\":\"https:\/\/adria-klik.com\/wp-content\/uploads\/2023\/10\/Sveta-Lucija-Zlahtina-Katunar-Decanter-award-0-75l-Adria-Klik-Brza-dostava-vina-webshop-wein-wine-delivery-eu-DPD-wolt-bolt-glovo-zagreb.jpeg\",\"contentUrl\":\"https:\/\/adria-klik.com\/wp-content\/uploads\/2023\/10\/Sveta-Lucija-Zlahtina-Katunar-Decanter-award-0-75l-Adria-Klik-Brza-dostava-vina-webshop-wein-wine-delivery-eu-DPD-wolt-bolt-glovo-zagreb.jpeg\",\"width\":1500,\"height\":1500,\"caption\":\"binary comment\"},{\"@type\":\"BreadcrumbList\",\"@id\":\"https:\/\/adria-klik.com\/proizvod\/zlahtina-sv-lucija-075l-katunar-estate-winery\/#breadcrumb\",\"itemListElement\":[{\"@type\":\"ListItem\",\"position\":1,\"name\":\"Po\u010detna stranica\",\"item\":\"https:\/\/adria-klik.com\/en\/\"},{\"@type\":\"ListItem\",\"position\":2,\"name\":\"Shop\",\"item\":\"https:\/\/adria-klik.com\/shop\/\"},{\"@type\":\"ListItem\",\"position\":3,\"name\":\"\u017dlahtina Sv. Lucija 0,75l Katunar Estate Winery\"}]},{\"@type\":\"WebSite\",\"@id\":\"https:\/\/adria-klik.com\/#website\",\"url\":\"https:\/\/adria-klik.com\/\",\"name\":\"Adria-Klik.com\",\"description\":\"Unikatni poklon paketi, Vina, Craft pivo &amp; Delicije - webshop\",\"publisher\":{\"@id\":\"https:\/\/adria-klik.com\/#organization\"},\"potentialAction\":[{\"@type\":\"SearchAction\",\"target\":{\"@type\":\"EntryPoint\",\"urlTemplate\":\"https:\/\/adria-klik.com\/?s={search_term_string}\"},\"query-input\":{\"@type\":\"PropertyValueSpecification\",\"valueRequired\":true,\"valueName\":\"search_term_string\"}}],\"inLanguage\":\"en-US\"},{\"@type\":\"Organization\",\"@id\":\"https:\/\/adria-klik.com\/#organization\",\"name\":\"Adria-Klik.com\",\"alternateName\":\"AK\",\"url\":\"https:\/\/adria-klik.com\/\",\"logo\":{\"@type\":\"ImageObject\",\"inLanguage\":\"en-US\",\"@id\":\"https:\/\/adria-klik.com\/#\/schema\/logo\/image\/\",\"url\":\"https:\/\/adria-klik.com\/wp-content\/uploads\/2025\/12\/Adria-Klik_com-logo-namirnice-vina-craft-pivo-delikatese-delicije-artisan-cokolada.jpg\",\"contentUrl\":\"https:\/\/adria-klik.com\/wp-content\/uploads\/2025\/12\/Adria-Klik_com-logo-namirnice-vina-craft-pivo-delikatese-delicije-artisan-cokolada.jpg\",\"width\":500,\"height\":500,\"caption\":\"Adria-Klik.com\"},\"image\":{\"@id\":\"https:\/\/adria-klik.com\/#\/schema\/logo\/image\/\"},\"sameAs\":[\"https:\/\/www.facebook.com\/profile.php?id=100064209425136\",\"https:\/\/www.instagram.com\/adriaklik\/\",\"https:\/\/www.youtube.com\/user\/PlavacmaliZagreb\"]}]}<\/script>\n<!-- \/ Yoast SEO plugin. -->","yoast_head_json":{"title":"\u017dlahtina Sv. Lucija 0,75l Katunar Estate Winery - Adria-Klik.com","description":"\u017dlahtina Sv. Lucija 0,75l Katunar Estate Winery autohtona sorta, sa polo\u017eaja Supele nedaleko od znamenite crkvice sv. Lucija (Ba\u0161\u0107anska plo\u010da)","robots":{"index":"index","follow":"follow","max-snippet":"max-snippet:-1","max-image-preview":"max-image-preview:large","max-video-preview":"max-video-preview:-1"},"canonical":"https:\/\/adria-klik.com\/proizvod\/zlahtina-sv-lucija-075l-katunar-estate-winery\/","og_locale":"en_US","og_type":"article","og_title":"\u017dlahtina Sv. Lucija 0,75l Katunar Estate Winery","og_description":"\u017dlahtina Sv. Lucija 0,75l Katunar Estate Winery autohtona sorta, sa polo\u017eaja Supele nedaleko od znamenite crkvice sv. Lucija (Ba\u0161\u0107anska plo\u010da)","og_url":"https:\/\/adria-klik.com\/proizvod\/zlahtina-sv-lucija-075l-katunar-estate-winery\/","og_site_name":"Adria-Klik.com","article_publisher":"https:\/\/www.facebook.com\/profile.php?id=100064209425136","article_modified_time":"2023-10-10T22:32:04+00:00","og_image":[{"width":1500,"height":1500,"url":"https:\/\/adria-klik.com\/wp-content\/uploads\/2023\/10\/Sveta-Lucija-Zlahtina-Katunar-Decanter-award-0-75l-Adria-Klik-Brza-dostava-vina-webshop-wein-wine-delivery-eu-DPD-wolt-bolt-glovo-zagreb.jpeg","type":"image\/jpeg"}],"twitter_card":"summary_large_image","twitter_title":"\u017dlahtina Sv. Lucija 0,75l Katunar Estate Winery","twitter_description":"\u017dlahtina Sv. Lucija 0,75l Katunar Estate Winery autohtona sorta, sa polo\u017eaja Supele nedaleko od znamenite crkvice sv. Lucija (Ba\u0161\u0107anska plo\u010da)","twitter_image":"https:\/\/adria-klik.com\/wp-content\/uploads\/2023\/10\/Sveta-Lucija-Zlahtina-Katunar-Decanter-award-0-75l-Adria-Klik-Brza-dostava-vina-webshop-wein-wine-delivery-eu-DPD-wolt-bolt-glovo-zagreb.jpeg","twitter_misc":{"Est. reading time":"2 minutes"},"schema":{"@context":"https:\/\/schema.org","@graph":[{"@type":"WebPage","@id":"https:\/\/adria-klik.com\/proizvod\/zlahtina-sv-lucija-075l-katunar-estate-winery\/","url":"https:\/\/adria-klik.com\/proizvod\/zlahtina-sv-lucija-075l-katunar-estate-winery\/","name":"\u017dlahtina Sv. Lucija 0,75l Katunar Estate Winery - Adria-Klik.com","isPartOf":{"@id":"https:\/\/adria-klik.com\/#website"},"primaryImageOfPage":{"@id":"https:\/\/adria-klik.com\/proizvod\/zlahtina-sv-lucija-075l-katunar-estate-winery\/#primaryimage"},"image":{"@id":"https:\/\/adria-klik.com\/proizvod\/zlahtina-sv-lucija-075l-katunar-estate-winery\/#primaryimage"},"thumbnailUrl":"https:\/\/adria-klik.com\/wp-content\/uploads\/2023\/10\/Sveta-Lucija-Zlahtina-Katunar-Decanter-award-0-75l-Adria-Klik-Brza-dostava-vina-webshop-wein-wine-delivery-eu-DPD-wolt-bolt-glovo-zagreb.jpeg","datePublished":"2023-10-10T19:41:07+00:00","dateModified":"2023-10-10T22:32:04+00:00","description":"\u017dlahtina Sv. Lucija 0,75l Katunar Estate Winery autohtona sorta, sa polo\u017eaja Supele nedaleko od znamenite crkvice sv. Lucija (Ba\u0161\u0107anska plo\u010da)","breadcrumb":{"@id":"https:\/\/adria-klik.com\/proizvod\/zlahtina-sv-lucija-075l-katunar-estate-winery\/#breadcrumb"},"inLanguage":"en-US","potentialAction":[{"@type":"ReadAction","target":["https:\/\/adria-klik.com\/proizvod\/zlahtina-sv-lucija-075l-katunar-estate-winery\/"]}]},{"@type":"ImageObject","inLanguage":"en-US","@id":"https:\/\/adria-klik.com\/proizvod\/zlahtina-sv-lucija-075l-katunar-estate-winery\/#primaryimage","url":"https:\/\/adria-klik.com\/wp-content\/uploads\/2023\/10\/Sveta-Lucija-Zlahtina-Katunar-Decanter-award-0-75l-Adria-Klik-Brza-dostava-vina-webshop-wein-wine-delivery-eu-DPD-wolt-bolt-glovo-zagreb.jpeg","contentUrl":"https:\/\/adria-klik.com\/wp-content\/uploads\/2023\/10\/Sveta-Lucija-Zlahtina-Katunar-Decanter-award-0-75l-Adria-Klik-Brza-dostava-vina-webshop-wein-wine-delivery-eu-DPD-wolt-bolt-glovo-zagreb.jpeg","width":1500,"height":1500,"caption":"binary comment"},{"@type":"BreadcrumbList","@id":"https:\/\/adria-klik.com\/proizvod\/zlahtina-sv-lucija-075l-katunar-estate-winery\/#breadcrumb","itemListElement":[{"@type":"ListItem","position":1,"name":"Po\u010detna stranica","item":"https:\/\/adria-klik.com\/en\/"},{"@type":"ListItem","position":2,"name":"Shop","item":"https:\/\/adria-klik.com\/shop\/"},{"@type":"ListItem","position":3,"name":"\u017dlahtina Sv. Lucija 0,75l Katunar Estate Winery"}]},{"@type":"WebSite","@id":"https:\/\/adria-klik.com\/#website","url":"https:\/\/adria-klik.com\/","name":"Adria-Klik.com","description":"Unikatni poklon paketi, Vina, Craft pivo &amp; Delicije - webshop","publisher":{"@id":"https:\/\/adria-klik.com\/#organization"},"potentialAction":[{"@type":"SearchAction","target":{"@type":"EntryPoint","urlTemplate":"https:\/\/adria-klik.com\/?s={search_term_string}"},"query-input":{"@type":"PropertyValueSpecification","valueRequired":true,"valueName":"search_term_string"}}],"inLanguage":"en-US"},{"@type":"Organization","@id":"https:\/\/adria-klik.com\/#organization","name":"Adria-Klik.com","alternateName":"AK","url":"https:\/\/adria-klik.com\/","logo":{"@type":"ImageObject","inLanguage":"en-US","@id":"https:\/\/adria-klik.com\/#\/schema\/logo\/image\/","url":"https:\/\/adria-klik.com\/wp-content\/uploads\/2025\/12\/Adria-Klik_com-logo-namirnice-vina-craft-pivo-delikatese-delicije-artisan-cokolada.jpg","contentUrl":"https:\/\/adria-klik.com\/wp-content\/uploads\/2025\/12\/Adria-Klik_com-logo-namirnice-vina-craft-pivo-delikatese-delicije-artisan-cokolada.jpg","width":500,"height":500,"caption":"Adria-Klik.com"},"image":{"@id":"https:\/\/adria-klik.com\/#\/schema\/logo\/image\/"},"sameAs":["https:\/\/www.facebook.com\/profile.php?id=100064209425136","https:\/\/www.instagram.com\/adriaklik\/","https:\/\/www.youtube.com\/user\/PlavacmaliZagreb"]}]}},"jetpack_sharing_enabled":true,"jetpack-related-posts":[],"_links":{"self":[{"href":"https:\/\/adria-klik.com\/en\/wp-json\/wp\/v2\/product\/17179","targetHints":{"allow":["GET"]}}],"collection":[{"href":"https:\/\/adria-klik.com\/en\/wp-json\/wp\/v2\/product"}],"about":[{"href":"https:\/\/adria-klik.com\/en\/wp-json\/wp\/v2\/types\/product"}],"replies":[{"embeddable":true,"href":"https:\/\/adria-klik.com\/en\/wp-json\/wp\/v2\/comments?post=17179"}],"wp:featuredmedia":[{"embeddable":true,"href":"https:\/\/adria-klik.com\/en\/wp-json\/wp\/v2\/media\/17180"}],"wp:attachment":[{"href":"https:\/\/adria-klik.com\/en\/wp-json\/wp\/v2\/media?parent=17179"}],"wp:term":[{"taxonomy":"product_brand","embeddable":true,"href":"https:\/\/adria-klik.com\/en\/wp-json\/wp\/v2\/product_brand?post=17179"},{"taxonomy":"product_cat","embeddable":true,"href":"https:\/\/adria-klik.com\/en\/wp-json\/wp\/v2\/product_cat?post=17179"},{"taxonomy":"product_tag","embeddable":true,"href":"https:\/\/adria-klik.com\/en\/wp-json\/wp\/v2\/product_tag?post=17179"},{"taxonomy":"berocket_brand","embeddable":true,"href":"https:\/\/adria-klik.com\/en\/wp-json\/wp\/v2\/berocket_brand?post=17179"}],"curies":[{"name":"wp","href":"https:\/\/api.w.org\/{rel}","templated":true}]}}