{"id":17360,"date":"2024-07-29T15:42:19","date_gmt":"2024-07-29T13:42:19","guid":{"rendered":"https:\/\/adria-klik.com\/?post_type=product&#038;p=17360"},"modified":"2025-11-29T01:06:51","modified_gmt":"2025-11-29T00:06:51","slug":"ginger-lemon-shimmer-mountain-creek-premium-gin-07-l","status":"publish","type":"product","link":"https:\/\/adria-klik.com\/en\/proizvod\/ginger-lemon-shimmer-mountain-creek-premium-gin-07-l\/","title":{"rendered":"Ginger &#038; Lemon SHIMMER Mountain Creek Premium Gin 0,7 l Kostelac"},"content":{"rendered":"<div class=\"cb_FormRow_LeftCol_ll21\">\n<div class=\"cb_FormRow_LabelContainer_l1tz\"><\/div>\n<\/div>\n<div class=\"cb_FormRow_RightCol_r1b7\"><strong><span class=\"sc-jEACwC cziUNk\" dir=\"auto\" lang=\"hr\">Ginger &amp; Lemon SHIMMER Mountain Creek Premium Gin 0,7 l<\/span><\/strong><\/div>\n<p>Inspirirani ljepotama Parka prirode i Geoparka Papuk kojima smo okru\u017eeni, netaknutom prirodom,<br \/>\nte bezbrojnim izvorima pitke planinske vode nastao je Mountain Creek (prev. Planinski potok),<br \/>\nlinija premium ginova. Geopark Papuk prvi je geopark u Hrvatskoj, te je dio mre\u017ee UNESCO svjetski Geoparkovi.<\/p>\n<p>Geopark Papuk ima jedinstveni polo\u017eaj u kolizijskoj zoni dvaju makroplo\u010da \u2013 Afri\u010dke i Euroazijske,<br \/>\nte se sastoji od mnogobrojnih slojeva razli\u010ditih vrsta stijena koje su stvarane od prekambrija do danas,<br \/>\na neki su stari i preko 600 milijuna godina. Zbog te svoje specifi\u010dnosti i raznolikosti,<br \/>\nvoda koja izvire na lokalitetima Geoparka Papuk izuzetne je kvalitete i meko\u0107e, jer se prirodno filtrira kroz mnogobrojne slojeve stijena.<br \/>\nVoda kao osnova \u017eivota zbog svoje va\u017enosti glavni je sastojak svih \u017eivih organizama, ali tako\u0111er i svih pi\u0107a.<br \/>\nMnogi zanemaruju va\u017enost vode u proizvodnji, ali mi u na\u0161oj proizvodnji posebno vodimo brigu o svakom sastojku na\u0161ih proizvoda, pa tako i o vodi,<br \/>\nza koju smatramo da je od izuzetne va\u017enosti za vrhunsku kvalitetu svih na\u0161ih proizvoda.<br \/>\nIzuzetna meko\u0107a vode, finalnom destilatu daje potpuno novu dimenziju, te fini, mekani i ugla\u0111eni okus.<\/p>\n<p>&nbsp;<\/p>\n<div class=\"cb_FormRow_LeftCol_ll21\">\n<div class=\"cb_FormRow_LabelContainer_l1tz\"><\/div>\n<\/div>\n<div class=\"cb_FormRow_RightCol_r1b7\"><span class=\"sc-jEACwC cziUNk\" dir=\"auto\" lang=\"hr\">Ginger &amp; Lemon;<\/span> Kao i ostali ginovi iz serije Mountain Creek, <strong>Ginger &amp; Lemon SHIMME<\/strong>R proizveden je od premium p\u0161eni\u010dnog destilata, destiliranog kroz sedam kolona, te mekane izvorske planinske vode. <strong>Ginger &amp; Lemon SHIMMER<\/strong> u svome sastavu ima 29 razli\u010ditih biljnih vrsta, a karakteriziraju ga arome crvenog vo\u0107a, prvenstveno jagode, maline, kupine i borovnice. Ve\u0107 pri samom otvaranju boce o\u010darati \u0107ete se savr\u0161eno izbalansiranom mirisu, kojemu je te\u0161ko odoljeti. Bez obzira na naziv i boju, namijenjen je konzumaciji svima koji vole u\u017eivati u okusima bobi\u010dastog vo\u0107a.<\/div>\n<p>SHIMMER EDITION je serija ginova oboga\u0107ena dodatkom jestivih glitera (\u0161ljokica) koja ginovima daje prekrasan vizuelni efekt i \u010dini ih izuzetno atraktivnima.<\/p>\n<p>Napomena: jestivi gliteri nisu \u0161tetni za organizam, te nemaju nutritivnu vrijednost, ve\u0107 pi\u0107u daju specifi\u010dan i atraktivan izgled.<\/p>\n<p>NAGRADE:<\/p>\n<p>WORLD GIN AWARDS 2022. \u2013 Best Croatian Flavoured gin<\/p>\n<p>JAPAN AWARDS 2022. \u2013 Gold medal<\/p>\n","protected":false},"excerpt":{"rendered":"<ul>\n<li>\n<div class=\"cb_FormRow_RightCol_r1b7\"><span class=\"sc-jEACwC cziUNk\" dir=\"auto\" lang=\"hr\">Ginger &amp; Lemon SHIMMER Mountain Creek Premium Gin 0,7 l <\/span>je premium craft destilirani gin, prekrasne boje, te neodoljivog mirisa i okusa.<\/div>\n<\/li>\n<li>Kao i ostali ginovi iz serije Mountain Creek, <strong>Ginger &amp; Lemon SHIMMER<\/strong> proizveden je od premium p\u0161eni\u010dnog destilata, destiliranog kroz sedam kolona, te mekane izvorske planinske vode.<\/li>\n<li>Ginger &amp; Lemon SHIMMER u svome sastavu ima 29 razli\u010ditih biljnih vrsta, a karakteriziraju ga arome crvenog vo\u0107a, prvenstveno jagode, maline, kupine i borovnice. Ve\u0107 pri samom otvaranju boce o\u010darati \u0107ete se savr\u0161eno izbalansiranom mirisu, kojemu je te\u0161ko odoljeti.<\/li>\n<li>SHIMMER EDITION je serija ginova oboga\u0107ena dodatkom jestivih glitera (\u0161ljokica) koja ginovima daje prekrasan vizuelni efekt i \u010dini ih izuzetno atraktivnima.<\/li>\n<li>Napomena: jestivi gliteri nisu \u0161tetni za organizam, te nemaju nutritivnu vrijednost, ve\u0107 pi\u0107u daju specifi\u010dan i atraktivan izgled.<\/li>\n<li>NAGRADE: WORLD GIN AWARDS 2022. \u2013 Best Croatian Flavoured gin , JAPAN AWARDS 2022. \u2013 Gold medal<\/li>\n<\/ul>\n","protected":false},"featured_media":17361,"comment_status":"open","ping_status":"closed","template":"","meta":{"_acf_changed":false},"product_brand":[],"product_cat":[374,1175,1176,432,1174,1159,619,376,560],"product_tag":[2164,1583,1584],"berocket_brand":[1582],"class_list":{"0":"post-17360","1":"product","2":"type-product","3":"status-publish","4":"has-post-thumbnail","6":"product_cat-alkoholna-pica","7":"product_cat-dostava","8":"product_cat-europa","9":"product_cat-gin","10":"product_cat-hrvatska","11":"product_cat-nasa-preporuka","12":"product_cat-okusi_adriu","13":"product_cat-premium-proizvodi","14":"product_cat-zagreb","15":"product_tag-ginger-lemon-shimmer","16":"product_tag-kostelac-rakije","17":"product_tag-mountain-creek-ladys-choice-shimmer-edition","18":"berocket_brand-kostelac-rakije","20":"first","21":"instock","22":"sale","23":"featured","24":"shipping-taxable","25":"purchasable","26":"product-type-simple"},"acf":[],"yoast_head":"<!-- This site is optimized with the Yoast SEO plugin v26.9 - https:\/\/yoast.com\/product\/yoast-seo-wordpress\/ -->\n<title>Ginger &amp; Lemon SHIMMER Mountain Creek Premium Gin 0,7 l Kostelac - Adria-Klik.com<\/title>\n<meta name=\"description\" content=\"Ginger &amp; Lemon SHIMMER Mountain Creek Premium Gin 0,7 l je premium craft destilirani gin Naru\u010di dostavu Kostelac rakija www.adria-klik.com\" \/>\n<meta name=\"robots\" content=\"index, follow, max-snippet:-1, max-image-preview:large, max-video-preview:-1\" \/>\n<link rel=\"canonical\" href=\"https:\/\/adria-klik.com\/proizvod\/ginger-lemon-shimmer-mountain-creek-premium-gin-07-l\/\" \/>\n<meta property=\"og:locale\" content=\"en_US\" \/>\n<meta property=\"og:type\" content=\"article\" \/>\n<meta property=\"og:title\" content=\"Mountain Creek Lady\u2019s Choice SHIMMER EDITION je premium craft destilirani gin Naru\u010di dostavu Kostelac rakija www.adria-klik.com\" \/>\n<meta property=\"og:description\" content=\"Mountain Creek Lady\u2019s Choice SHIMMER EDITION je premium craft destilirani gin Naru\u010di dostavu Kostelac rakija www.adria-klik.com\" \/>\n<meta property=\"og:url\" content=\"https:\/\/adria-klik.com\/proizvod\/ginger-lemon-shimmer-mountain-creek-premium-gin-07-l\/\" \/>\n<meta property=\"og:site_name\" content=\"Adria-Klik.com\" \/>\n<meta property=\"article:publisher\" content=\"https:\/\/www.facebook.com\/profile.php?id=100064209425136\" \/>\n<meta property=\"article:modified_time\" content=\"2025-11-29T00:06:51+00:00\" \/>\n<meta property=\"og:image\" content=\"https:\/\/adria-klik.com\/wp-content\/uploads\/2022\/04\/Mountain-Creek-Lady-s-choice-gin-SHIMMER-07l-Rakije-Kostelac-Adria-Klik-Fast-Delivery-Brza-dostava-webshop-premium-EU-DPD-Glovo-Wolt-Bolt-brza-dostava-rakije-za-zivot-dostava.jpg\" \/>\n\t<meta property=\"og:image:width\" content=\"1500\" \/>\n\t<meta property=\"og:image:height\" content=\"1500\" \/>\n\t<meta property=\"og:image:type\" content=\"image\/jpeg\" \/>\n<meta name=\"twitter:card\" content=\"summary_large_image\" \/>\n<meta name=\"twitter:title\" content=\"Mountain Creek Lady\u2019s Choice SHIMMER EDITION je premium craft destilirani gin Naru\u010di dostavu Kostelac rakija www.adria-klik.com\" \/>\n<meta name=\"twitter:description\" content=\"Mountain Creek Lady\u2019s Choice SHIMMER EDITION je premium craft destilirani gin Naru\u010di dostavu Kostelac rakija www.adria-klik.com\" \/>\n<meta name=\"twitter:image\" content=\"https:\/\/adria-klik.com\/wp-content\/uploads\/2022\/04\/Mountain-Creek-Lady-s-choice-gin-SHIMMER-07l-Rakije-Kostelac-Adria-Klik-Fast-Delivery-Brza-dostava-webshop-premium-EU-DPD-Glovo-Wolt-Bolt-brza-dostava-rakije-za-zivot-dostava.jpg\" \/>\n<meta name=\"twitter:label1\" content=\"Est. reading time\" \/>\n\t<meta name=\"twitter:data1\" content=\"2 minutes\" \/>\n<script type=\"application\/ld+json\" class=\"yoast-schema-graph\">{\"@context\":\"https:\/\/schema.org\",\"@graph\":[{\"@type\":\"WebPage\",\"@id\":\"https:\/\/adria-klik.com\/proizvod\/ginger-lemon-shimmer-mountain-creek-premium-gin-07-l\/\",\"url\":\"https:\/\/adria-klik.com\/proizvod\/ginger-lemon-shimmer-mountain-creek-premium-gin-07-l\/\",\"name\":\"Ginger & Lemon SHIMMER Mountain Creek Premium Gin 0,7 l Kostelac - Adria-Klik.com\",\"isPartOf\":{\"@id\":\"https:\/\/adria-klik.com\/#website\"},\"primaryImageOfPage\":{\"@id\":\"https:\/\/adria-klik.com\/proizvod\/ginger-lemon-shimmer-mountain-creek-premium-gin-07-l\/#primaryimage\"},\"image\":{\"@id\":\"https:\/\/adria-klik.com\/proizvod\/ginger-lemon-shimmer-mountain-creek-premium-gin-07-l\/#primaryimage\"},\"thumbnailUrl\":\"https:\/\/adria-klik.com\/wp-content\/uploads\/2024\/07\/Ginger-Lemon-PREMIUM-gin-SHIMMER-07l-Rakije-Kostelac-Adria-Klik-Fast-Delivery-Brza-dostava-webshop-premium-EU-DPD-Glovo-Wolt-Bolt-brza-dostava-rakije-dostava.jpg\",\"datePublished\":\"2024-07-29T13:42:19+00:00\",\"dateModified\":\"2025-11-29T00:06:51+00:00\",\"description\":\"Ginger & Lemon SHIMMER Mountain Creek Premium Gin 0,7 l je premium craft destilirani gin Naru\u010di dostavu Kostelac rakija www.adria-klik.com\",\"breadcrumb\":{\"@id\":\"https:\/\/adria-klik.com\/proizvod\/ginger-lemon-shimmer-mountain-creek-premium-gin-07-l\/#breadcrumb\"},\"inLanguage\":\"en-US\",\"potentialAction\":[{\"@type\":\"ReadAction\",\"target\":[\"https:\/\/adria-klik.com\/proizvod\/ginger-lemon-shimmer-mountain-creek-premium-gin-07-l\/\"]}]},{\"@type\":\"ImageObject\",\"inLanguage\":\"en-US\",\"@id\":\"https:\/\/adria-klik.com\/proizvod\/ginger-lemon-shimmer-mountain-creek-premium-gin-07-l\/#primaryimage\",\"url\":\"https:\/\/adria-klik.com\/wp-content\/uploads\/2024\/07\/Ginger-Lemon-PREMIUM-gin-SHIMMER-07l-Rakije-Kostelac-Adria-Klik-Fast-Delivery-Brza-dostava-webshop-premium-EU-DPD-Glovo-Wolt-Bolt-brza-dostava-rakije-dostava.jpg\",\"contentUrl\":\"https:\/\/adria-klik.com\/wp-content\/uploads\/2024\/07\/Ginger-Lemon-PREMIUM-gin-SHIMMER-07l-Rakije-Kostelac-Adria-Klik-Fast-Delivery-Brza-dostava-webshop-premium-EU-DPD-Glovo-Wolt-Bolt-brza-dostava-rakije-dostava.jpg\",\"width\":1500,\"height\":1500,\"caption\":\"| Adria-Klik Supply webshop trgovina dostava namirnica, vina, craft piva i delicija Superbrza dostava Zagreb Wolt Glovo Bolt-Food i Hrvatska i EU DPD GLS - vinska logistika #kupujmohrvatsko Naru\u00c3\u201e\u00c2\u008di dostavu Adria Klik dostava Namirnica, Vina, Craft piva, Delicija, Organsko, Eko, Bio, ekskluzivan izbor domacih vinara! Unikati pokloni Bontonic Canna Mariniana, CBD CBG Croatia Organic HEMP industrijska konoplja Cannabiotics Cannabiotics CroCanna Devetka Free Spirit Me\u00c3\u201e\u00e2\u20ac\u02dcimurje Greenall's Original Johhnie Walker Karlova\u00c3\u201e\u00c2\u008dko Kostelac rakije LAB Split pivovara Lepi De\u00c3\u201e\u00c2\u008dki Li\u00c3\u201e\u00c2\u008danka Pivovara Nova Runda Nova Runda OPG Marevi\u00c3\u201e\u00e2\u20ac\u00a1 Palihni\u00c3\u201e\u00e2\u20ac\u00a1 Pelje\u00c3\u2026\u00c2\u00a1ki Vrhovi - PZ Janjina Pelje\u00c3\u2026\u00c2\u00a1ki Vrhovi - PZ Janjina Ravalico Saperlot Saperlot Brewery StartCBD Tvornica leda Velebitska Degenija Vislander Vislander Vislander Vislander Volimljuto Zlatarna \u00c3\u2026\u00c2\u00a0iroka 2Storije aDorable aDorable Adria Darovni Poklon Paketi Argeta Argeta Azrri Azrri Bel-Cro Bel-Cro Benediktinke Sv. Marije Zadar Benediktinke Sv. Marije Zadar Benediktinke Zadar Benediktinke Zadar Bobi Snacks Buzdovan Buzdovan cchellenic Cmre\u00c3\u201e\u00c2\u008dnjak Cmre\u00c3\u201e\u00c2\u008dnjak Coca-Cola Coca-Cola Hrvatska Cockta Cogito Coffee Cogito Coffee \u00c3\u201e\u00c2\u0090akova\u00c3\u201e\u00c2\u008dka Vina \u00c3\u201e\u00c2\u0090akovo vina ekoEna ekoEna Elda Fentimans Feravino Ferrero Franck Gordon's Grad-Export Gray Goose Gray Goose Greenalls Greenalls Gin Greenalls Gin Original British Heineken Hrvatska Jagermeister Jagermeister Jaguni\u00c3\u201e\u00e2\u20ac\u00a1 Vina Jamnica Jamnica Jana Jana Josi\u00c3\u201e\u00e2\u20ac\u00a1 vinarija Kinder Konoplja.shop Kra\u00c3\u2026\u00c2\u00a1 Kutjevo Kutjevo Labud Latus Mljekara Istra Latus Mljekara Istra Lay's Lay's Chips Maraska Merci Storck Mljekara Latus Mljekara Latus Istra Na\u00c3\u2026\u00c2\u00a1 Okus Na\u00c3\u2026\u00c2\u00a1 Okus Nescafe OPG Cari\u00c3\u201e\u00e2\u20ac\u00a1 Papak Ilok Pavlomir Pavlomir Vinska Ku\u00c3\u201e\u00e2\u20ac\u00a1a Pivovara Medvedgrad Pringles \/ Kellogg's Red Bull \u00c3\u2026\u00c2\u00a0ibenska Pivovara \u00c3\u2026\u00c2\u00a0ibenska Pivovara (5) SMID SMID Taman Artisan Chocolates Thomas Henry Tuc Krekeri Valenta Family Wines Vina Grgurevi\u00c3\u201e\u00e2\u20ac\u00a1 Vina Grgurevi\u00c3\u201e\u00e2\u20ac\u00a1 Vinarija Benkovac Vinarija Mik\u00c3\u2026\u00c2\u00a1a Vislander Vina i Rakije Vizba Valandovo Vizba Valandovo Makedonija\"},{\"@type\":\"BreadcrumbList\",\"@id\":\"https:\/\/adria-klik.com\/proizvod\/ginger-lemon-shimmer-mountain-creek-premium-gin-07-l\/#breadcrumb\",\"itemListElement\":[{\"@type\":\"ListItem\",\"position\":1,\"name\":\"Po\u010detna stranica\",\"item\":\"https:\/\/adria-klik.com\/en\/\"},{\"@type\":\"ListItem\",\"position\":2,\"name\":\"Shop\",\"item\":\"https:\/\/adria-klik.com\/shop\/\"},{\"@type\":\"ListItem\",\"position\":3,\"name\":\"Ginger &#038; Lemon SHIMMER Mountain Creek Premium Gin 0,7 l Kostelac\"}]},{\"@type\":\"WebSite\",\"@id\":\"https:\/\/adria-klik.com\/#website\",\"url\":\"https:\/\/adria-klik.com\/\",\"name\":\"Adria-Klik.com\",\"description\":\"Unikatni poklon paketi, Vina, Craft pivo &amp; Delicije - webshop\",\"publisher\":{\"@id\":\"https:\/\/adria-klik.com\/#organization\"},\"potentialAction\":[{\"@type\":\"SearchAction\",\"target\":{\"@type\":\"EntryPoint\",\"urlTemplate\":\"https:\/\/adria-klik.com\/?s={search_term_string}\"},\"query-input\":{\"@type\":\"PropertyValueSpecification\",\"valueRequired\":true,\"valueName\":\"search_term_string\"}}],\"inLanguage\":\"en-US\"},{\"@type\":\"Organization\",\"@id\":\"https:\/\/adria-klik.com\/#organization\",\"name\":\"Adria-Klik.com\",\"alternateName\":\"AK\",\"url\":\"https:\/\/adria-klik.com\/\",\"logo\":{\"@type\":\"ImageObject\",\"inLanguage\":\"en-US\",\"@id\":\"https:\/\/adria-klik.com\/#\/schema\/logo\/image\/\",\"url\":\"https:\/\/adria-klik.com\/wp-content\/uploads\/2025\/12\/Adria-Klik_com-logo-namirnice-vina-craft-pivo-delikatese-delicije-artisan-cokolada.jpg\",\"contentUrl\":\"https:\/\/adria-klik.com\/wp-content\/uploads\/2025\/12\/Adria-Klik_com-logo-namirnice-vina-craft-pivo-delikatese-delicije-artisan-cokolada.jpg\",\"width\":500,\"height\":500,\"caption\":\"Adria-Klik.com\"},\"image\":{\"@id\":\"https:\/\/adria-klik.com\/#\/schema\/logo\/image\/\"},\"sameAs\":[\"https:\/\/www.facebook.com\/profile.php?id=100064209425136\",\"https:\/\/www.instagram.com\/adriaklik\/\",\"https:\/\/www.youtube.com\/user\/PlavacmaliZagreb\"]}]}<\/script>\n<!-- \/ Yoast SEO plugin. -->","yoast_head_json":{"title":"Ginger & Lemon SHIMMER Mountain Creek Premium Gin 0,7 l Kostelac - Adria-Klik.com","description":"Ginger & Lemon SHIMMER Mountain Creek Premium Gin 0,7 l je premium craft destilirani gin Naru\u010di dostavu Kostelac rakija www.adria-klik.com","robots":{"index":"index","follow":"follow","max-snippet":"max-snippet:-1","max-image-preview":"max-image-preview:large","max-video-preview":"max-video-preview:-1"},"canonical":"https:\/\/adria-klik.com\/proizvod\/ginger-lemon-shimmer-mountain-creek-premium-gin-07-l\/","og_locale":"en_US","og_type":"article","og_title":"Mountain Creek Lady\u2019s Choice SHIMMER EDITION je premium craft destilirani gin Naru\u010di dostavu Kostelac rakija www.adria-klik.com","og_description":"Mountain Creek Lady\u2019s Choice SHIMMER EDITION je premium craft destilirani gin Naru\u010di dostavu Kostelac rakija www.adria-klik.com","og_url":"https:\/\/adria-klik.com\/proizvod\/ginger-lemon-shimmer-mountain-creek-premium-gin-07-l\/","og_site_name":"Adria-Klik.com","article_publisher":"https:\/\/www.facebook.com\/profile.php?id=100064209425136","article_modified_time":"2025-11-29T00:06:51+00:00","og_image":[{"width":1500,"height":1500,"url":"https:\/\/adria-klik.com\/wp-content\/uploads\/2022\/04\/Mountain-Creek-Lady-s-choice-gin-SHIMMER-07l-Rakije-Kostelac-Adria-Klik-Fast-Delivery-Brza-dostava-webshop-premium-EU-DPD-Glovo-Wolt-Bolt-brza-dostava-rakije-za-zivot-dostava.jpg","type":"image\/jpeg"}],"twitter_card":"summary_large_image","twitter_title":"Mountain Creek Lady\u2019s Choice SHIMMER EDITION je premium craft destilirani gin Naru\u010di dostavu Kostelac rakija www.adria-klik.com","twitter_description":"Mountain Creek Lady\u2019s Choice SHIMMER EDITION je premium craft destilirani gin Naru\u010di dostavu Kostelac rakija www.adria-klik.com","twitter_image":"https:\/\/adria-klik.com\/wp-content\/uploads\/2022\/04\/Mountain-Creek-Lady-s-choice-gin-SHIMMER-07l-Rakije-Kostelac-Adria-Klik-Fast-Delivery-Brza-dostava-webshop-premium-EU-DPD-Glovo-Wolt-Bolt-brza-dostava-rakije-za-zivot-dostava.jpg","twitter_misc":{"Est. reading time":"2 minutes"},"schema":{"@context":"https:\/\/schema.org","@graph":[{"@type":"WebPage","@id":"https:\/\/adria-klik.com\/proizvod\/ginger-lemon-shimmer-mountain-creek-premium-gin-07-l\/","url":"https:\/\/adria-klik.com\/proizvod\/ginger-lemon-shimmer-mountain-creek-premium-gin-07-l\/","name":"Ginger & Lemon SHIMMER Mountain Creek Premium Gin 0,7 l Kostelac - Adria-Klik.com","isPartOf":{"@id":"https:\/\/adria-klik.com\/#website"},"primaryImageOfPage":{"@id":"https:\/\/adria-klik.com\/proizvod\/ginger-lemon-shimmer-mountain-creek-premium-gin-07-l\/#primaryimage"},"image":{"@id":"https:\/\/adria-klik.com\/proizvod\/ginger-lemon-shimmer-mountain-creek-premium-gin-07-l\/#primaryimage"},"thumbnailUrl":"https:\/\/adria-klik.com\/wp-content\/uploads\/2024\/07\/Ginger-Lemon-PREMIUM-gin-SHIMMER-07l-Rakije-Kostelac-Adria-Klik-Fast-Delivery-Brza-dostava-webshop-premium-EU-DPD-Glovo-Wolt-Bolt-brza-dostava-rakije-dostava.jpg","datePublished":"2024-07-29T13:42:19+00:00","dateModified":"2025-11-29T00:06:51+00:00","description":"Ginger & Lemon SHIMMER Mountain Creek Premium Gin 0,7 l je premium craft destilirani gin Naru\u010di dostavu Kostelac rakija www.adria-klik.com","breadcrumb":{"@id":"https:\/\/adria-klik.com\/proizvod\/ginger-lemon-shimmer-mountain-creek-premium-gin-07-l\/#breadcrumb"},"inLanguage":"en-US","potentialAction":[{"@type":"ReadAction","target":["https:\/\/adria-klik.com\/proizvod\/ginger-lemon-shimmer-mountain-creek-premium-gin-07-l\/"]}]},{"@type":"ImageObject","inLanguage":"en-US","@id":"https:\/\/adria-klik.com\/proizvod\/ginger-lemon-shimmer-mountain-creek-premium-gin-07-l\/#primaryimage","url":"https:\/\/adria-klik.com\/wp-content\/uploads\/2024\/07\/Ginger-Lemon-PREMIUM-gin-SHIMMER-07l-Rakije-Kostelac-Adria-Klik-Fast-Delivery-Brza-dostava-webshop-premium-EU-DPD-Glovo-Wolt-Bolt-brza-dostava-rakije-dostava.jpg","contentUrl":"https:\/\/adria-klik.com\/wp-content\/uploads\/2024\/07\/Ginger-Lemon-PREMIUM-gin-SHIMMER-07l-Rakije-Kostelac-Adria-Klik-Fast-Delivery-Brza-dostava-webshop-premium-EU-DPD-Glovo-Wolt-Bolt-brza-dostava-rakije-dostava.jpg","width":1500,"height":1500,"caption":"| Adria-Klik Supply webshop trgovina dostava namirnica, vina, craft piva i delicija Superbrza dostava Zagreb Wolt Glovo Bolt-Food i Hrvatska i EU DPD GLS - vinska logistika #kupujmohrvatsko Naru\u00c3\u201e\u00c2\u008di dostavu Adria Klik dostava Namirnica, Vina, Craft piva, Delicija, Organsko, Eko, Bio, ekskluzivan izbor domacih vinara! Unikati pokloni Bontonic Canna Mariniana, CBD CBG Croatia Organic HEMP industrijska konoplja Cannabiotics Cannabiotics CroCanna Devetka Free Spirit Me\u00c3\u201e\u00e2\u20ac\u02dcimurje Greenall's Original Johhnie Walker Karlova\u00c3\u201e\u00c2\u008dko Kostelac rakije LAB Split pivovara Lepi De\u00c3\u201e\u00c2\u008dki Li\u00c3\u201e\u00c2\u008danka Pivovara Nova Runda Nova Runda OPG Marevi\u00c3\u201e\u00e2\u20ac\u00a1 Palihni\u00c3\u201e\u00e2\u20ac\u00a1 Pelje\u00c3\u2026\u00c2\u00a1ki Vrhovi - PZ Janjina Pelje\u00c3\u2026\u00c2\u00a1ki Vrhovi - PZ Janjina Ravalico Saperlot Saperlot Brewery StartCBD Tvornica leda Velebitska Degenija Vislander Vislander Vislander Vislander Volimljuto Zlatarna \u00c3\u2026\u00c2\u00a0iroka 2Storije aDorable aDorable Adria Darovni Poklon Paketi Argeta Argeta Azrri Azrri Bel-Cro Bel-Cro Benediktinke Sv. Marije Zadar Benediktinke Sv. Marije Zadar Benediktinke Zadar Benediktinke Zadar Bobi Snacks Buzdovan Buzdovan cchellenic Cmre\u00c3\u201e\u00c2\u008dnjak Cmre\u00c3\u201e\u00c2\u008dnjak Coca-Cola Coca-Cola Hrvatska Cockta Cogito Coffee Cogito Coffee \u00c3\u201e\u00c2\u0090akova\u00c3\u201e\u00c2\u008dka Vina \u00c3\u201e\u00c2\u0090akovo vina ekoEna ekoEna Elda Fentimans Feravino Ferrero Franck Gordon's Grad-Export Gray Goose Gray Goose Greenalls Greenalls Gin Greenalls Gin Original British Heineken Hrvatska Jagermeister Jagermeister Jaguni\u00c3\u201e\u00e2\u20ac\u00a1 Vina Jamnica Jamnica Jana Jana Josi\u00c3\u201e\u00e2\u20ac\u00a1 vinarija Kinder Konoplja.shop Kra\u00c3\u2026\u00c2\u00a1 Kutjevo Kutjevo Labud Latus Mljekara Istra Latus Mljekara Istra Lay's Lay's Chips Maraska Merci Storck Mljekara Latus Mljekara Latus Istra Na\u00c3\u2026\u00c2\u00a1 Okus Na\u00c3\u2026\u00c2\u00a1 Okus Nescafe OPG Cari\u00c3\u201e\u00e2\u20ac\u00a1 Papak Ilok Pavlomir Pavlomir Vinska Ku\u00c3\u201e\u00e2\u20ac\u00a1a Pivovara Medvedgrad Pringles \/ Kellogg's Red Bull \u00c3\u2026\u00c2\u00a0ibenska Pivovara \u00c3\u2026\u00c2\u00a0ibenska Pivovara (5) SMID SMID Taman Artisan Chocolates Thomas Henry Tuc Krekeri Valenta Family Wines Vina Grgurevi\u00c3\u201e\u00e2\u20ac\u00a1 Vina Grgurevi\u00c3\u201e\u00e2\u20ac\u00a1 Vinarija Benkovac Vinarija Mik\u00c3\u2026\u00c2\u00a1a Vislander Vina i Rakije Vizba Valandovo Vizba Valandovo Makedonija"},{"@type":"BreadcrumbList","@id":"https:\/\/adria-klik.com\/proizvod\/ginger-lemon-shimmer-mountain-creek-premium-gin-07-l\/#breadcrumb","itemListElement":[{"@type":"ListItem","position":1,"name":"Po\u010detna stranica","item":"https:\/\/adria-klik.com\/en\/"},{"@type":"ListItem","position":2,"name":"Shop","item":"https:\/\/adria-klik.com\/shop\/"},{"@type":"ListItem","position":3,"name":"Ginger &#038; Lemon SHIMMER Mountain Creek Premium Gin 0,7 l Kostelac"}]},{"@type":"WebSite","@id":"https:\/\/adria-klik.com\/#website","url":"https:\/\/adria-klik.com\/","name":"Adria-Klik.com","description":"Unikatni poklon paketi, Vina, Craft pivo &amp; Delicije - webshop","publisher":{"@id":"https:\/\/adria-klik.com\/#organization"},"potentialAction":[{"@type":"SearchAction","target":{"@type":"EntryPoint","urlTemplate":"https:\/\/adria-klik.com\/?s={search_term_string}"},"query-input":{"@type":"PropertyValueSpecification","valueRequired":true,"valueName":"search_term_string"}}],"inLanguage":"en-US"},{"@type":"Organization","@id":"https:\/\/adria-klik.com\/#organization","name":"Adria-Klik.com","alternateName":"AK","url":"https:\/\/adria-klik.com\/","logo":{"@type":"ImageObject","inLanguage":"en-US","@id":"https:\/\/adria-klik.com\/#\/schema\/logo\/image\/","url":"https:\/\/adria-klik.com\/wp-content\/uploads\/2025\/12\/Adria-Klik_com-logo-namirnice-vina-craft-pivo-delikatese-delicije-artisan-cokolada.jpg","contentUrl":"https:\/\/adria-klik.com\/wp-content\/uploads\/2025\/12\/Adria-Klik_com-logo-namirnice-vina-craft-pivo-delikatese-delicije-artisan-cokolada.jpg","width":500,"height":500,"caption":"Adria-Klik.com"},"image":{"@id":"https:\/\/adria-klik.com\/#\/schema\/logo\/image\/"},"sameAs":["https:\/\/www.facebook.com\/profile.php?id=100064209425136","https:\/\/www.instagram.com\/adriaklik\/","https:\/\/www.youtube.com\/user\/PlavacmaliZagreb"]}]}},"jetpack_sharing_enabled":true,"jetpack-related-posts":[],"_links":{"self":[{"href":"https:\/\/adria-klik.com\/en\/wp-json\/wp\/v2\/product\/17360","targetHints":{"allow":["GET"]}}],"collection":[{"href":"https:\/\/adria-klik.com\/en\/wp-json\/wp\/v2\/product"}],"about":[{"href":"https:\/\/adria-klik.com\/en\/wp-json\/wp\/v2\/types\/product"}],"replies":[{"embeddable":true,"href":"https:\/\/adria-klik.com\/en\/wp-json\/wp\/v2\/comments?post=17360"}],"wp:featuredmedia":[{"embeddable":true,"href":"https:\/\/adria-klik.com\/en\/wp-json\/wp\/v2\/media\/17361"}],"wp:attachment":[{"href":"https:\/\/adria-klik.com\/en\/wp-json\/wp\/v2\/media?parent=17360"}],"wp:term":[{"taxonomy":"product_brand","embeddable":true,"href":"https:\/\/adria-klik.com\/en\/wp-json\/wp\/v2\/product_brand?post=17360"},{"taxonomy":"product_cat","embeddable":true,"href":"https:\/\/adria-klik.com\/en\/wp-json\/wp\/v2\/product_cat?post=17360"},{"taxonomy":"product_tag","embeddable":true,"href":"https:\/\/adria-klik.com\/en\/wp-json\/wp\/v2\/product_tag?post=17360"},{"taxonomy":"berocket_brand","embeddable":true,"href":"https:\/\/adria-klik.com\/en\/wp-json\/wp\/v2\/berocket_brand?post=17360"}],"curies":[{"name":"wp","href":"https:\/\/api.w.org\/{rel}","templated":true}]}}