{"id":17410,"date":"2024-08-02T09:22:05","date_gmt":"2024-08-02T07:22:05","guid":{"rendered":"https:\/\/adria-klik.com\/?post_type=product&#038;p=17410"},"modified":"2025-11-25T00:56:05","modified_gmt":"2025-11-24T23:56:05","slug":"sljivovica-royal-luxury-prestige-07-l-kostelac","status":"publish","type":"product","link":"https:\/\/adria-klik.com\/en\/proizvod\/sljivovica-royal-luxury-prestige-07-l-kostelac\/","title":{"rendered":"\u0160ljivovica Royal Luxury PRESTIGE 0,7 l Kostelac"},"content":{"rendered":"<div class=\"cb_FormRow_RightCol_r1b7\">\n<div class=\"et_pb_tab clearfix et_pb_active_content et-pb-active-slide\">\n<div class=\"et_pb_tab_content\">\n<div class=\"et_pb_tab clearfix et_pb_active_content et-pb-active-slide\">\n<div class=\"et_pb_tab_content\">\n<div class=\"et_pb_tab clearfix et_pb_active_content et-pb-active-slide\">\n<div class=\"et_pb_tab_content\">\n<ul>\n<li><strong>RAKIJA \u0160LJIVOVICA Royal Luxury PRESTIGE<\/strong> \u2013 Royal Luxury rakija od \u0161ljiva ili tradicionalno \u0161ljivovica proizvodi se od najzrelijih plodova plave \u0161ljive<\/li>\n<li>Nakon odvajanja ko\u0161tice i poko\u017eice, fermentacija se odvija u kontroliranim uvjetima, a destilaciju obavljamo u tradicionalnim bakrenim kotlovima na drva na na\u010din <strong>kako su to radili i na\u0161i stari.<\/strong><\/li>\n<li>Rakija \u0161ljivovica je bogatog mirisa i karakteristi\u010dnog okusa, a svrstavamo je u red najkvalitetnijih prirodnih rakija. Poslu\u017euje se ledeno ohla\u0111ena u rashla\u0111enim \u010da\u0161ama u Vama najdra\u017eim trenucima ili je darujemo kao originalan poklon.<\/li>\n<\/ul>\n<\/div>\n<\/div>\n<\/div>\n<\/div>\n<p>KOSTELAC: Na\u0161a obiteljska destilerija uspje\u0161no posluje od 2006. godine. Sa svojim proizvodima prisutni smo diljem Lijepe na\u0161e, od velikih trgova\u010dkih centara, specijaliziranih trgovina, suvenirnica, eminentnih ugostiteljskih objekata, duty free shopova u zra\u010dnim lukama itd.<\/p>\n<p>Detaljnom analizom tr\u017ei\u0161ta, odlu\u010dili smo 2017. plasirati novi PREMIUM brand pod nazivom Royal Luxury. Sam naziv branda govori kako se radi o luksuznim proizvodima koji su ne samo vrhunske kvalitete, nego pa\u017enju plijene i svojim ekskluzivnim i luksuznim dizajnom. Kao i svi ostali proizvodi destilerije, i proizvodi branda Royal Luxury proizvode se ru\u010dno, po starinskoj recepturi, bez umjetnih dodataka kao \u0161to su boje, arome, sladila i dr.<\/p>\n<p>Nakon dugogodi\u0161njeg iskustva u proizvodnji rakija i likera, 2020. godine na tr\u017ei\u0161te smo plasirali premium brand craft ginova pod nazivom Mountain Creek Gin. Posebnost na\u0161ih ginova \u010dini proizvodnja od 29 vrsta razli\u010ditog bilja, premium \u017eitnog alkohola, te prirodne izvorske vode sa obronaka prvog hrvatskog geoparka \u2013 Geoparka Papuk.<\/p>\n<p>Prepoznajte i vi kvalitetu na\u0161ih proizvoda, te postanite na\u0161 zadovoljni potro\u0161a\u010d.<\/p>\n<p>U\u017eivaj odgovorno, u\u017eivaj sa stilom!<\/p>\n<p>Vole vas,<\/p>\n<p>Kre\u0161imir Kostelac, mag.ing.agr.\u00a0\u00a0\u00a0\u00a0\u00a0\u00a0\u00a0\u00a0\u00a0\u00a0\u00a0\u00a0\u00a0\u00a0\u00a0\u00a0\u00a0 Kristina Kostelac univ.spec.oec.<\/p>\n<p><strong>\u00a0<\/strong><\/p>\n<\/div>\n<\/div>\n<\/div>\n<p>&nbsp;<\/p>\n","protected":false},"excerpt":{"rendered":"<div class=\"cb_FormRow_RightCol_r1b7\">\n<div class=\"cb_FormRow_RightCol_r1b7\">\n<div class=\"et_pb_tab clearfix et_pb_active_content et-pb-active-slide\">\n<div class=\"et_pb_tab_content\">\n<div class=\"et_pb_tab clearfix et_pb_active_content et-pb-active-slide\">\n<div class=\"et_pb_tab_content\">\n<ul>\n<li><strong>RAKIJA \u0160LJIVOVICA Royal Luxury PRESTIGE<\/strong> \u2013 Royal Luxury rakija od \u0161ljiva ili tradicionalno \u0161ljivovica proizvodi se od najzrelijih plodova plave \u0161ljive<\/li>\n<li>Nakon odvajanja ko\u0161tice i poko\u017eice, fermentacija se odvija u kontroliranim uvjetima, a destilaciju obavljamo u tradicionalnim bakrenim kotlovima na drva na na\u010din <strong>kako su to radili i na\u0161i stari.<\/strong><\/li>\n<li>Rakija \u0161ljivovica je bogatog mirisa i karakteristi\u010dnog okusa, a svrstavamo je u red najkvalitetnijih prirodnih rakija. Poslu\u017euje se ledeno ohla\u0111ena u rashla\u0111enim \u010da\u0161ama u Vama najdra\u017eim trenucima ili je darujemo kao originalan poklon.<\/li>\n<li>Naru\u010di dostavu<\/li>\n<\/ul>\n<\/div>\n<\/div>\n<\/div>\n<\/div>\n<\/div>\n<\/div>\n","protected":false},"featured_media":17411,"comment_status":"open","ping_status":"closed","template":"","meta":{"_acf_changed":false},"product_brand":[],"product_cat":[374,1175,1176,1174,1159,619,436,376,435,1825,560],"product_tag":[2197,2196],"berocket_brand":[1582],"class_list":{"0":"post-17410","1":"product","2":"type-product","3":"status-publish","4":"has-post-thumbnail","6":"product_cat-alkoholna-pica","7":"product_cat-dostava","8":"product_cat-europa","9":"product_cat-hrvatska","10":"product_cat-nasa-preporuka","11":"product_cat-okusi_adriu","12":"product_cat-ostalo","13":"product_cat-premium-proizvodi","14":"product_cat-rakije","15":"product_cat-uncategorized","16":"product_cat-zagreb","17":"product_tag-rakija-sljiva","18":"product_tag-sljivovica-royal-luxury-prestige","19":"berocket_brand-kostelac-rakije","21":"first","22":"instock","23":"shipping-taxable","24":"purchasable","25":"product-type-simple"},"acf":[],"yoast_head":"<!-- This site is optimized with the Yoast SEO plugin v26.9 - https:\/\/yoast.com\/product\/yoast-seo-wordpress\/ -->\n<title>\u0160ljivovica Royal Luxury PRESTIGE 0,7 l Kostelac - Adria-Klik.com<\/title>\n<meta name=\"description\" content=\"\u0160ljivovica Royal Luxury PRESTIGE 0,7 l Kostelac 0,7 l Naru\u010di dostavu Kostelac Premium likera i rakija www.adria-klik.com DPD EU Sigurna dostava\" \/>\n<meta name=\"robots\" content=\"index, follow, max-snippet:-1, max-image-preview:large, max-video-preview:-1\" \/>\n<link rel=\"canonical\" href=\"https:\/\/adria-klik.com\/proizvod\/sljivovica-royal-luxury-prestige-07-l-kostelac\/\" \/>\n<meta property=\"og:locale\" content=\"en_US\" \/>\n<meta property=\"og:type\" content=\"article\" \/>\n<meta property=\"og:title\" content=\"Mountain Creek Lady\u2019s Choice SHIMMER EDITION je premium craft destilirani gin Naru\u010di dostavu Kostelac rakija www.adria-klik.com\" \/>\n<meta property=\"og:description\" content=\"Mountain Creek Lady\u2019s Choice SHIMMER EDITION je premium craft destilirani gin Naru\u010di dostavu Kostelac rakija www.adria-klik.com\" \/>\n<meta property=\"og:url\" content=\"https:\/\/adria-klik.com\/proizvod\/sljivovica-royal-luxury-prestige-07-l-kostelac\/\" \/>\n<meta property=\"og:site_name\" content=\"Adria-Klik.com\" \/>\n<meta property=\"article:publisher\" content=\"https:\/\/www.facebook.com\/profile.php?id=100064209425136\" \/>\n<meta property=\"article:modified_time\" content=\"2025-11-24T23:56:05+00:00\" \/>\n<meta property=\"og:image\" content=\"https:\/\/adria-klik.com\/wp-content\/uploads\/2022\/04\/Mountain-Creek-Lady-s-choice-gin-SHIMMER-07l-Rakije-Kostelac-Adria-Klik-Fast-Delivery-Brza-dostava-webshop-premium-EU-DPD-Glovo-Wolt-Bolt-brza-dostava-rakije-za-zivot-dostava.jpg\" \/>\n\t<meta property=\"og:image:width\" content=\"1500\" \/>\n\t<meta property=\"og:image:height\" content=\"1500\" \/>\n\t<meta property=\"og:image:type\" content=\"image\/jpeg\" \/>\n<meta name=\"twitter:card\" content=\"summary_large_image\" \/>\n<meta name=\"twitter:title\" content=\"Mountain Creek Lady\u2019s Choice SHIMMER EDITION je premium craft destilirani gin Naru\u010di dostavu Kostelac rakija www.adria-klik.com\" \/>\n<meta name=\"twitter:description\" content=\"Mountain Creek Lady\u2019s Choice SHIMMER EDITION je premium craft destilirani gin Naru\u010di dostavu Kostelac rakija www.adria-klik.com\" \/>\n<meta name=\"twitter:image\" content=\"https:\/\/adria-klik.com\/wp-content\/uploads\/2022\/04\/Mountain-Creek-Lady-s-choice-gin-SHIMMER-07l-Rakije-Kostelac-Adria-Klik-Fast-Delivery-Brza-dostava-webshop-premium-EU-DPD-Glovo-Wolt-Bolt-brza-dostava-rakije-za-zivot-dostava.jpg\" \/>\n<meta name=\"twitter:label1\" content=\"Est. reading time\" \/>\n\t<meta name=\"twitter:data1\" content=\"2 minutes\" \/>\n<script type=\"application\/ld+json\" class=\"yoast-schema-graph\">{\"@context\":\"https:\/\/schema.org\",\"@graph\":[{\"@type\":\"WebPage\",\"@id\":\"https:\/\/adria-klik.com\/proizvod\/sljivovica-royal-luxury-prestige-07-l-kostelac\/\",\"url\":\"https:\/\/adria-klik.com\/proizvod\/sljivovica-royal-luxury-prestige-07-l-kostelac\/\",\"name\":\"\u0160ljivovica Royal Luxury PRESTIGE 0,7 l Kostelac - Adria-Klik.com\",\"isPartOf\":{\"@id\":\"https:\/\/adria-klik.com\/#website\"},\"primaryImageOfPage\":{\"@id\":\"https:\/\/adria-klik.com\/proizvod\/sljivovica-royal-luxury-prestige-07-l-kostelac\/#primaryimage\"},\"image\":{\"@id\":\"https:\/\/adria-klik.com\/proizvod\/sljivovica-royal-luxury-prestige-07-l-kostelac\/#primaryimage\"},\"thumbnailUrl\":\"https:\/\/adria-klik.com\/wp-content\/uploads\/2024\/08\/Sljivovica-Royal-Luxury-PRESTIGE-liker-07l-Rakije-Kostelac-Adria-Klik-Fast-Delivery-Brza-dostava-webshop-premium-EU-DPD-Glovo-Wolt-Bolt-FOOD-brza-dostava-naruci-GLS-online.jpg\",\"datePublished\":\"2024-08-02T07:22:05+00:00\",\"dateModified\":\"2025-11-24T23:56:05+00:00\",\"description\":\"\u0160ljivovica Royal Luxury PRESTIGE 0,7 l Kostelac 0,7 l Naru\u010di dostavu Kostelac Premium likera i rakija www.adria-klik.com DPD EU Sigurna dostava\",\"breadcrumb\":{\"@id\":\"https:\/\/adria-klik.com\/proizvod\/sljivovica-royal-luxury-prestige-07-l-kostelac\/#breadcrumb\"},\"inLanguage\":\"en-US\",\"potentialAction\":[{\"@type\":\"ReadAction\",\"target\":[\"https:\/\/adria-klik.com\/proizvod\/sljivovica-royal-luxury-prestige-07-l-kostelac\/\"]}]},{\"@type\":\"ImageObject\",\"inLanguage\":\"en-US\",\"@id\":\"https:\/\/adria-klik.com\/proizvod\/sljivovica-royal-luxury-prestige-07-l-kostelac\/#primaryimage\",\"url\":\"https:\/\/adria-klik.com\/wp-content\/uploads\/2024\/08\/Sljivovica-Royal-Luxury-PRESTIGE-liker-07l-Rakije-Kostelac-Adria-Klik-Fast-Delivery-Brza-dostava-webshop-premium-EU-DPD-Glovo-Wolt-Bolt-FOOD-brza-dostava-naruci-GLS-online.jpg\",\"contentUrl\":\"https:\/\/adria-klik.com\/wp-content\/uploads\/2024\/08\/Sljivovica-Royal-Luxury-PRESTIGE-liker-07l-Rakije-Kostelac-Adria-Klik-Fast-Delivery-Brza-dostava-webshop-premium-EU-DPD-Glovo-Wolt-Bolt-FOOD-brza-dostava-naruci-GLS-online.jpg\",\"width\":1500,\"height\":1500,\"caption\":\"| Adria-Klik Supply webshop trgovina dostava namirnica, vina, craft piva i delicija Superbrza dostava Zagreb Wolt Glovo Bolt-Food i Hrvatska i EU DPD GLS - vinska logistika #kupujmohrvatsko Naru\u00c3\u201e\u00c2\u008di dostavu Adria Klik dostava Namirnica, Vina, Craft piva, Delicija, Organsko, Eko, Bio, ekskluzivan izbor domacih vinara! Unikati pokloni Bontonic Canna Mariniana, CBD CBG Croatia Organic HEMP industrijska konoplja Cannabiotics Cannabiotics CroCanna Devetka Free Spirit Me\u00c3\u201e\u00e2\u20ac\u02dcimurje Greenall's Original Johhnie Walker Karlova\u00c3\u201e\u00c2\u008dko Kostelac rakije LAB Split pivovara Lepi De\u00c3\u201e\u00c2\u008dki Li\u00c3\u201e\u00c2\u008danka Pivovara Nova Runda Nova Runda OPG Marevi\u00c3\u201e\u00e2\u20ac\u00a1 Palihni\u00c3\u201e\u00e2\u20ac\u00a1 Pelje\u00c3\u2026\u00c2\u00a1ki Vrhovi - PZ Janjina Pelje\u00c3\u2026\u00c2\u00a1ki Vrhovi - PZ Janjina Ravalico Saperlot Saperlot Brewery StartCBD Tvornica leda Velebitska Degenija Vislander Vislander Vislander Vislander Volimljuto Zlatarna \u00c3\u2026\u00c2\u00a0iroka 2Storije aDorable aDorable Adria Darovni Poklon Paketi Argeta Argeta Azrri Azrri Bel-Cro Bel-Cro Benediktinke Sv. Marije Zadar Benediktinke Sv. Marije Zadar Benediktinke Zadar Benediktinke Zadar Bobi Snacks Buzdovan Buzdovan cchellenic Cmre\u00c3\u201e\u00c2\u008dnjak Cmre\u00c3\u201e\u00c2\u008dnjak Coca-Cola Coca-Cola Hrvatska Cockta Cogito Coffee Cogito Coffee \u00c3\u201e\u00c2\u0090akova\u00c3\u201e\u00c2\u008dka Vina \u00c3\u201e\u00c2\u0090akovo vina ekoEna ekoEna Elda Fentimans Feravino Ferrero Franck Gordon's Grad-Export Gray Goose Gray Goose Greenalls Greenalls Gin Greenalls Gin Original British Heineken Hrvatska Jagermeister Jagermeister Jaguni\u00c3\u201e\u00e2\u20ac\u00a1 Vina Jamnica Jamnica Jana Jana Josi\u00c3\u201e\u00e2\u20ac\u00a1 vinarija Kinder Konoplja.shop Kra\u00c3\u2026\u00c2\u00a1 Kutjevo Kutjevo Labud Latus Mljekara Istra Latus Mljekara Istra Lay's Lay's Chips Maraska Merci Storck Mljekara Latus Mljekara Latus Istra Na\u00c3\u2026\u00c2\u00a1 Okus Na\u00c3\u2026\u00c2\u00a1 Okus Nescafe OPG Cari\u00c3\u201e\u00e2\u20ac\u00a1 Papak Ilok Pavlomir Pavlomir Vinska Ku\u00c3\u201e\u00e2\u20ac\u00a1a Pivovara Medvedgrad Pringles \/ Kellogg's Red Bull \u00c3\u2026\u00c2\u00a0ibenska Pivovara \u00c3\u2026\u00c2\u00a0ibenska Pivovara (5) SMID SMID Taman Artisan Chocolates Thomas Henry Tuc Krekeri Valenta Family Wines Vina Grgurevi\u00c3\u201e\u00e2\u20ac\u00a1 Vina Grgurevi\u00c3\u201e\u00e2\u20ac\u00a1 Vinarija Benkovac Vinarija Mik\u00c3\u2026\u00c2\u00a1a Vislander Vina i Rakije Vizba Valandovo Vizba Valandovo Makedonija\"},{\"@type\":\"BreadcrumbList\",\"@id\":\"https:\/\/adria-klik.com\/proizvod\/sljivovica-royal-luxury-prestige-07-l-kostelac\/#breadcrumb\",\"itemListElement\":[{\"@type\":\"ListItem\",\"position\":1,\"name\":\"Po\u010detna stranica\",\"item\":\"https:\/\/adria-klik.com\/en\/\"},{\"@type\":\"ListItem\",\"position\":2,\"name\":\"Shop\",\"item\":\"https:\/\/adria-klik.com\/shop\/\"},{\"@type\":\"ListItem\",\"position\":3,\"name\":\"\u0160ljivovica Royal Luxury PRESTIGE 0,7 l Kostelac\"}]},{\"@type\":\"WebSite\",\"@id\":\"https:\/\/adria-klik.com\/#website\",\"url\":\"https:\/\/adria-klik.com\/\",\"name\":\"Adria-Klik.com\",\"description\":\"Unikatni poklon paketi, Vina, Craft pivo &amp; Delicije - webshop\",\"publisher\":{\"@id\":\"https:\/\/adria-klik.com\/#organization\"},\"potentialAction\":[{\"@type\":\"SearchAction\",\"target\":{\"@type\":\"EntryPoint\",\"urlTemplate\":\"https:\/\/adria-klik.com\/?s={search_term_string}\"},\"query-input\":{\"@type\":\"PropertyValueSpecification\",\"valueRequired\":true,\"valueName\":\"search_term_string\"}}],\"inLanguage\":\"en-US\"},{\"@type\":\"Organization\",\"@id\":\"https:\/\/adria-klik.com\/#organization\",\"name\":\"Adria-Klik.com\",\"alternateName\":\"AK\",\"url\":\"https:\/\/adria-klik.com\/\",\"logo\":{\"@type\":\"ImageObject\",\"inLanguage\":\"en-US\",\"@id\":\"https:\/\/adria-klik.com\/#\/schema\/logo\/image\/\",\"url\":\"https:\/\/adria-klik.com\/wp-content\/uploads\/2025\/12\/Adria-Klik_com-logo-namirnice-vina-craft-pivo-delikatese-delicije-artisan-cokolada.jpg\",\"contentUrl\":\"https:\/\/adria-klik.com\/wp-content\/uploads\/2025\/12\/Adria-Klik_com-logo-namirnice-vina-craft-pivo-delikatese-delicije-artisan-cokolada.jpg\",\"width\":500,\"height\":500,\"caption\":\"Adria-Klik.com\"},\"image\":{\"@id\":\"https:\/\/adria-klik.com\/#\/schema\/logo\/image\/\"},\"sameAs\":[\"https:\/\/www.facebook.com\/profile.php?id=100064209425136\",\"https:\/\/www.instagram.com\/adriaklik\/\",\"https:\/\/www.youtube.com\/user\/PlavacmaliZagreb\"]}]}<\/script>\n<!-- \/ Yoast SEO plugin. -->","yoast_head_json":{"title":"\u0160ljivovica Royal Luxury PRESTIGE 0,7 l Kostelac - Adria-Klik.com","description":"\u0160ljivovica Royal Luxury PRESTIGE 0,7 l Kostelac 0,7 l Naru\u010di dostavu Kostelac Premium likera i rakija www.adria-klik.com DPD EU Sigurna dostava","robots":{"index":"index","follow":"follow","max-snippet":"max-snippet:-1","max-image-preview":"max-image-preview:large","max-video-preview":"max-video-preview:-1"},"canonical":"https:\/\/adria-klik.com\/proizvod\/sljivovica-royal-luxury-prestige-07-l-kostelac\/","og_locale":"en_US","og_type":"article","og_title":"Mountain Creek Lady\u2019s Choice SHIMMER EDITION je premium craft destilirani gin Naru\u010di dostavu Kostelac rakija www.adria-klik.com","og_description":"Mountain Creek Lady\u2019s Choice SHIMMER EDITION je premium craft destilirani gin Naru\u010di dostavu Kostelac rakija www.adria-klik.com","og_url":"https:\/\/adria-klik.com\/proizvod\/sljivovica-royal-luxury-prestige-07-l-kostelac\/","og_site_name":"Adria-Klik.com","article_publisher":"https:\/\/www.facebook.com\/profile.php?id=100064209425136","article_modified_time":"2025-11-24T23:56:05+00:00","og_image":[{"width":1500,"height":1500,"url":"https:\/\/adria-klik.com\/wp-content\/uploads\/2022\/04\/Mountain-Creek-Lady-s-choice-gin-SHIMMER-07l-Rakije-Kostelac-Adria-Klik-Fast-Delivery-Brza-dostava-webshop-premium-EU-DPD-Glovo-Wolt-Bolt-brza-dostava-rakije-za-zivot-dostava.jpg","type":"image\/jpeg"}],"twitter_card":"summary_large_image","twitter_title":"Mountain Creek Lady\u2019s Choice SHIMMER EDITION je premium craft destilirani gin Naru\u010di dostavu Kostelac rakija www.adria-klik.com","twitter_description":"Mountain Creek Lady\u2019s Choice SHIMMER EDITION je premium craft destilirani gin Naru\u010di dostavu Kostelac rakija www.adria-klik.com","twitter_image":"https:\/\/adria-klik.com\/wp-content\/uploads\/2022\/04\/Mountain-Creek-Lady-s-choice-gin-SHIMMER-07l-Rakije-Kostelac-Adria-Klik-Fast-Delivery-Brza-dostava-webshop-premium-EU-DPD-Glovo-Wolt-Bolt-brza-dostava-rakije-za-zivot-dostava.jpg","twitter_misc":{"Est. reading time":"2 minutes"},"schema":{"@context":"https:\/\/schema.org","@graph":[{"@type":"WebPage","@id":"https:\/\/adria-klik.com\/proizvod\/sljivovica-royal-luxury-prestige-07-l-kostelac\/","url":"https:\/\/adria-klik.com\/proizvod\/sljivovica-royal-luxury-prestige-07-l-kostelac\/","name":"\u0160ljivovica Royal Luxury PRESTIGE 0,7 l Kostelac - Adria-Klik.com","isPartOf":{"@id":"https:\/\/adria-klik.com\/#website"},"primaryImageOfPage":{"@id":"https:\/\/adria-klik.com\/proizvod\/sljivovica-royal-luxury-prestige-07-l-kostelac\/#primaryimage"},"image":{"@id":"https:\/\/adria-klik.com\/proizvod\/sljivovica-royal-luxury-prestige-07-l-kostelac\/#primaryimage"},"thumbnailUrl":"https:\/\/adria-klik.com\/wp-content\/uploads\/2024\/08\/Sljivovica-Royal-Luxury-PRESTIGE-liker-07l-Rakije-Kostelac-Adria-Klik-Fast-Delivery-Brza-dostava-webshop-premium-EU-DPD-Glovo-Wolt-Bolt-FOOD-brza-dostava-naruci-GLS-online.jpg","datePublished":"2024-08-02T07:22:05+00:00","dateModified":"2025-11-24T23:56:05+00:00","description":"\u0160ljivovica Royal Luxury PRESTIGE 0,7 l Kostelac 0,7 l Naru\u010di dostavu Kostelac Premium likera i rakija www.adria-klik.com DPD EU Sigurna dostava","breadcrumb":{"@id":"https:\/\/adria-klik.com\/proizvod\/sljivovica-royal-luxury-prestige-07-l-kostelac\/#breadcrumb"},"inLanguage":"en-US","potentialAction":[{"@type":"ReadAction","target":["https:\/\/adria-klik.com\/proizvod\/sljivovica-royal-luxury-prestige-07-l-kostelac\/"]}]},{"@type":"ImageObject","inLanguage":"en-US","@id":"https:\/\/adria-klik.com\/proizvod\/sljivovica-royal-luxury-prestige-07-l-kostelac\/#primaryimage","url":"https:\/\/adria-klik.com\/wp-content\/uploads\/2024\/08\/Sljivovica-Royal-Luxury-PRESTIGE-liker-07l-Rakije-Kostelac-Adria-Klik-Fast-Delivery-Brza-dostava-webshop-premium-EU-DPD-Glovo-Wolt-Bolt-FOOD-brza-dostava-naruci-GLS-online.jpg","contentUrl":"https:\/\/adria-klik.com\/wp-content\/uploads\/2024\/08\/Sljivovica-Royal-Luxury-PRESTIGE-liker-07l-Rakije-Kostelac-Adria-Klik-Fast-Delivery-Brza-dostava-webshop-premium-EU-DPD-Glovo-Wolt-Bolt-FOOD-brza-dostava-naruci-GLS-online.jpg","width":1500,"height":1500,"caption":"| Adria-Klik Supply webshop trgovina dostava namirnica, vina, craft piva i delicija Superbrza dostava Zagreb Wolt Glovo Bolt-Food i Hrvatska i EU DPD GLS - vinska logistika #kupujmohrvatsko Naru\u00c3\u201e\u00c2\u008di dostavu Adria Klik dostava Namirnica, Vina, Craft piva, Delicija, Organsko, Eko, Bio, ekskluzivan izbor domacih vinara! Unikati pokloni Bontonic Canna Mariniana, CBD CBG Croatia Organic HEMP industrijska konoplja Cannabiotics Cannabiotics CroCanna Devetka Free Spirit Me\u00c3\u201e\u00e2\u20ac\u02dcimurje Greenall's Original Johhnie Walker Karlova\u00c3\u201e\u00c2\u008dko Kostelac rakije LAB Split pivovara Lepi De\u00c3\u201e\u00c2\u008dki Li\u00c3\u201e\u00c2\u008danka Pivovara Nova Runda Nova Runda OPG Marevi\u00c3\u201e\u00e2\u20ac\u00a1 Palihni\u00c3\u201e\u00e2\u20ac\u00a1 Pelje\u00c3\u2026\u00c2\u00a1ki Vrhovi - PZ Janjina Pelje\u00c3\u2026\u00c2\u00a1ki Vrhovi - PZ Janjina Ravalico Saperlot Saperlot Brewery StartCBD Tvornica leda Velebitska Degenija Vislander Vislander Vislander Vislander Volimljuto Zlatarna \u00c3\u2026\u00c2\u00a0iroka 2Storije aDorable aDorable Adria Darovni Poklon Paketi Argeta Argeta Azrri Azrri Bel-Cro Bel-Cro Benediktinke Sv. Marije Zadar Benediktinke Sv. Marije Zadar Benediktinke Zadar Benediktinke Zadar Bobi Snacks Buzdovan Buzdovan cchellenic Cmre\u00c3\u201e\u00c2\u008dnjak Cmre\u00c3\u201e\u00c2\u008dnjak Coca-Cola Coca-Cola Hrvatska Cockta Cogito Coffee Cogito Coffee \u00c3\u201e\u00c2\u0090akova\u00c3\u201e\u00c2\u008dka Vina \u00c3\u201e\u00c2\u0090akovo vina ekoEna ekoEna Elda Fentimans Feravino Ferrero Franck Gordon's Grad-Export Gray Goose Gray Goose Greenalls Greenalls Gin Greenalls Gin Original British Heineken Hrvatska Jagermeister Jagermeister Jaguni\u00c3\u201e\u00e2\u20ac\u00a1 Vina Jamnica Jamnica Jana Jana Josi\u00c3\u201e\u00e2\u20ac\u00a1 vinarija Kinder Konoplja.shop Kra\u00c3\u2026\u00c2\u00a1 Kutjevo Kutjevo Labud Latus Mljekara Istra Latus Mljekara Istra Lay's Lay's Chips Maraska Merci Storck Mljekara Latus Mljekara Latus Istra Na\u00c3\u2026\u00c2\u00a1 Okus Na\u00c3\u2026\u00c2\u00a1 Okus Nescafe OPG Cari\u00c3\u201e\u00e2\u20ac\u00a1 Papak Ilok Pavlomir Pavlomir Vinska Ku\u00c3\u201e\u00e2\u20ac\u00a1a Pivovara Medvedgrad Pringles \/ Kellogg's Red Bull \u00c3\u2026\u00c2\u00a0ibenska Pivovara \u00c3\u2026\u00c2\u00a0ibenska Pivovara (5) SMID SMID Taman Artisan Chocolates Thomas Henry Tuc Krekeri Valenta Family Wines Vina Grgurevi\u00c3\u201e\u00e2\u20ac\u00a1 Vina Grgurevi\u00c3\u201e\u00e2\u20ac\u00a1 Vinarija Benkovac Vinarija Mik\u00c3\u2026\u00c2\u00a1a Vislander Vina i Rakije Vizba Valandovo Vizba Valandovo Makedonija"},{"@type":"BreadcrumbList","@id":"https:\/\/adria-klik.com\/proizvod\/sljivovica-royal-luxury-prestige-07-l-kostelac\/#breadcrumb","itemListElement":[{"@type":"ListItem","position":1,"name":"Po\u010detna stranica","item":"https:\/\/adria-klik.com\/en\/"},{"@type":"ListItem","position":2,"name":"Shop","item":"https:\/\/adria-klik.com\/shop\/"},{"@type":"ListItem","position":3,"name":"\u0160ljivovica Royal Luxury PRESTIGE 0,7 l Kostelac"}]},{"@type":"WebSite","@id":"https:\/\/adria-klik.com\/#website","url":"https:\/\/adria-klik.com\/","name":"Adria-Klik.com","description":"Unikatni poklon paketi, Vina, Craft pivo &amp; Delicije - webshop","publisher":{"@id":"https:\/\/adria-klik.com\/#organization"},"potentialAction":[{"@type":"SearchAction","target":{"@type":"EntryPoint","urlTemplate":"https:\/\/adria-klik.com\/?s={search_term_string}"},"query-input":{"@type":"PropertyValueSpecification","valueRequired":true,"valueName":"search_term_string"}}],"inLanguage":"en-US"},{"@type":"Organization","@id":"https:\/\/adria-klik.com\/#organization","name":"Adria-Klik.com","alternateName":"AK","url":"https:\/\/adria-klik.com\/","logo":{"@type":"ImageObject","inLanguage":"en-US","@id":"https:\/\/adria-klik.com\/#\/schema\/logo\/image\/","url":"https:\/\/adria-klik.com\/wp-content\/uploads\/2025\/12\/Adria-Klik_com-logo-namirnice-vina-craft-pivo-delikatese-delicije-artisan-cokolada.jpg","contentUrl":"https:\/\/adria-klik.com\/wp-content\/uploads\/2025\/12\/Adria-Klik_com-logo-namirnice-vina-craft-pivo-delikatese-delicije-artisan-cokolada.jpg","width":500,"height":500,"caption":"Adria-Klik.com"},"image":{"@id":"https:\/\/adria-klik.com\/#\/schema\/logo\/image\/"},"sameAs":["https:\/\/www.facebook.com\/profile.php?id=100064209425136","https:\/\/www.instagram.com\/adriaklik\/","https:\/\/www.youtube.com\/user\/PlavacmaliZagreb"]}]}},"jetpack_sharing_enabled":true,"jetpack-related-posts":[],"_links":{"self":[{"href":"https:\/\/adria-klik.com\/en\/wp-json\/wp\/v2\/product\/17410","targetHints":{"allow":["GET"]}}],"collection":[{"href":"https:\/\/adria-klik.com\/en\/wp-json\/wp\/v2\/product"}],"about":[{"href":"https:\/\/adria-klik.com\/en\/wp-json\/wp\/v2\/types\/product"}],"replies":[{"embeddable":true,"href":"https:\/\/adria-klik.com\/en\/wp-json\/wp\/v2\/comments?post=17410"}],"wp:featuredmedia":[{"embeddable":true,"href":"https:\/\/adria-klik.com\/en\/wp-json\/wp\/v2\/media\/17411"}],"wp:attachment":[{"href":"https:\/\/adria-klik.com\/en\/wp-json\/wp\/v2\/media?parent=17410"}],"wp:term":[{"taxonomy":"product_brand","embeddable":true,"href":"https:\/\/adria-klik.com\/en\/wp-json\/wp\/v2\/product_brand?post=17410"},{"taxonomy":"product_cat","embeddable":true,"href":"https:\/\/adria-klik.com\/en\/wp-json\/wp\/v2\/product_cat?post=17410"},{"taxonomy":"product_tag","embeddable":true,"href":"https:\/\/adria-klik.com\/en\/wp-json\/wp\/v2\/product_tag?post=17410"},{"taxonomy":"berocket_brand","embeddable":true,"href":"https:\/\/adria-klik.com\/en\/wp-json\/wp\/v2\/berocket_brand?post=17410"}],"curies":[{"name":"wp","href":"https:\/\/api.w.org\/{rel}","templated":true}]}}